{"id":6848,"date":"2024-04-26T15:41:34","date_gmt":"2024-04-26T15:41:34","guid":{"rendered":"https:\/\/distribucionarc.com\/?post_type=product&#038;p=6848"},"modified":"2024-08-09T23:22:02","modified_gmt":"2024-08-09T23:22:02","slug":"jednosuwowy-prasa-probiotyczna","status":"publish","type":"product","link":"https:\/\/distribucionarc.com\/pl\/producto\/prensadora-de-un-solo-golpe-de-probioticos\/","title":{"rendered":"PRASA DO PROBIOTYK\u00d3W ONE PUNCH"},"content":{"rendered":"<p>Przedstawiamy P<strong>Tabletki TDP Single Hit<\/strong>, dost\u0119pne w r\u00f3\u017cnych modelach, w tym<strong> TDP-1, TDP-1,5, TDP-2, TDP-5 i TDP-6<\/strong>, z opcjami <strong>manualne, p\u00f3\u0142automatyczne i automatyczne.<\/strong> Ta wszechstronna maszyna jest niezb\u0119dna w <strong>Produkcja farmaceutycznych tabletek probiotycznych<\/strong> z suchych proszk\u00f3w i granulek. Prasa TDP pozwala na produkcj\u0119 tabletek o \u015brednicy do 25 mm i gwarantuje wyj\u0105tkow\u0105 dok\u0142adno\u015b\u0107 i wydajno\u015b\u0107 przy ka\u017cdym skoku. Jego konstrukcja elektryczna w wersji p\u00f3\u0142automatycznej i automatycznej zapewnia p\u0142ynn\u0105 i niezawodn\u0105 prac\u0119, natomiast wersja r\u0119czna daje u\u017cytkownikowi pe\u0142n\u0105 kontrol\u0119. Ponadto prasa TDP posiada wymienn\u0105 form\u0119, co u\u0142atwia dostosowanie jej do r\u00f3\u017cnych kszta\u0142t\u00f3w i rozmiar\u00f3w tabletek, zgodnie z potrzebami u\u017cytkownika. Dzi\u0119ki temu jest to niezwykle wszechstronne narz\u0119dzie, kt\u00f3re mo\u017ce sprosta\u0107 szerokiemu zakresowi wymaga\u0144 produkcyjnych. Odkryj doskona\u0142o\u015b\u0107 w<strong> produkcja farmaceutycznych tabletek probiotycznych<\/strong> z <strong>Prasa tabletkarska TDP<\/strong>, niezb\u0119dna inwestycja dla laboratori\u00f3w i firm farmaceutycznych poszukuj\u0105cych jako\u015bci, precyzji i wszechstronno\u015bci w swoim procesie produkcyjnym.<\/p>\n<p>&nbsp;<\/p>\n<table>\n<tbody>\n<tr>\n<td width=\"81\">Model<\/td>\n<td width=\"81\">TARDP-0<\/td>\n<td width=\"81\">TARDP-1<\/td>\n<td width=\"81\">TARDP-1.5<\/td>\n<td width=\"81\">TARDP-2 (kontrola cz\u0119stotliwo\u015bci)<\/td>\n<td width=\"81\">TARDP-5<\/td>\n<td width=\"81\">TARDP-6<\/td>\n<\/tr>\n<tr>\n<td width=\"81\">Gra<\/td>\n<td width=\"81\">1<\/td>\n<td width=\"81\">1<\/td>\n<td width=\"81\">1<\/td>\n<td width=\"81\">1<\/td>\n<td width=\"81\">1<\/td>\n<td width=\"81\">1<\/td>\n<\/tr>\n<tr>\n<td width=\"81\">Maksymalne ci\u015bnienie (mn\u00f3stwo)<\/td>\n<td width=\"81\">15<\/td>\n<td width=\"81\">15<\/td>\n<td width=\"81\">15<\/td>\n<td width=\"81\">15<\/td>\n<td width=\"81\">50<\/td>\n<td width=\"81\">60<\/td>\n<\/tr>\n<tr>\n<td width=\"81\">\u015arednica tabletki (milimetry)<\/td>\n<td width=\"81\">12<\/td>\n<td width=\"81\">12<\/td>\n<td width=\"81\">3-12<\/td>\n<td width=\"81\">12<\/td>\n<td width=\"81\">5-18<\/td>\n<td width=\"81\">25<\/td>\n<\/tr>\n<tr>\n<td width=\"81\">Maksymalna g\u0142\u0119boko\u015b\u0107 Wype\u0142nienie (milimetr)<\/td>\n<td width=\"81\">12<\/td>\n<td width=\"81\">12<\/td>\n<td width=\"81\">0-12<\/td>\n<td width=\"81\">12<\/td>\n<td width=\"81\">18<\/td>\n<td width=\"81\">16<\/td>\n<\/tr>\n<tr>\n<td width=\"81\">Maksymalna grubo\u015b\u0107 tabletki (milimetry)<\/td>\n<td width=\"81\">6<\/td>\n<td width=\"81\">6<\/td>\n<td width=\"81\">0-6<\/td>\n<td width=\"81\">6<\/td>\n<td width=\"81\">7<\/td>\n<td width=\"81\">6<\/td>\n<\/tr>\n<tr>\n<td width=\"81\">Zdolno\u015b\u0107 produkcyjna (szt.\/h)<\/td>\n<td width=\"81\">2000<\/td>\n<td width=\"81\">4000<\/td>\n<td width=\"81\">6000<\/td>\n<td width=\"81\">4000<\/td>\n<td width=\"81\">4000<\/td>\n<td width=\"81\">3500<\/td>\n<\/tr>\n<tr>\n<td width=\"81\">Moc silnika (kw)<\/td>\n<td width=\"81\">\u00a0\u00a0\u00a0\u00a0\u00a0\u00a0\u00a0\u00a0 \/<\/td>\n<td width=\"81\">0.75<\/td>\n<td width=\"81\">0.37<\/td>\n<td width=\"81\">0.75<\/td>\n<td width=\"81\">0.75<\/td>\n<td width=\"81\">Jednofazowy 1,5<\/p>\n<p>Tr\u00f3jfazowy 0,75<\/td>\n<\/tr>\n<tr>\n<td width=\"81\">Rozmiar ca\u0142kowity (mm)<\/td>\n<td width=\"81\">350*<\/p>\n<p>220*<\/p>\n<p>520*<\/td>\n<td width=\"81\">480*<\/p>\n<p>420*<\/p>\n<p>650*<\/td>\n<td width=\"81\">650*<\/p>\n<p>330*<\/p>\n<p>620*<\/td>\n<td width=\"81\">480*<\/p>\n<p>430*<\/p>\n<p>650*<\/td>\n<td width=\"81\">700*<\/p>\n<p>340*<\/p>\n<p>600*<\/td>\n<td width=\"81\">780*<\/p>\n<p>450*<\/p>\n<p>690*<\/td>\n<\/tr>\n<tr>\n<td width=\"81\">Masa netto (kg)<\/td>\n<td width=\"81\">21<\/td>\n<td width=\"81\">40<\/td>\n<td width=\"81\">45<\/td>\n<td width=\"81\">45<\/td>\n<td width=\"81\">110<\/td>\n<td width=\"81\">150<\/td>\n<\/tr>\n<\/tbody>\n<\/table>","protected":false},"excerpt":{"rendered":"<p>Przedstawiamy tabletkark\u0119 jednopunktow\u0105 TDP dost\u0119pn\u0105 w r\u00f3\u017cnych modelach, w tym TDP-1, TDP-1.5,<\/p>","protected":false},"featured_media":6856,"comment_status":"open","ping_status":"closed","template":"","meta":{"wds_primary_product_brand":0,"wds_primary_product_cat":0},"product_brand":[],"product_cat":[84],"product_tag":[],"class_list":{"0":"post-6848","1":"product","2":"type-product","3":"status-publish","4":"has-post-thumbnail","6":"product_cat-maquinas-para-hacer-pastillas","8":"first","9":"instock","10":"taxable","11":"shipping-taxable","12":"purchasable","13":"product-type-simple"},"yoast_head":"<!-- This site is optimized with the Yoast SEO Premium plugin v24.9 (Yoast SEO v26.1) - https:\/\/yoast.com\/wordpress\/plugins\/seo\/ -->\n<title>PRENSADORA DE UN SOLO GOLPE DE PROBIOTICOS - distribuci\u00f3n ARC<\/title>\n<meta name=\"robots\" content=\"index, follow, max-snippet:-1, max-image-preview:large, max-video-preview:-1\" \/>\n<link rel=\"canonical\" href=\"https:\/\/www.distribucionarc.com\/hr\/producto\/prensadora-de-un-solo-golpe-de-probioticos\/\" \/>\n<meta property=\"og:locale\" content=\"pl_PL\" \/>\n<meta property=\"og:type\" content=\"article\" \/>\n<meta property=\"og:title\" content=\"PRENSADORA DE UN SOLO GOLPE DE PROBIOTICOS\" \/>\n<meta property=\"og:description\" content=\"Presentamos la Prensa de Tabletas de un Solo Golpe TDP, disponible en una variedad de modelos que incluyen TDP-1, TDP-1.5,\" \/>\n<meta property=\"og:url\" content=\"https:\/\/www.distribucionarc.com\/hr\/producto\/prensadora-de-un-solo-golpe-de-probioticos\/\" \/>\n<meta property=\"og:site_name\" content=\"distribuci\u00f3n ARC\" \/>\n<meta property=\"article:modified_time\" content=\"2024-08-09T23:22:02+00:00\" \/>\n<meta property=\"og:image\" content=\"https:\/\/www.distribucionarc.com\/wp-content\/uploads\/2024\/04\/PRENSADORA-DE-UN-SOLO-GOLPE-DE-PROBIOTICOS-1.jpg\" \/>\n\t<meta property=\"og:image:width\" content=\"2016\" \/>\n\t<meta property=\"og:image:height\" content=\"328\" \/>\n\t<meta property=\"og:image:type\" content=\"image\/jpeg\" \/>\n<meta name=\"twitter:card\" content=\"summary_large_image\" \/>\n<meta name=\"twitter:label1\" content=\"Szacowany czas czytania\" \/>\n\t<meta name=\"twitter:data1\" content=\"1 minuta\" \/>\n<script type=\"application\/ld+json\" class=\"yoast-schema-graph\">{\"@context\":\"https:\/\/schema.org\",\"@graph\":[{\"@type\":\"WebPage\",\"@id\":\"https:\/\/www.distribucionarc.com\/hr\/producto\/prensadora-de-un-solo-golpe-de-probioticos\/\",\"url\":\"https:\/\/www.distribucionarc.com\/hr\/producto\/prensadora-de-un-solo-golpe-de-probioticos\/\",\"name\":\"PRENSADORA DE UN SOLO GOLPE DE PROBIOTICOS - distribuci\u00f3n ARC\",\"isPartOf\":{\"@id\":\"https:\/\/www.distribucionarc.com\/tr\/#website\"},\"primaryImageOfPage\":{\"@id\":\"https:\/\/www.distribucionarc.com\/hr\/producto\/prensadora-de-un-solo-golpe-de-probioticos\/#primaryimage\"},\"image\":{\"@id\":\"https:\/\/www.distribucionarc.com\/hr\/producto\/prensadora-de-un-solo-golpe-de-probioticos\/#primaryimage\"},\"thumbnailUrl\":\"https:\/\/distribucionarc.com\/wp-content\/uploads\/2024\/04\/PRENSADORA-DE-UN-SOLO-GOLPE-DE-PROBIOTICOS-1.jpg\",\"datePublished\":\"2024-04-26T15:41:34+00:00\",\"dateModified\":\"2024-08-09T23:22:02+00:00\",\"breadcrumb\":{\"@id\":\"https:\/\/www.distribucionarc.com\/hr\/producto\/prensadora-de-un-solo-golpe-de-probioticos\/#breadcrumb\"},\"inLanguage\":\"pl-PL\",\"potentialAction\":[{\"@type\":\"ReadAction\",\"target\":[\"https:\/\/www.distribucionarc.com\/hr\/producto\/prensadora-de-un-solo-golpe-de-probioticos\/\"]}]},{\"@type\":\"ImageObject\",\"inLanguage\":\"pl-PL\",\"@id\":\"https:\/\/www.distribucionarc.com\/hr\/producto\/prensadora-de-un-solo-golpe-de-probioticos\/#primaryimage\",\"url\":\"https:\/\/distribucionarc.com\/wp-content\/uploads\/2024\/04\/PRENSADORA-DE-UN-SOLO-GOLPE-DE-PROBIOTICOS-1.jpg\",\"contentUrl\":\"https:\/\/distribucionarc.com\/wp-content\/uploads\/2024\/04\/PRENSADORA-DE-UN-SOLO-GOLPE-DE-PROBIOTICOS-1.jpg\",\"width\":2016,\"height\":328,\"caption\":\"#image_title\"},{\"@type\":\"BreadcrumbList\",\"@id\":\"https:\/\/www.distribucionarc.com\/hr\/producto\/prensadora-de-un-solo-golpe-de-probioticos\/#breadcrumb\",\"itemListElement\":[{\"@type\":\"ListItem\",\"position\":1,\"name\":\"Portada\",\"item\":\"https:\/\/www.distribucionarc.com\/tr\/\"},{\"@type\":\"ListItem\",\"position\":2,\"name\":\"Produktai\",\"item\":\"https:\/\/distribucionarc.com\/lt\/parduotuve\/\"},{\"@type\":\"ListItem\",\"position\":3,\"name\":\"PRENSADORA DE UN SOLO GOLPE DE PROBIOTICOS\"}]},{\"@type\":\"WebSite\",\"@id\":\"https:\/\/www.distribucionarc.com\/tr\/#website\",\"url\":\"https:\/\/www.distribucionarc.com\/tr\/\",\"name\":\"distribuci\u00f3n ARC\",\"description\":\"Empresa especializada en la fabricaci\u00f3n y distribuci\u00f3n de maquinaria industrial, selladoras de latas, Maquinas de hacer pastillas, Maquinas de cortar carne...\",\"publisher\":{\"@id\":\"https:\/\/www.distribucionarc.com\/tr\/#organization\"},\"potentialAction\":[{\"@type\":\"SearchAction\",\"target\":{\"@type\":\"EntryPoint\",\"urlTemplate\":\"https:\/\/www.distribucionarc.com\/tr\/?s={search_term_string}\"},\"query-input\":{\"@type\":\"PropertyValueSpecification\",\"valueRequired\":true,\"valueName\":\"search_term_string\"}}],\"inLanguage\":\"pl-PL\"},{\"@type\":\"Organization\",\"@id\":\"https:\/\/www.distribucionarc.com\/tr\/#organization\",\"name\":\"Distribuci\u00f3n ARC\",\"url\":\"https:\/\/www.distribucionarc.com\/tr\/\",\"logo\":{\"@type\":\"ImageObject\",\"inLanguage\":\"pl-PL\",\"@id\":\"https:\/\/www.distribucionarc.com\/tr\/#\/schema\/logo\/image\/\",\"url\":\"https:\/\/distribucionarc.com\/wp-content\/uploads\/2024\/10\/distribucion-ARC-COLOR-SIN-FONDO-e1732295305345.png\",\"contentUrl\":\"https:\/\/distribucionarc.com\/wp-content\/uploads\/2024\/10\/distribucion-ARC-COLOR-SIN-FONDO-e1732295305345.png\",\"width\":1164,\"height\":558,\"caption\":\"Distribuci\u00f3n ARC\"},\"image\":{\"@id\":\"https:\/\/www.distribucionarc.com\/tr\/#\/schema\/logo\/image\/\"},\"description\":\"Empresa especializada en la fabricaci\u00f3n y distribuci\u00f3n de maquinaria industrial para los sectores alimentario y farmac\u00e9utico. Nos especializamos en: M\u00e1quinas de cortar carne Fabricaci\u00f3n de comprimidos Sistemas de transporte industrial L\u00edneas de embotellado Dosificadores Y mucho m\u00e1s... Ofrecemos soluciones innovadoras y personalizadas para optimizar los procesos productivos de tu empresa.\",\"email\":\"Admistracion@distribucionarc.com\",\"telephone\":\"+34 643496664\",\"legalName\":\"ARC TECH SOLUTIONS\",\"foundingDate\":\"2024-04-09\",\"vatID\":\"B55480172\",\"numberOfEmployees\":{\"@type\":\"QuantitativeValue\",\"minValue\":\"1\",\"maxValue\":\"10\"}}]}<\/script>\n<!-- \/ Yoast SEO Premium plugin. -->","yoast_head_json":{"title":"PROBIOTYKI JEDNORAZOWE PRESSER - dystrybucja ARC","robots":{"index":"index","follow":"follow","max-snippet":"max-snippet:-1","max-image-preview":"max-image-preview:large","max-video-preview":"max-video-preview:-1"},"canonical":"https:\/\/www.distribucionarc.com\/hr\/producto\/prensadora-de-un-solo-golpe-de-probioticos\/","og_locale":"pl_PL","og_type":"article","og_title":"PRENSADORA DE UN SOLO GOLPE DE PROBIOTICOS","og_description":"Presentamos la Prensa de Tabletas de un Solo Golpe TDP, disponible en una variedad de modelos que incluyen TDP-1, TDP-1.5,","og_url":"https:\/\/www.distribucionarc.com\/hr\/producto\/prensadora-de-un-solo-golpe-de-probioticos\/","og_site_name":"distribuci\u00f3n ARC","article_modified_time":"2024-08-09T23:22:02+00:00","og_image":[{"width":2016,"height":328,"url":"https:\/\/www.distribucionarc.com\/wp-content\/uploads\/2024\/04\/PRENSADORA-DE-UN-SOLO-GOLPE-DE-PROBIOTICOS-1.jpg","type":"image\/jpeg"}],"twitter_card":"summary_large_image","twitter_misc":{"Szacowany czas czytania":"1 minuta"},"schema":{"@context":"https:\/\/schema.org","@graph":[{"@type":"WebPage","@id":"https:\/\/www.distribucionarc.com\/hr\/producto\/prensadora-de-un-solo-golpe-de-probioticos\/","url":"https:\/\/www.distribucionarc.com\/hr\/producto\/prensadora-de-un-solo-golpe-de-probioticos\/","name":"PROBIOTYKI JEDNORAZOWE PRESSER - dystrybucja ARC","isPartOf":{"@id":"https:\/\/www.distribucionarc.com\/tr\/#website"},"primaryImageOfPage":{"@id":"https:\/\/www.distribucionarc.com\/hr\/producto\/prensadora-de-un-solo-golpe-de-probioticos\/#primaryimage"},"image":{"@id":"https:\/\/www.distribucionarc.com\/hr\/producto\/prensadora-de-un-solo-golpe-de-probioticos\/#primaryimage"},"thumbnailUrl":"https:\/\/distribucionarc.com\/wp-content\/uploads\/2024\/04\/PRENSADORA-DE-UN-SOLO-GOLPE-DE-PROBIOTICOS-1.jpg","datePublished":"2024-04-26T15:41:34+00:00","dateModified":"2024-08-09T23:22:02+00:00","breadcrumb":{"@id":"https:\/\/www.distribucionarc.com\/hr\/producto\/prensadora-de-un-solo-golpe-de-probioticos\/#breadcrumb"},"inLanguage":"pl-PL","potentialAction":[{"@type":"ReadAction","target":["https:\/\/www.distribucionarc.com\/hr\/producto\/prensadora-de-un-solo-golpe-de-probioticos\/"]}]},{"@type":"ImageObject","inLanguage":"pl-PL","@id":"https:\/\/www.distribucionarc.com\/hr\/producto\/prensadora-de-un-solo-golpe-de-probioticos\/#primaryimage","url":"https:\/\/distribucionarc.com\/wp-content\/uploads\/2024\/04\/PRENSADORA-DE-UN-SOLO-GOLPE-DE-PROBIOTICOS-1.jpg","contentUrl":"https:\/\/distribucionarc.com\/wp-content\/uploads\/2024\/04\/PRENSADORA-DE-UN-SOLO-GOLPE-DE-PROBIOTICOS-1.jpg","width":2016,"height":328,"caption":"#image_title"},{"@type":"BreadcrumbList","@id":"https:\/\/www.distribucionarc.com\/hr\/producto\/prensadora-de-un-solo-golpe-de-probioticos\/#breadcrumb","itemListElement":[{"@type":"ListItem","position":1,"name":"Portada","item":"https:\/\/www.distribucionarc.com\/tr\/"},{"@type":"ListItem","position":2,"name":"Produktai","item":"https:\/\/distribucionarc.com\/lt\/parduotuve\/"},{"@type":"ListItem","position":3,"name":"PRENSADORA DE UN SOLO GOLPE DE PROBIOTICOS"}]},{"@type":"WebSite","@id":"https:\/\/www.distribucionarc.com\/tr\/#website","url":"https:\/\/www.distribucionarc.com\/tr\/","name":"Dystrybucja ARC","description":"Firma specjalizuj\u0105ca si\u0119 w produkcji i dystrybucji maszyn przemys\u0142owych, zgrzewarek do puszek, maszyn do produkcji tabletek, maszyn do ci\u0119cia mi\u0119sa...","publisher":{"@id":"https:\/\/www.distribucionarc.com\/tr\/#organization"},"potentialAction":[{"@type":"SearchAction","target":{"@type":"EntryPoint","urlTemplate":"https:\/\/www.distribucionarc.com\/tr\/?s={search_term_string}"},"query-input":{"@type":"PropertyValueSpecification","valueRequired":true,"valueName":"search_term_string"}}],"inLanguage":"pl-PL"},{"@type":"Organization","@id":"https:\/\/www.distribucionarc.com\/tr\/#organization","name":"Dystrybucja ARC","url":"https:\/\/www.distribucionarc.com\/tr\/","logo":{"@type":"ImageObject","inLanguage":"pl-PL","@id":"https:\/\/www.distribucionarc.com\/tr\/#\/schema\/logo\/image\/","url":"https:\/\/distribucionarc.com\/wp-content\/uploads\/2024\/10\/distribucion-ARC-COLOR-SIN-FONDO-e1732295305345.png","contentUrl":"https:\/\/distribucionarc.com\/wp-content\/uploads\/2024\/10\/distribucion-ARC-COLOR-SIN-FONDO-e1732295305345.png","width":1164,"height":558,"caption":"Distribuci\u00f3n ARC"},"image":{"@id":"https:\/\/www.distribucionarc.com\/tr\/#\/schema\/logo\/image\/"},"description":"Firma specjalizuj\u0105ca si\u0119 w produkcji i dystrybucji maszyn przemys\u0142owych dla sektora spo\u017cywczego i farmaceutycznego. Specjalizujemy si\u0119 w: Maszyny do krojenia mi\u0119sa Produkcja tabletek Przemys\u0142owe systemy transportowe Linie butelkuj\u0105ce Dozowniki I wiele wi\u0119cej.... Oferujemy innowacyjne i niestandardowe rozwi\u0105zania w celu optymalizacji proces\u00f3w produkcyjnych w Twojej firmie.","email":"Admistracion@distribucionarc.com","telephone":"+34 643496664","legalName":"ARC TECH SOLUTIONS","foundingDate":"2024-04-09","vatID":"B55480172","numberOfEmployees":{"@type":"QuantitativeValue","minValue":"1","maxValue":"10"}}]}},"_links":{"self":[{"href":"https:\/\/distribucionarc.com\/pl\/wp-json\/wp\/v2\/product\/6848","targetHints":{"allow":["GET"]}}],"collection":[{"href":"https:\/\/distribucionarc.com\/pl\/wp-json\/wp\/v2\/product"}],"about":[{"href":"https:\/\/distribucionarc.com\/pl\/wp-json\/wp\/v2\/types\/product"}],"replies":[{"embeddable":true,"href":"https:\/\/distribucionarc.com\/pl\/wp-json\/wp\/v2\/comments?post=6848"}],"version-history":[{"count":0,"href":"https:\/\/distribucionarc.com\/pl\/wp-json\/wp\/v2\/product\/6848\/revisions"}],"wp:featuredmedia":[{"embeddable":true,"href":"https:\/\/distribucionarc.com\/pl\/wp-json\/wp\/v2\/media\/6856"}],"wp:attachment":[{"href":"https:\/\/distribucionarc.com\/pl\/wp-json\/wp\/v2\/media?parent=6848"}],"wp:term":[{"taxonomy":"product_brand","embeddable":true,"href":"https:\/\/distribucionarc.com\/pl\/wp-json\/wp\/v2\/product_brand?post=6848"},{"taxonomy":"product_cat","embeddable":true,"href":"https:\/\/distribucionarc.com\/pl\/wp-json\/wp\/v2\/product_cat?post=6848"},{"taxonomy":"product_tag","embeddable":true,"href":"https:\/\/distribucionarc.com\/pl\/wp-json\/wp\/v2\/product_tag?post=6848"}],"curies":[{"name":"wp","href":"https:\/\/api.w.org\/{rel}","templated":true}]}}