{"id":6892,"date":"2024-04-26T18:22:25","date_gmt":"2024-04-26T18:22:25","guid":{"rendered":"https:\/\/distribucionarc.com\/?post_type=product&#038;p=6892"},"modified":"2024-04-26T18:22:27","modified_gmt":"2024-04-26T18:22:27","slug":"przemyslowy-mikser-v-blender-o-duzej-pojemnosci","status":"publish","type":"product","link":"https:\/\/distribucionarc.com\/pl\/producto\/mezcladora-v-blender-industrial-de-alta-capacidad\/","title":{"rendered":"MIESZALNIK PRZEMYS\u0141OWY V O DU\u017bEJ WYDAJNO\u015aCI"},"content":{"rendered":"<p>Odkryj nasze<strong> V BLENDER Maszyna przemys\u0142owa specjalizuj\u0105ca si\u0119 w mieszaniu suchych materia\u0142\u00f3w proszkowych<\/strong>, idealny dla przemys\u0142u farmaceutycznego, chemicznego i spo\u017cywczego. Dzi\u0119ki zaawansowanej przek\u0142adni mechanicznej dwa cylindry w<strong> Kszta\u0142t litery V<\/strong> Obracaj\u0105 si\u0119 naprzemiennie, aby uzyska\u0107 jednorodn\u0105 i skuteczn\u0105 mieszank\u0119. Ponadto intuicyjna konstrukcja sprawia, \u017ce obs\u0142uga urz\u0105dzenia jest prosta, co upraszcza procesy produkcyjne. Zwi\u0119ksz jako\u015b\u0107 i efektywno\u015b\u0107 swojej pracy dzi\u0119ki naszemu innowacyjnemu rozwi\u0105zaniu.<\/p>\n<p>&nbsp;<\/p>\n<table>\n<tbody>\n<tr>\n<td width=\"71\">model<\/td>\n<td width=\"71\">Obj\u0119to\u015b\u0107 cia\u0142a (litry)<\/td>\n<td width=\"71\">Obj\u0119to\u015b\u0107 robocza (litry)<\/td>\n<td width=\"71\">Maksymalna \u0142adowno\u015b\u0107 (kg)<\/td>\n<td width=\"71\">Optymalna zdolno\u015b\u0107 przyw\u00f3dcza (g)<\/td>\n<td width=\"71\">Pr\u0119dko\u015b\u0107 cylindra (obr.\/min)<\/td>\n<td width=\"71\">Si\u0142a (kw)<\/td>\n<td width=\"71\">Wymiary ca\u0142kowite (milimetry)<\/td>\n<\/tr>\n<tr>\n<td width=\"71\">VARH-50<\/td>\n<td width=\"71\">50<\/td>\n<td width=\"71\">20<\/td>\n<td width=\"71\">20<\/td>\n<td width=\"71\">14<\/td>\n<td width=\"71\">15<\/td>\n<td width=\"71\">0.75<\/td>\n<td width=\"71\">1350*<\/p>\n<p>650*<\/p>\n<p>1160*<\/td>\n<\/tr>\n<tr>\n<td width=\"71\">VARH-100<\/td>\n<td width=\"71\">100<\/td>\n<td width=\"71\">40<\/td>\n<td width=\"71\">40<\/td>\n<td width=\"71\">28<\/td>\n<td width=\"71\">15<\/td>\n<td width=\"71\">1.1<\/td>\n<td width=\"71\">1580*<\/p>\n<p>650*<\/p>\n<p>1460*<\/td>\n<\/tr>\n<tr>\n<td width=\"71\">VARH-200<\/td>\n<td width=\"71\">200<\/td>\n<td width=\"71\">80<\/td>\n<td width=\"71\">80<\/td>\n<td width=\"71\">56<\/td>\n<td width=\"71\">15<\/td>\n<td width=\"71\">1.5<\/td>\n<td width=\"71\">1750*<\/p>\n<p>690*<\/p>\n<p>1600*<\/td>\n<\/tr>\n<tr>\n<td width=\"71\">VARH-300<\/td>\n<td width=\"71\">300<\/td>\n<td width=\"71\">120<\/td>\n<td width=\"71\">120<\/td>\n<td width=\"71\">84<\/td>\n<td width=\"71\">15<\/td>\n<td width=\"71\">1.5<\/td>\n<td width=\"71\">2015*<\/p>\n<p>720*<\/p>\n<p>1735*<\/td>\n<\/tr>\n<tr>\n<td width=\"71\">VARH-500<\/td>\n<td width=\"71\">500<\/td>\n<td width=\"71\">200<\/td>\n<td width=\"71\">200<\/td>\n<td width=\"71\">140<\/td>\n<td width=\"71\">13<\/td>\n<td width=\"71\">3.0<\/td>\n<td width=\"71\">2450*<\/p>\n<p>980*<\/p>\n<p>2050*<\/td>\n<\/tr>\n<tr>\n<td width=\"71\">VARH-1000<\/td>\n<td width=\"71\">1000<\/td>\n<td width=\"71\">400<\/td>\n<td width=\"71\">400<\/td>\n<td width=\"71\">280<\/td>\n<td width=\"71\">12<\/td>\n<td width=\"71\">4.0<\/td>\n<td width=\"71\">2950*<\/p>\n<p>1250*<\/p>\n<p>2800*<\/td>\n<\/tr>\n<tr>\n<td width=\"71\">VARH-2000<\/td>\n<td width=\"71\">2000<\/td>\n<td width=\"71\">800<\/td>\n<td width=\"71\">800<\/td>\n<td width=\"71\">560<\/td>\n<td width=\"71\">12<\/td>\n<td width=\"71\">7.5<\/td>\n<td width=\"71\">3500*<\/p>\n<p>1550*<\/p>\n<p>3200*<\/td>\n<\/tr>\n<\/tbody>\n<\/table>","protected":false},"excerpt":{"rendered":"<p>Odkryj nasz\u0105 maszyn\u0119 Industrial V BLENDER specjalizuj\u0105c\u0105 si\u0119 w mieszaniu suchych materia\u0142\u00f3w proszkowych, idealn\u0105 dla przemys\u0142u farmaceutycznego,<\/p>","protected":false},"featured_media":6906,"comment_status":"open","ping_status":"closed","template":"","meta":{"wds_primary_product_brand":0,"wds_primary_product_cat":0},"product_brand":[],"product_cat":[84],"product_tag":[],"class_list":{"0":"post-6892","1":"product","2":"type-product","3":"status-publish","4":"has-post-thumbnail","6":"product_cat-maquinas-para-hacer-pastillas","8":"first","9":"instock","10":"taxable","11":"shipping-taxable","12":"purchasable","13":"product-type-simple"},"yoast_head":"<!-- This site is optimized with the Yoast SEO Premium plugin v24.9 (Yoast SEO v26.1) - https:\/\/yoast.com\/wordpress\/plugins\/seo\/ -->\n<title>MEZCLADORA V BLENDER INDUSTRIAL DE ALTA CAPACIDAD - distribuci\u00f3n ARC<\/title>\n<meta name=\"robots\" content=\"index, follow, max-snippet:-1, max-image-preview:large, max-video-preview:-1\" \/>\n<link rel=\"canonical\" href=\"https:\/\/jagdesd.tempurl.host\/el\/producto\/mezcladora-v-blender-industrial-de-alta-capacidad\/\" \/>\n<meta property=\"og:locale\" content=\"pl_PL\" \/>\n<meta property=\"og:type\" content=\"article\" \/>\n<meta property=\"og:title\" content=\"MEZCLADORA V BLENDER INDUSTRIAL DE ALTA CAPACIDAD\" \/>\n<meta property=\"og:description\" content=\"Descubre nuestra M\u00e1quina V BLENDER Industrial Especializada en la mezcla de materiales en polvo seco, perfecta para las industrias farmac\u00e9utica,\" \/>\n<meta property=\"og:url\" content=\"https:\/\/jagdesd.tempurl.host\/el\/producto\/mezcladora-v-blender-industrial-de-alta-capacidad\/\" \/>\n<meta property=\"og:site_name\" content=\"distribuci\u00f3n ARC\" \/>\n<meta property=\"article:modified_time\" content=\"2024-04-26T18:22:27+00:00\" \/>\n<meta property=\"og:image\" content=\"https:\/\/jagdesd.tempurl.host\/wp-content\/uploads\/2024\/04\/MEZCLADORA-V-BLENDER-INDUSTRIAL-DE-ALTA-CAPACIDAD.jpg\" \/>\n\t<meta property=\"og:image:width\" content=\"736\" \/>\n\t<meta property=\"og:image:height\" content=\"712\" \/>\n\t<meta property=\"og:image:type\" content=\"image\/jpeg\" \/>\n<meta name=\"twitter:card\" content=\"summary_large_image\" \/>\n<meta name=\"twitter:label1\" content=\"Szacowany czas czytania\" \/>\n\t<meta name=\"twitter:data1\" content=\"1 minuta\" \/>\n<script type=\"application\/ld+json\" class=\"yoast-schema-graph\">{\"@context\":\"https:\/\/schema.org\",\"@graph\":[{\"@type\":\"WebPage\",\"@id\":\"https:\/\/jagdesd.tempurl.host\/el\/producto\/mezcladora-v-blender-industrial-de-alta-capacidad\/\",\"url\":\"https:\/\/jagdesd.tempurl.host\/el\/producto\/mezcladora-v-blender-industrial-de-alta-capacidad\/\",\"name\":\"MEZCLADORA V BLENDER INDUSTRIAL DE ALTA CAPACIDAD - distribuci\u00f3n ARC\",\"isPartOf\":{\"@id\":\"https:\/\/distribucionarc.com\/ar\/#website\"},\"primaryImageOfPage\":{\"@id\":\"https:\/\/jagdesd.tempurl.host\/el\/producto\/mezcladora-v-blender-industrial-de-alta-capacidad\/#primaryimage\"},\"image\":{\"@id\":\"https:\/\/jagdesd.tempurl.host\/el\/producto\/mezcladora-v-blender-industrial-de-alta-capacidad\/#primaryimage\"},\"thumbnailUrl\":\"https:\/\/distribucionarc.com\/wp-content\/uploads\/2024\/04\/MEZCLADORA-V-BLENDER-INDUSTRIAL-DE-ALTA-CAPACIDAD.jpg\",\"datePublished\":\"2024-04-26T18:22:25+00:00\",\"dateModified\":\"2024-04-26T18:22:27+00:00\",\"breadcrumb\":{\"@id\":\"https:\/\/jagdesd.tempurl.host\/el\/producto\/mezcladora-v-blender-industrial-de-alta-capacidad\/#breadcrumb\"},\"inLanguage\":\"pl-PL\",\"potentialAction\":[{\"@type\":\"ReadAction\",\"target\":[\"https:\/\/jagdesd.tempurl.host\/el\/producto\/mezcladora-v-blender-industrial-de-alta-capacidad\/\"]}]},{\"@type\":\"ImageObject\",\"inLanguage\":\"pl-PL\",\"@id\":\"https:\/\/jagdesd.tempurl.host\/el\/producto\/mezcladora-v-blender-industrial-de-alta-capacidad\/#primaryimage\",\"url\":\"https:\/\/distribucionarc.com\/wp-content\/uploads\/2024\/04\/MEZCLADORA-V-BLENDER-INDUSTRIAL-DE-ALTA-CAPACIDAD.jpg\",\"contentUrl\":\"https:\/\/distribucionarc.com\/wp-content\/uploads\/2024\/04\/MEZCLADORA-V-BLENDER-INDUSTRIAL-DE-ALTA-CAPACIDAD.jpg\",\"width\":736,\"height\":712,\"caption\":\"#image_title\"},{\"@type\":\"BreadcrumbList\",\"@id\":\"https:\/\/jagdesd.tempurl.host\/el\/producto\/mezcladora-v-blender-industrial-de-alta-capacidad\/#breadcrumb\",\"itemListElement\":[{\"@type\":\"ListItem\",\"position\":1,\"name\":\"Portada\",\"item\":\"https:\/\/www.distribucionarc.com\/pt\/\"},{\"@type\":\"ListItem\",\"position\":2,\"name\":\"Produtos\",\"item\":\"https:\/\/www.distribucionarc.com\/pt\/shop\/\"},{\"@type\":\"ListItem\",\"position\":3,\"name\":\"MEZCLADORA V BLENDER INDUSTRIAL DE ALTA CAPACIDAD\"}]},{\"@type\":\"WebSite\",\"@id\":\"https:\/\/distribucionarc.com\/ar\/#website\",\"url\":\"https:\/\/distribucionarc.com\/ar\/\",\"name\":\"distribuci\u00f3n ARC\",\"description\":\"Empresa especializada en la fabricaci\u00f3n y distribuci\u00f3n de maquinaria industrial, selladoras de latas, Maquinas de hacer pastillas, Maquinas de cortar carne...\",\"publisher\":{\"@id\":\"https:\/\/distribucionarc.com\/ar\/#organization\"},\"potentialAction\":[{\"@type\":\"SearchAction\",\"target\":{\"@type\":\"EntryPoint\",\"urlTemplate\":\"https:\/\/distribucionarc.com\/ar\/?s={search_term_string}\"},\"query-input\":{\"@type\":\"PropertyValueSpecification\",\"valueRequired\":true,\"valueName\":\"search_term_string\"}}],\"inLanguage\":\"pl-PL\"},{\"@type\":\"Organization\",\"@id\":\"https:\/\/distribucionarc.com\/ar\/#organization\",\"name\":\"Distribuci\u00f3n ARC\",\"url\":\"https:\/\/distribucionarc.com\/ar\/\",\"logo\":{\"@type\":\"ImageObject\",\"inLanguage\":\"pl-PL\",\"@id\":\"https:\/\/distribucionarc.com\/ar\/#\/schema\/logo\/image\/\",\"url\":\"https:\/\/distribucionarc.com\/wp-content\/uploads\/2024\/10\/distribucion-ARC-COLOR-SIN-FONDO-e1732295305345.png\",\"contentUrl\":\"https:\/\/distribucionarc.com\/wp-content\/uploads\/2024\/10\/distribucion-ARC-COLOR-SIN-FONDO-e1732295305345.png\",\"width\":1164,\"height\":558,\"caption\":\"Distribuci\u00f3n ARC\"},\"image\":{\"@id\":\"https:\/\/distribucionarc.com\/ar\/#\/schema\/logo\/image\/\"},\"description\":\"Empresa especializada en la fabricaci\u00f3n y distribuci\u00f3n de maquinaria industrial para los sectores alimentario y farmac\u00e9utico. Nos especializamos en: M\u00e1quinas de cortar carne Fabricaci\u00f3n de comprimidos Sistemas de transporte industrial L\u00edneas de embotellado Dosificadores Y mucho m\u00e1s... Ofrecemos soluciones innovadoras y personalizadas para optimizar los procesos productivos de tu empresa.\",\"email\":\"Admistracion@distribucionarc.com\",\"telephone\":\"+34 643496664\",\"legalName\":\"ARC TECH SOLUTIONS\",\"foundingDate\":\"2024-04-09\",\"vatID\":\"B55480172\",\"numberOfEmployees\":{\"@type\":\"QuantitativeValue\",\"minValue\":\"1\",\"maxValue\":\"10\"}}]}<\/script>\n<!-- \/ Yoast SEO Premium plugin. -->","yoast_head_json":{"title":"DU\u017bA WYDAJNO\u015a\u0106 PRZEMYS\u0141OWY BLENDER MIKSER V - dystrybucja ARC","robots":{"index":"index","follow":"follow","max-snippet":"max-snippet:-1","max-image-preview":"max-image-preview:large","max-video-preview":"max-video-preview:-1"},"canonical":"https:\/\/jagdesd.tempurl.host\/el\/producto\/mezcladora-v-blender-industrial-de-alta-capacidad\/","og_locale":"pl_PL","og_type":"article","og_title":"MEZCLADORA V BLENDER INDUSTRIAL DE ALTA CAPACIDAD","og_description":"Descubre nuestra M\u00e1quina V BLENDER Industrial Especializada en la mezcla de materiales en polvo seco, perfecta para las industrias farmac\u00e9utica,","og_url":"https:\/\/jagdesd.tempurl.host\/el\/producto\/mezcladora-v-blender-industrial-de-alta-capacidad\/","og_site_name":"distribuci\u00f3n ARC","article_modified_time":"2024-04-26T18:22:27+00:00","og_image":[{"width":736,"height":712,"url":"https:\/\/jagdesd.tempurl.host\/wp-content\/uploads\/2024\/04\/MEZCLADORA-V-BLENDER-INDUSTRIAL-DE-ALTA-CAPACIDAD.jpg","type":"image\/jpeg"}],"twitter_card":"summary_large_image","twitter_misc":{"Szacowany czas czytania":"1 minuta"},"schema":{"@context":"https:\/\/schema.org","@graph":[{"@type":"WebPage","@id":"https:\/\/jagdesd.tempurl.host\/el\/producto\/mezcladora-v-blender-industrial-de-alta-capacidad\/","url":"https:\/\/jagdesd.tempurl.host\/el\/producto\/mezcladora-v-blender-industrial-de-alta-capacidad\/","name":"DU\u017bA WYDAJNO\u015a\u0106 PRZEMYS\u0141OWY BLENDER MIKSER V - dystrybucja ARC","isPartOf":{"@id":"https:\/\/distribucionarc.com\/ar\/#website"},"primaryImageOfPage":{"@id":"https:\/\/jagdesd.tempurl.host\/el\/producto\/mezcladora-v-blender-industrial-de-alta-capacidad\/#primaryimage"},"image":{"@id":"https:\/\/jagdesd.tempurl.host\/el\/producto\/mezcladora-v-blender-industrial-de-alta-capacidad\/#primaryimage"},"thumbnailUrl":"https:\/\/distribucionarc.com\/wp-content\/uploads\/2024\/04\/MEZCLADORA-V-BLENDER-INDUSTRIAL-DE-ALTA-CAPACIDAD.jpg","datePublished":"2024-04-26T18:22:25+00:00","dateModified":"2024-04-26T18:22:27+00:00","breadcrumb":{"@id":"https:\/\/jagdesd.tempurl.host\/el\/producto\/mezcladora-v-blender-industrial-de-alta-capacidad\/#breadcrumb"},"inLanguage":"pl-PL","potentialAction":[{"@type":"ReadAction","target":["https:\/\/jagdesd.tempurl.host\/el\/producto\/mezcladora-v-blender-industrial-de-alta-capacidad\/"]}]},{"@type":"ImageObject","inLanguage":"pl-PL","@id":"https:\/\/jagdesd.tempurl.host\/el\/producto\/mezcladora-v-blender-industrial-de-alta-capacidad\/#primaryimage","url":"https:\/\/distribucionarc.com\/wp-content\/uploads\/2024\/04\/MEZCLADORA-V-BLENDER-INDUSTRIAL-DE-ALTA-CAPACIDAD.jpg","contentUrl":"https:\/\/distribucionarc.com\/wp-content\/uploads\/2024\/04\/MEZCLADORA-V-BLENDER-INDUSTRIAL-DE-ALTA-CAPACIDAD.jpg","width":736,"height":712,"caption":"#image_title"},{"@type":"BreadcrumbList","@id":"https:\/\/jagdesd.tempurl.host\/el\/producto\/mezcladora-v-blender-industrial-de-alta-capacidad\/#breadcrumb","itemListElement":[{"@type":"ListItem","position":1,"name":"Portada","item":"https:\/\/www.distribucionarc.com\/pt\/"},{"@type":"ListItem","position":2,"name":"Produtos","item":"https:\/\/www.distribucionarc.com\/pt\/shop\/"},{"@type":"ListItem","position":3,"name":"MEZCLADORA V BLENDER INDUSTRIAL DE ALTA CAPACIDAD"}]},{"@type":"WebSite","@id":"https:\/\/distribucionarc.com\/ar\/#website","url":"https:\/\/distribucionarc.com\/ar\/","name":"Dystrybucja ARC","description":"Firma specjalizuj\u0105ca si\u0119 w produkcji i dystrybucji maszyn przemys\u0142owych, zgrzewarek do puszek, maszyn do produkcji tabletek, maszyn do ci\u0119cia mi\u0119sa...","publisher":{"@id":"https:\/\/distribucionarc.com\/ar\/#organization"},"potentialAction":[{"@type":"SearchAction","target":{"@type":"EntryPoint","urlTemplate":"https:\/\/distribucionarc.com\/ar\/?s={search_term_string}"},"query-input":{"@type":"PropertyValueSpecification","valueRequired":true,"valueName":"search_term_string"}}],"inLanguage":"pl-PL"},{"@type":"Organization","@id":"https:\/\/distribucionarc.com\/ar\/#organization","name":"Dystrybucja ARC","url":"https:\/\/distribucionarc.com\/ar\/","logo":{"@type":"ImageObject","inLanguage":"pl-PL","@id":"https:\/\/distribucionarc.com\/ar\/#\/schema\/logo\/image\/","url":"https:\/\/distribucionarc.com\/wp-content\/uploads\/2024\/10\/distribucion-ARC-COLOR-SIN-FONDO-e1732295305345.png","contentUrl":"https:\/\/distribucionarc.com\/wp-content\/uploads\/2024\/10\/distribucion-ARC-COLOR-SIN-FONDO-e1732295305345.png","width":1164,"height":558,"caption":"Distribuci\u00f3n ARC"},"image":{"@id":"https:\/\/distribucionarc.com\/ar\/#\/schema\/logo\/image\/"},"description":"Firma specjalizuj\u0105ca si\u0119 w produkcji i dystrybucji maszyn przemys\u0142owych dla sektora spo\u017cywczego i farmaceutycznego. Specjalizujemy si\u0119 w: Maszyny do krojenia mi\u0119sa Produkcja tabletek Przemys\u0142owe systemy transportowe Linie butelkuj\u0105ce Dozowniki I wiele wi\u0119cej.... Oferujemy innowacyjne i niestandardowe rozwi\u0105zania w celu optymalizacji proces\u00f3w produkcyjnych w Twojej firmie.","email":"Admistracion@distribucionarc.com","telephone":"+34 643496664","legalName":"ARC TECH SOLUTIONS","foundingDate":"2024-04-09","vatID":"B55480172","numberOfEmployees":{"@type":"QuantitativeValue","minValue":"1","maxValue":"10"}}]}},"_links":{"self":[{"href":"https:\/\/distribucionarc.com\/pl\/wp-json\/wp\/v2\/product\/6892","targetHints":{"allow":["GET"]}}],"collection":[{"href":"https:\/\/distribucionarc.com\/pl\/wp-json\/wp\/v2\/product"}],"about":[{"href":"https:\/\/distribucionarc.com\/pl\/wp-json\/wp\/v2\/types\/product"}],"replies":[{"embeddable":true,"href":"https:\/\/distribucionarc.com\/pl\/wp-json\/wp\/v2\/comments?post=6892"}],"version-history":[{"count":0,"href":"https:\/\/distribucionarc.com\/pl\/wp-json\/wp\/v2\/product\/6892\/revisions"}],"wp:featuredmedia":[{"embeddable":true,"href":"https:\/\/distribucionarc.com\/pl\/wp-json\/wp\/v2\/media\/6906"}],"wp:attachment":[{"href":"https:\/\/distribucionarc.com\/pl\/wp-json\/wp\/v2\/media?parent=6892"}],"wp:term":[{"taxonomy":"product_brand","embeddable":true,"href":"https:\/\/distribucionarc.com\/pl\/wp-json\/wp\/v2\/product_brand?post=6892"},{"taxonomy":"product_cat","embeddable":true,"href":"https:\/\/distribucionarc.com\/pl\/wp-json\/wp\/v2\/product_cat?post=6892"},{"taxonomy":"product_tag","embeddable":true,"href":"https:\/\/distribucionarc.com\/pl\/wp-json\/wp\/v2\/product_tag?post=6892"}],"curies":[{"name":"wp","href":"https:\/\/api.w.org\/{rel}","templated":true}]}}