{"id":7004,"date":"2024-04-27T08:52:32","date_gmt":"2024-04-27T08:52:32","guid":{"rendered":"https:\/\/distribucionarc.com\/?post_type=product&#038;p=7004"},"modified":"2024-04-27T08:52:34","modified_gmt":"2024-04-27T08:52:34","slug":"powlekarka-powlekarka-do-tabletek-z-aktywnymi-skladnikami","status":"publish","type":"product","link":"https:\/\/distribucionarc.com\/pl\/producto\/maquina-grajeadora-coater-para-pastillas-con-ingredientes-activos\/","title":{"rendered":"MASZYNA DO POWLEKANIA DO TABLETEK Z AKTYWNYMI SK\u0141ADNIKAMI"},"content":{"rendered":"<p>Odkryj <strong>Maszyna do powlekania<\/strong> Maszyna do powlekania serii BARY, wszechstronny sprz\u0119t znany r\u00f3wnie\u017c jako <strong>Maszyna do powlekania<\/strong>, <strong>powlekacz<\/strong>, albo <strong>b\u0119ben powlekaj\u0105cy<\/strong>, niezb\u0119dne w <strong>przemys\u0142 farmaceutyczny<\/strong> I <strong>\u017cywno\u015b\u0107<\/strong>. Ta maszyna zosta\u0142a specjalnie zaprojektowana do <strong>pow\u0142oka tabletki<\/strong> I <strong>tabletki<\/strong> z innowacyjnymi polimerami bia\u0142ka ry\u017cowego. Seria BARY charakteryzuje si\u0119 zbiornikiem do powlekania z regulowanym k\u0105tem nachylenia i mo\u017cliwo\u015bci\u0105 zamontowania pod nim urz\u0105dzenia grzewczego, co umo\u017cliwia precyzyjn\u0105 kontrol\u0119 procesu powlekania.<\/p>\n<p>The <strong>Maszyna do powlekania<\/strong> Powlekarka serii BARY idealnie sprawdza si\u0119 nie tylko w przemy\u015ble farmaceutycznym, gdzie s\u0142u\u017cy do poprawy uwalniania i ochrony <strong>sk\u0142adniki aktywne<\/strong> lek\u00f3w, ale tak\u017ce w cukiernictwie i produkcji czekolady, gdzie stosuje si\u0119 go do pokrywania warstwami cukru lub <strong>czekolada<\/strong> r\u00f3\u017cne produkty. W rolnictwie u\u0142atwia nak\u0142adanie pow\u0142ok na nasiona, a w sektorze nutraceutycznym doskonale sprawdza si\u0119 przy kapsu\u0142kowaniu witamin i suplement\u00f3w.<\/p>\n<p>Zoptymalizuj jako\u015b\u0107 swoich produkt\u00f3w i zmaksymalizuj wydajno\u015b\u0107 swojej produkcji dzi\u0119ki <strong>Maszyna do powlekania<\/strong> Maszyna powlekaj\u0105ca serii BARY. Wzboga\u0107 swoj\u0105 dzia\u0142alno\u015b\u0107 o to najnowocze\u015bniejsze rozwi\u0105zanie, zaprojektowane tak, aby zapewnia\u0107 wyj\u0105tkow\u0105 wydajno\u015b\u0107 i wysokiej jako\u015bci wyniki w wielu sektorach przemys\u0142u!<\/p>\n<p>&nbsp;<\/p>\n<table>\n<tbody>\n<tr>\n<td width=\"57\">model<\/td>\n<td width=\"57\">\u015arednica naczynia do powlekania polimerem (mm)<\/td>\n<td width=\"57\">Liczenie pr\u0119dko\u015bci garnka<\/td>\n<td width=\"57\">Moc silnika (kw)<\/td>\n<td width=\"57\">moc wentylatora (w)<\/td>\n<td width=\"57\">Moc kabla grzewczego (W)<\/td>\n<td width=\"57\">Wydajno\u015b\u0107 (kg\/godz.)<\/td>\n<td width=\"57\">Moc innego ogrzewania<\/td>\n<td width=\"57\">Masa netto (kg)<\/td>\n<td width=\"57\">Rozmiar ca\u0142kowity (milimetry)<\/td>\n<\/tr>\n<tr>\n<td width=\"57\">BARY300<\/td>\n<td width=\"57\">300<\/td>\n<td width=\"57\">46<\/td>\n<td width=\"57\">0.55<\/td>\n<td width=\"57\">500<\/td>\n<td width=\"57\">40<\/td>\n<td width=\"57\">2<\/td>\n<td width=\"57\">500<\/td>\n<td width=\"57\">65<\/td>\n<td width=\"57\">485*<\/p>\n<p>585*<\/p>\n<p>766*<\/td>\n<\/tr>\n<tr>\n<td width=\"57\">BARY400<\/td>\n<td width=\"57\">400<\/td>\n<td width=\"57\">46<\/td>\n<td width=\"57\">0.55<\/td>\n<td width=\"57\">500<\/td>\n<td width=\"57\">40<\/td>\n<td width=\"57\">5<\/td>\n<td width=\"57\">500<\/td>\n<td width=\"57\">70<\/td>\n<td width=\"57\">485*<\/p>\n<p>585*<\/p>\n<p>810*<\/td>\n<\/tr>\n<tr>\n<td width=\"57\">ZATOKA 600<\/td>\n<td width=\"57\">600<\/td>\n<td width=\"57\">40<\/td>\n<td width=\"57\">0.75<\/td>\n<td width=\"57\">800<\/td>\n<td width=\"57\">60<\/td>\n<td width=\"57\">15<\/td>\n<td width=\"57\">600<\/td>\n<td width=\"57\">120<\/td>\n<td width=\"57\">700*<\/p>\n<p>540*<\/p>\n<p>1300*<\/td>\n<\/tr>\n<tr>\n<td width=\"57\">BARY800<\/td>\n<td width=\"57\">800<\/td>\n<td width=\"57\">32<\/td>\n<td width=\"57\">1.1<\/td>\n<td width=\"57\">1000<\/td>\n<td width=\"57\">250<\/td>\n<td width=\"57\">90-50<\/td>\n<td width=\"57\">1000*2<\/td>\n<td width=\"57\">240<\/td>\n<td width=\"57\">925*<\/p>\n<p>900*<\/p>\n<p>1500*<\/td>\n<\/tr>\n<tr>\n<td width=\"57\">BARY1000<\/td>\n<td width=\"57\">1000<\/td>\n<td width=\"57\">32<\/td>\n<td width=\"57\">1.5<\/td>\n<td width=\"57\">1000<\/td>\n<td width=\"57\">250<\/td>\n<td width=\"57\">50-70<\/td>\n<td width=\"57\">1000*2<\/td>\n<td width=\"57\">250<\/td>\n<td width=\"57\">1100*<\/p>\n<p>1100*<\/p>\n<p>1600*<\/td>\n<\/tr>\n<tr>\n<td width=\"57\">BARY1250<\/td>\n<td width=\"57\">1250<\/td>\n<td width=\"57\">30<\/td>\n<td width=\"57\">2.2<\/td>\n<td width=\"57\">1000<\/td>\n<td width=\"57\">250<\/td>\n<td width=\"57\">90-150<\/td>\n<td width=\"57\">1000*2<\/td>\n<td width=\"57\">280<\/td>\n<td width=\"57\">1200*<\/p>\n<p>1250*<\/p>\n<p>1630*<\/td>\n<\/tr>\n<\/tbody>\n<\/table>\n<p>&nbsp;<\/p>","protected":false},"excerpt":{"rendered":"<p>Odkryj maszyn\u0119 do powlekania serii BARY, wszechstronny sprz\u0119t znany r\u00f3wnie\u017c jako powlekarka lub b\u0119ben do powlekania, niezb\u0119dny<\/p>","protected":false},"featured_media":7005,"comment_status":"open","ping_status":"closed","template":"","meta":{"wds_primary_product_brand":0,"wds_primary_product_cat":0},"product_brand":[],"product_cat":[84],"product_tag":[],"class_list":{"0":"post-7004","1":"product","2":"type-product","3":"status-publish","4":"has-post-thumbnail","6":"product_cat-maquinas-para-hacer-pastillas","8":"first","9":"instock","10":"taxable","11":"shipping-taxable","12":"purchasable","13":"product-type-simple"},"yoast_head":"<!-- This site is optimized with the Yoast SEO Premium plugin v24.9 (Yoast SEO v26.1) - https:\/\/yoast.com\/wordpress\/plugins\/seo\/ -->\n<title>MAQUINA GRAJEADORA COATER PARA PASTILLAS CON INGREDIENTES ACTIVOS - distribuci\u00f3n ARC<\/title>\n<meta name=\"robots\" content=\"index, follow, max-snippet:-1, max-image-preview:large, max-video-preview:-1\" \/>\n<link rel=\"canonical\" href=\"https:\/\/distribucionarc.com\/pl\/produkty\/powlekarka-powlekarka-do-tabletek-z-aktywnymi-skladnikami\/\" \/>\n<meta property=\"og:locale\" content=\"pl_PL\" \/>\n<meta property=\"og:type\" content=\"article\" \/>\n<meta property=\"og:title\" content=\"MAQUINA GRAJEADORA COATER PARA PASTILLAS CON INGREDIENTES ACTIVOS\" \/>\n<meta property=\"og:description\" content=\"Descubre la M\u00e1quina Grajeadora Recubridora Serie BARY, un equipo vers\u00e1til tambi\u00e9n conocido como recubridora, coater, o tambor de recubrimiento, esencial\" \/>\n<meta property=\"og:url\" content=\"https:\/\/distribucionarc.com\/pl\/produkty\/powlekarka-powlekarka-do-tabletek-z-aktywnymi-skladnikami\/\" \/>\n<meta property=\"og:site_name\" content=\"distribuci\u00f3n ARC\" \/>\n<meta property=\"article:modified_time\" content=\"2024-04-27T08:52:34+00:00\" \/>\n<meta property=\"og:image\" content=\"https:\/\/distribucionarc.com\/wp-content\/uploads\/2024\/04\/MAQUINA-GRAJEADORA-COATER-PARA-PASTILLAS-CON-INGREDIENTES-ACTIVOS.webp\" \/>\n\t<meta property=\"og:image:width\" content=\"1920\" \/>\n\t<meta property=\"og:image:height\" content=\"1108\" \/>\n\t<meta property=\"og:image:type\" content=\"image\/webp\" \/>\n<meta name=\"twitter:card\" content=\"summary_large_image\" \/>\n<meta name=\"twitter:label1\" content=\"Szacowany czas czytania\" \/>\n\t<meta name=\"twitter:data1\" content=\"1 minuta\" \/>\n<script type=\"application\/ld+json\" class=\"yoast-schema-graph\">{\"@context\":\"https:\/\/schema.org\",\"@graph\":[{\"@type\":\"WebPage\",\"@id\":\"https:\/\/distribucionarc.com\/de\/producto\/maquina-grajeadora-coater-para-pastillas-con-ingredientes-activos\/\",\"url\":\"https:\/\/distribucionarc.com\/de\/producto\/maquina-grajeadora-coater-para-pastillas-con-ingredientes-activos\/\",\"name\":\"MAQUINA GRAJEADORA COATER PARA PASTILLAS CON INGREDIENTES ACTIVOS - distribuci\u00f3n ARC\",\"isPartOf\":{\"@id\":\"https:\/\/www.distribucionarc.com\/sl\/#website\"},\"primaryImageOfPage\":{\"@id\":\"https:\/\/distribucionarc.com\/de\/producto\/maquina-grajeadora-coater-para-pastillas-con-ingredientes-activos\/#primaryimage\"},\"image\":{\"@id\":\"https:\/\/distribucionarc.com\/de\/producto\/maquina-grajeadora-coater-para-pastillas-con-ingredientes-activos\/#primaryimage\"},\"thumbnailUrl\":\"https:\/\/distribucionarc.com\/wp-content\/uploads\/2024\/04\/MAQUINA-GRAJEADORA-COATER-PARA-PASTILLAS-CON-INGREDIENTES-ACTIVOS.webp\",\"datePublished\":\"2024-04-27T08:52:32+00:00\",\"dateModified\":\"2024-04-27T08:52:34+00:00\",\"breadcrumb\":{\"@id\":\"https:\/\/distribucionarc.com\/de\/producto\/maquina-grajeadora-coater-para-pastillas-con-ingredientes-activos\/#breadcrumb\"},\"inLanguage\":\"pl-PL\",\"potentialAction\":[{\"@type\":\"ReadAction\",\"target\":[\"https:\/\/distribucionarc.com\/de\/producto\/maquina-grajeadora-coater-para-pastillas-con-ingredientes-activos\/\"]}]},{\"@type\":\"ImageObject\",\"inLanguage\":\"pl-PL\",\"@id\":\"https:\/\/distribucionarc.com\/de\/producto\/maquina-grajeadora-coater-para-pastillas-con-ingredientes-activos\/#primaryimage\",\"url\":\"https:\/\/distribucionarc.com\/wp-content\/uploads\/2024\/04\/MAQUINA-GRAJEADORA-COATER-PARA-PASTILLAS-CON-INGREDIENTES-ACTIVOS.webp\",\"contentUrl\":\"https:\/\/distribucionarc.com\/wp-content\/uploads\/2024\/04\/MAQUINA-GRAJEADORA-COATER-PARA-PASTILLAS-CON-INGREDIENTES-ACTIVOS.webp\",\"width\":1920,\"height\":1108,\"caption\":\"#image_title\"},{\"@type\":\"BreadcrumbList\",\"@id\":\"https:\/\/distribucionarc.com\/de\/producto\/maquina-grajeadora-coater-para-pastillas-con-ingredientes-activos\/#breadcrumb\",\"itemListElement\":[{\"@type\":\"ListItem\",\"position\":1,\"name\":\"Portada\",\"item\":\"https:\/\/www.distribucionarc.com\/\"},{\"@type\":\"ListItem\",\"position\":2,\"name\":\"\u00dcr\u00fcnler\",\"item\":\"https:\/\/www.distribucionarc.com\/tr\/magaza\/\"},{\"@type\":\"ListItem\",\"position\":3,\"name\":\"MAQUINA GRAJEADORA COATER PARA PASTILLAS CON INGREDIENTES ACTIVOS\"}]},{\"@type\":\"WebSite\",\"@id\":\"https:\/\/www.distribucionarc.com\/sl\/#website\",\"url\":\"https:\/\/www.distribucionarc.com\/sl\/\",\"name\":\"distribuci\u00f3n ARC\",\"description\":\"Empresa especializada en la fabricaci\u00f3n y distribuci\u00f3n de maquinaria industrial, selladoras de latas, Maquinas de hacer pastillas, Maquinas de cortar carne...\",\"publisher\":{\"@id\":\"https:\/\/www.distribucionarc.com\/sl\/#organization\"},\"potentialAction\":[{\"@type\":\"SearchAction\",\"target\":{\"@type\":\"EntryPoint\",\"urlTemplate\":\"https:\/\/www.distribucionarc.com\/sl\/?s={search_term_string}\"},\"query-input\":{\"@type\":\"PropertyValueSpecification\",\"valueRequired\":true,\"valueName\":\"search_term_string\"}}],\"inLanguage\":\"pl-PL\"},{\"@type\":\"Organization\",\"@id\":\"https:\/\/www.distribucionarc.com\/sl\/#organization\",\"name\":\"Distribuci\u00f3n ARC\",\"url\":\"https:\/\/www.distribucionarc.com\/sl\/\",\"logo\":{\"@type\":\"ImageObject\",\"inLanguage\":\"pl-PL\",\"@id\":\"https:\/\/www.distribucionarc.com\/sl\/#\/schema\/logo\/image\/\",\"url\":\"https:\/\/distribucionarc.com\/wp-content\/uploads\/2024\/10\/distribucion-ARC-COLOR-SIN-FONDO-e1732295305345.png\",\"contentUrl\":\"https:\/\/distribucionarc.com\/wp-content\/uploads\/2024\/10\/distribucion-ARC-COLOR-SIN-FONDO-e1732295305345.png\",\"width\":1164,\"height\":558,\"caption\":\"Distribuci\u00f3n ARC\"},\"image\":{\"@id\":\"https:\/\/www.distribucionarc.com\/sl\/#\/schema\/logo\/image\/\"},\"description\":\"Empresa especializada en la fabricaci\u00f3n y distribuci\u00f3n de maquinaria industrial para los sectores alimentario y farmac\u00e9utico. Nos especializamos en: M\u00e1quinas de cortar carne Fabricaci\u00f3n de comprimidos Sistemas de transporte industrial L\u00edneas de embotellado Dosificadores Y mucho m\u00e1s... Ofrecemos soluciones innovadoras y personalizadas para optimizar los procesos productivos de tu empresa.\",\"email\":\"Admistracion@distribucionarc.com\",\"telephone\":\"+34 643496664\",\"legalName\":\"ARC TECH SOLUTIONS\",\"foundingDate\":\"2024-04-09\",\"vatID\":\"B55480172\",\"numberOfEmployees\":{\"@type\":\"QuantitativeValue\",\"minValue\":\"1\",\"maxValue\":\"10\"}}]}<\/script>\n<!-- \/ Yoast SEO Premium plugin. -->","yoast_head_json":{"title":"MASZYNA DO POWLEKANIA TABLETEK Z AKTYWNYMI SK\u0141ADNIKAMI - ARC distribution","robots":{"index":"index","follow":"follow","max-snippet":"max-snippet:-1","max-image-preview":"max-image-preview:large","max-video-preview":"max-video-preview:-1"},"canonical":"https:\/\/distribucionarc.com\/pl\/produkty\/powlekarka-powlekarka-do-tabletek-z-aktywnymi-skladnikami\/","og_locale":"pl_PL","og_type":"article","og_title":"MAQUINA GRAJEADORA COATER PARA PASTILLAS CON INGREDIENTES ACTIVOS","og_description":"Descubre la M\u00e1quina Grajeadora Recubridora Serie BARY, un equipo vers\u00e1til tambi\u00e9n conocido como recubridora, coater, o tambor de recubrimiento, esencial","og_url":"https:\/\/distribucionarc.com\/pl\/produkty\/powlekarka-powlekarka-do-tabletek-z-aktywnymi-skladnikami\/","og_site_name":"distribuci\u00f3n ARC","article_modified_time":"2024-04-27T08:52:34+00:00","og_image":[{"width":1920,"height":1108,"url":"https:\/\/distribucionarc.com\/wp-content\/uploads\/2024\/04\/MAQUINA-GRAJEADORA-COATER-PARA-PASTILLAS-CON-INGREDIENTES-ACTIVOS.webp","type":"image\/webp"}],"twitter_card":"summary_large_image","twitter_misc":{"Szacowany czas czytania":"1 minuta"},"schema":{"@context":"https:\/\/schema.org","@graph":[{"@type":"WebPage","@id":"https:\/\/distribucionarc.com\/de\/producto\/maquina-grajeadora-coater-para-pastillas-con-ingredientes-activos\/","url":"https:\/\/distribucionarc.com\/de\/producto\/maquina-grajeadora-coater-para-pastillas-con-ingredientes-activos\/","name":"MASZYNA DO POWLEKANIA TABLETEK Z AKTYWNYMI SK\u0141ADNIKAMI - ARC distribution","isPartOf":{"@id":"https:\/\/www.distribucionarc.com\/sl\/#website"},"primaryImageOfPage":{"@id":"https:\/\/distribucionarc.com\/de\/producto\/maquina-grajeadora-coater-para-pastillas-con-ingredientes-activos\/#primaryimage"},"image":{"@id":"https:\/\/distribucionarc.com\/de\/producto\/maquina-grajeadora-coater-para-pastillas-con-ingredientes-activos\/#primaryimage"},"thumbnailUrl":"https:\/\/distribucionarc.com\/wp-content\/uploads\/2024\/04\/MAQUINA-GRAJEADORA-COATER-PARA-PASTILLAS-CON-INGREDIENTES-ACTIVOS.webp","datePublished":"2024-04-27T08:52:32+00:00","dateModified":"2024-04-27T08:52:34+00:00","breadcrumb":{"@id":"https:\/\/distribucionarc.com\/de\/producto\/maquina-grajeadora-coater-para-pastillas-con-ingredientes-activos\/#breadcrumb"},"inLanguage":"pl-PL","potentialAction":[{"@type":"ReadAction","target":["https:\/\/distribucionarc.com\/de\/producto\/maquina-grajeadora-coater-para-pastillas-con-ingredientes-activos\/"]}]},{"@type":"ImageObject","inLanguage":"pl-PL","@id":"https:\/\/distribucionarc.com\/de\/producto\/maquina-grajeadora-coater-para-pastillas-con-ingredientes-activos\/#primaryimage","url":"https:\/\/distribucionarc.com\/wp-content\/uploads\/2024\/04\/MAQUINA-GRAJEADORA-COATER-PARA-PASTILLAS-CON-INGREDIENTES-ACTIVOS.webp","contentUrl":"https:\/\/distribucionarc.com\/wp-content\/uploads\/2024\/04\/MAQUINA-GRAJEADORA-COATER-PARA-PASTILLAS-CON-INGREDIENTES-ACTIVOS.webp","width":1920,"height":1108,"caption":"#image_title"},{"@type":"BreadcrumbList","@id":"https:\/\/distribucionarc.com\/de\/producto\/maquina-grajeadora-coater-para-pastillas-con-ingredientes-activos\/#breadcrumb","itemListElement":[{"@type":"ListItem","position":1,"name":"Portada","item":"https:\/\/www.distribucionarc.com\/"},{"@type":"ListItem","position":2,"name":"\u00dcr\u00fcnler","item":"https:\/\/www.distribucionarc.com\/tr\/magaza\/"},{"@type":"ListItem","position":3,"name":"MAQUINA GRAJEADORA COATER PARA PASTILLAS CON INGREDIENTES ACTIVOS"}]},{"@type":"WebSite","@id":"https:\/\/www.distribucionarc.com\/sl\/#website","url":"https:\/\/www.distribucionarc.com\/sl\/","name":"Dystrybucja ARC","description":"Firma specjalizuj\u0105ca si\u0119 w produkcji i dystrybucji maszyn przemys\u0142owych, zgrzewarek do puszek, maszyn do produkcji tabletek, maszyn do ci\u0119cia mi\u0119sa...","publisher":{"@id":"https:\/\/www.distribucionarc.com\/sl\/#organization"},"potentialAction":[{"@type":"SearchAction","target":{"@type":"EntryPoint","urlTemplate":"https:\/\/www.distribucionarc.com\/sl\/?s={search_term_string}"},"query-input":{"@type":"PropertyValueSpecification","valueRequired":true,"valueName":"search_term_string"}}],"inLanguage":"pl-PL"},{"@type":"Organization","@id":"https:\/\/www.distribucionarc.com\/sl\/#organization","name":"Dystrybucja ARC","url":"https:\/\/www.distribucionarc.com\/sl\/","logo":{"@type":"ImageObject","inLanguage":"pl-PL","@id":"https:\/\/www.distribucionarc.com\/sl\/#\/schema\/logo\/image\/","url":"https:\/\/distribucionarc.com\/wp-content\/uploads\/2024\/10\/distribucion-ARC-COLOR-SIN-FONDO-e1732295305345.png","contentUrl":"https:\/\/distribucionarc.com\/wp-content\/uploads\/2024\/10\/distribucion-ARC-COLOR-SIN-FONDO-e1732295305345.png","width":1164,"height":558,"caption":"Distribuci\u00f3n ARC"},"image":{"@id":"https:\/\/www.distribucionarc.com\/sl\/#\/schema\/logo\/image\/"},"description":"Firma specjalizuj\u0105ca si\u0119 w produkcji i dystrybucji maszyn przemys\u0142owych dla sektora spo\u017cywczego i farmaceutycznego. Specjalizujemy si\u0119 w: Maszyny do krojenia mi\u0119sa Produkcja tabletek Przemys\u0142owe systemy transportowe Linie butelkuj\u0105ce Dozowniki I wiele wi\u0119cej.... Oferujemy innowacyjne i niestandardowe rozwi\u0105zania w celu optymalizacji proces\u00f3w produkcyjnych w Twojej firmie.","email":"Admistracion@distribucionarc.com","telephone":"+34 643496664","legalName":"ARC TECH SOLUTIONS","foundingDate":"2024-04-09","vatID":"B55480172","numberOfEmployees":{"@type":"QuantitativeValue","minValue":"1","maxValue":"10"}}]}},"_links":{"self":[{"href":"https:\/\/distribucionarc.com\/pl\/wp-json\/wp\/v2\/product\/7004","targetHints":{"allow":["GET"]}}],"collection":[{"href":"https:\/\/distribucionarc.com\/pl\/wp-json\/wp\/v2\/product"}],"about":[{"href":"https:\/\/distribucionarc.com\/pl\/wp-json\/wp\/v2\/types\/product"}],"replies":[{"embeddable":true,"href":"https:\/\/distribucionarc.com\/pl\/wp-json\/wp\/v2\/comments?post=7004"}],"version-history":[{"count":0,"href":"https:\/\/distribucionarc.com\/pl\/wp-json\/wp\/v2\/product\/7004\/revisions"}],"wp:featuredmedia":[{"embeddable":true,"href":"https:\/\/distribucionarc.com\/pl\/wp-json\/wp\/v2\/media\/7005"}],"wp:attachment":[{"href":"https:\/\/distribucionarc.com\/pl\/wp-json\/wp\/v2\/media?parent=7004"}],"wp:term":[{"taxonomy":"product_brand","embeddable":true,"href":"https:\/\/distribucionarc.com\/pl\/wp-json\/wp\/v2\/product_brand?post=7004"},{"taxonomy":"product_cat","embeddable":true,"href":"https:\/\/distribucionarc.com\/pl\/wp-json\/wp\/v2\/product_cat?post=7004"},{"taxonomy":"product_tag","embeddable":true,"href":"https:\/\/distribucionarc.com\/pl\/wp-json\/wp\/v2\/product_tag?post=7004"}],"curies":[{"name":"wp","href":"https:\/\/api.w.org\/{rel}","templated":true}]}}