{"id":7016,"date":"2024-04-29T08:24:44","date_gmt":"2024-04-29T08:24:44","guid":{"rendered":"https:\/\/distribucionarc.com\/?post_type=product&#038;p=7016"},"modified":"2024-04-29T08:25:51","modified_gmt":"2024-04-29T08:25:51","slug":"srodek-do-czyszczenia-tabletek-z-ekstraktem-magnezu","status":"publish","type":"product","link":"https:\/\/distribucionarc.com\/pl\/producto\/desmpolvador-limpiador-de-tabletas-de-extracto-de-magnesio\/","title":{"rendered":"ODPYLANIE TABLETEK Z EKSTRAKTEM MAGNEZU"},"content":{"rendered":"<p>Odkryj urz\u0105dzenie do usuwania py\u0142u CFARQ-1 przeznaczone do tabletek o r\u00f3\u017cnych kszta\u0142tach i rozmiarach, kompatybilne z maszyn\u0105 do tabletkowania tabletek z ekstraktem magnezowym. Wykonane z wysokiej jako\u015bci materia\u0142u SS304, gwarantuje bezpieczny cz\u0119\u015bciowy kontakt z surowcem. Ponadto intuicyjna konstrukcja sprawia, \u017ce urz\u0105dzenie jest \u0142atwe w u\u017cyciu, stanowi\u0105c efektywne rozwi\u0105zanie do usuwania kurzu. Zoptymalizuj swoje procesy produkcyjne dzi\u0119ki odpylaczowi CFARQ-1 i popraw jako\u015b\u0107 swoich produkt\u00f3w w prosty i niezawodny spos\u00f3b.<\/p>\n<p>&nbsp;<\/p>\n<table>\n<tbody>\n<tr>\n<td width=\"283\">model<\/td>\n<td width=\"283\">CARFQ-1<\/td>\n<\/tr>\n<tr>\n<td width=\"283\">Wydajno\u015b\u0107 produkcji<\/td>\n<td width=\"283\">0-550000 jednostek\/godzin\u0119<\/td>\n<\/tr>\n<tr>\n<td width=\"283\">Zakres \u015brednic<\/td>\n<td width=\"283\">5-15 mm<\/td>\n<\/tr>\n<tr>\n<td width=\"283\">Zasilanie<\/td>\n<td width=\"283\">220 V 50 Hz 110 V 60 Hz<\/td>\n<\/tr>\n<tr>\n<td width=\"283\">Wymiar (milimetry)<\/td>\n<td width=\"283\">Rozmiar obrazu: 4315* 4350* 900* 1070*<\/td>\n<\/tr>\n<tr>\n<td width=\"283\">Waga (kg)<\/td>\n<td width=\"283\">38<\/td>\n<\/tr>\n<tr>\n<td width=\"283\">Pusty<\/td>\n<td width=\"283\">1,8 m3\/min-0,01 MPa<\/td>\n<\/tr>\n<tr>\n<td width=\"283\">Spr\u0119\u017cone powietrze<\/td>\n<td width=\"283\">0,1 m3\/min-0,05 MPa<\/td>\n<\/tr>\n<\/tbody>\n<\/table>\n<p>&nbsp;<\/p>","protected":false},"excerpt":{"rendered":"<p>Odkryj urz\u0105dzenie CFARQ-1 Deduster przeznaczone do tabletek o r\u00f3\u017cnych kszta\u0142tach i rozmiarach, kompatybilne z tabletkark\u0105.<\/p>","protected":false},"featured_media":7019,"comment_status":"open","ping_status":"closed","template":"","meta":{"wds_primary_product_brand":0,"wds_primary_product_cat":0},"product_brand":[],"product_cat":[84],"product_tag":[],"class_list":{"0":"post-7016","1":"product","2":"type-product","3":"status-publish","4":"has-post-thumbnail","6":"product_cat-maquinas-para-hacer-pastillas","8":"first","9":"instock","10":"taxable","11":"shipping-taxable","12":"purchasable","13":"product-type-simple"},"yoast_head":"<!-- This site is optimized with the Yoast SEO Premium plugin v24.9 (Yoast SEO v26.1) - https:\/\/yoast.com\/wordpress\/plugins\/seo\/ -->\n<title>DESMPOLVADOR LIMPIADOR DE TABLETAS DE EXTRACTO DE MAGNESIO - distribuci\u00f3n ARC<\/title>\n<meta name=\"robots\" content=\"index, follow, max-snippet:-1, max-image-preview:large, max-video-preview:-1\" \/>\n<link rel=\"canonical\" href=\"https:\/\/www.distribucionarc.com\/hr\/producto\/desmpolvador-limpiador-de-tabletas-de-extracto-de-magnesio\/\" \/>\n<meta property=\"og:locale\" content=\"pl_PL\" \/>\n<meta property=\"og:type\" content=\"article\" \/>\n<meta property=\"og:title\" content=\"DESMPOLVADOR LIMPIADOR DE TABLETAS DE EXTRACTO DE MAGNESIO\" \/>\n<meta property=\"og:description\" content=\"Descubre el Desempolvador CFARQ-1, dise\u00f1ado para tabletas de diversas formas y tama\u00f1os, y compatible con una m\u00e1quina prensadora de tabletas\" \/>\n<meta property=\"og:url\" content=\"https:\/\/www.distribucionarc.com\/hr\/producto\/desmpolvador-limpiador-de-tabletas-de-extracto-de-magnesio\/\" \/>\n<meta property=\"og:site_name\" content=\"distribuci\u00f3n ARC\" \/>\n<meta property=\"article:modified_time\" content=\"2024-04-29T08:25:51+00:00\" \/>\n<meta property=\"og:image\" content=\"https:\/\/www.distribucionarc.com\/wp-content\/uploads\/2024\/04\/DESMPOLVADOR-LIMPIADOR-DE-TABLETASDE-EXTRACTO-DE-MAGNESIO.webp\" \/>\n\t<meta property=\"og:image:width\" content=\"1638\" \/>\n\t<meta property=\"og:image:height\" content=\"1920\" \/>\n\t<meta property=\"og:image:type\" content=\"image\/webp\" \/>\n<meta name=\"twitter:card\" content=\"summary_large_image\" \/>\n<meta name=\"twitter:label1\" content=\"Szacowany czas czytania\" \/>\n\t<meta name=\"twitter:data1\" content=\"1 minuta\" \/>\n<script type=\"application\/ld+json\" class=\"yoast-schema-graph\">{\"@context\":\"https:\/\/schema.org\",\"@graph\":[{\"@type\":\"WebPage\",\"@id\":\"https:\/\/www.distribucionarc.com\/hr\/producto\/desmpolvador-limpiador-de-tabletas-de-extracto-de-magnesio\/\",\"url\":\"https:\/\/www.distribucionarc.com\/hr\/producto\/desmpolvador-limpiador-de-tabletas-de-extracto-de-magnesio\/\",\"name\":\"DESMPOLVADOR LIMPIADOR DE TABLETAS DE EXTRACTO DE MAGNESIO - distribuci\u00f3n ARC\",\"isPartOf\":{\"@id\":\"https:\/\/www.distribucionarc.com\/sl\/#website\"},\"primaryImageOfPage\":{\"@id\":\"https:\/\/www.distribucionarc.com\/hr\/producto\/desmpolvador-limpiador-de-tabletas-de-extracto-de-magnesio\/#primaryimage\"},\"image\":{\"@id\":\"https:\/\/www.distribucionarc.com\/hr\/producto\/desmpolvador-limpiador-de-tabletas-de-extracto-de-magnesio\/#primaryimage\"},\"thumbnailUrl\":\"https:\/\/distribucionarc.com\/wp-content\/uploads\/2024\/04\/DESMPOLVADOR-LIMPIADOR-DE-TABLETASDE-EXTRACTO-DE-MAGNESIO.webp\",\"datePublished\":\"2024-04-29T08:24:44+00:00\",\"dateModified\":\"2024-04-29T08:25:51+00:00\",\"breadcrumb\":{\"@id\":\"https:\/\/www.distribucionarc.com\/hr\/producto\/desmpolvador-limpiador-de-tabletas-de-extracto-de-magnesio\/#breadcrumb\"},\"inLanguage\":\"pl-PL\",\"potentialAction\":[{\"@type\":\"ReadAction\",\"target\":[\"https:\/\/www.distribucionarc.com\/hr\/producto\/desmpolvador-limpiador-de-tabletas-de-extracto-de-magnesio\/\"]}]},{\"@type\":\"ImageObject\",\"inLanguage\":\"pl-PL\",\"@id\":\"https:\/\/www.distribucionarc.com\/hr\/producto\/desmpolvador-limpiador-de-tabletas-de-extracto-de-magnesio\/#primaryimage\",\"url\":\"https:\/\/distribucionarc.com\/wp-content\/uploads\/2024\/04\/DESMPOLVADOR-LIMPIADOR-DE-TABLETASDE-EXTRACTO-DE-MAGNESIO.webp\",\"contentUrl\":\"https:\/\/distribucionarc.com\/wp-content\/uploads\/2024\/04\/DESMPOLVADOR-LIMPIADOR-DE-TABLETASDE-EXTRACTO-DE-MAGNESIO.webp\",\"width\":1638,\"height\":1920,\"caption\":\"#image_title\"},{\"@type\":\"BreadcrumbList\",\"@id\":\"https:\/\/www.distribucionarc.com\/hr\/producto\/desmpolvador-limpiador-de-tabletas-de-extracto-de-magnesio\/#breadcrumb\",\"itemListElement\":[{\"@type\":\"ListItem\",\"position\":1,\"name\":\"Portada\",\"item\":\"https:\/\/www.distribucionarc.com\/\"},{\"@type\":\"ListItem\",\"position\":2,\"name\":\"\u00dcr\u00fcnler\",\"item\":\"https:\/\/www.distribucionarc.com\/tr\/magaza\/\"},{\"@type\":\"ListItem\",\"position\":3,\"name\":\"DESMPOLVADOR LIMPIADOR DE TABLETAS DE EXTRACTO DE MAGNESIO\"}]},{\"@type\":\"WebSite\",\"@id\":\"https:\/\/www.distribucionarc.com\/sl\/#website\",\"url\":\"https:\/\/www.distribucionarc.com\/sl\/\",\"name\":\"distribuci\u00f3n ARC\",\"description\":\"Empresa especializada en la fabricaci\u00f3n y distribuci\u00f3n de maquinaria industrial, selladoras de latas, Maquinas de hacer pastillas, Maquinas de cortar carne...\",\"publisher\":{\"@id\":\"https:\/\/www.distribucionarc.com\/sl\/#organization\"},\"potentialAction\":[{\"@type\":\"SearchAction\",\"target\":{\"@type\":\"EntryPoint\",\"urlTemplate\":\"https:\/\/www.distribucionarc.com\/sl\/?s={search_term_string}\"},\"query-input\":{\"@type\":\"PropertyValueSpecification\",\"valueRequired\":true,\"valueName\":\"search_term_string\"}}],\"inLanguage\":\"pl-PL\"},{\"@type\":\"Organization\",\"@id\":\"https:\/\/www.distribucionarc.com\/sl\/#organization\",\"name\":\"Distribuci\u00f3n ARC\",\"url\":\"https:\/\/www.distribucionarc.com\/sl\/\",\"logo\":{\"@type\":\"ImageObject\",\"inLanguage\":\"pl-PL\",\"@id\":\"https:\/\/www.distribucionarc.com\/sl\/#\/schema\/logo\/image\/\",\"url\":\"https:\/\/distribucionarc.com\/wp-content\/uploads\/2024\/10\/distribucion-ARC-COLOR-SIN-FONDO-e1732295305345.png\",\"contentUrl\":\"https:\/\/distribucionarc.com\/wp-content\/uploads\/2024\/10\/distribucion-ARC-COLOR-SIN-FONDO-e1732295305345.png\",\"width\":1164,\"height\":558,\"caption\":\"Distribuci\u00f3n ARC\"},\"image\":{\"@id\":\"https:\/\/www.distribucionarc.com\/sl\/#\/schema\/logo\/image\/\"},\"description\":\"Empresa especializada en la fabricaci\u00f3n y distribuci\u00f3n de maquinaria industrial para los sectores alimentario y farmac\u00e9utico. Nos especializamos en: M\u00e1quinas de cortar carne Fabricaci\u00f3n de comprimidos Sistemas de transporte industrial L\u00edneas de embotellado Dosificadores Y mucho m\u00e1s... Ofrecemos soluciones innovadoras y personalizadas para optimizar los procesos productivos de tu empresa.\",\"email\":\"Admistracion@distribucionarc.com\",\"telephone\":\"+34 643496664\",\"legalName\":\"ARC TECH SOLUTIONS\",\"foundingDate\":\"2024-04-09\",\"vatID\":\"B55480172\",\"numberOfEmployees\":{\"@type\":\"QuantitativeValue\",\"minValue\":\"1\",\"maxValue\":\"10\"}}]}<\/script>\n<!-- \/ Yoast SEO Premium plugin. -->","yoast_head_json":{"title":"ODPYLANIE TABLETEK Z EKSTRAKTEM MAGNEZU - dystrybucja \u0142uku","robots":{"index":"index","follow":"follow","max-snippet":"max-snippet:-1","max-image-preview":"max-image-preview:large","max-video-preview":"max-video-preview:-1"},"canonical":"https:\/\/www.distribucionarc.com\/hr\/producto\/desmpolvador-limpiador-de-tabletas-de-extracto-de-magnesio\/","og_locale":"pl_PL","og_type":"article","og_title":"DESMPOLVADOR LIMPIADOR DE TABLETAS DE EXTRACTO DE MAGNESIO","og_description":"Descubre el Desempolvador CFARQ-1, dise\u00f1ado para tabletas de diversas formas y tama\u00f1os, y compatible con una m\u00e1quina prensadora de tabletas","og_url":"https:\/\/www.distribucionarc.com\/hr\/producto\/desmpolvador-limpiador-de-tabletas-de-extracto-de-magnesio\/","og_site_name":"distribuci\u00f3n ARC","article_modified_time":"2024-04-29T08:25:51+00:00","og_image":[{"width":1638,"height":1920,"url":"https:\/\/www.distribucionarc.com\/wp-content\/uploads\/2024\/04\/DESMPOLVADOR-LIMPIADOR-DE-TABLETASDE-EXTRACTO-DE-MAGNESIO.webp","type":"image\/webp"}],"twitter_card":"summary_large_image","twitter_misc":{"Szacowany czas czytania":"1 minuta"},"schema":{"@context":"https:\/\/schema.org","@graph":[{"@type":"WebPage","@id":"https:\/\/www.distribucionarc.com\/hr\/producto\/desmpolvador-limpiador-de-tabletas-de-extracto-de-magnesio\/","url":"https:\/\/www.distribucionarc.com\/hr\/producto\/desmpolvador-limpiador-de-tabletas-de-extracto-de-magnesio\/","name":"ODPYLANIE TABLETEK Z EKSTRAKTEM MAGNEZU - dystrybucja \u0142uku","isPartOf":{"@id":"https:\/\/www.distribucionarc.com\/sl\/#website"},"primaryImageOfPage":{"@id":"https:\/\/www.distribucionarc.com\/hr\/producto\/desmpolvador-limpiador-de-tabletas-de-extracto-de-magnesio\/#primaryimage"},"image":{"@id":"https:\/\/www.distribucionarc.com\/hr\/producto\/desmpolvador-limpiador-de-tabletas-de-extracto-de-magnesio\/#primaryimage"},"thumbnailUrl":"https:\/\/distribucionarc.com\/wp-content\/uploads\/2024\/04\/DESMPOLVADOR-LIMPIADOR-DE-TABLETASDE-EXTRACTO-DE-MAGNESIO.webp","datePublished":"2024-04-29T08:24:44+00:00","dateModified":"2024-04-29T08:25:51+00:00","breadcrumb":{"@id":"https:\/\/www.distribucionarc.com\/hr\/producto\/desmpolvador-limpiador-de-tabletas-de-extracto-de-magnesio\/#breadcrumb"},"inLanguage":"pl-PL","potentialAction":[{"@type":"ReadAction","target":["https:\/\/www.distribucionarc.com\/hr\/producto\/desmpolvador-limpiador-de-tabletas-de-extracto-de-magnesio\/"]}]},{"@type":"ImageObject","inLanguage":"pl-PL","@id":"https:\/\/www.distribucionarc.com\/hr\/producto\/desmpolvador-limpiador-de-tabletas-de-extracto-de-magnesio\/#primaryimage","url":"https:\/\/distribucionarc.com\/wp-content\/uploads\/2024\/04\/DESMPOLVADOR-LIMPIADOR-DE-TABLETASDE-EXTRACTO-DE-MAGNESIO.webp","contentUrl":"https:\/\/distribucionarc.com\/wp-content\/uploads\/2024\/04\/DESMPOLVADOR-LIMPIADOR-DE-TABLETASDE-EXTRACTO-DE-MAGNESIO.webp","width":1638,"height":1920,"caption":"#image_title"},{"@type":"BreadcrumbList","@id":"https:\/\/www.distribucionarc.com\/hr\/producto\/desmpolvador-limpiador-de-tabletas-de-extracto-de-magnesio\/#breadcrumb","itemListElement":[{"@type":"ListItem","position":1,"name":"Portada","item":"https:\/\/www.distribucionarc.com\/"},{"@type":"ListItem","position":2,"name":"\u00dcr\u00fcnler","item":"https:\/\/www.distribucionarc.com\/tr\/magaza\/"},{"@type":"ListItem","position":3,"name":"DESMPOLVADOR LIMPIADOR DE TABLETAS DE EXTRACTO DE MAGNESIO"}]},{"@type":"WebSite","@id":"https:\/\/www.distribucionarc.com\/sl\/#website","url":"https:\/\/www.distribucionarc.com\/sl\/","name":"Dystrybucja ARC","description":"Firma specjalizuj\u0105ca si\u0119 w produkcji i dystrybucji maszyn przemys\u0142owych, zgrzewarek do puszek, maszyn do produkcji tabletek, maszyn do ci\u0119cia mi\u0119sa...","publisher":{"@id":"https:\/\/www.distribucionarc.com\/sl\/#organization"},"potentialAction":[{"@type":"SearchAction","target":{"@type":"EntryPoint","urlTemplate":"https:\/\/www.distribucionarc.com\/sl\/?s={search_term_string}"},"query-input":{"@type":"PropertyValueSpecification","valueRequired":true,"valueName":"search_term_string"}}],"inLanguage":"pl-PL"},{"@type":"Organization","@id":"https:\/\/www.distribucionarc.com\/sl\/#organization","name":"Dystrybucja ARC","url":"https:\/\/www.distribucionarc.com\/sl\/","logo":{"@type":"ImageObject","inLanguage":"pl-PL","@id":"https:\/\/www.distribucionarc.com\/sl\/#\/schema\/logo\/image\/","url":"https:\/\/distribucionarc.com\/wp-content\/uploads\/2024\/10\/distribucion-ARC-COLOR-SIN-FONDO-e1732295305345.png","contentUrl":"https:\/\/distribucionarc.com\/wp-content\/uploads\/2024\/10\/distribucion-ARC-COLOR-SIN-FONDO-e1732295305345.png","width":1164,"height":558,"caption":"Distribuci\u00f3n ARC"},"image":{"@id":"https:\/\/www.distribucionarc.com\/sl\/#\/schema\/logo\/image\/"},"description":"Firma specjalizuj\u0105ca si\u0119 w produkcji i dystrybucji maszyn przemys\u0142owych dla sektora spo\u017cywczego i farmaceutycznego. Specjalizujemy si\u0119 w: Maszyny do krojenia mi\u0119sa Produkcja tabletek Przemys\u0142owe systemy transportowe Linie butelkuj\u0105ce Dozowniki I wiele wi\u0119cej.... Oferujemy innowacyjne i niestandardowe rozwi\u0105zania w celu optymalizacji proces\u00f3w produkcyjnych w Twojej firmie.","email":"Admistracion@distribucionarc.com","telephone":"+34 643496664","legalName":"ARC TECH SOLUTIONS","foundingDate":"2024-04-09","vatID":"B55480172","numberOfEmployees":{"@type":"QuantitativeValue","minValue":"1","maxValue":"10"}}]}},"_links":{"self":[{"href":"https:\/\/distribucionarc.com\/pl\/wp-json\/wp\/v2\/product\/7016","targetHints":{"allow":["GET"]}}],"collection":[{"href":"https:\/\/distribucionarc.com\/pl\/wp-json\/wp\/v2\/product"}],"about":[{"href":"https:\/\/distribucionarc.com\/pl\/wp-json\/wp\/v2\/types\/product"}],"replies":[{"embeddable":true,"href":"https:\/\/distribucionarc.com\/pl\/wp-json\/wp\/v2\/comments?post=7016"}],"version-history":[{"count":0,"href":"https:\/\/distribucionarc.com\/pl\/wp-json\/wp\/v2\/product\/7016\/revisions"}],"wp:featuredmedia":[{"embeddable":true,"href":"https:\/\/distribucionarc.com\/pl\/wp-json\/wp\/v2\/media\/7019"}],"wp:attachment":[{"href":"https:\/\/distribucionarc.com\/pl\/wp-json\/wp\/v2\/media?parent=7016"}],"wp:term":[{"taxonomy":"product_brand","embeddable":true,"href":"https:\/\/distribucionarc.com\/pl\/wp-json\/wp\/v2\/product_brand?post=7016"},{"taxonomy":"product_cat","embeddable":true,"href":"https:\/\/distribucionarc.com\/pl\/wp-json\/wp\/v2\/product_cat?post=7016"},{"taxonomy":"product_tag","embeddable":true,"href":"https:\/\/distribucionarc.com\/pl\/wp-json\/wp\/v2\/product_tag?post=7016"}],"curies":[{"name":"wp","href":"https:\/\/api.w.org\/{rel}","templated":true}]}}