{"id":7035,"date":"2024-05-06T14:42:37","date_gmt":"2024-05-06T14:42:37","guid":{"rendered":"https:\/\/distribucionarc.com\/?post_type=product&#038;p=7035"},"modified":"2024-05-06T14:42:40","modified_gmt":"2024-05-06T14:42:40","slug":"703srodek-do-usuwania-kurzu-z-tabletek-wapniowych","status":"publish","type":"product","link":"https:\/\/distribucionarc.com\/pl\/producto\/703desempolvador-eliminador-de-polvo-para-tabletas-de-calcio\/","title":{"rendered":"Odkurzacz do tabletek wapniowych"},"content":{"rendered":"<p>Odkryj <strong>Odpylacz wysokoobrotowy ZWARS137<\/strong>, innowacyjne rozwi\u0105zanie, kt\u00f3re wykorzystuje zaawansowane zasady przedmuchu spr\u0119\u017conym powietrzem, od\u015brodkowego usuwania py\u0142u i polerowania kraw\u0119dzi b\u0119bna, aby zapewni\u0107 nieskazitelne wyko\u0144czenie tabletek wapniowych. Wykonany z wysokiej jako\u015bci materia\u0142u SS304, gwarantuje bezpieczny cz\u0119\u015bciowy kontakt z surowcem i spe\u0142nia wymagane normy jako\u015bciowe. Ponadto jego konstrukcja u\u0142atwia czyszczenie, zapewniaj\u0105c prost\u0105 i skuteczn\u0105 konserwacj\u0119. Zoptymalizuj swoje procesy produkcyjne i zagwarantuj jako\u015b\u0107 swoich produkt\u00f3w dzi\u0119ki <strong>Odpylacz wysokoobrotowy ZWARS137<\/strong>.<\/p>\n<p>&nbsp;<\/p>\n<table>\n<tbody>\n<tr>\n<td width=\"283\">Model<\/td>\n<td width=\"283\">ZWARS137<\/td>\n<\/tr>\n<tr>\n<td width=\"283\">Wydajno\u015b\u0107 wyj\u015bciowa (szt.\/h)<\/td>\n<td width=\"283\">800000<\/td>\n<\/tr>\n<tr>\n<td width=\"283\">\u015brednica sita (mm)<\/td>\n<td width=\"283\">3<\/td>\n<\/tr>\n<tr>\n<td width=\"283\">\u015arednica ekranu (mm)<\/td>\n<td width=\"283\">25<\/td>\n<\/tr>\n<tr>\n<td width=\"283\">\u015arednica cylindra sita (mm)<\/td>\n<td width=\"283\">137<\/td>\n<\/tr>\n<tr>\n<td width=\"283\">Maksymalna pr\u0119dko\u015b\u0107 obrotowa (obr\u00f3t \/min)<\/td>\n<td width=\"283\">30<\/td>\n<\/tr>\n<tr>\n<td width=\"283\">Moc (w)<\/td>\n<td width=\"283\">60<\/td>\n<\/tr>\n<tr>\n<td width=\"283\">Zasilanie<\/td>\n<td width=\"283\">220 V\/110 V 50 Hz<\/td>\n<\/tr>\n<tr>\n<td width=\"283\">Napr\u0119\u017cenie \u015bciskaj\u0105ce (kg)<\/td>\n<td width=\"283\">4<\/td>\n<\/tr>\n<tr>\n<td width=\"283\">Masa netto (kg)<\/td>\n<td width=\"283\">750*<\/p>\n<p>320*<\/p>\n<p>1030*<\/td>\n<\/tr>\n<tr>\n<td width=\"283\">Rozmiar ca\u0142kowity (mm)<\/td>\n<td width=\"283\">37<\/td>\n<\/tr>\n<\/tbody>\n<\/table>","protected":false},"excerpt":{"rendered":"<p>Odkryj urz\u0105dzenie do usuwania kurzu ZWARS137 High Speed, innowacyjne rozwi\u0105zanie wykorzystuj\u0105ce zaawansowane zasady przedmuchiwania spr\u0119\u017conym powietrzem,<\/p>","protected":false},"featured_media":7037,"comment_status":"open","ping_status":"closed","template":"","meta":{"wds_primary_product_brand":0,"wds_primary_product_cat":0},"product_brand":[],"product_cat":[84],"product_tag":[],"class_list":{"0":"post-7035","1":"product","2":"type-product","3":"status-publish","4":"has-post-thumbnail","6":"product_cat-maquinas-para-hacer-pastillas","8":"first","9":"instock","10":"taxable","11":"shipping-taxable","12":"purchasable","13":"product-type-simple"},"yoast_head":"<!-- This site is optimized with the Yoast SEO Premium plugin v24.9 (Yoast SEO v26.1) - https:\/\/yoast.com\/wordpress\/plugins\/seo\/ -->\n<title>DESEMPOLVADOR ELIMINADOR DE POLVO PARA TABLETAS DE CALCIO - distribuci\u00f3n ARC<\/title>\n<meta name=\"robots\" content=\"index, follow, max-snippet:-1, max-image-preview:large, max-video-preview:-1\" \/>\n<link rel=\"canonical\" href=\"https:\/\/distribucionarc.com\/pl\/produkty\/703srodek-do-usuwania-kurzu-z-tabletek-wapniowych\/\" \/>\n<meta property=\"og:locale\" content=\"pl_PL\" \/>\n<meta property=\"og:type\" content=\"article\" \/>\n<meta property=\"og:title\" content=\"DESEMPOLVADOR ELIMINADOR DE POLVO PARA TABLETAS DE CALCIO\" \/>\n<meta property=\"og:description\" content=\"Descubre el Desempolvador de Alta Velocidad ZWARS137, una soluci\u00f3n innovadora que utiliza principios avanzados de soplado de aire comprimido, eliminaci\u00f3n\" \/>\n<meta property=\"og:url\" content=\"https:\/\/distribucionarc.com\/pl\/produkty\/703srodek-do-usuwania-kurzu-z-tabletek-wapniowych\/\" \/>\n<meta property=\"og:site_name\" content=\"distribuci\u00f3n ARC\" \/>\n<meta property=\"article:modified_time\" content=\"2024-05-06T14:42:40+00:00\" \/>\n<meta property=\"og:image\" content=\"https:\/\/distribucionarc.com\/wp-content\/uploads\/2024\/05\/DESEMPOLVADOR-ELIMINADOR-DE-POLVO-PARA-TABLETAS-DE-CALCIO.webp\" \/>\n\t<meta property=\"og:image:width\" content=\"944\" \/>\n\t<meta property=\"og:image:height\" content=\"968\" \/>\n\t<meta property=\"og:image:type\" content=\"image\/webp\" \/>\n<meta name=\"twitter:card\" content=\"summary_large_image\" \/>\n<meta name=\"twitter:label1\" content=\"Szacowany czas czytania\" \/>\n\t<meta name=\"twitter:data1\" content=\"1 minuta\" \/>\n<script type=\"application\/ld+json\" class=\"yoast-schema-graph\">{\"@context\":\"https:\/\/schema.org\",\"@graph\":[{\"@type\":\"WebPage\",\"@id\":\"https:\/\/distribucionarc.com\/ro\/producto\/703desempolvador-eliminador-de-polvo-para-tabletas-de-calcio\/\",\"url\":\"https:\/\/distribucionarc.com\/ro\/producto\/703desempolvador-eliminador-de-polvo-para-tabletas-de-calcio\/\",\"name\":\"DESEMPOLVADOR ELIMINADOR DE POLVO PARA TABLETAS DE CALCIO - distribuci\u00f3n ARC\",\"isPartOf\":{\"@id\":\"https:\/\/distribucionarc.com\/ro\/#website\"},\"primaryImageOfPage\":{\"@id\":\"https:\/\/distribucionarc.com\/ro\/producto\/703desempolvador-eliminador-de-polvo-para-tabletas-de-calcio\/#primaryimage\"},\"image\":{\"@id\":\"https:\/\/distribucionarc.com\/ro\/producto\/703desempolvador-eliminador-de-polvo-para-tabletas-de-calcio\/#primaryimage\"},\"thumbnailUrl\":\"https:\/\/distribucionarc.com\/wp-content\/uploads\/2024\/05\/DESEMPOLVADOR-ELIMINADOR-DE-POLVO-PARA-TABLETAS-DE-CALCIO.webp\",\"datePublished\":\"2024-05-06T14:42:37+00:00\",\"dateModified\":\"2024-05-06T14:42:40+00:00\",\"breadcrumb\":{\"@id\":\"https:\/\/distribucionarc.com\/ro\/producto\/703desempolvador-eliminador-de-polvo-para-tabletas-de-calcio\/#breadcrumb\"},\"inLanguage\":\"pl-PL\",\"potentialAction\":[{\"@type\":\"ReadAction\",\"target\":[\"https:\/\/distribucionarc.com\/ro\/producto\/703desempolvador-eliminador-de-polvo-para-tabletas-de-calcio\/\"]}]},{\"@type\":\"ImageObject\",\"inLanguage\":\"pl-PL\",\"@id\":\"https:\/\/distribucionarc.com\/ro\/producto\/703desempolvador-eliminador-de-polvo-para-tabletas-de-calcio\/#primaryimage\",\"url\":\"https:\/\/distribucionarc.com\/wp-content\/uploads\/2024\/05\/DESEMPOLVADOR-ELIMINADOR-DE-POLVO-PARA-TABLETAS-DE-CALCIO.webp\",\"contentUrl\":\"https:\/\/distribucionarc.com\/wp-content\/uploads\/2024\/05\/DESEMPOLVADOR-ELIMINADOR-DE-POLVO-PARA-TABLETAS-DE-CALCIO.webp\",\"width\":944,\"height\":968,\"caption\":\"#image_title\"},{\"@type\":\"BreadcrumbList\",\"@id\":\"https:\/\/distribucionarc.com\/ro\/producto\/703desempolvador-eliminador-de-polvo-para-tabletas-de-calcio\/#breadcrumb\",\"itemListElement\":[{\"@type\":\"ListItem\",\"position\":1,\"name\":\"Portada\",\"item\":\"https:\/\/distribucionarc.com\/ar\/\"},{\"@type\":\"ListItem\",\"position\":2,\"name\":\"Proizvodi\",\"item\":\"https:\/\/www.distribucionarc.com\/hr\/ducan\/\"},{\"@type\":\"ListItem\",\"position\":3,\"name\":\"DESEMPOLVADOR ELIMINADOR DE POLVO PARA TABLETAS DE CALCIO\"}]},{\"@type\":\"WebSite\",\"@id\":\"https:\/\/distribucionarc.com\/ro\/#website\",\"url\":\"https:\/\/distribucionarc.com\/ro\/\",\"name\":\"distribuci\u00f3n ARC\",\"description\":\"Empresa especializada en la fabricaci\u00f3n y distribuci\u00f3n de maquinaria industrial, selladoras de latas, Maquinas de hacer pastillas, Maquinas de cortar carne...\",\"publisher\":{\"@id\":\"https:\/\/distribucionarc.com\/ro\/#organization\"},\"potentialAction\":[{\"@type\":\"SearchAction\",\"target\":{\"@type\":\"EntryPoint\",\"urlTemplate\":\"https:\/\/distribucionarc.com\/ro\/?s={search_term_string}\"},\"query-input\":{\"@type\":\"PropertyValueSpecification\",\"valueRequired\":true,\"valueName\":\"search_term_string\"}}],\"inLanguage\":\"pl-PL\"},{\"@type\":\"Organization\",\"@id\":\"https:\/\/distribucionarc.com\/ro\/#organization\",\"name\":\"Distribuci\u00f3n ARC\",\"url\":\"https:\/\/distribucionarc.com\/ro\/\",\"logo\":{\"@type\":\"ImageObject\",\"inLanguage\":\"pl-PL\",\"@id\":\"https:\/\/distribucionarc.com\/ro\/#\/schema\/logo\/image\/\",\"url\":\"https:\/\/distribucionarc.com\/wp-content\/uploads\/2024\/10\/distribucion-ARC-COLOR-SIN-FONDO-e1732295305345.png\",\"contentUrl\":\"https:\/\/distribucionarc.com\/wp-content\/uploads\/2024\/10\/distribucion-ARC-COLOR-SIN-FONDO-e1732295305345.png\",\"width\":1164,\"height\":558,\"caption\":\"Distribuci\u00f3n ARC\"},\"image\":{\"@id\":\"https:\/\/distribucionarc.com\/ro\/#\/schema\/logo\/image\/\"},\"description\":\"Empresa especializada en la fabricaci\u00f3n y distribuci\u00f3n de maquinaria industrial para los sectores alimentario y farmac\u00e9utico. Nos especializamos en: M\u00e1quinas de cortar carne Fabricaci\u00f3n de comprimidos Sistemas de transporte industrial L\u00edneas de embotellado Dosificadores Y mucho m\u00e1s... Ofrecemos soluciones innovadoras y personalizadas para optimizar los procesos productivos de tu empresa.\",\"email\":\"Admistracion@distribucionarc.com\",\"telephone\":\"+34 643496664\",\"legalName\":\"ARC TECH SOLUTIONS\",\"foundingDate\":\"2024-04-09\",\"vatID\":\"B55480172\",\"numberOfEmployees\":{\"@type\":\"QuantitativeValue\",\"minValue\":\"1\",\"maxValue\":\"10\"}}]}<\/script>\n<!-- \/ Yoast SEO Premium plugin. -->","yoast_head_json":{"title":"Odpylacz do tabletek wapniowych - dystrybucja \u0142uku","robots":{"index":"index","follow":"follow","max-snippet":"max-snippet:-1","max-image-preview":"max-image-preview:large","max-video-preview":"max-video-preview:-1"},"canonical":"https:\/\/distribucionarc.com\/pl\/produkty\/703srodek-do-usuwania-kurzu-z-tabletek-wapniowych\/","og_locale":"pl_PL","og_type":"article","og_title":"DESEMPOLVADOR ELIMINADOR DE POLVO PARA TABLETAS DE CALCIO","og_description":"Descubre el Desempolvador de Alta Velocidad ZWARS137, una soluci\u00f3n innovadora que utiliza principios avanzados de soplado de aire comprimido, eliminaci\u00f3n","og_url":"https:\/\/distribucionarc.com\/pl\/produkty\/703srodek-do-usuwania-kurzu-z-tabletek-wapniowych\/","og_site_name":"distribuci\u00f3n ARC","article_modified_time":"2024-05-06T14:42:40+00:00","og_image":[{"width":944,"height":968,"url":"https:\/\/distribucionarc.com\/wp-content\/uploads\/2024\/05\/DESEMPOLVADOR-ELIMINADOR-DE-POLVO-PARA-TABLETAS-DE-CALCIO.webp","type":"image\/webp"}],"twitter_card":"summary_large_image","twitter_misc":{"Szacowany czas czytania":"1 minuta"},"schema":{"@context":"https:\/\/schema.org","@graph":[{"@type":"WebPage","@id":"https:\/\/distribucionarc.com\/ro\/producto\/703desempolvador-eliminador-de-polvo-para-tabletas-de-calcio\/","url":"https:\/\/distribucionarc.com\/ro\/producto\/703desempolvador-eliminador-de-polvo-para-tabletas-de-calcio\/","name":"Odpylacz do tabletek wapniowych - dystrybucja \u0142uku","isPartOf":{"@id":"https:\/\/distribucionarc.com\/ro\/#website"},"primaryImageOfPage":{"@id":"https:\/\/distribucionarc.com\/ro\/producto\/703desempolvador-eliminador-de-polvo-para-tabletas-de-calcio\/#primaryimage"},"image":{"@id":"https:\/\/distribucionarc.com\/ro\/producto\/703desempolvador-eliminador-de-polvo-para-tabletas-de-calcio\/#primaryimage"},"thumbnailUrl":"https:\/\/distribucionarc.com\/wp-content\/uploads\/2024\/05\/DESEMPOLVADOR-ELIMINADOR-DE-POLVO-PARA-TABLETAS-DE-CALCIO.webp","datePublished":"2024-05-06T14:42:37+00:00","dateModified":"2024-05-06T14:42:40+00:00","breadcrumb":{"@id":"https:\/\/distribucionarc.com\/ro\/producto\/703desempolvador-eliminador-de-polvo-para-tabletas-de-calcio\/#breadcrumb"},"inLanguage":"pl-PL","potentialAction":[{"@type":"ReadAction","target":["https:\/\/distribucionarc.com\/ro\/producto\/703desempolvador-eliminador-de-polvo-para-tabletas-de-calcio\/"]}]},{"@type":"ImageObject","inLanguage":"pl-PL","@id":"https:\/\/distribucionarc.com\/ro\/producto\/703desempolvador-eliminador-de-polvo-para-tabletas-de-calcio\/#primaryimage","url":"https:\/\/distribucionarc.com\/wp-content\/uploads\/2024\/05\/DESEMPOLVADOR-ELIMINADOR-DE-POLVO-PARA-TABLETAS-DE-CALCIO.webp","contentUrl":"https:\/\/distribucionarc.com\/wp-content\/uploads\/2024\/05\/DESEMPOLVADOR-ELIMINADOR-DE-POLVO-PARA-TABLETAS-DE-CALCIO.webp","width":944,"height":968,"caption":"#image_title"},{"@type":"BreadcrumbList","@id":"https:\/\/distribucionarc.com\/ro\/producto\/703desempolvador-eliminador-de-polvo-para-tabletas-de-calcio\/#breadcrumb","itemListElement":[{"@type":"ListItem","position":1,"name":"Portada","item":"https:\/\/distribucionarc.com\/ar\/"},{"@type":"ListItem","position":2,"name":"Proizvodi","item":"https:\/\/www.distribucionarc.com\/hr\/ducan\/"},{"@type":"ListItem","position":3,"name":"DESEMPOLVADOR ELIMINADOR DE POLVO PARA TABLETAS DE CALCIO"}]},{"@type":"WebSite","@id":"https:\/\/distribucionarc.com\/ro\/#website","url":"https:\/\/distribucionarc.com\/ro\/","name":"Dystrybucja ARC","description":"Firma specjalizuj\u0105ca si\u0119 w produkcji i dystrybucji maszyn przemys\u0142owych, zgrzewarek do puszek, maszyn do produkcji tabletek, maszyn do ci\u0119cia mi\u0119sa...","publisher":{"@id":"https:\/\/distribucionarc.com\/ro\/#organization"},"potentialAction":[{"@type":"SearchAction","target":{"@type":"EntryPoint","urlTemplate":"https:\/\/distribucionarc.com\/ro\/?s={search_term_string}"},"query-input":{"@type":"PropertyValueSpecification","valueRequired":true,"valueName":"search_term_string"}}],"inLanguage":"pl-PL"},{"@type":"Organization","@id":"https:\/\/distribucionarc.com\/ro\/#organization","name":"Dystrybucja ARC","url":"https:\/\/distribucionarc.com\/ro\/","logo":{"@type":"ImageObject","inLanguage":"pl-PL","@id":"https:\/\/distribucionarc.com\/ro\/#\/schema\/logo\/image\/","url":"https:\/\/distribucionarc.com\/wp-content\/uploads\/2024\/10\/distribucion-ARC-COLOR-SIN-FONDO-e1732295305345.png","contentUrl":"https:\/\/distribucionarc.com\/wp-content\/uploads\/2024\/10\/distribucion-ARC-COLOR-SIN-FONDO-e1732295305345.png","width":1164,"height":558,"caption":"Distribuci\u00f3n ARC"},"image":{"@id":"https:\/\/distribucionarc.com\/ro\/#\/schema\/logo\/image\/"},"description":"Firma specjalizuj\u0105ca si\u0119 w produkcji i dystrybucji maszyn przemys\u0142owych dla sektora spo\u017cywczego i farmaceutycznego. Specjalizujemy si\u0119 w: Maszyny do krojenia mi\u0119sa Produkcja tabletek Przemys\u0142owe systemy transportowe Linie butelkuj\u0105ce Dozowniki I wiele wi\u0119cej.... Oferujemy innowacyjne i niestandardowe rozwi\u0105zania w celu optymalizacji proces\u00f3w produkcyjnych w Twojej firmie.","email":"Admistracion@distribucionarc.com","telephone":"+34 643496664","legalName":"ARC TECH SOLUTIONS","foundingDate":"2024-04-09","vatID":"B55480172","numberOfEmployees":{"@type":"QuantitativeValue","minValue":"1","maxValue":"10"}}]}},"_links":{"self":[{"href":"https:\/\/distribucionarc.com\/pl\/wp-json\/wp\/v2\/product\/7035","targetHints":{"allow":["GET"]}}],"collection":[{"href":"https:\/\/distribucionarc.com\/pl\/wp-json\/wp\/v2\/product"}],"about":[{"href":"https:\/\/distribucionarc.com\/pl\/wp-json\/wp\/v2\/types\/product"}],"replies":[{"embeddable":true,"href":"https:\/\/distribucionarc.com\/pl\/wp-json\/wp\/v2\/comments?post=7035"}],"version-history":[{"count":0,"href":"https:\/\/distribucionarc.com\/pl\/wp-json\/wp\/v2\/product\/7035\/revisions"}],"wp:featuredmedia":[{"embeddable":true,"href":"https:\/\/distribucionarc.com\/pl\/wp-json\/wp\/v2\/media\/7037"}],"wp:attachment":[{"href":"https:\/\/distribucionarc.com\/pl\/wp-json\/wp\/v2\/media?parent=7035"}],"wp:term":[{"taxonomy":"product_brand","embeddable":true,"href":"https:\/\/distribucionarc.com\/pl\/wp-json\/wp\/v2\/product_brand?post=7035"},{"taxonomy":"product_cat","embeddable":true,"href":"https:\/\/distribucionarc.com\/pl\/wp-json\/wp\/v2\/product_cat?post=7035"},{"taxonomy":"product_tag","embeddable":true,"href":"https:\/\/distribucionarc.com\/pl\/wp-json\/wp\/v2\/product_tag?post=7035"}],"curies":[{"name":"wp","href":"https:\/\/api.w.org\/{rel}","templated":true}]}}