{"id":7052,"date":"2024-05-06T15:19:21","date_gmt":"2024-05-06T15:19:21","guid":{"rendered":"https:\/\/distribucionarc.com\/?post_type=product&#038;p=7052"},"modified":"2024-05-06T15:19:23","modified_gmt":"2024-05-06T15:19:23","slug":"polerka-do-kapsulek-z-konopi-indyjskich","status":"publish","type":"product","link":"https:\/\/distribucionarc.com\/pl\/producto\/pulidora-de-capsulas-de-cannabis\/","title":{"rendered":"MASZYNA DO POLEROWANIA KAPSU\u0141EK Z KONOPI"},"content":{"rendered":"<p>Odkryj <strong>Polerka kapsu\u0142kowa YARJP-A<\/strong>, zaprojektowany specjalnie dla <strong>kapsu\u0142ki z ekstraktem ro\u015blin leczniczych, takich jak konopie indyjskie<\/strong> w rozmiarach #00-5. Sprz\u0119t ten skutecznie usuwa kurz, nie uszkadzaj\u0105c kapsu\u0142y, gwarantuj\u0105c nienagann\u0105 prezentacj\u0119 Twoich produkt\u00f3w. Wykonany z wysokiej jako\u015bci materia\u0142u SS304, zapewnia bezpieczny cz\u0119\u015bciowy kontakt z surowcem i spe\u0142nia standardy dobrej praktyki produkcyjnej GMP. Ponadto, <strong>Polerka kapsu\u0142kowa YARJP-A<\/strong> Mo\u017cna j\u0105 wyposa\u017cy\u0107 w specjalny podajnik umo\u017cliwiaj\u0105cy po\u0142\u0105czenie z automatyczn\u0105 maszyn\u0105 nape\u0142niaj\u0105c\u0105, co u\u0142atwi jej integracj\u0119 z lini\u0105 produkcyjn\u0105. Optymalizuj swoje procesy i dbaj o jako\u015b\u0107 swoich produkt\u00f3w <strong>kapsu\u0142ki z konopi indyjskich<\/strong> dzi\u0119ki temu zaawansowanemu i niezawodnemu rozwi\u0105zaniu.<\/p>\n<p>&nbsp;<\/p>\n<table>\n<tbody>\n<tr>\n<td width=\"283\">Model<\/td>\n<td width=\"283\">YARJP-A<\/td>\n<\/tr>\n<tr>\n<td width=\"283\">Wydajno\u015b\u0107<\/td>\n<td width=\"283\">150000 jednostek\/godz<\/td>\n<\/tr>\n<tr>\n<td width=\"283\">Zasilanie<\/td>\n<td width=\"283\">220 V, 50 Hz<\/td>\n<\/tr>\n<tr>\n<td width=\"283\">podci\u015bnienie<\/td>\n<td width=\"283\">2,7 m3\/min-0,014 MPa<\/td>\n<\/tr>\n<tr>\n<td width=\"283\">Rozmiar urz\u0105dzenia (milimetry)<\/td>\n<td width=\"283\">1025*<\/p>\n<p>550*<\/p>\n<p>900*<\/td>\n<\/tr>\n<tr>\n<td width=\"283\">Rozmiar opakowania (milimetry)<\/td>\n<td width=\"283\">1130*<\/p>\n<p>620*<\/p>\n<p>750*<\/td>\n<\/tr>\n<tr>\n<td width=\"283\">Masa netto (kg)<\/td>\n<td width=\"283\">40 kg<\/td>\n<\/tr>\n<tr>\n<td width=\"283\">Waga brutto (kg)<\/td>\n<td width=\"283\">50 kg<\/td>\n<\/tr>\n<\/tbody>\n<\/table>","protected":false},"excerpt":{"rendered":"<p>Poznaj polerk\u0119 kapsu\u0142ek YARJP-A, zaprojektowan\u0105 specjalnie do kapsu\u0142ek z ekstraktami ro\u015blin leczniczych, np. z konopi, w rozmiarach #00-5.<\/p>","protected":false},"featured_media":7053,"comment_status":"open","ping_status":"closed","template":"","meta":{"wds_primary_product_brand":0,"wds_primary_product_cat":0},"product_brand":[],"product_cat":[84],"product_tag":[],"class_list":{"0":"post-7052","1":"product","2":"type-product","3":"status-publish","4":"has-post-thumbnail","6":"product_cat-maquinas-para-hacer-pastillas","8":"first","9":"instock","10":"taxable","11":"shipping-taxable","12":"product-type-simple"},"yoast_head":"<!-- This site is optimized with the Yoast SEO Premium plugin v24.9 (Yoast SEO v26.1) - https:\/\/yoast.com\/wordpress\/plugins\/seo\/ -->\n<title>PULIDORA DE CAPSULAS DE CANNABIS - distribuci\u00f3n ARC<\/title>\n<meta name=\"robots\" content=\"index, follow, max-snippet:-1, max-image-preview:large, max-video-preview:-1\" \/>\n<link rel=\"canonical\" href=\"https:\/\/distribucionarc.com\/pl\/produkty\/polerka-do-kapsulek-z-konopi-indyjskich\/\" \/>\n<meta property=\"og:locale\" content=\"pl_PL\" \/>\n<meta property=\"og:type\" content=\"article\" \/>\n<meta property=\"og:title\" content=\"PULIDORA DE CAPSULAS DE CANNABIS\" \/>\n<meta property=\"og:description\" content=\"Descubre el Pulidor de C\u00e1psulas YARJP-A, dise\u00f1ado espec\u00edficamente para c\u00e1psulas de extracto de plantas medicinales como cannabis en tama\u00f1os #00-5.\" \/>\n<meta property=\"og:url\" content=\"https:\/\/distribucionarc.com\/pl\/produkty\/polerka-do-kapsulek-z-konopi-indyjskich\/\" \/>\n<meta property=\"og:site_name\" content=\"distribuci\u00f3n ARC\" \/>\n<meta property=\"article:modified_time\" content=\"2024-05-06T15:19:23+00:00\" \/>\n<meta property=\"og:image\" content=\"https:\/\/distribucionarc.com\/wp-content\/uploads\/2024\/05\/PULIDORA-DE-CAPSULAS-DE-PLANTAS-DE-CANNABIS.webp\" \/>\n\t<meta property=\"og:image:width\" content=\"1184\" \/>\n\t<meta property=\"og:image:height\" content=\"1096\" \/>\n\t<meta property=\"og:image:type\" content=\"image\/webp\" \/>\n<meta name=\"twitter:card\" content=\"summary_large_image\" \/>\n<meta name=\"twitter:label1\" content=\"Szacowany czas czytania\" \/>\n\t<meta name=\"twitter:data1\" content=\"1 minuta\" \/>\n<script type=\"application\/ld+json\" class=\"yoast-schema-graph\">{\"@context\":\"https:\/\/schema.org\",\"@graph\":[{\"@type\":\"WebPage\",\"@id\":\"https:\/\/distribucionarc.com\/hr\/producto\/pulidora-de-capsulas-de-cannabis\/\",\"url\":\"https:\/\/distribucionarc.com\/hr\/producto\/pulidora-de-capsulas-de-cannabis\/\",\"name\":\"PULIDORA DE CAPSULAS DE CANNABIS - distribuci\u00f3n ARC\",\"isPartOf\":{\"@id\":\"https:\/\/www.distribucionarc.com\/sl\/#website\"},\"primaryImageOfPage\":{\"@id\":\"https:\/\/distribucionarc.com\/hr\/producto\/pulidora-de-capsulas-de-cannabis\/#primaryimage\"},\"image\":{\"@id\":\"https:\/\/distribucionarc.com\/hr\/producto\/pulidora-de-capsulas-de-cannabis\/#primaryimage\"},\"thumbnailUrl\":\"https:\/\/distribucionarc.com\/wp-content\/uploads\/2024\/05\/PULIDORA-DE-CAPSULAS-DE-PLANTAS-DE-CANNABIS.webp\",\"datePublished\":\"2024-05-06T15:19:21+00:00\",\"dateModified\":\"2024-05-06T15:19:23+00:00\",\"breadcrumb\":{\"@id\":\"https:\/\/distribucionarc.com\/hr\/producto\/pulidora-de-capsulas-de-cannabis\/#breadcrumb\"},\"inLanguage\":\"pl-PL\",\"potentialAction\":[{\"@type\":\"ReadAction\",\"target\":[\"https:\/\/distribucionarc.com\/hr\/producto\/pulidora-de-capsulas-de-cannabis\/\"]}]},{\"@type\":\"ImageObject\",\"inLanguage\":\"pl-PL\",\"@id\":\"https:\/\/distribucionarc.com\/hr\/producto\/pulidora-de-capsulas-de-cannabis\/#primaryimage\",\"url\":\"https:\/\/distribucionarc.com\/wp-content\/uploads\/2024\/05\/PULIDORA-DE-CAPSULAS-DE-PLANTAS-DE-CANNABIS.webp\",\"contentUrl\":\"https:\/\/distribucionarc.com\/wp-content\/uploads\/2024\/05\/PULIDORA-DE-CAPSULAS-DE-PLANTAS-DE-CANNABIS.webp\",\"width\":1184,\"height\":1096,\"caption\":\"#image_title\"},{\"@type\":\"BreadcrumbList\",\"@id\":\"https:\/\/distribucionarc.com\/hr\/producto\/pulidora-de-capsulas-de-cannabis\/#breadcrumb\",\"itemListElement\":[{\"@type\":\"ListItem\",\"position\":1,\"name\":\"Portada\",\"item\":\"https:\/\/www.distribucionarc.com\/\"},{\"@type\":\"ListItem\",\"position\":2,\"name\":\"\u00dcr\u00fcnler\",\"item\":\"https:\/\/www.distribucionarc.com\/tr\/magaza\/\"},{\"@type\":\"ListItem\",\"position\":3,\"name\":\"PULIDORA DE CAPSULAS DE CANNABIS\"}]},{\"@type\":\"WebSite\",\"@id\":\"https:\/\/www.distribucionarc.com\/sl\/#website\",\"url\":\"https:\/\/www.distribucionarc.com\/sl\/\",\"name\":\"distribuci\u00f3n ARC\",\"description\":\"Empresa especializada en la fabricaci\u00f3n y distribuci\u00f3n de maquinaria industrial, selladoras de latas, Maquinas de hacer pastillas, Maquinas de cortar carne...\",\"publisher\":{\"@id\":\"https:\/\/www.distribucionarc.com\/sl\/#organization\"},\"potentialAction\":[{\"@type\":\"SearchAction\",\"target\":{\"@type\":\"EntryPoint\",\"urlTemplate\":\"https:\/\/www.distribucionarc.com\/sl\/?s={search_term_string}\"},\"query-input\":{\"@type\":\"PropertyValueSpecification\",\"valueRequired\":true,\"valueName\":\"search_term_string\"}}],\"inLanguage\":\"pl-PL\"},{\"@type\":\"Organization\",\"@id\":\"https:\/\/www.distribucionarc.com\/sl\/#organization\",\"name\":\"Distribuci\u00f3n ARC\",\"url\":\"https:\/\/www.distribucionarc.com\/sl\/\",\"logo\":{\"@type\":\"ImageObject\",\"inLanguage\":\"pl-PL\",\"@id\":\"https:\/\/www.distribucionarc.com\/sl\/#\/schema\/logo\/image\/\",\"url\":\"https:\/\/distribucionarc.com\/wp-content\/uploads\/2024\/10\/distribucion-ARC-COLOR-SIN-FONDO-e1732295305345.png\",\"contentUrl\":\"https:\/\/distribucionarc.com\/wp-content\/uploads\/2024\/10\/distribucion-ARC-COLOR-SIN-FONDO-e1732295305345.png\",\"width\":1164,\"height\":558,\"caption\":\"Distribuci\u00f3n ARC\"},\"image\":{\"@id\":\"https:\/\/www.distribucionarc.com\/sl\/#\/schema\/logo\/image\/\"},\"description\":\"Empresa especializada en la fabricaci\u00f3n y distribuci\u00f3n de maquinaria industrial para los sectores alimentario y farmac\u00e9utico. Nos especializamos en: M\u00e1quinas de cortar carne Fabricaci\u00f3n de comprimidos Sistemas de transporte industrial L\u00edneas de embotellado Dosificadores Y mucho m\u00e1s... Ofrecemos soluciones innovadoras y personalizadas para optimizar los procesos productivos de tu empresa.\",\"email\":\"Admistracion@distribucionarc.com\",\"telephone\":\"+34 643496664\",\"legalName\":\"ARC TECH SOLUTIONS\",\"foundingDate\":\"2024-04-09\",\"vatID\":\"B55480172\",\"numberOfEmployees\":{\"@type\":\"QuantitativeValue\",\"minValue\":\"1\",\"maxValue\":\"10\"}}]}<\/script>\n<!-- \/ Yoast SEO Premium plugin. -->","yoast_head_json":{"title":"MASZYNA DO POLEROWANIA KAPSU\u0141EK Z KONOPI - dystrybucja ARC","robots":{"index":"index","follow":"follow","max-snippet":"max-snippet:-1","max-image-preview":"max-image-preview:large","max-video-preview":"max-video-preview:-1"},"canonical":"https:\/\/distribucionarc.com\/pl\/produkty\/polerka-do-kapsulek-z-konopi-indyjskich\/","og_locale":"pl_PL","og_type":"article","og_title":"PULIDORA DE CAPSULAS DE CANNABIS","og_description":"Descubre el Pulidor de C\u00e1psulas YARJP-A, dise\u00f1ado espec\u00edficamente para c\u00e1psulas de extracto de plantas medicinales como cannabis en tama\u00f1os #00-5.","og_url":"https:\/\/distribucionarc.com\/pl\/produkty\/polerka-do-kapsulek-z-konopi-indyjskich\/","og_site_name":"distribuci\u00f3n ARC","article_modified_time":"2024-05-06T15:19:23+00:00","og_image":[{"width":1184,"height":1096,"url":"https:\/\/distribucionarc.com\/wp-content\/uploads\/2024\/05\/PULIDORA-DE-CAPSULAS-DE-PLANTAS-DE-CANNABIS.webp","type":"image\/webp"}],"twitter_card":"summary_large_image","twitter_misc":{"Szacowany czas czytania":"1 minuta"},"schema":{"@context":"https:\/\/schema.org","@graph":[{"@type":"WebPage","@id":"https:\/\/distribucionarc.com\/hr\/producto\/pulidora-de-capsulas-de-cannabis\/","url":"https:\/\/distribucionarc.com\/hr\/producto\/pulidora-de-capsulas-de-cannabis\/","name":"MASZYNA DO POLEROWANIA KAPSU\u0141EK Z KONOPI - dystrybucja ARC","isPartOf":{"@id":"https:\/\/www.distribucionarc.com\/sl\/#website"},"primaryImageOfPage":{"@id":"https:\/\/distribucionarc.com\/hr\/producto\/pulidora-de-capsulas-de-cannabis\/#primaryimage"},"image":{"@id":"https:\/\/distribucionarc.com\/hr\/producto\/pulidora-de-capsulas-de-cannabis\/#primaryimage"},"thumbnailUrl":"https:\/\/distribucionarc.com\/wp-content\/uploads\/2024\/05\/PULIDORA-DE-CAPSULAS-DE-PLANTAS-DE-CANNABIS.webp","datePublished":"2024-05-06T15:19:21+00:00","dateModified":"2024-05-06T15:19:23+00:00","breadcrumb":{"@id":"https:\/\/distribucionarc.com\/hr\/producto\/pulidora-de-capsulas-de-cannabis\/#breadcrumb"},"inLanguage":"pl-PL","potentialAction":[{"@type":"ReadAction","target":["https:\/\/distribucionarc.com\/hr\/producto\/pulidora-de-capsulas-de-cannabis\/"]}]},{"@type":"ImageObject","inLanguage":"pl-PL","@id":"https:\/\/distribucionarc.com\/hr\/producto\/pulidora-de-capsulas-de-cannabis\/#primaryimage","url":"https:\/\/distribucionarc.com\/wp-content\/uploads\/2024\/05\/PULIDORA-DE-CAPSULAS-DE-PLANTAS-DE-CANNABIS.webp","contentUrl":"https:\/\/distribucionarc.com\/wp-content\/uploads\/2024\/05\/PULIDORA-DE-CAPSULAS-DE-PLANTAS-DE-CANNABIS.webp","width":1184,"height":1096,"caption":"#image_title"},{"@type":"BreadcrumbList","@id":"https:\/\/distribucionarc.com\/hr\/producto\/pulidora-de-capsulas-de-cannabis\/#breadcrumb","itemListElement":[{"@type":"ListItem","position":1,"name":"Portada","item":"https:\/\/www.distribucionarc.com\/"},{"@type":"ListItem","position":2,"name":"\u00dcr\u00fcnler","item":"https:\/\/www.distribucionarc.com\/tr\/magaza\/"},{"@type":"ListItem","position":3,"name":"PULIDORA DE CAPSULAS DE CANNABIS"}]},{"@type":"WebSite","@id":"https:\/\/www.distribucionarc.com\/sl\/#website","url":"https:\/\/www.distribucionarc.com\/sl\/","name":"Dystrybucja ARC","description":"Firma specjalizuj\u0105ca si\u0119 w produkcji i dystrybucji maszyn przemys\u0142owych, zgrzewarek do puszek, maszyn do produkcji tabletek, maszyn do ci\u0119cia mi\u0119sa...","publisher":{"@id":"https:\/\/www.distribucionarc.com\/sl\/#organization"},"potentialAction":[{"@type":"SearchAction","target":{"@type":"EntryPoint","urlTemplate":"https:\/\/www.distribucionarc.com\/sl\/?s={search_term_string}"},"query-input":{"@type":"PropertyValueSpecification","valueRequired":true,"valueName":"search_term_string"}}],"inLanguage":"pl-PL"},{"@type":"Organization","@id":"https:\/\/www.distribucionarc.com\/sl\/#organization","name":"Dystrybucja ARC","url":"https:\/\/www.distribucionarc.com\/sl\/","logo":{"@type":"ImageObject","inLanguage":"pl-PL","@id":"https:\/\/www.distribucionarc.com\/sl\/#\/schema\/logo\/image\/","url":"https:\/\/distribucionarc.com\/wp-content\/uploads\/2024\/10\/distribucion-ARC-COLOR-SIN-FONDO-e1732295305345.png","contentUrl":"https:\/\/distribucionarc.com\/wp-content\/uploads\/2024\/10\/distribucion-ARC-COLOR-SIN-FONDO-e1732295305345.png","width":1164,"height":558,"caption":"Distribuci\u00f3n ARC"},"image":{"@id":"https:\/\/www.distribucionarc.com\/sl\/#\/schema\/logo\/image\/"},"description":"Firma specjalizuj\u0105ca si\u0119 w produkcji i dystrybucji maszyn przemys\u0142owych dla sektora spo\u017cywczego i farmaceutycznego. Specjalizujemy si\u0119 w: Maszyny do krojenia mi\u0119sa Produkcja tabletek Przemys\u0142owe systemy transportowe Linie butelkuj\u0105ce Dozowniki I wiele wi\u0119cej.... Oferujemy innowacyjne i niestandardowe rozwi\u0105zania w celu optymalizacji proces\u00f3w produkcyjnych w Twojej firmie.","email":"Admistracion@distribucionarc.com","telephone":"+34 643496664","legalName":"ARC TECH SOLUTIONS","foundingDate":"2024-04-09","vatID":"B55480172","numberOfEmployees":{"@type":"QuantitativeValue","minValue":"1","maxValue":"10"}}]}},"_links":{"self":[{"href":"https:\/\/distribucionarc.com\/pl\/wp-json\/wp\/v2\/product\/7052","targetHints":{"allow":["GET"]}}],"collection":[{"href":"https:\/\/distribucionarc.com\/pl\/wp-json\/wp\/v2\/product"}],"about":[{"href":"https:\/\/distribucionarc.com\/pl\/wp-json\/wp\/v2\/types\/product"}],"replies":[{"embeddable":true,"href":"https:\/\/distribucionarc.com\/pl\/wp-json\/wp\/v2\/comments?post=7052"}],"version-history":[{"count":0,"href":"https:\/\/distribucionarc.com\/pl\/wp-json\/wp\/v2\/product\/7052\/revisions"}],"wp:featuredmedia":[{"embeddable":true,"href":"https:\/\/distribucionarc.com\/pl\/wp-json\/wp\/v2\/media\/7053"}],"wp:attachment":[{"href":"https:\/\/distribucionarc.com\/pl\/wp-json\/wp\/v2\/media?parent=7052"}],"wp:term":[{"taxonomy":"product_brand","embeddable":true,"href":"https:\/\/distribucionarc.com\/pl\/wp-json\/wp\/v2\/product_brand?post=7052"},{"taxonomy":"product_cat","embeddable":true,"href":"https:\/\/distribucionarc.com\/pl\/wp-json\/wp\/v2\/product_cat?post=7052"},{"taxonomy":"product_tag","embeddable":true,"href":"https:\/\/distribucionarc.com\/pl\/wp-json\/wp\/v2\/product_tag?post=7052"}],"curies":[{"name":"wp","href":"https:\/\/api.w.org\/{rel}","templated":true}]}}