{"id":7059,"date":"2024-05-06T16:41:28","date_gmt":"2024-05-06T16:41:28","guid":{"rendered":"https:\/\/distribucionarc.com\/?post_type=product&#038;p=7059"},"modified":"2024-05-06T16:41:30","modified_gmt":"2024-05-06T16:41:30","slug":"maszyna-do-sortowania-i-polerowania-kapsulek","status":"publish","type":"product","link":"https:\/\/distribucionarc.com\/pl\/producto\/clasificadora-y-pulidora-de-capsulas\/","title":{"rendered":"MASZYNA DO SORTOWANIA I POLEROWANIA KAPSU\u0141EK"},"content":{"rendered":"<p>Odkryj <strong>Maszyna do sortowania i polerowania kapsu\u0142ek FARJP-A<\/strong>, przeznaczony do kapsu\u0142ek w rozmiarach #00-5, kt\u00f3ry usuwa kurz nie uszkadzaj\u0105c kapsu\u0142y i mo\u017ce automatycznie oddziela\u0107 niewykwalifikowane kapsu\u0142ki. Dodatkowo maszyn\u0119 t\u0119 mo\u017cna wyposa\u017cy\u0107 w specjalny podajnik umo\u017cliwiaj\u0105cy po\u0142\u0105czenie z automatyczn\u0105 maszyn\u0105 nape\u0142niaj\u0105c\u0105, co u\u0142atwia integracj\u0119 z lini\u0105 produkcyjn\u0105. Zoptymalizuj swoje procesy i zagwarantuj jako\u015b\u0107 swoich produkt\u00f3w dzi\u0119ki temu zaawansowanemu i niezawodnemu rozwi\u0105zaniu.<\/p>\n<p>&nbsp;<\/p>\n<table>\n<tbody>\n<tr>\n<td width=\"283\">Model<\/td>\n<td width=\"283\">FARJP-A<\/td>\n<\/tr>\n<tr>\n<td width=\"283\">Produktywno\u015b\u0107 (jednostki\/godzin\u0119)<\/td>\n<td width=\"283\">300000<\/td>\n<\/tr>\n<tr>\n<td width=\"283\">Zasilanie<\/td>\n<td width=\"283\">220 V 50 Hz, drugie, 180 W<\/td>\n<\/tr>\n<tr>\n<td width=\"283\">podci\u015bnienie<\/td>\n<td width=\"283\">2,7 m3\/min-0,014 MPa<\/td>\n<\/tr>\n<tr>\n<td width=\"283\">Spr\u0119\u017cone powietrze<\/td>\n<td width=\"283\">0,25 m3\/min 0,3 MPa<\/td>\n<\/tr>\n<tr>\n<td width=\"283\">Wymiary maszyny (milimetry)<\/td>\n<td width=\"283\">800*<\/p>\n<p>550*<\/p>\n<p>1000*<\/td>\n<\/tr>\n<tr>\n<td width=\"283\">Rozmiar opakowania (milimetry)<\/td>\n<td width=\"283\">960*<\/p>\n<p>720*<\/p>\n<p>640*<\/td>\n<\/tr>\n<tr>\n<td width=\"283\">Masa maszyny<\/td>\n<td width=\"283\">45 kg<\/td>\n<\/tr>\n<tr>\n<td width=\"283\">Waga brutto<\/td>\n<td width=\"283\">&nbsp;<\/td>\n<\/tr>\n<\/tbody>\n<\/table>","protected":false},"excerpt":{"rendered":"<p>Odkryj maszyn\u0119 do sortowania i polerowania kapsu\u0142ek FARJP-A przeznaczon\u0105 do kapsu\u0142ek o rozmiarach #00-5, kt\u00f3ra usuwa kurz bez<\/p>","protected":false},"featured_media":7060,"comment_status":"open","ping_status":"closed","template":"","meta":{"wds_primary_product_brand":0,"wds_primary_product_cat":0},"product_brand":[],"product_cat":[84],"product_tag":[],"class_list":{"0":"post-7059","1":"product","2":"type-product","3":"status-publish","4":"has-post-thumbnail","6":"product_cat-maquinas-para-hacer-pastillas","8":"first","9":"instock","10":"taxable","11":"shipping-taxable","12":"product-type-simple"},"yoast_head":"<!-- This site is optimized with the Yoast SEO Premium plugin v24.9 (Yoast SEO v26.1) - https:\/\/yoast.com\/wordpress\/plugins\/seo\/ -->\n<title>CLASIFICADORA Y PULIDORA DE CAPSULAS - distribuci\u00f3n ARC<\/title>\n<meta name=\"robots\" content=\"index, follow, max-snippet:-1, max-image-preview:large, max-video-preview:-1\" \/>\n<link rel=\"canonical\" href=\"https:\/\/distribucionarc.com\/pl\/produkty\/maszyna-do-sortowania-i-polerowania-kapsulek\/\" \/>\n<meta property=\"og:locale\" content=\"pl_PL\" \/>\n<meta property=\"og:type\" content=\"article\" \/>\n<meta property=\"og:title\" content=\"CLASIFICADORA Y PULIDORA DE CAPSULAS\" \/>\n<meta property=\"og:description\" content=\"Descubre la M\u00e1quina Clasificadora y Pulidora de C\u00e1psulas FARJP-A, dise\u00f1ada para c\u00e1psulas en tama\u00f1os #00-5, que elimina el polvo sin\" \/>\n<meta property=\"og:url\" content=\"https:\/\/distribucionarc.com\/pl\/produkty\/maszyna-do-sortowania-i-polerowania-kapsulek\/\" \/>\n<meta property=\"og:site_name\" content=\"distribuci\u00f3n ARC\" \/>\n<meta property=\"article:modified_time\" content=\"2024-05-06T16:41:30+00:00\" \/>\n<meta property=\"og:image\" content=\"https:\/\/distribucionarc.com\/wp-content\/uploads\/2024\/05\/CLASIFICADORA-Y-PULIDORA-DE-CAPSULAS.webp\" \/>\n\t<meta property=\"og:image:width\" content=\"1080\" \/>\n\t<meta property=\"og:image:height\" content=\"1112\" \/>\n\t<meta property=\"og:image:type\" content=\"image\/webp\" \/>\n<meta name=\"twitter:card\" content=\"summary_large_image\" \/>\n<meta name=\"twitter:label1\" content=\"Szacowany czas czytania\" \/>\n\t<meta name=\"twitter:data1\" content=\"1 minuta\" \/>\n<script type=\"application\/ld+json\" class=\"yoast-schema-graph\">{\"@context\":\"https:\/\/schema.org\",\"@graph\":[{\"@type\":\"WebPage\",\"@id\":\"https:\/\/distribucionarc.com\/en\/producto\/clasificadora-y-pulidora-de-capsulas\/\",\"url\":\"https:\/\/distribucionarc.com\/en\/producto\/clasificadora-y-pulidora-de-capsulas\/\",\"name\":\"CLASIFICADORA Y PULIDORA DE CAPSULAS - distribuci\u00f3n ARC\",\"isPartOf\":{\"@id\":\"https:\/\/distribucionarc.com\/bg\/#website\"},\"primaryImageOfPage\":{\"@id\":\"https:\/\/distribucionarc.com\/en\/producto\/clasificadora-y-pulidora-de-capsulas\/#primaryimage\"},\"image\":{\"@id\":\"https:\/\/distribucionarc.com\/en\/producto\/clasificadora-y-pulidora-de-capsulas\/#primaryimage\"},\"thumbnailUrl\":\"https:\/\/distribucionarc.com\/wp-content\/uploads\/2024\/05\/CLASIFICADORA-Y-PULIDORA-DE-CAPSULAS.webp\",\"datePublished\":\"2024-05-06T16:41:28+00:00\",\"dateModified\":\"2024-05-06T16:41:30+00:00\",\"breadcrumb\":{\"@id\":\"https:\/\/distribucionarc.com\/en\/producto\/clasificadora-y-pulidora-de-capsulas\/#breadcrumb\"},\"inLanguage\":\"pl-PL\",\"potentialAction\":[{\"@type\":\"ReadAction\",\"target\":[\"https:\/\/distribucionarc.com\/en\/producto\/clasificadora-y-pulidora-de-capsulas\/\"]}]},{\"@type\":\"ImageObject\",\"inLanguage\":\"pl-PL\",\"@id\":\"https:\/\/distribucionarc.com\/en\/producto\/clasificadora-y-pulidora-de-capsulas\/#primaryimage\",\"url\":\"https:\/\/distribucionarc.com\/wp-content\/uploads\/2024\/05\/CLASIFICADORA-Y-PULIDORA-DE-CAPSULAS.webp\",\"contentUrl\":\"https:\/\/distribucionarc.com\/wp-content\/uploads\/2024\/05\/CLASIFICADORA-Y-PULIDORA-DE-CAPSULAS.webp\",\"width\":1080,\"height\":1112,\"caption\":\"#image_title\"},{\"@type\":\"BreadcrumbList\",\"@id\":\"https:\/\/distribucionarc.com\/en\/producto\/clasificadora-y-pulidora-de-capsulas\/#breadcrumb\",\"itemListElement\":[{\"@type\":\"ListItem\",\"position\":1,\"name\":\"Portada\",\"item\":\"https:\/\/distribucionarc.com\/el\/\"},{\"@type\":\"ListItem\",\"position\":2,\"name\":\"Proizvodi\",\"item\":\"https:\/\/www.distribucionarc.com\/hr\/ducan\/\"},{\"@type\":\"ListItem\",\"position\":3,\"name\":\"CLASIFICADORA Y PULIDORA DE CAPSULAS\"}]},{\"@type\":\"WebSite\",\"@id\":\"https:\/\/distribucionarc.com\/bg\/#website\",\"url\":\"https:\/\/distribucionarc.com\/bg\/\",\"name\":\"distribuci\u00f3n ARC\",\"description\":\"Empresa especializada en la fabricaci\u00f3n y distribuci\u00f3n de maquinaria industrial, selladoras de latas, Maquinas de hacer pastillas, Maquinas de cortar carne...\",\"publisher\":{\"@id\":\"https:\/\/distribucionarc.com\/bg\/#organization\"},\"potentialAction\":[{\"@type\":\"SearchAction\",\"target\":{\"@type\":\"EntryPoint\",\"urlTemplate\":\"https:\/\/distribucionarc.com\/bg\/?s={search_term_string}\"},\"query-input\":{\"@type\":\"PropertyValueSpecification\",\"valueRequired\":true,\"valueName\":\"search_term_string\"}}],\"inLanguage\":\"pl-PL\"},{\"@type\":\"Organization\",\"@id\":\"https:\/\/distribucionarc.com\/bg\/#organization\",\"name\":\"Distribuci\u00f3n ARC\",\"url\":\"https:\/\/distribucionarc.com\/bg\/\",\"logo\":{\"@type\":\"ImageObject\",\"inLanguage\":\"pl-PL\",\"@id\":\"https:\/\/distribucionarc.com\/bg\/#\/schema\/logo\/image\/\",\"url\":\"https:\/\/distribucionarc.com\/wp-content\/uploads\/2024\/10\/distribucion-ARC-COLOR-SIN-FONDO-e1732295305345.png\",\"contentUrl\":\"https:\/\/distribucionarc.com\/wp-content\/uploads\/2024\/10\/distribucion-ARC-COLOR-SIN-FONDO-e1732295305345.png\",\"width\":1164,\"height\":558,\"caption\":\"Distribuci\u00f3n ARC\"},\"image\":{\"@id\":\"https:\/\/distribucionarc.com\/bg\/#\/schema\/logo\/image\/\"},\"description\":\"Empresa especializada en la fabricaci\u00f3n y distribuci\u00f3n de maquinaria industrial para los sectores alimentario y farmac\u00e9utico. Nos especializamos en: M\u00e1quinas de cortar carne Fabricaci\u00f3n de comprimidos Sistemas de transporte industrial L\u00edneas de embotellado Dosificadores Y mucho m\u00e1s... Ofrecemos soluciones innovadoras y personalizadas para optimizar los procesos productivos de tu empresa.\",\"email\":\"Admistracion@distribucionarc.com\",\"telephone\":\"+34 643496664\",\"legalName\":\"ARC TECH SOLUTIONS\",\"foundingDate\":\"2024-04-09\",\"vatID\":\"B55480172\",\"numberOfEmployees\":{\"@type\":\"QuantitativeValue\",\"minValue\":\"1\",\"maxValue\":\"10\"}}]}<\/script>\n<!-- \/ Yoast SEO Premium plugin. -->","yoast_head_json":{"title":"MASZYNA DO SORTOWANIA I POLEROWANIA KAPSU\u0141EK - dystrybucja \u0142uku","robots":{"index":"index","follow":"follow","max-snippet":"max-snippet:-1","max-image-preview":"max-image-preview:large","max-video-preview":"max-video-preview:-1"},"canonical":"https:\/\/distribucionarc.com\/pl\/produkty\/maszyna-do-sortowania-i-polerowania-kapsulek\/","og_locale":"pl_PL","og_type":"article","og_title":"CLASIFICADORA Y PULIDORA DE CAPSULAS","og_description":"Descubre la M\u00e1quina Clasificadora y Pulidora de C\u00e1psulas FARJP-A, dise\u00f1ada para c\u00e1psulas en tama\u00f1os #00-5, que elimina el polvo sin","og_url":"https:\/\/distribucionarc.com\/pl\/produkty\/maszyna-do-sortowania-i-polerowania-kapsulek\/","og_site_name":"distribuci\u00f3n ARC","article_modified_time":"2024-05-06T16:41:30+00:00","og_image":[{"width":1080,"height":1112,"url":"https:\/\/distribucionarc.com\/wp-content\/uploads\/2024\/05\/CLASIFICADORA-Y-PULIDORA-DE-CAPSULAS.webp","type":"image\/webp"}],"twitter_card":"summary_large_image","twitter_misc":{"Szacowany czas czytania":"1 minuta"},"schema":{"@context":"https:\/\/schema.org","@graph":[{"@type":"WebPage","@id":"https:\/\/distribucionarc.com\/en\/producto\/clasificadora-y-pulidora-de-capsulas\/","url":"https:\/\/distribucionarc.com\/en\/producto\/clasificadora-y-pulidora-de-capsulas\/","name":"MASZYNA DO SORTOWANIA I POLEROWANIA KAPSU\u0141EK - dystrybucja \u0142uku","isPartOf":{"@id":"https:\/\/distribucionarc.com\/bg\/#website"},"primaryImageOfPage":{"@id":"https:\/\/distribucionarc.com\/en\/producto\/clasificadora-y-pulidora-de-capsulas\/#primaryimage"},"image":{"@id":"https:\/\/distribucionarc.com\/en\/producto\/clasificadora-y-pulidora-de-capsulas\/#primaryimage"},"thumbnailUrl":"https:\/\/distribucionarc.com\/wp-content\/uploads\/2024\/05\/CLASIFICADORA-Y-PULIDORA-DE-CAPSULAS.webp","datePublished":"2024-05-06T16:41:28+00:00","dateModified":"2024-05-06T16:41:30+00:00","breadcrumb":{"@id":"https:\/\/distribucionarc.com\/en\/producto\/clasificadora-y-pulidora-de-capsulas\/#breadcrumb"},"inLanguage":"pl-PL","potentialAction":[{"@type":"ReadAction","target":["https:\/\/distribucionarc.com\/en\/producto\/clasificadora-y-pulidora-de-capsulas\/"]}]},{"@type":"ImageObject","inLanguage":"pl-PL","@id":"https:\/\/distribucionarc.com\/en\/producto\/clasificadora-y-pulidora-de-capsulas\/#primaryimage","url":"https:\/\/distribucionarc.com\/wp-content\/uploads\/2024\/05\/CLASIFICADORA-Y-PULIDORA-DE-CAPSULAS.webp","contentUrl":"https:\/\/distribucionarc.com\/wp-content\/uploads\/2024\/05\/CLASIFICADORA-Y-PULIDORA-DE-CAPSULAS.webp","width":1080,"height":1112,"caption":"#image_title"},{"@type":"BreadcrumbList","@id":"https:\/\/distribucionarc.com\/en\/producto\/clasificadora-y-pulidora-de-capsulas\/#breadcrumb","itemListElement":[{"@type":"ListItem","position":1,"name":"Portada","item":"https:\/\/distribucionarc.com\/el\/"},{"@type":"ListItem","position":2,"name":"Proizvodi","item":"https:\/\/www.distribucionarc.com\/hr\/ducan\/"},{"@type":"ListItem","position":3,"name":"CLASIFICADORA Y PULIDORA DE CAPSULAS"}]},{"@type":"WebSite","@id":"https:\/\/distribucionarc.com\/bg\/#website","url":"https:\/\/distribucionarc.com\/bg\/","name":"Dystrybucja ARC","description":"Firma specjalizuj\u0105ca si\u0119 w produkcji i dystrybucji maszyn przemys\u0142owych, zgrzewarek do puszek, maszyn do produkcji tabletek, maszyn do ci\u0119cia mi\u0119sa...","publisher":{"@id":"https:\/\/distribucionarc.com\/bg\/#organization"},"potentialAction":[{"@type":"SearchAction","target":{"@type":"EntryPoint","urlTemplate":"https:\/\/distribucionarc.com\/bg\/?s={search_term_string}"},"query-input":{"@type":"PropertyValueSpecification","valueRequired":true,"valueName":"search_term_string"}}],"inLanguage":"pl-PL"},{"@type":"Organization","@id":"https:\/\/distribucionarc.com\/bg\/#organization","name":"Dystrybucja ARC","url":"https:\/\/distribucionarc.com\/bg\/","logo":{"@type":"ImageObject","inLanguage":"pl-PL","@id":"https:\/\/distribucionarc.com\/bg\/#\/schema\/logo\/image\/","url":"https:\/\/distribucionarc.com\/wp-content\/uploads\/2024\/10\/distribucion-ARC-COLOR-SIN-FONDO-e1732295305345.png","contentUrl":"https:\/\/distribucionarc.com\/wp-content\/uploads\/2024\/10\/distribucion-ARC-COLOR-SIN-FONDO-e1732295305345.png","width":1164,"height":558,"caption":"Distribuci\u00f3n ARC"},"image":{"@id":"https:\/\/distribucionarc.com\/bg\/#\/schema\/logo\/image\/"},"description":"Firma specjalizuj\u0105ca si\u0119 w produkcji i dystrybucji maszyn przemys\u0142owych dla sektora spo\u017cywczego i farmaceutycznego. Specjalizujemy si\u0119 w: Maszyny do krojenia mi\u0119sa Produkcja tabletek Przemys\u0142owe systemy transportowe Linie butelkuj\u0105ce Dozowniki I wiele wi\u0119cej.... Oferujemy innowacyjne i niestandardowe rozwi\u0105zania w celu optymalizacji proces\u00f3w produkcyjnych w Twojej firmie.","email":"Admistracion@distribucionarc.com","telephone":"+34 643496664","legalName":"ARC TECH SOLUTIONS","foundingDate":"2024-04-09","vatID":"B55480172","numberOfEmployees":{"@type":"QuantitativeValue","minValue":"1","maxValue":"10"}}]}},"_links":{"self":[{"href":"https:\/\/distribucionarc.com\/pl\/wp-json\/wp\/v2\/product\/7059","targetHints":{"allow":["GET"]}}],"collection":[{"href":"https:\/\/distribucionarc.com\/pl\/wp-json\/wp\/v2\/product"}],"about":[{"href":"https:\/\/distribucionarc.com\/pl\/wp-json\/wp\/v2\/types\/product"}],"replies":[{"embeddable":true,"href":"https:\/\/distribucionarc.com\/pl\/wp-json\/wp\/v2\/comments?post=7059"}],"version-history":[{"count":0,"href":"https:\/\/distribucionarc.com\/pl\/wp-json\/wp\/v2\/product\/7059\/revisions"}],"wp:featuredmedia":[{"embeddable":true,"href":"https:\/\/distribucionarc.com\/pl\/wp-json\/wp\/v2\/media\/7060"}],"wp:attachment":[{"href":"https:\/\/distribucionarc.com\/pl\/wp-json\/wp\/v2\/media?parent=7059"}],"wp:term":[{"taxonomy":"product_brand","embeddable":true,"href":"https:\/\/distribucionarc.com\/pl\/wp-json\/wp\/v2\/product_brand?post=7059"},{"taxonomy":"product_cat","embeddable":true,"href":"https:\/\/distribucionarc.com\/pl\/wp-json\/wp\/v2\/product_cat?post=7059"},{"taxonomy":"product_tag","embeddable":true,"href":"https:\/\/distribucionarc.com\/pl\/wp-json\/wp\/v2\/product_tag?post=7059"}],"curies":[{"name":"wp","href":"https:\/\/api.w.org\/{rel}","templated":true}]}}