{"id":722,"date":"2020-07-01T18:13:10","date_gmt":"2020-07-01T18:13:10","guid":{"rendered":"https:\/\/distribucionarc.com\/?post_type=product&#038;p=722"},"modified":"2020-09-26T15:14:42","modified_gmt":"2020-09-26T15:14:42","slug":"elektryczna-frytownica-profesjonalna-przemyslowa-do-ryby-ziemniakow-etc-18l","status":"publish","type":"product","link":"https:\/\/distribucionarc.com\/pl\/producto\/freidora-electrica-profesional-industrial-para-pescado-frito-patatas-etc-18l\/","title":{"rendered":"Przemys\u0142owa profesjonalna frytownica elektryczna do sma\u017conych ryb, ziemniak\u00f3w itp. 18l"},"content":{"rendered":"<div class=\"description-row description-text\">\n<h2>Frytkownica elektryczna \u2013 18 litr\u00f3w<\/h2>\n<p>Frytkownica elektryczna <span style=\"color: #ff0000;\">DO<\/span><span style=\"color: #0000ff;\">R<\/span>C DISTRIBUTION jest przeznaczony do u\u017cytku profesjonalnego i dzia\u0142a przy napi\u0119ciu 3000 wolt\u00f3w. Pozwala w wygodny spos\u00f3b przygotowa\u0107 pyszne sma\u017cone potrawy, niezale\u017cnie od rodzaju produktu, jaki chcesz przygotowa\u0107. Idealny dla Twojego <strong>bran\u017ca restauracyjna<\/strong> albo <strong>bar,<\/strong> pozwol\u0105 Pa\u0144stwu zaoferowa\u0107 niezwyk\u0142e doznania gastronomiczne.<\/p>\n<\/div>\n<div class=\"product-icon--wrapper\">\n<div class=\"product--icon\">\n<div class=\"icon-body\">\n<div class=\"product_icon_container svg-icon\"><\/div>\n<div class=\"icon-text\">\n<p>To urz\u0105dzenie kuchenne ma maksymaln\u0105 pojemno\u015b\u0107 oleju do 14 litr\u00f3w i a <strong>ca\u0142kowita obj\u0119to\u015b\u0107 18 litr\u00f3w<\/strong>. Mo\u017cna go u\u017cywa\u0107 profesjonalnie w bardzo wszechstronny spos\u00f3b, szczeg\u00f3lnie nadaje si\u0119 do przygotowywania <strong>ryba<\/strong>, <strong>przystawki, krokiety czy chipsy.<\/strong><\/p>\n<\/div>\n<\/div>\n<h3 class=\"product--icon-headline\">Szybkie i chrupi\u0105ce przek\u0105ski z frytkownic\u0105 elektryczn\u0105 <span style=\"color: #ff0000;\">DO<\/span><span style=\"color: #0000ff;\">R<\/span>CFRT18L dla gastronomii<\/h3>\n<div class=\"icon-body\">\n<div class=\"product_icon_easy_clean svg-icon\"><\/div>\n<div class=\"icon-text\">\n<p>Elektryczny kosz do frytownicy ma wymiary 20 x 22 x 10 cm. Ewentualne resztki jedzenia, kt\u00f3re mog\u0105 pozosta\u0107 w zbiorniku, gromadz\u0105 si\u0119 na jego dnie, w tzw. strefie zimnej, dzi\u0119ki czemu nie ulegaj\u0105 spaleniu. W ten spos\u00f3b olej zachowuje sw\u00f3j naturalny smak. Ponadto spuszczenie oleju jest \u0142atwe.<\/p>\n<\/div>\n<\/div>\n<div class=\"icon-body\">\n<div class=\"product_icon_voltage svg-icon\"><\/div>\n<div class=\"icon-text\">\n<p>Dzi\u0119ki wysokiej wydajno\u015bci<strong>\u00a0element grzejny<\/strong> usuwany <strong>3000<\/strong>\u00a0<strong>wat<\/strong>olej do sma\u017cenia szybko osi\u0105ga maksymaln\u0105 temperatur\u0119 200\u00b0C. Aby uzyska\u0107 optymalne wyniki, termostat o wysokiej czu\u0142o\u015bci utrzymuje sta\u0142\u0105 temperatur\u0119 zbiornika oleju. <span style=\"color: #0000ff;\">Temperatura ta jest osi\u0105gana bardzo szybko, a dzi\u0119ki inteligentnej karcie elektronicznej zu\u017cycie energii elektrycznej jest ograniczone do minimum, gdy olej jest gor\u0105cy.<\/span> <span style=\"color: #ff0000;\">W przypadku przegrzania oleju lub zdj\u0119cia g\u0142owicy grzewczej, bezpiecznik automatycznie od\u0142\u0105cza urz\u0105dzenie.<\/span><\/p>\n<\/div>\n<\/div>\n<div class=\"icon-body\">\n<div class=\"product_icon_durable svg-icon\"><\/div>\n<div class=\"icon-text\">\n<p>Pokrowiec o nowoczesnym designie, wyprodukowany w r\u00a0<strong>stal nierdzewna o d\u0142ugiej \u017cywotno\u015bci<\/strong>, jest bardzo <strong>odporny<\/strong> a dzi\u0119ki wyjmowanemu elementowi grzejnemu jest \u0142atwy do czyszczenia. Zdecyduj si\u0119 ju\u017c dzi\u015b na wydajn\u0105 frytownic\u0119 elektryczn\u0105 \u2013 Twoi klienci i go\u015bcie b\u0119d\u0105 Ci wdzi\u0119czni.<\/p>\n<p><b>Dane techniczne<\/b><\/p>\n<ul>\n<li>Model <span style=\"color: #ff0000;\">DO<\/span><span style=\"color: #0000ff;\">R<\/span>CFRT18L<\/li>\n<li>Materia\u0142 obudowy stal nierdzewna<\/li>\n<li>Liczba koszy i depozytu 1<\/li>\n<li>Pojemno\u015b\u0107 zbiornika 18L<\/li>\n<li>Pojemno\u015b\u0107 oleju 14L<\/li>\n<li>Moc 3000 wat\u00f3w<\/li>\n<li>Brak funkcji timera<\/li>\n<li>Napi\u0119cie sieciowe 230 V \/ 50 Hz<\/li>\n<li>Wymiary 52x47x41 cm<\/li>\n<li>Waga ok. 19 kg<\/li>\n<\/ul>\n<\/div>\n<\/div>\n<\/div>\n<\/div>","protected":false},"excerpt":{"rendered":"<h2>FRYTOWNICA PRZEMYS\u0141OWA ZBIORNIK 18L<\/h2>\n<p>&nbsp;<\/p>\n<h3>Marka <span style=\"color: #ff0000;\">DO<\/span><span style=\"color: #0000ff;\">R<\/span>C wykorzystuje starannie wyselekcjonowane materia\u0142y, oferuj\u0105c tym samym wysokiej jako\u015bci produkty dla sektora przemys\u0142owego. Wysokiej jako\u015bci materia\u0142y pozwalaj\u0105 naszym produktom cieszy\u0107 si\u0119 d\u0142ug\u0105 \u017cywotno\u015bci\u0105.<\/h3>\n<p>Idealna frytkownica do sma\u017conych ryb, ziemniak\u00f3w itp.<\/p>\n<p>wszystkie nasze maszyny posiadaj\u0105 <strong>2 lata gwarancji<\/strong><\/p>\n<p><strong>wsparcie techniczne w przypadku awarii<\/strong><\/p>\n<p>wszystko, czego potrzebujesz dla swojej firmy w jednym miejscu<\/p>","protected":false},"featured_media":726,"comment_status":"open","ping_status":"closed","template":"","meta":{"wds_primary_product_brand":0,"wds_primary_product_cat":0},"product_brand":[],"product_cat":[38],"product_tag":[],"class_list":{"0":"post-722","1":"product","2":"type-product","3":"status-publish","4":"has-post-thumbnail","6":"product_cat-freidoras","7":"product_shipping_class-express","9":"first","10":"instock","11":"sale","12":"taxable","13":"shipping-taxable","14":"purchasable","15":"product-type-simple"},"yoast_head":"<!-- This site is optimized with the Yoast SEO Premium plugin v24.9 (Yoast SEO v26.1) - https:\/\/yoast.com\/wordpress\/plugins\/seo\/ -->\n<title>Freidora el\u00e9ctrica profesional industrial para pescado frito, patatas, etc. 18l - distribuci\u00f3n ARC<\/title>\n<meta name=\"robots\" content=\"index, follow, max-snippet:-1, max-image-preview:large, max-video-preview:-1\" \/>\n<link rel=\"canonical\" href=\"https:\/\/distribucionarc.com\/pl\/produkty\/elektryczna-frytownica-profesjonalna-przemyslowa-do-ryby-ziemniakow-etc-18l\/\" \/>\n<meta property=\"og:locale\" content=\"pl_PL\" \/>\n<meta property=\"og:type\" content=\"article\" \/>\n<meta property=\"og:title\" content=\"Freidora el\u00e9ctrica profesional industrial para pescado frito, patatas, etc. 18l\" \/>\n<meta property=\"og:description\" content=\"FREIDORA INDUSTRIAL TANQUE DE 18L &nbsp; La marca ARC utiliza materiales cuidadosamente seleccionados ofreciendo as\u00ed productos de alta calidad para el sector de la industria. Los materiales de alta calidad posibilitan que nuestros productos tengan una larga vida util. freidora perfecta para pescado frito, patatas, etc  toda nuestra maquinaria tiene garantia de 2 a\u00f1os  soporte tecnico en caso de averia  todo lo necesario para su negocio en un solo lugar\" \/>\n<meta property=\"og:url\" content=\"https:\/\/distribucionarc.com\/pl\/produkty\/elektryczna-frytownica-profesjonalna-przemyslowa-do-ryby-ziemniakow-etc-18l\/\" \/>\n<meta property=\"og:site_name\" content=\"distribuci\u00f3n ARC\" \/>\n<meta property=\"article:modified_time\" content=\"2020-09-26T15:14:42+00:00\" \/>\n<meta property=\"og:image\" content=\"https:\/\/distribucionarc.com\/wp-content\/uploads\/2020\/07\/freidora-profesional-industrial-18L-0.jpg\" \/>\n\t<meta property=\"og:image:width\" content=\"1500\" \/>\n\t<meta property=\"og:image:height\" content=\"1500\" \/>\n\t<meta property=\"og:image:type\" content=\"image\/jpeg\" \/>\n<meta name=\"twitter:card\" content=\"summary_large_image\" \/>\n<meta name=\"twitter:label1\" content=\"Szacowany czas czytania\" \/>\n\t<meta name=\"twitter:data1\" content=\"2 minuty\" \/>\n<script type=\"application\/ld+json\" class=\"yoast-schema-graph\">{\"@context\":\"https:\/\/schema.org\",\"@graph\":[{\"@type\":\"WebPage\",\"@id\":\"https:\/\/distribucionarc.com\/de\/producto\/freidora-electrica-profesional-industrial-para-pescado-frito-patatas-etc-18l\/\",\"url\":\"https:\/\/distribucionarc.com\/de\/producto\/freidora-electrica-profesional-industrial-para-pescado-frito-patatas-etc-18l\/\",\"name\":\"Freidora el\u00e9ctrica profesional industrial para pescado frito, patatas, etc. 18l - distribuci\u00f3n ARC\",\"isPartOf\":{\"@id\":\"https:\/\/distribucionarc.com\/bg\/#website\"},\"primaryImageOfPage\":{\"@id\":\"https:\/\/distribucionarc.com\/de\/producto\/freidora-electrica-profesional-industrial-para-pescado-frito-patatas-etc-18l\/#primaryimage\"},\"image\":{\"@id\":\"https:\/\/distribucionarc.com\/de\/producto\/freidora-electrica-profesional-industrial-para-pescado-frito-patatas-etc-18l\/#primaryimage\"},\"thumbnailUrl\":\"https:\/\/distribucionarc.com\/wp-content\/uploads\/2020\/07\/freidora-profesional-industrial-18L-0.jpg\",\"datePublished\":\"2020-07-01T18:13:10+00:00\",\"dateModified\":\"2020-09-26T15:14:42+00:00\",\"breadcrumb\":{\"@id\":\"https:\/\/distribucionarc.com\/de\/producto\/freidora-electrica-profesional-industrial-para-pescado-frito-patatas-etc-18l\/#breadcrumb\"},\"inLanguage\":\"pl-PL\",\"potentialAction\":[{\"@type\":\"ReadAction\",\"target\":[\"https:\/\/distribucionarc.com\/de\/producto\/freidora-electrica-profesional-industrial-para-pescado-frito-patatas-etc-18l\/\"]}]},{\"@type\":\"ImageObject\",\"inLanguage\":\"pl-PL\",\"@id\":\"https:\/\/distribucionarc.com\/de\/producto\/freidora-electrica-profesional-industrial-para-pescado-frito-patatas-etc-18l\/#primaryimage\",\"url\":\"https:\/\/distribucionarc.com\/wp-content\/uploads\/2020\/07\/freidora-profesional-industrial-18L-0.jpg\",\"contentUrl\":\"https:\/\/distribucionarc.com\/wp-content\/uploads\/2020\/07\/freidora-profesional-industrial-18L-0.jpg\",\"width\":1500,\"height\":1500,\"caption\":\"FREIDORA INDUSTRIAL 18L\"},{\"@type\":\"BreadcrumbList\",\"@id\":\"https:\/\/distribucionarc.com\/de\/producto\/freidora-electrica-profesional-industrial-para-pescado-frito-patatas-etc-18l\/#breadcrumb\",\"itemListElement\":[{\"@type\":\"ListItem\",\"position\":1,\"name\":\"Portada\",\"item\":\"https:\/\/distribucionarc.com\/nb\/\"},{\"@type\":\"ListItem\",\"position\":2,\"name\":\"Products\",\"item\":\"https:\/\/www.distribucionarc.com\/en\/shop\/\"},{\"@type\":\"ListItem\",\"position\":3,\"name\":\"Freidora el\u00e9ctrica profesional industrial para pescado frito, patatas, etc. 18l\"}]},{\"@type\":\"WebSite\",\"@id\":\"https:\/\/distribucionarc.com\/bg\/#website\",\"url\":\"https:\/\/distribucionarc.com\/bg\/\",\"name\":\"distribuci\u00f3n ARC\",\"description\":\"Empresa especializada en la fabricaci\u00f3n y distribuci\u00f3n de maquinaria industrial, selladoras de latas, Maquinas de hacer pastillas, Maquinas de cortar carne...\",\"publisher\":{\"@id\":\"https:\/\/distribucionarc.com\/bg\/#organization\"},\"potentialAction\":[{\"@type\":\"SearchAction\",\"target\":{\"@type\":\"EntryPoint\",\"urlTemplate\":\"https:\/\/distribucionarc.com\/bg\/?s={search_term_string}\"},\"query-input\":{\"@type\":\"PropertyValueSpecification\",\"valueRequired\":true,\"valueName\":\"search_term_string\"}}],\"inLanguage\":\"pl-PL\"},{\"@type\":\"Organization\",\"@id\":\"https:\/\/distribucionarc.com\/bg\/#organization\",\"name\":\"Distribuci\u00f3n ARC\",\"url\":\"https:\/\/distribucionarc.com\/bg\/\",\"logo\":{\"@type\":\"ImageObject\",\"inLanguage\":\"pl-PL\",\"@id\":\"https:\/\/distribucionarc.com\/bg\/#\/schema\/logo\/image\/\",\"url\":\"https:\/\/distribucionarc.com\/wp-content\/uploads\/2024\/10\/distribucion-ARC-COLOR-SIN-FONDO-e1732295305345.png\",\"contentUrl\":\"https:\/\/distribucionarc.com\/wp-content\/uploads\/2024\/10\/distribucion-ARC-COLOR-SIN-FONDO-e1732295305345.png\",\"width\":1164,\"height\":558,\"caption\":\"Distribuci\u00f3n ARC\"},\"image\":{\"@id\":\"https:\/\/distribucionarc.com\/bg\/#\/schema\/logo\/image\/\"},\"description\":\"Empresa especializada en la fabricaci\u00f3n y distribuci\u00f3n de maquinaria industrial para los sectores alimentario y farmac\u00e9utico. Nos especializamos en: M\u00e1quinas de cortar carne Fabricaci\u00f3n de comprimidos Sistemas de transporte industrial L\u00edneas de embotellado Dosificadores Y mucho m\u00e1s... Ofrecemos soluciones innovadoras y personalizadas para optimizar los procesos productivos de tu empresa.\",\"email\":\"Admistracion@distribucionarc.com\",\"telephone\":\"+34 643496664\",\"legalName\":\"ARC TECH SOLUTIONS\",\"foundingDate\":\"2024-04-09\",\"vatID\":\"B55480172\",\"numberOfEmployees\":{\"@type\":\"QuantitativeValue\",\"minValue\":\"1\",\"maxValue\":\"10\"}}]}<\/script>\n<!-- \/ Yoast SEO Premium plugin. -->","yoast_head_json":{"title":"Przemys\u0142owa profesjonalna frytkownica elektryczna do sma\u017conych ryb, ziemniak\u00f3w itp. 18l - dystrybucja ARC","robots":{"index":"index","follow":"follow","max-snippet":"max-snippet:-1","max-image-preview":"max-image-preview:large","max-video-preview":"max-video-preview:-1"},"canonical":"https:\/\/distribucionarc.com\/pl\/produkty\/elektryczna-frytownica-profesjonalna-przemyslowa-do-ryby-ziemniakow-etc-18l\/","og_locale":"pl_PL","og_type":"article","og_title":"Freidora el\u00e9ctrica profesional industrial para pescado frito, patatas, etc. 18l","og_description":"FREIDORA INDUSTRIAL TANQUE DE 18L &nbsp; La marca ARC utiliza materiales cuidadosamente seleccionados ofreciendo as\u00ed productos de alta calidad para el sector de la industria. Los materiales de alta calidad posibilitan que nuestros productos tengan una larga vida util. freidora perfecta para pescado frito, patatas, etc  toda nuestra maquinaria tiene garantia de 2 a\u00f1os  soporte tecnico en caso de averia  todo lo necesario para su negocio en un solo lugar","og_url":"https:\/\/distribucionarc.com\/pl\/produkty\/elektryczna-frytownica-profesjonalna-przemyslowa-do-ryby-ziemniakow-etc-18l\/","og_site_name":"distribuci\u00f3n ARC","article_modified_time":"2020-09-26T15:14:42+00:00","og_image":[{"width":1500,"height":1500,"url":"https:\/\/distribucionarc.com\/wp-content\/uploads\/2020\/07\/freidora-profesional-industrial-18L-0.jpg","type":"image\/jpeg"}],"twitter_card":"summary_large_image","twitter_misc":{"Szacowany czas czytania":"2 minuty"},"schema":{"@context":"https:\/\/schema.org","@graph":[{"@type":"WebPage","@id":"https:\/\/distribucionarc.com\/de\/producto\/freidora-electrica-profesional-industrial-para-pescado-frito-patatas-etc-18l\/","url":"https:\/\/distribucionarc.com\/de\/producto\/freidora-electrica-profesional-industrial-para-pescado-frito-patatas-etc-18l\/","name":"Przemys\u0142owa profesjonalna frytkownica elektryczna do sma\u017conych ryb, ziemniak\u00f3w itp. 18l - dystrybucja ARC","isPartOf":{"@id":"https:\/\/distribucionarc.com\/bg\/#website"},"primaryImageOfPage":{"@id":"https:\/\/distribucionarc.com\/de\/producto\/freidora-electrica-profesional-industrial-para-pescado-frito-patatas-etc-18l\/#primaryimage"},"image":{"@id":"https:\/\/distribucionarc.com\/de\/producto\/freidora-electrica-profesional-industrial-para-pescado-frito-patatas-etc-18l\/#primaryimage"},"thumbnailUrl":"https:\/\/distribucionarc.com\/wp-content\/uploads\/2020\/07\/freidora-profesional-industrial-18L-0.jpg","datePublished":"2020-07-01T18:13:10+00:00","dateModified":"2020-09-26T15:14:42+00:00","breadcrumb":{"@id":"https:\/\/distribucionarc.com\/de\/producto\/freidora-electrica-profesional-industrial-para-pescado-frito-patatas-etc-18l\/#breadcrumb"},"inLanguage":"pl-PL","potentialAction":[{"@type":"ReadAction","target":["https:\/\/distribucionarc.com\/de\/producto\/freidora-electrica-profesional-industrial-para-pescado-frito-patatas-etc-18l\/"]}]},{"@type":"ImageObject","inLanguage":"pl-PL","@id":"https:\/\/distribucionarc.com\/de\/producto\/freidora-electrica-profesional-industrial-para-pescado-frito-patatas-etc-18l\/#primaryimage","url":"https:\/\/distribucionarc.com\/wp-content\/uploads\/2020\/07\/freidora-profesional-industrial-18L-0.jpg","contentUrl":"https:\/\/distribucionarc.com\/wp-content\/uploads\/2020\/07\/freidora-profesional-industrial-18L-0.jpg","width":1500,"height":1500,"caption":"FREIDORA INDUSTRIAL 18L"},{"@type":"BreadcrumbList","@id":"https:\/\/distribucionarc.com\/de\/producto\/freidora-electrica-profesional-industrial-para-pescado-frito-patatas-etc-18l\/#breadcrumb","itemListElement":[{"@type":"ListItem","position":1,"name":"Portada","item":"https:\/\/distribucionarc.com\/nb\/"},{"@type":"ListItem","position":2,"name":"Products","item":"https:\/\/www.distribucionarc.com\/en\/shop\/"},{"@type":"ListItem","position":3,"name":"Freidora el\u00e9ctrica profesional industrial para pescado frito, patatas, etc. 18l"}]},{"@type":"WebSite","@id":"https:\/\/distribucionarc.com\/bg\/#website","url":"https:\/\/distribucionarc.com\/bg\/","name":"Dystrybucja ARC","description":"Firma specjalizuj\u0105ca si\u0119 w produkcji i dystrybucji maszyn przemys\u0142owych, zgrzewarek do puszek, maszyn do produkcji tabletek, maszyn do ci\u0119cia mi\u0119sa...","publisher":{"@id":"https:\/\/distribucionarc.com\/bg\/#organization"},"potentialAction":[{"@type":"SearchAction","target":{"@type":"EntryPoint","urlTemplate":"https:\/\/distribucionarc.com\/bg\/?s={search_term_string}"},"query-input":{"@type":"PropertyValueSpecification","valueRequired":true,"valueName":"search_term_string"}}],"inLanguage":"pl-PL"},{"@type":"Organization","@id":"https:\/\/distribucionarc.com\/bg\/#organization","name":"Dystrybucja ARC","url":"https:\/\/distribucionarc.com\/bg\/","logo":{"@type":"ImageObject","inLanguage":"pl-PL","@id":"https:\/\/distribucionarc.com\/bg\/#\/schema\/logo\/image\/","url":"https:\/\/distribucionarc.com\/wp-content\/uploads\/2024\/10\/distribucion-ARC-COLOR-SIN-FONDO-e1732295305345.png","contentUrl":"https:\/\/distribucionarc.com\/wp-content\/uploads\/2024\/10\/distribucion-ARC-COLOR-SIN-FONDO-e1732295305345.png","width":1164,"height":558,"caption":"Distribuci\u00f3n ARC"},"image":{"@id":"https:\/\/distribucionarc.com\/bg\/#\/schema\/logo\/image\/"},"description":"Firma specjalizuj\u0105ca si\u0119 w produkcji i dystrybucji maszyn przemys\u0142owych dla sektora spo\u017cywczego i farmaceutycznego. Specjalizujemy si\u0119 w: Maszyny do krojenia mi\u0119sa Produkcja tabletek Przemys\u0142owe systemy transportowe Linie butelkuj\u0105ce Dozowniki I wiele wi\u0119cej.... Oferujemy innowacyjne i niestandardowe rozwi\u0105zania w celu optymalizacji proces\u00f3w produkcyjnych w Twojej firmie.","email":"Admistracion@distribucionarc.com","telephone":"+34 643496664","legalName":"ARC TECH SOLUTIONS","foundingDate":"2024-04-09","vatID":"B55480172","numberOfEmployees":{"@type":"QuantitativeValue","minValue":"1","maxValue":"10"}}]}},"_links":{"self":[{"href":"https:\/\/distribucionarc.com\/pl\/wp-json\/wp\/v2\/product\/722","targetHints":{"allow":["GET"]}}],"collection":[{"href":"https:\/\/distribucionarc.com\/pl\/wp-json\/wp\/v2\/product"}],"about":[{"href":"https:\/\/distribucionarc.com\/pl\/wp-json\/wp\/v2\/types\/product"}],"replies":[{"embeddable":true,"href":"https:\/\/distribucionarc.com\/pl\/wp-json\/wp\/v2\/comments?post=722"}],"version-history":[{"count":0,"href":"https:\/\/distribucionarc.com\/pl\/wp-json\/wp\/v2\/product\/722\/revisions"}],"wp:featuredmedia":[{"embeddable":true,"href":"https:\/\/distribucionarc.com\/pl\/wp-json\/wp\/v2\/media\/726"}],"wp:attachment":[{"href":"https:\/\/distribucionarc.com\/pl\/wp-json\/wp\/v2\/media?parent=722"}],"wp:term":[{"taxonomy":"product_brand","embeddable":true,"href":"https:\/\/distribucionarc.com\/pl\/wp-json\/wp\/v2\/product_brand?post=722"},{"taxonomy":"product_cat","embeddable":true,"href":"https:\/\/distribucionarc.com\/pl\/wp-json\/wp\/v2\/product_cat?post=722"},{"taxonomy":"product_tag","embeddable":true,"href":"https:\/\/distribucionarc.com\/pl\/wp-json\/wp\/v2\/product_tag?post=722"}],"curies":[{"name":"wp","href":"https:\/\/api.w.org\/{rel}","templated":true}]}}