{"id":776,"date":"2020-07-09T06:09:14","date_gmt":"2020-07-09T06:09:14","guid":{"rendered":"https:\/\/distribucionarc.com\/?post_type=product&#038;p=776"},"modified":"2024-09-04T20:44:41","modified_gmt":"2024-09-04T20:44:41","slug":"pakowarka-pakujaca-napelniarka-workowa-dozujaca-do-proszku-soczewicy-i-roslin-straczkowych","status":"publish","type":"product","link":"https:\/\/distribucionarc.com\/pl\/producto\/empacadora-empaquetadora-llenadora-de-bolsas-dosificadora-para-polvo-lentejas-y-legumbres\/","title":{"rendered":"Maszyna pakuj\u0105ca, maszyna pakuj\u0105ca, nape\u0142niacz work\u00f3w, maszyna dozuj\u0105ca proszek, soczewic\u0119 i ro\u015bliny str\u0105czkowe"},"content":{"rendered":"<h3 class=\"LC20lb DKV0Md\">Maszyna pakuj\u0105ca, maszyna pakuj\u0105ca, maszyna pakuj\u0105ca, nape\u0142niacz work\u00f3w, maszyna dozuj\u0105ca proszek, soczewic\u0119 i ro\u015bliny str\u0105czkowe<\/h3>\n<p>&nbsp;<\/p>\n<p>Maszyna pakuj\u0105ca 10g\u27965000g<\/p>\n<p>Dzi\u0119ki naszej maszynie pakuj\u0105cej mo\u017cesz mie\u0107 skuteczne i wysokiej jako\u015bci rozwi\u0105zanie do 5000 torebek dziennie. Ta maszyna jest idealna. Najwi\u0119kszy rozmiar mo\u017ce dozowa\u0107 nieobrane orzeszki ziemne. Daje nam to szereg mo\u017cliwo\u015bci dozowania dowolnego rodzaju ro\u015blin str\u0105czkowych lub innego rodzaju produkt.<\/p>\n<p>System pakowania jest prosty, jest to system wibracyjny, stawia produkt na g\u00f3rze. Mo\u017cesz zaprogramowa\u0107 maszyn\u0119 na 3 poziomach: mi\u0119kki\/\u015bredni\/szybki. Niekt\u00f3re produkty dzia\u0142aj\u0105 lepiej na jednym lub drugim poziomie kt\u00f3ry najlepiej pasuje do Twojego produktu. lej zasypowy posiadaj\u0105cy w \u015brodku wibrator dzi\u0119ki kt\u00f3remu produkt wpada do drugiego lejka, kt\u00f3ry zwa\u017cy produkt a\u017c do wyznaczonego przez operatora poziomu nape\u0142nienia, zatrzyma si\u0119 i otworzy bram\u0119 w celu dozowania go do worka<\/p>\n<p>Wyko\u0144czenia ze stali nierdzewnej 304<\/p>\n<p>Nasza maszyna pakuj\u0105ca jest zaprojektowana modu\u0142owo, w przypadku jakiejkolwiek awarii konieczna b\u0119dzie jedynie wymiana modu\u0142u, mamy 2-letni\u0105 gwarancj\u0119, nasze maszyny przechodz\u0105 \u015bcis\u0142\u0105 kontrol\u0119 jako\u015bci<\/p>\n<p>Okular:<br \/>\nTyp: Maszyna do nape\u0142niania proszkiem MG-5000g z inteligentnym panelem<br \/>\nNapi\u0119cie robocze: tylko 220 V<br \/>\nMoc: 250 W<br \/>\nPr\u0119dko\u015b\u0107: 10 do 15 work\u00f3w\/minut\u0119<br \/>\nZakres: 10 \u2796 5000 g (mo\u017cna dowolnie regulowa\u0107)<br \/>\nRozmiar: (30 \u2716\ufe0f 50 \u2716\ufe0f 125 cm) 11,8&quot; \u2716\ufe0f 19,68&quot; \u2716\ufe0f 48&quot;<br \/>\nDok\u0142adno\u015b\u0107: +2-2g (w zale\u017cno\u015bci od wype\u0142nianego materia\u0142u)<\/p>\n<p>Materia\u0142 maszyny: stal nierdzewna<br \/>\nMasa netto: 26 kg<br \/>\nWaga opakowania: 38 kg (standardowe drewniane pude\u0142ko)<br \/>\nGwarancja jako\u015bci: 2 lata<\/p>\n<p>Certyfikat CE<\/p>\n<p>Tutaj zostawiamy film z pracy maszyny<\/p>\n<p><iframe loading=\"lazy\" src=\"https:\/\/www.youtube.com\/embed\/G3fXjF5u1L4\" width=\"560\" height=\"315\" frameborder=\"0\" allowfullscreen=\"allowfullscreen\"><\/iframe><\/p>","protected":false},"excerpt":{"rendered":"<h2><strong>Maszyna do nape\u0142niania, pakowania, pakowania i wydawania torebek<\/strong><\/h2>\n<p>Nasz <strong>maszyna do nape\u0142niania<\/strong> Jest to wszechstronne i wydajne rozwi\u0105zanie, idealne dla firm, kt\u00f3re potrzebuj\u0105 pakowa\u0107 r\u00f3\u017cne produkty w worki. Znany r\u00f3wnie\u017c jako <strong>prasa<\/strong>, <strong>uszczelka<\/strong>, albo <strong>szafarka<\/strong>, ta maszyna pasuje do szerokiej gamy produkt\u00f3w, takich jak:<\/p>\n<ul>\n<li><strong>Ro\u015bliny str\u0105czkowe<\/strong>: Ciecierzyca, soczewica, fasola.<\/li>\n<li><strong>produkty w proszku<\/strong>: M\u0105ka, cukier lub kawa w proszku.<\/li>\n<li><strong>przyprawy<\/strong>: Pieprz, oregano, kminek.<\/li>\n<li><strong>ziarna kawy<\/strong>: Ziarna kawy do palenia lub spo\u017cycia.<\/li>\n<\/ul>\n<p>Z pojemno\u015bci\u0105 nape\u0142niania, kt\u00f3r\u0105 mo\u017cna regulowa\u0107 pomi\u0119dzy <strong>10 gram\u00f3w (g)<\/strong> I <strong>5000 gram\u00f3w (g)<\/strong>, Ten <strong>wype\u0142niacz work\u00f3w<\/strong> pozwala na precyzyjne dostosowanie wagi produkt\u00f3w do potrzeb klienta. Ca\u0142ym procesem zarz\u0105dzamy poprzez \u0142atwy w obs\u0142udze panel sterowania, zapewniaj\u0105cy p\u0142ynn\u0105 i wydajn\u0105 prac\u0119.<\/p>\n<p>Co wi\u0119cej, to <strong>maszyna pakuj\u0105ca<\/strong> Posiada zdolno\u015b\u0107 produkcyjn\u0105 do <strong>800 work\u00f3w na godzin\u0119<\/strong>, co czyni go doskona\u0142ym wyborem dla firm chc\u0105cych zwi\u0119kszy\u0107 produktywno\u015b\u0107 bez po\u015bwi\u0119cania dok\u0142adno\u015bci pakowania.<\/p>\n<p>Idealny dla firm zajmuj\u0105cych si\u0119 produktami spo\u017cywczymi, nasz <strong>maszyna dozuj\u0105ca<\/strong> Zapewnia dok\u0142adne i wydajne nape\u0142nianie w celu utrzymania jako\u015bci produktu.<\/p>","protected":false},"featured_media":445,"comment_status":"open","ping_status":"closed","template":"","meta":{"wds_primary_product_brand":0,"wds_primary_product_cat":0},"product_brand":[],"product_cat":[22,21],"product_tag":[],"class_list":{"0":"post-776","1":"product","2":"type-product","3":"status-publish","4":"has-post-thumbnail","6":"product_cat-llenadora-de-bolsas-granos-y-polvo","7":"product_cat-maquinas-llenadoras","9":"first","10":"instock","11":"taxable","12":"shipping-taxable","13":"purchasable","14":"product-type-simple"},"yoast_head":"<!-- This site is optimized with the Yoast SEO Premium plugin v24.9 (Yoast SEO v26.1) - https:\/\/yoast.com\/wordpress\/plugins\/seo\/ -->\n<title>Empacadora, Empaquetadora, Llenadora de Bolsas, Dosificadora para polvo, Lentejas y Legumbres - distribuci\u00f3n ARC<\/title>\n<meta name=\"description\" content=\"M\u00e1quina de llenado, empacadora y dosificadora de bolsas, ajustable entre 10 g y 5000 g, ideal para legumbres, caf\u00e9 y especias. Capaz de producir hasta 800 bolsas por hora.\" \/>\n<meta name=\"robots\" content=\"index, follow, max-snippet:-1, max-image-preview:large, max-video-preview:-1\" \/>\n<link rel=\"canonical\" href=\"https:\/\/www.distribucionarc.com\/en\/producto\/empacadora-empaquetadora-llenadora-de-bolsas-dosificadora-para-polvo-lentejas-y-legumbres\/\" \/>\n<meta property=\"og:locale\" content=\"pl_PL\" \/>\n<meta property=\"og:type\" content=\"article\" \/>\n<meta property=\"og:title\" content=\"Empacadora, Empaquetadora, Llenadora de Bolsas, Dosificadora para polvo, Lentejas y Legumbres\" \/>\n<meta property=\"og:description\" content=\"M\u00e1quina de llenado, empacadora y dosificadora de bolsas, ajustable entre 10 g y 5000 g, ideal para legumbres, caf\u00e9 y especias. Capaz de producir hasta 800 bolsas por hora.\" \/>\n<meta property=\"og:url\" content=\"https:\/\/www.distribucionarc.com\/en\/producto\/empacadora-empaquetadora-llenadora-de-bolsas-dosificadora-para-polvo-lentejas-y-legumbres\/\" \/>\n<meta property=\"og:site_name\" content=\"distribuci\u00f3n ARC\" \/>\n<meta property=\"article:modified_time\" content=\"2024-09-04T20:44:41+00:00\" \/>\n<meta property=\"og:image\" content=\"https:\/\/www.distribucionarc.com\/wp-content\/uploads\/2020\/04\/llenadora_dosificadora_polvos_granos_automatica_0.jpg\" \/>\n\t<meta property=\"og:image:width\" content=\"800\" \/>\n\t<meta property=\"og:image:height\" content=\"800\" \/>\n\t<meta property=\"og:image:type\" content=\"image\/jpeg\" \/>\n<meta name=\"twitter:card\" content=\"summary_large_image\" \/>\n<meta name=\"twitter:label1\" content=\"Szacowany czas czytania\" \/>\n\t<meta name=\"twitter:data1\" content=\"2 minuty\" \/>\n<script type=\"application\/ld+json\" class=\"yoast-schema-graph\">{\"@context\":\"https:\/\/schema.org\",\"@graph\":[{\"@type\":\"WebPage\",\"@id\":\"https:\/\/www.distribucionarc.com\/en\/producto\/empacadora-empaquetadora-llenadora-de-bolsas-dosificadora-para-polvo-lentejas-y-legumbres\/\",\"url\":\"https:\/\/www.distribucionarc.com\/en\/producto\/empacadora-empaquetadora-llenadora-de-bolsas-dosificadora-para-polvo-lentejas-y-legumbres\/\",\"name\":\"Empacadora, Empaquetadora, Llenadora de Bolsas, Dosificadora para polvo, Lentejas y Legumbres - distribuci\u00f3n ARC\",\"isPartOf\":{\"@id\":\"https:\/\/www.distribucionarc.com\/sl\/#website\"},\"primaryImageOfPage\":{\"@id\":\"https:\/\/www.distribucionarc.com\/en\/producto\/empacadora-empaquetadora-llenadora-de-bolsas-dosificadora-para-polvo-lentejas-y-legumbres\/#primaryimage\"},\"image\":{\"@id\":\"https:\/\/www.distribucionarc.com\/en\/producto\/empacadora-empaquetadora-llenadora-de-bolsas-dosificadora-para-polvo-lentejas-y-legumbres\/#primaryimage\"},\"thumbnailUrl\":\"https:\/\/distribucionarc.com\/wp-content\/uploads\/2020\/04\/llenadora_dosificadora_polvos_granos_automatica_0.jpg\",\"datePublished\":\"2020-07-09T06:09:14+00:00\",\"dateModified\":\"2024-09-04T20:44:41+00:00\",\"description\":\"M\u00e1quina de llenado, empacadora y dosificadora de bolsas, ajustable entre 10 g y 5000 g, ideal para legumbres, caf\u00e9 y especias. Capaz de producir hasta 800 bolsas por hora.\",\"breadcrumb\":{\"@id\":\"https:\/\/www.distribucionarc.com\/en\/producto\/empacadora-empaquetadora-llenadora-de-bolsas-dosificadora-para-polvo-lentejas-y-legumbres\/#breadcrumb\"},\"inLanguage\":\"pl-PL\",\"potentialAction\":[{\"@type\":\"ReadAction\",\"target\":[\"https:\/\/www.distribucionarc.com\/en\/producto\/empacadora-empaquetadora-llenadora-de-bolsas-dosificadora-para-polvo-lentejas-y-legumbres\/\"]}]},{\"@type\":\"ImageObject\",\"inLanguage\":\"pl-PL\",\"@id\":\"https:\/\/www.distribucionarc.com\/en\/producto\/empacadora-empaquetadora-llenadora-de-bolsas-dosificadora-para-polvo-lentejas-y-legumbres\/#primaryimage\",\"url\":\"https:\/\/distribucionarc.com\/wp-content\/uploads\/2020\/04\/llenadora_dosificadora_polvos_granos_automatica_0.jpg\",\"contentUrl\":\"https:\/\/distribucionarc.com\/wp-content\/uploads\/2020\/04\/llenadora_dosificadora_polvos_granos_automatica_0.jpg\",\"width\":800,\"height\":800},{\"@type\":\"BreadcrumbList\",\"@id\":\"https:\/\/www.distribucionarc.com\/en\/producto\/empacadora-empaquetadora-llenadora-de-bolsas-dosificadora-para-polvo-lentejas-y-legumbres\/#breadcrumb\",\"itemListElement\":[{\"@type\":\"ListItem\",\"position\":1,\"name\":\"Portada\",\"item\":\"https:\/\/www.distribucionarc.com\/\"},{\"@type\":\"ListItem\",\"position\":2,\"name\":\"\u00dcr\u00fcnler\",\"item\":\"https:\/\/www.distribucionarc.com\/tr\/magaza\/\"},{\"@type\":\"ListItem\",\"position\":3,\"name\":\"Empacadora, Empaquetadora, Llenadora de Bolsas, Dosificadora para polvo, Lentejas y Legumbres\"}]},{\"@type\":\"WebSite\",\"@id\":\"https:\/\/www.distribucionarc.com\/sl\/#website\",\"url\":\"https:\/\/www.distribucionarc.com\/sl\/\",\"name\":\"distribuci\u00f3n ARC\",\"description\":\"Empresa especializada en la fabricaci\u00f3n y distribuci\u00f3n de maquinaria industrial, selladoras de latas, Maquinas de hacer pastillas, Maquinas de cortar carne...\",\"publisher\":{\"@id\":\"https:\/\/www.distribucionarc.com\/sl\/#organization\"},\"potentialAction\":[{\"@type\":\"SearchAction\",\"target\":{\"@type\":\"EntryPoint\",\"urlTemplate\":\"https:\/\/www.distribucionarc.com\/sl\/?s={search_term_string}\"},\"query-input\":{\"@type\":\"PropertyValueSpecification\",\"valueRequired\":true,\"valueName\":\"search_term_string\"}}],\"inLanguage\":\"pl-PL\"},{\"@type\":\"Organization\",\"@id\":\"https:\/\/www.distribucionarc.com\/sl\/#organization\",\"name\":\"Distribuci\u00f3n ARC\",\"url\":\"https:\/\/www.distribucionarc.com\/sl\/\",\"logo\":{\"@type\":\"ImageObject\",\"inLanguage\":\"pl-PL\",\"@id\":\"https:\/\/www.distribucionarc.com\/sl\/#\/schema\/logo\/image\/\",\"url\":\"https:\/\/distribucionarc.com\/wp-content\/uploads\/2024\/10\/distribucion-ARC-COLOR-SIN-FONDO-e1732295305345.png\",\"contentUrl\":\"https:\/\/distribucionarc.com\/wp-content\/uploads\/2024\/10\/distribucion-ARC-COLOR-SIN-FONDO-e1732295305345.png\",\"width\":1164,\"height\":558,\"caption\":\"Distribuci\u00f3n ARC\"},\"image\":{\"@id\":\"https:\/\/www.distribucionarc.com\/sl\/#\/schema\/logo\/image\/\"},\"description\":\"Empresa especializada en la fabricaci\u00f3n y distribuci\u00f3n de maquinaria industrial para los sectores alimentario y farmac\u00e9utico. Nos especializamos en: M\u00e1quinas de cortar carne Fabricaci\u00f3n de comprimidos Sistemas de transporte industrial L\u00edneas de embotellado Dosificadores Y mucho m\u00e1s... Ofrecemos soluciones innovadoras y personalizadas para optimizar los procesos productivos de tu empresa.\",\"email\":\"Admistracion@distribucionarc.com\",\"telephone\":\"+34 643496664\",\"legalName\":\"ARC TECH SOLUTIONS\",\"foundingDate\":\"2024-04-09\",\"vatID\":\"B55480172\",\"numberOfEmployees\":{\"@type\":\"QuantitativeValue\",\"minValue\":\"1\",\"maxValue\":\"10\"}}]}<\/script>\n<!-- \/ Yoast SEO Premium plugin. -->","yoast_head_json":{"title":"Maszyna pakuj\u0105ca, maszyna pakuj\u0105ca, nape\u0142niacz work\u00f3w, maszyna dozuj\u0105ca proszek, soczewic\u0119 i ro\u015bliny str\u0105czkowe - dystrybucja ARC","description":"Maszyna do nape\u0142niania, pakowania i dozowania torebek, regulowana w zakresie od 10 g do 5000 g, idealna do ro\u015blin str\u0105czkowych, kawy i przypraw. Mo\u017cliwo\u015b\u0107 produkcji do 800 work\u00f3w na godzin\u0119.","robots":{"index":"index","follow":"follow","max-snippet":"max-snippet:-1","max-image-preview":"max-image-preview:large","max-video-preview":"max-video-preview:-1"},"canonical":"https:\/\/www.distribucionarc.com\/en\/producto\/empacadora-empaquetadora-llenadora-de-bolsas-dosificadora-para-polvo-lentejas-y-legumbres\/","og_locale":"pl_PL","og_type":"article","og_title":"Empacadora, Empaquetadora, Llenadora de Bolsas, Dosificadora para polvo, Lentejas y Legumbres","og_description":"M\u00e1quina de llenado, empacadora y dosificadora de bolsas, ajustable entre 10 g y 5000 g, ideal para legumbres, caf\u00e9 y especias. Capaz de producir hasta 800 bolsas por hora.","og_url":"https:\/\/www.distribucionarc.com\/en\/producto\/empacadora-empaquetadora-llenadora-de-bolsas-dosificadora-para-polvo-lentejas-y-legumbres\/","og_site_name":"distribuci\u00f3n ARC","article_modified_time":"2024-09-04T20:44:41+00:00","og_image":[{"width":800,"height":800,"url":"https:\/\/www.distribucionarc.com\/wp-content\/uploads\/2020\/04\/llenadora_dosificadora_polvos_granos_automatica_0.jpg","type":"image\/jpeg"}],"twitter_card":"summary_large_image","twitter_misc":{"Szacowany czas czytania":"2 minuty"},"schema":{"@context":"https:\/\/schema.org","@graph":[{"@type":"WebPage","@id":"https:\/\/www.distribucionarc.com\/en\/producto\/empacadora-empaquetadora-llenadora-de-bolsas-dosificadora-para-polvo-lentejas-y-legumbres\/","url":"https:\/\/www.distribucionarc.com\/en\/producto\/empacadora-empaquetadora-llenadora-de-bolsas-dosificadora-para-polvo-lentejas-y-legumbres\/","name":"Maszyna pakuj\u0105ca, maszyna pakuj\u0105ca, nape\u0142niacz work\u00f3w, maszyna dozuj\u0105ca proszek, soczewic\u0119 i ro\u015bliny str\u0105czkowe - dystrybucja ARC","isPartOf":{"@id":"https:\/\/www.distribucionarc.com\/sl\/#website"},"primaryImageOfPage":{"@id":"https:\/\/www.distribucionarc.com\/en\/producto\/empacadora-empaquetadora-llenadora-de-bolsas-dosificadora-para-polvo-lentejas-y-legumbres\/#primaryimage"},"image":{"@id":"https:\/\/www.distribucionarc.com\/en\/producto\/empacadora-empaquetadora-llenadora-de-bolsas-dosificadora-para-polvo-lentejas-y-legumbres\/#primaryimage"},"thumbnailUrl":"https:\/\/distribucionarc.com\/wp-content\/uploads\/2020\/04\/llenadora_dosificadora_polvos_granos_automatica_0.jpg","datePublished":"2020-07-09T06:09:14+00:00","dateModified":"2024-09-04T20:44:41+00:00","description":"Maszyna do nape\u0142niania, pakowania i dozowania torebek, regulowana w zakresie od 10 g do 5000 g, idealna do ro\u015blin str\u0105czkowych, kawy i przypraw. Mo\u017cliwo\u015b\u0107 produkcji do 800 work\u00f3w na godzin\u0119.","breadcrumb":{"@id":"https:\/\/www.distribucionarc.com\/en\/producto\/empacadora-empaquetadora-llenadora-de-bolsas-dosificadora-para-polvo-lentejas-y-legumbres\/#breadcrumb"},"inLanguage":"pl-PL","potentialAction":[{"@type":"ReadAction","target":["https:\/\/www.distribucionarc.com\/en\/producto\/empacadora-empaquetadora-llenadora-de-bolsas-dosificadora-para-polvo-lentejas-y-legumbres\/"]}]},{"@type":"ImageObject","inLanguage":"pl-PL","@id":"https:\/\/www.distribucionarc.com\/en\/producto\/empacadora-empaquetadora-llenadora-de-bolsas-dosificadora-para-polvo-lentejas-y-legumbres\/#primaryimage","url":"https:\/\/distribucionarc.com\/wp-content\/uploads\/2020\/04\/llenadora_dosificadora_polvos_granos_automatica_0.jpg","contentUrl":"https:\/\/distribucionarc.com\/wp-content\/uploads\/2020\/04\/llenadora_dosificadora_polvos_granos_automatica_0.jpg","width":800,"height":800},{"@type":"BreadcrumbList","@id":"https:\/\/www.distribucionarc.com\/en\/producto\/empacadora-empaquetadora-llenadora-de-bolsas-dosificadora-para-polvo-lentejas-y-legumbres\/#breadcrumb","itemListElement":[{"@type":"ListItem","position":1,"name":"Portada","item":"https:\/\/www.distribucionarc.com\/"},{"@type":"ListItem","position":2,"name":"\u00dcr\u00fcnler","item":"https:\/\/www.distribucionarc.com\/tr\/magaza\/"},{"@type":"ListItem","position":3,"name":"Empacadora, Empaquetadora, Llenadora de Bolsas, Dosificadora para polvo, Lentejas y Legumbres"}]},{"@type":"WebSite","@id":"https:\/\/www.distribucionarc.com\/sl\/#website","url":"https:\/\/www.distribucionarc.com\/sl\/","name":"Dystrybucja ARC","description":"Firma specjalizuj\u0105ca si\u0119 w produkcji i dystrybucji maszyn przemys\u0142owych, zgrzewarek do puszek, maszyn do produkcji tabletek, maszyn do ci\u0119cia mi\u0119sa...","publisher":{"@id":"https:\/\/www.distribucionarc.com\/sl\/#organization"},"potentialAction":[{"@type":"SearchAction","target":{"@type":"EntryPoint","urlTemplate":"https:\/\/www.distribucionarc.com\/sl\/?s={search_term_string}"},"query-input":{"@type":"PropertyValueSpecification","valueRequired":true,"valueName":"search_term_string"}}],"inLanguage":"pl-PL"},{"@type":"Organization","@id":"https:\/\/www.distribucionarc.com\/sl\/#organization","name":"Dystrybucja ARC","url":"https:\/\/www.distribucionarc.com\/sl\/","logo":{"@type":"ImageObject","inLanguage":"pl-PL","@id":"https:\/\/www.distribucionarc.com\/sl\/#\/schema\/logo\/image\/","url":"https:\/\/distribucionarc.com\/wp-content\/uploads\/2024\/10\/distribucion-ARC-COLOR-SIN-FONDO-e1732295305345.png","contentUrl":"https:\/\/distribucionarc.com\/wp-content\/uploads\/2024\/10\/distribucion-ARC-COLOR-SIN-FONDO-e1732295305345.png","width":1164,"height":558,"caption":"Distribuci\u00f3n ARC"},"image":{"@id":"https:\/\/www.distribucionarc.com\/sl\/#\/schema\/logo\/image\/"},"description":"Firma specjalizuj\u0105ca si\u0119 w produkcji i dystrybucji maszyn przemys\u0142owych dla sektora spo\u017cywczego i farmaceutycznego. Specjalizujemy si\u0119 w: Maszyny do krojenia mi\u0119sa Produkcja tabletek Przemys\u0142owe systemy transportowe Linie butelkuj\u0105ce Dozowniki I wiele wi\u0119cej.... Oferujemy innowacyjne i niestandardowe rozwi\u0105zania w celu optymalizacji proces\u00f3w produkcyjnych w Twojej firmie.","email":"Admistracion@distribucionarc.com","telephone":"+34 643496664","legalName":"ARC TECH SOLUTIONS","foundingDate":"2024-04-09","vatID":"B55480172","numberOfEmployees":{"@type":"QuantitativeValue","minValue":"1","maxValue":"10"}}]}},"_links":{"self":[{"href":"https:\/\/distribucionarc.com\/pl\/wp-json\/wp\/v2\/product\/776","targetHints":{"allow":["GET"]}}],"collection":[{"href":"https:\/\/distribucionarc.com\/pl\/wp-json\/wp\/v2\/product"}],"about":[{"href":"https:\/\/distribucionarc.com\/pl\/wp-json\/wp\/v2\/types\/product"}],"replies":[{"embeddable":true,"href":"https:\/\/distribucionarc.com\/pl\/wp-json\/wp\/v2\/comments?post=776"}],"version-history":[{"count":0,"href":"https:\/\/distribucionarc.com\/pl\/wp-json\/wp\/v2\/product\/776\/revisions"}],"wp:featuredmedia":[{"embeddable":true,"href":"https:\/\/distribucionarc.com\/pl\/wp-json\/wp\/v2\/media\/445"}],"wp:attachment":[{"href":"https:\/\/distribucionarc.com\/pl\/wp-json\/wp\/v2\/media?parent=776"}],"wp:term":[{"taxonomy":"product_brand","embeddable":true,"href":"https:\/\/distribucionarc.com\/pl\/wp-json\/wp\/v2\/product_brand?post=776"},{"taxonomy":"product_cat","embeddable":true,"href":"https:\/\/distribucionarc.com\/pl\/wp-json\/wp\/v2\/product_cat?post=776"},{"taxonomy":"product_tag","embeddable":true,"href":"https:\/\/distribucionarc.com\/pl\/wp-json\/wp\/v2\/product_tag?post=776"}],"curies":[{"name":"wp","href":"https:\/\/api.w.org\/{rel}","templated":true}]}}