{"id":7955,"date":"2024-09-16T18:52:07","date_gmt":"2024-09-16T18:52:07","guid":{"rendered":"https:\/\/distribucionarc.com\/?post_type=product&#038;p=7955"},"modified":"2024-09-16T18:55:27","modified_gmt":"2024-09-16T18:55:27","slug":"konfigurowalna-maszyna-do-formowania-i-napelniania-saszetek-arll1-500-na-proszki-i-granulki","status":"publish","type":"product","link":"https:\/\/distribucionarc.com\/pl\/producto\/maquina-formadora-y-llenadora-de-bolsas-sachet-arll1-500-personalizable-para-polvos-y-granulados\/","title":{"rendered":"Maszyna do formowania i nape\u0142niania saszetek ARLL1-500 | Mo\u017cliwo\u015b\u0107 dostosowania do proszk\u00f3w i granulat\u00f3w"},"content":{"rendered":"<p>The <strong>Maszyna do formowania i nape\u0142niania work\u00f3w ARLL1-500<\/strong> Jest to wydajne i wszechstronne rozwi\u0105zanie do pakowania produkt\u00f3w sypkich i sypkich. Sprz\u0119t ten mo\u017ce formowa\u0107 i nape\u0142nia\u0107 worki typu saszetka lub opakowanie typu flow pack o zakresie nape\u0142niania od <strong>200 gram\u00f3w do 1000 gram\u00f3w<\/strong>co sprawia, \u017ce jest to opcja dostosowana do r\u00f3\u017cnych potrzeb produkcyjnych.<\/p>\n<p><strong>Dostosowywanie formy:<\/strong> Maszyna umo\u017cliwia wymian\u0119 form w celu dostosowania ich do r\u00f3\u017cnych rozmiar\u00f3w work\u00f3w, m.in <strong>21 do 28 centymetr\u00f3w<\/strong>zgodnie ze specyfikacj\u0105 klienta i obs\u0142uguje arkusze do <strong>45 do 60 centymetr\u00f3w<\/strong>. Dodatkowo jest kompatybilny z m.in <strong>opcjonalny loter<\/strong>, kt\u00f3ry drukuje dat\u0119, numer partii i dat\u0119 wa\u017cno\u015bci na opakowaniu.<\/p>\n<p>Wykonane z <strong>Stal nierdzewna 304\/316<\/strong>, to mocna i trwa\u0142a opcja, zaprojektowana z my\u015bl\u0105 o spe\u0142nieniu przepis\u00f3w obowi\u0105zuj\u0105cych w przemy\u015ble farmaceutycznym i innych wymagaj\u0105cych obszarach. Z projektem <strong>kompaktowy i mechaniczny<\/strong>maszyna jest \u0142atwa w utrzymaniu i naprawie, zapewniaj\u0105c: <strong>wysoka wydajno\u015b\u0107<\/strong> z produkcj\u0105 <strong>12 do 15 work\u00f3w na minut\u0119<\/strong>.<\/p>\n<h3>Produkty, kt\u00f3re mo\u017cesz wyprodukowa\u0107 lub przetworzy\u0107:<\/h3>\n<ul>\n<li>Proszki (takie jak mleko w proszku, kawa, suplementy)<\/li>\n<li>Granulki (takie jak cukier, s\u00f3l, p\u0142atki zbo\u017cowe)<\/li>\n<\/ul>\n<h3>Bran\u017ce, w kt\u00f3rych mo\u017cna je wdro\u017cy\u0107:<\/h3>\n<ul>\n<li>\u017bywno\u015b\u0107<\/li>\n<li>Farmaceutyczny<\/li>\n<li>Kosmetyki<\/li>\n<li>Suplementy i witaminy<\/li>\n<\/ul>\n<h3>Dane techniczne:<\/h3>\n<table>\n<thead>\n<tr>\n<th><strong>Specyfikacja<\/strong><\/th>\n<th><strong>Szczeg\u00f3\u0142<\/strong><\/th>\n<\/tr>\n<\/thead>\n<tbody>\n<tr>\n<td><strong>Model<\/strong><\/td>\n<td>ARLL1-500<\/td>\n<\/tr>\n<tr>\n<td><strong>Wymiary maszyny<\/strong><\/td>\n<td>168 centymetr\u00f3w (wysoko\u015b\u0107) x 72 centymetry (szeroko\u015b\u0107) x 56 centymetr\u00f3w (g\u0142\u0119boko\u015b\u0107)<\/td>\n<\/tr>\n<tr>\n<td><strong>Wolta\u017c<\/strong><\/td>\n<td>110\/220 V\/380 V, 50 Hz\/60 Hz<\/td>\n<\/tr>\n<tr>\n<td><strong>Zdolno\u015b\u0107 produkcyjna<\/strong><\/td>\n<td>12 \u2013 15 work\u00f3w na minut\u0119<\/td>\n<\/tr>\n<tr>\n<td><strong>Pojemno\u015b\u0107 pami\u0119ci<\/strong><\/td>\n<td>50 kilogram\u00f3w<\/td>\n<\/tr>\n<tr>\n<td><strong>Rozmiar folii worka<\/strong><\/td>\n<td>Maksymalnie: 45 \u2013 60 centymetr\u00f3w<\/td>\n<\/tr>\n<tr>\n<td><strong>Uformowany rozmiar torby<\/strong><\/td>\n<td>Maksymalnie: 21 \u2013 28 centymetr\u00f3w<\/td>\n<\/tr>\n<tr>\n<td><strong>Moc<\/strong><\/td>\n<td>990 wat\u00f3w<\/td>\n<\/tr>\n<tr>\n<td><strong>Masa maszyny<\/strong><\/td>\n<td>90 kilogram\u00f3w<\/td>\n<\/tr>\n<tr>\n<td><strong>Rozmiar zbiornika<\/strong><\/td>\n<td>29 x 29 x 44 centymetry<\/td>\n<\/tr>\n<tr>\n<td><strong>Materia\u0142 konstrukcyjny<\/strong><\/td>\n<td>Stal nierdzewna 304\/316<\/td>\n<\/tr>\n<\/tbody>\n<\/table>\n<p>Wi\u0119cej informacji na temat dystrybucji i wsparcia technicznego mo\u017cna znale\u017a\u0107 na stronie:<br \/>\n<a href=\"https:\/\/distribucionarc.com\/pl\/serwis-techniczny\/\" target=\"_new\" rel=\"noopener\"><strong>Serwis Techniczny \u2013 Dystrybucja \u0141uku<\/strong><\/a><\/p>\n<p>&nbsp;<\/p>\n<div style=\"width: 478px;\" class=\"wp-video\"><video class=\"wp-video-shortcode\" id=\"video-7955-1\" width=\"478\" height=\"850\" preload=\"metadata\" controls=\"controls\"><source type=\"video\/mp4\" src=\"https:\/\/distribucionarc.com\/wp-content\/uploads\/2024\/09\/maquina-de-llenado-y-sellador-ARC-.mp4?_=1\" \/><a href=\"https:\/\/distribucionarc.com\/wp-content\/uploads\/2024\/09\/maquina-de-llenado-y-sellador-ARC-.mp4\">https:\/\/distribucionarc.com\/wp-content\/uploads\/2024\/09\/maquina-de-llenado-y-sellador-ARC-.mp4<\/a><\/video><\/div>\n<hr \/>\n<p>Ten model maszyny wyr\u00f3\u017cnia si\u0119 elastyczno\u015bci\u0105 i mo\u017cliwo\u015bciami dostosowywania, b\u0119d\u0105c doskona\u0142\u0105 opcj\u0105 dla firm pragn\u0105cych zautomatyzowa\u0107 proces pakowania z precyzj\u0105 i wydajno\u015bci\u0105.<\/p>","protected":false},"excerpt":{"rendered":"<p>The <strong>Maszyna do formowania i nape\u0142niania saszetek ARLL1-500<\/strong> Idealnie nadaje si\u0119 do pakowania produkt\u00f3w sypkich lub granulowanych, o pojemno\u015bci nape\u0142niania <strong>200g do 1000g<\/strong>. Oferuje du\u017ce mo\u017cliwo\u015bci dostosowania wielko\u015bci toreb, opcjonalnie obejmuje <strong>drukarka wsadowa i datuj\u0105ca<\/strong> i jest produkowany w <strong>Stal nierdzewna 304\/316<\/strong>, odpowiednie dla bran\u017c takich jak farmaceutyka.<\/p>","protected":false},"featured_media":7956,"comment_status":"open","ping_status":"closed","template":"","meta":{"wds_primary_product_brand":0,"wds_primary_product_cat":0},"product_brand":[],"product_cat":[22,15,21],"product_tag":[],"class_list":{"0":"post-7955","1":"product","2":"type-product","3":"status-publish","4":"has-post-thumbnail","6":"product_cat-llenadora-de-bolsas-granos-y-polvo","7":"product_cat-llenadoras-y-selladoras-automaticas-flow-pack-sachet","8":"product_cat-maquinas-llenadoras","9":"product_shipping_class-express","11":"first","12":"instock","13":"taxable","14":"shipping-taxable","15":"purchasable","16":"product-type-simple"},"yoast_head":"<!-- This site is optimized with the Yoast SEO Premium plugin v24.9 (Yoast SEO v26.1) - https:\/\/yoast.com\/wordpress\/plugins\/seo\/ -->\n<title>M\u00e1quina Formadora y Llenadora de Bolsas Sachet ARLL1-500 | Personalizable para Polvos y Granulados - distribuci\u00f3n ARC<\/title>\n<meta name=\"robots\" content=\"index, follow, max-snippet:-1, max-image-preview:large, max-video-preview:-1\" \/>\n<link rel=\"canonical\" href=\"https:\/\/www.distribucionarc.com\/nl\/producto\/maquina-formadora-y-llenadora-de-bolsas-sachet-arll1-500-personalizable-para-polvos-y-granulados\/\" \/>\n<meta property=\"og:locale\" content=\"pl_PL\" \/>\n<meta property=\"og:type\" content=\"article\" \/>\n<meta property=\"og:title\" content=\"M\u00e1quina Formadora y Llenadora de Bolsas Sachet ARLL1-500 | Personalizable para Polvos y Granulados\" \/>\n<meta property=\"og:description\" content=\"La M\u00e1quina Formadora y Llenadora de Bolsas Sachet ARLL1-500 es ideal para envasar productos en polvo o granulados, con capacidad de llenado de 200 g a 1000 g. Ofrece alta personalizaci\u00f3n en el tama\u00f1o de las bolsas, incluye opcionalmente impresora de lote y fecha y est\u00e1 fabricada en acero inoxidable 304\/316, apta para industrias como la farmac\u00e9utica.\" \/>\n<meta property=\"og:url\" content=\"https:\/\/www.distribucionarc.com\/nl\/producto\/maquina-formadora-y-llenadora-de-bolsas-sachet-arll1-500-personalizable-para-polvos-y-granulados\/\" \/>\n<meta property=\"og:site_name\" content=\"distribuci\u00f3n ARC\" \/>\n<meta property=\"article:modified_time\" content=\"2024-09-16T18:55:27+00:00\" \/>\n<meta property=\"og:image\" content=\"https:\/\/www.distribucionarc.com\/wp-content\/uploads\/2024\/09\/Maquina-Formadora-y-Llenadora-de-Bolsas-Sachet.png\" \/>\n\t<meta property=\"og:image:width\" content=\"491\" \/>\n\t<meta property=\"og:image:height\" content=\"593\" \/>\n\t<meta property=\"og:image:type\" content=\"image\/png\" \/>\n<meta name=\"twitter:card\" content=\"summary_large_image\" \/>\n<meta name=\"twitter:label1\" content=\"Szacowany czas czytania\" \/>\n\t<meta name=\"twitter:data1\" content=\"2 minuty\" \/>\n<script type=\"application\/ld+json\" class=\"yoast-schema-graph\">{\"@context\":\"https:\/\/schema.org\",\"@graph\":[{\"@type\":\"WebPage\",\"@id\":\"https:\/\/www.distribucionarc.com\/nl\/producto\/maquina-formadora-y-llenadora-de-bolsas-sachet-arll1-500-personalizable-para-polvos-y-granulados\/\",\"url\":\"https:\/\/www.distribucionarc.com\/nl\/producto\/maquina-formadora-y-llenadora-de-bolsas-sachet-arll1-500-personalizable-para-polvos-y-granulados\/\",\"name\":\"M\u00e1quina Formadora y Llenadora de Bolsas Sachet ARLL1-500 | Personalizable para Polvos y Granulados - distribuci\u00f3n ARC\",\"isPartOf\":{\"@id\":\"https:\/\/www.distribucionarc.com\/sl\/#website\"},\"primaryImageOfPage\":{\"@id\":\"https:\/\/www.distribucionarc.com\/nl\/producto\/maquina-formadora-y-llenadora-de-bolsas-sachet-arll1-500-personalizable-para-polvos-y-granulados\/#primaryimage\"},\"image\":{\"@id\":\"https:\/\/www.distribucionarc.com\/nl\/producto\/maquina-formadora-y-llenadora-de-bolsas-sachet-arll1-500-personalizable-para-polvos-y-granulados\/#primaryimage\"},\"thumbnailUrl\":\"https:\/\/distribucionarc.com\/wp-content\/uploads\/2024\/09\/Maquina-Formadora-y-Llenadora-de-Bolsas-Sachet.png\",\"datePublished\":\"2024-09-16T18:52:07+00:00\",\"dateModified\":\"2024-09-16T18:55:27+00:00\",\"breadcrumb\":{\"@id\":\"https:\/\/www.distribucionarc.com\/nl\/producto\/maquina-formadora-y-llenadora-de-bolsas-sachet-arll1-500-personalizable-para-polvos-y-granulados\/#breadcrumb\"},\"inLanguage\":\"pl-PL\",\"potentialAction\":[{\"@type\":\"ReadAction\",\"target\":[\"https:\/\/www.distribucionarc.com\/nl\/producto\/maquina-formadora-y-llenadora-de-bolsas-sachet-arll1-500-personalizable-para-polvos-y-granulados\/\"]}]},{\"@type\":\"ImageObject\",\"inLanguage\":\"pl-PL\",\"@id\":\"https:\/\/www.distribucionarc.com\/nl\/producto\/maquina-formadora-y-llenadora-de-bolsas-sachet-arll1-500-personalizable-para-polvos-y-granulados\/#primaryimage\",\"url\":\"https:\/\/distribucionarc.com\/wp-content\/uploads\/2024\/09\/Maquina-Formadora-y-Llenadora-de-Bolsas-Sachet.png\",\"contentUrl\":\"https:\/\/distribucionarc.com\/wp-content\/uploads\/2024\/09\/Maquina-Formadora-y-Llenadora-de-Bolsas-Sachet.png\",\"width\":491,\"height\":593,\"caption\":\"M\u00e1quina Formadora y Llenadora de Bolsas Sachet\"},{\"@type\":\"BreadcrumbList\",\"@id\":\"https:\/\/www.distribucionarc.com\/nl\/producto\/maquina-formadora-y-llenadora-de-bolsas-sachet-arll1-500-personalizable-para-polvos-y-granulados\/#breadcrumb\",\"itemListElement\":[{\"@type\":\"ListItem\",\"position\":1,\"name\":\"Portada\",\"item\":\"https:\/\/www.distribucionarc.com\/\"},{\"@type\":\"ListItem\",\"position\":2,\"name\":\"\u00dcr\u00fcnler\",\"item\":\"https:\/\/www.distribucionarc.com\/tr\/magaza\/\"},{\"@type\":\"ListItem\",\"position\":3,\"name\":\"M\u00e1quina Formadora y Llenadora de Bolsas Sachet ARLL1-500 | Personalizable para Polvos y Granulados\"}]},{\"@type\":\"WebSite\",\"@id\":\"https:\/\/www.distribucionarc.com\/sl\/#website\",\"url\":\"https:\/\/www.distribucionarc.com\/sl\/\",\"name\":\"distribuci\u00f3n ARC\",\"description\":\"Empresa especializada en la fabricaci\u00f3n y distribuci\u00f3n de maquinaria industrial, selladoras de latas, Maquinas de hacer pastillas, Maquinas de cortar carne...\",\"publisher\":{\"@id\":\"https:\/\/www.distribucionarc.com\/sl\/#organization\"},\"potentialAction\":[{\"@type\":\"SearchAction\",\"target\":{\"@type\":\"EntryPoint\",\"urlTemplate\":\"https:\/\/www.distribucionarc.com\/sl\/?s={search_term_string}\"},\"query-input\":{\"@type\":\"PropertyValueSpecification\",\"valueRequired\":true,\"valueName\":\"search_term_string\"}}],\"inLanguage\":\"pl-PL\"},{\"@type\":\"Organization\",\"@id\":\"https:\/\/www.distribucionarc.com\/sl\/#organization\",\"name\":\"Distribuci\u00f3n ARC\",\"url\":\"https:\/\/www.distribucionarc.com\/sl\/\",\"logo\":{\"@type\":\"ImageObject\",\"inLanguage\":\"pl-PL\",\"@id\":\"https:\/\/www.distribucionarc.com\/sl\/#\/schema\/logo\/image\/\",\"url\":\"https:\/\/distribucionarc.com\/wp-content\/uploads\/2024\/10\/distribucion-ARC-COLOR-SIN-FONDO-e1732295305345.png\",\"contentUrl\":\"https:\/\/distribucionarc.com\/wp-content\/uploads\/2024\/10\/distribucion-ARC-COLOR-SIN-FONDO-e1732295305345.png\",\"width\":1164,\"height\":558,\"caption\":\"Distribuci\u00f3n ARC\"},\"image\":{\"@id\":\"https:\/\/www.distribucionarc.com\/sl\/#\/schema\/logo\/image\/\"},\"description\":\"Empresa especializada en la fabricaci\u00f3n y distribuci\u00f3n de maquinaria industrial para los sectores alimentario y farmac\u00e9utico. Nos especializamos en: M\u00e1quinas de cortar carne Fabricaci\u00f3n de comprimidos Sistemas de transporte industrial L\u00edneas de embotellado Dosificadores Y mucho m\u00e1s... Ofrecemos soluciones innovadoras y personalizadas para optimizar los procesos productivos de tu empresa.\",\"email\":\"Admistracion@distribucionarc.com\",\"telephone\":\"+34 643496664\",\"legalName\":\"ARC TECH SOLUTIONS\",\"foundingDate\":\"2024-04-09\",\"vatID\":\"B55480172\",\"numberOfEmployees\":{\"@type\":\"QuantitativeValue\",\"minValue\":\"1\",\"maxValue\":\"10\"}}]}<\/script>\n<!-- \/ Yoast SEO Premium plugin. -->","yoast_head_json":{"title":"Maszyna do formowania i nape\u0142niania saszetek ARLL1-500 | Mo\u017cliwo\u015b\u0107 dostosowania do proszk\u00f3w i granulat\u00f3w \u2013 dystrybucja ARC","robots":{"index":"index","follow":"follow","max-snippet":"max-snippet:-1","max-image-preview":"max-image-preview:large","max-video-preview":"max-video-preview:-1"},"canonical":"https:\/\/www.distribucionarc.com\/nl\/producto\/maquina-formadora-y-llenadora-de-bolsas-sachet-arll1-500-personalizable-para-polvos-y-granulados\/","og_locale":"pl_PL","og_type":"article","og_title":"M\u00e1quina Formadora y Llenadora de Bolsas Sachet ARLL1-500 | Personalizable para Polvos y Granulados","og_description":"La M\u00e1quina Formadora y Llenadora de Bolsas Sachet ARLL1-500 es ideal para envasar productos en polvo o granulados, con capacidad de llenado de 200 g a 1000 g. Ofrece alta personalizaci\u00f3n en el tama\u00f1o de las bolsas, incluye opcionalmente impresora de lote y fecha y est\u00e1 fabricada en acero inoxidable 304\/316, apta para industrias como la farmac\u00e9utica.","og_url":"https:\/\/www.distribucionarc.com\/nl\/producto\/maquina-formadora-y-llenadora-de-bolsas-sachet-arll1-500-personalizable-para-polvos-y-granulados\/","og_site_name":"distribuci\u00f3n ARC","article_modified_time":"2024-09-16T18:55:27+00:00","og_image":[{"width":491,"height":593,"url":"https:\/\/www.distribucionarc.com\/wp-content\/uploads\/2024\/09\/Maquina-Formadora-y-Llenadora-de-Bolsas-Sachet.png","type":"image\/png"}],"twitter_card":"summary_large_image","twitter_misc":{"Szacowany czas czytania":"2 minuty"},"schema":{"@context":"https:\/\/schema.org","@graph":[{"@type":"WebPage","@id":"https:\/\/www.distribucionarc.com\/nl\/producto\/maquina-formadora-y-llenadora-de-bolsas-sachet-arll1-500-personalizable-para-polvos-y-granulados\/","url":"https:\/\/www.distribucionarc.com\/nl\/producto\/maquina-formadora-y-llenadora-de-bolsas-sachet-arll1-500-personalizable-para-polvos-y-granulados\/","name":"Maszyna do formowania i nape\u0142niania saszetek ARLL1-500 | Mo\u017cliwo\u015b\u0107 dostosowania do proszk\u00f3w i granulat\u00f3w \u2013 dystrybucja ARC","isPartOf":{"@id":"https:\/\/www.distribucionarc.com\/sl\/#website"},"primaryImageOfPage":{"@id":"https:\/\/www.distribucionarc.com\/nl\/producto\/maquina-formadora-y-llenadora-de-bolsas-sachet-arll1-500-personalizable-para-polvos-y-granulados\/#primaryimage"},"image":{"@id":"https:\/\/www.distribucionarc.com\/nl\/producto\/maquina-formadora-y-llenadora-de-bolsas-sachet-arll1-500-personalizable-para-polvos-y-granulados\/#primaryimage"},"thumbnailUrl":"https:\/\/distribucionarc.com\/wp-content\/uploads\/2024\/09\/Maquina-Formadora-y-Llenadora-de-Bolsas-Sachet.png","datePublished":"2024-09-16T18:52:07+00:00","dateModified":"2024-09-16T18:55:27+00:00","breadcrumb":{"@id":"https:\/\/www.distribucionarc.com\/nl\/producto\/maquina-formadora-y-llenadora-de-bolsas-sachet-arll1-500-personalizable-para-polvos-y-granulados\/#breadcrumb"},"inLanguage":"pl-PL","potentialAction":[{"@type":"ReadAction","target":["https:\/\/www.distribucionarc.com\/nl\/producto\/maquina-formadora-y-llenadora-de-bolsas-sachet-arll1-500-personalizable-para-polvos-y-granulados\/"]}]},{"@type":"ImageObject","inLanguage":"pl-PL","@id":"https:\/\/www.distribucionarc.com\/nl\/producto\/maquina-formadora-y-llenadora-de-bolsas-sachet-arll1-500-personalizable-para-polvos-y-granulados\/#primaryimage","url":"https:\/\/distribucionarc.com\/wp-content\/uploads\/2024\/09\/Maquina-Formadora-y-Llenadora-de-Bolsas-Sachet.png","contentUrl":"https:\/\/distribucionarc.com\/wp-content\/uploads\/2024\/09\/Maquina-Formadora-y-Llenadora-de-Bolsas-Sachet.png","width":491,"height":593,"caption":"M\u00e1quina Formadora y Llenadora de Bolsas Sachet"},{"@type":"BreadcrumbList","@id":"https:\/\/www.distribucionarc.com\/nl\/producto\/maquina-formadora-y-llenadora-de-bolsas-sachet-arll1-500-personalizable-para-polvos-y-granulados\/#breadcrumb","itemListElement":[{"@type":"ListItem","position":1,"name":"Portada","item":"https:\/\/www.distribucionarc.com\/"},{"@type":"ListItem","position":2,"name":"\u00dcr\u00fcnler","item":"https:\/\/www.distribucionarc.com\/tr\/magaza\/"},{"@type":"ListItem","position":3,"name":"M\u00e1quina Formadora y Llenadora de Bolsas Sachet ARLL1-500 | Personalizable para Polvos y Granulados"}]},{"@type":"WebSite","@id":"https:\/\/www.distribucionarc.com\/sl\/#website","url":"https:\/\/www.distribucionarc.com\/sl\/","name":"Dystrybucja ARC","description":"Firma specjalizuj\u0105ca si\u0119 w produkcji i dystrybucji maszyn przemys\u0142owych, zgrzewarek do puszek, maszyn do produkcji tabletek, maszyn do ci\u0119cia mi\u0119sa...","publisher":{"@id":"https:\/\/www.distribucionarc.com\/sl\/#organization"},"potentialAction":[{"@type":"SearchAction","target":{"@type":"EntryPoint","urlTemplate":"https:\/\/www.distribucionarc.com\/sl\/?s={search_term_string}"},"query-input":{"@type":"PropertyValueSpecification","valueRequired":true,"valueName":"search_term_string"}}],"inLanguage":"pl-PL"},{"@type":"Organization","@id":"https:\/\/www.distribucionarc.com\/sl\/#organization","name":"Dystrybucja ARC","url":"https:\/\/www.distribucionarc.com\/sl\/","logo":{"@type":"ImageObject","inLanguage":"pl-PL","@id":"https:\/\/www.distribucionarc.com\/sl\/#\/schema\/logo\/image\/","url":"https:\/\/distribucionarc.com\/wp-content\/uploads\/2024\/10\/distribucion-ARC-COLOR-SIN-FONDO-e1732295305345.png","contentUrl":"https:\/\/distribucionarc.com\/wp-content\/uploads\/2024\/10\/distribucion-ARC-COLOR-SIN-FONDO-e1732295305345.png","width":1164,"height":558,"caption":"Distribuci\u00f3n ARC"},"image":{"@id":"https:\/\/www.distribucionarc.com\/sl\/#\/schema\/logo\/image\/"},"description":"Firma specjalizuj\u0105ca si\u0119 w produkcji i dystrybucji maszyn przemys\u0142owych dla sektora spo\u017cywczego i farmaceutycznego. Specjalizujemy si\u0119 w: Maszyny do krojenia mi\u0119sa Produkcja tabletek Przemys\u0142owe systemy transportowe Linie butelkuj\u0105ce Dozowniki I wiele wi\u0119cej.... Oferujemy innowacyjne i niestandardowe rozwi\u0105zania w celu optymalizacji proces\u00f3w produkcyjnych w Twojej firmie.","email":"Admistracion@distribucionarc.com","telephone":"+34 643496664","legalName":"ARC TECH SOLUTIONS","foundingDate":"2024-04-09","vatID":"B55480172","numberOfEmployees":{"@type":"QuantitativeValue","minValue":"1","maxValue":"10"}}]}},"_links":{"self":[{"href":"https:\/\/distribucionarc.com\/pl\/wp-json\/wp\/v2\/product\/7955","targetHints":{"allow":["GET"]}}],"collection":[{"href":"https:\/\/distribucionarc.com\/pl\/wp-json\/wp\/v2\/product"}],"about":[{"href":"https:\/\/distribucionarc.com\/pl\/wp-json\/wp\/v2\/types\/product"}],"replies":[{"embeddable":true,"href":"https:\/\/distribucionarc.com\/pl\/wp-json\/wp\/v2\/comments?post=7955"}],"version-history":[{"count":0,"href":"https:\/\/distribucionarc.com\/pl\/wp-json\/wp\/v2\/product\/7955\/revisions"}],"wp:featuredmedia":[{"embeddable":true,"href":"https:\/\/distribucionarc.com\/pl\/wp-json\/wp\/v2\/media\/7956"}],"wp:attachment":[{"href":"https:\/\/distribucionarc.com\/pl\/wp-json\/wp\/v2\/media?parent=7955"}],"wp:term":[{"taxonomy":"product_brand","embeddable":true,"href":"https:\/\/distribucionarc.com\/pl\/wp-json\/wp\/v2\/product_brand?post=7955"},{"taxonomy":"product_cat","embeddable":true,"href":"https:\/\/distribucionarc.com\/pl\/wp-json\/wp\/v2\/product_cat?post=7955"},{"taxonomy":"product_tag","embeddable":true,"href":"https:\/\/distribucionarc.com\/pl\/wp-json\/wp\/v2\/product_tag?post=7955"}],"curies":[{"name":"wp","href":"https:\/\/api.w.org\/{rel}","templated":true}]}}