{"id":886,"date":"2020-07-14T14:51:21","date_gmt":"2020-07-14T14:51:21","guid":{"rendered":"https:\/\/distribucionarc.com\/?post_type=product&#038;p=886"},"modified":"2024-09-05T14:30:52","modified_gmt":"2024-09-05T14:30:52","slug":"krepa-elektryka-profesjonalna","status":"publish","type":"product","link":"https:\/\/distribucionarc.com\/pl\/producto\/crepera-electrica-profesional\/","title":{"rendered":"Profesjonalna elektryczna nale\u015bnikarka do nale\u015bnik\u00f3w"},"content":{"rendered":"<h3>Profesjonalna elektryczna maszyna do nale\u015bnik\u00f3w<\/h3>\n<p>Maszyna <strong>profesjonalny nale\u015bnikarz<\/strong> z <strong><span style=\"color: #ff0000;\">DO<\/span><span style=\"color: #0000ff;\">R<\/span>C<\/strong> Jest zbudowany z pogrubionej obudowy zewn\u0119trznej ze stali nierdzewnej i podgrzewanego \u017celiwnego ostrza teflonowego. Nieprzywieraj\u0105ca powierzchnia pozwala na tworzenie <strong>doskona\u0142e nale\u015bniki<\/strong> opr\u00f3cz tego, \u017ce u\u0142atwia czyszczenie.<\/p>\n<p>Du\u017ca p\u0142yta grzewcza o \u015brednicy 40 cm z wbudowanymi toroidalnymi rurami grzewczymi umo\u017cliwia r\u00f3wnomierne rozprowadzenie ciep\u0142a, dzi\u0119ki czemu nale\u015bniki s\u0105 r\u00f3wnomiernie upieczone, a du\u017ca moc wyj\u015bciowa 2,8 kW zapewnia natychmiastowe nagrzewanie. Temperatur\u0119 grzania mo\u017cna regulowa\u0107 w zakresie 50-300\u00b0C za pomoc\u0105 praktycznego pokr\u0119t\u0142a, kt\u00f3re u\u0142atwia regulacj\u0119 temperatury w dowolnym momencie. Po osi\u0105gni\u0119ciu wymaganej temperatury gotowania p\u0142yta grzejna zatrzymuje ciep\u0142o, zapewniaj\u0105c: <strong><span style=\"color: #008000;\">wi\u0119ksza efektywno\u015b\u0107 energetyczna.<\/span><\/strong><\/p>\n<p>The<strong> profesjonalny nale\u015bnikarz <span style=\"color: #ff0000;\">DO<\/span><span style=\"color: #0000ff;\">R<\/span>CMCE1<\/strong> Posiada wentylatory po obu stronach dla skutecznego odprowadzania ciep\u0142a; Szuflada ma \u015brednic\u0119 (35\u00d735 cm), dzi\u0119ki czemu mo\u017cna j\u0105 lepiej dostosowa\u0107 <strong>profesjonalna maszyna<\/strong> Dzi\u0119ki swoim rozmiarom i szufladzie mo\u017cesz przechowywa\u0107 potrzebne narz\u0119dzia w zasi\u0119gu r\u0119ki.<\/p>\n<p>Ta elektryczna, profesjonalna nale\u015bnikarka mo\u017ce spe\u0142ni\u0107 wi\u0119kszo\u015b\u0107 wymaga\u0144 zak\u0142ad\u00f3w zajmuj\u0105cych si\u0119 produkcj\u0105 nale\u015bnik\u00f3w <strong>przywr\u00f3cenie<\/strong> ze wzgl\u0119du na \u0142atwo\u015b\u0107 dostosowania do r\u00f3\u017cnych sk\u0142adnik\u00f3w, takich jak <strong>nale\u015bniki<\/strong>, <strong>boczek<\/strong>, <strong>jajka<\/strong>, <strong>tortille<\/strong>, <strong>nale\u015bniki<\/strong>, <strong>p\u0142askie pieczywo<\/strong>, <strong>nale\u015bniki<\/strong> itp<\/p>\n<h6><strong>Gwarancja\u00a0<span style=\"color: #ff0000;\">DO<\/span><span style=\"color: #0000ff;\">R<\/span>C 2 LATA<\/strong><\/h6>\n<h6><span style=\"color: #008000;\">Nale\u015bnikarka elektryczna o niskim zu\u017cyciu energii 2800 W<\/span><\/h6>\n<h6><strong>wsparcie techniczne w cenie<\/strong><\/h6>\n<p>&nbsp;<\/p>\n<p>&nbsp;<\/p>\n<table role=\"presentation\" width=\"100%\" cellspacing=\"0\" cellpadding=\"0\">\n<tbody>\n<tr>\n<td class=\"attrLabels\">Temperatura:<\/td>\n<td width=\"50.0%\">50-300\u00b0C<\/td>\n<\/tr>\n<tr>\n<td class=\"attrLabels\">Kraj dystrybucji:<\/td>\n<td width=\"50.0%\">Hiszpania, Niemcy, USA<\/td>\n<td class=\"attrLabels\">Waga:<\/td>\n<td width=\"50.0%\">18,5 kg<\/td>\n<\/tr>\n<tr>\n<td class=\"attrLabels\">Marka:<\/td>\n<td width=\"50.0%\">\u0141UK<\/td>\n<td class=\"attrLabels\">Wysoko\u015b\u0107:<\/td>\n<td width=\"50.0%\">8cm<\/td>\n<\/tr>\n<tr>\n<td class=\"attrLabels\">Kolor:<\/td>\n<td width=\"50.0%\">Srebrny<\/td>\n<td class=\"attrLabels\">D\u0142ugi:<\/td>\n<td width=\"50.0%\">18,5cm<\/td>\n<\/tr>\n<tr>\n<td class=\"attrLabels\">Rodzaj produktu:<\/td>\n<td width=\"50.0%\">Elektryczna nale\u015bnikarka<\/td>\n<td class=\"attrLabels\">Szeroki:<\/td>\n<td width=\"50.0%\">18,5cm<\/td>\n<\/tr>\n<tr>\n<td class=\"attrLabels\">Numer producenta:<\/td>\n<td width=\"50.0%\">ARCME1<\/td>\n<td class=\"attrLabels\">Moc:<\/td>\n<td width=\"50.0%\">2800 W<\/td>\n<\/tr>\n<tr>\n<td class=\"attrLabels\">Tworzywo:<\/td>\n<td width=\"50.0%\">stal nierdzewna, p\u0142yta teflonowa, kontrola temperatury<\/td>\n<td class=\"attrLabels\">napi\u0119cie wej\u015bciowe<\/td>\n<td width=\"50.0%\">220 V \u2013 60 Hz<\/td>\n<\/tr>\n<tr>\n<td class=\"attrLabels\">Rozmiar nale\u015bnika:<\/td>\n<td width=\"50.0%\">\u015arednica 40 cm<\/td>\n<td class=\"attrLabels\">Gwarancja:<\/td>\n<td width=\"50.0%\">2 LATA<\/td>\n<\/tr>\n<tr>\n<td class=\"attrLabels\">Narz\u0119dzia instalacyjne:<\/td>\n<td width=\"50.0%\">Tak<\/td>\n<td class=\"attrLabels\">Produkcja:<\/td>\n<td width=\"50.0%\">1 szt<\/td>\n<\/tr>\n<\/tbody>\n<\/table>","protected":false},"excerpt":{"rendered":"<h2><strong>Profesjonalna elektryczna nale\u015bnikarka do nale\u015bnik\u00f3w \u2013 do u\u017cytku komercyjnego<\/strong><\/h2>\n<p>Nasz <strong>profesjonalna elektryczna nale\u015bnikarka<\/strong> Jest idealny dla firm, kt\u00f3re chc\u0105 szybko i wydajnie produkowa\u0107 wysokiej jako\u015bci nale\u015bniki. Zaprojektowany dla <strong>wykorzystanie komercyjne<\/strong>, ta maszyna ma <strong>40 centymetr\u00f3w (cm)<\/strong> \u015brednicy, idealny do przygotowania du\u017cych nale\u015bnik\u00f3w o jednolitym ugotowaniu.<\/p>\n<p>Maszyna nadaje si\u0119 do r\u00f3\u017cnego rodzaju pomieszcze\u0144, takich jak:<\/p>\n<ul>\n<li><strong>Kawiarnie<\/strong>: Idealne do serwowania s\u0142odkich lub pikantnych nale\u015bnik\u00f3w na \u015bniadanie lub brunch.<\/li>\n<li><strong>Restauracje<\/strong>: Idealne do w\u0142\u0105czenia nale\u015bnik\u00f3w jako cz\u0119\u015bci menu deserowego lub dania g\u0142\u00f3wnego.<\/li>\n<li><strong>food trucki<\/strong>: Ta maszyna elektryczna jest kompaktowa i wydajna, idealna do mobilnej kuchni.<\/li>\n<li><strong>Ciasta<\/strong>: Oferuje wszechstronno\u015b\u0107 potrzebn\u0105 do przygotowania r\u00f3\u017cnorodnych wypiek\u00f3w, takich jak nale\u015bniki z nadzieniem lub nale\u015bniki Suzette.<\/li>\n<\/ul>\n<p>Z tym <strong>profesjonalny nale\u015bnikarz<\/strong>mo\u017cna przygotowa\u0107 szerok\u0105 gam\u0119 produkt\u00f3w, takich jak:<\/p>\n<ul>\n<li><strong>s\u0142odkie nale\u015bniki<\/strong>: Nutella, \u015bwie\u017ce owoce, mi\u00f3d i czekolada.<\/li>\n<li><strong>pikantne nale\u015bniki<\/strong>: Szynka i ser, szpinak i feta lub kurczak i grzyby.<\/li>\n<li><strong>Nale\u015bniki<\/strong>: Idealne do podania z syropem lub mas\u0142em.<\/li>\n<li><strong>Galety<\/strong>: Pikantna odmiana nale\u015bnika, zwykle przygotowywana z m\u0105ki gryczanej.<\/li>\n<\/ul>\n<p>Twoje \u017celazo <strong>40cm<\/strong> (czterdzie\u015bci centymetr\u00f3w) \u015brednicy zapewnia szybkie i r\u00f3wnomierne pieczenie, dzi\u0119ki czemu nale\u015bniki gotuj\u0105 si\u0119 r\u00f3wnomiernie. Ten <strong>komercyjna elektryczna nale\u015bnikarka<\/strong> Jest \u0142atwy w obs\u0142udze, czyszczeniu i konserwacji, co czyni go niezast\u0105pion\u0105 opcj\u0105 dla firm chc\u0105cych zoptymalizowa\u0107 produkcj\u0119 bez utraty jako\u015bci.<\/p>\n<p>Je\u015bli szukasz <strong>profesjonalny nale\u015bnikarz<\/strong>opcja ta jest idealna dla ka\u017cdego lokalu gastronomicznego, kt\u00f3ry chce oferowa\u0107 \u015bwie\u017ce i smaczne produkty.<\/p>","protected":false},"featured_media":887,"comment_status":"open","ping_status":"closed","template":"","meta":{"wds_primary_product_brand":0,"wds_primary_product_cat":0},"product_brand":[],"product_cat":[51],"product_tag":[],"class_list":{"0":"post-886","1":"product","2":"type-product","3":"status-publish","4":"has-post-thumbnail","6":"product_cat-gofreras-profesionales","7":"product_shipping_class-hosteleria","9":"first","10":"instock","11":"taxable","12":"shipping-taxable","13":"purchasable","14":"product-type-simple"},"yoast_head":"<!-- This site is optimized with the Yoast SEO Premium plugin v24.9 (Yoast SEO v26.1) - https:\/\/yoast.com\/wordpress\/plugins\/seo\/ -->\n<title>Crepera el\u00e9ctrica profesional - distribuci\u00f3n ARC<\/title>\n<meta name=\"robots\" content=\"index, follow, max-snippet:-1, max-image-preview:large, max-video-preview:-1\" \/>\n<link rel=\"canonical\" href=\"https:\/\/distribucionarc.com\/pl\/produkty\/krepa-elektryka-profesjonalna\/\" \/>\n<meta property=\"og:locale\" content=\"pl_PL\" \/>\n<meta property=\"og:type\" content=\"article\" \/>\n<meta property=\"og:title\" content=\"Crepera el\u00e9ctrica profesional\" \/>\n<meta property=\"og:description\" content=\"M\u00e1quina para hacer crepes el\u00e9ctrica profesional \u2013 Uso comercial Nuestra m\u00e1quina para hacer crepes el\u00e9ctrica profesional es perfecta para negocios que necesitan producir crepes de alta calidad de forma r\u00e1pida y eficiente. Dise\u00f1ada para uso comercial, esta m\u00e1quina cuenta con una plancha de 40 cent\u00edmetros (cm) de di\u00e1metro, ideal para preparar crepes de gran tama\u00f1o con una cocci\u00f3n uniforme.  La m\u00e1quina es adecuada para varios tipos de locales, como:   Cafeter\u00edas: Perfecta para servir crepes dulces o salados en desayunos o brunches.  Restaurantes: Ideal para incluir crepes como parte del men\u00fa de postres o platos principales.  Food trucks: Esta m\u00e1quina el\u00e9ctrica es compacta y eficiente, ideal para la cocina m\u00f3vil.  Pasteler\u00edas: Ofrece la versatilidad necesaria para preparar una variedad de productos de reposter\u00eda, como crepes rellenos o cr\u00eapes Suzette.  Con esta crepera profesional, puedes preparar una amplia gama de productos, como:   Crepes dulces: Nutella, frutas frescas, miel, y chocolate.  Crepes salados: Jam\u00f3n y queso, espinacas y queso feta, o pollo y champi\u00f1ones.  Panqueques: Perfectos para servir con sirope o mantequilla.  Galettes: Variante salada de la crepe, com\u00fanmente hecha con harina de trigo sarraceno.  Su plancha de 40 cm (cuarenta cent\u00edmetros) de di\u00e1metro asegura una cocci\u00f3n r\u00e1pida y pareja, permitiendo que las crepes se cocinen de manera uniforme. Esta crepera el\u00e9ctrica comercial es f\u00e1cil de usar, limpiar y mantener, lo que la convierte en una opci\u00f3n indispensable para negocios que buscan optimizar la producci\u00f3n sin comprometer la calidad.  Si buscas una m\u00e1quina para hacer crepes profesional, esta opci\u00f3n es ideal para cualquier establecimiento de comida que quiera ofrecer productos frescos y deliciosos.\" \/>\n<meta property=\"og:url\" content=\"https:\/\/distribucionarc.com\/pl\/produkty\/krepa-elektryka-profesjonalna\/\" \/>\n<meta property=\"og:site_name\" content=\"distribuci\u00f3n ARC\" \/>\n<meta property=\"article:modified_time\" content=\"2024-09-05T14:30:52+00:00\" \/>\n<meta property=\"og:image\" content=\"https:\/\/distribucionarc.com\/wp-content\/uploads\/2020\/07\/Crepera-el\u00e9ctrica-profesional-0.jpg\" \/>\n\t<meta property=\"og:image:width\" content=\"1600\" \/>\n\t<meta property=\"og:image:height\" content=\"1600\" \/>\n\t<meta property=\"og:image:type\" content=\"image\/jpeg\" \/>\n<meta name=\"twitter:card\" content=\"summary_large_image\" \/>\n<meta name=\"twitter:label1\" content=\"Szacowany czas czytania\" \/>\n\t<meta name=\"twitter:data1\" content=\"2 minuty\" \/>\n<script type=\"application\/ld+json\" class=\"yoast-schema-graph\">{\"@context\":\"https:\/\/schema.org\",\"@graph\":[{\"@type\":\"WebPage\",\"@id\":\"https:\/\/distribucionarc.com\/pl\/producto\/crepera-electrica-profesional\/\",\"url\":\"https:\/\/distribucionarc.com\/pl\/producto\/crepera-electrica-profesional\/\",\"name\":\"Crepera el\u00e9ctrica profesional - distribuci\u00f3n ARC\",\"isPartOf\":{\"@id\":\"https:\/\/distribucionarc.com\/de\/#website\"},\"primaryImageOfPage\":{\"@id\":\"https:\/\/distribucionarc.com\/pl\/producto\/crepera-electrica-profesional\/#primaryimage\"},\"image\":{\"@id\":\"https:\/\/distribucionarc.com\/pl\/producto\/crepera-electrica-profesional\/#primaryimage\"},\"thumbnailUrl\":\"https:\/\/distribucionarc.com\/wp-content\/uploads\/2020\/07\/Crepera-el\u00e9ctrica-profesional-0.jpg\",\"datePublished\":\"2020-07-14T14:51:21+00:00\",\"dateModified\":\"2024-09-05T14:30:52+00:00\",\"breadcrumb\":{\"@id\":\"https:\/\/distribucionarc.com\/pl\/producto\/crepera-electrica-profesional\/#breadcrumb\"},\"inLanguage\":\"pl-PL\",\"potentialAction\":[{\"@type\":\"ReadAction\",\"target\":[\"https:\/\/distribucionarc.com\/pl\/producto\/crepera-electrica-profesional\/\"]}]},{\"@type\":\"ImageObject\",\"inLanguage\":\"pl-PL\",\"@id\":\"https:\/\/distribucionarc.com\/pl\/producto\/crepera-electrica-profesional\/#primaryimage\",\"url\":\"https:\/\/distribucionarc.com\/wp-content\/uploads\/2020\/07\/Crepera-el\u00e9ctrica-profesional-0.jpg\",\"contentUrl\":\"https:\/\/distribucionarc.com\/wp-content\/uploads\/2020\/07\/Crepera-el\u00e9ctrica-profesional-0.jpg\",\"width\":1600,\"height\":1600,\"caption\":\"Crepera El\u00e9ctrica Profesional\"},{\"@type\":\"BreadcrumbList\",\"@id\":\"https:\/\/distribucionarc.com\/pl\/producto\/crepera-electrica-profesional\/#breadcrumb\",\"itemListElement\":[{\"@type\":\"ListItem\",\"position\":1,\"name\":\"Portada\",\"item\":\"https:\/\/distribucionarc.com\/pl\/\"},{\"@type\":\"ListItem\",\"position\":2,\"name\":\"Produkty\",\"item\":\"https:\/\/distribucionarc.com\/pl\/shop\/\"},{\"@type\":\"ListItem\",\"position\":3,\"name\":\"Crepera el\u00e9ctrica profesional\"}]},{\"@type\":\"WebSite\",\"@id\":\"https:\/\/distribucionarc.com\/de\/#website\",\"url\":\"https:\/\/distribucionarc.com\/de\/\",\"name\":\"distribuci\u00f3n ARC\",\"description\":\"Empresa especializada en la fabricaci\u00f3n y distribuci\u00f3n de maquinaria industrial, selladoras de latas, Maquinas de hacer pastillas, Maquinas de cortar carne...\",\"publisher\":{\"@id\":\"https:\/\/distribucionarc.com\/de\/#organization\"},\"potentialAction\":[{\"@type\":\"SearchAction\",\"target\":{\"@type\":\"EntryPoint\",\"urlTemplate\":\"https:\/\/distribucionarc.com\/de\/?s={search_term_string}\"},\"query-input\":{\"@type\":\"PropertyValueSpecification\",\"valueRequired\":true,\"valueName\":\"search_term_string\"}}],\"inLanguage\":\"pl-PL\"},{\"@type\":\"Organization\",\"@id\":\"https:\/\/distribucionarc.com\/de\/#organization\",\"name\":\"Distribuci\u00f3n ARC\",\"url\":\"https:\/\/distribucionarc.com\/de\/\",\"logo\":{\"@type\":\"ImageObject\",\"inLanguage\":\"pl-PL\",\"@id\":\"https:\/\/distribucionarc.com\/de\/#\/schema\/logo\/image\/\",\"url\":\"https:\/\/distribucionarc.com\/wp-content\/uploads\/2024\/10\/distribucion-ARC-COLOR-SIN-FONDO-e1732295305345.png\",\"contentUrl\":\"https:\/\/distribucionarc.com\/wp-content\/uploads\/2024\/10\/distribucion-ARC-COLOR-SIN-FONDO-e1732295305345.png\",\"width\":1164,\"height\":558,\"caption\":\"Distribuci\u00f3n ARC\"},\"image\":{\"@id\":\"https:\/\/distribucionarc.com\/de\/#\/schema\/logo\/image\/\"},\"description\":\"Empresa especializada en la fabricaci\u00f3n y distribuci\u00f3n de maquinaria industrial para los sectores alimentario y farmac\u00e9utico. Nos especializamos en: M\u00e1quinas de cortar carne Fabricaci\u00f3n de comprimidos Sistemas de transporte industrial L\u00edneas de embotellado Dosificadores Y mucho m\u00e1s... Ofrecemos soluciones innovadoras y personalizadas para optimizar los procesos productivos de tu empresa.\",\"email\":\"Admistracion@distribucionarc.com\",\"telephone\":\"+34 643496664\",\"legalName\":\"ARC TECH SOLUTIONS\",\"foundingDate\":\"2024-04-09\",\"vatID\":\"B55480172\",\"numberOfEmployees\":{\"@type\":\"QuantitativeValue\",\"minValue\":\"1\",\"maxValue\":\"10\"}}]}<\/script>\n<!-- \/ Yoast SEO Premium plugin. -->","yoast_head_json":{"title":"Profesjonalna nale\u015bnikarka elektryczna - dystrybucja ARC","robots":{"index":"index","follow":"follow","max-snippet":"max-snippet:-1","max-image-preview":"max-image-preview:large","max-video-preview":"max-video-preview:-1"},"canonical":"https:\/\/distribucionarc.com\/pl\/produkty\/krepa-elektryka-profesjonalna\/","og_locale":"pl_PL","og_type":"article","og_title":"Crepera el\u00e9ctrica profesional","og_description":"M\u00e1quina para hacer crepes el\u00e9ctrica profesional \u2013 Uso comercial Nuestra m\u00e1quina para hacer crepes el\u00e9ctrica profesional es perfecta para negocios que necesitan producir crepes de alta calidad de forma r\u00e1pida y eficiente. Dise\u00f1ada para uso comercial, esta m\u00e1quina cuenta con una plancha de 40 cent\u00edmetros (cm) de di\u00e1metro, ideal para preparar crepes de gran tama\u00f1o con una cocci\u00f3n uniforme.  La m\u00e1quina es adecuada para varios tipos de locales, como:   Cafeter\u00edas: Perfecta para servir crepes dulces o salados en desayunos o brunches.  Restaurantes: Ideal para incluir crepes como parte del men\u00fa de postres o platos principales.  Food trucks: Esta m\u00e1quina el\u00e9ctrica es compacta y eficiente, ideal para la cocina m\u00f3vil.  Pasteler\u00edas: Ofrece la versatilidad necesaria para preparar una variedad de productos de reposter\u00eda, como crepes rellenos o cr\u00eapes Suzette.  Con esta crepera profesional, puedes preparar una amplia gama de productos, como:   Crepes dulces: Nutella, frutas frescas, miel, y chocolate.  Crepes salados: Jam\u00f3n y queso, espinacas y queso feta, o pollo y champi\u00f1ones.  Panqueques: Perfectos para servir con sirope o mantequilla.  Galettes: Variante salada de la crepe, com\u00fanmente hecha con harina de trigo sarraceno.  Su plancha de 40 cm (cuarenta cent\u00edmetros) de di\u00e1metro asegura una cocci\u00f3n r\u00e1pida y pareja, permitiendo que las crepes se cocinen de manera uniforme. Esta crepera el\u00e9ctrica comercial es f\u00e1cil de usar, limpiar y mantener, lo que la convierte en una opci\u00f3n indispensable para negocios que buscan optimizar la producci\u00f3n sin comprometer la calidad.  Si buscas una m\u00e1quina para hacer crepes profesional, esta opci\u00f3n es ideal para cualquier establecimiento de comida que quiera ofrecer productos frescos y deliciosos.","og_url":"https:\/\/distribucionarc.com\/pl\/produkty\/krepa-elektryka-profesjonalna\/","og_site_name":"distribuci\u00f3n ARC","article_modified_time":"2024-09-05T14:30:52+00:00","og_image":[{"width":1600,"height":1600,"url":"https:\/\/distribucionarc.com\/wp-content\/uploads\/2020\/07\/Crepera-el\u00e9ctrica-profesional-0.jpg","type":"image\/jpeg"}],"twitter_card":"summary_large_image","twitter_misc":{"Szacowany czas czytania":"2 minuty"},"schema":{"@context":"https:\/\/schema.org","@graph":[{"@type":"WebPage","@id":"https:\/\/distribucionarc.com\/pl\/producto\/crepera-electrica-profesional\/","url":"https:\/\/distribucionarc.com\/pl\/producto\/crepera-electrica-profesional\/","name":"Profesjonalna nale\u015bnikarka elektryczna - dystrybucja ARC","isPartOf":{"@id":"https:\/\/distribucionarc.com\/de\/#website"},"primaryImageOfPage":{"@id":"https:\/\/distribucionarc.com\/pl\/producto\/crepera-electrica-profesional\/#primaryimage"},"image":{"@id":"https:\/\/distribucionarc.com\/pl\/producto\/crepera-electrica-profesional\/#primaryimage"},"thumbnailUrl":"https:\/\/distribucionarc.com\/wp-content\/uploads\/2020\/07\/Crepera-el\u00e9ctrica-profesional-0.jpg","datePublished":"2020-07-14T14:51:21+00:00","dateModified":"2024-09-05T14:30:52+00:00","breadcrumb":{"@id":"https:\/\/distribucionarc.com\/pl\/producto\/crepera-electrica-profesional\/#breadcrumb"},"inLanguage":"pl-PL","potentialAction":[{"@type":"ReadAction","target":["https:\/\/distribucionarc.com\/pl\/producto\/crepera-electrica-profesional\/"]}]},{"@type":"ImageObject","inLanguage":"pl-PL","@id":"https:\/\/distribucionarc.com\/pl\/producto\/crepera-electrica-profesional\/#primaryimage","url":"https:\/\/distribucionarc.com\/wp-content\/uploads\/2020\/07\/Crepera-el\u00e9ctrica-profesional-0.jpg","contentUrl":"https:\/\/distribucionarc.com\/wp-content\/uploads\/2020\/07\/Crepera-el\u00e9ctrica-profesional-0.jpg","width":1600,"height":1600,"caption":"Crepera El\u00e9ctrica Profesional"},{"@type":"BreadcrumbList","@id":"https:\/\/distribucionarc.com\/pl\/producto\/crepera-electrica-profesional\/#breadcrumb","itemListElement":[{"@type":"ListItem","position":1,"name":"Portada","item":"https:\/\/distribucionarc.com\/pl\/"},{"@type":"ListItem","position":2,"name":"Produkty","item":"https:\/\/distribucionarc.com\/pl\/shop\/"},{"@type":"ListItem","position":3,"name":"Crepera el\u00e9ctrica profesional"}]},{"@type":"WebSite","@id":"https:\/\/distribucionarc.com\/de\/#website","url":"https:\/\/distribucionarc.com\/de\/","name":"Dystrybucja ARC","description":"Firma specjalizuj\u0105ca si\u0119 w produkcji i dystrybucji maszyn przemys\u0142owych, zgrzewarek do puszek, maszyn do produkcji tabletek, maszyn do ci\u0119cia mi\u0119sa...","publisher":{"@id":"https:\/\/distribucionarc.com\/de\/#organization"},"potentialAction":[{"@type":"SearchAction","target":{"@type":"EntryPoint","urlTemplate":"https:\/\/distribucionarc.com\/de\/?s={search_term_string}"},"query-input":{"@type":"PropertyValueSpecification","valueRequired":true,"valueName":"search_term_string"}}],"inLanguage":"pl-PL"},{"@type":"Organization","@id":"https:\/\/distribucionarc.com\/de\/#organization","name":"Dystrybucja ARC","url":"https:\/\/distribucionarc.com\/de\/","logo":{"@type":"ImageObject","inLanguage":"pl-PL","@id":"https:\/\/distribucionarc.com\/de\/#\/schema\/logo\/image\/","url":"https:\/\/distribucionarc.com\/wp-content\/uploads\/2024\/10\/distribucion-ARC-COLOR-SIN-FONDO-e1732295305345.png","contentUrl":"https:\/\/distribucionarc.com\/wp-content\/uploads\/2024\/10\/distribucion-ARC-COLOR-SIN-FONDO-e1732295305345.png","width":1164,"height":558,"caption":"Distribuci\u00f3n ARC"},"image":{"@id":"https:\/\/distribucionarc.com\/de\/#\/schema\/logo\/image\/"},"description":"Firma specjalizuj\u0105ca si\u0119 w produkcji i dystrybucji maszyn przemys\u0142owych dla sektora spo\u017cywczego i farmaceutycznego. Specjalizujemy si\u0119 w: Maszyny do krojenia mi\u0119sa Produkcja tabletek Przemys\u0142owe systemy transportowe Linie butelkuj\u0105ce Dozowniki I wiele wi\u0119cej.... Oferujemy innowacyjne i niestandardowe rozwi\u0105zania w celu optymalizacji proces\u00f3w produkcyjnych w Twojej firmie.","email":"Admistracion@distribucionarc.com","telephone":"+34 643496664","legalName":"ARC TECH SOLUTIONS","foundingDate":"2024-04-09","vatID":"B55480172","numberOfEmployees":{"@type":"QuantitativeValue","minValue":"1","maxValue":"10"}}]}},"_links":{"self":[{"href":"https:\/\/distribucionarc.com\/pl\/wp-json\/wp\/v2\/product\/886","targetHints":{"allow":["GET"]}}],"collection":[{"href":"https:\/\/distribucionarc.com\/pl\/wp-json\/wp\/v2\/product"}],"about":[{"href":"https:\/\/distribucionarc.com\/pl\/wp-json\/wp\/v2\/types\/product"}],"replies":[{"embeddable":true,"href":"https:\/\/distribucionarc.com\/pl\/wp-json\/wp\/v2\/comments?post=886"}],"version-history":[{"count":0,"href":"https:\/\/distribucionarc.com\/pl\/wp-json\/wp\/v2\/product\/886\/revisions"}],"wp:featuredmedia":[{"embeddable":true,"href":"https:\/\/distribucionarc.com\/pl\/wp-json\/wp\/v2\/media\/887"}],"wp:attachment":[{"href":"https:\/\/distribucionarc.com\/pl\/wp-json\/wp\/v2\/media?parent=886"}],"wp:term":[{"taxonomy":"product_brand","embeddable":true,"href":"https:\/\/distribucionarc.com\/pl\/wp-json\/wp\/v2\/product_brand?post=886"},{"taxonomy":"product_cat","embeddable":true,"href":"https:\/\/distribucionarc.com\/pl\/wp-json\/wp\/v2\/product_cat?post=886"},{"taxonomy":"product_tag","embeddable":true,"href":"https:\/\/distribucionarc.com\/pl\/wp-json\/wp\/v2\/product_tag?post=886"}],"curies":[{"name":"wp","href":"https:\/\/api.w.org\/{rel}","templated":true}]}}