{"id":936,"date":"2020-07-15T10:07:35","date_gmt":"2020-07-15T10:07:35","guid":{"rendered":"https:\/\/distribucionarc.com\/?post_type=product&#038;p=936"},"modified":"2020-09-26T15:48:18","modified_gmt":"2020-09-26T15:48:18","slug":"garnek-do-maceracji","status":"publish","type":"product","link":"https:\/\/distribucionarc.com\/pl\/producto\/marmita-olla-de-maceracion\/","title":{"rendered":"Garnek do namaczania czajnika"},"content":{"rendered":"<h2>Garnek do namaczania czajnika<\/h2>\n<p>Zaskocz i zachwy\u0107 swoich klient\u00f3w swoimi w\u0142asnymi <strong>piwo rzemie\u015blnicze<\/strong>, z <strong>garnek do namaczania czajnika <span style=\"color: #ff0000;\">DO<\/span><span style=\"color: #0000ff;\">R<\/span>CMO98<\/strong>\u00a0z <strong>98 litr\u00f3w<\/strong> wolumenu b\u0119dzie w stanie zwi\u0119kszy\u0107 poziom swojej produkcji. Posiada wydrukowan\u0105 skal\u0119 nape\u0142nienia w litrach i galonach.<\/p>\n<p>Zawiera rurk\u0119 fermentacyjn\u0105 do wyr\u00f3wnywania ci\u015bnienia bez otwierania hermetycznego zamkni\u0119cia. Pragnienie <strong><span style=\"color: #ff0000;\">DO<\/span><span style=\"color: #0000ff;\">R<\/span>C<\/strong> Chcemy uczestniczy\u0107 w dumie bycia piwowarem, pom\u00f3c Ci przygotowa\u0107 w\u0142asne piwo do smaku, w jak najbardziej higieniczny i ostro\u017cny spos\u00f3b.\u00a0 <strong>zbiornik maceracyjny<\/strong> Wykonany jest ze stali nierdzewnej 304, co zapobiega nabraniu przez piwo metalicznego posmaku.<\/p>\n<p>Du\u017cy zbiornik ze stali nierdzewnej o pojemno\u015bci do <strong>98 litr\u00f3w<\/strong> pojemno\u015b\u0107 pozwala na dobre dojrzewanie. Sta\u0142e zatrzaski zapewniaj\u0105 szczelno\u015b\u0107 pokrywki na herbat\u0119<strong>zbiornik maceracyjny<\/strong> aby nie zaszkodzi\u0107 procesowi fermentacji. Zawiera manometr, a materia\u0142y produkcyjne s\u0105 zgodne z przepisami CE.<\/p>\n<p>Z tym <strong>kocio\u0142 do maceracji<\/strong> Mo\u017ce fermentowa\u0107 lub przechowywa\u0107 piwa, wina, r\u00f3\u017cne alkohole itp. czy to blond czy czarny, wytrawny czy p\u00f3\u0142s\u0142odki, wino czy piwo, z <strong>zbiornik maceracyjny <span style=\"color: #ff0000;\">DO<\/span><span style=\"color: #0000ff;\">R<\/span>C<\/strong> Wystarczy pu\u015bci\u0107 wodze fantazji i stworzy\u0107 w\u0142asne piwo lub najlepszy trunek z soku owocowego.<\/p>\n<p>Niezale\u017cnie od tego, czy jeste\u015b pocz\u0105tkuj\u0105cym winiarzem, czy zaawansowanym piwowarem, w <strong>kocio\u0142 fermentacyjny<\/strong> <strong><span style=\"color: #ff0000;\">DO<\/span><span style=\"color: #0000ff;\">R<\/span>CMO98<\/strong>\u00a0Uzyskasz odpowiednie skojarzenie bez zmiany smak\u00f3w i w najprostszy spos\u00f3b uzyskasz najlepsze piwo pr\u00f3\u017cniowe lub wino z kaszy j\u0119czmiennej lub soku owocowego<\/p>\n<p>&nbsp;<\/p>\n<h6><strong>Gwarancja\u00a0<span style=\"color: #ff0000;\">DO<\/span><span style=\"color: #0000ff;\">R<\/span>C 2 LATA<\/strong><\/h6>\n<h6><strong>wsparcie techniczne w cenie<\/strong><\/h6>\n<p>&nbsp;<\/p>\n<table role=\"presentation\" width=\"100%\" cellspacing=\"0\" cellpadding=\"0\">\n<tbody>\n<tr>\n<td class=\"attrLabels\">Temperatura:<\/td>\n<td width=\"50.0%\">0-220\u00b0C<\/td>\n<\/tr>\n<tr>\n<td class=\"attrLabels\">Kraj dystrybucji:<\/td>\n<td width=\"50.0%\">Hiszpania, Niemcy, USA<\/td>\n<td class=\"attrLabels\">Waga:<\/td>\n<td width=\"50.0%\">12 kg<\/td>\n<\/tr>\n<tr>\n<td class=\"attrLabels\">Marka:<\/td>\n<td width=\"50.0%\">\u0141UK<\/td>\n<td class=\"attrLabels\">Wysoko\u015b\u0107:<\/td>\n<td width=\"50.0%\">50cm<\/td>\n<\/tr>\n<tr>\n<td class=\"attrLabels\">Kolor:<\/td>\n<td width=\"50.0%\">Srebrny<\/td>\n<td class=\"attrLabels\">D\u0142ugi:<\/td>\n<td width=\"50.0%\">\u00a060cm<\/td>\n<\/tr>\n<tr>\n<td class=\"attrLabels\">Rodzaj produktu:<\/td>\n<td width=\"50.0%\">Czajnikowy garnek do maceracji<\/td>\n<td class=\"attrLabels\">Szeroki:<\/td>\n<td width=\"50.0%\">60cm<\/td>\n<\/tr>\n<tr>\n<td class=\"attrLabels\">Numer producenta:<\/td>\n<td width=\"50.0%\">ARCMO98<\/td>\n<td class=\"attrLabels\">Rodzaj stali:<\/td>\n<td width=\"50.0%\">304<\/td>\n<\/tr>\n<tr>\n<td class=\"attrLabels\">Tworzywo:<\/td>\n<td width=\"50.0%\">stal nierdzewna, specjalna podstawa, kontrola ci\u015bnienia,<\/td>\n<td class=\"attrLabels\">Typ czapki:<\/td>\n<td width=\"50.0%\">Wybrzuszenia, zamykanie haczyk\u00f3w<\/td>\n<\/tr>\n<tr>\n<td class=\"attrLabels\">\u015arednica czajnika:<\/td>\n<td width=\"50.0%\">45cm<\/td>\n<td class=\"attrLabels\">Gwarancja:<\/td>\n<td width=\"50.0%\">2 LATA<\/td>\n<\/tr>\n<tr>\n<td class=\"attrLabels\">Narz\u0119dzia instalacyjne:<\/td>\n<td width=\"50.0%\">Tak<\/td>\n<td class=\"attrLabels\">Litry:<\/td>\n<td width=\"50.0%\">98L<\/td>\n<\/tr>\n<\/tbody>\n<\/table>\n<p>&nbsp;<\/p>\n<p>&nbsp;<\/p>\n<h2><\/h2>","protected":false},"excerpt":{"rendered":"<h2>Garnek do namaczania czajnika<\/h2>\n<p style=\"margin: 0cm; margin-bottom: .0001pt; line-height: 18.75pt;\"><span style=\"font-family: 'Arial',sans-serif; color: black;\">Nie ma to jak cieszy\u0107 si\u0119 czym\u015b dobrym <strong>piwo<\/strong>cho\u0107 zawsze mo\u017cna to ulepszy\u0107. Z<strong><span style=\"color: #ff0000;\"> DO<\/span><span style=\"color: #0000ff;\">R<\/span>C,<\/strong> Chcemy przyczyni\u0107 si\u0119 do spe\u0142nienia tego marzenia, u\u0142atwiaj\u0105c Twoje <strong>kocio\u0142 <span style=\"color: #ff0000;\">DO<\/span><span style=\"color: #0000ff;\">R<\/span>CMO98<\/strong>\u00a0the <strong>piwo rzemie\u015blnicze<\/strong> nabywa t\u0119 prymitywn\u0105 i rzemie\u015blnicz\u0105 esencj\u0119.<\/span><\/p>\n<p style=\"margin: 0cm; margin-bottom: .0001pt; line-height: 18.75pt;\"><span style=\"font-family: 'Arial',sans-serif; color: black;\">Z <strong>kocio\u0142 do maceracji <span style=\"color: #ff0000;\">DO<\/span><span style=\"color: #0000ff;\">R<\/span>C<\/strong>, mo\u017cesz zaufa\u0107 swoim umiej\u0119tno\u015bciom <strong>fermentowa\u0107 s\u0142\u00f3d<\/strong>. Tutaj masz ca\u0142y proces kontroli <strong>maceracja<\/strong>. w <strong>du\u017cy kocio\u0142<\/strong> ze stali nierdzewnej mo\u017cna zagotowa\u0107 do 70 litr\u00f3w p\u0142ynu lub 60 litr\u00f3w p\u0142ynu ze s\u0142odem. Konstrukcja garnka zaciernego gwarantuje optymaln\u0105 dystrybucj\u0119 ciep\u0142a w kotle, dostosowuje si\u0119 r\u00f3wnie\u017c do kuchenek indukcyjnych. Aby \u0142atwo przenie\u015b\u0107 sfermentowany s\u0142\u00f3d, <strong><span style=\"font-family: 'Arial',sans-serif;\">kocio\u0142 do maceracji<\/span><\/strong>\u00a0<strong><span style=\"font-family: 'Arial',sans-serif;\"><span style=\"color: #ff0000;\">DO<\/span><span style=\"color: #0000ff;\">R<\/span>CMO70<\/span><\/strong> Posiada kurek spustowy o \u015brednicy 1 cm umo\u017cliwiaj\u0105cy pod\u0142\u0105czenie do systemu w\u0119\u017cy. <\/span><span style=\"font-family: 'Arial',sans-serif; color: black;\">\u015awiat smak\u00f3w jest bardzo rozbudowany <strong><span style=\"color: #ff0000;\">DO<\/span><span style=\"color: #0000ff;\">R<\/span>C<\/strong> pomaga Ci porusza\u0107 si\u0119 w tej podr\u00f3\u017cy za pomoc\u0105 <strong>garnek<\/strong> w kt\u00f3rym <strong>piwowarzy<\/strong> bez problem\u00f3w osi\u0105gaj\u0105 odpowiedni prymitywny moszcz.<\/span><\/p>\n<p>&nbsp;<\/p>\n<h6><strong>Gwarancja\u00a0<span style=\"color: #ff0000;\">DO<\/span><span style=\"color: #0000ff;\">R<\/span>C 2 LATA<\/strong><\/h6>\n<h6><strong>wsparcie techniczne w cenie<\/strong><\/h6>","protected":false},"featured_media":942,"comment_status":"open","ping_status":"closed","template":"","meta":{"wds_primary_product_brand":0,"wds_primary_product_cat":0},"product_brand":[],"product_cat":[54],"product_tag":[],"class_list":{"0":"post-936","1":"product","2":"type-product","3":"status-publish","4":"has-post-thumbnail","6":"product_cat-maceracion-fermentacion","7":"product_shipping_class-hosteleria","9":"first","10":"instock","11":"sale","12":"taxable","13":"shipping-taxable","14":"purchasable","15":"product-type-simple"},"yoast_head":"<!-- This site is optimized with the Yoast SEO Premium plugin v24.9 (Yoast SEO v26.1) - https:\/\/yoast.com\/wordpress\/plugins\/seo\/ -->\n<title>Marmita olla de maceraci\u00f3n - distribuci\u00f3n ARC<\/title>\n<meta name=\"robots\" content=\"index, follow, max-snippet:-1, max-image-preview:large, max-video-preview:-1\" \/>\n<link rel=\"canonical\" href=\"https:\/\/distribucionarc.com\/pl\/produkty\/garnek-do-maceracji\/\" \/>\n<meta property=\"og:locale\" content=\"pl_PL\" \/>\n<meta property=\"og:type\" content=\"article\" \/>\n<meta property=\"og:title\" content=\"Marmita olla de maceraci\u00f3n\" \/>\n<meta property=\"og:description\" content=\"Marmita olla de maceraci\u00f3n No hay nada como disfrutar de una buena cerveza, aunque siempre se puede mejorar. Desde ARC, queremos contribuir a ese sue\u00f1o facilitandote el caldero ARCMO98\u00a0la cerveza artesanal adquiere esa esencia primitiva y artesanal. Con la marmita de maceraci\u00f3n de ARC, puede confiar en sus habilidades para fermentar la malta. Aqu\u00ed tiene todo el proceso de control de maceraci\u00f3n. En la gran caldera de acero inoxidable se pueden hervir hasta 70 litros de l\u00edquido o 60 litros de l\u00edquido con malta. El dise\u00f1o de la olla de maceraci\u00f3n le garantiza una distribuci\u00f3n \u00f3ptima del calor en el caldero, tambi\u00e9n se adapta a las cocinas de inducci\u00f3n. Para trasvasar f\u00e1cilmente la malta fermentada, el caldero para macerar\u00a0ARCMO70 posee un grifo de desag\u00fce de 1 cm para conectar al sistema de mangueras. El mundo de los sabores es muy extenso ARC te ayuda a recorrer este viaje con una marmita en la que los maestros cerveceros logran sin problemas el mosto primitivo adecuado. &nbsp; Garant\u00eda\u00a0ARC 2 A\u00d1OS soporte t\u00e9cnico\u00a0incluido\" \/>\n<meta property=\"og:url\" content=\"https:\/\/distribucionarc.com\/pl\/produkty\/garnek-do-maceracji\/\" \/>\n<meta property=\"og:site_name\" content=\"distribuci\u00f3n ARC\" \/>\n<meta property=\"article:modified_time\" content=\"2020-09-26T15:48:18+00:00\" \/>\n<meta property=\"og:image\" content=\"https:\/\/distribucionarc.com\/wp-content\/uploads\/2020\/07\/Marmita-olla-de-maceraci\u00f3n-8.jpg\" \/>\n\t<meta property=\"og:image:width\" content=\"1600\" \/>\n\t<meta property=\"og:image:height\" content=\"1600\" \/>\n\t<meta property=\"og:image:type\" content=\"image\/jpeg\" \/>\n<meta name=\"twitter:card\" content=\"summary_large_image\" \/>\n<meta name=\"twitter:label1\" content=\"Szacowany czas czytania\" \/>\n\t<meta name=\"twitter:data1\" content=\"2 minuty\" \/>\n<script type=\"application\/ld+json\" class=\"yoast-schema-graph\">{\"@context\":\"https:\/\/schema.org\",\"@graph\":[{\"@type\":\"WebPage\",\"@id\":\"https:\/\/distribucionarc.com\/nl\/producto\/marmita-olla-de-maceracion\/\",\"url\":\"https:\/\/distribucionarc.com\/nl\/producto\/marmita-olla-de-maceracion\/\",\"name\":\"Marmita olla de maceraci\u00f3n - distribuci\u00f3n ARC\",\"isPartOf\":{\"@id\":\"https:\/\/distribucionarc.com\/pl\/#website\"},\"primaryImageOfPage\":{\"@id\":\"https:\/\/distribucionarc.com\/nl\/producto\/marmita-olla-de-maceracion\/#primaryimage\"},\"image\":{\"@id\":\"https:\/\/distribucionarc.com\/nl\/producto\/marmita-olla-de-maceracion\/#primaryimage\"},\"thumbnailUrl\":\"https:\/\/distribucionarc.com\/wp-content\/uploads\/2020\/07\/Marmita-olla-de-maceraci\u00f3n-8.jpg\",\"datePublished\":\"2020-07-15T10:07:35+00:00\",\"dateModified\":\"2020-09-26T15:48:18+00:00\",\"breadcrumb\":{\"@id\":\"https:\/\/distribucionarc.com\/nl\/producto\/marmita-olla-de-maceracion\/#breadcrumb\"},\"inLanguage\":\"pl-PL\",\"potentialAction\":[{\"@type\":\"ReadAction\",\"target\":[\"https:\/\/distribucionarc.com\/nl\/producto\/marmita-olla-de-maceracion\/\"]}]},{\"@type\":\"ImageObject\",\"inLanguage\":\"pl-PL\",\"@id\":\"https:\/\/distribucionarc.com\/nl\/producto\/marmita-olla-de-maceracion\/#primaryimage\",\"url\":\"https:\/\/distribucionarc.com\/wp-content\/uploads\/2020\/07\/Marmita-olla-de-maceraci\u00f3n-8.jpg\",\"contentUrl\":\"https:\/\/distribucionarc.com\/wp-content\/uploads\/2020\/07\/Marmita-olla-de-maceraci\u00f3n-8.jpg\",\"width\":1600,\"height\":1600,\"caption\":\"Marmita olla de maceraci\u00f3n\"},{\"@type\":\"BreadcrumbList\",\"@id\":\"https:\/\/distribucionarc.com\/nl\/producto\/marmita-olla-de-maceracion\/#breadcrumb\",\"itemListElement\":[{\"@type\":\"ListItem\",\"position\":1,\"name\":\"Portada\",\"item\":\"https:\/\/www.distribucionarc.com\/tr\/\"},{\"@type\":\"ListItem\",\"position\":2,\"name\":\"Izdelki\",\"item\":\"https:\/\/www.distribucionarc.com\/sl\/trgovina\/\"},{\"@type\":\"ListItem\",\"position\":3,\"name\":\"Marmita olla de maceraci\u00f3n\"}]},{\"@type\":\"WebSite\",\"@id\":\"https:\/\/distribucionarc.com\/pl\/#website\",\"url\":\"https:\/\/distribucionarc.com\/pl\/\",\"name\":\"distribuci\u00f3n ARC\",\"description\":\"Empresa especializada en la fabricaci\u00f3n y distribuci\u00f3n de maquinaria industrial, selladoras de latas, Maquinas de hacer pastillas, Maquinas de cortar carne...\",\"publisher\":{\"@id\":\"https:\/\/distribucionarc.com\/pl\/#organization\"},\"potentialAction\":[{\"@type\":\"SearchAction\",\"target\":{\"@type\":\"EntryPoint\",\"urlTemplate\":\"https:\/\/distribucionarc.com\/pl\/?s={search_term_string}\"},\"query-input\":{\"@type\":\"PropertyValueSpecification\",\"valueRequired\":true,\"valueName\":\"search_term_string\"}}],\"inLanguage\":\"pl-PL\"},{\"@type\":\"Organization\",\"@id\":\"https:\/\/distribucionarc.com\/pl\/#organization\",\"name\":\"Distribuci\u00f3n ARC\",\"url\":\"https:\/\/distribucionarc.com\/pl\/\",\"logo\":{\"@type\":\"ImageObject\",\"inLanguage\":\"pl-PL\",\"@id\":\"https:\/\/distribucionarc.com\/pl\/#\/schema\/logo\/image\/\",\"url\":\"https:\/\/distribucionarc.com\/wp-content\/uploads\/2024\/10\/distribucion-ARC-COLOR-SIN-FONDO-e1732295305345.png\",\"contentUrl\":\"https:\/\/distribucionarc.com\/wp-content\/uploads\/2024\/10\/distribucion-ARC-COLOR-SIN-FONDO-e1732295305345.png\",\"width\":1164,\"height\":558,\"caption\":\"Distribuci\u00f3n ARC\"},\"image\":{\"@id\":\"https:\/\/distribucionarc.com\/pl\/#\/schema\/logo\/image\/\"},\"description\":\"Empresa especializada en la fabricaci\u00f3n y distribuci\u00f3n de maquinaria industrial para los sectores alimentario y farmac\u00e9utico. Nos especializamos en: M\u00e1quinas de cortar carne Fabricaci\u00f3n de comprimidos Sistemas de transporte industrial L\u00edneas de embotellado Dosificadores Y mucho m\u00e1s... Ofrecemos soluciones innovadoras y personalizadas para optimizar los procesos productivos de tu empresa.\",\"email\":\"Admistracion@distribucionarc.com\",\"telephone\":\"+34 643496664\",\"legalName\":\"ARC TECH SOLUTIONS\",\"foundingDate\":\"2024-04-09\",\"vatID\":\"B55480172\",\"numberOfEmployees\":{\"@type\":\"QuantitativeValue\",\"minValue\":\"1\",\"maxValue\":\"10\"}}]}<\/script>\n<!-- \/ Yoast SEO Premium plugin. -->","yoast_head_json":{"title":"Kocio\u0142 zacieraj\u0105cy - dystrybucja ARC","robots":{"index":"index","follow":"follow","max-snippet":"max-snippet:-1","max-image-preview":"max-image-preview:large","max-video-preview":"max-video-preview:-1"},"canonical":"https:\/\/distribucionarc.com\/pl\/produkty\/garnek-do-maceracji\/","og_locale":"pl_PL","og_type":"article","og_title":"Marmita olla de maceraci\u00f3n","og_description":"Marmita olla de maceraci\u00f3n No hay nada como disfrutar de una buena cerveza, aunque siempre se puede mejorar. Desde ARC, queremos contribuir a ese sue\u00f1o facilitandote el caldero ARCMO98\u00a0la cerveza artesanal adquiere esa esencia primitiva y artesanal. Con la marmita de maceraci\u00f3n de ARC, puede confiar en sus habilidades para fermentar la malta. Aqu\u00ed tiene todo el proceso de control de maceraci\u00f3n. En la gran caldera de acero inoxidable se pueden hervir hasta 70 litros de l\u00edquido o 60 litros de l\u00edquido con malta. El dise\u00f1o de la olla de maceraci\u00f3n le garantiza una distribuci\u00f3n \u00f3ptima del calor en el caldero, tambi\u00e9n se adapta a las cocinas de inducci\u00f3n. Para trasvasar f\u00e1cilmente la malta fermentada, el caldero para macerar\u00a0ARCMO70 posee un grifo de desag\u00fce de 1 cm para conectar al sistema de mangueras. El mundo de los sabores es muy extenso ARC te ayuda a recorrer este viaje con una marmita en la que los maestros cerveceros logran sin problemas el mosto primitivo adecuado. &nbsp; Garant\u00eda\u00a0ARC 2 A\u00d1OS soporte t\u00e9cnico\u00a0incluido","og_url":"https:\/\/distribucionarc.com\/pl\/produkty\/garnek-do-maceracji\/","og_site_name":"distribuci\u00f3n ARC","article_modified_time":"2020-09-26T15:48:18+00:00","og_image":[{"width":1600,"height":1600,"url":"https:\/\/distribucionarc.com\/wp-content\/uploads\/2020\/07\/Marmita-olla-de-maceraci\u00f3n-8.jpg","type":"image\/jpeg"}],"twitter_card":"summary_large_image","twitter_misc":{"Szacowany czas czytania":"2 minuty"},"schema":{"@context":"https:\/\/schema.org","@graph":[{"@type":"WebPage","@id":"https:\/\/distribucionarc.com\/nl\/producto\/marmita-olla-de-maceracion\/","url":"https:\/\/distribucionarc.com\/nl\/producto\/marmita-olla-de-maceracion\/","name":"Kocio\u0142 zacieraj\u0105cy - dystrybucja ARC","isPartOf":{"@id":"https:\/\/distribucionarc.com\/pl\/#website"},"primaryImageOfPage":{"@id":"https:\/\/distribucionarc.com\/nl\/producto\/marmita-olla-de-maceracion\/#primaryimage"},"image":{"@id":"https:\/\/distribucionarc.com\/nl\/producto\/marmita-olla-de-maceracion\/#primaryimage"},"thumbnailUrl":"https:\/\/distribucionarc.com\/wp-content\/uploads\/2020\/07\/Marmita-olla-de-maceraci\u00f3n-8.jpg","datePublished":"2020-07-15T10:07:35+00:00","dateModified":"2020-09-26T15:48:18+00:00","breadcrumb":{"@id":"https:\/\/distribucionarc.com\/nl\/producto\/marmita-olla-de-maceracion\/#breadcrumb"},"inLanguage":"pl-PL","potentialAction":[{"@type":"ReadAction","target":["https:\/\/distribucionarc.com\/nl\/producto\/marmita-olla-de-maceracion\/"]}]},{"@type":"ImageObject","inLanguage":"pl-PL","@id":"https:\/\/distribucionarc.com\/nl\/producto\/marmita-olla-de-maceracion\/#primaryimage","url":"https:\/\/distribucionarc.com\/wp-content\/uploads\/2020\/07\/Marmita-olla-de-maceraci\u00f3n-8.jpg","contentUrl":"https:\/\/distribucionarc.com\/wp-content\/uploads\/2020\/07\/Marmita-olla-de-maceraci\u00f3n-8.jpg","width":1600,"height":1600,"caption":"Marmita olla de maceraci\u00f3n"},{"@type":"BreadcrumbList","@id":"https:\/\/distribucionarc.com\/nl\/producto\/marmita-olla-de-maceracion\/#breadcrumb","itemListElement":[{"@type":"ListItem","position":1,"name":"Portada","item":"https:\/\/www.distribucionarc.com\/tr\/"},{"@type":"ListItem","position":2,"name":"Izdelki","item":"https:\/\/www.distribucionarc.com\/sl\/trgovina\/"},{"@type":"ListItem","position":3,"name":"Marmita olla de maceraci\u00f3n"}]},{"@type":"WebSite","@id":"https:\/\/distribucionarc.com\/pl\/#website","url":"https:\/\/distribucionarc.com\/pl\/","name":"Dystrybucja ARC","description":"Firma specjalizuj\u0105ca si\u0119 w produkcji i dystrybucji maszyn przemys\u0142owych, zgrzewarek do puszek, maszyn do produkcji tabletek, maszyn do ci\u0119cia mi\u0119sa...","publisher":{"@id":"https:\/\/distribucionarc.com\/pl\/#organization"},"potentialAction":[{"@type":"SearchAction","target":{"@type":"EntryPoint","urlTemplate":"https:\/\/distribucionarc.com\/pl\/?s={search_term_string}"},"query-input":{"@type":"PropertyValueSpecification","valueRequired":true,"valueName":"search_term_string"}}],"inLanguage":"pl-PL"},{"@type":"Organization","@id":"https:\/\/distribucionarc.com\/pl\/#organization","name":"Dystrybucja ARC","url":"https:\/\/distribucionarc.com\/pl\/","logo":{"@type":"ImageObject","inLanguage":"pl-PL","@id":"https:\/\/distribucionarc.com\/pl\/#\/schema\/logo\/image\/","url":"https:\/\/distribucionarc.com\/wp-content\/uploads\/2024\/10\/distribucion-ARC-COLOR-SIN-FONDO-e1732295305345.png","contentUrl":"https:\/\/distribucionarc.com\/wp-content\/uploads\/2024\/10\/distribucion-ARC-COLOR-SIN-FONDO-e1732295305345.png","width":1164,"height":558,"caption":"Distribuci\u00f3n ARC"},"image":{"@id":"https:\/\/distribucionarc.com\/pl\/#\/schema\/logo\/image\/"},"description":"Firma specjalizuj\u0105ca si\u0119 w produkcji i dystrybucji maszyn przemys\u0142owych dla sektora spo\u017cywczego i farmaceutycznego. Specjalizujemy si\u0119 w: Maszyny do krojenia mi\u0119sa Produkcja tabletek Przemys\u0142owe systemy transportowe Linie butelkuj\u0105ce Dozowniki I wiele wi\u0119cej.... Oferujemy innowacyjne i niestandardowe rozwi\u0105zania w celu optymalizacji proces\u00f3w produkcyjnych w Twojej firmie.","email":"Admistracion@distribucionarc.com","telephone":"+34 643496664","legalName":"ARC TECH SOLUTIONS","foundingDate":"2024-04-09","vatID":"B55480172","numberOfEmployees":{"@type":"QuantitativeValue","minValue":"1","maxValue":"10"}}]}},"_links":{"self":[{"href":"https:\/\/distribucionarc.com\/pl\/wp-json\/wp\/v2\/product\/936","targetHints":{"allow":["GET"]}}],"collection":[{"href":"https:\/\/distribucionarc.com\/pl\/wp-json\/wp\/v2\/product"}],"about":[{"href":"https:\/\/distribucionarc.com\/pl\/wp-json\/wp\/v2\/types\/product"}],"replies":[{"embeddable":true,"href":"https:\/\/distribucionarc.com\/pl\/wp-json\/wp\/v2\/comments?post=936"}],"version-history":[{"count":0,"href":"https:\/\/distribucionarc.com\/pl\/wp-json\/wp\/v2\/product\/936\/revisions"}],"wp:featuredmedia":[{"embeddable":true,"href":"https:\/\/distribucionarc.com\/pl\/wp-json\/wp\/v2\/media\/942"}],"wp:attachment":[{"href":"https:\/\/distribucionarc.com\/pl\/wp-json\/wp\/v2\/media?parent=936"}],"wp:term":[{"taxonomy":"product_brand","embeddable":true,"href":"https:\/\/distribucionarc.com\/pl\/wp-json\/wp\/v2\/product_brand?post=936"},{"taxonomy":"product_cat","embeddable":true,"href":"https:\/\/distribucionarc.com\/pl\/wp-json\/wp\/v2\/product_cat?post=936"},{"taxonomy":"product_tag","embeddable":true,"href":"https:\/\/distribucionarc.com\/pl\/wp-json\/wp\/v2\/product_tag?post=936"}],"curies":[{"name":"wp","href":"https:\/\/api.w.org\/{rel}","templated":true}]}}