{"id":71,"date":"2020-04-15T09:30:06","date_gmt":"2020-04-15T09:30:06","guid":{"rendered":"https:\/\/distribucionarc.com\/?page_id=71"},"modified":"2025-04-25T07:08:47","modified_gmt":"2025-04-25T05:08:47","slug":"politica-de-privacidade","status":"publish","type":"page","link":"https:\/\/distribucionarc.com\/pt\/politica-de-privacidad\/","title":{"rendered":"pol\u00edtica de Privacidade"},"content":{"rendered":"<div data-elementor-type=\"wp-page\" data-elementor-id=\"71\" class=\"elementor elementor-71\" data-elementor-post-type=\"page\">\n\t\t\t\t<div class=\"elementor-element elementor-element-55ddc61 wd-section-stretch e-flex e-con-boxed wpr-particle-no wpr-jarallax-no wpr-parallax-no wpr-sticky-section-no e-con e-parent\" data-id=\"55ddc61\" data-element_type=\"container\" data-e-type=\"container\" data-settings=\"{&quot;background_background&quot;:&quot;classic&quot;}\">\n\t\t\t\t\t<div class=\"e-con-inner\">\n\t\t<div class=\"elementor-element elementor-element-5745e6e e-con-full e-flex wpr-particle-no wpr-jarallax-no wpr-parallax-no wpr-sticky-section-no e-con e-child\" data-id=\"5745e6e\" data-element_type=\"container\" data-e-type=\"container\">\n\t\t\t\t<div class=\"elementor-element elementor-element-05ceda0 elementor-widget elementor-widget-heading\" data-id=\"05ceda0\" data-element_type=\"widget\" data-e-type=\"widget\" data-widget_type=\"heading.default\">\n\t\t\t\t\t<h2 class=\"elementor-heading-title elementor-size-default\">pol\u00edtica de Privacidade<\/h2>\t\t\t\t<\/div>\n\t\t\t\t<\/div>\n\t\t\t\t\t<\/div>\n\t\t\t\t<\/div>\n\t\t<div class=\"wd-negative-gap elementor-element elementor-element-428fd617 e-flex e-con-boxed wpr-particle-no wpr-jarallax-no wpr-parallax-no wpr-sticky-section-no e-con e-parent\" data-id=\"428fd617\" data-element_type=\"container\" data-e-type=\"container\">\n\t\t\t\t\t<div class=\"e-con-inner\">\n\t\t\t\t<div class=\"elementor-element elementor-element-8a7b043 color-scheme-inherit text-left elementor-widget elementor-widget-text-editor\" data-id=\"8a7b043\" data-element_type=\"widget\" data-e-type=\"widget\" data-widget_type=\"text-editor.default\">\n\t\t\t\t\t\t\t\t\t\n<h2 class=\"wp-block-heading\">Recomenda\u00e7\u00e3o anterior<\/h2>\n\n<p>Damos-lhe as boas-vindas a este website e recomendamos que leia a nossa Pol\u00edtica de Privacidade. Isso descreve a maneira como\u00a0 <strong>DISTRIBUCIONARC.COM<\/strong> \u00a0coleta e utiliza informa\u00e7\u00f5es sobre seus clientes, usu\u00e1rios e assinantes deste site.\u00a0<\/p>\n\n<p><strong>DISTRIBUCIONARC.COM<\/strong> com B55480172 e endere\u00e7o em C\/CASTELL N1 46970 ALAQUAS (VALENCIA), como respons\u00e1vel pelo tratamento dos seus dados, processa os seus dados atrav\u00e9s deste site onde os dados pessoais dos utilizadores s\u00e3o respeitados e cuidados. Como usu\u00e1rio voc\u00ea deve saber que seus direitos est\u00e3o garantidos.<\/p>\n\n<p>\u00c9 necess\u00e1rio alertar que esta Pol\u00edtica de Privacidade pode variar em fun\u00e7\u00e3o de requisitos legislativos ou de autorregula\u00e7\u00e3o, pelo que se aconselha aos utilizadores que a visitem periodicamente. Ser\u00e1 aplic\u00e1vel caso o utilizador decida preencher algum dos seus formul\u00e1rios de contacto onde s\u00e3o recolhidos dados pessoais.<\/p>\n\n<p>Regulamenta\u00e7\u00f5es legais que esta Pol\u00edtica de Privacidade cumpre<\/p>\n\n<ul class=\"wp-block-list\">\n<li>Ele\u00a0<strong>GDPR (Regulamento (UE) 2016\/679 do Parlamento Europeu e do Conselho de 27 de abril de 2016 sobre a prote\u00e7\u00e3o das pessoas f\u00edsicas)<\/strong>, que \u00e9 o novo regulamento da Uni\u00e3o Europeia que unifica a regulamenta\u00e7\u00e3o do tratamento de dados pessoais nos diferentes pa\u00edses da UE.<\/li>\n\n<li>O\u00a0<strong>LOPD (Lei Org\u00e2nica 03\/2018, de 5 de dezembro de Prote\u00e7\u00e3o de Dados e Garantia de Direitos Digitais).<\/strong><\/li>\n\n<li>O\u00a0<strong>LSSI ou LSSICE (Lei 34\/2002, de 11 de julho, de Servi\u00e7os da Sociedade da Informa\u00e7\u00e3o e Com\u00e9rcio Eletr\u00f3nico)<\/strong>, que regula as transa\u00e7\u00f5es econ\u00f3micas atrav\u00e9s de meios eletr\u00f3nicos, como \u00e9 o caso deste site.<\/li>\n<\/ul>\n\n<p>Finalidades do tratamento<\/p>\n\n<p>No caso de d\u00favidas e sugest\u00f5es efetuadas, atrav\u00e9s das sec\u00e7\u00f5es existentes para o efeito, a informa\u00e7\u00e3o ser\u00e1 utilizada exclusivamente para responder \u00e0s quest\u00f5es levantadas.<\/p>\n\n<p>Salvo nos campos onde expressamente indicado o contr\u00e1rio, a entrega das informa\u00e7\u00f5es exigidas nos formul\u00e1rios de solicita\u00e7\u00e3o de dados \u00e9 obrigat\u00f3ria para a correta gest\u00e3o dos pedidos, d\u00favidas e sugest\u00f5es que voc\u00ea fizer. O n\u00e3o preenchimento dos campos determinados como obrigat\u00f3rios, ou o fornecimento de dados incorretos, impossibilitar\u00e1 a\u00a0<strong>DISTRIBUI\u00c7\u00c3O DE ARCO<\/strong>\u00a0pode gerenci\u00e1-los corretamente.<\/p>\n\n<p>Legitima\u00e7\u00e3o para tratamento<\/p>\n\n<p>Ao contactar-nos atrav\u00e9s do nosso website, o Utilizador declara ter sido informado das condi\u00e7\u00f5es relativas \u00e0 prote\u00e7\u00e3o de dados pessoais, aceitando e consentindo o tratamento dos mesmos por n\u00f3s.\u00a0 <strong>DISTRIBUI\u00c7\u00c3O DE ARCO<\/strong> \u00a0na forma e para os fins indicados.<\/p>\n\n<p>Conserva\u00e7\u00e3o e transfer\u00eancia de dados<\/p>\n\n<p>Os dados fornecidos ser\u00e3o conservados enquanto se mantiver a rela\u00e7\u00e3o comercial ou durante os anos necess\u00e1rios ao cumprimento das obriga\u00e7\u00f5es legais.<\/p>\n\n<p>Os dados n\u00e3o ser\u00e3o cedidos a terceiros, exceto nos casos em que exista uma obriga\u00e7\u00e3o legal.\u00a0 <strong>DISTRIBUI\u00c7\u00c3O DE ARCO<\/strong> \u00a0n\u00e3o vende, aluga ou transfere dados pessoais que possam identificar o utilizador, nem o far\u00e1 no futuro, a terceiros sem consentimento pr\u00e9vio. No entanto, em alguns casos, podem ser realizadas colabora\u00e7\u00f5es com outros profissionais para organizar forma\u00e7\u00e3o ou prestar servi\u00e7os. Nestes casos, ser\u00e1 necess\u00e1rio o consentimento dos utilizadores, informando-os da identidade do colaborador e da finalidade da colabora\u00e7\u00e3o. Ser\u00e1 sempre realizado com as mais rigorosas normas de seguran\u00e7a.<\/p>\n\n<p>Exerc\u00edcio dos direitos de prote\u00e7\u00e3o de dados<\/p>\n\n<p>O utilizador poder\u00e1 dirigir as suas comunica\u00e7\u00f5es e exercer os direitos de acesso, retifica\u00e7\u00e3o, apagamento e oposi\u00e7\u00e3o, bem como de limita\u00e7\u00e3o do tratamento e portabilidade dos dados atrav\u00e9s de correio postal para\u00a0<strong>CARRER CASTELL N1 46970 ALAQUAS (VALENCIA)<\/strong>, ou para o e-mail: rgpd@distribucionarc.com juntamente com uma identifica\u00e7\u00e3o v\u00e1lida, como fotoc\u00f3pia do DNI ou equivalente, indicando no assunto \u201cPROTE\u00c7\u00c3O DE DADOS\u201d.<\/p>\n\n<p>Servi\u00e7os de terceiros que utilizo neste site<\/p>\n\n<ul class=\"wp-block-list\">\n<li><strong>Hospedagem: estrato<\/strong><\/li>\n\n<li><strong>Plataforma web: wordpress<\/strong><\/li>\n\n<li><strong>Google Analytics<\/strong><\/li>\n<\/ul>\n\n<p>Os usu\u00e1rios podem cancelar a qualquer momento a assinatura dos servi\u00e7os prestados pela <strong>DISTRIBUCIONARC.COM<\/strong> o mesmo boletim informativo. Em cumprimento da normativa vigente em mat\u00e9ria de prote\u00e7\u00e3o de dados pessoais, tanto ao subscrever este blog como ao fazer um coment\u00e1rio em qualquer uma das suas p\u00e1ginas e\/ou entradas, o utilizador consente:<\/p>\n\n<h2 class=\"wp-block-heading\">Precis\u00e3o e veracidade dos dados<\/h2>\n\n<p>O usu\u00e1rio \u00e9 o \u00fanico respons\u00e1vel pela veracidade e exatid\u00e3o dos dados enviados ao\u00a0 <strong>DISTRIBUCIONARC.COM<\/strong> \u00a0exonerando o Provedor de qualquer responsabilidade a este respeito. Os utilizadores garantem e s\u00e3o respons\u00e1veis, em qualquer caso, pela exatid\u00e3o, validade e autenticidade dos dados pessoais fornecidos, comprometendo-se a mant\u00ea-los devidamente atualizados. O usu\u00e1rio concorda em fornecer informa\u00e7\u00f5es completas e corretas no formul\u00e1rio de contato ou inscri\u00e7\u00e3o.<\/p>\n\n<h2 class=\"wp-block-heading\">Altera\u00e7\u00f5es nesta pol\u00edtica de privacidade<\/h2>\n\n<p><strong>DISTRIBUI\u00c7\u00c3O DE ARCO<\/strong>\u00a0reserva-se o direito de modificar esta pol\u00edtica para adapt\u00e1-la aos desenvolvimentos legislativos ou jurisprudenciais, bem como \u00e0s pr\u00e1ticas do setor. Nesses casos, o Provedor anunciar\u00e1 as altera\u00e7\u00f5es introduzidas nesta p\u00e1gina com um aviso pr\u00e9vio razo\u00e1vel da sua implementa\u00e7\u00e3o.<\/p>\n\t\t\t\t\t\t\t\t<\/div>\n\t\t\t\t\t<\/div>\n\t\t\t\t<\/div>\n\t\t\t\t<\/div>","protected":false},"excerpt":{"rendered":"<p>Pol\u00edtica de Privacidade Recomenda\u00e7\u00e3o Pr\u00e9via Damos as boas-vindas a voc\u00ea neste site e recomendamos que voc\u00ea leia nossa pol\u00edtica de privacidade.<\/p>","protected":false},"author":1,"featured_media":0,"parent":0,"menu_order":0,"comment_status":"closed","ping_status":"closed","template":"elementor_header_footer","meta":{"footnotes":""},"class_list":["post-71","page","type-page","status-publish","hentry"],"yoast_head":"<!-- This site is optimized with the Yoast SEO Premium plugin v24.9 (Yoast SEO v26.1) - https:\/\/yoast.com\/wordpress\/plugins\/seo\/ -->\n<title>politica de privacidad - distribuci\u00f3n ARC<\/title>\n<meta name=\"robots\" content=\"index, follow, max-snippet:-1, max-image-preview:large, max-video-preview:-1\" \/>\n<link rel=\"canonical\" href=\"https:\/\/www.distribucionarc.com\/hr\/politica-de-privacidad\/\" \/>\n<meta property=\"og:locale\" content=\"pt_PT\" \/>\n<meta property=\"og:type\" content=\"article\" \/>\n<meta property=\"og:title\" content=\"politica de privacidad\" \/>\n<meta property=\"og:description\" content=\"politica de privacidad Recomendaci\u00f3n previa Les damos la bienvenida a esta web y les recomendamos que lean nuestra pol\u00edtica de\" \/>\n<meta property=\"og:url\" content=\"https:\/\/www.distribucionarc.com\/hr\/politica-de-privacidad\/\" \/>\n<meta property=\"og:site_name\" content=\"distribuci\u00f3n ARC\" \/>\n<meta property=\"article:modified_time\" content=\"2025-04-25T05:08:47+00:00\" \/>\n<meta property=\"og:image\" content=\"https:\/\/distribucionarc.com\/wp-content\/uploads\/2024\/12\/icono-arc.jpg\" \/>\n\t<meta property=\"og:image:width\" content=\"612\" \/>\n\t<meta property=\"og:image:height\" content=\"792\" \/>\n\t<meta property=\"og:image:type\" content=\"image\/jpeg\" \/>\n<meta name=\"twitter:card\" content=\"summary_large_image\" \/>\n<meta name=\"twitter:label1\" content=\"Tempo estimado de leitura\" \/>\n\t<meta name=\"twitter:data1\" content=\"4 minutos\" \/>\n<script type=\"application\/ld+json\" class=\"yoast-schema-graph\">{\"@context\":\"https:\/\/schema.org\",\"@graph\":[{\"@type\":\"WebPage\",\"@id\":\"https:\/\/www.distribucionarc.com\/hr\/politica-de-privacidad\/\",\"url\":\"https:\/\/www.distribucionarc.com\/hr\/politica-de-privacidad\/\",\"name\":\"politica de privacidad - distribuci\u00f3n ARC\",\"isPartOf\":{\"@id\":\"https:\/\/www.distribucionarc.com\/sl\/#website\"},\"datePublished\":\"2020-04-15T09:30:06+00:00\",\"dateModified\":\"2025-04-25T05:08:47+00:00\",\"breadcrumb\":{\"@id\":\"https:\/\/www.distribucionarc.com\/hr\/politica-de-privacidad\/#breadcrumb\"},\"inLanguage\":\"pt-PT\",\"potentialAction\":[{\"@type\":\"ReadAction\",\"target\":[\"https:\/\/www.distribucionarc.com\/hr\/politica-de-privacidad\/\"]}]},{\"@type\":\"BreadcrumbList\",\"@id\":\"https:\/\/www.distribucionarc.com\/hr\/politica-de-privacidad\/#breadcrumb\",\"itemListElement\":[{\"@type\":\"ListItem\",\"position\":1,\"name\":\"Portada\",\"item\":\"https:\/\/www.distribucionarc.com\/\"},{\"@type\":\"ListItem\",\"position\":2,\"name\":\"politica de privacidad\"}]},{\"@type\":\"WebSite\",\"@id\":\"https:\/\/www.distribucionarc.com\/sl\/#website\",\"url\":\"https:\/\/www.distribucionarc.com\/sl\/\",\"name\":\"distribuci\u00f3n ARC\",\"description\":\"Empresa especializada en la fabricaci\u00f3n y distribuci\u00f3n de maquinaria industrial, selladoras de latas, Maquinas de hacer pastillas, Maquinas de cortar carne...\",\"publisher\":{\"@id\":\"https:\/\/www.distribucionarc.com\/sl\/#organization\"},\"potentialAction\":[{\"@type\":\"SearchAction\",\"target\":{\"@type\":\"EntryPoint\",\"urlTemplate\":\"https:\/\/www.distribucionarc.com\/sl\/?s={search_term_string}\"},\"query-input\":{\"@type\":\"PropertyValueSpecification\",\"valueRequired\":true,\"valueName\":\"search_term_string\"}}],\"inLanguage\":\"pt-PT\"},{\"@type\":\"Organization\",\"@id\":\"https:\/\/www.distribucionarc.com\/sl\/#organization\",\"name\":\"Distribuci\u00f3n ARC\",\"url\":\"https:\/\/www.distribucionarc.com\/sl\/\",\"logo\":{\"@type\":\"ImageObject\",\"inLanguage\":\"pt-PT\",\"@id\":\"https:\/\/www.distribucionarc.com\/sl\/#\/schema\/logo\/image\/\",\"url\":\"https:\/\/distribucionarc.com\/wp-content\/uploads\/2024\/10\/distribucion-ARC-COLOR-SIN-FONDO-e1732295305345.png\",\"contentUrl\":\"https:\/\/distribucionarc.com\/wp-content\/uploads\/2024\/10\/distribucion-ARC-COLOR-SIN-FONDO-e1732295305345.png\",\"width\":1164,\"height\":558,\"caption\":\"Distribuci\u00f3n ARC\"},\"image\":{\"@id\":\"https:\/\/www.distribucionarc.com\/sl\/#\/schema\/logo\/image\/\"},\"description\":\"Empresa especializada en la fabricaci\u00f3n y distribuci\u00f3n de maquinaria industrial para los sectores alimentario y farmac\u00e9utico. Nos especializamos en: M\u00e1quinas de cortar carne Fabricaci\u00f3n de comprimidos Sistemas de transporte industrial L\u00edneas de embotellado Dosificadores Y mucho m\u00e1s... Ofrecemos soluciones innovadoras y personalizadas para optimizar los procesos productivos de tu empresa.\",\"email\":\"Admistracion@distribucionarc.com\",\"telephone\":\"+34 643496664\",\"legalName\":\"ARC TECH SOLUTIONS\",\"foundingDate\":\"2024-04-09\",\"vatID\":\"B55480172\",\"numberOfEmployees\":{\"@type\":\"QuantitativeValue\",\"minValue\":\"1\",\"maxValue\":\"10\"}}]}<\/script>\n<!-- \/ Yoast SEO Premium plugin. -->","yoast_head_json":{"title":"pol\u00edtica de privacidade - distribui\u00e7\u00e3o ARC","robots":{"index":"index","follow":"follow","max-snippet":"max-snippet:-1","max-image-preview":"max-image-preview:large","max-video-preview":"max-video-preview:-1"},"canonical":"https:\/\/www.distribucionarc.com\/hr\/politica-de-privacidad\/","og_locale":"pt_PT","og_type":"article","og_title":"politica de privacidad","og_description":"politica de privacidad Recomendaci\u00f3n previa Les damos la bienvenida a esta web y les recomendamos que lean nuestra pol\u00edtica de","og_url":"https:\/\/www.distribucionarc.com\/hr\/politica-de-privacidad\/","og_site_name":"distribuci\u00f3n ARC","article_modified_time":"2025-04-25T05:08:47+00:00","og_image":[{"width":612,"height":792,"url":"https:\/\/distribucionarc.com\/wp-content\/uploads\/2024\/12\/icono-arc.jpg","type":"image\/jpeg"}],"twitter_card":"summary_large_image","twitter_misc":{"Tempo estimado de leitura":"4 minutos"},"schema":{"@context":"https:\/\/schema.org","@graph":[{"@type":"WebPage","@id":"https:\/\/www.distribucionarc.com\/hr\/politica-de-privacidad\/","url":"https:\/\/www.distribucionarc.com\/hr\/politica-de-privacidad\/","name":"pol\u00edtica de privacidade - distribui\u00e7\u00e3o ARC","isPartOf":{"@id":"https:\/\/www.distribucionarc.com\/sl\/#website"},"datePublished":"2020-04-15T09:30:06+00:00","dateModified":"2025-04-25T05:08:47+00:00","breadcrumb":{"@id":"https:\/\/www.distribucionarc.com\/hr\/politica-de-privacidad\/#breadcrumb"},"inLanguage":"pt-PT","potentialAction":[{"@type":"ReadAction","target":["https:\/\/www.distribucionarc.com\/hr\/politica-de-privacidad\/"]}]},{"@type":"BreadcrumbList","@id":"https:\/\/www.distribucionarc.com\/hr\/politica-de-privacidad\/#breadcrumb","itemListElement":[{"@type":"ListItem","position":1,"name":"Portada","item":"https:\/\/www.distribucionarc.com\/"},{"@type":"ListItem","position":2,"name":"politica de privacidad"}]},{"@type":"WebSite","@id":"https:\/\/www.distribucionarc.com\/sl\/#website","url":"https:\/\/www.distribucionarc.com\/sl\/","name":"Distribui\u00e7\u00e3o ARC","description":"Empresa especializada no fabrico e distribui\u00e7\u00e3o de m\u00e1quinas industriais, m\u00e1quinas de selar latas, m\u00e1quinas de fazer comprimidos, m\u00e1quinas de cortar carne...","publisher":{"@id":"https:\/\/www.distribucionarc.com\/sl\/#organization"},"potentialAction":[{"@type":"SearchAction","target":{"@type":"EntryPoint","urlTemplate":"https:\/\/www.distribucionarc.com\/sl\/?s={search_term_string}"},"query-input":{"@type":"PropertyValueSpecification","valueRequired":true,"valueName":"search_term_string"}}],"inLanguage":"pt-PT"},{"@type":"Organization","@id":"https:\/\/www.distribucionarc.com\/sl\/#organization","name":"Distribui\u00e7\u00e3o ARC","url":"https:\/\/www.distribucionarc.com\/sl\/","logo":{"@type":"ImageObject","inLanguage":"pt-PT","@id":"https:\/\/www.distribucionarc.com\/sl\/#\/schema\/logo\/image\/","url":"https:\/\/distribucionarc.com\/wp-content\/uploads\/2024\/10\/distribucion-ARC-COLOR-SIN-FONDO-e1732295305345.png","contentUrl":"https:\/\/distribucionarc.com\/wp-content\/uploads\/2024\/10\/distribucion-ARC-COLOR-SIN-FONDO-e1732295305345.png","width":1164,"height":558,"caption":"Distribuci\u00f3n ARC"},"image":{"@id":"https:\/\/www.distribucionarc.com\/sl\/#\/schema\/logo\/image\/"},"description":"Empresa especializada no fabrico e distribui\u00e7\u00e3o de m\u00e1quinas industriais para os sectores alimentar e farmac\u00eautico. Somos especializados em: M\u00e1quinas de cortar carne Fabrico de comprimidos Sistemas de transporte industrial Linhas de engarrafamento Dispensadores E muito mais... Oferecemos solu\u00e7\u00f5es inovadoras e personalizadas para otimizar os processos de produ\u00e7\u00e3o da sua empresa.","email":"Admistracion@distribucionarc.com","telephone":"+34 643496664","legalName":"ARC TECH SOLUTIONS","foundingDate":"2024-04-09","vatID":"B55480172","numberOfEmployees":{"@type":"QuantitativeValue","minValue":"1","maxValue":"10"}}]}},"_links":{"self":[{"href":"https:\/\/distribucionarc.com\/pt\/wp-json\/wp\/v2\/pages\/71","targetHints":{"allow":["GET"]}}],"collection":[{"href":"https:\/\/distribucionarc.com\/pt\/wp-json\/wp\/v2\/pages"}],"about":[{"href":"https:\/\/distribucionarc.com\/pt\/wp-json\/wp\/v2\/types\/page"}],"author":[{"embeddable":true,"href":"https:\/\/distribucionarc.com\/pt\/wp-json\/wp\/v2\/users\/1"}],"replies":[{"embeddable":true,"href":"https:\/\/distribucionarc.com\/pt\/wp-json\/wp\/v2\/comments?post=71"}],"version-history":[{"count":5,"href":"https:\/\/distribucionarc.com\/pt\/wp-json\/wp\/v2\/pages\/71\/revisions"}],"predecessor-version":[{"id":16724,"href":"https:\/\/distribucionarc.com\/pt\/wp-json\/wp\/v2\/pages\/71\/revisions\/16724"}],"wp:attachment":[{"href":"https:\/\/distribucionarc.com\/pt\/wp-json\/wp\/v2\/media?parent=71"}],"curies":[{"name":"wp","href":"https:\/\/api.w.org\/{rel}","templated":true}]}}