{"id":74,"date":"2020-04-15T09:38:42","date_gmt":"2020-04-15T09:38:42","guid":{"rendered":"https:\/\/distribucionarc.com\/?page_id=74"},"modified":"2025-05-06T15:58:50","modified_gmt":"2025-05-06T13:58:50","slug":"aviso-legal","status":"publish","type":"page","link":"https:\/\/distribucionarc.com\/pt\/inicio\/aviso-legal\/","title":{"rendered":"aviso legal"},"content":{"rendered":"<div data-elementor-type=\"wp-page\" data-elementor-id=\"74\" class=\"elementor elementor-74\" data-elementor-post-type=\"page\">\n\t\t\t\t<div class=\"elementor-element elementor-element-17a78b4 wd-section-stretch e-flex e-con-boxed wpr-particle-no wpr-jarallax-no wpr-parallax-no wpr-sticky-section-no e-con e-parent\" data-id=\"17a78b4\" data-element_type=\"container\" data-e-type=\"container\" data-settings=\"{&quot;background_background&quot;:&quot;classic&quot;}\">\n\t\t\t\t\t<div class=\"e-con-inner\">\n\t\t<div class=\"elementor-element elementor-element-8e49855 e-con-full e-flex wpr-particle-no wpr-jarallax-no wpr-parallax-no wpr-sticky-section-no e-con e-child\" data-id=\"8e49855\" data-element_type=\"container\" data-e-type=\"container\">\n\t\t\t\t<div class=\"elementor-element elementor-element-3d3bbd4 elementor-widget elementor-widget-heading\" data-id=\"3d3bbd4\" data-element_type=\"widget\" data-e-type=\"widget\" data-widget_type=\"heading.default\">\n\t\t\t\t\t<h2 class=\"elementor-heading-title elementor-size-default\">aviso legal<\/h2>\t\t\t\t<\/div>\n\t\t\t\t<\/div>\n\t\t\t\t\t<\/div>\n\t\t\t\t<\/div>\n\t\t<div class=\"elementor-element elementor-element-7cdcae67 e-flex e-con-boxed wpr-particle-no wpr-jarallax-no wpr-parallax-no wpr-sticky-section-no e-con e-parent\" data-id=\"7cdcae67\" data-element_type=\"container\" data-e-type=\"container\">\n\t\t\t\t\t<div class=\"e-con-inner\">\n\t\t\t\t<div class=\"elementor-element elementor-element-fa54b7a color-scheme-inherit text-left elementor-widget elementor-widget-text-editor\" data-id=\"fa54b7a\" data-element_type=\"widget\" data-e-type=\"widget\" data-widget_type=\"text-editor.default\">\n\t\t\t\t\t\t\t\t\t\n<p>Detalhes do vendedor<\/p>\n\n<p>Propriet\u00e1rio: ARC TECH SOLUTIONS SL<\/p>\n\n<p>Endere\u00e7o: Carrer Castell N1 Bajo Left 46970 Alaquas (Valencia)<\/p>\n\n<p>NIF: B55480172<\/p>\n\n<p>\u00a0<\/p>\n\n<p>E-mail: info@distribucionarc.com<\/p>\n\n<p>Telefone: +34 643496664<\/p>\n\n<p>O Cliente (doravante, o \u201c<strong>Cliente<\/strong>&quot;) que acessa o site (o &quot;<strong>Site<\/strong>&quot;) de propriedade da DISTRIBUCION ARC. (o &quot;<strong>Sociedade<\/strong>&quot;), registrar-se ou adquirir produtos atrav\u00e9s do Site, voc\u00ea concorda em submeter-se e fica vinculado a este Aviso Legal e \u00e0s Condi\u00e7\u00f5es Gerais tal como est\u00e3o escritas no momento em que acessa o Site.<\/p>\n\n<p>Regras para uso autorizado do site (\u201c<strong>Site<\/strong>&quot;)<\/p>\n\n<p>O Cliente pode aceder gratuitamente ao Site, sem preju\u00edzo dos custos de liga\u00e7\u00e3o atrav\u00e9s da rede de telecomunica\u00e7\u00f5es que dever\u00e3o ser pagos \u00e0 entidade com a qual foi contratado.<\/p>\n\n<p>Em geral, o acesso ao Site \u00e9 proibido a menores de 18 anos que n\u00e3o possuam a correspondente autoriza\u00e7\u00e3o dos pais ou respons\u00e1veis legais.<\/p>\n\n<p>O Cliente compromete-se a cumprir o presente Aviso Legal e os avisos ou instru\u00e7\u00f5es especiais de utiliza\u00e7\u00e3o contidos no Site e a agir sempre de acordo com a Lei, os bons costumes e as exig\u00eancias da boa-f\u00e9, utilizando a dilig\u00eancia adequada \u00e0 natureza do servi\u00e7o que presta. aproveitar.<\/p>\n\n<p>O Cliente dever\u00e1 abster-se de: (i) fazer uso n\u00e3o autorizado ou fraudulento do Site e\/ou dos seus conte\u00fados; (ii) acessar ou tentar acessar recursos ou \u00e1reas restritas do Site, sem atender \u00e0s condi\u00e7\u00f5es exigidas para tal acesso; (iii) utilizar o Site e\/ou os conte\u00fados para outros fins que n\u00e3o a aquisi\u00e7\u00e3o de qualquer um dos produtos oferecidos no Site, fins ou efeitos il\u00edcitos, ilegais, contr\u00e1rios ao estabelecido neste Aviso Legal, de boa f\u00e9 e publicamente ordem, lesiva dos direitos e interesses de terceiros, ou que de qualquer forma possa danificar, inutilizar ou sobrecarregar o Site ou impedir a normal utiliza\u00e7\u00e3o ou aproveitamento do mesmo; (iv) causar danos a pessoas ou bens da Empresa, de seus fornecedores, Clientes ou de terceiros; (v) introduzir ou disseminar v\u00edrus inform\u00e1ticos ou quaisquer outros sistemas f\u00edsicos ou l\u00f3gicos na rede que possam causar danos aos sistemas f\u00edsicos ou l\u00f3gicos da Empresa, dos seus fornecedores ou de terceiros.<\/p>\n\n<p>O Cliente compromete-se a utilizar o Site apenas para realizar consultas ou encomendas legalmente v\u00e1lidas e n\u00e3o realizar quaisquer encomendas falsas ou fraudulentas. Caso contr\u00e1rio, estaremos autorizados a cancel\u00e1-lo e informar as autoridades competentes.<\/p>\n\n<p>N\u00e3o seremos respons\u00e1veis por qualquer dano ou perda que afecte o seu computador como consequ\u00eancia das ac\u00e7\u00f5es anteriores, ou da utiliza\u00e7\u00e3o do Site ou do download de conte\u00fados do mesmo ou para os quais possa ser redireccionado.<\/p>\n\n<p>O Site pode conter links para outros sites, redes sociais e materiais de terceiros. Esses links s\u00e3o fornecidos apenas para fins informativos, portanto a Empresa n\u00e3o tem controle sobre o conte\u00fado de tais p\u00e1ginas ou materiais. Consequentemente, a Empresa n\u00e3o ser\u00e1 respons\u00e1vel por quaisquer danos ou perdas decorrentes do uso desses links ou de material de terceiros.<\/p>\n\n<p>Prote\u00e7\u00e3o de dados<\/p>\n\n<p>Para efeitos do disposto na Lei Org\u00e2nica 15\/1999, de 13 de dezembro, de Prote\u00e7\u00e3o de Dados Pessoais (\u201c<strong>LOPD<\/strong>&quot;), DISTRIBUCION ARC informa ao Cliente que quaisquer dados pessoais fornecidos a qualquer momento e voluntariamente \u00e0 nossa empresa ou aos nossos funcion\u00e1rios, ser\u00e3o inclu\u00eddos num arquivo automatizado de dados pessoais criado e mantido sob a responsabilidade da DISTRIBUCION ARC. e ser\u00e3o processados com a finalidade exclusiva de processar o seu pedido de encomenda, bem como as d\u00favidas ou sugest\u00f5es apresentadas pelo Cliente. Poder\u00e1 exercer o seu direito de acesso, retifica\u00e7\u00e3o, cancelamento e oposi\u00e7\u00e3o a qualquer momento, dirigindo o seu pedido para a morada, email, telefone ou fax indicados na sec\u00e7\u00e3o anterior.<\/p>\n\n<p>Para que a informa\u00e7\u00e3o contida nos nossos ficheiros esteja sempre atualizada e n\u00e3o contenha erros, solicitamos ao Cliente que nos informe, com a maior brevidade poss\u00edvel, de quaisquer modifica\u00e7\u00f5es e retifica\u00e7\u00f5es dos seus dados pessoais.<\/p>\n\n<p>Informamos que foram adotadas todas as medidas de seguran\u00e7a t\u00e9cnicas e organizativas necess\u00e1rias para garantir a prote\u00e7\u00e3o dos seus dados pessoais e evitar a sua altera\u00e7\u00e3o, perda, tratamento e\/ou acesso n\u00e3o autorizado, tendo em conta o estado da t\u00e9cnica, a natureza do dados armazenados e os riscos a que est\u00e3o expostos, tudo isso, de acordo com o disposto na LOPD e seus regulamentos de implementa\u00e7\u00e3o.<\/p>\n\n<p>Salvo nos campos onde expressamente indicado o contr\u00e1rio, a entrega das informa\u00e7\u00f5es exigidas nos formul\u00e1rios de pedido de dados \u00e9 obrigat\u00f3ria para a correta gest\u00e3o das encomendas, d\u00favidas e sugest\u00f5es por si efetuadas. O n\u00e3o preenchimento dos campos determinados como obrigat\u00f3rios, ou o fornecimento de dados incorretos, impossibilitar\u00e1 a DISTRIBUCION ARC de os gerir corretamente.<\/p>\n\n<p>Garantia e responsabilidade<\/p>\n\n<p>A utiliza\u00e7\u00e3o do Site pelo Cliente realiza-se sempre sob seu total risco e responsabilidade, que este expressamente reconhece e aceita, pela qual a Empresa n\u00e3o assumir\u00e1 qualquer responsabilidade, direta ou indireta, derivada de uso indevido ou indevido. uso fraudulento ou il\u00edcito do Site pelos Clientes.<\/p>\n\n<p>A Empresa far\u00e1 todo o poss\u00edvel para garantir o funcionamento do Site sem problemas, reconhecendo explicitamente ao Cliente que n\u00e3o \u00e9 poss\u00edvel oferecer disponibilidade completa do 100%. No entanto, a Empresa compromete-se a manter o Site online dispon\u00edvel pelo maior tempo poss\u00edvel. No entanto, a Empresa reserva-se o direito de restringir o acesso ao Site online, no todo ou em parte, tempor\u00e1ria ou permanentemente, devido a trabalhos de manuten\u00e7\u00e3o, capacidade ou eventos fora do controlo da Empresa.<\/p>\n\n<p>Sem ser exaustivo, salienta-se que a Empresa n\u00e3o ser\u00e1 respons\u00e1vel por:<\/p>\n\n<ul class=\"wp-block-list\">\n<li>Interrup\u00e7\u00f5es, avarias, omiss\u00f5es ou desconex\u00f5es de sistemas, interfer\u00eancias ou v\u00edrus, problemas de acesso e, em geral, qualquer problema de disponibilidade, mau funcionamento e\/ou continuidade da presta\u00e7\u00e3o de servi\u00e7os que possam afetar o Site.<\/li>\n<\/ul>\n\n<ul class=\"wp-block-list\">\n<li>Quaisquer danos que possam ocorrer nos equipamentos ou dispositivos tecnol\u00f3gicos dos Clientes devido \u00e0 utiliza\u00e7\u00e3o do Site.<\/li>\n<\/ul>\n\n<ul class=\"wp-block-list\">\n<li>As a\u00e7\u00f5es de terceiros, incluindo os pr\u00f3prios Clientes, est\u00e3o fora do controle da Empresa.<\/li>\n<\/ul>\n\n<p>Propriedade intelectual e industrial<\/p>\n\n<p>A Empresa \u00e9 propriet\u00e1ria exclusiva do Site. Qualquer reprodu\u00e7\u00e3o do Site, total ou parcial, \u00e9 proibida.<\/p>\n\n<p>Todos os conte\u00fados apresentados no Site e, em particular, quaisquer produtos, desenhos, textos, gr\u00e1ficos, log\u00f3tipos, \u00edcones, bot\u00f5es, software, nomes comerciais, marcas, desenhos industriais ou quaisquer outros sinais suscept\u00edveis de utiliza\u00e7\u00e3o industrial e comercial est\u00e3o sujeitos a direitos intelectuais. e direitos de propriedade industrial da Empresa ou de terceiros propriet\u00e1rios dos mesmos que tenham devidamente autorizado a sua inclus\u00e3o no Site.<\/p>\n\n<p>Em nenhum caso se entender\u00e1 que \u00e9 concedida qualquer licen\u00e7a ou que tais direitos s\u00e3o renunciados, transmitidos, transferidos total ou parcialmente, nem \u00e9 conferido qualquer direito, e em particular, de altera\u00e7\u00e3o, explora\u00e7\u00e3o, reprodu\u00e7\u00e3o, distribui\u00e7\u00e3o ou comunica\u00e7\u00e3o p\u00fablica sobre referidos conte\u00fados sem a autoriza\u00e7\u00e3o pr\u00e9via e expressa da Empresa ou dos correspondentes propriet\u00e1rios, consequentemente, o Cliente n\u00e3o poder\u00e1 reproduzir, transformar, modificar, desmontar, fazer engenharia reversa, distribuir, alugar, emprestar, disponibilizar ou permitir o acesso ao p\u00fablico atrav\u00e9s de qualquer modalidade de comunica\u00e7\u00e3o p\u00fablica de qualquer dos elementos referidos no n\u00famero anterior.<\/p>\n\n<p>Biscoitos<\/p>\n\n<p>O Site utiliza cookies, ou seja, arquivos que s\u00e3o baixados no dispositivo do Cliente ao acess\u00e1-lo. Os cookies permitem-nos compreender, entre outras coisas, como os Clientes navegam no Site, armazenam e recuperam informa\u00e7\u00e3o relacionada com a navega\u00e7\u00e3o e h\u00e1bitos dos Clientes.<\/p>\n\n<p>O Site utiliza cookies pr\u00f3prios e de terceiros, que permitem lembrar dados de navega\u00e7\u00e3o para melhorar a experi\u00eancia de navega\u00e7\u00e3o. O Cliente pode configurar o seu navegador de Internet para eliminar, bloquear ou receber avisos caso sejam instalados cookies, sem preju\u00edzo de que para utilizar determinados servi\u00e7os do Site \u00e9 necess\u00e1rio ativar os cookies.<\/p>\n\n<p>Os cookies utilizados no Site s\u00e3o:<\/p>\n\n<ul class=\"wp-block-list\">\n<li>Cookies t\u00e9cnicos: permitem ao Cliente utilizar as diferentes op\u00e7\u00f5es de navega\u00e7\u00e3o ou servi\u00e7os do Site, como identificar a sess\u00e3o ou realizar um processo de compra ou registo.<\/li>\n<\/ul>\n\n<ul class=\"wp-block-list\">\n<li>Cookies de personaliza\u00e7\u00e3o: permitem ao Cliente aceder a um servi\u00e7o com caracter\u00edsticas gerais predefinidas, como configura\u00e7\u00e3o de idioma ou pa\u00eds.<\/li>\n<\/ul>\n\n<ul class=\"wp-block-list\">\n<li>Cookies de an\u00e1lise: servem para acompanhar o comportamento dos Clientes no nosso site, de forma a introduzir melhorias no Site.<\/li>\n<\/ul>\n\n<ul class=\"wp-block-list\">\n<li>Cookies publicit\u00e1rios e de publicidade comportamental: armazenam informa\u00e7\u00e3o sobre o comportamento do Cliente e adaptam a publicidade ao mesmo.<\/li>\n<\/ul>\n\n<p>Contato<\/p>\n\n<p>Estamos \u00e0 sua inteira disposi\u00e7\u00e3o para responder \u00e0s suas d\u00favidas, sugest\u00f5es ou coment\u00e1rios sobre a nossa empresa, os nossos produtos, o nosso site ou a nossa pol\u00edtica de privacidade. Para tal, pode contactar-nos atrav\u00e9s do email, telefone ou fax que consta na informa\u00e7\u00e3o do vendedor.<\/p>\n\n<p>Nosso hor\u00e1rio de atendimento ao cliente \u00e9 de segunda a sexta, das 8h \u00e0s 18h.<\/p>\n\t\t\t\t\t\t\t\t<\/div>\n\t\t\t\t\t<\/div>\n\t\t\t\t<\/div>\n\t\t\t\t<\/div>","protected":false},"excerpt":{"rendered":"<p>Dados do vendedor Propriet\u00e1rio: ARC TECH SOLUTIONS SL Endere\u00e7o: Carrer Castell N1, canto inferior esquerdo, 46970 Alaquas (Val\u00eancia) NIF:<\/p>","protected":false},"author":1,"featured_media":0,"parent":45,"menu_order":0,"comment_status":"closed","ping_status":"closed","template":"elementor_header_footer","meta":{"footnotes":""},"class_list":["post-74","page","type-page","status-publish","hentry"],"yoast_head":"<!-- This site is optimized with the Yoast SEO Premium plugin v24.9 (Yoast SEO v26.1) - https:\/\/yoast.com\/wordpress\/plugins\/seo\/ -->\n<title>aviso legal - distribuci\u00f3n ARC<\/title>\n<meta name=\"robots\" content=\"index, follow, max-snippet:-1, max-image-preview:large, max-video-preview:-1\" \/>\n<link rel=\"canonical\" href=\"https:\/\/distribucionarc.com\/pt\/comeco\/aviso-legal\/\" \/>\n<meta property=\"og:locale\" content=\"pt_PT\" \/>\n<meta property=\"og:type\" content=\"article\" \/>\n<meta property=\"og:title\" content=\"aviso legal\" \/>\n<meta property=\"og:description\" content=\"aviso legal Datos del vendedor Titular: ARC TECH SOLUTIONS S.L Direcci\u00f3n: carrer castell n1 bajo izquierda 46970 alaquas (valencia) N.I.F.:\" \/>\n<meta property=\"og:url\" content=\"https:\/\/distribucionarc.com\/pt\/comeco\/aviso-legal\/\" \/>\n<meta property=\"og:site_name\" content=\"distribuci\u00f3n ARC\" \/>\n<meta property=\"article:modified_time\" content=\"2025-05-06T13:58:50+00:00\" \/>\n<meta property=\"og:image\" content=\"https:\/\/distribucionarc.com\/wp-content\/uploads\/2024\/12\/icono-arc.jpg\" \/>\n\t<meta property=\"og:image:width\" content=\"612\" \/>\n\t<meta property=\"og:image:height\" content=\"792\" \/>\n\t<meta property=\"og:image:type\" content=\"image\/jpeg\" \/>\n<meta name=\"twitter:card\" content=\"summary_large_image\" \/>\n<meta name=\"twitter:label1\" content=\"Tempo estimado de leitura\" \/>\n\t<meta name=\"twitter:data1\" content=\"8 minutos\" \/>\n<script type=\"application\/ld+json\" class=\"yoast-schema-graph\">{\"@context\":\"https:\/\/schema.org\",\"@graph\":[{\"@type\":\"WebPage\",\"@id\":\"https:\/\/distribucionarc.com\/lt\/inicio\/aviso-legal\/\",\"url\":\"https:\/\/distribucionarc.com\/lt\/inicio\/aviso-legal\/\",\"name\":\"aviso legal - distribuci\u00f3n ARC\",\"isPartOf\":{\"@id\":\"https:\/\/distribucionarc.com\/bg\/#website\"},\"datePublished\":\"2020-04-15T09:38:42+00:00\",\"dateModified\":\"2025-05-06T13:58:50+00:00\",\"breadcrumb\":{\"@id\":\"https:\/\/distribucionarc.com\/lt\/inicio\/aviso-legal\/#breadcrumb\"},\"inLanguage\":\"pt-PT\",\"potentialAction\":[{\"@type\":\"ReadAction\",\"target\":[\"https:\/\/distribucionarc.com\/lt\/inicio\/aviso-legal\/\"]}]},{\"@type\":\"BreadcrumbList\",\"@id\":\"https:\/\/distribucionarc.com\/lt\/inicio\/aviso-legal\/#breadcrumb\",\"itemListElement\":[{\"@type\":\"ListItem\",\"position\":1,\"name\":\"Portada\",\"item\":\"https:\/\/www.distribucionarc.com\/pl\/\"},{\"@type\":\"ListItem\",\"position\":2,\"name\":\"inicio\",\"item\":\"https:\/\/distribucionarc.com\/hr\/inicio\/\"},{\"@type\":\"ListItem\",\"position\":3,\"name\":\"aviso legal\"}]},{\"@type\":\"WebSite\",\"@id\":\"https:\/\/distribucionarc.com\/bg\/#website\",\"url\":\"https:\/\/distribucionarc.com\/bg\/\",\"name\":\"distribuci\u00f3n ARC\",\"description\":\"Empresa especializada en la fabricaci\u00f3n y distribuci\u00f3n de maquinaria industrial, selladoras de latas, Maquinas de hacer pastillas, Maquinas de cortar carne...\",\"publisher\":{\"@id\":\"https:\/\/distribucionarc.com\/bg\/#organization\"},\"potentialAction\":[{\"@type\":\"SearchAction\",\"target\":{\"@type\":\"EntryPoint\",\"urlTemplate\":\"https:\/\/distribucionarc.com\/bg\/?s={search_term_string}\"},\"query-input\":{\"@type\":\"PropertyValueSpecification\",\"valueRequired\":true,\"valueName\":\"search_term_string\"}}],\"inLanguage\":\"pt-PT\"},{\"@type\":\"Organization\",\"@id\":\"https:\/\/distribucionarc.com\/bg\/#organization\",\"name\":\"Distribuci\u00f3n ARC\",\"url\":\"https:\/\/distribucionarc.com\/bg\/\",\"logo\":{\"@type\":\"ImageObject\",\"inLanguage\":\"pt-PT\",\"@id\":\"https:\/\/distribucionarc.com\/bg\/#\/schema\/logo\/image\/\",\"url\":\"https:\/\/distribucionarc.com\/wp-content\/uploads\/2024\/10\/distribucion-ARC-COLOR-SIN-FONDO-e1732295305345.png\",\"contentUrl\":\"https:\/\/distribucionarc.com\/wp-content\/uploads\/2024\/10\/distribucion-ARC-COLOR-SIN-FONDO-e1732295305345.png\",\"width\":1164,\"height\":558,\"caption\":\"Distribuci\u00f3n ARC\"},\"image\":{\"@id\":\"https:\/\/distribucionarc.com\/bg\/#\/schema\/logo\/image\/\"},\"description\":\"Empresa especializada en la fabricaci\u00f3n y distribuci\u00f3n de maquinaria industrial para los sectores alimentario y farmac\u00e9utico. Nos especializamos en: M\u00e1quinas de cortar carne Fabricaci\u00f3n de comprimidos Sistemas de transporte industrial L\u00edneas de embotellado Dosificadores Y mucho m\u00e1s... Ofrecemos soluciones innovadoras y personalizadas para optimizar los procesos productivos de tu empresa.\",\"email\":\"Admistracion@distribucionarc.com\",\"telephone\":\"+34 643496664\",\"legalName\":\"ARC TECH SOLUTIONS\",\"foundingDate\":\"2024-04-09\",\"vatID\":\"B55480172\",\"numberOfEmployees\":{\"@type\":\"QuantitativeValue\",\"minValue\":\"1\",\"maxValue\":\"10\"}}]}<\/script>\n<!-- \/ Yoast SEO Premium plugin. -->","yoast_head_json":{"title":"aviso legal - distribui\u00e7\u00e3o ARC","robots":{"index":"index","follow":"follow","max-snippet":"max-snippet:-1","max-image-preview":"max-image-preview:large","max-video-preview":"max-video-preview:-1"},"canonical":"https:\/\/distribucionarc.com\/pt\/comeco\/aviso-legal\/","og_locale":"pt_PT","og_type":"article","og_title":"aviso legal","og_description":"aviso legal Datos del vendedor Titular: ARC TECH SOLUTIONS S.L Direcci\u00f3n: carrer castell n1 bajo izquierda 46970 alaquas (valencia) N.I.F.:","og_url":"https:\/\/distribucionarc.com\/pt\/comeco\/aviso-legal\/","og_site_name":"distribuci\u00f3n ARC","article_modified_time":"2025-05-06T13:58:50+00:00","og_image":[{"width":612,"height":792,"url":"https:\/\/distribucionarc.com\/wp-content\/uploads\/2024\/12\/icono-arc.jpg","type":"image\/jpeg"}],"twitter_card":"summary_large_image","twitter_misc":{"Tempo estimado de leitura":"8 minutos"},"schema":{"@context":"https:\/\/schema.org","@graph":[{"@type":"WebPage","@id":"https:\/\/distribucionarc.com\/lt\/inicio\/aviso-legal\/","url":"https:\/\/distribucionarc.com\/lt\/inicio\/aviso-legal\/","name":"aviso legal - distribui\u00e7\u00e3o ARC","isPartOf":{"@id":"https:\/\/distribucionarc.com\/bg\/#website"},"datePublished":"2020-04-15T09:38:42+00:00","dateModified":"2025-05-06T13:58:50+00:00","breadcrumb":{"@id":"https:\/\/distribucionarc.com\/lt\/inicio\/aviso-legal\/#breadcrumb"},"inLanguage":"pt-PT","potentialAction":[{"@type":"ReadAction","target":["https:\/\/distribucionarc.com\/lt\/inicio\/aviso-legal\/"]}]},{"@type":"BreadcrumbList","@id":"https:\/\/distribucionarc.com\/lt\/inicio\/aviso-legal\/#breadcrumb","itemListElement":[{"@type":"ListItem","position":1,"name":"Portada","item":"https:\/\/www.distribucionarc.com\/pl\/"},{"@type":"ListItem","position":2,"name":"inicio","item":"https:\/\/distribucionarc.com\/hr\/inicio\/"},{"@type":"ListItem","position":3,"name":"aviso legal"}]},{"@type":"WebSite","@id":"https:\/\/distribucionarc.com\/bg\/#website","url":"https:\/\/distribucionarc.com\/bg\/","name":"Distribui\u00e7\u00e3o ARC","description":"Empresa especializada no fabrico e distribui\u00e7\u00e3o de m\u00e1quinas industriais, m\u00e1quinas de selar latas, m\u00e1quinas de fazer comprimidos, m\u00e1quinas de cortar carne...","publisher":{"@id":"https:\/\/distribucionarc.com\/bg\/#organization"},"potentialAction":[{"@type":"SearchAction","target":{"@type":"EntryPoint","urlTemplate":"https:\/\/distribucionarc.com\/bg\/?s={search_term_string}"},"query-input":{"@type":"PropertyValueSpecification","valueRequired":true,"valueName":"search_term_string"}}],"inLanguage":"pt-PT"},{"@type":"Organization","@id":"https:\/\/distribucionarc.com\/bg\/#organization","name":"Distribui\u00e7\u00e3o ARC","url":"https:\/\/distribucionarc.com\/bg\/","logo":{"@type":"ImageObject","inLanguage":"pt-PT","@id":"https:\/\/distribucionarc.com\/bg\/#\/schema\/logo\/image\/","url":"https:\/\/distribucionarc.com\/wp-content\/uploads\/2024\/10\/distribucion-ARC-COLOR-SIN-FONDO-e1732295305345.png","contentUrl":"https:\/\/distribucionarc.com\/wp-content\/uploads\/2024\/10\/distribucion-ARC-COLOR-SIN-FONDO-e1732295305345.png","width":1164,"height":558,"caption":"Distribuci\u00f3n ARC"},"image":{"@id":"https:\/\/distribucionarc.com\/bg\/#\/schema\/logo\/image\/"},"description":"Empresa especializada no fabrico e distribui\u00e7\u00e3o de m\u00e1quinas industriais para os sectores alimentar e farmac\u00eautico. Somos especializados em: M\u00e1quinas de cortar carne Fabrico de comprimidos Sistemas de transporte industrial Linhas de engarrafamento Dispensadores E muito mais... Oferecemos solu\u00e7\u00f5es inovadoras e personalizadas para otimizar os processos de produ\u00e7\u00e3o da sua empresa.","email":"Admistracion@distribucionarc.com","telephone":"+34 643496664","legalName":"ARC TECH SOLUTIONS","foundingDate":"2024-04-09","vatID":"B55480172","numberOfEmployees":{"@type":"QuantitativeValue","minValue":"1","maxValue":"10"}}]}},"_links":{"self":[{"href":"https:\/\/distribucionarc.com\/pt\/wp-json\/wp\/v2\/pages\/74","targetHints":{"allow":["GET"]}}],"collection":[{"href":"https:\/\/distribucionarc.com\/pt\/wp-json\/wp\/v2\/pages"}],"about":[{"href":"https:\/\/distribucionarc.com\/pt\/wp-json\/wp\/v2\/types\/page"}],"author":[{"embeddable":true,"href":"https:\/\/distribucionarc.com\/pt\/wp-json\/wp\/v2\/users\/1"}],"replies":[{"embeddable":true,"href":"https:\/\/distribucionarc.com\/pt\/wp-json\/wp\/v2\/comments?post=74"}],"version-history":[{"count":5,"href":"https:\/\/distribucionarc.com\/pt\/wp-json\/wp\/v2\/pages\/74\/revisions"}],"predecessor-version":[{"id":17442,"href":"https:\/\/distribucionarc.com\/pt\/wp-json\/wp\/v2\/pages\/74\/revisions\/17442"}],"up":[{"embeddable":true,"href":"https:\/\/distribucionarc.com\/pt\/wp-json\/wp\/v2\/pages\/45"}],"wp:attachment":[{"href":"https:\/\/distribucionarc.com\/pt\/wp-json\/wp\/v2\/media?parent=74"}],"curies":[{"name":"wp","href":"https:\/\/api.w.org\/{rel}","templated":true}]}}