{"id":1072,"date":"2020-07-16T10:45:36","date_gmt":"2020-07-16T10:45:36","guid":{"rendered":"https:\/\/distribucionarc.com\/?post_type=product&#038;p=1072"},"modified":"2020-09-27T08:46:30","modified_gmt":"2020-09-27T08:46:30","slug":"vitrine-expositor-quente-8-bandejas","status":"publish","type":"product","link":"https:\/\/distribucionarc.com\/pt\/producto\/vitrina-expositor-caliente-8-bandejas\/","title":{"rendered":"Vitrina quente 8 bandejas"},"content":{"rendered":"<h3>Vitrina quente 8 bandejas<\/h3>\n<p>Se procura a solu\u00e7\u00e3o perfeita para manter os seus alimentos quentes \u00e0 temperatura de servi\u00e7o durante v\u00e1rias horas em \u00e1reas de \u201cexposi\u00e7\u00e3o e venda\u201d, procura o<strong>\u00a0aquecedores<\/strong>\u00a0e\u00a0<strong>vitrines de comida quente<\/strong>\u00a0de\u00a0<strong><span style=\"color: #ff0000;\">PARA<\/span><span style=\"color: #0000ff;\">R<\/span>c<\/strong>. O\u00a0<strong>vitrine quente<\/strong>\u00a0de\u00a0<strong><span style=\"color: #ff0000;\">PARA<\/span><span style=\"color: #0000ff;\">R<\/span>c<\/strong>\u00a0oferece solu\u00e7\u00f5es em equipamentos para\u00a0<strong>caf\u00e9s<\/strong>,\u00a0<strong>buf\u00eas<\/strong>, lojas e restaurantes.<\/p>\n<p>Esse\u00a0<strong>vitrine<\/strong>\u00a0<strong>quente\u00a0<span style=\"color: #ff0000;\">PARA<\/span><span style=\"color: #0000ff;\">R<\/span>c<\/strong>\u00a0A bancada possui estrutura robusta em a\u00e7o inoxid\u00e1vel, paredes de vidro temperado e portas de acr\u00edlico. Com alta estabilidade e melhor visibilidade. Possui portas de f\u00e1cil abertura, vidro temperado combinado com sistema de fechamento magn\u00e9tico. Fornece melhor veda\u00e7\u00e3o da porta.<\/p>\n<p>O\u00a0<strong>vitrine quente\u00a0<span style=\"color: #ff0000;\">PARA<\/span><span style=\"color: #0000ff;\">R<\/span>CVEC8B<\/strong> Possui bot\u00e3o rotativo de controle termost\u00e1tico, que permite escolher a temperatura mais adequada para diferentes tipos de alimentos. Os dois n\u00edveis de suporte t\u00eam um espa\u00e7o inferior de 112 x 39 x 18 cm e o superior tem 112 x 33 x 18 cm, entre estes dois est\u00e1 distribu\u00eddo o espa\u00e7o das 8 bandejas de a\u00e7o inoxid\u00e1vel. As bandejas podem ser movimentadas para dentro e para fora, proporcionando maior capacidade para o <strong>aquecedores<\/strong>\u00a0do<strong>\u00a0vitrines quentes<\/strong>, geralmente possui baldes para a disposi\u00e7\u00e3o dos alimentos no bar, tamb\u00e9m conhecidos como\u00a0<strong>vitrines<\/strong>r, s\u00e3o mantidos na temperatura adequada gra\u00e7as ao calor em que os baldes est\u00e3o submersos. Geralmente o\u00a0<strong>vitrines quentes<\/strong>\u00a0O banho-maria possui dreno para manuten\u00e7\u00e3o e f\u00e1cil limpeza. Al\u00e9m de portas de correr para manter a temperatura e n\u00e3o desperdi\u00e7ar energia, tornando-o um\u00a0<strong>m\u00e1quina de consumo eficiente<\/strong>.<\/p>\n<p>Luzes decorativas quentes tornam a comida mais atraente e atraente para o cliente; com interruptor liga\/desliga confi\u00e1vel e seguro, \u00e0 prova d&#039;\u00e1gua, \u00e0 prova de poeira e resistente a vazamentos el\u00e9tricos; Uma bandeja para coleta de \u00f3leo est\u00e1 inclu\u00edda na parte inferior.<\/p>\n<h6><\/h6>\n<h6><strong>Garantia\u00a0<span style=\"color: #ff0000;\">PARA<\/span><span style=\"color: #0000ff;\">R<\/span>C 2 ANOS<\/strong><\/h6>\n<h6><span style=\"color: #008000;\">Vitrine quente eficiente, baixo consumo 600w<\/span><\/h6>\n<h6><strong>suporte t\u00e9cnico inclu\u00eddo.<\/strong><\/h6>\n<p>&nbsp;<\/p>\n<table role=\"presentation\" width=\"100%\" cellspacing=\"0\" cellpadding=\"0\">\n<tbody>\n<tr>\n<td class=\"attrLabels\">Temperatura:<\/td>\n<td width=\"50.0%\">30-85\u00baC<\/td>\n<\/tr>\n<tr>\n<td class=\"attrLabels\">Pa\u00eds de distribui\u00e7\u00e3o:<\/td>\n<td width=\"50.0%\">Espanha, Alemanha, EUA<\/td>\n<td class=\"attrLabels\">Peso:<\/td>\n<td width=\"50.0%\">35kg<\/td>\n<\/tr>\n<tr>\n<td class=\"attrLabels\">Marca:<\/td>\n<td width=\"50.0%\">ARCO<\/td>\n<td class=\"attrLabels\">Altura:<\/td>\n<td width=\"50.0%\">74cm<\/td>\n<\/tr>\n<tr>\n<td class=\"attrLabels\">Cor:<\/td>\n<td width=\"50.0%\">Prata<\/td>\n<td class=\"attrLabels\">Longo:<\/td>\n<td width=\"50.0%\">120cm<\/td>\n<\/tr>\n<tr>\n<td class=\"attrLabels\">Tipo de produto:<\/td>\n<td width=\"50.0%\">Vitrine quente<\/td>\n<td class=\"attrLabels\">Largo:<\/td>\n<td width=\"50.0%\">\u00a063cm<\/td>\n<\/tr>\n<tr>\n<td class=\"attrLabels\">N\u00famero do fabricante:<\/td>\n<td width=\"50.0%\">ARCVEC8B<\/td>\n<td class=\"attrLabels\">Poder:<\/td>\n<td width=\"50.0%\">600 W<\/td>\n<\/tr>\n<tr>\n<td class=\"attrLabels\">Material:<\/td>\n<td width=\"50.0%\">em a\u00e7o inoxid\u00e1vel, com controle de temperatura<\/td>\n<td class=\"attrLabels\">tens\u00e3o de entrada<\/td>\n<td width=\"50.0%\">220 V \u2013 60 Hz<\/td>\n<\/tr>\n<tr>\n<td class=\"attrLabels\">N\u00edveis:<\/td>\n<td width=\"50.0%\">\u00a02<\/td>\n<td class=\"attrLabels\">Tamanho da cabine:<\/td>\n<td width=\"50.0%\">Parte inferior 112 x 39 x 18 cm<\/p>\n<p>Parte superior 112 x 33 x 18 cm<\/td>\n<\/tr>\n<tr>\n<td class=\"attrLabels\">Ferramentas de instala\u00e7\u00e3o:<\/td>\n<td width=\"50.0%\">Sim<\/td>\n<td class=\"attrLabels\">Garantia:<\/td>\n<td width=\"50.0%\">2 ANOS<\/td>\n<\/tr>\n<\/tbody>\n<\/table>\n<p>&nbsp;<\/p>","protected":false},"excerpt":{"rendered":"<h2>Vitrina quente 8 bandejas<\/h2>\n<p>Voc\u00ea pode usar isso<strong>\u00a0vitrine\u00a0<span style=\"color: #ff0000;\">PARA<\/span><span style=\"color: #0000ff;\">R<\/span>c<\/strong>\u00a0em uma ampla variedade de ambientes gastron\u00f4micos, incluindo\u00a0<strong>cinemas<\/strong>,\u00a0<strong>padarias<\/strong>,\u00a0<strong>caf\u00e9s<\/strong>,\u00a0<strong>restaurantes de fast food<\/strong>\u00a0e muitos outros estabelecimentos dedicados a\u00a0<strong>hospitalidade<\/strong>.<\/p>\n<p>Ele\u00a0<strong>exibi\u00e7\u00e3o quente<\/strong> Possui 2 n\u00edveis de suporte nos quais s\u00e3o distribu\u00eddas 8 bandejas de a\u00e7o inox, proporcionando mais espa\u00e7o para armazenar alimentos de diversos tamanhos. Luzes quentes decorativas tornam a comida mais atraente e atraente. A ativa\u00e7\u00e3o\/desativa\u00e7\u00e3o de<strong>\u00a0a vitrine quente<\/strong>\u00a0de\u00a0<strong><span style=\"color: #ff0000;\">PARA<\/span><span style=\"color: #0000ff;\">R<\/span>c<\/strong>\u00a0\u00c9 confi\u00e1vel e melhora o fator de seguran\u00e7a e, portanto, a vida \u00fatil do contra-aquecedor; al\u00e9m de <span style=\"color: #008000;\">favorecer um\u00a0<strong>consumo eficiente de energia<\/strong><\/span>. Possui bandeja na parte inferior para coleta de \u00f3leo para facilitar a limpeza. Possui temperatura termost\u00e1tica regul\u00e1vel, o<span style=\"color: #ff0000;\">\u00a0<\/span><strong><span style=\"color: #ff0000;\">PARA<\/span><span style=\"color: #0000ff;\">R<\/span>CVEC8B<\/strong> Facilita o ajuste da temperatura de acordo com os diferentes tipos de alimentos.<\/p>\n<h6><strong>Garantia\u00a0<span style=\"color: #ff0000;\">PARA<\/span><span style=\"color: #0000ff;\">R<\/span>C 2 ANOS<\/strong><\/h6>\n<h6><span style=\"color: #008000;\">Vitrine quente eficiente, baixo consumo 600w<\/span><\/h6>\n<p><strong>Suporte t\u00e9cnico inclu\u00eddo.<\/strong><\/p>","protected":false},"featured_media":1076,"comment_status":"open","ping_status":"closed","template":"","meta":{"wds_primary_product_brand":0,"wds_primary_product_cat":0},"product_brand":[],"product_cat":[41],"product_tag":[],"class_list":{"0":"post-1072","1":"product","2":"type-product","3":"status-publish","4":"has-post-thumbnail","6":"product_cat-expositor-de-alimentos","7":"product_shipping_class-hosteleria","9":"first","10":"instock","11":"sale","12":"taxable","13":"shipping-taxable","14":"purchasable","15":"product-type-simple"},"yoast_head":"<!-- This site is optimized with the Yoast SEO Premium plugin v24.9 (Yoast SEO v26.1) - https:\/\/yoast.com\/wordpress\/plugins\/seo\/ -->\n<title>Vitrina expositor caliente 8 bandejas - distribuci\u00f3n ARC<\/title>\n<meta name=\"robots\" content=\"index, follow, max-snippet:-1, max-image-preview:large, max-video-preview:-1\" \/>\n<link rel=\"canonical\" href=\"https:\/\/distribucionarc.com\/pt\/produto\/vitrine-expositor-quente-8-bandejas\/\" \/>\n<meta property=\"og:locale\" content=\"pt_PT\" \/>\n<meta property=\"og:type\" content=\"article\" \/>\n<meta property=\"og:title\" content=\"Vitrina expositor caliente 8 bandejas\" \/>\n<meta property=\"og:description\" content=\"Vitrina expositor caliente 8 bandejas Puede usar esta\u00a0vitrina expositor de\u00a0ARC\u00a0en una amplia variedad de ambientes gastron\u00f3micos, incluyendo\u00a0cines,\u00a0panader\u00edas,\u00a0cafeter\u00edas,\u00a0restaurantes de comida r\u00e1pida\u00a0y muchos otros establecimientos dedicados a la\u00a0hosteler\u00eda.  El\u00a0expositor caliente cuenta con 2 niveles de soporte en los que se reparten 8 bandejas de acero inoxidable, proporcionando m\u00e1s espacio para almacenar alimentos de diferentes tama\u00f1os. Las luces c\u00e1lidas decorativas permiten que los alimentos sean m\u00e1s atractivos y llamativos. El encendido\/apagado de\u00a0la vitrina caliente\u00a0de\u00a0ARC\u00a0es fiable y mejora el factor de seguridad as\u00ed la vida \u00fatil del calentador de contador; adem\u00e1s de favorecer un\u00a0consumo energ\u00e9tico eficiente. Cuenta con una bandeja en la parte inferior para la recolecci\u00f3n de aceite para facilitar su limpieza. Dispone de una temperatura termost\u00e1tica ajustable, la\u00a0ARCVEC8B le facilita ajustar la temperatura seg\u00fan los distintos tipos de alimentos. Garant\u00eda\u00a0ARC 2 A\u00d1OS Vitrina expositora caliente eficiente, bajo consumo 600w Soporte t\u00e9cnico incluido.\" \/>\n<meta property=\"og:url\" content=\"https:\/\/distribucionarc.com\/pt\/produto\/vitrine-expositor-quente-8-bandejas\/\" \/>\n<meta property=\"og:site_name\" content=\"distribuci\u00f3n ARC\" \/>\n<meta property=\"article:modified_time\" content=\"2020-09-27T08:46:30+00:00\" \/>\n<meta property=\"og:image\" content=\"https:\/\/distribucionarc.com\/wp-content\/uploads\/2020\/07\/Vitrina-expositor-caliente-8-bandejas-0.jpg\" \/>\n\t<meta property=\"og:image:width\" content=\"1600\" \/>\n\t<meta property=\"og:image:height\" content=\"1600\" \/>\n\t<meta property=\"og:image:type\" content=\"image\/jpeg\" \/>\n<meta name=\"twitter:card\" content=\"summary_large_image\" \/>\n<meta name=\"twitter:label1\" content=\"Tempo estimado de leitura\" \/>\n\t<meta name=\"twitter:data1\" content=\"2 minutos\" \/>\n<script type=\"application\/ld+json\" class=\"yoast-schema-graph\">{\"@context\":\"https:\/\/schema.org\",\"@graph\":[{\"@type\":\"WebPage\",\"@id\":\"https:\/\/distribucionarc.com\/ar\/producto\/vitrina-expositor-caliente-8-bandejas\/\",\"url\":\"https:\/\/distribucionarc.com\/ar\/producto\/vitrina-expositor-caliente-8-bandejas\/\",\"name\":\"Vitrina expositor caliente 8 bandejas - distribuci\u00f3n ARC\",\"isPartOf\":{\"@id\":\"https:\/\/distribucionarc.com\/de\/#website\"},\"primaryImageOfPage\":{\"@id\":\"https:\/\/distribucionarc.com\/ar\/producto\/vitrina-expositor-caliente-8-bandejas\/#primaryimage\"},\"image\":{\"@id\":\"https:\/\/distribucionarc.com\/ar\/producto\/vitrina-expositor-caliente-8-bandejas\/#primaryimage\"},\"thumbnailUrl\":\"https:\/\/distribucionarc.com\/wp-content\/uploads\/2020\/07\/Vitrina-expositor-caliente-8-bandejas-0.jpg\",\"datePublished\":\"2020-07-16T10:45:36+00:00\",\"dateModified\":\"2020-09-27T08:46:30+00:00\",\"breadcrumb\":{\"@id\":\"https:\/\/distribucionarc.com\/ar\/producto\/vitrina-expositor-caliente-8-bandejas\/#breadcrumb\"},\"inLanguage\":\"pt-PT\",\"potentialAction\":[{\"@type\":\"ReadAction\",\"target\":[\"https:\/\/distribucionarc.com\/ar\/producto\/vitrina-expositor-caliente-8-bandejas\/\"]}]},{\"@type\":\"ImageObject\",\"inLanguage\":\"pt-PT\",\"@id\":\"https:\/\/distribucionarc.com\/ar\/producto\/vitrina-expositor-caliente-8-bandejas\/#primaryimage\",\"url\":\"https:\/\/distribucionarc.com\/wp-content\/uploads\/2020\/07\/Vitrina-expositor-caliente-8-bandejas-0.jpg\",\"contentUrl\":\"https:\/\/distribucionarc.com\/wp-content\/uploads\/2020\/07\/Vitrina-expositor-caliente-8-bandejas-0.jpg\",\"width\":1600,\"height\":1600,\"caption\":\"Vitrina expositor caliente 8 bandejas\"},{\"@type\":\"BreadcrumbList\",\"@id\":\"https:\/\/distribucionarc.com\/ar\/producto\/vitrina-expositor-caliente-8-bandejas\/#breadcrumb\",\"itemListElement\":[{\"@type\":\"ListItem\",\"position\":1,\"name\":\"Portada\",\"item\":\"https:\/\/distribucionarc.com\/pl\/\"},{\"@type\":\"ListItem\",\"position\":2,\"name\":\"Produkty\",\"item\":\"https:\/\/distribucionarc.com\/pl\/shop\/\"},{\"@type\":\"ListItem\",\"position\":3,\"name\":\"Vitrina expositor caliente 8 bandejas\"}]},{\"@type\":\"WebSite\",\"@id\":\"https:\/\/distribucionarc.com\/de\/#website\",\"url\":\"https:\/\/distribucionarc.com\/de\/\",\"name\":\"distribuci\u00f3n ARC\",\"description\":\"Empresa especializada en la fabricaci\u00f3n y distribuci\u00f3n de maquinaria industrial, selladoras de latas, Maquinas de hacer pastillas, Maquinas de cortar carne...\",\"publisher\":{\"@id\":\"https:\/\/distribucionarc.com\/de\/#organization\"},\"potentialAction\":[{\"@type\":\"SearchAction\",\"target\":{\"@type\":\"EntryPoint\",\"urlTemplate\":\"https:\/\/distribucionarc.com\/de\/?s={search_term_string}\"},\"query-input\":{\"@type\":\"PropertyValueSpecification\",\"valueRequired\":true,\"valueName\":\"search_term_string\"}}],\"inLanguage\":\"pt-PT\"},{\"@type\":\"Organization\",\"@id\":\"https:\/\/distribucionarc.com\/de\/#organization\",\"name\":\"Distribuci\u00f3n ARC\",\"url\":\"https:\/\/distribucionarc.com\/de\/\",\"logo\":{\"@type\":\"ImageObject\",\"inLanguage\":\"pt-PT\",\"@id\":\"https:\/\/distribucionarc.com\/de\/#\/schema\/logo\/image\/\",\"url\":\"https:\/\/distribucionarc.com\/wp-content\/uploads\/2024\/10\/distribucion-ARC-COLOR-SIN-FONDO-e1732295305345.png\",\"contentUrl\":\"https:\/\/distribucionarc.com\/wp-content\/uploads\/2024\/10\/distribucion-ARC-COLOR-SIN-FONDO-e1732295305345.png\",\"width\":1164,\"height\":558,\"caption\":\"Distribuci\u00f3n ARC\"},\"image\":{\"@id\":\"https:\/\/distribucionarc.com\/de\/#\/schema\/logo\/image\/\"},\"description\":\"Empresa especializada en la fabricaci\u00f3n y distribuci\u00f3n de maquinaria industrial para los sectores alimentario y farmac\u00e9utico. Nos especializamos en: M\u00e1quinas de cortar carne Fabricaci\u00f3n de comprimidos Sistemas de transporte industrial L\u00edneas de embotellado Dosificadores Y mucho m\u00e1s... Ofrecemos soluciones innovadoras y personalizadas para optimizar los procesos productivos de tu empresa.\",\"email\":\"Admistracion@distribucionarc.com\",\"telephone\":\"+34 643496664\",\"legalName\":\"ARC TECH SOLUTIONS\",\"foundingDate\":\"2024-04-09\",\"vatID\":\"B55480172\",\"numberOfEmployees\":{\"@type\":\"QuantitativeValue\",\"minValue\":\"1\",\"maxValue\":\"10\"}}]}<\/script>\n<!-- \/ Yoast SEO Premium plugin. -->","yoast_head_json":{"title":"Vitrina quente 8 bandejas - distribui\u00e7\u00e3o ARC","robots":{"index":"index","follow":"follow","max-snippet":"max-snippet:-1","max-image-preview":"max-image-preview:large","max-video-preview":"max-video-preview:-1"},"canonical":"https:\/\/distribucionarc.com\/pt\/produto\/vitrine-expositor-quente-8-bandejas\/","og_locale":"pt_PT","og_type":"article","og_title":"Vitrina expositor caliente 8 bandejas","og_description":"Vitrina expositor caliente 8 bandejas Puede usar esta\u00a0vitrina expositor de\u00a0ARC\u00a0en una amplia variedad de ambientes gastron\u00f3micos, incluyendo\u00a0cines,\u00a0panader\u00edas,\u00a0cafeter\u00edas,\u00a0restaurantes de comida r\u00e1pida\u00a0y muchos otros establecimientos dedicados a la\u00a0hosteler\u00eda.  El\u00a0expositor caliente cuenta con 2 niveles de soporte en los que se reparten 8 bandejas de acero inoxidable, proporcionando m\u00e1s espacio para almacenar alimentos de diferentes tama\u00f1os. Las luces c\u00e1lidas decorativas permiten que los alimentos sean m\u00e1s atractivos y llamativos. El encendido\/apagado de\u00a0la vitrina caliente\u00a0de\u00a0ARC\u00a0es fiable y mejora el factor de seguridad as\u00ed la vida \u00fatil del calentador de contador; adem\u00e1s de favorecer un\u00a0consumo energ\u00e9tico eficiente. Cuenta con una bandeja en la parte inferior para la recolecci\u00f3n de aceite para facilitar su limpieza. Dispone de una temperatura termost\u00e1tica ajustable, la\u00a0ARCVEC8B le facilita ajustar la temperatura seg\u00fan los distintos tipos de alimentos. Garant\u00eda\u00a0ARC 2 A\u00d1OS Vitrina expositora caliente eficiente, bajo consumo 600w Soporte t\u00e9cnico incluido.","og_url":"https:\/\/distribucionarc.com\/pt\/produto\/vitrine-expositor-quente-8-bandejas\/","og_site_name":"distribuci\u00f3n ARC","article_modified_time":"2020-09-27T08:46:30+00:00","og_image":[{"width":1600,"height":1600,"url":"https:\/\/distribucionarc.com\/wp-content\/uploads\/2020\/07\/Vitrina-expositor-caliente-8-bandejas-0.jpg","type":"image\/jpeg"}],"twitter_card":"summary_large_image","twitter_misc":{"Tempo estimado de leitura":"2 minutos"},"schema":{"@context":"https:\/\/schema.org","@graph":[{"@type":"WebPage","@id":"https:\/\/distribucionarc.com\/ar\/producto\/vitrina-expositor-caliente-8-bandejas\/","url":"https:\/\/distribucionarc.com\/ar\/producto\/vitrina-expositor-caliente-8-bandejas\/","name":"Vitrina quente 8 bandejas - distribui\u00e7\u00e3o ARC","isPartOf":{"@id":"https:\/\/distribucionarc.com\/de\/#website"},"primaryImageOfPage":{"@id":"https:\/\/distribucionarc.com\/ar\/producto\/vitrina-expositor-caliente-8-bandejas\/#primaryimage"},"image":{"@id":"https:\/\/distribucionarc.com\/ar\/producto\/vitrina-expositor-caliente-8-bandejas\/#primaryimage"},"thumbnailUrl":"https:\/\/distribucionarc.com\/wp-content\/uploads\/2020\/07\/Vitrina-expositor-caliente-8-bandejas-0.jpg","datePublished":"2020-07-16T10:45:36+00:00","dateModified":"2020-09-27T08:46:30+00:00","breadcrumb":{"@id":"https:\/\/distribucionarc.com\/ar\/producto\/vitrina-expositor-caliente-8-bandejas\/#breadcrumb"},"inLanguage":"pt-PT","potentialAction":[{"@type":"ReadAction","target":["https:\/\/distribucionarc.com\/ar\/producto\/vitrina-expositor-caliente-8-bandejas\/"]}]},{"@type":"ImageObject","inLanguage":"pt-PT","@id":"https:\/\/distribucionarc.com\/ar\/producto\/vitrina-expositor-caliente-8-bandejas\/#primaryimage","url":"https:\/\/distribucionarc.com\/wp-content\/uploads\/2020\/07\/Vitrina-expositor-caliente-8-bandejas-0.jpg","contentUrl":"https:\/\/distribucionarc.com\/wp-content\/uploads\/2020\/07\/Vitrina-expositor-caliente-8-bandejas-0.jpg","width":1600,"height":1600,"caption":"Vitrina expositor caliente 8 bandejas"},{"@type":"BreadcrumbList","@id":"https:\/\/distribucionarc.com\/ar\/producto\/vitrina-expositor-caliente-8-bandejas\/#breadcrumb","itemListElement":[{"@type":"ListItem","position":1,"name":"Portada","item":"https:\/\/distribucionarc.com\/pl\/"},{"@type":"ListItem","position":2,"name":"Produkty","item":"https:\/\/distribucionarc.com\/pl\/shop\/"},{"@type":"ListItem","position":3,"name":"Vitrina expositor caliente 8 bandejas"}]},{"@type":"WebSite","@id":"https:\/\/distribucionarc.com\/de\/#website","url":"https:\/\/distribucionarc.com\/de\/","name":"Distribui\u00e7\u00e3o ARC","description":"Empresa especializada no fabrico e distribui\u00e7\u00e3o de m\u00e1quinas industriais, m\u00e1quinas de selar latas, m\u00e1quinas de fazer comprimidos, m\u00e1quinas de cortar carne...","publisher":{"@id":"https:\/\/distribucionarc.com\/de\/#organization"},"potentialAction":[{"@type":"SearchAction","target":{"@type":"EntryPoint","urlTemplate":"https:\/\/distribucionarc.com\/de\/?s={search_term_string}"},"query-input":{"@type":"PropertyValueSpecification","valueRequired":true,"valueName":"search_term_string"}}],"inLanguage":"pt-PT"},{"@type":"Organization","@id":"https:\/\/distribucionarc.com\/de\/#organization","name":"Distribui\u00e7\u00e3o ARC","url":"https:\/\/distribucionarc.com\/de\/","logo":{"@type":"ImageObject","inLanguage":"pt-PT","@id":"https:\/\/distribucionarc.com\/de\/#\/schema\/logo\/image\/","url":"https:\/\/distribucionarc.com\/wp-content\/uploads\/2024\/10\/distribucion-ARC-COLOR-SIN-FONDO-e1732295305345.png","contentUrl":"https:\/\/distribucionarc.com\/wp-content\/uploads\/2024\/10\/distribucion-ARC-COLOR-SIN-FONDO-e1732295305345.png","width":1164,"height":558,"caption":"Distribuci\u00f3n ARC"},"image":{"@id":"https:\/\/distribucionarc.com\/de\/#\/schema\/logo\/image\/"},"description":"Empresa especializada no fabrico e distribui\u00e7\u00e3o de m\u00e1quinas industriais para os sectores alimentar e farmac\u00eautico. Somos especializados em: M\u00e1quinas de cortar carne Fabrico de comprimidos Sistemas de transporte industrial Linhas de engarrafamento Dispensadores E muito mais... Oferecemos solu\u00e7\u00f5es inovadoras e personalizadas para otimizar os processos de produ\u00e7\u00e3o da sua empresa.","email":"Admistracion@distribucionarc.com","telephone":"+34 643496664","legalName":"ARC TECH SOLUTIONS","foundingDate":"2024-04-09","vatID":"B55480172","numberOfEmployees":{"@type":"QuantitativeValue","minValue":"1","maxValue":"10"}}]}},"_links":{"self":[{"href":"https:\/\/distribucionarc.com\/pt\/wp-json\/wp\/v2\/product\/1072","targetHints":{"allow":["GET"]}}],"collection":[{"href":"https:\/\/distribucionarc.com\/pt\/wp-json\/wp\/v2\/product"}],"about":[{"href":"https:\/\/distribucionarc.com\/pt\/wp-json\/wp\/v2\/types\/product"}],"replies":[{"embeddable":true,"href":"https:\/\/distribucionarc.com\/pt\/wp-json\/wp\/v2\/comments?post=1072"}],"version-history":[{"count":0,"href":"https:\/\/distribucionarc.com\/pt\/wp-json\/wp\/v2\/product\/1072\/revisions"}],"wp:featuredmedia":[{"embeddable":true,"href":"https:\/\/distribucionarc.com\/pt\/wp-json\/wp\/v2\/media\/1076"}],"wp:attachment":[{"href":"https:\/\/distribucionarc.com\/pt\/wp-json\/wp\/v2\/media?parent=1072"}],"wp:term":[{"taxonomy":"product_brand","embeddable":true,"href":"https:\/\/distribucionarc.com\/pt\/wp-json\/wp\/v2\/product_brand?post=1072"},{"taxonomy":"product_cat","embeddable":true,"href":"https:\/\/distribucionarc.com\/pt\/wp-json\/wp\/v2\/product_cat?post=1072"},{"taxonomy":"product_tag","embeddable":true,"href":"https:\/\/distribucionarc.com\/pt\/wp-json\/wp\/v2\/product_tag?post=1072"}],"curies":[{"name":"wp","href":"https:\/\/api.w.org\/{rel}","templated":true}]}}