{"id":1183,"date":"2020-07-17T14:35:36","date_gmt":"2020-07-17T14:35:36","guid":{"rendered":"https:\/\/distribucionarc.com\/?post_type=product&#038;p=1183"},"modified":"2024-09-08T16:19:06","modified_gmt":"2024-09-08T16:19:06","slug":"maquina-eletrica-de-algodao-doce","status":"publish","type":"product","link":"https:\/\/distribucionarc.com\/pt\/producto\/maquina-algodon-de-azucar-electrica\/","title":{"rendered":"M\u00e1quina el\u00e9trica de algod\u00e3o doce"},"content":{"rendered":"<h3>M\u00e1quina el\u00e9trica de algod\u00e3o doce<\/h3>\n<p>Esse\u00a0<strong>m\u00e1quina de algod\u00e3o doce<\/strong>\u00a0de\u00a0<strong><span style=\"color: #ff0000;\">PARA<\/span><span style=\"color: #0000ff;\">R<\/span>c<\/strong>\u00a0Isso far\u00e1 voc\u00ea se sentir como se tivesse dois. Com o nosso\u00a0<strong><span style=\"color: #ff0000;\">PARA<\/span><span style=\"color: #0000ff;\">R<\/span>CMAA1<\/strong>, prepare o melhor algod\u00e3o doce! A m\u00e1quina de algod\u00e3o doce \u00e9 ideal para festas de anivers\u00e1rio, cinemas, comemora\u00e7\u00f5es, festivais, carnavais e feiras.<\/p>\n<p>\u00c9 equipado com interruptor liga\/desliga, volt\u00edmetro, fus\u00edvel e amplificador. Para garantir durabilidade e tamb\u00e9m\u00a0<strong>fornecer consumo eficiente de energia<\/strong>.<\/p>\n<p>Seu tanque e dispensador em a\u00e7o inoxid\u00e1vel facilitam a limpeza e a manuten\u00e7\u00e3o. O grande tanque de a\u00e7o inoxid\u00e1vel pode ser facilmente removido para facilitar a limpeza. Nosso\u00a0<strong>m\u00e1quina de algod\u00e3o doce<\/strong>\u00a0\u00c9 equipado com uma gaveta remov\u00edvel de a\u00e7o inoxid\u00e1vel para armazenar pe\u00e7as sobressalentes ou tubos dosadores pr\u00f3ximos.  Al\u00e9m disso, voc\u00ea pode adicionar a c\u00fapula de pl\u00e1stico transparente \u00e0 sua m\u00e1quina, o que permite garantir a seguran\u00e7a ao fazer\u00a0<strong>algod\u00e3o doce<\/strong><\/p>\n<p>Com o nosso<strong>\u00a0m\u00e1quina de algod\u00e3o\u00a0<span style=\"color: #ff0000;\">PARA<\/span><span style=\"color: #0000ff;\">R<\/span>CMAA1<\/strong>, voc\u00ea pode criar um\u00a0<strong>algod\u00e3o doce<\/strong>\u00a0<strong>qualidade superior em menos de um minuto<\/strong>. S\u00f3 com um pouco de a\u00e7\u00facar voc\u00ea pode fazer o t\u00e3o desejado algod\u00e3o doce de diversos sabores e cores. Prepare deliciosos algod\u00e3o-doces vermelhos, amarelos, azuis, verdes, roxos...<\/p>\n<h6><strong>Garantia\u00a0<span style=\"color: #ff0000;\">PARA<\/span><span style=\"color: #0000ff;\">R<\/span>c<\/strong><strong> 1 ANO<\/strong><\/h6>\n<h6><span style=\"color: #008000;\"><strong>M\u00e1quina el\u00e9trica eficiente de algod\u00e3o doce, baixo consumo 800w<\/strong><\/span><\/h6>\n<h6><strong>suporte t\u00e9cnico inclu\u00eddo<\/strong><\/h6>\n<p>&nbsp;<\/p>\n<table>\n<thead>\n<tr>\n<th><strong>Caracter\u00edsticas<\/strong><\/th>\n<th><strong>Descri\u00e7\u00e3o<\/strong><\/th>\n<\/tr>\n<\/thead>\n<tbody>\n<tr>\n<td><strong>N\u00famero do fabricante<\/strong><\/td>\n<td>ARCMAA1<\/td>\n<\/tr>\n<tr>\n<td><strong>Pa\u00edses com suporte t\u00e9cnico<\/strong><\/td>\n<td><a href=\"https:\/\/distribucionarc.com\/pt\/servico-tecnico\/\">Consulte suporte t\u00e9cnico aqui<\/a><\/td>\n<\/tr>\n<tr>\n<td><strong>Peso<\/strong><\/td>\n<td>12,5 quilogramas (kg)<\/td>\n<\/tr>\n<tr>\n<td><strong>Dimens\u00f5es da m\u00e1quina<\/strong><\/td>\n<td>54 cent\u00edmetros (cm) x 54 cm x 45 cm<\/td>\n<\/tr>\n<tr>\n<td><strong>Cor<\/strong><\/td>\n<td>Rosa<\/td>\n<\/tr>\n<tr>\n<td><strong>Poder<\/strong><\/td>\n<td>800 watts (W)<\/td>\n<\/tr>\n<tr>\n<td><strong>tens\u00e3o de entrada<\/strong><\/td>\n<td>220 V \u2013 60 Hz \/ 110 V \u2013 50 Hz<\/td>\n<\/tr>\n<tr>\n<td><strong>Tempo por lote<\/strong><\/td>\n<td>Entre 30 segundos e 1 minuto por pe\u00e7a<\/td>\n<\/tr>\n<tr>\n<td><strong>Produ\u00e7\u00e3o<\/strong><\/td>\n<td>At\u00e9 7 pe\u00e7as por minuto<\/td>\n<\/tr>\n<tr>\n<td><strong>Material<\/strong><\/td>\n<td>A\u00e7o inoxid\u00e1vel seguro para alimentos<\/td>\n<\/tr>\n<tr>\n<td><strong>Ferramentas de instala\u00e7\u00e3o<\/strong><\/td>\n<td>Inclu\u00eddo<\/td>\n<\/tr>\n<tr>\n<td><strong>Marca<\/strong><\/td>\n<td>ARCO<\/td>\n<\/tr>\n<tr>\n<td><strong>Tipo de produto<\/strong><\/td>\n<td>M\u00e1quina profissional de algod\u00e3o doce com carrinho<\/td>\n<\/tr>\n<tr>\n<td><strong>Altura do carrinho<\/strong><\/td>\n<td>54cm<\/td>\n<\/tr>\n<tr>\n<td><strong>Garantia<\/strong><\/td>\n<td>2 anos<\/td>\n<\/tr>\n<\/tbody>\n<\/table>","protected":false},"excerpt":{"rendered":"<h2><strong>M\u00e1quina El\u00e9trica de Algod\u00e3o Doce \u2013 Uso Profissional<\/strong><\/h2>\n<p>Esse <strong>m\u00e1quina el\u00e9trica de algod\u00e3o doce<\/strong> Foi concebido para uso profissional, ideal para eventos, feiras e empresas alimentares m\u00f3veis. Seu design compacto e funcional permite a produ\u00e7\u00e3o r\u00e1pida e eficiente de algod\u00e3o doce, mantendo a qualidade do produto sem comprometer a velocidade.<\/p>\n<h3>Principais caracter\u00edsticas:<\/h3>\n<ul>\n<li><strong>uso profissional<\/strong>: Projetado para empresas que exigem produ\u00e7\u00e3o de algod\u00e3o doce em alta velocidade.<\/li>\n<li><strong>F\u00e1cil de usar<\/strong>: O painel de controle intuitivo permite ajustar a temperatura para obter a textura perfeita de algod\u00e3o doce.<\/li>\n<li><strong>Material dur\u00e1vel<\/strong>: Feito em <strong>a\u00e7o inoxid\u00e1vel seguro para alimentos<\/strong>, o que garante a durabilidade e seguran\u00e7a do produto.<\/li>\n<li><strong>Tamanho compacto<\/strong>: Seu design \u00e9 mais compacto que outros modelos de carrinho, tornando-o ideal para pequenos espa\u00e7os sem sacrificar a capacidade de produ\u00e7\u00e3o.<\/li>\n<li><strong>Alto desempenho<\/strong>: Capaz de produzir grandes quantidades de algod\u00e3o doce em pouco tempo, garantindo o atendimento de grandes eventos ou neg\u00f3cios com alta demanda.<\/li>\n<\/ul>\n<h3>Exemplos de uso:<\/h3>\n<ul>\n<li><strong>Feiras e festivais<\/strong>: Perfeito para servir algod\u00e3o doce rapidamente para um grande n\u00famero de participantes.<\/li>\n<li><strong>Eventos e festas<\/strong>: Ideal para casamentos, festas de anivers\u00e1rio e eventos corporativos.<\/li>\n<li><strong>Quiosques e food trucks<\/strong>: Seu design compacto permite que esta m\u00e1quina seja f\u00e1cil de transportar e usar em locais de fast food ou em tr\u00e2nsito.<\/li>\n<li><strong>Caf\u00e9s e lojas de doces<\/strong>: adicione uma op\u00e7\u00e3o atraente ao seu menu de doces.<\/li>\n<\/ul>","protected":false},"featured_media":6043,"comment_status":"open","ping_status":"closed","template":"","meta":{"wds_primary_product_brand":0,"wds_primary_product_cat":0},"product_brand":[],"product_cat":[56],"product_tag":[],"class_list":{"0":"post-1183","1":"product","2":"type-product","3":"status-publish","4":"has-post-thumbnail","6":"product_cat-maquinaria-para-ferias","7":"product_shipping_class-hosteleria","9":"first","10":"instock","11":"taxable","12":"shipping-taxable","13":"purchasable","14":"product-type-simple"},"yoast_head":"<!-- This site is optimized with the Yoast SEO Premium plugin v24.9 (Yoast SEO v26.1) - https:\/\/yoast.com\/wordpress\/plugins\/seo\/ -->\n<title>M\u00e1quina algod\u00f3n de az\u00facar el\u00e9ctrica - distribuci\u00f3n ARC<\/title>\n<meta name=\"robots\" content=\"index, follow, max-snippet:-1, max-image-preview:large, max-video-preview:-1\" \/>\n<link rel=\"canonical\" href=\"https:\/\/distribucionarc.com\/pt\/produto\/maquina-eletrica-de-algodao-doce\/\" \/>\n<meta property=\"og:locale\" content=\"pt_PT\" \/>\n<meta property=\"og:type\" content=\"article\" \/>\n<meta property=\"og:title\" content=\"M\u00e1quina algod\u00f3n de az\u00facar el\u00e9ctrica\" \/>\n<meta property=\"og:description\" content=\"M\u00e1quina de algod\u00f3n de az\u00facar el\u00e9ctrica \u2013 Uso profesional Esta m\u00e1quina el\u00e9ctrica de algod\u00f3n de az\u00facar est\u00e1 dise\u00f1ada para un uso profesional, ideal para eventos, ferias y negocios de comida m\u00f3vil. Su dise\u00f1o compacto y funcional permite la producci\u00f3n r\u00e1pida y eficiente de algod\u00f3n de az\u00facar, manteniendo la calidad del producto sin comprometer la velocidad. Caracter\u00edsticas principales:   Uso profesional: Dise\u00f1ada para negocios que requieren producir algod\u00f3n de az\u00facar a alta velocidad.  F\u00e1cil de usar: El panel de control intuitivo permite ajustar la temperatura para obtener la textura perfecta de algod\u00f3n de az\u00facar.  Material duradero: Fabricada en acero inoxidable apto para alimentos, lo que garantiza la durabilidad y la seguridad del producto.  Tama\u00f1o compacto: Su dise\u00f1o es m\u00e1s compacto que otros modelos con carrito, lo que la hace ideal para espacios reducidos sin sacrificar la capacidad de producci\u00f3n.  Alto rendimiento: Capaz de producir grandes cantidades de algod\u00f3n de az\u00facar en poco tiempo, asegurando que se puedan atender grandes eventos o negocios con mucha demanda.  Ejemplos de uso:   Ferias y festivales: Perfecta para servir algod\u00f3n de az\u00facar r\u00e1pidamente a una gran cantidad de asistentes.  Eventos y fiestas: Ideal para bodas, fiestas de cumplea\u00f1os y eventos corporativos.  Kioskos y food trucks: Su dise\u00f1o compacto permite que esta m\u00e1quina sea f\u00e1cil de transportar y utilizar en lugares de comida r\u00e1pida o en movimiento.  Cafeter\u00edas y tiendas de dulces: A\u00f1ade una opci\u00f3n llamativa a tu men\u00fa de productos dulces.\" \/>\n<meta property=\"og:url\" content=\"https:\/\/distribucionarc.com\/pt\/produto\/maquina-eletrica-de-algodao-doce\/\" \/>\n<meta property=\"og:site_name\" content=\"distribuci\u00f3n ARC\" \/>\n<meta property=\"article:modified_time\" content=\"2024-09-08T16:19:06+00:00\" \/>\n<meta property=\"og:image\" content=\"https:\/\/distribucionarc.com\/wp-content\/uploads\/2020\/07\/Maquina-algodon-de-azucar-electrica-imagen-produsto.jpg\" \/>\n\t<meta property=\"og:image:width\" content=\"1600\" \/>\n\t<meta property=\"og:image:height\" content=\"1600\" \/>\n\t<meta property=\"og:image:type\" content=\"image\/jpeg\" \/>\n<meta name=\"twitter:card\" content=\"summary_large_image\" \/>\n<meta name=\"twitter:label1\" content=\"Tempo estimado de leitura\" \/>\n\t<meta name=\"twitter:data1\" content=\"2 minutos\" \/>\n<script type=\"application\/ld+json\" class=\"yoast-schema-graph\">{\"@context\":\"https:\/\/schema.org\",\"@graph\":[{\"@type\":\"WebPage\",\"@id\":\"https:\/\/distribucionarc.com\/nl\/producto\/maquina-algodon-de-azucar-electrica\/\",\"url\":\"https:\/\/distribucionarc.com\/nl\/producto\/maquina-algodon-de-azucar-electrica\/\",\"name\":\"M\u00e1quina algod\u00f3n de az\u00facar el\u00e9ctrica - distribuci\u00f3n ARC\",\"isPartOf\":{\"@id\":\"https:\/\/distribucionarc.com\/de\/#website\"},\"primaryImageOfPage\":{\"@id\":\"https:\/\/distribucionarc.com\/nl\/producto\/maquina-algodon-de-azucar-electrica\/#primaryimage\"},\"image\":{\"@id\":\"https:\/\/distribucionarc.com\/nl\/producto\/maquina-algodon-de-azucar-electrica\/#primaryimage\"},\"thumbnailUrl\":\"https:\/\/distribucionarc.com\/wp-content\/uploads\/2020\/07\/Maquina-algodon-de-azucar-electrica-imagen-produsto.jpg\",\"datePublished\":\"2020-07-17T14:35:36+00:00\",\"dateModified\":\"2024-09-08T16:19:06+00:00\",\"breadcrumb\":{\"@id\":\"https:\/\/distribucionarc.com\/nl\/producto\/maquina-algodon-de-azucar-electrica\/#breadcrumb\"},\"inLanguage\":\"pt-PT\",\"potentialAction\":[{\"@type\":\"ReadAction\",\"target\":[\"https:\/\/distribucionarc.com\/nl\/producto\/maquina-algodon-de-azucar-electrica\/\"]}]},{\"@type\":\"ImageObject\",\"inLanguage\":\"pt-PT\",\"@id\":\"https:\/\/distribucionarc.com\/nl\/producto\/maquina-algodon-de-azucar-electrica\/#primaryimage\",\"url\":\"https:\/\/distribucionarc.com\/wp-content\/uploads\/2020\/07\/Maquina-algodon-de-azucar-electrica-imagen-produsto.jpg\",\"contentUrl\":\"https:\/\/distribucionarc.com\/wp-content\/uploads\/2020\/07\/Maquina-algodon-de-azucar-electrica-imagen-produsto.jpg\",\"width\":1600,\"height\":1600},{\"@type\":\"BreadcrumbList\",\"@id\":\"https:\/\/distribucionarc.com\/nl\/producto\/maquina-algodon-de-azucar-electrica\/#breadcrumb\",\"itemListElement\":[{\"@type\":\"ListItem\",\"position\":1,\"name\":\"Portada\",\"item\":\"https:\/\/distribucionarc.com\/pl\/\"},{\"@type\":\"ListItem\",\"position\":2,\"name\":\"Produkty\",\"item\":\"https:\/\/distribucionarc.com\/pl\/shop\/\"},{\"@type\":\"ListItem\",\"position\":3,\"name\":\"M\u00e1quina algod\u00f3n de az\u00facar el\u00e9ctrica\"}]},{\"@type\":\"WebSite\",\"@id\":\"https:\/\/distribucionarc.com\/de\/#website\",\"url\":\"https:\/\/distribucionarc.com\/de\/\",\"name\":\"distribuci\u00f3n ARC\",\"description\":\"Empresa especializada en la fabricaci\u00f3n y distribuci\u00f3n de maquinaria industrial, selladoras de latas, Maquinas de hacer pastillas, Maquinas de cortar carne...\",\"publisher\":{\"@id\":\"https:\/\/distribucionarc.com\/de\/#organization\"},\"potentialAction\":[{\"@type\":\"SearchAction\",\"target\":{\"@type\":\"EntryPoint\",\"urlTemplate\":\"https:\/\/distribucionarc.com\/de\/?s={search_term_string}\"},\"query-input\":{\"@type\":\"PropertyValueSpecification\",\"valueRequired\":true,\"valueName\":\"search_term_string\"}}],\"inLanguage\":\"pt-PT\"},{\"@type\":\"Organization\",\"@id\":\"https:\/\/distribucionarc.com\/de\/#organization\",\"name\":\"Distribuci\u00f3n ARC\",\"url\":\"https:\/\/distribucionarc.com\/de\/\",\"logo\":{\"@type\":\"ImageObject\",\"inLanguage\":\"pt-PT\",\"@id\":\"https:\/\/distribucionarc.com\/de\/#\/schema\/logo\/image\/\",\"url\":\"https:\/\/distribucionarc.com\/wp-content\/uploads\/2024\/10\/distribucion-ARC-COLOR-SIN-FONDO-e1732295305345.png\",\"contentUrl\":\"https:\/\/distribucionarc.com\/wp-content\/uploads\/2024\/10\/distribucion-ARC-COLOR-SIN-FONDO-e1732295305345.png\",\"width\":1164,\"height\":558,\"caption\":\"Distribuci\u00f3n ARC\"},\"image\":{\"@id\":\"https:\/\/distribucionarc.com\/de\/#\/schema\/logo\/image\/\"},\"description\":\"Empresa especializada en la fabricaci\u00f3n y distribuci\u00f3n de maquinaria industrial para los sectores alimentario y farmac\u00e9utico. Nos especializamos en: M\u00e1quinas de cortar carne Fabricaci\u00f3n de comprimidos Sistemas de transporte industrial L\u00edneas de embotellado Dosificadores Y mucho m\u00e1s... Ofrecemos soluciones innovadoras y personalizadas para optimizar los procesos productivos de tu empresa.\",\"email\":\"Admistracion@distribucionarc.com\",\"telephone\":\"+34 643496664\",\"legalName\":\"ARC TECH SOLUTIONS\",\"foundingDate\":\"2024-04-09\",\"vatID\":\"B55480172\",\"numberOfEmployees\":{\"@type\":\"QuantitativeValue\",\"minValue\":\"1\",\"maxValue\":\"10\"}}]}<\/script>\n<!-- \/ Yoast SEO Premium plugin. -->","yoast_head_json":{"title":"M\u00e1quina el\u00e9trica de algod\u00e3o doce - distribui\u00e7\u00e3o ARC","robots":{"index":"index","follow":"follow","max-snippet":"max-snippet:-1","max-image-preview":"max-image-preview:large","max-video-preview":"max-video-preview:-1"},"canonical":"https:\/\/distribucionarc.com\/pt\/produto\/maquina-eletrica-de-algodao-doce\/","og_locale":"pt_PT","og_type":"article","og_title":"M\u00e1quina algod\u00f3n de az\u00facar el\u00e9ctrica","og_description":"M\u00e1quina de algod\u00f3n de az\u00facar el\u00e9ctrica \u2013 Uso profesional Esta m\u00e1quina el\u00e9ctrica de algod\u00f3n de az\u00facar est\u00e1 dise\u00f1ada para un uso profesional, ideal para eventos, ferias y negocios de comida m\u00f3vil. Su dise\u00f1o compacto y funcional permite la producci\u00f3n r\u00e1pida y eficiente de algod\u00f3n de az\u00facar, manteniendo la calidad del producto sin comprometer la velocidad. Caracter\u00edsticas principales:   Uso profesional: Dise\u00f1ada para negocios que requieren producir algod\u00f3n de az\u00facar a alta velocidad.  F\u00e1cil de usar: El panel de control intuitivo permite ajustar la temperatura para obtener la textura perfecta de algod\u00f3n de az\u00facar.  Material duradero: Fabricada en acero inoxidable apto para alimentos, lo que garantiza la durabilidad y la seguridad del producto.  Tama\u00f1o compacto: Su dise\u00f1o es m\u00e1s compacto que otros modelos con carrito, lo que la hace ideal para espacios reducidos sin sacrificar la capacidad de producci\u00f3n.  Alto rendimiento: Capaz de producir grandes cantidades de algod\u00f3n de az\u00facar en poco tiempo, asegurando que se puedan atender grandes eventos o negocios con mucha demanda.  Ejemplos de uso:   Ferias y festivales: Perfecta para servir algod\u00f3n de az\u00facar r\u00e1pidamente a una gran cantidad de asistentes.  Eventos y fiestas: Ideal para bodas, fiestas de cumplea\u00f1os y eventos corporativos.  Kioskos y food trucks: Su dise\u00f1o compacto permite que esta m\u00e1quina sea f\u00e1cil de transportar y utilizar en lugares de comida r\u00e1pida o en movimiento.  Cafeter\u00edas y tiendas de dulces: A\u00f1ade una opci\u00f3n llamativa a tu men\u00fa de productos dulces.","og_url":"https:\/\/distribucionarc.com\/pt\/produto\/maquina-eletrica-de-algodao-doce\/","og_site_name":"distribuci\u00f3n ARC","article_modified_time":"2024-09-08T16:19:06+00:00","og_image":[{"width":1600,"height":1600,"url":"https:\/\/distribucionarc.com\/wp-content\/uploads\/2020\/07\/Maquina-algodon-de-azucar-electrica-imagen-produsto.jpg","type":"image\/jpeg"}],"twitter_card":"summary_large_image","twitter_misc":{"Tempo estimado de leitura":"2 minutos"},"schema":{"@context":"https:\/\/schema.org","@graph":[{"@type":"WebPage","@id":"https:\/\/distribucionarc.com\/nl\/producto\/maquina-algodon-de-azucar-electrica\/","url":"https:\/\/distribucionarc.com\/nl\/producto\/maquina-algodon-de-azucar-electrica\/","name":"M\u00e1quina el\u00e9trica de algod\u00e3o doce - distribui\u00e7\u00e3o ARC","isPartOf":{"@id":"https:\/\/distribucionarc.com\/de\/#website"},"primaryImageOfPage":{"@id":"https:\/\/distribucionarc.com\/nl\/producto\/maquina-algodon-de-azucar-electrica\/#primaryimage"},"image":{"@id":"https:\/\/distribucionarc.com\/nl\/producto\/maquina-algodon-de-azucar-electrica\/#primaryimage"},"thumbnailUrl":"https:\/\/distribucionarc.com\/wp-content\/uploads\/2020\/07\/Maquina-algodon-de-azucar-electrica-imagen-produsto.jpg","datePublished":"2020-07-17T14:35:36+00:00","dateModified":"2024-09-08T16:19:06+00:00","breadcrumb":{"@id":"https:\/\/distribucionarc.com\/nl\/producto\/maquina-algodon-de-azucar-electrica\/#breadcrumb"},"inLanguage":"pt-PT","potentialAction":[{"@type":"ReadAction","target":["https:\/\/distribucionarc.com\/nl\/producto\/maquina-algodon-de-azucar-electrica\/"]}]},{"@type":"ImageObject","inLanguage":"pt-PT","@id":"https:\/\/distribucionarc.com\/nl\/producto\/maquina-algodon-de-azucar-electrica\/#primaryimage","url":"https:\/\/distribucionarc.com\/wp-content\/uploads\/2020\/07\/Maquina-algodon-de-azucar-electrica-imagen-produsto.jpg","contentUrl":"https:\/\/distribucionarc.com\/wp-content\/uploads\/2020\/07\/Maquina-algodon-de-azucar-electrica-imagen-produsto.jpg","width":1600,"height":1600},{"@type":"BreadcrumbList","@id":"https:\/\/distribucionarc.com\/nl\/producto\/maquina-algodon-de-azucar-electrica\/#breadcrumb","itemListElement":[{"@type":"ListItem","position":1,"name":"Portada","item":"https:\/\/distribucionarc.com\/pl\/"},{"@type":"ListItem","position":2,"name":"Produkty","item":"https:\/\/distribucionarc.com\/pl\/shop\/"},{"@type":"ListItem","position":3,"name":"M\u00e1quina algod\u00f3n de az\u00facar el\u00e9ctrica"}]},{"@type":"WebSite","@id":"https:\/\/distribucionarc.com\/de\/#website","url":"https:\/\/distribucionarc.com\/de\/","name":"Distribui\u00e7\u00e3o ARC","description":"Empresa especializada no fabrico e distribui\u00e7\u00e3o de m\u00e1quinas industriais, m\u00e1quinas de selar latas, m\u00e1quinas de fazer comprimidos, m\u00e1quinas de cortar carne...","publisher":{"@id":"https:\/\/distribucionarc.com\/de\/#organization"},"potentialAction":[{"@type":"SearchAction","target":{"@type":"EntryPoint","urlTemplate":"https:\/\/distribucionarc.com\/de\/?s={search_term_string}"},"query-input":{"@type":"PropertyValueSpecification","valueRequired":true,"valueName":"search_term_string"}}],"inLanguage":"pt-PT"},{"@type":"Organization","@id":"https:\/\/distribucionarc.com\/de\/#organization","name":"Distribui\u00e7\u00e3o ARC","url":"https:\/\/distribucionarc.com\/de\/","logo":{"@type":"ImageObject","inLanguage":"pt-PT","@id":"https:\/\/distribucionarc.com\/de\/#\/schema\/logo\/image\/","url":"https:\/\/distribucionarc.com\/wp-content\/uploads\/2024\/10\/distribucion-ARC-COLOR-SIN-FONDO-e1732295305345.png","contentUrl":"https:\/\/distribucionarc.com\/wp-content\/uploads\/2024\/10\/distribucion-ARC-COLOR-SIN-FONDO-e1732295305345.png","width":1164,"height":558,"caption":"Distribuci\u00f3n ARC"},"image":{"@id":"https:\/\/distribucionarc.com\/de\/#\/schema\/logo\/image\/"},"description":"Empresa especializada no fabrico e distribui\u00e7\u00e3o de m\u00e1quinas industriais para os sectores alimentar e farmac\u00eautico. Somos especializados em: M\u00e1quinas de cortar carne Fabrico de comprimidos Sistemas de transporte industrial Linhas de engarrafamento Dispensadores E muito mais... Oferecemos solu\u00e7\u00f5es inovadoras e personalizadas para otimizar os processos de produ\u00e7\u00e3o da sua empresa.","email":"Admistracion@distribucionarc.com","telephone":"+34 643496664","legalName":"ARC TECH SOLUTIONS","foundingDate":"2024-04-09","vatID":"B55480172","numberOfEmployees":{"@type":"QuantitativeValue","minValue":"1","maxValue":"10"}}]}},"_links":{"self":[{"href":"https:\/\/distribucionarc.com\/pt\/wp-json\/wp\/v2\/product\/1183","targetHints":{"allow":["GET"]}}],"collection":[{"href":"https:\/\/distribucionarc.com\/pt\/wp-json\/wp\/v2\/product"}],"about":[{"href":"https:\/\/distribucionarc.com\/pt\/wp-json\/wp\/v2\/types\/product"}],"replies":[{"embeddable":true,"href":"https:\/\/distribucionarc.com\/pt\/wp-json\/wp\/v2\/comments?post=1183"}],"version-history":[{"count":0,"href":"https:\/\/distribucionarc.com\/pt\/wp-json\/wp\/v2\/product\/1183\/revisions"}],"wp:featuredmedia":[{"embeddable":true,"href":"https:\/\/distribucionarc.com\/pt\/wp-json\/wp\/v2\/media\/6043"}],"wp:attachment":[{"href":"https:\/\/distribucionarc.com\/pt\/wp-json\/wp\/v2\/media?parent=1183"}],"wp:term":[{"taxonomy":"product_brand","embeddable":true,"href":"https:\/\/distribucionarc.com\/pt\/wp-json\/wp\/v2\/product_brand?post=1183"},{"taxonomy":"product_cat","embeddable":true,"href":"https:\/\/distribucionarc.com\/pt\/wp-json\/wp\/v2\/product_cat?post=1183"},{"taxonomy":"product_tag","embeddable":true,"href":"https:\/\/distribucionarc.com\/pt\/wp-json\/wp\/v2\/product_tag?post=1183"}],"curies":[{"name":"wp","href":"https:\/\/api.w.org\/{rel}","templated":true}]}}