{"id":1251,"date":"2020-07-20T12:34:21","date_gmt":"2020-07-20T12:34:21","guid":{"rendered":"https:\/\/distribucionarc.com\/?post_type=product&#038;p=1251"},"modified":"2024-09-08T19:29:04","modified_gmt":"2024-09-08T19:29:04","slug":"maquina-para-fazer-sorvete-20l","status":"publish","type":"product","link":"https:\/\/distribucionarc.com\/pt\/producto\/maquina-para-hacer-helados-20l\/","title":{"rendered":"M\u00e1quina de fazer sorvete 20L"},"content":{"rendered":"<h3>M\u00e1quina de fazer sorvete 20L<\/h3>\n<p>Esse <strong>m\u00e1quina de sorvete comercial <span style=\"color: #ff0000;\">PARA<span style=\"color: #0000ff;\">R<\/span><\/span>c<\/strong> Caracteriza-se pelo seu cilindro de resfriamento extragrande e congelamento r\u00e1pido, podendo produzir 10 L de sorvete em 30 minutos, 20 L em 1 hora.<\/p>\n<p>O <strong>m\u00e1quina de sorvete <span style=\"color: #ff0000;\">PARA<\/span><span style=\"color: #0000ff;\">R<\/span>CMH01<\/strong> \u00c9 feito de a\u00e7o inoxid\u00e1vel de alta qualidade, \u00e9 robusto e elegante. Tamb\u00e9m \u00e9 antioxidante e muito f\u00e1cil de limpar.<\/p>\n<p>A temperatura, dureza e quantidade de sorvete obtida pelo <strong>m\u00e1quina de sorvete <span style=\"color: #ff0000;\">PARA<\/span><span style=\"color: #0000ff;\">R<\/span>c<\/strong> Eles podem ser exibidos na tela para observa\u00e7\u00e3o direta. Al\u00e9m disso, a limpeza com um toque realiza a limpeza r\u00e1pida e autom\u00e1tica da m\u00e1quina.<\/p>\n<p>Esse <strong>m\u00e1quina de sorvete profissional <\/strong>de<strong> <span style=\"color: #ff0000;\">PARA<\/span><span style=\"color: #0000ff;\">R<\/span>c<\/strong> Ele \u00e9 projetado com um defletor de pl\u00e1stico grosso, almofadas de borracha antiderrapantes e um agitador rotativo de alta velocidade. Cont\u00e9m um compressor de ar premium com n\u00facleo totalmente em cobre, com resfriamento r\u00e1pido, o que ajuda a economizar energia e diminuir o n\u00edvel de ru\u00eddo.<\/p>\n<p>O lado de <strong>a m\u00e1quina de sorvete<\/strong> Possui design de ventila\u00e7\u00e3o, que melhora a efici\u00eancia da convers\u00e3o de quente e frio, garantindo boa dissipa\u00e7\u00e3o de calor. Fornece uso prolongado para a m\u00e1quina<\/p>\n<p>Perfeito para uso comercial ou dom\u00e9stico, especialmente para bares, caf\u00e9s, lojas de ch\u00e1 com leite, lojas de sobremesas, restaurantes de estilo ocidental, bares de sucos de frutas, hot\u00e9is, padarias, etc.<\/p>\n<p>&nbsp;<\/p>\n<h6><strong>Garantia<span style=\"color: #ff0000;\">\u00a0PARA<\/span><span style=\"color: #0000ff;\">R<\/span>C 2 ANOS<\/strong><\/h6>\n<h6><span style=\"color: #008000;\">M\u00e1quina de fazer sorvete eficiente, baixo consumo 1200w<\/span><\/h6>\n<h6><strong>suporte t\u00e9cnico inclu\u00eddo<\/strong><\/h6>\n<table>\n<thead>\n<tr>\n<th><strong>Caracter\u00edsticas<\/strong><\/th>\n<th><strong>Descri\u00e7\u00e3o<\/strong><\/th>\n<\/tr>\n<\/thead>\n<tbody>\n<tr>\n<td><strong>N\u00famero do fabricante<\/strong><\/td>\n<td>ARCMH01<\/td>\n<\/tr>\n<tr>\n<td><strong>Pa\u00edses com suporte t\u00e9cnico<\/strong><\/td>\n<td><a href=\"https:\/\/distribucionarc.com\/pt\/servico-tecnico\/\" target=\"_new\" rel=\"noopener\">Consulte suporte t\u00e9cnico aqui<\/a><\/td>\n<\/tr>\n<tr>\n<td><strong>Peso<\/strong><\/td>\n<td>60 quilogramas (kg)<\/td>\n<\/tr>\n<tr>\n<td><strong>Dimens\u00f5es da m\u00e1quina<\/strong><\/td>\n<td><strong>Altura<\/strong>: 64cm, <strong>Longo<\/strong>: 52,5 cm, <strong>Largo<\/strong>: 49cm<\/td>\n<\/tr>\n<tr>\n<td><strong>Cor<\/strong><\/td>\n<td>Prata<\/td>\n<\/tr>\n<tr>\n<td><strong>Poder<\/strong><\/td>\n<td>1200 watts (W)<\/td>\n<\/tr>\n<tr>\n<td><strong>tens\u00e3o de entrada<\/strong><\/td>\n<td>220 V \u2013 60 Hz<\/td>\n<\/tr>\n<tr>\n<td><strong>Capacidade de produ\u00e7\u00e3o<\/strong><\/td>\n<td>16 \u2013 20 litros por hora<\/td>\n<\/tr>\n<tr>\n<td><strong>Refrigerante<\/strong><\/td>\n<td>R404a<\/td>\n<\/tr>\n<tr>\n<td><strong>Tamanho do misturador<\/strong><\/td>\n<td>4,3 litros por unidade<\/td>\n<\/tr>\n<tr>\n<td><strong>Material<\/strong><\/td>\n<td>A\u00e7o inoxid\u00e1vel com componentes de cobre e painel LCD de controle inteligente<\/td>\n<\/tr>\n<tr>\n<td><strong>Garantia<\/strong><\/td>\n<td>2 anos<\/td>\n<\/tr>\n<tr>\n<td><strong>Ferramentas de instala\u00e7\u00e3o<\/strong><\/td>\n<td>Inclu\u00eddo<\/td>\n<\/tr>\n<\/tbody>\n<\/table>\n<div id=\"gtx-trans\">\n<div class=\"gtx-trans-icon\"><\/div>\n<\/div>","protected":false},"excerpt":{"rendered":"<h2>Sorveteira Dura Profissional ARC \u2013 Alta Capacidade e Desempenho Garantido<\/h2>\n<p>O <strong>M\u00e1quina profissional de fazer sorvete duro ARC<\/strong> Ele foi projetado para atender \u00e0s demandas de <strong>sorveterias<\/strong>, <strong>restaurantes<\/strong>, e <strong>franquias<\/strong> que exigem produ\u00e7\u00e3o constante e de alta qualidade. Com capacidade de <strong>16 a 20 litros por hora<\/strong>, este equipamento permitir\u00e1 satisfazer uma grande procura em pouco tempo, garantindo um gelado com uma textura perfeita e um processo de arrefecimento eficiente gra\u00e7as ao refrigerante <strong>R404a<\/strong>.<\/p>\n<h3>Produtos que voc\u00ea pode fazer:<\/h3>\n<ul>\n<li><strong>Sorvete artesanal<\/strong>: Grande variedade de sabores e consist\u00eancias.<\/li>\n<li><strong>Gelatos e sorvetes<\/strong>: Ideal para sobremesas leves e refrescantes.<\/li>\n<li><strong>sobremesas congeladas<\/strong>: Perfeito para menus personalizados.<\/li>\n<\/ul>\n<h3>Setores onde pode ser implementado:<\/h3>\n<ul>\n<li><strong>Sorveterias<\/strong>: Produz sorvetes de alta qualidade com processo r\u00e1pido e eficiente.<\/li>\n<li><strong>Restaurantes e caf\u00e9s<\/strong>: Ofere\u00e7a sorvete artesanal como parte do seu card\u00e1pio de sobremesas.<\/li>\n<li><strong>Franquias<\/strong>: Ideal para neg\u00f3cios que necessitam de produ\u00e7\u00e3o constante em diversos pontos de venda.<\/li>\n<li><strong>Restaura\u00e7\u00e3o e eventos<\/strong>: Sirva sorvetes fresquinhos e deliciosos em casamentos, festas e eventos corporativos.<\/li>\n<\/ul>","protected":false},"featured_media":1257,"comment_status":"open","ping_status":"closed","template":"","meta":{"wds_primary_product_brand":0,"wds_primary_product_cat":0},"product_brand":[],"product_cat":[56,58],"product_tag":[],"class_list":{"0":"post-1251","1":"product","2":"type-product","3":"status-publish","4":"has-post-thumbnail","6":"product_cat-maquinaria-para-ferias","7":"product_cat-maquinaria-para-heladerias-profesionales","8":"product_shipping_class-hosteleria","10":"first","11":"instock","12":"sale","13":"taxable","14":"shipping-taxable","15":"purchasable","16":"product-type-simple"},"yoast_head":"<!-- This site is optimized with the Yoast SEO Premium plugin v24.9 (Yoast SEO v26.1) - https:\/\/yoast.com\/wordpress\/plugins\/seo\/ -->\n<title>M\u00e1quina para hacer helados 20L - distribuci\u00f3n ARC<\/title>\n<meta name=\"robots\" content=\"index, follow, max-snippet:-1, max-image-preview:large, max-video-preview:-1\" \/>\n<link rel=\"canonical\" href=\"https:\/\/www.distribucionarc.com\/el\/producto\/maquina-para-hacer-helados-20l\/\" \/>\n<meta property=\"og:locale\" content=\"pt_PT\" \/>\n<meta property=\"og:type\" content=\"article\" \/>\n<meta property=\"og:title\" content=\"M\u00e1quina para hacer helados 20L\" \/>\n<meta property=\"og:description\" content=\"M\u00e1quina para hacer helados duros profesional ARC \u2013 Alta capacidad y rendimiento garantizad La m\u00e1quina para hacer helados duros profesional ARC est\u00e1 dise\u00f1ada para cumplir con las exigencias de helader\u00edas, restaurantes, y franquicias que necesitan una producci\u00f3n constante y de alta calidad. Con una capacidad de 16 a 20 litros por hora, este equipo te permitir\u00e1 satisfacer una gran demanda en poco tiempo, garantizando un helado de textura perfecta y un proceso de enfriamiento eficiente gracias al refrigerante R404a. Productos que puedes hacer:   Helados artesanales: Amplia variedad de sabores y consistencias.  Gelato y sorbetes: Ideal para postres ligeros y refrescantes.  Postres helados: Perfectos para men\u00fas personalizados.  Sectores donde se puede implementar:   Helader\u00edas: Produce helados de alta calidad con un proceso r\u00e1pido y eficiente.  Restaurantes y cafeter\u00edas: Ofrece helados artesanales como parte de tu men\u00fa de postres.  Franquicias: Ideal para negocios que necesitan una producci\u00f3n constante en varios puntos de venta.  Catering y eventos: Sirve helados frescos y deliciosos en bodas, fiestas y eventos corporativos.\" \/>\n<meta property=\"og:url\" content=\"https:\/\/www.distribucionarc.com\/el\/producto\/maquina-para-hacer-helados-20l\/\" \/>\n<meta property=\"og:site_name\" content=\"distribuci\u00f3n ARC\" \/>\n<meta property=\"article:modified_time\" content=\"2024-09-08T19:29:04+00:00\" \/>\n<meta property=\"og:image\" content=\"https:\/\/distribucionarc.com\/wp-content\/uploads\/2020\/07\/M\u00e1quina-para-hacer-helados-20L-0.jpg\" \/>\n\t<meta property=\"og:image:width\" content=\"1600\" \/>\n\t<meta property=\"og:image:height\" content=\"1600\" \/>\n\t<meta property=\"og:image:type\" content=\"image\/jpeg\" \/>\n<meta name=\"twitter:card\" content=\"summary_large_image\" \/>\n<meta name=\"twitter:label1\" content=\"Tempo estimado de leitura\" \/>\n\t<meta name=\"twitter:data1\" content=\"2 minutos\" \/>\n<script type=\"application\/ld+json\" class=\"yoast-schema-graph\">{\"@context\":\"https:\/\/schema.org\",\"@graph\":[{\"@type\":\"WebPage\",\"@id\":\"https:\/\/www.distribucionarc.com\/el\/producto\/maquina-para-hacer-helados-20l\/\",\"url\":\"https:\/\/www.distribucionarc.com\/el\/producto\/maquina-para-hacer-helados-20l\/\",\"name\":\"M\u00e1quina para hacer helados 20L - distribuci\u00f3n ARC\",\"isPartOf\":{\"@id\":\"https:\/\/www.distribucionarc.com\/sl\/#website\"},\"primaryImageOfPage\":{\"@id\":\"https:\/\/www.distribucionarc.com\/el\/producto\/maquina-para-hacer-helados-20l\/#primaryimage\"},\"image\":{\"@id\":\"https:\/\/www.distribucionarc.com\/el\/producto\/maquina-para-hacer-helados-20l\/#primaryimage\"},\"thumbnailUrl\":\"https:\/\/distribucionarc.com\/wp-content\/uploads\/2020\/07\/M\u00e1quina-para-hacer-helados-20L-0.jpg\",\"datePublished\":\"2020-07-20T12:34:21+00:00\",\"dateModified\":\"2024-09-08T19:29:04+00:00\",\"breadcrumb\":{\"@id\":\"https:\/\/www.distribucionarc.com\/el\/producto\/maquina-para-hacer-helados-20l\/#breadcrumb\"},\"inLanguage\":\"pt-PT\",\"potentialAction\":[{\"@type\":\"ReadAction\",\"target\":[\"https:\/\/www.distribucionarc.com\/el\/producto\/maquina-para-hacer-helados-20l\/\"]}]},{\"@type\":\"ImageObject\",\"inLanguage\":\"pt-PT\",\"@id\":\"https:\/\/www.distribucionarc.com\/el\/producto\/maquina-para-hacer-helados-20l\/#primaryimage\",\"url\":\"https:\/\/distribucionarc.com\/wp-content\/uploads\/2020\/07\/M\u00e1quina-para-hacer-helados-20L-0.jpg\",\"contentUrl\":\"https:\/\/distribucionarc.com\/wp-content\/uploads\/2020\/07\/M\u00e1quina-para-hacer-helados-20L-0.jpg\",\"width\":1600,\"height\":1600,\"caption\":\"M\u00e1quina para hacer helados 20L\"},{\"@type\":\"BreadcrumbList\",\"@id\":\"https:\/\/www.distribucionarc.com\/el\/producto\/maquina-para-hacer-helados-20l\/#breadcrumb\",\"itemListElement\":[{\"@type\":\"ListItem\",\"position\":1,\"name\":\"Portada\",\"item\":\"https:\/\/www.distribucionarc.com\/\"},{\"@type\":\"ListItem\",\"position\":2,\"name\":\"\u00dcr\u00fcnler\",\"item\":\"https:\/\/www.distribucionarc.com\/tr\/magaza\/\"},{\"@type\":\"ListItem\",\"position\":3,\"name\":\"M\u00e1quina para hacer helados 20L\"}]},{\"@type\":\"WebSite\",\"@id\":\"https:\/\/www.distribucionarc.com\/sl\/#website\",\"url\":\"https:\/\/www.distribucionarc.com\/sl\/\",\"name\":\"distribuci\u00f3n ARC\",\"description\":\"Empresa especializada en la fabricaci\u00f3n y distribuci\u00f3n de maquinaria industrial, selladoras de latas, Maquinas de hacer pastillas, Maquinas de cortar carne...\",\"publisher\":{\"@id\":\"https:\/\/www.distribucionarc.com\/sl\/#organization\"},\"potentialAction\":[{\"@type\":\"SearchAction\",\"target\":{\"@type\":\"EntryPoint\",\"urlTemplate\":\"https:\/\/www.distribucionarc.com\/sl\/?s={search_term_string}\"},\"query-input\":{\"@type\":\"PropertyValueSpecification\",\"valueRequired\":true,\"valueName\":\"search_term_string\"}}],\"inLanguage\":\"pt-PT\"},{\"@type\":\"Organization\",\"@id\":\"https:\/\/www.distribucionarc.com\/sl\/#organization\",\"name\":\"Distribuci\u00f3n ARC\",\"url\":\"https:\/\/www.distribucionarc.com\/sl\/\",\"logo\":{\"@type\":\"ImageObject\",\"inLanguage\":\"pt-PT\",\"@id\":\"https:\/\/www.distribucionarc.com\/sl\/#\/schema\/logo\/image\/\",\"url\":\"https:\/\/distribucionarc.com\/wp-content\/uploads\/2024\/10\/distribucion-ARC-COLOR-SIN-FONDO-e1732295305345.png\",\"contentUrl\":\"https:\/\/distribucionarc.com\/wp-content\/uploads\/2024\/10\/distribucion-ARC-COLOR-SIN-FONDO-e1732295305345.png\",\"width\":1164,\"height\":558,\"caption\":\"Distribuci\u00f3n ARC\"},\"image\":{\"@id\":\"https:\/\/www.distribucionarc.com\/sl\/#\/schema\/logo\/image\/\"},\"description\":\"Empresa especializada en la fabricaci\u00f3n y distribuci\u00f3n de maquinaria industrial para los sectores alimentario y farmac\u00e9utico. Nos especializamos en: M\u00e1quinas de cortar carne Fabricaci\u00f3n de comprimidos Sistemas de transporte industrial L\u00edneas de embotellado Dosificadores Y mucho m\u00e1s... Ofrecemos soluciones innovadoras y personalizadas para optimizar los procesos productivos de tu empresa.\",\"email\":\"Admistracion@distribucionarc.com\",\"telephone\":\"+34 643496664\",\"legalName\":\"ARC TECH SOLUTIONS\",\"foundingDate\":\"2024-04-09\",\"vatID\":\"B55480172\",\"numberOfEmployees\":{\"@type\":\"QuantitativeValue\",\"minValue\":\"1\",\"maxValue\":\"10\"}}]}<\/script>\n<!-- \/ Yoast SEO Premium plugin. -->","yoast_head_json":{"title":"M\u00e1quina de fazer sorvete 20L - distribui\u00e7\u00e3o ARC","robots":{"index":"index","follow":"follow","max-snippet":"max-snippet:-1","max-image-preview":"max-image-preview:large","max-video-preview":"max-video-preview:-1"},"canonical":"https:\/\/www.distribucionarc.com\/el\/producto\/maquina-para-hacer-helados-20l\/","og_locale":"pt_PT","og_type":"article","og_title":"M\u00e1quina para hacer helados 20L","og_description":"M\u00e1quina para hacer helados duros profesional ARC \u2013 Alta capacidad y rendimiento garantizad La m\u00e1quina para hacer helados duros profesional ARC est\u00e1 dise\u00f1ada para cumplir con las exigencias de helader\u00edas, restaurantes, y franquicias que necesitan una producci\u00f3n constante y de alta calidad. Con una capacidad de 16 a 20 litros por hora, este equipo te permitir\u00e1 satisfacer una gran demanda en poco tiempo, garantizando un helado de textura perfecta y un proceso de enfriamiento eficiente gracias al refrigerante R404a. Productos que puedes hacer:   Helados artesanales: Amplia variedad de sabores y consistencias.  Gelato y sorbetes: Ideal para postres ligeros y refrescantes.  Postres helados: Perfectos para men\u00fas personalizados.  Sectores donde se puede implementar:   Helader\u00edas: Produce helados de alta calidad con un proceso r\u00e1pido y eficiente.  Restaurantes y cafeter\u00edas: Ofrece helados artesanales como parte de tu men\u00fa de postres.  Franquicias: Ideal para negocios que necesitan una producci\u00f3n constante en varios puntos de venta.  Catering y eventos: Sirve helados frescos y deliciosos en bodas, fiestas y eventos corporativos.","og_url":"https:\/\/www.distribucionarc.com\/el\/producto\/maquina-para-hacer-helados-20l\/","og_site_name":"distribuci\u00f3n ARC","article_modified_time":"2024-09-08T19:29:04+00:00","og_image":[{"width":1600,"height":1600,"url":"https:\/\/distribucionarc.com\/wp-content\/uploads\/2020\/07\/M\u00e1quina-para-hacer-helados-20L-0.jpg","type":"image\/jpeg"}],"twitter_card":"summary_large_image","twitter_misc":{"Tempo estimado de leitura":"2 minutos"},"schema":{"@context":"https:\/\/schema.org","@graph":[{"@type":"WebPage","@id":"https:\/\/www.distribucionarc.com\/el\/producto\/maquina-para-hacer-helados-20l\/","url":"https:\/\/www.distribucionarc.com\/el\/producto\/maquina-para-hacer-helados-20l\/","name":"M\u00e1quina de fazer sorvete 20L - distribui\u00e7\u00e3o ARC","isPartOf":{"@id":"https:\/\/www.distribucionarc.com\/sl\/#website"},"primaryImageOfPage":{"@id":"https:\/\/www.distribucionarc.com\/el\/producto\/maquina-para-hacer-helados-20l\/#primaryimage"},"image":{"@id":"https:\/\/www.distribucionarc.com\/el\/producto\/maquina-para-hacer-helados-20l\/#primaryimage"},"thumbnailUrl":"https:\/\/distribucionarc.com\/wp-content\/uploads\/2020\/07\/M\u00e1quina-para-hacer-helados-20L-0.jpg","datePublished":"2020-07-20T12:34:21+00:00","dateModified":"2024-09-08T19:29:04+00:00","breadcrumb":{"@id":"https:\/\/www.distribucionarc.com\/el\/producto\/maquina-para-hacer-helados-20l\/#breadcrumb"},"inLanguage":"pt-PT","potentialAction":[{"@type":"ReadAction","target":["https:\/\/www.distribucionarc.com\/el\/producto\/maquina-para-hacer-helados-20l\/"]}]},{"@type":"ImageObject","inLanguage":"pt-PT","@id":"https:\/\/www.distribucionarc.com\/el\/producto\/maquina-para-hacer-helados-20l\/#primaryimage","url":"https:\/\/distribucionarc.com\/wp-content\/uploads\/2020\/07\/M\u00e1quina-para-hacer-helados-20L-0.jpg","contentUrl":"https:\/\/distribucionarc.com\/wp-content\/uploads\/2020\/07\/M\u00e1quina-para-hacer-helados-20L-0.jpg","width":1600,"height":1600,"caption":"M\u00e1quina para hacer helados 20L"},{"@type":"BreadcrumbList","@id":"https:\/\/www.distribucionarc.com\/el\/producto\/maquina-para-hacer-helados-20l\/#breadcrumb","itemListElement":[{"@type":"ListItem","position":1,"name":"Portada","item":"https:\/\/www.distribucionarc.com\/"},{"@type":"ListItem","position":2,"name":"\u00dcr\u00fcnler","item":"https:\/\/www.distribucionarc.com\/tr\/magaza\/"},{"@type":"ListItem","position":3,"name":"M\u00e1quina para hacer helados 20L"}]},{"@type":"WebSite","@id":"https:\/\/www.distribucionarc.com\/sl\/#website","url":"https:\/\/www.distribucionarc.com\/sl\/","name":"Distribui\u00e7\u00e3o ARC","description":"Empresa especializada no fabrico e distribui\u00e7\u00e3o de m\u00e1quinas industriais, m\u00e1quinas de selar latas, m\u00e1quinas de fazer comprimidos, m\u00e1quinas de cortar carne...","publisher":{"@id":"https:\/\/www.distribucionarc.com\/sl\/#organization"},"potentialAction":[{"@type":"SearchAction","target":{"@type":"EntryPoint","urlTemplate":"https:\/\/www.distribucionarc.com\/sl\/?s={search_term_string}"},"query-input":{"@type":"PropertyValueSpecification","valueRequired":true,"valueName":"search_term_string"}}],"inLanguage":"pt-PT"},{"@type":"Organization","@id":"https:\/\/www.distribucionarc.com\/sl\/#organization","name":"Distribui\u00e7\u00e3o ARC","url":"https:\/\/www.distribucionarc.com\/sl\/","logo":{"@type":"ImageObject","inLanguage":"pt-PT","@id":"https:\/\/www.distribucionarc.com\/sl\/#\/schema\/logo\/image\/","url":"https:\/\/distribucionarc.com\/wp-content\/uploads\/2024\/10\/distribucion-ARC-COLOR-SIN-FONDO-e1732295305345.png","contentUrl":"https:\/\/distribucionarc.com\/wp-content\/uploads\/2024\/10\/distribucion-ARC-COLOR-SIN-FONDO-e1732295305345.png","width":1164,"height":558,"caption":"Distribuci\u00f3n ARC"},"image":{"@id":"https:\/\/www.distribucionarc.com\/sl\/#\/schema\/logo\/image\/"},"description":"Empresa especializada no fabrico e distribui\u00e7\u00e3o de m\u00e1quinas industriais para os sectores alimentar e farmac\u00eautico. Somos especializados em: M\u00e1quinas de cortar carne Fabrico de comprimidos Sistemas de transporte industrial Linhas de engarrafamento Dispensadores E muito mais... Oferecemos solu\u00e7\u00f5es inovadoras e personalizadas para otimizar os processos de produ\u00e7\u00e3o da sua empresa.","email":"Admistracion@distribucionarc.com","telephone":"+34 643496664","legalName":"ARC TECH SOLUTIONS","foundingDate":"2024-04-09","vatID":"B55480172","numberOfEmployees":{"@type":"QuantitativeValue","minValue":"1","maxValue":"10"}}]}},"_links":{"self":[{"href":"https:\/\/distribucionarc.com\/pt\/wp-json\/wp\/v2\/product\/1251","targetHints":{"allow":["GET"]}}],"collection":[{"href":"https:\/\/distribucionarc.com\/pt\/wp-json\/wp\/v2\/product"}],"about":[{"href":"https:\/\/distribucionarc.com\/pt\/wp-json\/wp\/v2\/types\/product"}],"replies":[{"embeddable":true,"href":"https:\/\/distribucionarc.com\/pt\/wp-json\/wp\/v2\/comments?post=1251"}],"version-history":[{"count":0,"href":"https:\/\/distribucionarc.com\/pt\/wp-json\/wp\/v2\/product\/1251\/revisions"}],"wp:featuredmedia":[{"embeddable":true,"href":"https:\/\/distribucionarc.com\/pt\/wp-json\/wp\/v2\/media\/1257"}],"wp:attachment":[{"href":"https:\/\/distribucionarc.com\/pt\/wp-json\/wp\/v2\/media?parent=1251"}],"wp:term":[{"taxonomy":"product_brand","embeddable":true,"href":"https:\/\/distribucionarc.com\/pt\/wp-json\/wp\/v2\/product_brand?post=1251"},{"taxonomy":"product_cat","embeddable":true,"href":"https:\/\/distribucionarc.com\/pt\/wp-json\/wp\/v2\/product_cat?post=1251"},{"taxonomy":"product_tag","embeddable":true,"href":"https:\/\/distribucionarc.com\/pt\/wp-json\/wp\/v2\/product_tag?post=1251"}],"curies":[{"name":"wp","href":"https:\/\/api.w.org\/{rel}","templated":true}]}}