{"id":1263,"date":"2020-07-20T13:17:24","date_gmt":"2020-07-20T13:17:24","guid":{"rendered":"https:\/\/distribucionarc.com\/?post_type=product&#038;p=1263"},"modified":"2024-09-08T22:32:59","modified_gmt":"2024-09-08T22:32:59","slug":"maquina-de-fazer-sorvete-suave-12l","status":"publish","type":"product","link":"https:\/\/distribucionarc.com\/pt\/producto\/maquina-para-hacer-helados-suaves-12l\/","title":{"rendered":"Sorveteira cremosa 12L"},"content":{"rendered":"<h3>Sorveteira cremosa 12L<\/h3>\n<p><strong>A m\u00e1quina de sorvete<\/strong> de <strong><span style=\"color: #ff0000;\">PARA<\/span><span style=\"color: #0000ff;\">R<\/span>c<\/strong> \u00c9 amplamente aplicado em restaurantes, caf\u00e9s, sorveterias, descanso. comida r\u00e1pida. Sem etapas complicadas, voc\u00ea pode <strong>prepare sorvete rapidamente<\/strong>, <strong>iogurte<\/strong> qualquer <strong>sorvete<\/strong><\/p>\n<p>O <strong><span style=\"color: #ff0000;\">PARA<\/span><span style=\"color: #0000ff;\">R<\/span>CMH02<\/strong> \u00c9 equipado com compressores GMCC duplos, duas moegas de 6L em a\u00e7o inoxid\u00e1vel, radiador de alta energia e refrigerante R410a, com fun\u00e7\u00e3o de pr\u00e9-resfriamento e produ\u00e7\u00e3o variando de 20 L\/H a 28 L\/H.<\/p>\n<p>O <strong>m\u00e1quina de sorvete<\/strong> Possui dois recipientes embutidos em a\u00e7o inox, este <strong>m\u00e1quina de sorvete<\/strong> de <strong><span style=\"color: #ff0000;\">PARA<\/span><span style=\"color: #0000ff;\">R<\/span>c<\/strong> Ele pode ser usado para criar tr\u00eas sabores de sorvete, incluindo dois sabores simples e um sabor misto, para uma variedade de gostos.<\/p>\n<p>Tempo, temperatura, dureza e quantidade de sorvete podem ser exibidos na tela LCD sens\u00edvel ao toque para observa\u00e7\u00e3o constante. Voc\u00ea pode modular livremente de acordo com os gostos. Al\u00e9m disso, a limpeza com um bot\u00e3o permite a limpeza r\u00e1pida e autom\u00e1tica da m\u00e1quina de sorvete.<\/p>\n<p>Os ingredientes do <strong>m\u00e1quina de sorvete<\/strong> Podem ser pr\u00e9-resfriados para que o sorvete possa ser <strong>prepare-se rapidamente<\/strong> depois de ligar a m\u00e1quina. O recurso de armazenamento noturno reduz a frequ\u00eancia de limpeza e economiza ingredientes.<\/p>\n<p>O suporte de cone aprimorado \u00e9 colocado na parte externa do<strong> m\u00e1quina de sorvete<\/strong>, para que as casquinhas de sorvete n\u00e3o molhem facilmente e o sabor das casquinhas possa ser mantido.<\/p>\n<h6><\/h6>\n<h6><strong>Garantia\u00a0<span style=\"color: #ff0000;\">PARA<\/span><span style=\"color: #0000ff;\">R<\/span>C 2 ANOS<\/strong><\/h6>\n<h6><span style=\"color: #008000;\">M\u00e1quina de fazer sorvete eficiente, baixo consumo 2.000w<\/span><\/h6>\n<h6><strong>suporte t\u00e9cnico inclu\u00eddo<\/strong><\/h6>\n<p>&nbsp;<\/p>\n<table>\n<thead>\n<tr>\n<th><strong>Caracter\u00edsticas<\/strong><\/th>\n<th><strong>Descri\u00e7\u00e3o<\/strong><\/th>\n<\/tr>\n<\/thead>\n<tbody>\n<tr>\n<td><strong>N\u00famero do fabricante<\/strong><\/td>\n<td>ARCMH02<\/td>\n<\/tr>\n<tr>\n<td><strong>Pa\u00edses com suporte t\u00e9cnico<\/strong><\/td>\n<td><a href=\"https:\/\/distribucionarc.com\/pt\/servico-tecnico\/\" target=\"_new\" rel=\"noopener\">Consulte suporte t\u00e9cnico aqui<\/a><\/td>\n<\/tr>\n<tr>\n<td><strong>Peso<\/strong><\/td>\n<td>132 quilogramas (kg)<\/td>\n<\/tr>\n<tr>\n<td><strong>Dimens\u00f5es da m\u00e1quina<\/strong><\/td>\n<td><strong>Altura<\/strong>: 149cm, <strong>Longo<\/strong>: 63cm, <strong>Largo<\/strong>: 61cm<\/td>\n<\/tr>\n<tr>\n<td><strong>Cor<\/strong><\/td>\n<td>Prata<\/td>\n<\/tr>\n<tr>\n<td><strong>Poder<\/strong><\/td>\n<td>2.000 watts (W)<\/td>\n<\/tr>\n<tr>\n<td><strong>tens\u00e3o de entrada<\/strong><\/td>\n<td>220 V \u2013 60 Hz<\/td>\n<\/tr>\n<tr>\n<td><strong>Capacidade de produ\u00e7\u00e3o<\/strong><\/td>\n<td>20 \u2013 28 litros (L) por hora<\/td>\n<\/tr>\n<tr>\n<td><strong>Refrigerante<\/strong><\/td>\n<td>R410a<\/td>\n<\/tr>\n<tr>\n<td><strong>Tamanho do dep\u00f3sito<\/strong><\/td>\n<td>6 litros (L) por unidade<\/td>\n<\/tr>\n<tr>\n<td><strong>Material<\/strong><\/td>\n<td>Painel LCD de toque inteligente em a\u00e7o inoxid\u00e1vel<\/td>\n<\/tr>\n<tr>\n<td><strong>Ferramentas de instala\u00e7\u00e3o<\/strong><\/td>\n<td>Inclu\u00eddo<\/td>\n<\/tr>\n<tr>\n<td><strong>Garantia<\/strong><\/td>\n<td>2 anos<\/td>\n<\/tr>\n<\/tbody>\n<\/table>","protected":false},"excerpt":{"rendered":"<h2>M\u00e1quina de fazer sorvete macio e cremoso ARC \u2013 Alta capacidade e desempenho para sorveterias e restaurantes<\/h2>\n<p>O <strong>M\u00e1quina profissional de fazer sorvete macio e cremoso ARC<\/strong> \u00c9 a op\u00e7\u00e3o ideal para empresas que precisam produzir sorvetes cremosos com rapidez e efici\u00eancia. Sua capacidade de <strong>20 a 28 litros por hora<\/strong> garante um fluxo constante de sorvetes de alta qualidade, perfeito para satisfazer os clientes em <strong>sorveterias<\/strong>, <strong>restaurantes<\/strong> e <strong>franquias<\/strong>.<\/p>\n<p>O sistema de refrigera\u00e7\u00e3o utiliza <strong>R410a<\/strong>, um refrigerante de alta efici\u00eancia, que garante que o sorvete mantenha sua cremosidade e suavidade ideais. Al\u00e9m disso, o <strong>painel LCD de toque inteligente<\/strong> Permite ajustar facilmente a temperatura e a consist\u00eancia do sorvete, tornando a opera\u00e7\u00e3o simples e precisa.<\/p>\n<h3>Produtos que podem ser feitos:<\/h3>\n<ul>\n<li><strong>Sorvete macio e cremoso<\/strong>: Com textura ideal e sempre na temperatura perfeita.<\/li>\n<li><strong>Sorvetes com combina\u00e7\u00f5es de sabores<\/strong>: Esta m\u00e1quina permite servir at\u00e9 tr\u00eas sabores diferentes de sorvete.<\/li>\n<li><strong>Sorvetes mistos<\/strong>: Permite misturar v\u00e1rios sabores numa s\u00f3 por\u00e7\u00e3o, o que \u00e9 perfeito para diversificar a sua oferta.<\/li>\n<\/ul>\n<h3>Setores onde pode ser implementado:<\/h3>\n<ul>\n<li><strong>Sorveterias<\/strong>: Para a produ\u00e7\u00e3o r\u00e1pida de sorvetes suaves com diferentes sabores.<\/li>\n<li><strong>Restaurantes e franquias<\/strong>: Ideal para oferecer sobremesas congeladas personalizadas no card\u00e1pio.<\/li>\n<li><strong>Caf\u00e9s e bares<\/strong>: Excelente para servir sorvete fresco aos clientes.<\/li>\n<li><strong>Restaura\u00e7\u00e3o e eventos<\/strong>: Perfeito para atender grandes volumes de pessoas em eventos.<\/li>\n<\/ul>","protected":false},"featured_media":6051,"comment_status":"open","ping_status":"closed","template":"","meta":{"wds_primary_product_brand":0,"wds_primary_product_cat":0},"product_brand":[],"product_cat":[56,58],"product_tag":[],"class_list":{"0":"post-1263","1":"product","2":"type-product","3":"status-publish","4":"has-post-thumbnail","6":"product_cat-maquinaria-para-ferias","7":"product_cat-maquinaria-para-heladerias-profesionales","8":"product_shipping_class-hosteleria","10":"first","11":"instock","12":"sale","13":"taxable","14":"shipping-taxable","15":"purchasable","16":"product-type-simple"},"yoast_head":"<!-- This site is optimized with the Yoast SEO Premium plugin v24.9 (Yoast SEO v26.1) - https:\/\/yoast.com\/wordpress\/plugins\/seo\/ -->\n<title>Maquina para hacer helados cremosos 12L - distribuci\u00f3n ARC<\/title>\n<meta name=\"robots\" content=\"index, follow, max-snippet:-1, max-image-preview:large, max-video-preview:-1\" \/>\n<link rel=\"canonical\" href=\"https:\/\/www.distribucionarc.com\/producto\/maquina-para-hacer-helados-suaves-12l\/\" \/>\n<meta property=\"og:locale\" content=\"pt_PT\" \/>\n<meta property=\"og:type\" content=\"article\" \/>\n<meta property=\"og:title\" content=\"Maquina para hacer helados cremosos 12L\" \/>\n<meta property=\"og:description\" content=\"M\u00e1quina para hacer helados blandos y cremosos ARC \u2013 Alta capacidad y rendimiento para helader\u00edas y restaurantes La m\u00e1quina para hacer helados blandos y cremosos profesional ARC es la opci\u00f3n ideal para negocios que necesitan producir helados suaves de manera r\u00e1pida y eficiente. Su capacidad de 20 a 28 litros por hora garantiza un flujo constante de helado de alta calidad, perfecto para satisfacer a los clientes en helader\u00edas, restaurantes y franquicias.  El sistema de refrigeraci\u00f3n utiliza R410a, un refrigerante de alta eficiencia, lo que asegura que el helado mantenga su cremosidad y suavidad ideal. Adem\u00e1s, el panel LCD t\u00e1ctil inteligente te permite ajustar de manera f\u00e1cil la temperatura y la consistencia del helado, lo que hace que la operaci\u00f3n sea sencilla y precisa. Productos que se pueden hacer:   Helado suave y cremoso: Con una textura ideal y siempre a la temperatura perfecta.  Helados con combinaciones de sabores: Esta m\u00e1quina permite servir hasta tres sabores diferentes de helado.  Helados mixtos: Permite mezclar varios sabores en una sola porci\u00f3n, lo que es perfecto para diversificar tu oferta.  Sectores donde se puede implementar:   Helader\u00edas: Para la producci\u00f3n r\u00e1pida de helados suaves con diferentes sabores.  Restaurantes y franquicias: Ideal para ofrecer postres helados personalizados en el men\u00fa.  Cafeter\u00edas y bares: Excelente para servir helados frescos a los clientes.  Catering y eventos: Perfecta para atender grandes vol\u00famenes de personas en eventos.\" \/>\n<meta property=\"og:url\" content=\"https:\/\/www.distribucionarc.com\/producto\/maquina-para-hacer-helados-suaves-12l\/\" \/>\n<meta property=\"og:site_name\" content=\"distribuci\u00f3n ARC\" \/>\n<meta property=\"article:modified_time\" content=\"2024-09-08T22:32:59+00:00\" \/>\n<meta property=\"og:image\" content=\"https:\/\/www.distribucionarc.com\/wp-content\/uploads\/2020\/07\/Maquina-para-hacer-helados-cremosos-12L-imagen-producto.jpg\" \/>\n\t<meta property=\"og:image:width\" content=\"1600\" \/>\n\t<meta property=\"og:image:height\" content=\"1600\" \/>\n\t<meta property=\"og:image:type\" content=\"image\/jpeg\" \/>\n<meta name=\"twitter:card\" content=\"summary_large_image\" \/>\n<meta name=\"twitter:label1\" content=\"Tempo estimado de leitura\" \/>\n\t<meta name=\"twitter:data1\" content=\"2 minutos\" \/>\n<script type=\"application\/ld+json\" class=\"yoast-schema-graph\">{\"@context\":\"https:\/\/schema.org\",\"@graph\":[{\"@type\":\"WebPage\",\"@id\":\"https:\/\/www.distribucionarc.com\/producto\/maquina-para-hacer-helados-suaves-12l\/\",\"url\":\"https:\/\/www.distribucionarc.com\/producto\/maquina-para-hacer-helados-suaves-12l\/\",\"name\":\"Maquina para hacer helados cremosos 12L - distribuci\u00f3n ARC\",\"isPartOf\":{\"@id\":\"https:\/\/www.distribucionarc.com\/tr\/#website\"},\"primaryImageOfPage\":{\"@id\":\"https:\/\/www.distribucionarc.com\/producto\/maquina-para-hacer-helados-suaves-12l\/#primaryimage\"},\"image\":{\"@id\":\"https:\/\/www.distribucionarc.com\/producto\/maquina-para-hacer-helados-suaves-12l\/#primaryimage\"},\"thumbnailUrl\":\"https:\/\/distribucionarc.com\/wp-content\/uploads\/2020\/07\/Maquina-para-hacer-helados-cremosos-12L-imagen-producto.jpg\",\"datePublished\":\"2020-07-20T13:17:24+00:00\",\"dateModified\":\"2024-09-08T22:32:59+00:00\",\"breadcrumb\":{\"@id\":\"https:\/\/www.distribucionarc.com\/producto\/maquina-para-hacer-helados-suaves-12l\/#breadcrumb\"},\"inLanguage\":\"pt-PT\",\"potentialAction\":[{\"@type\":\"ReadAction\",\"target\":[\"https:\/\/www.distribucionarc.com\/producto\/maquina-para-hacer-helados-suaves-12l\/\"]}]},{\"@type\":\"ImageObject\",\"inLanguage\":\"pt-PT\",\"@id\":\"https:\/\/www.distribucionarc.com\/producto\/maquina-para-hacer-helados-suaves-12l\/#primaryimage\",\"url\":\"https:\/\/distribucionarc.com\/wp-content\/uploads\/2020\/07\/Maquina-para-hacer-helados-cremosos-12L-imagen-producto.jpg\",\"contentUrl\":\"https:\/\/distribucionarc.com\/wp-content\/uploads\/2020\/07\/Maquina-para-hacer-helados-cremosos-12L-imagen-producto.jpg\",\"width\":1600,\"height\":1600},{\"@type\":\"BreadcrumbList\",\"@id\":\"https:\/\/www.distribucionarc.com\/producto\/maquina-para-hacer-helados-suaves-12l\/#breadcrumb\",\"itemListElement\":[{\"@type\":\"ListItem\",\"position\":1,\"name\":\"Portada\",\"item\":\"https:\/\/www.distribucionarc.com\/tr\/\"},{\"@type\":\"ListItem\",\"position\":2,\"name\":\"Produktai\",\"item\":\"https:\/\/distribucionarc.com\/lt\/parduotuve\/\"},{\"@type\":\"ListItem\",\"position\":3,\"name\":\"Maquina para hacer helados cremosos 12L\"}]},{\"@type\":\"WebSite\",\"@id\":\"https:\/\/www.distribucionarc.com\/tr\/#website\",\"url\":\"https:\/\/www.distribucionarc.com\/tr\/\",\"name\":\"distribuci\u00f3n ARC\",\"description\":\"Empresa especializada en la fabricaci\u00f3n y distribuci\u00f3n de maquinaria industrial, selladoras de latas, Maquinas de hacer pastillas, Maquinas de cortar carne...\",\"publisher\":{\"@id\":\"https:\/\/www.distribucionarc.com\/tr\/#organization\"},\"potentialAction\":[{\"@type\":\"SearchAction\",\"target\":{\"@type\":\"EntryPoint\",\"urlTemplate\":\"https:\/\/www.distribucionarc.com\/tr\/?s={search_term_string}\"},\"query-input\":{\"@type\":\"PropertyValueSpecification\",\"valueRequired\":true,\"valueName\":\"search_term_string\"}}],\"inLanguage\":\"pt-PT\"},{\"@type\":\"Organization\",\"@id\":\"https:\/\/www.distribucionarc.com\/tr\/#organization\",\"name\":\"Distribuci\u00f3n ARC\",\"url\":\"https:\/\/www.distribucionarc.com\/tr\/\",\"logo\":{\"@type\":\"ImageObject\",\"inLanguage\":\"pt-PT\",\"@id\":\"https:\/\/www.distribucionarc.com\/tr\/#\/schema\/logo\/image\/\",\"url\":\"https:\/\/distribucionarc.com\/wp-content\/uploads\/2024\/10\/distribucion-ARC-COLOR-SIN-FONDO-e1732295305345.png\",\"contentUrl\":\"https:\/\/distribucionarc.com\/wp-content\/uploads\/2024\/10\/distribucion-ARC-COLOR-SIN-FONDO-e1732295305345.png\",\"width\":1164,\"height\":558,\"caption\":\"Distribuci\u00f3n ARC\"},\"image\":{\"@id\":\"https:\/\/www.distribucionarc.com\/tr\/#\/schema\/logo\/image\/\"},\"description\":\"Empresa especializada en la fabricaci\u00f3n y distribuci\u00f3n de maquinaria industrial para los sectores alimentario y farmac\u00e9utico. Nos especializamos en: M\u00e1quinas de cortar carne Fabricaci\u00f3n de comprimidos Sistemas de transporte industrial L\u00edneas de embotellado Dosificadores Y mucho m\u00e1s... Ofrecemos soluciones innovadoras y personalizadas para optimizar los procesos productivos de tu empresa.\",\"email\":\"Admistracion@distribucionarc.com\",\"telephone\":\"+34 643496664\",\"legalName\":\"ARC TECH SOLUTIONS\",\"foundingDate\":\"2024-04-09\",\"vatID\":\"B55480172\",\"numberOfEmployees\":{\"@type\":\"QuantitativeValue\",\"minValue\":\"1\",\"maxValue\":\"10\"}}]}<\/script>\n<!-- \/ Yoast SEO Premium plugin. -->","yoast_head_json":{"title":"M\u00e1quina de fazer sorvete cremoso 12L - distribui\u00e7\u00e3o ARC","robots":{"index":"index","follow":"follow","max-snippet":"max-snippet:-1","max-image-preview":"max-image-preview:large","max-video-preview":"max-video-preview:-1"},"canonical":"https:\/\/www.distribucionarc.com\/producto\/maquina-para-hacer-helados-suaves-12l\/","og_locale":"pt_PT","og_type":"article","og_title":"Maquina para hacer helados cremosos 12L","og_description":"M\u00e1quina para hacer helados blandos y cremosos ARC \u2013 Alta capacidad y rendimiento para helader\u00edas y restaurantes La m\u00e1quina para hacer helados blandos y cremosos profesional ARC es la opci\u00f3n ideal para negocios que necesitan producir helados suaves de manera r\u00e1pida y eficiente. Su capacidad de 20 a 28 litros por hora garantiza un flujo constante de helado de alta calidad, perfecto para satisfacer a los clientes en helader\u00edas, restaurantes y franquicias.  El sistema de refrigeraci\u00f3n utiliza R410a, un refrigerante de alta eficiencia, lo que asegura que el helado mantenga su cremosidad y suavidad ideal. Adem\u00e1s, el panel LCD t\u00e1ctil inteligente te permite ajustar de manera f\u00e1cil la temperatura y la consistencia del helado, lo que hace que la operaci\u00f3n sea sencilla y precisa. Productos que se pueden hacer:   Helado suave y cremoso: Con una textura ideal y siempre a la temperatura perfecta.  Helados con combinaciones de sabores: Esta m\u00e1quina permite servir hasta tres sabores diferentes de helado.  Helados mixtos: Permite mezclar varios sabores en una sola porci\u00f3n, lo que es perfecto para diversificar tu oferta.  Sectores donde se puede implementar:   Helader\u00edas: Para la producci\u00f3n r\u00e1pida de helados suaves con diferentes sabores.  Restaurantes y franquicias: Ideal para ofrecer postres helados personalizados en el men\u00fa.  Cafeter\u00edas y bares: Excelente para servir helados frescos a los clientes.  Catering y eventos: Perfecta para atender grandes vol\u00famenes de personas en eventos.","og_url":"https:\/\/www.distribucionarc.com\/producto\/maquina-para-hacer-helados-suaves-12l\/","og_site_name":"distribuci\u00f3n ARC","article_modified_time":"2024-09-08T22:32:59+00:00","og_image":[{"width":1600,"height":1600,"url":"https:\/\/www.distribucionarc.com\/wp-content\/uploads\/2020\/07\/Maquina-para-hacer-helados-cremosos-12L-imagen-producto.jpg","type":"image\/jpeg"}],"twitter_card":"summary_large_image","twitter_misc":{"Tempo estimado de leitura":"2 minutos"},"schema":{"@context":"https:\/\/schema.org","@graph":[{"@type":"WebPage","@id":"https:\/\/www.distribucionarc.com\/producto\/maquina-para-hacer-helados-suaves-12l\/","url":"https:\/\/www.distribucionarc.com\/producto\/maquina-para-hacer-helados-suaves-12l\/","name":"M\u00e1quina de fazer sorvete cremoso 12L - distribui\u00e7\u00e3o ARC","isPartOf":{"@id":"https:\/\/www.distribucionarc.com\/tr\/#website"},"primaryImageOfPage":{"@id":"https:\/\/www.distribucionarc.com\/producto\/maquina-para-hacer-helados-suaves-12l\/#primaryimage"},"image":{"@id":"https:\/\/www.distribucionarc.com\/producto\/maquina-para-hacer-helados-suaves-12l\/#primaryimage"},"thumbnailUrl":"https:\/\/distribucionarc.com\/wp-content\/uploads\/2020\/07\/Maquina-para-hacer-helados-cremosos-12L-imagen-producto.jpg","datePublished":"2020-07-20T13:17:24+00:00","dateModified":"2024-09-08T22:32:59+00:00","breadcrumb":{"@id":"https:\/\/www.distribucionarc.com\/producto\/maquina-para-hacer-helados-suaves-12l\/#breadcrumb"},"inLanguage":"pt-PT","potentialAction":[{"@type":"ReadAction","target":["https:\/\/www.distribucionarc.com\/producto\/maquina-para-hacer-helados-suaves-12l\/"]}]},{"@type":"ImageObject","inLanguage":"pt-PT","@id":"https:\/\/www.distribucionarc.com\/producto\/maquina-para-hacer-helados-suaves-12l\/#primaryimage","url":"https:\/\/distribucionarc.com\/wp-content\/uploads\/2020\/07\/Maquina-para-hacer-helados-cremosos-12L-imagen-producto.jpg","contentUrl":"https:\/\/distribucionarc.com\/wp-content\/uploads\/2020\/07\/Maquina-para-hacer-helados-cremosos-12L-imagen-producto.jpg","width":1600,"height":1600},{"@type":"BreadcrumbList","@id":"https:\/\/www.distribucionarc.com\/producto\/maquina-para-hacer-helados-suaves-12l\/#breadcrumb","itemListElement":[{"@type":"ListItem","position":1,"name":"Portada","item":"https:\/\/www.distribucionarc.com\/tr\/"},{"@type":"ListItem","position":2,"name":"Produktai","item":"https:\/\/distribucionarc.com\/lt\/parduotuve\/"},{"@type":"ListItem","position":3,"name":"Maquina para hacer helados cremosos 12L"}]},{"@type":"WebSite","@id":"https:\/\/www.distribucionarc.com\/tr\/#website","url":"https:\/\/www.distribucionarc.com\/tr\/","name":"Distribui\u00e7\u00e3o ARC","description":"Empresa especializada no fabrico e distribui\u00e7\u00e3o de m\u00e1quinas industriais, m\u00e1quinas de selar latas, m\u00e1quinas de fazer comprimidos, m\u00e1quinas de cortar carne...","publisher":{"@id":"https:\/\/www.distribucionarc.com\/tr\/#organization"},"potentialAction":[{"@type":"SearchAction","target":{"@type":"EntryPoint","urlTemplate":"https:\/\/www.distribucionarc.com\/tr\/?s={search_term_string}"},"query-input":{"@type":"PropertyValueSpecification","valueRequired":true,"valueName":"search_term_string"}}],"inLanguage":"pt-PT"},{"@type":"Organization","@id":"https:\/\/www.distribucionarc.com\/tr\/#organization","name":"Distribui\u00e7\u00e3o ARC","url":"https:\/\/www.distribucionarc.com\/tr\/","logo":{"@type":"ImageObject","inLanguage":"pt-PT","@id":"https:\/\/www.distribucionarc.com\/tr\/#\/schema\/logo\/image\/","url":"https:\/\/distribucionarc.com\/wp-content\/uploads\/2024\/10\/distribucion-ARC-COLOR-SIN-FONDO-e1732295305345.png","contentUrl":"https:\/\/distribucionarc.com\/wp-content\/uploads\/2024\/10\/distribucion-ARC-COLOR-SIN-FONDO-e1732295305345.png","width":1164,"height":558,"caption":"Distribuci\u00f3n ARC"},"image":{"@id":"https:\/\/www.distribucionarc.com\/tr\/#\/schema\/logo\/image\/"},"description":"Empresa especializada no fabrico e distribui\u00e7\u00e3o de m\u00e1quinas industriais para os sectores alimentar e farmac\u00eautico. Somos especializados em: M\u00e1quinas de cortar carne Fabrico de comprimidos Sistemas de transporte industrial Linhas de engarrafamento Dispensadores E muito mais... Oferecemos solu\u00e7\u00f5es inovadoras e personalizadas para otimizar os processos de produ\u00e7\u00e3o da sua empresa.","email":"Admistracion@distribucionarc.com","telephone":"+34 643496664","legalName":"ARC TECH SOLUTIONS","foundingDate":"2024-04-09","vatID":"B55480172","numberOfEmployees":{"@type":"QuantitativeValue","minValue":"1","maxValue":"10"}}]}},"_links":{"self":[{"href":"https:\/\/distribucionarc.com\/pt\/wp-json\/wp\/v2\/product\/1263","targetHints":{"allow":["GET"]}}],"collection":[{"href":"https:\/\/distribucionarc.com\/pt\/wp-json\/wp\/v2\/product"}],"about":[{"href":"https:\/\/distribucionarc.com\/pt\/wp-json\/wp\/v2\/types\/product"}],"replies":[{"embeddable":true,"href":"https:\/\/distribucionarc.com\/pt\/wp-json\/wp\/v2\/comments?post=1263"}],"version-history":[{"count":0,"href":"https:\/\/distribucionarc.com\/pt\/wp-json\/wp\/v2\/product\/1263\/revisions"}],"wp:featuredmedia":[{"embeddable":true,"href":"https:\/\/distribucionarc.com\/pt\/wp-json\/wp\/v2\/media\/6051"}],"wp:attachment":[{"href":"https:\/\/distribucionarc.com\/pt\/wp-json\/wp\/v2\/media?parent=1263"}],"wp:term":[{"taxonomy":"product_brand","embeddable":true,"href":"https:\/\/distribucionarc.com\/pt\/wp-json\/wp\/v2\/product_brand?post=1263"},{"taxonomy":"product_cat","embeddable":true,"href":"https:\/\/distribucionarc.com\/pt\/wp-json\/wp\/v2\/product_cat?post=1263"},{"taxonomy":"product_tag","embeddable":true,"href":"https:\/\/distribucionarc.com\/pt\/wp-json\/wp\/v2\/product_tag?post=1263"}],"curies":[{"name":"wp","href":"https:\/\/api.w.org\/{rel}","templated":true}]}}