{"id":1292,"date":"2020-07-20T15:50:14","date_gmt":"2020-07-20T15:50:14","guid":{"rendered":"https:\/\/distribucionarc.com\/?post_type=product&#038;p=1292"},"modified":"2020-09-27T09:32:40","modified_gmt":"2020-09-27T09:32:40","slug":"profissional-triturador-misturador-de-gelo","status":"publish","type":"product","link":"https:\/\/distribucionarc.com\/pt\/producto\/trituradora-de-hielo-batidora-profesional\/","title":{"rendered":"Triturador de gelo Liquidificador profissional"},"content":{"rendered":"<h3>Triturador de gelo Liquidificador profissional<\/h3>\n<p>O <strong>triturador de gelo<\/strong> de <strong><span style=\"color: #ff0000;\">PARA<\/span><span style=\"color: #0000ff;\">R<\/span>c<\/strong> \u00c9 multifuncional, \u00e9 adequado para fazer raspadinhas de v\u00e1rios sabores, gelo no tamanho perfeito para um mojito ou at\u00e9 smoothies multifrutas.<\/p>\n<p>O <strong>triturador de gelo <span style=\"color: #ff0000;\">PARA<\/span><span style=\"color: #0000ff;\">R<\/span>CMHG01<\/strong> Incorpora um barril de a\u00e7o inoxid\u00e1vel 304 de qualidade alimentar. A tampa de vidro temperado permite uma observa\u00e7\u00e3o clara do processo. Possui um copo para adicionar \u00e1gua ou \u00f3leo a qualquer momento.<\/p>\n<p>As l\u00e2minas de a\u00e7o inoxid\u00e1vel 420 espessadas com alta dureza. Eles permitem o <strong>triturador de gelo<\/strong> de <strong><span style=\"color: #ff0000;\">PARA<\/span><span style=\"color: #0000ff;\">R<\/span>c<\/strong> Corte gelo e alimentos com facilidade e produza resultados finos e suaves.<\/p>\n<p>A opera\u00e7\u00e3o do<strong> triturador profissional <span style=\"color: #ff0000;\">PARA<\/span><span style=\"color: #0000ff;\">R<\/span>c<\/strong> \u00c9 simples, com bot\u00f5es bem especificados. Possui fun\u00e7\u00e3o de parada de emerg\u00eancia e dispositivo de seguran\u00e7a inclu\u00eddo, a fun\u00e7\u00e3o de temporiza\u00e7\u00e3o \u00e9 de 0-60 min.<\/p>\n<p>O cano pode ser inclinado para facilitar a produ\u00e7\u00e3o do produto acabado. As rodas permitem um movimento mais confort\u00e1vel. Os p\u00e9s de borracha mant\u00eam a m\u00e1quina est\u00e1vel durante o uso. Fivelas r\u00e1pidas para garantir a veda\u00e7\u00e3o do produto e a seguran\u00e7a do usu\u00e1rio. O gancho preso ao cano confere \u00e0 m\u00e1quina mais estabilidade para processar todos os tipos de alimentos.<\/p>\n<h6><strong>Garantia\u00a0<span style=\"color: #ff0000;\">PARA<\/span><span style=\"color: #0000ff;\">R<\/span>C 2 ANOS<\/strong><\/h6>\n<h6><span style=\"color: #008000;\">M\u00e1quina de fazer sorvete eficiente, baixo consumo 2.000w<\/span><\/h6>\n<p><strong>suporte t\u00e9cnico inclu\u00eddo<\/strong><\/p>\n<p>&nbsp;<\/p>\n<table role=\"presentation\" width=\"100%\" cellspacing=\"0\" cellpadding=\"0\">\n<tbody>\n<tr>\n<td class=\"attrLabels\">Refrigerante:<\/td>\n<td width=\"50.0%\">R410a<\/td>\n<\/tr>\n<tr>\n<td class=\"attrLabels\">Pa\u00eds de distribui\u00e7\u00e3o:<\/td>\n<td width=\"50.0%\">Espanha, Alemanha, EUA<\/td>\n<td class=\"attrLabels\">Peso:<\/td>\n<td width=\"50.0%\">30kg<\/td>\n<\/tr>\n<tr>\n<td class=\"attrLabels\">Marca:<\/td>\n<td width=\"50.0%\">ARCO<\/td>\n<td class=\"attrLabels\">Altura:<\/td>\n<td width=\"50.0%\">105cm<\/td>\n<\/tr>\n<tr>\n<td class=\"attrLabels\">Cor:<\/td>\n<td width=\"50.0%\">Prata<\/td>\n<td class=\"attrLabels\">Longo:<\/td>\n<td width=\"50.0%\">67cm<\/td>\n<\/tr>\n<tr>\n<td class=\"attrLabels\">Tipo de produto:<\/td>\n<td width=\"50.0%\">Triturador de liquidificador profissional<\/td>\n<td class=\"attrLabels\">Largo:<\/td>\n<td width=\"50.0%\">\u00a062cm<\/td>\n<\/tr>\n<tr>\n<td class=\"attrLabels\">N\u00famero do fabricante:<\/td>\n<td width=\"50.0%\">ARCMHG01<\/td>\n<td class=\"attrLabels\">Poder:<\/td>\n<td width=\"50.0%\">2.000 W<\/td>\n<\/tr>\n<tr>\n<td class=\"attrLabels\">Material:<\/td>\n<td width=\"50.0%\">em a\u00e7o inoxid\u00e1vel, controle inteligente, sistema de seguran\u00e7a, vidro temperado<\/td>\n<td class=\"attrLabels\">tens\u00e3o de entrada<\/td>\n<td width=\"50.0%\">220 V \u2013 60 Hz<\/td>\n<\/tr>\n<tr>\n<td class=\"attrLabels\">Velocidade:<\/td>\n<td width=\"50.0%\">\u00a02.800 rpm<\/td>\n<td class=\"attrLabels\">Tamanho :<\/td>\n<td width=\"50.0%\">30L<\/td>\n<\/tr>\n<tr>\n<td class=\"attrLabels\">Ferramentas de instala\u00e7\u00e3o:<\/td>\n<td width=\"50.0%\">Sim<\/td>\n<td class=\"attrLabels\">Garantia:<\/td>\n<td width=\"50.0%\">2 ANOS<\/td>\n<\/tr>\n<\/tbody>\n<\/table>\n<p>&nbsp;<\/p>","protected":false},"excerpt":{"rendered":"<h3>Triturador de gelo Liquidificador profissional<\/h3>\n<p>Em\u00a0<span style=\"color: #ff0000;\"><strong><span style=\"font-style: inherit; font-weight: inherit;\">PARA<\/span><\/strong><\/span><span style=\"color: #0000ff;\"><strong>R<\/strong><\/span><strong>c<\/strong>\u00a0voc\u00ea sempre encontrar\u00e1 o\u00a0<strong>m\u00e1quinas de sorvete<\/strong>\u00a0para uso\u00a0<strong>comercial profissional<\/strong>\u00a0mais inovador do mercado pelos detalhes elegantes, pelo cuidado em favorecer a produ\u00e7\u00e3o e por sua vez a qualidade do produto, al\u00e9m de auxiliar no consumo de energia com<strong>\u00a0<\/strong><span style=\"color: #008000;\"><strong>m\u00e1quinas de sorvete com baixo consumo de energia.<\/strong><\/span><\/p>\n<p>O t<strong>triturador de gelo<\/strong> de 30 litros <strong><span style=\"color: #ff0000;\">PARA<\/span><span style=\"color: #0000ff;\">R<\/span>c<\/strong> \u00c9 adequado para fazer smoothies de frutas em um ritmo muito r\u00e1pido, tamb\u00e9m \u00e9 muito \u00fatil para fazer seu pr\u00f3prio gelo para granizados ou coquet\u00e9is aromatizados. Ideal para restaurantes, feiras, food trucks, eventos e uso familiar. O <strong>triturador profissional <span style=\"color: #ff0000;\">PARA<\/span><span style=\"color: #0000ff;\">R<\/span>CMHG01<\/strong> \u00c9 equipado com trava de seguran\u00e7a autom\u00e1tica de dupla fun\u00e7\u00e3o, que interrompe o movimento da l\u00e2mina quando a tampa \u00e9 aberta ou quando o recipiente \u00e9 retirado. Rodas est\u00e3o inclu\u00eddas para facilitar o movimento. \u00c9 perfeito tanto para uso comercial devido ao seu incr\u00edvel poder.<\/p>\n<h6><strong>Garantia\u00a0<span style=\"color: #ff0000;\">PARA<\/span><span style=\"color: #0000ff;\">R<\/span>C 2 ANOS<\/strong><\/h6>\n<h6><span style=\"color: #008000;\">M\u00e1quina de fazer sorvete eficiente, baixo consumo 2.000w<\/span><\/h6>\n<p><strong>suporte t\u00e9cnico inclu\u00eddo<\/strong><\/p>\n<p>&nbsp;<\/p>","protected":false},"featured_media":1300,"comment_status":"open","ping_status":"closed","template":"","meta":{"wds_primary_product_brand":0,"wds_primary_product_cat":0},"product_brand":[],"product_cat":[56,58],"product_tag":[],"class_list":{"0":"post-1292","1":"product","2":"type-product","3":"status-publish","4":"has-post-thumbnail","6":"product_cat-maquinaria-para-ferias","7":"product_cat-maquinaria-para-heladerias-profesionales","8":"product_shipping_class-hosteleria","10":"first","11":"instock","12":"sale","13":"taxable","14":"shipping-taxable","15":"purchasable","16":"product-type-simple"},"yoast_head":"<!-- This site is optimized with the Yoast SEO Premium plugin v24.9 (Yoast SEO v26.1) - https:\/\/yoast.com\/wordpress\/plugins\/seo\/ -->\n<title>Trituradora de hielo Batidora profesional - distribuci\u00f3n ARC<\/title>\n<meta name=\"robots\" content=\"index, follow, max-snippet:-1, max-image-preview:large, max-video-preview:-1\" \/>\n<link rel=\"canonical\" href=\"https:\/\/distribucionarc.com\/pt\/produto\/profissional-triturador-misturador-de-gelo\/\" \/>\n<meta property=\"og:locale\" content=\"pt_PT\" \/>\n<meta property=\"og:type\" content=\"article\" \/>\n<meta property=\"og:title\" content=\"Trituradora de hielo Batidora profesional\" \/>\n<meta property=\"og:description\" content=\"Trituradora de hielo Batidora profesional En\u00a0ARC\u00a0siempre encontrar\u00e1s la\u00a0maquinaria para helados\u00a0para uso\u00a0comercial profesional\u00a0m\u00e1s innovadora del mercado por sus detalles elegantes, su cuidado en favorecer la producci\u00f3n y a su vez la calidad del producto, adem\u00e1s de ayudar en el consumo energ\u00e9tico con\u00a0m\u00e1quinas de helado de bajo consumo energ\u00e9tico.  La trituradora de hielo de 30 L de ARC es apta para hacer batidos de frutas a un ritmo muy r\u00e1pido, tambi\u00e9n resulta muy \u00fatil para fabricar tu propio hielo para granizados de sabores o cocktails. Ideal para restaurantes, ferias, camiones de alimentos, eventos y uso familiar. La trituradora profesional ARCMHG01 est\u00e1 equipado con un doble cierre de seguridad autom\u00e1tico funcional, que detiene el movimiento de la cuchilla cuando la tapa est\u00e1 abierta o cuando se retira el contenedor. Se incluyen ruedas para facilitar el movimiento. Es perfecto tanto para uso comercial por su incre\u00edble potencia. Garant\u00eda\u00a0ARC 2 A\u00d1OS Maquina para hacer helados eficiente, bajo consumo 2000w soporte t\u00e9cnico incluido  &nbsp;\" \/>\n<meta property=\"og:url\" content=\"https:\/\/distribucionarc.com\/pt\/produto\/profissional-triturador-misturador-de-gelo\/\" \/>\n<meta property=\"og:site_name\" content=\"distribuci\u00f3n ARC\" \/>\n<meta property=\"article:modified_time\" content=\"2020-09-27T09:32:40+00:00\" \/>\n<meta property=\"og:image\" content=\"https:\/\/distribucionarc.com\/wp-content\/uploads\/2020\/07\/Trituradora-hielo-Batidora-profesional-0.jpg\" \/>\n\t<meta property=\"og:image:width\" content=\"1600\" \/>\n\t<meta property=\"og:image:height\" content=\"1600\" \/>\n\t<meta property=\"og:image:type\" content=\"image\/jpeg\" \/>\n<meta name=\"twitter:card\" content=\"summary_large_image\" \/>\n<meta name=\"twitter:label1\" content=\"Tempo estimado de leitura\" \/>\n\t<meta name=\"twitter:data1\" content=\"1 minuto\" \/>\n<script type=\"application\/ld+json\" class=\"yoast-schema-graph\">{\"@context\":\"https:\/\/schema.org\",\"@graph\":[{\"@type\":\"WebPage\",\"@id\":\"https:\/\/distribucionarc.com\/pt\/producto\/trituradora-de-hielo-batidora-profesional\/\",\"url\":\"https:\/\/distribucionarc.com\/pt\/producto\/trituradora-de-hielo-batidora-profesional\/\",\"name\":\"Trituradora de hielo Batidora profesional - distribuci\u00f3n ARC\",\"isPartOf\":{\"@id\":\"https:\/\/www.distribucionarc.com\/tr\/#website\"},\"primaryImageOfPage\":{\"@id\":\"https:\/\/distribucionarc.com\/pt\/producto\/trituradora-de-hielo-batidora-profesional\/#primaryimage\"},\"image\":{\"@id\":\"https:\/\/distribucionarc.com\/pt\/producto\/trituradora-de-hielo-batidora-profesional\/#primaryimage\"},\"thumbnailUrl\":\"https:\/\/distribucionarc.com\/wp-content\/uploads\/2020\/07\/Trituradora-hielo-Batidora-profesional-0.jpg\",\"datePublished\":\"2020-07-20T15:50:14+00:00\",\"dateModified\":\"2020-09-27T09:32:40+00:00\",\"breadcrumb\":{\"@id\":\"https:\/\/distribucionarc.com\/pt\/producto\/trituradora-de-hielo-batidora-profesional\/#breadcrumb\"},\"inLanguage\":\"pt-PT\",\"potentialAction\":[{\"@type\":\"ReadAction\",\"target\":[\"https:\/\/distribucionarc.com\/pt\/producto\/trituradora-de-hielo-batidora-profesional\/\"]}]},{\"@type\":\"ImageObject\",\"inLanguage\":\"pt-PT\",\"@id\":\"https:\/\/distribucionarc.com\/pt\/producto\/trituradora-de-hielo-batidora-profesional\/#primaryimage\",\"url\":\"https:\/\/distribucionarc.com\/wp-content\/uploads\/2020\/07\/Trituradora-hielo-Batidora-profesional-0.jpg\",\"contentUrl\":\"https:\/\/distribucionarc.com\/wp-content\/uploads\/2020\/07\/Trituradora-hielo-Batidora-profesional-0.jpg\",\"width\":1600,\"height\":1600,\"caption\":\"Trituradora hielo batidora profesional\"},{\"@type\":\"BreadcrumbList\",\"@id\":\"https:\/\/distribucionarc.com\/pt\/producto\/trituradora-de-hielo-batidora-profesional\/#breadcrumb\",\"itemListElement\":[{\"@type\":\"ListItem\",\"position\":1,\"name\":\"Portada\",\"item\":\"https:\/\/www.distribucionarc.com\/tr\/\"},{\"@type\":\"ListItem\",\"position\":2,\"name\":\"Produktai\",\"item\":\"https:\/\/distribucionarc.com\/lt\/parduotuve\/\"},{\"@type\":\"ListItem\",\"position\":3,\"name\":\"Trituradora de hielo Batidora profesional\"}]},{\"@type\":\"WebSite\",\"@id\":\"https:\/\/www.distribucionarc.com\/tr\/#website\",\"url\":\"https:\/\/www.distribucionarc.com\/tr\/\",\"name\":\"distribuci\u00f3n ARC\",\"description\":\"Empresa especializada en la fabricaci\u00f3n y distribuci\u00f3n de maquinaria industrial, selladoras de latas, Maquinas de hacer pastillas, Maquinas de cortar carne...\",\"publisher\":{\"@id\":\"https:\/\/www.distribucionarc.com\/tr\/#organization\"},\"potentialAction\":[{\"@type\":\"SearchAction\",\"target\":{\"@type\":\"EntryPoint\",\"urlTemplate\":\"https:\/\/www.distribucionarc.com\/tr\/?s={search_term_string}\"},\"query-input\":{\"@type\":\"PropertyValueSpecification\",\"valueRequired\":true,\"valueName\":\"search_term_string\"}}],\"inLanguage\":\"pt-PT\"},{\"@type\":\"Organization\",\"@id\":\"https:\/\/www.distribucionarc.com\/tr\/#organization\",\"name\":\"Distribuci\u00f3n ARC\",\"url\":\"https:\/\/www.distribucionarc.com\/tr\/\",\"logo\":{\"@type\":\"ImageObject\",\"inLanguage\":\"pt-PT\",\"@id\":\"https:\/\/www.distribucionarc.com\/tr\/#\/schema\/logo\/image\/\",\"url\":\"https:\/\/distribucionarc.com\/wp-content\/uploads\/2024\/10\/distribucion-ARC-COLOR-SIN-FONDO-e1732295305345.png\",\"contentUrl\":\"https:\/\/distribucionarc.com\/wp-content\/uploads\/2024\/10\/distribucion-ARC-COLOR-SIN-FONDO-e1732295305345.png\",\"width\":1164,\"height\":558,\"caption\":\"Distribuci\u00f3n ARC\"},\"image\":{\"@id\":\"https:\/\/www.distribucionarc.com\/tr\/#\/schema\/logo\/image\/\"},\"description\":\"Empresa especializada en la fabricaci\u00f3n y distribuci\u00f3n de maquinaria industrial para los sectores alimentario y farmac\u00e9utico. Nos especializamos en: M\u00e1quinas de cortar carne Fabricaci\u00f3n de comprimidos Sistemas de transporte industrial L\u00edneas de embotellado Dosificadores Y mucho m\u00e1s... Ofrecemos soluciones innovadoras y personalizadas para optimizar los procesos productivos de tu empresa.\",\"email\":\"Admistracion@distribucionarc.com\",\"telephone\":\"+34 643496664\",\"legalName\":\"ARC TECH SOLUTIONS\",\"foundingDate\":\"2024-04-09\",\"vatID\":\"B55480172\",\"numberOfEmployees\":{\"@type\":\"QuantitativeValue\",\"minValue\":\"1\",\"maxValue\":\"10\"}}]}<\/script>\n<!-- \/ Yoast SEO Premium plugin. -->","yoast_head_json":{"title":"Triturador de gelo Liquidificador profissional - distribui\u00e7\u00e3o ARC","robots":{"index":"index","follow":"follow","max-snippet":"max-snippet:-1","max-image-preview":"max-image-preview:large","max-video-preview":"max-video-preview:-1"},"canonical":"https:\/\/distribucionarc.com\/pt\/produto\/profissional-triturador-misturador-de-gelo\/","og_locale":"pt_PT","og_type":"article","og_title":"Trituradora de hielo Batidora profesional","og_description":"Trituradora de hielo Batidora profesional En\u00a0ARC\u00a0siempre encontrar\u00e1s la\u00a0maquinaria para helados\u00a0para uso\u00a0comercial profesional\u00a0m\u00e1s innovadora del mercado por sus detalles elegantes, su cuidado en favorecer la producci\u00f3n y a su vez la calidad del producto, adem\u00e1s de ayudar en el consumo energ\u00e9tico con\u00a0m\u00e1quinas de helado de bajo consumo energ\u00e9tico.  La trituradora de hielo de 30 L de ARC es apta para hacer batidos de frutas a un ritmo muy r\u00e1pido, tambi\u00e9n resulta muy \u00fatil para fabricar tu propio hielo para granizados de sabores o cocktails. Ideal para restaurantes, ferias, camiones de alimentos, eventos y uso familiar. La trituradora profesional ARCMHG01 est\u00e1 equipado con un doble cierre de seguridad autom\u00e1tico funcional, que detiene el movimiento de la cuchilla cuando la tapa est\u00e1 abierta o cuando se retira el contenedor. Se incluyen ruedas para facilitar el movimiento. Es perfecto tanto para uso comercial por su incre\u00edble potencia. Garant\u00eda\u00a0ARC 2 A\u00d1OS Maquina para hacer helados eficiente, bajo consumo 2000w soporte t\u00e9cnico incluido  &nbsp;","og_url":"https:\/\/distribucionarc.com\/pt\/produto\/profissional-triturador-misturador-de-gelo\/","og_site_name":"distribuci\u00f3n ARC","article_modified_time":"2020-09-27T09:32:40+00:00","og_image":[{"width":1600,"height":1600,"url":"https:\/\/distribucionarc.com\/wp-content\/uploads\/2020\/07\/Trituradora-hielo-Batidora-profesional-0.jpg","type":"image\/jpeg"}],"twitter_card":"summary_large_image","twitter_misc":{"Tempo estimado de leitura":"1 minuto"},"schema":{"@context":"https:\/\/schema.org","@graph":[{"@type":"WebPage","@id":"https:\/\/distribucionarc.com\/pt\/producto\/trituradora-de-hielo-batidora-profesional\/","url":"https:\/\/distribucionarc.com\/pt\/producto\/trituradora-de-hielo-batidora-profesional\/","name":"Triturador de gelo Liquidificador profissional - distribui\u00e7\u00e3o ARC","isPartOf":{"@id":"https:\/\/www.distribucionarc.com\/tr\/#website"},"primaryImageOfPage":{"@id":"https:\/\/distribucionarc.com\/pt\/producto\/trituradora-de-hielo-batidora-profesional\/#primaryimage"},"image":{"@id":"https:\/\/distribucionarc.com\/pt\/producto\/trituradora-de-hielo-batidora-profesional\/#primaryimage"},"thumbnailUrl":"https:\/\/distribucionarc.com\/wp-content\/uploads\/2020\/07\/Trituradora-hielo-Batidora-profesional-0.jpg","datePublished":"2020-07-20T15:50:14+00:00","dateModified":"2020-09-27T09:32:40+00:00","breadcrumb":{"@id":"https:\/\/distribucionarc.com\/pt\/producto\/trituradora-de-hielo-batidora-profesional\/#breadcrumb"},"inLanguage":"pt-PT","potentialAction":[{"@type":"ReadAction","target":["https:\/\/distribucionarc.com\/pt\/producto\/trituradora-de-hielo-batidora-profesional\/"]}]},{"@type":"ImageObject","inLanguage":"pt-PT","@id":"https:\/\/distribucionarc.com\/pt\/producto\/trituradora-de-hielo-batidora-profesional\/#primaryimage","url":"https:\/\/distribucionarc.com\/wp-content\/uploads\/2020\/07\/Trituradora-hielo-Batidora-profesional-0.jpg","contentUrl":"https:\/\/distribucionarc.com\/wp-content\/uploads\/2020\/07\/Trituradora-hielo-Batidora-profesional-0.jpg","width":1600,"height":1600,"caption":"Trituradora hielo batidora profesional"},{"@type":"BreadcrumbList","@id":"https:\/\/distribucionarc.com\/pt\/producto\/trituradora-de-hielo-batidora-profesional\/#breadcrumb","itemListElement":[{"@type":"ListItem","position":1,"name":"Portada","item":"https:\/\/www.distribucionarc.com\/tr\/"},{"@type":"ListItem","position":2,"name":"Produktai","item":"https:\/\/distribucionarc.com\/lt\/parduotuve\/"},{"@type":"ListItem","position":3,"name":"Trituradora de hielo Batidora profesional"}]},{"@type":"WebSite","@id":"https:\/\/www.distribucionarc.com\/tr\/#website","url":"https:\/\/www.distribucionarc.com\/tr\/","name":"Distribui\u00e7\u00e3o ARC","description":"Empresa especializada no fabrico e distribui\u00e7\u00e3o de m\u00e1quinas industriais, m\u00e1quinas de selar latas, m\u00e1quinas de fazer comprimidos, m\u00e1quinas de cortar carne...","publisher":{"@id":"https:\/\/www.distribucionarc.com\/tr\/#organization"},"potentialAction":[{"@type":"SearchAction","target":{"@type":"EntryPoint","urlTemplate":"https:\/\/www.distribucionarc.com\/tr\/?s={search_term_string}"},"query-input":{"@type":"PropertyValueSpecification","valueRequired":true,"valueName":"search_term_string"}}],"inLanguage":"pt-PT"},{"@type":"Organization","@id":"https:\/\/www.distribucionarc.com\/tr\/#organization","name":"Distribui\u00e7\u00e3o ARC","url":"https:\/\/www.distribucionarc.com\/tr\/","logo":{"@type":"ImageObject","inLanguage":"pt-PT","@id":"https:\/\/www.distribucionarc.com\/tr\/#\/schema\/logo\/image\/","url":"https:\/\/distribucionarc.com\/wp-content\/uploads\/2024\/10\/distribucion-ARC-COLOR-SIN-FONDO-e1732295305345.png","contentUrl":"https:\/\/distribucionarc.com\/wp-content\/uploads\/2024\/10\/distribucion-ARC-COLOR-SIN-FONDO-e1732295305345.png","width":1164,"height":558,"caption":"Distribuci\u00f3n ARC"},"image":{"@id":"https:\/\/www.distribucionarc.com\/tr\/#\/schema\/logo\/image\/"},"description":"Empresa especializada no fabrico e distribui\u00e7\u00e3o de m\u00e1quinas industriais para os sectores alimentar e farmac\u00eautico. Somos especializados em: M\u00e1quinas de cortar carne Fabrico de comprimidos Sistemas de transporte industrial Linhas de engarrafamento Dispensadores E muito mais... Oferecemos solu\u00e7\u00f5es inovadoras e personalizadas para otimizar os processos de produ\u00e7\u00e3o da sua empresa.","email":"Admistracion@distribucionarc.com","telephone":"+34 643496664","legalName":"ARC TECH SOLUTIONS","foundingDate":"2024-04-09","vatID":"B55480172","numberOfEmployees":{"@type":"QuantitativeValue","minValue":"1","maxValue":"10"}}]}},"_links":{"self":[{"href":"https:\/\/distribucionarc.com\/pt\/wp-json\/wp\/v2\/product\/1292","targetHints":{"allow":["GET"]}}],"collection":[{"href":"https:\/\/distribucionarc.com\/pt\/wp-json\/wp\/v2\/product"}],"about":[{"href":"https:\/\/distribucionarc.com\/pt\/wp-json\/wp\/v2\/types\/product"}],"replies":[{"embeddable":true,"href":"https:\/\/distribucionarc.com\/pt\/wp-json\/wp\/v2\/comments?post=1292"}],"version-history":[{"count":0,"href":"https:\/\/distribucionarc.com\/pt\/wp-json\/wp\/v2\/product\/1292\/revisions"}],"wp:featuredmedia":[{"embeddable":true,"href":"https:\/\/distribucionarc.com\/pt\/wp-json\/wp\/v2\/media\/1300"}],"wp:attachment":[{"href":"https:\/\/distribucionarc.com\/pt\/wp-json\/wp\/v2\/media?parent=1292"}],"wp:term":[{"taxonomy":"product_brand","embeddable":true,"href":"https:\/\/distribucionarc.com\/pt\/wp-json\/wp\/v2\/product_brand?post=1292"},{"taxonomy":"product_cat","embeddable":true,"href":"https:\/\/distribucionarc.com\/pt\/wp-json\/wp\/v2\/product_cat?post=1292"},{"taxonomy":"product_tag","embeddable":true,"href":"https:\/\/distribucionarc.com\/pt\/wp-json\/wp\/v2\/product_tag?post=1292"}],"curies":[{"name":"wp","href":"https:\/\/api.w.org\/{rel}","templated":true}]}}