{"id":1393,"date":"2020-07-24T09:33:51","date_gmt":"2020-07-24T09:33:51","guid":{"rendered":"https:\/\/distribucionarc.com\/?post_type=product&#038;p=1393"},"modified":"2020-09-27T09:45:54","modified_gmt":"2020-09-27T09:45:54","slug":"maquina-de-gelo-para-cubos-de-gelo-50-kg","status":"publish","type":"product","link":"https:\/\/distribucionarc.com\/pt\/producto\/maquina-de-hielo-para-cubitos-de-hielo-50-kg\/","title":{"rendered":"M\u00e1quina de cubos de gelo 50 Kg"},"content":{"rendered":"<h3>M\u00e1quina de gelo para cubos de gelo 50 Kg<\/h3>\n<p>O <strong>m\u00e1quina de gelo<\/strong> est\u00e1 equipado com um<strong> sistema de prote\u00e7\u00e3o autom\u00e1tico<\/strong> que pode parar automaticamente quando o gelo est\u00e1 cheio ou com falta de \u00e1gua, evitando efetivamente acidentes.<\/p>\n<p>Adota compressor SECOP importado que possui n\u00facleo poderoso e pode ser operado silenciosamente. <span style=\"color: #008000;\"><strong>Proporcionar\u00e1 economia de energia e contribuir\u00e1 para ser ecologicamente correto.<\/strong><\/span>, pode maximizar a efici\u00eancia da produ\u00e7\u00e3o de gelo.<\/p>\n<p>O<strong> m\u00e1quina de gelo<\/strong> de <strong><span style=\"color: #ff0000;\">PARA<\/span><span style=\"color: #0000ff;\">R<\/span>c<\/strong> \u00c9 cercado por isolamento de espuma de camada dupla, que pode prevenir eficazmente o derretimento dos cubos de gelo por 3-5 horas ap\u00f3s uma queda de energia. O design visualizado permite uma vis\u00e3o direta do interior sem a necessidade de retirar a tampa. Apresenta uma tigela de gelo multi-raster de 32 unidades (4 x 8), esta<strong> m\u00e1quina de cubo <span style=\"color: #ff0000;\">PARA<\/span><span style=\"color: #0000ff;\">R<\/span>CMCH50<\/strong> \u00e9 capaz de produzir cerca de (40-50 kg) requintados <strong>cubos de gelo cristalinos<\/strong> a cada 24 horas. A espessura dos cubos de gelo pode ser ajustada livremente de acordo com a necessidade.<\/p>\n<p>Esse <strong>m\u00e1quina de gelo <span style=\"color: #ff0000;\">PARA<\/span><span style=\"color: #0000ff;\">R<\/span>c<\/strong>\u00a0 \u00c9 equipado com painel LCD capaz de controlar com precis\u00e3o a temperatura e ajustar o tempo. Devido \u00e0 fun\u00e7\u00e3o de backup, a m\u00e1quina de fazer gelo pode ser desligada \u00e0 noite e reiniciada pela manh\u00e3<\/p>\n<p>O <strong>m\u00e1quina de cubos de gelo<\/strong> pode <span style=\"color: #00ccff;\"><strong>limpar automaticamente<\/strong><\/span> em cerca de 30 minutos com apenas um bot\u00e3o, economizando tempo e esfor\u00e7o. Use o <strong><span style=\"color: #800080;\">Luz azul NANO-UV<\/span><\/strong>, que <span style=\"color: #00ccff;\"><strong><span style=\"color: #000000;\">contribui para a ilumina\u00e7\u00e3o interior<\/span> <span style=\"color: #000000;\">e<\/span> \u00c9 eficaz para esteriliza\u00e7\u00e3o<\/strong><\/span>.<\/p>\n<h6><strong>Garantia\u00a0<span style=\"color: #ff0000;\">PARA<\/span><span style=\"color: #0000ff;\">R<\/span>C 2 ANOS<\/strong><\/h6>\n<h6><span style=\"color: #008000;\"><strong>M\u00e1quina de cubos de gelo eficiente, baixo consumo 200w<\/strong><\/span><\/h6>\n<h6><strong>suporte t\u00e9cnico inclu\u00eddo.<\/strong><\/h6>\n<p>&nbsp;<\/p>\n<p>&nbsp;<\/p>\n<table role=\"presentation\" width=\"100%\" cellspacing=\"0\" cellpadding=\"0\">\n<tbody>\n<tr>\n<td class=\"attrLabels\">Poder:<\/td>\n<td width=\"50.0%\">200 W<\/td>\n<\/tr>\n<tr>\n<td class=\"attrLabels\">Tens\u00e3o:<\/td>\n<td width=\"50.0%\">220 V \u2013 240 V, 50 Hz<\/td>\n<td class=\"attrLabels\">Peso:<\/td>\n<td width=\"50.0%\">25,4kg<\/td>\n<\/tr>\n<tr>\n<td class=\"attrLabels\">Pa\u00eds de distribui\u00e7\u00e3o:<\/td>\n<td width=\"50.0%\">Espanha, Alemanha, EUA<\/td>\n<td class=\"attrLabels\">Altura:<\/td>\n<td width=\"50.0%\">75cm<\/td>\n<\/tr>\n<tr>\n<td class=\"attrLabels\">Marca:<\/td>\n<td width=\"50.0%\">ARCO<\/td>\n<td class=\"attrLabels\">Longo:<\/td>\n<td width=\"50.0%\">36cm<\/td>\n<\/tr>\n<tr>\n<td class=\"attrLabels\">Tipo de produto:<\/td>\n<td width=\"50.0%\">M\u00e1quina de cubos de gelo<\/td>\n<td class=\"attrLabels\">Largo:<\/td>\n<td width=\"50.0%\">\u00a043cm<\/td>\n<\/tr>\n<tr>\n<td class=\"attrLabels\">N\u00famero do fabricante:<\/td>\n<td width=\"50.0%\">ARCMCH50<\/td>\n<td class=\"attrLabels\">Velocidade de trabalho:<\/td>\n<td width=\"50.0%\">\u00a050 Kg por hora<\/td>\n<\/tr>\n<tr>\n<td class=\"attrLabels\">Material:<\/td>\n<td width=\"50.0%\">a\u00e7o inoxid\u00e1vel, tela LCD, luz azul, motor otimizado<\/td>\n<td class=\"attrLabels\">dimens\u00e3o do cubo de gelo:<\/td>\n<td width=\"50.0%\">22x22x22mm<\/td>\n<\/tr>\n<tr>\n<td class=\"attrLabels\">Cor:<\/td>\n<td width=\"50.0%\">Prata<\/td>\n<td class=\"attrLabels\">Armazenar:<\/td>\n<td width=\"50.0%\">10 a 12kg<\/td>\n<\/tr>\n<tr>\n<td class=\"attrLabels\">Ferramentas de instala\u00e7\u00e3o:<\/td>\n<td width=\"50.0%\">Sim<\/td>\n<td class=\"attrLabels\">Garantia:<\/td>\n<td width=\"50.0%\">2 ANOS<\/td>\n<\/tr>\n<\/tbody>\n<\/table>","protected":false},"excerpt":{"rendered":"<h2>M\u00e1quina de gelo para cubos de gelo 50 Kg<\/h2>\n<p>N\u00e3o perca mais tempo comprando sacos de gelo, com o\u00a0<strong>m\u00e1quinas de cubos de gelo<\/strong>\u00a0de<span style=\"color: #ff0000;\">\u00a0<\/span><strong><span style=\"color: #ff0000;\">PARA<\/span><span style=\"color: #0000ff;\">R<\/span>C;<\/strong> Voc\u00ea n\u00e3o precisar\u00e1 ir a lugar nenhum para ter suas reservas sempre cheias, armazenando-as enquanto mais gelo est\u00e1 sendo feito.<\/p>\n<p>Esse <strong>m\u00e1quina de gelo <span style=\"color: #ff0000;\">PARA<\/span><span style=\"color: #0000ff;\">R<\/span>c<\/strong> Alta qualidade \u00e9 feita de a\u00e7o inoxid\u00e1vel da melhor qualidade, especial para alimentos com isolamento de espuma de dupla camada.  O <strong>m\u00e1quina de cubos de gelo<\/strong> <strong><span style=\"color: #ff0000;\">PARA<\/span><span style=\"color: #0000ff;\">R<\/span>CMCH50<\/strong>\u00a0tem capacidade de <strong><span style=\"color: #0000ff;\">produ\u00e7\u00e3o de gelo de 50 kg em 24 horas<\/span><\/strong> e capacidade de armazenamento de gelo de 8 a 12 kg, com <strong>m\u00e1quina de gelo<\/strong> Voc\u00ea pode ajustar a espessura dos cubos conforme necess\u00e1rio.<\/p>\n<h6><strong>Garantia\u00a0<span style=\"color: #ff0000;\">PARA<\/span><span style=\"color: #0000ff;\">R<\/span>C 2 ANOS<\/strong><\/h6>\n<h6><span style=\"color: #008000;\"><strong>M\u00e1quina de cubos de gelo eficiente, baixo consumo 200w<\/strong><\/span><\/h6>\n<h6><strong>suporte t\u00e9cnico inclu\u00eddo.<\/strong><\/h6>\n<p>&nbsp;<\/p>","protected":false},"featured_media":1402,"comment_status":"open","ping_status":"closed","template":"","meta":{"wds_primary_product_brand":0,"wds_primary_product_cat":0},"product_brand":[],"product_cat":[59],"product_tag":[],"class_list":{"0":"post-1393","1":"product","2":"type-product","3":"status-publish","4":"has-post-thumbnail","6":"product_cat-hielo","7":"product_shipping_class-hosteleria","9":"first","10":"instock","11":"sale","12":"taxable","13":"shipping-taxable","14":"purchasable","15":"product-type-simple"},"yoast_head":"<!-- This site is optimized with the Yoast SEO Premium plugin v24.9 (Yoast SEO v26.1) - https:\/\/yoast.com\/wordpress\/plugins\/seo\/ -->\n<title>M\u00e1quina para cubitos de hielo 50 Kg - distribuci\u00f3n ARC<\/title>\n<meta name=\"robots\" content=\"index, follow, max-snippet:-1, max-image-preview:large, max-video-preview:-1\" \/>\n<link rel=\"canonical\" href=\"https:\/\/distribucionarc.com\/pt\/produto\/maquina-de-gelo-para-cubos-de-gelo-50-kg\/\" \/>\n<meta property=\"og:locale\" content=\"pt_PT\" \/>\n<meta property=\"og:type\" content=\"article\" \/>\n<meta property=\"og:title\" content=\"M\u00e1quina para cubitos de hielo 50 Kg\" \/>\n<meta property=\"og:description\" content=\"M\u00e1quina de hielo para cubitos de hielo 50 Kg No pierdas m\u00e1s el tiempo comprando sacos de hielo, con las\u00a0m\u00e1quinas para cubitos de hielo\u00a0de\u00a0ARC; no tendr\u00e1s que ir a ning\u00fan lado para tener tus reservas siempre llenas, al almacenarlo mientras se va fabricando m\u00e1s hielo.  Esta m\u00e1quina de hielo ARC de alta calidad est\u00e1 hecha de acero inoxidable de la mejor calidad, especial para alimentos con aislamiento de espuma de doble capa. \u00a0La m\u00e1quina para cubitos de hielo ARCMCH50\u00a0cuenta con una capacidad de producci\u00f3n de hielo de 50 kg en 24 horas y una capacidad de almacenamiento de hielo de 8 a 12 kg, con la maquina de hielo usted podr\u00e1 ajustar el grosor de los cubitos seg\u00fan le sea necesario. Garant\u00eda\u00a0ARC 2 A\u00d1OS Maquina para cubitos de hielo eficiente, bajo consumo 200w soporte t\u00e9cnico\u00a0incluido. &nbsp;\" \/>\n<meta property=\"og:url\" content=\"https:\/\/distribucionarc.com\/pt\/produto\/maquina-de-gelo-para-cubos-de-gelo-50-kg\/\" \/>\n<meta property=\"og:site_name\" content=\"distribuci\u00f3n ARC\" \/>\n<meta property=\"article:modified_time\" content=\"2020-09-27T09:45:54+00:00\" \/>\n<meta property=\"og:image\" content=\"https:\/\/distribucionarc.com\/wp-content\/uploads\/2020\/07\/M\u00e1quina-de-hielo-para-cubitos-de-hielo-50-Kg-0.jpg\" \/>\n\t<meta property=\"og:image:width\" content=\"1600\" \/>\n\t<meta property=\"og:image:height\" content=\"1600\" \/>\n\t<meta property=\"og:image:type\" content=\"image\/jpeg\" \/>\n<meta name=\"twitter:card\" content=\"summary_large_image\" \/>\n<meta name=\"twitter:label1\" content=\"Tempo estimado de leitura\" \/>\n\t<meta name=\"twitter:data1\" content=\"2 minutos\" \/>\n<script type=\"application\/ld+json\" class=\"yoast-schema-graph\">{\"@context\":\"https:\/\/schema.org\",\"@graph\":[{\"@type\":\"WebPage\",\"@id\":\"https:\/\/distribucionarc.com\/nl\/producto\/maquina-de-hielo-para-cubitos-de-hielo-50-kg\/\",\"url\":\"https:\/\/distribucionarc.com\/nl\/producto\/maquina-de-hielo-para-cubitos-de-hielo-50-kg\/\",\"name\":\"M\u00e1quina para cubitos de hielo 50 Kg - distribuci\u00f3n ARC\",\"isPartOf\":{\"@id\":\"https:\/\/www.distribucionarc.com\/sl\/#website\"},\"primaryImageOfPage\":{\"@id\":\"https:\/\/distribucionarc.com\/nl\/producto\/maquina-de-hielo-para-cubitos-de-hielo-50-kg\/#primaryimage\"},\"image\":{\"@id\":\"https:\/\/distribucionarc.com\/nl\/producto\/maquina-de-hielo-para-cubitos-de-hielo-50-kg\/#primaryimage\"},\"thumbnailUrl\":\"https:\/\/distribucionarc.com\/wp-content\/uploads\/2020\/07\/M\u00e1quina-de-hielo-para-cubitos-de-hielo-50-Kg-0.jpg\",\"datePublished\":\"2020-07-24T09:33:51+00:00\",\"dateModified\":\"2020-09-27T09:45:54+00:00\",\"breadcrumb\":{\"@id\":\"https:\/\/distribucionarc.com\/nl\/producto\/maquina-de-hielo-para-cubitos-de-hielo-50-kg\/#breadcrumb\"},\"inLanguage\":\"pt-PT\",\"potentialAction\":[{\"@type\":\"ReadAction\",\"target\":[\"https:\/\/distribucionarc.com\/nl\/producto\/maquina-de-hielo-para-cubitos-de-hielo-50-kg\/\"]}]},{\"@type\":\"ImageObject\",\"inLanguage\":\"pt-PT\",\"@id\":\"https:\/\/distribucionarc.com\/nl\/producto\/maquina-de-hielo-para-cubitos-de-hielo-50-kg\/#primaryimage\",\"url\":\"https:\/\/distribucionarc.com\/wp-content\/uploads\/2020\/07\/M\u00e1quina-de-hielo-para-cubitos-de-hielo-50-Kg-0.jpg\",\"contentUrl\":\"https:\/\/distribucionarc.com\/wp-content\/uploads\/2020\/07\/M\u00e1quina-de-hielo-para-cubitos-de-hielo-50-Kg-0.jpg\",\"width\":1600,\"height\":1600,\"caption\":\"M\u00e1quina de hielo para cubitos de hielo 50 Kg\"},{\"@type\":\"BreadcrumbList\",\"@id\":\"https:\/\/distribucionarc.com\/nl\/producto\/maquina-de-hielo-para-cubitos-de-hielo-50-kg\/#breadcrumb\",\"itemListElement\":[{\"@type\":\"ListItem\",\"position\":1,\"name\":\"Portada\",\"item\":\"https:\/\/www.distribucionarc.com\/\"},{\"@type\":\"ListItem\",\"position\":2,\"name\":\"\u00dcr\u00fcnler\",\"item\":\"https:\/\/www.distribucionarc.com\/tr\/magaza\/\"},{\"@type\":\"ListItem\",\"position\":3,\"name\":\"M\u00e1quina para cubitos de hielo 50 Kg\"}]},{\"@type\":\"WebSite\",\"@id\":\"https:\/\/www.distribucionarc.com\/sl\/#website\",\"url\":\"https:\/\/www.distribucionarc.com\/sl\/\",\"name\":\"distribuci\u00f3n ARC\",\"description\":\"Empresa especializada en la fabricaci\u00f3n y distribuci\u00f3n de maquinaria industrial, selladoras de latas, Maquinas de hacer pastillas, Maquinas de cortar carne...\",\"publisher\":{\"@id\":\"https:\/\/www.distribucionarc.com\/sl\/#organization\"},\"potentialAction\":[{\"@type\":\"SearchAction\",\"target\":{\"@type\":\"EntryPoint\",\"urlTemplate\":\"https:\/\/www.distribucionarc.com\/sl\/?s={search_term_string}\"},\"query-input\":{\"@type\":\"PropertyValueSpecification\",\"valueRequired\":true,\"valueName\":\"search_term_string\"}}],\"inLanguage\":\"pt-PT\"},{\"@type\":\"Organization\",\"@id\":\"https:\/\/www.distribucionarc.com\/sl\/#organization\",\"name\":\"Distribuci\u00f3n ARC\",\"url\":\"https:\/\/www.distribucionarc.com\/sl\/\",\"logo\":{\"@type\":\"ImageObject\",\"inLanguage\":\"pt-PT\",\"@id\":\"https:\/\/www.distribucionarc.com\/sl\/#\/schema\/logo\/image\/\",\"url\":\"https:\/\/distribucionarc.com\/wp-content\/uploads\/2024\/10\/distribucion-ARC-COLOR-SIN-FONDO-e1732295305345.png\",\"contentUrl\":\"https:\/\/distribucionarc.com\/wp-content\/uploads\/2024\/10\/distribucion-ARC-COLOR-SIN-FONDO-e1732295305345.png\",\"width\":1164,\"height\":558,\"caption\":\"Distribuci\u00f3n ARC\"},\"image\":{\"@id\":\"https:\/\/www.distribucionarc.com\/sl\/#\/schema\/logo\/image\/\"},\"description\":\"Empresa especializada en la fabricaci\u00f3n y distribuci\u00f3n de maquinaria industrial para los sectores alimentario y farmac\u00e9utico. Nos especializamos en: M\u00e1quinas de cortar carne Fabricaci\u00f3n de comprimidos Sistemas de transporte industrial L\u00edneas de embotellado Dosificadores Y mucho m\u00e1s... Ofrecemos soluciones innovadoras y personalizadas para optimizar los procesos productivos de tu empresa.\",\"email\":\"Admistracion@distribucionarc.com\",\"telephone\":\"+34 643496664\",\"legalName\":\"ARC TECH SOLUTIONS\",\"foundingDate\":\"2024-04-09\",\"vatID\":\"B55480172\",\"numberOfEmployees\":{\"@type\":\"QuantitativeValue\",\"minValue\":\"1\",\"maxValue\":\"10\"}}]}<\/script>\n<!-- \/ Yoast SEO Premium plugin. -->","yoast_head_json":{"title":"M\u00e1quina de cubos de gelo 50 Kg - distribui\u00e7\u00e3o ARC","robots":{"index":"index","follow":"follow","max-snippet":"max-snippet:-1","max-image-preview":"max-image-preview:large","max-video-preview":"max-video-preview:-1"},"canonical":"https:\/\/distribucionarc.com\/pt\/produto\/maquina-de-gelo-para-cubos-de-gelo-50-kg\/","og_locale":"pt_PT","og_type":"article","og_title":"M\u00e1quina para cubitos de hielo 50 Kg","og_description":"M\u00e1quina de hielo para cubitos de hielo 50 Kg No pierdas m\u00e1s el tiempo comprando sacos de hielo, con las\u00a0m\u00e1quinas para cubitos de hielo\u00a0de\u00a0ARC; no tendr\u00e1s que ir a ning\u00fan lado para tener tus reservas siempre llenas, al almacenarlo mientras se va fabricando m\u00e1s hielo.  Esta m\u00e1quina de hielo ARC de alta calidad est\u00e1 hecha de acero inoxidable de la mejor calidad, especial para alimentos con aislamiento de espuma de doble capa. \u00a0La m\u00e1quina para cubitos de hielo ARCMCH50\u00a0cuenta con una capacidad de producci\u00f3n de hielo de 50 kg en 24 horas y una capacidad de almacenamiento de hielo de 8 a 12 kg, con la maquina de hielo usted podr\u00e1 ajustar el grosor de los cubitos seg\u00fan le sea necesario. Garant\u00eda\u00a0ARC 2 A\u00d1OS Maquina para cubitos de hielo eficiente, bajo consumo 200w soporte t\u00e9cnico\u00a0incluido. &nbsp;","og_url":"https:\/\/distribucionarc.com\/pt\/produto\/maquina-de-gelo-para-cubos-de-gelo-50-kg\/","og_site_name":"distribuci\u00f3n ARC","article_modified_time":"2020-09-27T09:45:54+00:00","og_image":[{"width":1600,"height":1600,"url":"https:\/\/distribucionarc.com\/wp-content\/uploads\/2020\/07\/M\u00e1quina-de-hielo-para-cubitos-de-hielo-50-Kg-0.jpg","type":"image\/jpeg"}],"twitter_card":"summary_large_image","twitter_misc":{"Tempo estimado de leitura":"2 minutos"},"schema":{"@context":"https:\/\/schema.org","@graph":[{"@type":"WebPage","@id":"https:\/\/distribucionarc.com\/nl\/producto\/maquina-de-hielo-para-cubitos-de-hielo-50-kg\/","url":"https:\/\/distribucionarc.com\/nl\/producto\/maquina-de-hielo-para-cubitos-de-hielo-50-kg\/","name":"M\u00e1quina de cubos de gelo 50 Kg - distribui\u00e7\u00e3o ARC","isPartOf":{"@id":"https:\/\/www.distribucionarc.com\/sl\/#website"},"primaryImageOfPage":{"@id":"https:\/\/distribucionarc.com\/nl\/producto\/maquina-de-hielo-para-cubitos-de-hielo-50-kg\/#primaryimage"},"image":{"@id":"https:\/\/distribucionarc.com\/nl\/producto\/maquina-de-hielo-para-cubitos-de-hielo-50-kg\/#primaryimage"},"thumbnailUrl":"https:\/\/distribucionarc.com\/wp-content\/uploads\/2020\/07\/M\u00e1quina-de-hielo-para-cubitos-de-hielo-50-Kg-0.jpg","datePublished":"2020-07-24T09:33:51+00:00","dateModified":"2020-09-27T09:45:54+00:00","breadcrumb":{"@id":"https:\/\/distribucionarc.com\/nl\/producto\/maquina-de-hielo-para-cubitos-de-hielo-50-kg\/#breadcrumb"},"inLanguage":"pt-PT","potentialAction":[{"@type":"ReadAction","target":["https:\/\/distribucionarc.com\/nl\/producto\/maquina-de-hielo-para-cubitos-de-hielo-50-kg\/"]}]},{"@type":"ImageObject","inLanguage":"pt-PT","@id":"https:\/\/distribucionarc.com\/nl\/producto\/maquina-de-hielo-para-cubitos-de-hielo-50-kg\/#primaryimage","url":"https:\/\/distribucionarc.com\/wp-content\/uploads\/2020\/07\/M\u00e1quina-de-hielo-para-cubitos-de-hielo-50-Kg-0.jpg","contentUrl":"https:\/\/distribucionarc.com\/wp-content\/uploads\/2020\/07\/M\u00e1quina-de-hielo-para-cubitos-de-hielo-50-Kg-0.jpg","width":1600,"height":1600,"caption":"M\u00e1quina de hielo para cubitos de hielo 50 Kg"},{"@type":"BreadcrumbList","@id":"https:\/\/distribucionarc.com\/nl\/producto\/maquina-de-hielo-para-cubitos-de-hielo-50-kg\/#breadcrumb","itemListElement":[{"@type":"ListItem","position":1,"name":"Portada","item":"https:\/\/www.distribucionarc.com\/"},{"@type":"ListItem","position":2,"name":"\u00dcr\u00fcnler","item":"https:\/\/www.distribucionarc.com\/tr\/magaza\/"},{"@type":"ListItem","position":3,"name":"M\u00e1quina para cubitos de hielo 50 Kg"}]},{"@type":"WebSite","@id":"https:\/\/www.distribucionarc.com\/sl\/#website","url":"https:\/\/www.distribucionarc.com\/sl\/","name":"Distribui\u00e7\u00e3o ARC","description":"Empresa especializada no fabrico e distribui\u00e7\u00e3o de m\u00e1quinas industriais, m\u00e1quinas de selar latas, m\u00e1quinas de fazer comprimidos, m\u00e1quinas de cortar carne...","publisher":{"@id":"https:\/\/www.distribucionarc.com\/sl\/#organization"},"potentialAction":[{"@type":"SearchAction","target":{"@type":"EntryPoint","urlTemplate":"https:\/\/www.distribucionarc.com\/sl\/?s={search_term_string}"},"query-input":{"@type":"PropertyValueSpecification","valueRequired":true,"valueName":"search_term_string"}}],"inLanguage":"pt-PT"},{"@type":"Organization","@id":"https:\/\/www.distribucionarc.com\/sl\/#organization","name":"Distribui\u00e7\u00e3o ARC","url":"https:\/\/www.distribucionarc.com\/sl\/","logo":{"@type":"ImageObject","inLanguage":"pt-PT","@id":"https:\/\/www.distribucionarc.com\/sl\/#\/schema\/logo\/image\/","url":"https:\/\/distribucionarc.com\/wp-content\/uploads\/2024\/10\/distribucion-ARC-COLOR-SIN-FONDO-e1732295305345.png","contentUrl":"https:\/\/distribucionarc.com\/wp-content\/uploads\/2024\/10\/distribucion-ARC-COLOR-SIN-FONDO-e1732295305345.png","width":1164,"height":558,"caption":"Distribuci\u00f3n ARC"},"image":{"@id":"https:\/\/www.distribucionarc.com\/sl\/#\/schema\/logo\/image\/"},"description":"Empresa especializada no fabrico e distribui\u00e7\u00e3o de m\u00e1quinas industriais para os sectores alimentar e farmac\u00eautico. Somos especializados em: M\u00e1quinas de cortar carne Fabrico de comprimidos Sistemas de transporte industrial Linhas de engarrafamento Dispensadores E muito mais... Oferecemos solu\u00e7\u00f5es inovadoras e personalizadas para otimizar os processos de produ\u00e7\u00e3o da sua empresa.","email":"Admistracion@distribucionarc.com","telephone":"+34 643496664","legalName":"ARC TECH SOLUTIONS","foundingDate":"2024-04-09","vatID":"B55480172","numberOfEmployees":{"@type":"QuantitativeValue","minValue":"1","maxValue":"10"}}]}},"_links":{"self":[{"href":"https:\/\/distribucionarc.com\/pt\/wp-json\/wp\/v2\/product\/1393","targetHints":{"allow":["GET"]}}],"collection":[{"href":"https:\/\/distribucionarc.com\/pt\/wp-json\/wp\/v2\/product"}],"about":[{"href":"https:\/\/distribucionarc.com\/pt\/wp-json\/wp\/v2\/types\/product"}],"replies":[{"embeddable":true,"href":"https:\/\/distribucionarc.com\/pt\/wp-json\/wp\/v2\/comments?post=1393"}],"version-history":[{"count":0,"href":"https:\/\/distribucionarc.com\/pt\/wp-json\/wp\/v2\/product\/1393\/revisions"}],"wp:featuredmedia":[{"embeddable":true,"href":"https:\/\/distribucionarc.com\/pt\/wp-json\/wp\/v2\/media\/1402"}],"wp:attachment":[{"href":"https:\/\/distribucionarc.com\/pt\/wp-json\/wp\/v2\/media?parent=1393"}],"wp:term":[{"taxonomy":"product_brand","embeddable":true,"href":"https:\/\/distribucionarc.com\/pt\/wp-json\/wp\/v2\/product_brand?post=1393"},{"taxonomy":"product_cat","embeddable":true,"href":"https:\/\/distribucionarc.com\/pt\/wp-json\/wp\/v2\/product_cat?post=1393"},{"taxonomy":"product_tag","embeddable":true,"href":"https:\/\/distribucionarc.com\/pt\/wp-json\/wp\/v2\/product_tag?post=1393"}],"curies":[{"name":"wp","href":"https:\/\/api.w.org\/{rel}","templated":true}]}}