{"id":14,"date":"2020-04-14T20:21:33","date_gmt":"2020-04-14T20:21:33","guid":{"rendered":"https:\/\/distribucionarc.com\/?post_type=product&#038;p=14"},"modified":"2025-05-08T21:40:38","modified_gmt":"2025-05-08T19:40:38","slug":"enchedor-de-liquido-de-pistao-pneumatico-de-1000ml-%f0%9f%a7%b4","status":"publish","type":"product","link":"https:\/\/distribucionarc.com\/pt\/producto\/llenadora-de-liquidos-piston-neumatico-1000ml-%f0%9f%a7%b4\/","title":{"rendered":"Engarrafamento de l\u00edquido com pist\u00e3o de suc\u00e7\u00e3o pneum\u00e1tica, dispensando 1000 ml?"},"content":{"rendered":"<p>Aplicativo:<\/p>\n<p>O enchimento pneum\u00e1tico da s\u00e9rie GFA pode ser usado para enchimento de cremes e l\u00edquidos, \u00e9 amplamente utilizado nas \u00e1reas de qu\u00edmica, alimentos, bebidas e ind\u00fastria farmac\u00eautica.<\/p>\n<p>Esta m\u00e1quina est\u00e1 idealmente estruturada, composta por um pist\u00e3o pneum\u00e1tico que implementa a estrutura acionada pneum\u00e1tica. A caixa e todas as pe\u00e7as conectadas com materiais s\u00e3o feitas de a\u00e7o inoxid\u00e1vel SS304, usado para o padr\u00e3o. As paredes internas das pe\u00e7as principais s\u00e3o de a\u00e7o polido com rugosidade ra \u2264 0,2-0,4 um, o que atende aos requisitos da certifica\u00e7\u00e3o GMP, portanto, \u00e9 inoxid\u00e1vel e resistente \u00e0 corros\u00e3o, al\u00e9m disso, o usu\u00e1rio pode ajustar o volume e a velocidade de enchimento dentro o tipo necess\u00e1rio<\/p>\n<p>Com esta m\u00e1quina dosadora, a m\u00e1quina engarrafadora pode dispensar gel hidrol\u00f3gico<\/p>\n<p>Opera\u00e7\u00e3o da m\u00e1quina<\/p>\n<p>Especifica\u00e7\u00f5es:<\/p>\n<p>m\u00e1quina de corpo de a\u00e7o<\/p>\n<ol>\n<li>1.Inox<\/li>\n<\/ol>\n<p>Projeto de sistema de v\u00e1lvula rotativa<\/p>\n<ol start=\"2\">\n<li>2. Modo de enchimento do pist\u00e3o<\/li>\n<li>3. Pneu<\/li>\n<li>4. Velocidade de alimenta\u00e7\u00e3o do pist\u00e3o ajust\u00e1vel<\/li>\n<li>5. Antiferrugem, local de enchimento principal e altura ajust\u00e1vel<\/li>\n<\/ol>\n<p>Precis\u00e3o de preenchimento<\/p>\n<ol start=\"6\">\n<li>6.Alto (+\/-1%)<\/li>\n<li>7. F\u00e1cil de limpar e manter<\/li>\n<\/ol>\n<p>A\u00e7o inoxid\u00e1vel de grau<\/p>\n<ol start=\"8\">\n<li>8. F\u00e1cil de montar e desmontar pe\u00e7as pneum\u00e1ticas.<\/li>\n<li>9. semiautom\u00e1tico ou autom\u00e1tico<\/li>\n<li>10. Ajuste de entrada de press\u00e3o de ar<\/li>\n<li>volume de enchimento ajust\u00e1vel<\/li>\n<\/ol>\n<p>Par\u00e2metro t\u00e9cnico:<\/p>\n<p>Gama recarreg\u00e1vel: 90ml-1000ml<\/p>\n<p>Press\u00e3o aplic\u00e1vel: 0,4-0,9 MPA<\/p>\n<p>Velocidade de enchimento: 40 garrafas por minuto<\/p>\n<p>Peso l\u00edquido: 25 Kg<\/p>\n<p>Pot\u00eancia: 220V<\/p>\n<p>Cabe\u00e7a de enchimento: 1<\/p>\n<p>Dimens\u00e3o da m\u00e1quina: 1000*350*355mm<\/p>\n<p>Classe autom\u00e1tica: semiautom\u00e1tica<\/p>\n<p>Tipo acionado: energia pneum\u00e1tica e el\u00e9trica<\/p>\n<p>Material: a\u00e7o inoxid\u00e1vel SS304<\/p>\n<p>Dimens\u00e3o da m\u00e1quina: 1000*350*355mm<\/p>\n<p><iframe loading=\"lazy\" src=\"https:\/\/www.youtube.com\/embed\/saMORv2poEk\" width=\"560\" height=\"315\" frameborder=\"0\" allowfullscreen=\"allowfullscreen\"><\/iframe><\/p>","protected":false},"excerpt":{"rendered":"<p>Dispositivo de engarrafamento pneum\u00e1tico 90ML \u27a1\ufe0f1000ML m\u00e1quina de enchimento para shampoo, \u00f3leo, \u00e1gua, perfume<\/p>\n<p>enchedor de garrafas semiautom\u00e1tico<\/p>\n<p>M\u00c1QUINA DE ENCHIMENTO DE L\u00cdQUIDO PNEUM\u00c1TICA PARA SHAMPOO, \u00d3LEO, GEL DE \u00c1GUA DE PERFUME<\/p>\n<p>90ML \u27a1\ufe0f1000ML<\/p>\n<p>Voc\u00ea pode dosar diferentes tipos de l\u00edquidos, como xampu, \u00f3leo, \u00e1gua, perfume e gel qu\u00edmico. Voc\u00ea pode dosar diferentes quantidades de produto que v\u00e3o desde 90 Ml \u27a1\ufe0f1000 Ml<\/p>","protected":false},"featured_media":15,"comment_status":"open","ping_status":"closed","template":"","meta":{"wds_primary_product_brand":0,"wds_primary_product_cat":0},"product_brand":[],"product_cat":[18,19,74,73,321],"product_tag":[],"class_list":{"0":"post-14","1":"product","2":"type-product","3":"status-publish","4":"has-post-thumbnail","6":"product_cat-dosificadoras","7":"product_cat-dosificadoras-de-liquidos","8":"product_cat-llenadoras-de-botellas","9":"product_cat-llenadoras-de-liquidos","10":"product_cat-llenadoras-de-piston","12":"first","13":"instock","14":"taxable","15":"shipping-taxable","16":"purchasable","17":"product-type-simple"},"yoast_head":"<!-- This site is optimized with the Yoast SEO Premium plugin v24.9 (Yoast SEO v26.1) - https:\/\/yoast.com\/wordpress\/plugins\/seo\/ -->\n<title>Llenadora de L\u00edquidos Pist\u00f3n Neum\u00e1tico por Succi\u00f3n Embotelladora, Dosificadora 1000 ml ? - distribuci\u00f3n ARC<\/title>\n<meta name=\"robots\" content=\"index, follow, max-snippet:-1, max-image-preview:large, max-video-preview:-1\" \/>\n<link rel=\"canonical\" href=\"https:\/\/distribucionarc.com\/pt\/produto\/enchedor-de-liquido-de-pistao-pneumatico-de-1000ml-\ud83e\uddf4\/\" \/>\n<meta property=\"og:locale\" content=\"pt_PT\" \/>\n<meta property=\"og:type\" content=\"article\" \/>\n<meta property=\"og:title\" content=\"Llenadora de L\u00edquidos Pist\u00f3n Neum\u00e1tico por Succi\u00f3n Embotelladora, Dosificadora 1000 ml ?\" \/>\n<meta property=\"og:description\" content=\"Dispositivo de embotellado neum\u00e1tico 90ML \u27a1\ufe0f 1000ML m\u00e1quina de rellenar para el champ\u00fa, aceite, agua, perfume  llenadora de botellas semiautom\u00e1tica  MAQUINA DE LLENADO DE LIQUIDO NEUMATICA PARA CHAMPU, ACEITE, PERFUME DE AGUA GEL  90 ML \u27a1\ufe0f 1000 ML  Usted puede dosificar diversas clases de l\u00edquidos como champ\u00fa, aceite, agua, perfume, y gel el producto qu\u00edmico. Puede dosificar diferentes cantidades de producto que van desde los 90 Ml \u27a1\ufe0f1000 Ml\" \/>\n<meta property=\"og:url\" content=\"https:\/\/distribucionarc.com\/pt\/produto\/enchedor-de-liquido-de-pistao-pneumatico-de-1000ml-\ud83e\uddf4\/\" \/>\n<meta property=\"og:site_name\" content=\"distribuci\u00f3n ARC\" \/>\n<meta property=\"article:modified_time\" content=\"2025-05-08T19:40:38+00:00\" \/>\n<meta property=\"og:image\" content=\"https:\/\/distribucionarc.com\/wp-content\/uploads\/2020\/04\/llenadora_de_liquidos_0.jpg\" \/>\n\t<meta property=\"og:image:width\" content=\"1001\" \/>\n\t<meta property=\"og:image:height\" content=\"1001\" \/>\n\t<meta property=\"og:image:type\" content=\"image\/jpeg\" \/>\n<meta name=\"twitter:card\" content=\"summary_large_image\" \/>\n<meta name=\"twitter:label1\" content=\"Tempo estimado de leitura\" \/>\n\t<meta name=\"twitter:data1\" content=\"2 minutos\" \/>\n<script type=\"application\/ld+json\" class=\"yoast-schema-graph\">{\"@context\":\"https:\/\/schema.org\",\"@graph\":[{\"@type\":\"WebPage\",\"@id\":\"https:\/\/distribucionarc.com\/sk\/producto\/llenadora-de-liquidos-piston-neumatico-1000ml-%f0%9f%a7%b4\/\",\"url\":\"https:\/\/distribucionarc.com\/sk\/producto\/llenadora-de-liquidos-piston-neumatico-1000ml-%f0%9f%a7%b4\/\",\"name\":\"Llenadora de L\u00edquidos Pist\u00f3n Neum\u00e1tico por Succi\u00f3n Embotelladora, Dosificadora 1000 ml ? - distribuci\u00f3n ARC\",\"isPartOf\":{\"@id\":\"https:\/\/www.distribucionarc.com\/sl\/#website\"},\"primaryImageOfPage\":{\"@id\":\"https:\/\/distribucionarc.com\/sk\/producto\/llenadora-de-liquidos-piston-neumatico-1000ml-%f0%9f%a7%b4\/#primaryimage\"},\"image\":{\"@id\":\"https:\/\/distribucionarc.com\/sk\/producto\/llenadora-de-liquidos-piston-neumatico-1000ml-%f0%9f%a7%b4\/#primaryimage\"},\"thumbnailUrl\":\"https:\/\/distribucionarc.com\/wp-content\/uploads\/2020\/04\/llenadora_de_liquidos_0.jpg\",\"datePublished\":\"2020-04-14T20:21:33+00:00\",\"dateModified\":\"2025-05-08T19:40:38+00:00\",\"breadcrumb\":{\"@id\":\"https:\/\/distribucionarc.com\/sk\/producto\/llenadora-de-liquidos-piston-neumatico-1000ml-%f0%9f%a7%b4\/#breadcrumb\"},\"inLanguage\":\"pt-PT\",\"potentialAction\":[{\"@type\":\"ReadAction\",\"target\":[\"https:\/\/distribucionarc.com\/sk\/producto\/llenadora-de-liquidos-piston-neumatico-1000ml-%f0%9f%a7%b4\/\"]}]},{\"@type\":\"ImageObject\",\"inLanguage\":\"pt-PT\",\"@id\":\"https:\/\/distribucionarc.com\/sk\/producto\/llenadora-de-liquidos-piston-neumatico-1000ml-%f0%9f%a7%b4\/#primaryimage\",\"url\":\"https:\/\/distribucionarc.com\/wp-content\/uploads\/2020\/04\/llenadora_de_liquidos_0.jpg\",\"contentUrl\":\"https:\/\/distribucionarc.com\/wp-content\/uploads\/2020\/04\/llenadora_de_liquidos_0.jpg\",\"width\":1001,\"height\":1001},{\"@type\":\"BreadcrumbList\",\"@id\":\"https:\/\/distribucionarc.com\/sk\/producto\/llenadora-de-liquidos-piston-neumatico-1000ml-%f0%9f%a7%b4\/#breadcrumb\",\"itemListElement\":[{\"@type\":\"ListItem\",\"position\":1,\"name\":\"Portada\",\"item\":\"https:\/\/www.distribucionarc.com\/\"},{\"@type\":\"ListItem\",\"position\":2,\"name\":\"\u00dcr\u00fcnler\",\"item\":\"https:\/\/www.distribucionarc.com\/tr\/magaza\/\"},{\"@type\":\"ListItem\",\"position\":3,\"name\":\"Llenadora de L\u00edquidos Pist\u00f3n Neum\u00e1tico por Succi\u00f3n Embotelladora, Dosificadora 1000 ml ?\"}]},{\"@type\":\"WebSite\",\"@id\":\"https:\/\/www.distribucionarc.com\/sl\/#website\",\"url\":\"https:\/\/www.distribucionarc.com\/sl\/\",\"name\":\"distribuci\u00f3n ARC\",\"description\":\"Empresa especializada en la fabricaci\u00f3n y distribuci\u00f3n de maquinaria industrial, selladoras de latas, Maquinas de hacer pastillas, Maquinas de cortar carne...\",\"publisher\":{\"@id\":\"https:\/\/www.distribucionarc.com\/sl\/#organization\"},\"potentialAction\":[{\"@type\":\"SearchAction\",\"target\":{\"@type\":\"EntryPoint\",\"urlTemplate\":\"https:\/\/www.distribucionarc.com\/sl\/?s={search_term_string}\"},\"query-input\":{\"@type\":\"PropertyValueSpecification\",\"valueRequired\":true,\"valueName\":\"search_term_string\"}}],\"inLanguage\":\"pt-PT\"},{\"@type\":\"Organization\",\"@id\":\"https:\/\/www.distribucionarc.com\/sl\/#organization\",\"name\":\"Distribuci\u00f3n ARC\",\"url\":\"https:\/\/www.distribucionarc.com\/sl\/\",\"logo\":{\"@type\":\"ImageObject\",\"inLanguage\":\"pt-PT\",\"@id\":\"https:\/\/www.distribucionarc.com\/sl\/#\/schema\/logo\/image\/\",\"url\":\"https:\/\/distribucionarc.com\/wp-content\/uploads\/2024\/10\/distribucion-ARC-COLOR-SIN-FONDO-e1732295305345.png\",\"contentUrl\":\"https:\/\/distribucionarc.com\/wp-content\/uploads\/2024\/10\/distribucion-ARC-COLOR-SIN-FONDO-e1732295305345.png\",\"width\":1164,\"height\":558,\"caption\":\"Distribuci\u00f3n ARC\"},\"image\":{\"@id\":\"https:\/\/www.distribucionarc.com\/sl\/#\/schema\/logo\/image\/\"},\"description\":\"Empresa especializada en la fabricaci\u00f3n y distribuci\u00f3n de maquinaria industrial para los sectores alimentario y farmac\u00e9utico. Nos especializamos en: M\u00e1quinas de cortar carne Fabricaci\u00f3n de comprimidos Sistemas de transporte industrial L\u00edneas de embotellado Dosificadores Y mucho m\u00e1s... Ofrecemos soluciones innovadoras y personalizadas para optimizar los procesos productivos de tu empresa.\",\"email\":\"Admistracion@distribucionarc.com\",\"telephone\":\"+34 643496664\",\"legalName\":\"ARC TECH SOLUTIONS\",\"foundingDate\":\"2024-04-09\",\"vatID\":\"B55480172\",\"numberOfEmployees\":{\"@type\":\"QuantitativeValue\",\"minValue\":\"1\",\"maxValue\":\"10\"}}]}<\/script>\n<!-- \/ Yoast SEO Premium plugin. -->","yoast_head_json":{"title":"Engarrafamento de l\u00edquido com pist\u00e3o de suc\u00e7\u00e3o pneum\u00e1tica, dispensando 1000 ml? - Distribui\u00e7\u00e3o ARC","robots":{"index":"index","follow":"follow","max-snippet":"max-snippet:-1","max-image-preview":"max-image-preview:large","max-video-preview":"max-video-preview:-1"},"canonical":"https:\/\/distribucionarc.com\/pt\/produto\/enchedor-de-liquido-de-pistao-pneumatico-de-1000ml-\ud83e\uddf4\/","og_locale":"pt_PT","og_type":"article","og_title":"Llenadora de L\u00edquidos Pist\u00f3n Neum\u00e1tico por Succi\u00f3n Embotelladora, Dosificadora 1000 ml ?","og_description":"Dispositivo de embotellado neum\u00e1tico 90ML \u27a1\ufe0f 1000ML m\u00e1quina de rellenar para el champ\u00fa, aceite, agua, perfume  llenadora de botellas semiautom\u00e1tica  MAQUINA DE LLENADO DE LIQUIDO NEUMATICA PARA CHAMPU, ACEITE, PERFUME DE AGUA GEL  90 ML \u27a1\ufe0f 1000 ML  Usted puede dosificar diversas clases de l\u00edquidos como champ\u00fa, aceite, agua, perfume, y gel el producto qu\u00edmico. Puede dosificar diferentes cantidades de producto que van desde los 90 Ml \u27a1\ufe0f1000 Ml","og_url":"https:\/\/distribucionarc.com\/pt\/produto\/enchedor-de-liquido-de-pistao-pneumatico-de-1000ml-\ud83e\uddf4\/","og_site_name":"distribuci\u00f3n ARC","article_modified_time":"2025-05-08T19:40:38+00:00","og_image":[{"width":1001,"height":1001,"url":"https:\/\/distribucionarc.com\/wp-content\/uploads\/2020\/04\/llenadora_de_liquidos_0.jpg","type":"image\/jpeg"}],"twitter_card":"summary_large_image","twitter_misc":{"Tempo estimado de leitura":"2 minutos"},"schema":{"@context":"https:\/\/schema.org","@graph":[{"@type":"WebPage","@id":"https:\/\/distribucionarc.com\/sk\/producto\/llenadora-de-liquidos-piston-neumatico-1000ml-%f0%9f%a7%b4\/","url":"https:\/\/distribucionarc.com\/sk\/producto\/llenadora-de-liquidos-piston-neumatico-1000ml-%f0%9f%a7%b4\/","name":"Engarrafamento de l\u00edquido com pist\u00e3o de suc\u00e7\u00e3o pneum\u00e1tica, dispensando 1000 ml? - Distribui\u00e7\u00e3o ARC","isPartOf":{"@id":"https:\/\/www.distribucionarc.com\/sl\/#website"},"primaryImageOfPage":{"@id":"https:\/\/distribucionarc.com\/sk\/producto\/llenadora-de-liquidos-piston-neumatico-1000ml-%f0%9f%a7%b4\/#primaryimage"},"image":{"@id":"https:\/\/distribucionarc.com\/sk\/producto\/llenadora-de-liquidos-piston-neumatico-1000ml-%f0%9f%a7%b4\/#primaryimage"},"thumbnailUrl":"https:\/\/distribucionarc.com\/wp-content\/uploads\/2020\/04\/llenadora_de_liquidos_0.jpg","datePublished":"2020-04-14T20:21:33+00:00","dateModified":"2025-05-08T19:40:38+00:00","breadcrumb":{"@id":"https:\/\/distribucionarc.com\/sk\/producto\/llenadora-de-liquidos-piston-neumatico-1000ml-%f0%9f%a7%b4\/#breadcrumb"},"inLanguage":"pt-PT","potentialAction":[{"@type":"ReadAction","target":["https:\/\/distribucionarc.com\/sk\/producto\/llenadora-de-liquidos-piston-neumatico-1000ml-%f0%9f%a7%b4\/"]}]},{"@type":"ImageObject","inLanguage":"pt-PT","@id":"https:\/\/distribucionarc.com\/sk\/producto\/llenadora-de-liquidos-piston-neumatico-1000ml-%f0%9f%a7%b4\/#primaryimage","url":"https:\/\/distribucionarc.com\/wp-content\/uploads\/2020\/04\/llenadora_de_liquidos_0.jpg","contentUrl":"https:\/\/distribucionarc.com\/wp-content\/uploads\/2020\/04\/llenadora_de_liquidos_0.jpg","width":1001,"height":1001},{"@type":"BreadcrumbList","@id":"https:\/\/distribucionarc.com\/sk\/producto\/llenadora-de-liquidos-piston-neumatico-1000ml-%f0%9f%a7%b4\/#breadcrumb","itemListElement":[{"@type":"ListItem","position":1,"name":"Portada","item":"https:\/\/www.distribucionarc.com\/"},{"@type":"ListItem","position":2,"name":"\u00dcr\u00fcnler","item":"https:\/\/www.distribucionarc.com\/tr\/magaza\/"},{"@type":"ListItem","position":3,"name":"Llenadora de L\u00edquidos Pist\u00f3n Neum\u00e1tico por Succi\u00f3n Embotelladora, Dosificadora 1000 ml ?"}]},{"@type":"WebSite","@id":"https:\/\/www.distribucionarc.com\/sl\/#website","url":"https:\/\/www.distribucionarc.com\/sl\/","name":"Distribui\u00e7\u00e3o ARC","description":"Empresa especializada no fabrico e distribui\u00e7\u00e3o de m\u00e1quinas industriais, m\u00e1quinas de selar latas, m\u00e1quinas de fazer comprimidos, m\u00e1quinas de cortar carne...","publisher":{"@id":"https:\/\/www.distribucionarc.com\/sl\/#organization"},"potentialAction":[{"@type":"SearchAction","target":{"@type":"EntryPoint","urlTemplate":"https:\/\/www.distribucionarc.com\/sl\/?s={search_term_string}"},"query-input":{"@type":"PropertyValueSpecification","valueRequired":true,"valueName":"search_term_string"}}],"inLanguage":"pt-PT"},{"@type":"Organization","@id":"https:\/\/www.distribucionarc.com\/sl\/#organization","name":"Distribui\u00e7\u00e3o ARC","url":"https:\/\/www.distribucionarc.com\/sl\/","logo":{"@type":"ImageObject","inLanguage":"pt-PT","@id":"https:\/\/www.distribucionarc.com\/sl\/#\/schema\/logo\/image\/","url":"https:\/\/distribucionarc.com\/wp-content\/uploads\/2024\/10\/distribucion-ARC-COLOR-SIN-FONDO-e1732295305345.png","contentUrl":"https:\/\/distribucionarc.com\/wp-content\/uploads\/2024\/10\/distribucion-ARC-COLOR-SIN-FONDO-e1732295305345.png","width":1164,"height":558,"caption":"Distribuci\u00f3n ARC"},"image":{"@id":"https:\/\/www.distribucionarc.com\/sl\/#\/schema\/logo\/image\/"},"description":"Empresa especializada no fabrico e distribui\u00e7\u00e3o de m\u00e1quinas industriais para os sectores alimentar e farmac\u00eautico. Somos especializados em: M\u00e1quinas de cortar carne Fabrico de comprimidos Sistemas de transporte industrial Linhas de engarrafamento Dispensadores E muito mais... Oferecemos solu\u00e7\u00f5es inovadoras e personalizadas para otimizar os processos de produ\u00e7\u00e3o da sua empresa.","email":"Admistracion@distribucionarc.com","telephone":"+34 643496664","legalName":"ARC TECH SOLUTIONS","foundingDate":"2024-04-09","vatID":"B55480172","numberOfEmployees":{"@type":"QuantitativeValue","minValue":"1","maxValue":"10"}}]}},"_links":{"self":[{"href":"https:\/\/distribucionarc.com\/pt\/wp-json\/wp\/v2\/product\/14","targetHints":{"allow":["GET"]}}],"collection":[{"href":"https:\/\/distribucionarc.com\/pt\/wp-json\/wp\/v2\/product"}],"about":[{"href":"https:\/\/distribucionarc.com\/pt\/wp-json\/wp\/v2\/types\/product"}],"replies":[{"embeddable":true,"href":"https:\/\/distribucionarc.com\/pt\/wp-json\/wp\/v2\/comments?post=14"}],"version-history":[{"count":1,"href":"https:\/\/distribucionarc.com\/pt\/wp-json\/wp\/v2\/product\/14\/revisions"}],"predecessor-version":[{"id":17461,"href":"https:\/\/distribucionarc.com\/pt\/wp-json\/wp\/v2\/product\/14\/revisions\/17461"}],"wp:featuredmedia":[{"embeddable":true,"href":"https:\/\/distribucionarc.com\/pt\/wp-json\/wp\/v2\/media\/15"}],"wp:attachment":[{"href":"https:\/\/distribucionarc.com\/pt\/wp-json\/wp\/v2\/media?parent=14"}],"wp:term":[{"taxonomy":"product_brand","embeddable":true,"href":"https:\/\/distribucionarc.com\/pt\/wp-json\/wp\/v2\/product_brand?post=14"},{"taxonomy":"product_cat","embeddable":true,"href":"https:\/\/distribucionarc.com\/pt\/wp-json\/wp\/v2\/product_cat?post=14"},{"taxonomy":"product_tag","embeddable":true,"href":"https:\/\/distribucionarc.com\/pt\/wp-json\/wp\/v2\/product_tag?post=14"}],"curies":[{"name":"wp","href":"https:\/\/api.w.org\/{rel}","templated":true}]}}