{"id":1443,"date":"2020-07-24T14:44:52","date_gmt":"2020-07-24T14:44:52","guid":{"rendered":"https:\/\/distribucionarc.com\/?post_type=product&#038;p=1443"},"modified":"2020-10-09T11:14:42","modified_gmt":"2020-10-09T11:14:42","slug":"profissional-vegetal-maquina-de-leite","status":"publish","type":"product","link":"https:\/\/distribucionarc.com\/pt\/producto\/maquina-profesional-para-leche-vegetal\/","title":{"rendered":"M\u00e1quina profissional para leite vegetal"},"content":{"rendered":"<h2>M\u00e1quina profissional para leite vegetal<\/h2>\n<p>Voc\u00ea poder\u00e1 produzir um delicioso e macio leite de soja, este <strong>m\u00e1quina autom\u00e1tica para leite vegetal<\/strong> \u00c9 adequado para todos os tipos de feij\u00e3o, amendoim, etc.<\/p>\n<p>O corpo do <strong>m\u00e1quina de leite de soja<span style=\"color: #ff0000;\"> PARA<\/span><span style=\"color: #0000ff;\">R<\/span>c<\/strong> \u00c9 feito de a\u00e7o inoxid\u00e1vel espessado e liga de alum\u00ednio de alta qualidade alimentar. Todo motor de cobre para alta velocidade, 2.800 r\/min, n\u00e3o superaquece facilmente, a melhor escolha para obter desempenho m\u00e1ximo. O m\u00e9todo tradicional de refino f\u00edsico n\u00e3o destr\u00f3i as paredes celulares do feij\u00e3o, mant\u00e9m efetivamente a nutri\u00e7\u00e3o e extrai prote\u00ednas.<\/p>\n<p>A base espessada do <strong>m\u00e1quina de leite vegetal<\/strong> de <strong><span style=\"color: #ff0000;\">PARA<\/span><span style=\"color: #0000ff;\">R<\/span>c<\/strong> \u00c9 anticorrosivo para promover durabilidade. \u00c9 fixado com grandes p\u00e9s de borracha para lhe dar mais estabilidade durante o processo. Fivelas resistentes adotadas em ambos os lados fixam-se com facilidade e firmeza \u00e0 m\u00e1quina de leite n\u00e3o l\u00e1cteo e evitam derramamentos acidentais.<\/p>\n<p>O design avan\u00e7ado do <strong>m\u00e1quina de soja <span style=\"color: #ff0000;\">PARA<\/span><span style=\"color: #0000ff;\">R<\/span>CMLV1<\/strong> Moagem melhorada, rodas duplas de areia branca. Filtrado com ferro e malha densa. Os res\u00edduos e o delicioso leite de soja s\u00e3o separados em duas sa\u00eddas, sem a necessidade de trabalhos adicionais.<\/p>\n<p>Produza at\u00e9 <span style=\"color: #0000ff;\"><strong>35 kg de soja por hora<\/strong><\/span> com m\u00ednimo esfor\u00e7o al\u00e9m de aproveitar o motor eficiente e com baixo consumo de energia.<\/p>\n<h6><strong>Garantia\u00a0<span style=\"color: #ff0000;\">PARA<\/span><span style=\"color: #0000ff;\">R<\/span>C 2 ANOS<\/strong><\/h6>\n<h6><span style=\"color: #008000;\">M\u00e1quina autom\u00e1tica para leite vegetal eficiente, baixo consumo 1000 w<\/span><\/h6>\n<h6><strong>suporte t\u00e9cnico inclu\u00eddo<\/strong><\/h6>\n<p>&nbsp;<\/p>\n<p>&nbsp;<\/p>\n<table role=\"presentation\" width=\"100%\" cellspacing=\"0\" cellpadding=\"0\">\n<tbody>\n<tr>\n<td class=\"attrLabels\">Cor:<\/td>\n<td width=\"50.0%\">Prata<\/td>\n<\/tr>\n<tr>\n<td class=\"attrLabels\">Pa\u00eds de distribui\u00e7\u00e3o:<\/td>\n<td width=\"50.0%\">Espanha, Alemanha, EUA<\/td>\n<td class=\"attrLabels\">Peso:<\/td>\n<td width=\"50.0%\">35kg<\/td>\n<\/tr>\n<tr>\n<td class=\"attrLabels\">Marca:<\/td>\n<td width=\"50.0%\">ARCO<\/td>\n<td class=\"attrLabels\">Altura:<\/td>\n<td width=\"50.0%\">70cm<\/td>\n<\/tr>\n<tr>\n<td class=\"attrLabels\">Garantia:<\/td>\n<td width=\"50.0%\">2 ANOS<\/td>\n<td class=\"attrLabels\">Longo:<\/td>\n<td width=\"50.0%\">34cm<\/td>\n<\/tr>\n<tr>\n<td class=\"attrLabels\">Tipo de produto:<\/td>\n<td width=\"50.0%\">m\u00e1quina de leite de soja<\/td>\n<td class=\"attrLabels\">Largo:<\/td>\n<td width=\"50.0%\">34cm<\/td>\n<\/tr>\n<tr>\n<td class=\"attrLabels\">N\u00famero do fabricante:<\/td>\n<td width=\"50.0%\">ARCMLV1<\/td>\n<td class=\"attrLabels\">Poder:<\/td>\n<td width=\"50.0%\">1000W<\/td>\n<\/tr>\n<tr>\n<td class=\"attrLabels\">Material:<\/td>\n<td width=\"50.0%\">a\u00e7o inoxid\u00e1vel, motor de cobre de alta pot\u00eancia,<\/td>\n<td class=\"attrLabels\">tens\u00e3o de entrada<\/td>\n<td width=\"50.0%\">220V \u2013 50Hz110V \u2013 60Hz<\/td>\n<\/tr>\n<tr>\n<td class=\"attrLabels\">Tipos de processamento:<\/td>\n<td width=\"50.0%\">frio, quente com ou sem fritura<\/td>\n<td class=\"attrLabels\">Velocidade do motor:<\/td>\n<td width=\"50.0%\">\u00a02800rpm<\/td>\n<\/tr>\n<tr>\n<td class=\"attrLabels\">Ferramentas de instala\u00e7\u00e3o:<\/td>\n<td width=\"50.0%\">Sim<\/td>\n<td class=\"attrLabels\">Habilidade:<\/td>\n<td width=\"50.0%\">35 kg por hora<\/td>\n<\/tr>\n<\/tbody>\n<\/table>\n<p>&nbsp;<\/p>","protected":false},"excerpt":{"rendered":"<h3>M\u00e1quina profissional para leite vegetal<\/h3>\n<p>Leite fresco, saud\u00e1vel e saboroso! Com o <strong>moinho refinador el\u00e9trico<\/strong> de<strong>\u00a0<\/strong><span style=\"color: #ff0000;\"><strong>PARA<\/strong><\/span><span style=\"color: #0000ff;\"><strong><span style=\"font-style: inherit; font-weight: inherit;\">R<\/span><\/strong><\/span><strong>c<\/strong>\u00a0Voc\u00ea pode enriquecer a sua cozinha com as melhores bebidas vegetais especiais \u00e0 base de nozes, gr\u00e3os ou sementes sem aditivos.<\/p>\n<p>O <strong>m\u00e1quina autom\u00e1tica de leite de soja <span style=\"color: #ff0000;\">PARA<\/span><span style=\"color: #0000ff;\">R<\/span>c<\/strong> Adota m\u00e9todos antigos, mas com menos ru\u00eddo e maior produ\u00e7\u00e3o, que por sua vez mant\u00eam eficazmente a nutri\u00e7\u00e3o e extraem todas as prote\u00ednas. Leite e res\u00edduos s\u00e3o separados. Adequado para v\u00e1rios materiais, incluindo soja, feij\u00e3o preto, amendoim, gergelim preto, noz, am\u00eandoa, wolfberry, etc. O <strong>m\u00e1quina de leite de soja <span style=\"color: #ff0000;\">PARA<\/span><span style=\"color: #0000ff;\">R<\/span>CMLV1\u00a0 <\/strong>Possui corpo robusto em a\u00e7o inoxid\u00e1vel da melhor qualidade alimentar.<\/p>\n<div class=\"summary entry-summary\">\n<div class=\"woocommerce-product-details__short-description\"><\/div>\n<\/div>\n<div class=\"woocommerce-tabs wc-tabs-wrapper\">\n<h6><strong>Garantia\u00a0<span style=\"color: #ff0000;\">PARA<\/span><span style=\"color: #0000ff;\">R<\/span>C 2 ANOS<\/strong><\/h6>\n<h6><span style=\"color: #008000;\">M\u00e1quina autom\u00e1tica para leite vegetal eficiente, baixo consumo 1000 w<\/span><\/h6>\n<h6><strong>suporte t\u00e9cnico inclu\u00eddo<\/strong><\/h6>\n<\/div>","protected":false},"featured_media":1450,"comment_status":"open","ping_status":"closed","template":"","meta":{"wds_primary_product_brand":0,"wds_primary_product_cat":0},"product_brand":[],"product_cat":[55],"product_tag":[],"class_list":{"0":"post-1443","1":"product","2":"type-product","3":"status-publish","4":"has-post-thumbnail","6":"product_cat-extractor-prensa-de-aceites","7":"product_shipping_class-hosteleria","9":"first","10":"instock","11":"sale","12":"taxable","13":"shipping-taxable","14":"purchasable","15":"product-type-simple"},"yoast_head":"<!-- This site is optimized with the Yoast SEO Premium plugin v24.9 (Yoast SEO v26.1) - https:\/\/yoast.com\/wordpress\/plugins\/seo\/ -->\n<title>Maquina profesional para leche vegetal - distribuci\u00f3n ARC<\/title>\n<meta name=\"robots\" content=\"index, follow, max-snippet:-1, max-image-preview:large, max-video-preview:-1\" \/>\n<link rel=\"canonical\" href=\"https:\/\/www.distribucionarc.com\/hr\/producto\/maquina-profesional-para-leche-vegetal\/\" \/>\n<meta property=\"og:locale\" content=\"pt_PT\" \/>\n<meta property=\"og:type\" content=\"article\" \/>\n<meta property=\"og:title\" content=\"Maquina profesional para leche vegetal\" \/>\n<meta property=\"og:description\" content=\"Maquina profesional para leche vegetal \u00a1Leche fresca, sana y sabrosa! Con el molino refinador el\u00e9ctrico de\u00a0ARC\u00a0puedes enriquecer tu cocina con las mejores bebidas vegetales especiales de frutos secos, granos o semillas sin aditivos.  La m\u00e1quina autom\u00e1tica de leche de soja ARC adopta m\u00e9todos antiguos, pero de menor ruido y mayor producci\u00f3n que a su vez mantienen eficazmente la nutrici\u00f3n y extrae todas las prote\u00ednas. La leche y los residuos est\u00e1n separados. Adecuado para diversos materiales incluyendo soja, frijol negro, cacahuete, s\u00e9samo negro, nuez, almendra, baya de lobo, etc. La m\u00e1quina para leche de soja ARCMLV1\u00a0 tiene un cuerpo robusto de acero inoxidable de la mejor calidad alimentaria.     Garant\u00eda\u00a0ARC 2 A\u00d1OS Maquina automatica para leche vegetal eficiente, bajo consumo 1000 w soporte t\u00e9cnico\u00a0incluido\" \/>\n<meta property=\"og:url\" content=\"https:\/\/www.distribucionarc.com\/hr\/producto\/maquina-profesional-para-leche-vegetal\/\" \/>\n<meta property=\"og:site_name\" content=\"distribuci\u00f3n ARC\" \/>\n<meta property=\"article:modified_time\" content=\"2020-10-09T11:14:42+00:00\" \/>\n<meta property=\"og:image\" content=\"https:\/\/distribucionarc.com\/wp-content\/uploads\/2020\/07\/M\u00e1quina-profesional-para-leche-vegetal-0.jpg\" \/>\n\t<meta property=\"og:image:width\" content=\"1600\" \/>\n\t<meta property=\"og:image:height\" content=\"1600\" \/>\n\t<meta property=\"og:image:type\" content=\"image\/jpeg\" \/>\n<meta name=\"twitter:card\" content=\"summary_large_image\" \/>\n<meta name=\"twitter:label1\" content=\"Tempo estimado de leitura\" \/>\n\t<meta name=\"twitter:data1\" content=\"2 minutos\" \/>\n<script type=\"application\/ld+json\" class=\"yoast-schema-graph\">{\"@context\":\"https:\/\/schema.org\",\"@graph\":[{\"@type\":\"WebPage\",\"@id\":\"https:\/\/www.distribucionarc.com\/hr\/producto\/maquina-profesional-para-leche-vegetal\/\",\"url\":\"https:\/\/www.distribucionarc.com\/hr\/producto\/maquina-profesional-para-leche-vegetal\/\",\"name\":\"Maquina profesional para leche vegetal - distribuci\u00f3n ARC\",\"isPartOf\":{\"@id\":\"https:\/\/distribucionarc.com\/bg\/#website\"},\"primaryImageOfPage\":{\"@id\":\"https:\/\/www.distribucionarc.com\/hr\/producto\/maquina-profesional-para-leche-vegetal\/#primaryimage\"},\"image\":{\"@id\":\"https:\/\/www.distribucionarc.com\/hr\/producto\/maquina-profesional-para-leche-vegetal\/#primaryimage\"},\"thumbnailUrl\":\"https:\/\/distribucionarc.com\/wp-content\/uploads\/2020\/07\/M\u00e1quina-profesional-para-leche-vegetal-0.jpg\",\"datePublished\":\"2020-07-24T14:44:52+00:00\",\"dateModified\":\"2020-10-09T11:14:42+00:00\",\"breadcrumb\":{\"@id\":\"https:\/\/www.distribucionarc.com\/hr\/producto\/maquina-profesional-para-leche-vegetal\/#breadcrumb\"},\"inLanguage\":\"pt-PT\",\"potentialAction\":[{\"@type\":\"ReadAction\",\"target\":[\"https:\/\/www.distribucionarc.com\/hr\/producto\/maquina-profesional-para-leche-vegetal\/\"]}]},{\"@type\":\"ImageObject\",\"inLanguage\":\"pt-PT\",\"@id\":\"https:\/\/www.distribucionarc.com\/hr\/producto\/maquina-profesional-para-leche-vegetal\/#primaryimage\",\"url\":\"https:\/\/distribucionarc.com\/wp-content\/uploads\/2020\/07\/M\u00e1quina-profesional-para-leche-vegetal-0.jpg\",\"contentUrl\":\"https:\/\/distribucionarc.com\/wp-content\/uploads\/2020\/07\/M\u00e1quina-profesional-para-leche-vegetal-0.jpg\",\"width\":1600,\"height\":1600,\"caption\":\"M\u00e1quina profesional para leche vegetal\"},{\"@type\":\"BreadcrumbList\",\"@id\":\"https:\/\/www.distribucionarc.com\/hr\/producto\/maquina-profesional-para-leche-vegetal\/#breadcrumb\",\"itemListElement\":[{\"@type\":\"ListItem\",\"position\":1,\"name\":\"Portada\",\"item\":\"https:\/\/distribucionarc.com\/nb\/\"},{\"@type\":\"ListItem\",\"position\":2,\"name\":\"Products\",\"item\":\"https:\/\/www.distribucionarc.com\/en\/shop\/\"},{\"@type\":\"ListItem\",\"position\":3,\"name\":\"Maquina profesional para leche vegetal\"}]},{\"@type\":\"WebSite\",\"@id\":\"https:\/\/distribucionarc.com\/bg\/#website\",\"url\":\"https:\/\/distribucionarc.com\/bg\/\",\"name\":\"distribuci\u00f3n ARC\",\"description\":\"Empresa especializada en la fabricaci\u00f3n y distribuci\u00f3n de maquinaria industrial, selladoras de latas, Maquinas de hacer pastillas, Maquinas de cortar carne...\",\"publisher\":{\"@id\":\"https:\/\/distribucionarc.com\/bg\/#organization\"},\"potentialAction\":[{\"@type\":\"SearchAction\",\"target\":{\"@type\":\"EntryPoint\",\"urlTemplate\":\"https:\/\/distribucionarc.com\/bg\/?s={search_term_string}\"},\"query-input\":{\"@type\":\"PropertyValueSpecification\",\"valueRequired\":true,\"valueName\":\"search_term_string\"}}],\"inLanguage\":\"pt-PT\"},{\"@type\":\"Organization\",\"@id\":\"https:\/\/distribucionarc.com\/bg\/#organization\",\"name\":\"Distribuci\u00f3n ARC\",\"url\":\"https:\/\/distribucionarc.com\/bg\/\",\"logo\":{\"@type\":\"ImageObject\",\"inLanguage\":\"pt-PT\",\"@id\":\"https:\/\/distribucionarc.com\/bg\/#\/schema\/logo\/image\/\",\"url\":\"https:\/\/distribucionarc.com\/wp-content\/uploads\/2024\/10\/distribucion-ARC-COLOR-SIN-FONDO-e1732295305345.png\",\"contentUrl\":\"https:\/\/distribucionarc.com\/wp-content\/uploads\/2024\/10\/distribucion-ARC-COLOR-SIN-FONDO-e1732295305345.png\",\"width\":1164,\"height\":558,\"caption\":\"Distribuci\u00f3n ARC\"},\"image\":{\"@id\":\"https:\/\/distribucionarc.com\/bg\/#\/schema\/logo\/image\/\"},\"description\":\"Empresa especializada en la fabricaci\u00f3n y distribuci\u00f3n de maquinaria industrial para los sectores alimentario y farmac\u00e9utico. Nos especializamos en: M\u00e1quinas de cortar carne Fabricaci\u00f3n de comprimidos Sistemas de transporte industrial L\u00edneas de embotellado Dosificadores Y mucho m\u00e1s... Ofrecemos soluciones innovadoras y personalizadas para optimizar los procesos productivos de tu empresa.\",\"email\":\"Admistracion@distribucionarc.com\",\"telephone\":\"+34 643496664\",\"legalName\":\"ARC TECH SOLUTIONS\",\"foundingDate\":\"2024-04-09\",\"vatID\":\"B55480172\",\"numberOfEmployees\":{\"@type\":\"QuantitativeValue\",\"minValue\":\"1\",\"maxValue\":\"10\"}}]}<\/script>\n<!-- \/ Yoast SEO Premium plugin. -->","yoast_head_json":{"title":"M\u00e1quina profissional para leite vegetal - distribui\u00e7\u00e3o ARC","robots":{"index":"index","follow":"follow","max-snippet":"max-snippet:-1","max-image-preview":"max-image-preview:large","max-video-preview":"max-video-preview:-1"},"canonical":"https:\/\/www.distribucionarc.com\/hr\/producto\/maquina-profesional-para-leche-vegetal\/","og_locale":"pt_PT","og_type":"article","og_title":"Maquina profesional para leche vegetal","og_description":"Maquina profesional para leche vegetal \u00a1Leche fresca, sana y sabrosa! Con el molino refinador el\u00e9ctrico de\u00a0ARC\u00a0puedes enriquecer tu cocina con las mejores bebidas vegetales especiales de frutos secos, granos o semillas sin aditivos.  La m\u00e1quina autom\u00e1tica de leche de soja ARC adopta m\u00e9todos antiguos, pero de menor ruido y mayor producci\u00f3n que a su vez mantienen eficazmente la nutrici\u00f3n y extrae todas las prote\u00ednas. La leche y los residuos est\u00e1n separados. Adecuado para diversos materiales incluyendo soja, frijol negro, cacahuete, s\u00e9samo negro, nuez, almendra, baya de lobo, etc. La m\u00e1quina para leche de soja ARCMLV1\u00a0 tiene un cuerpo robusto de acero inoxidable de la mejor calidad alimentaria.     Garant\u00eda\u00a0ARC 2 A\u00d1OS Maquina automatica para leche vegetal eficiente, bajo consumo 1000 w soporte t\u00e9cnico\u00a0incluido","og_url":"https:\/\/www.distribucionarc.com\/hr\/producto\/maquina-profesional-para-leche-vegetal\/","og_site_name":"distribuci\u00f3n ARC","article_modified_time":"2020-10-09T11:14:42+00:00","og_image":[{"width":1600,"height":1600,"url":"https:\/\/distribucionarc.com\/wp-content\/uploads\/2020\/07\/M\u00e1quina-profesional-para-leche-vegetal-0.jpg","type":"image\/jpeg"}],"twitter_card":"summary_large_image","twitter_misc":{"Tempo estimado de leitura":"2 minutos"},"schema":{"@context":"https:\/\/schema.org","@graph":[{"@type":"WebPage","@id":"https:\/\/www.distribucionarc.com\/hr\/producto\/maquina-profesional-para-leche-vegetal\/","url":"https:\/\/www.distribucionarc.com\/hr\/producto\/maquina-profesional-para-leche-vegetal\/","name":"M\u00e1quina profissional para leite vegetal - distribui\u00e7\u00e3o ARC","isPartOf":{"@id":"https:\/\/distribucionarc.com\/bg\/#website"},"primaryImageOfPage":{"@id":"https:\/\/www.distribucionarc.com\/hr\/producto\/maquina-profesional-para-leche-vegetal\/#primaryimage"},"image":{"@id":"https:\/\/www.distribucionarc.com\/hr\/producto\/maquina-profesional-para-leche-vegetal\/#primaryimage"},"thumbnailUrl":"https:\/\/distribucionarc.com\/wp-content\/uploads\/2020\/07\/M\u00e1quina-profesional-para-leche-vegetal-0.jpg","datePublished":"2020-07-24T14:44:52+00:00","dateModified":"2020-10-09T11:14:42+00:00","breadcrumb":{"@id":"https:\/\/www.distribucionarc.com\/hr\/producto\/maquina-profesional-para-leche-vegetal\/#breadcrumb"},"inLanguage":"pt-PT","potentialAction":[{"@type":"ReadAction","target":["https:\/\/www.distribucionarc.com\/hr\/producto\/maquina-profesional-para-leche-vegetal\/"]}]},{"@type":"ImageObject","inLanguage":"pt-PT","@id":"https:\/\/www.distribucionarc.com\/hr\/producto\/maquina-profesional-para-leche-vegetal\/#primaryimage","url":"https:\/\/distribucionarc.com\/wp-content\/uploads\/2020\/07\/M\u00e1quina-profesional-para-leche-vegetal-0.jpg","contentUrl":"https:\/\/distribucionarc.com\/wp-content\/uploads\/2020\/07\/M\u00e1quina-profesional-para-leche-vegetal-0.jpg","width":1600,"height":1600,"caption":"M\u00e1quina profesional para leche vegetal"},{"@type":"BreadcrumbList","@id":"https:\/\/www.distribucionarc.com\/hr\/producto\/maquina-profesional-para-leche-vegetal\/#breadcrumb","itemListElement":[{"@type":"ListItem","position":1,"name":"Portada","item":"https:\/\/distribucionarc.com\/nb\/"},{"@type":"ListItem","position":2,"name":"Products","item":"https:\/\/www.distribucionarc.com\/en\/shop\/"},{"@type":"ListItem","position":3,"name":"Maquina profesional para leche vegetal"}]},{"@type":"WebSite","@id":"https:\/\/distribucionarc.com\/bg\/#website","url":"https:\/\/distribucionarc.com\/bg\/","name":"Distribui\u00e7\u00e3o ARC","description":"Empresa especializada no fabrico e distribui\u00e7\u00e3o de m\u00e1quinas industriais, m\u00e1quinas de selar latas, m\u00e1quinas de fazer comprimidos, m\u00e1quinas de cortar carne...","publisher":{"@id":"https:\/\/distribucionarc.com\/bg\/#organization"},"potentialAction":[{"@type":"SearchAction","target":{"@type":"EntryPoint","urlTemplate":"https:\/\/distribucionarc.com\/bg\/?s={search_term_string}"},"query-input":{"@type":"PropertyValueSpecification","valueRequired":true,"valueName":"search_term_string"}}],"inLanguage":"pt-PT"},{"@type":"Organization","@id":"https:\/\/distribucionarc.com\/bg\/#organization","name":"Distribui\u00e7\u00e3o ARC","url":"https:\/\/distribucionarc.com\/bg\/","logo":{"@type":"ImageObject","inLanguage":"pt-PT","@id":"https:\/\/distribucionarc.com\/bg\/#\/schema\/logo\/image\/","url":"https:\/\/distribucionarc.com\/wp-content\/uploads\/2024\/10\/distribucion-ARC-COLOR-SIN-FONDO-e1732295305345.png","contentUrl":"https:\/\/distribucionarc.com\/wp-content\/uploads\/2024\/10\/distribucion-ARC-COLOR-SIN-FONDO-e1732295305345.png","width":1164,"height":558,"caption":"Distribuci\u00f3n ARC"},"image":{"@id":"https:\/\/distribucionarc.com\/bg\/#\/schema\/logo\/image\/"},"description":"Empresa especializada no fabrico e distribui\u00e7\u00e3o de m\u00e1quinas industriais para os sectores alimentar e farmac\u00eautico. Somos especializados em: M\u00e1quinas de cortar carne Fabrico de comprimidos Sistemas de transporte industrial Linhas de engarrafamento Dispensadores E muito mais... Oferecemos solu\u00e7\u00f5es inovadoras e personalizadas para otimizar os processos de produ\u00e7\u00e3o da sua empresa.","email":"Admistracion@distribucionarc.com","telephone":"+34 643496664","legalName":"ARC TECH SOLUTIONS","foundingDate":"2024-04-09","vatID":"B55480172","numberOfEmployees":{"@type":"QuantitativeValue","minValue":"1","maxValue":"10"}}]}},"_links":{"self":[{"href":"https:\/\/distribucionarc.com\/pt\/wp-json\/wp\/v2\/product\/1443","targetHints":{"allow":["GET"]}}],"collection":[{"href":"https:\/\/distribucionarc.com\/pt\/wp-json\/wp\/v2\/product"}],"about":[{"href":"https:\/\/distribucionarc.com\/pt\/wp-json\/wp\/v2\/types\/product"}],"replies":[{"embeddable":true,"href":"https:\/\/distribucionarc.com\/pt\/wp-json\/wp\/v2\/comments?post=1443"}],"version-history":[{"count":0,"href":"https:\/\/distribucionarc.com\/pt\/wp-json\/wp\/v2\/product\/1443\/revisions"}],"wp:featuredmedia":[{"embeddable":true,"href":"https:\/\/distribucionarc.com\/pt\/wp-json\/wp\/v2\/media\/1450"}],"wp:attachment":[{"href":"https:\/\/distribucionarc.com\/pt\/wp-json\/wp\/v2\/media?parent=1443"}],"wp:term":[{"taxonomy":"product_brand","embeddable":true,"href":"https:\/\/distribucionarc.com\/pt\/wp-json\/wp\/v2\/product_brand?post=1443"},{"taxonomy":"product_cat","embeddable":true,"href":"https:\/\/distribucionarc.com\/pt\/wp-json\/wp\/v2\/product_cat?post=1443"},{"taxonomy":"product_tag","embeddable":true,"href":"https:\/\/distribucionarc.com\/pt\/wp-json\/wp\/v2\/product_tag?post=1443"}],"curies":[{"name":"wp","href":"https:\/\/api.w.org\/{rel}","templated":true}]}}