{"id":1474,"date":"2020-07-25T09:37:55","date_gmt":"2020-07-25T09:37:55","guid":{"rendered":"https:\/\/distribucionarc.com\/?post_type=product&#038;p=1474"},"modified":"2023-01-06T16:48:38","modified_gmt":"2023-01-06T16:48:38","slug":"fritadeira-electrica-para-peixe-batata-frito-2x10l","status":"publish","type":"product","link":"https:\/\/distribucionarc.com\/pt\/producto\/freidora-electrica-para-pescado-frito-patatas-2x10l\/","title":{"rendered":"Fritadeira El\u00e9trica para Peixe Frito, Batatas, 2x10L"},"content":{"rendered":"<h2>Fritadeira El\u00e9trica para Peixe Frito, Batatas, 2x10L<\/h2>\n<div class=\"icon-body\">\n<div class=\"icon-text\">\n<p>O <strong>fritadeira el\u00e9trica <span style=\"color: #ff0000;\">PARA<\/span><span style=\"color: #0000ff;\">R<\/span>c<\/strong>\u00a0 Separa os restos de alimentos que possam permanecer no cesto e que se acumulam no fundo do cesto, na chamada zona fria, para que n\u00e3o queimem. Desta forma o azeite mant\u00e9m o seu sabor natural. Al\u00e9m disso, drenar o \u00f3leo \u00e9 simples.<\/p>\n<\/div>\n<\/div>\n<div class=\"icon-body\">\n<div class=\"product_icon_voltage svg-icon\"><span style=\"font-size: 16px;\">Gra\u00e7as ao alto desempenho do<\/span><strong style=\"font-size: 16px;\">\u00a0elemento de aquecimento<\/strong><span style=\"font-size: 16px;\"> remov\u00edvel<strong> 2500<\/strong><\/span><span style=\"font-size: 16px;\">\u00a0<\/span><strong style=\"font-size: 16px;\">watt<\/strong>, o \u00f3leo do <strong style=\"font-size: 16px;\">fritadeira<\/strong> Atinge rapidamente a temperatura m\u00e1xima de 200 \u00b0C. Para melhores resultados, o termostato de alta sensibilidade mant\u00e9m o calor do tanque de \u00f3leo a uma temperatura constante. Com a fritadeira <strong><span style=\"color: #ff0000;\">PARA<\/span><span style=\"color: #0000ff;\">R<\/span>CFE20<\/strong> Esta temperatura \u00e9 atingida muito rapidamente e com uma placa eletr\u00f3nica inteligente, o consumo de eletricidade \u00e9 reduzido ao m\u00ednimo quando o \u00f3leo est\u00e1 quente. Caso o \u00f3leo superaque\u00e7a ou a cabe\u00e7a de aquecimento seja removida, um fus\u00edvel desconecta automaticamente a unidade.<\/div>\n<\/div>\n<div class=\"icon-body\">\n<div class=\"product_icon_durable svg-icon\"><\/div>\n<div class=\"icon-text\">\n<p>A capa de design moderno, fabricada em\u00a0<strong>a\u00e7o inoxid\u00e1vel de longa vida<\/strong>, \u00e9 muito resistente e, gra\u00e7as \u00e0 sua resist\u00eancia remov\u00edvel, f\u00e1cil de limpar. Escolha hoje uma fritadeira el\u00e9trica potente \u2013 seus clientes e convidados v\u00e3o agradecer.<\/p>\n<\/div>\n<h6>Garantia<strong><span style=\"color: #ff0000;\"> PARA<\/span><span style=\"color: #0000ff;\">R<\/span>C 2 ANOS<\/strong><\/h6>\n<h6><span style=\"color: #008000;\">Fritadeira el\u00e9trica eficiente, baixo consumo 2500w<\/span><\/h6>\n<h6>suporte t\u00e9cnico inclu\u00eddo.<\/h6>\n<\/div>\n<p>&nbsp;<\/p>\n<table role=\"presentation\" width=\"100%\" cellspacing=\"0\" cellpadding=\"0\">\n<tbody>\n<tr>\n<td class=\"attrLabels\">Temperatura:<\/td>\n<td width=\"50.0%\">60-200\u00baC<\/td>\n<\/tr>\n<tr>\n<td class=\"attrLabels\">Pa\u00eds de distribui\u00e7\u00e3o:<\/td>\n<td width=\"50.0%\">Espanha, Alemanha, EUA<\/td>\n<td class=\"attrLabels\">Peso:<\/td>\n<td width=\"50.0%\">25,kg<\/td>\n<\/tr>\n<tr>\n<td class=\"attrLabels\">Marca:<\/td>\n<td width=\"50.0%\">ARCO<\/td>\n<td class=\"attrLabels\">Altura:<\/td>\n<td width=\"50.0%\">49cm<\/td>\n<\/tr>\n<tr>\n<td class=\"attrLabels\">Cor:<\/td>\n<td width=\"50.0%\">Prata<\/td>\n<td class=\"attrLabels\">Longo:<\/td>\n<td width=\"50.0%\">57cm<\/td>\n<\/tr>\n<tr>\n<td class=\"attrLabels\">Tipo de produto:<\/td>\n<td width=\"50.0%\">forno de pedra<\/td>\n<td class=\"attrLabels\">Largo:<\/td>\n<td width=\"50.0%\">35cm<\/td>\n<\/tr>\n<tr>\n<td class=\"attrLabels\">N\u00famero do fabricante:<\/td>\n<td width=\"50.0%\">ARCFE20<\/td>\n<td class=\"attrLabels\">Poder:<\/td>\n<td width=\"50.0%\">5000 W<\/td>\n<\/tr>\n<tr>\n<td class=\"attrLabels\">Material:<\/td>\n<td width=\"50.0%\">em a\u00e7o inoxid\u00e1vel, com controle de temperatura<\/td>\n<td class=\"attrLabels\">tens\u00e3o de entrada<\/td>\n<td width=\"50.0%\">220 V \u2013 50 Hz<\/td>\n<\/tr>\n<tr>\n<td class=\"attrLabels\">Litros:<\/td>\n<td width=\"50.0%\">10x2<\/td>\n<td class=\"attrLabels\">Garantia:<\/td>\n<td width=\"50.0%\">2 ANOS<\/td>\n<\/tr>\n<tr>\n<td class=\"attrLabels\">Ferramentas de instala\u00e7\u00e3o:<\/td>\n<td width=\"50.0%\">Sim<\/td>\n<td class=\"attrLabels\"><\/td>\n<td width=\"50.0%\"><\/td>\n<\/tr>\n<\/tbody>\n<\/table>\n<p>&nbsp;<\/p>","protected":false},"excerpt":{"rendered":"<h2>Fritadeira El\u00e9trica para Peixe Frito, Batatas, 2x10L<\/h2>\n<div class=\"description-row description-text\">\n<p>O<strong> fritadeira el\u00e9trica<\/strong> de <strong><span style=\"color: #ff0000;\">PARA<\/span><span style=\"color: #0000ff;\">R<\/span>c<\/strong> Ele foi projetado para uso profissional. permite preparar deliciosas frituras com conforto, independentemente do tipo de pratos que pretenda preparar. Ideal para o seu restaurante ou bar, permitir\u00e1 oferecer experi\u00eancias gastron\u00f3micas extraordin\u00e1rias.<\/p>\n<\/div>\n<div class=\"product-icon--wrapper\">\n<div class=\"product--icon\">\n<div class=\"icon-body\">\n<div class=\"product_icon_container svg-icon\"><span style=\"font-size: 16px;\">Esse <strong>fritadeira <span style=\"color: #ff0000;\">PARA<\/span><span style=\"color: #0000ff;\">R<\/span>CFE20<\/strong> Possui capacidade m\u00e1xima de \u00f3leo de at\u00e9 10 litros e <\/span><strong style=\"font-size: 16px;\">volume total de 20 litros<\/strong><span style=\"font-size: 16px;\">. Voc\u00ea pode utiliz\u00e1-lo profissionalmente de uma forma muito vers\u00e1til, sendo especialmente adequado para preparar\u00a0<\/span><strong style=\"font-size: 16px;\">peixe<\/strong><span style=\"font-size: 16px;\">, aperitivos ou batatas fritas.<\/span><\/div>\n<\/div>\n<div><\/div>\n<\/div>\n<\/div>\n<div>\n<h6>Garantia<strong><span style=\"color: #ff0000;\"> PARA<\/span><span style=\"color: #0000ff;\">R<\/span>C 2 ANOS<\/strong><\/h6>\n<h6><span style=\"color: #008000;\">Fritadeira el\u00e9trica eficiente, baixo consumo 2500w<\/span><\/h6>\n<h6>suporte t\u00e9cnico inclu\u00eddo.<\/h6>\n<\/div>","protected":false},"featured_media":1483,"comment_status":"open","ping_status":"closed","template":"","meta":{"wds_primary_product_brand":0,"wds_primary_product_cat":0},"product_brand":[],"product_cat":[38],"product_tag":[],"class_list":{"0":"post-1474","1":"product","2":"type-product","3":"status-publish","4":"has-post-thumbnail","6":"product_cat-freidoras","7":"product_shipping_class-hosteleria","9":"first","10":"instock","11":"taxable","12":"shipping-taxable","13":"purchasable","14":"product-type-simple"},"yoast_head":"<!-- This site is optimized with the Yoast SEO Premium plugin v24.9 (Yoast SEO v26.1) - https:\/\/yoast.com\/wordpress\/plugins\/seo\/ -->\n<title>Freidora el\u00e9ctrica para pescado frito, patatas, 2x10L - distribuci\u00f3n ARC<\/title>\n<meta name=\"robots\" content=\"index, follow, max-snippet:-1, max-image-preview:large, max-video-preview:-1\" \/>\n<link rel=\"canonical\" href=\"https:\/\/distribucionarc.com\/pt\/produto\/fritadeira-electrica-para-peixe-batata-frito-2x10l\/\" \/>\n<meta property=\"og:locale\" content=\"pt_PT\" \/>\n<meta property=\"og:type\" content=\"article\" \/>\n<meta property=\"og:title\" content=\"Freidora el\u00e9ctrica para pescado frito, patatas, 2x10L\" \/>\n<meta property=\"og:description\" content=\"Freidora el\u00e9ctrica para pescado frito, patatas, 2x10L   La freidora el\u00e9ctrica de ARC est\u00e1 dise\u00f1ada para uso profesional. le permite preparar fritura deliciosa de manera c\u00f3moda independientemente del tipo de platos que desees preparar. Ideal para tu restaurante o bar, te permitir\u00e1 ofrecer extraordinarias experiencias gastron\u00f3micas.      Esta freidora ARCFE20 tiene una capacidad m\u00e1xima de aceite de hasta 10 litros y un volumen total de 20 litros. Podr\u00e1s utilizarla profesionalmente de manera muy vers\u00e1til, siendo especialmente adecuada para preparar\u00a0pescado, aperitivos o patatas fritas.      Garant\u00eda ARC 2 A\u00d1OS Freidora el\u00e9ctrica eficiente, bajo consumo 2500w soporte t\u00e9cnico\u00a0incluido.\" \/>\n<meta property=\"og:url\" content=\"https:\/\/distribucionarc.com\/pt\/produto\/fritadeira-electrica-para-peixe-batata-frito-2x10l\/\" \/>\n<meta property=\"og:site_name\" content=\"distribuci\u00f3n ARC\" \/>\n<meta property=\"article:modified_time\" content=\"2023-01-06T16:48:38+00:00\" \/>\n<meta property=\"og:image\" content=\"https:\/\/distribucionarc.com\/wp-content\/uploads\/2020\/07\/Freidora-el\u00e9ctrica-para-pescado-frito-patatas-2x-10L-0.jpg\" \/>\n\t<meta property=\"og:image:width\" content=\"1600\" \/>\n\t<meta property=\"og:image:height\" content=\"1600\" \/>\n\t<meta property=\"og:image:type\" content=\"image\/jpeg\" \/>\n<meta name=\"twitter:card\" content=\"summary_large_image\" \/>\n<meta name=\"twitter:label1\" content=\"Tempo estimado de leitura\" \/>\n\t<meta name=\"twitter:data1\" content=\"1 minuto\" \/>\n<script type=\"application\/ld+json\" class=\"yoast-schema-graph\">{\"@context\":\"https:\/\/schema.org\",\"@graph\":[{\"@type\":\"WebPage\",\"@id\":\"https:\/\/distribucionarc.com\/pt\/producto\/freidora-electrica-para-pescado-frito-patatas-2x10l\/\",\"url\":\"https:\/\/distribucionarc.com\/pt\/producto\/freidora-electrica-para-pescado-frito-patatas-2x10l\/\",\"name\":\"Freidora el\u00e9ctrica para pescado frito, patatas, 2x10L - distribuci\u00f3n ARC\",\"isPartOf\":{\"@id\":\"https:\/\/distribucionarc.com\/de\/#website\"},\"primaryImageOfPage\":{\"@id\":\"https:\/\/distribucionarc.com\/pt\/producto\/freidora-electrica-para-pescado-frito-patatas-2x10l\/#primaryimage\"},\"image\":{\"@id\":\"https:\/\/distribucionarc.com\/pt\/producto\/freidora-electrica-para-pescado-frito-patatas-2x10l\/#primaryimage\"},\"thumbnailUrl\":\"https:\/\/distribucionarc.com\/wp-content\/uploads\/2020\/07\/Freidora-el\u00e9ctrica-para-pescado-frito-patatas-2x-10L-0.jpg\",\"datePublished\":\"2020-07-25T09:37:55+00:00\",\"dateModified\":\"2023-01-06T16:48:38+00:00\",\"breadcrumb\":{\"@id\":\"https:\/\/distribucionarc.com\/pt\/producto\/freidora-electrica-para-pescado-frito-patatas-2x10l\/#breadcrumb\"},\"inLanguage\":\"pt-PT\",\"potentialAction\":[{\"@type\":\"ReadAction\",\"target\":[\"https:\/\/distribucionarc.com\/pt\/producto\/freidora-electrica-para-pescado-frito-patatas-2x10l\/\"]}]},{\"@type\":\"ImageObject\",\"inLanguage\":\"pt-PT\",\"@id\":\"https:\/\/distribucionarc.com\/pt\/producto\/freidora-electrica-para-pescado-frito-patatas-2x10l\/#primaryimage\",\"url\":\"https:\/\/distribucionarc.com\/wp-content\/uploads\/2020\/07\/Freidora-el\u00e9ctrica-para-pescado-frito-patatas-2x-10L-0.jpg\",\"contentUrl\":\"https:\/\/distribucionarc.com\/wp-content\/uploads\/2020\/07\/Freidora-el\u00e9ctrica-para-pescado-frito-patatas-2x-10L-0.jpg\",\"width\":1600,\"height\":1600,\"caption\":\"Freidora el\u00e9ctrica para pescado frito patatas 2x10L\"},{\"@type\":\"BreadcrumbList\",\"@id\":\"https:\/\/distribucionarc.com\/pt\/producto\/freidora-electrica-para-pescado-frito-patatas-2x10l\/#breadcrumb\",\"itemListElement\":[{\"@type\":\"ListItem\",\"position\":1,\"name\":\"Portada\",\"item\":\"https:\/\/distribucionarc.com\/pl\/\"},{\"@type\":\"ListItem\",\"position\":2,\"name\":\"Produkty\",\"item\":\"https:\/\/distribucionarc.com\/pl\/shop\/\"},{\"@type\":\"ListItem\",\"position\":3,\"name\":\"Freidora el\u00e9ctrica para pescado frito, patatas, 2x10L\"}]},{\"@type\":\"WebSite\",\"@id\":\"https:\/\/distribucionarc.com\/de\/#website\",\"url\":\"https:\/\/distribucionarc.com\/de\/\",\"name\":\"distribuci\u00f3n ARC\",\"description\":\"Empresa especializada en la fabricaci\u00f3n y distribuci\u00f3n de maquinaria industrial, selladoras de latas, Maquinas de hacer pastillas, Maquinas de cortar carne...\",\"publisher\":{\"@id\":\"https:\/\/distribucionarc.com\/de\/#organization\"},\"potentialAction\":[{\"@type\":\"SearchAction\",\"target\":{\"@type\":\"EntryPoint\",\"urlTemplate\":\"https:\/\/distribucionarc.com\/de\/?s={search_term_string}\"},\"query-input\":{\"@type\":\"PropertyValueSpecification\",\"valueRequired\":true,\"valueName\":\"search_term_string\"}}],\"inLanguage\":\"pt-PT\"},{\"@type\":\"Organization\",\"@id\":\"https:\/\/distribucionarc.com\/de\/#organization\",\"name\":\"Distribuci\u00f3n ARC\",\"url\":\"https:\/\/distribucionarc.com\/de\/\",\"logo\":{\"@type\":\"ImageObject\",\"inLanguage\":\"pt-PT\",\"@id\":\"https:\/\/distribucionarc.com\/de\/#\/schema\/logo\/image\/\",\"url\":\"https:\/\/distribucionarc.com\/wp-content\/uploads\/2024\/10\/distribucion-ARC-COLOR-SIN-FONDO-e1732295305345.png\",\"contentUrl\":\"https:\/\/distribucionarc.com\/wp-content\/uploads\/2024\/10\/distribucion-ARC-COLOR-SIN-FONDO-e1732295305345.png\",\"width\":1164,\"height\":558,\"caption\":\"Distribuci\u00f3n ARC\"},\"image\":{\"@id\":\"https:\/\/distribucionarc.com\/de\/#\/schema\/logo\/image\/\"},\"description\":\"Empresa especializada en la fabricaci\u00f3n y distribuci\u00f3n de maquinaria industrial para los sectores alimentario y farmac\u00e9utico. Nos especializamos en: M\u00e1quinas de cortar carne Fabricaci\u00f3n de comprimidos Sistemas de transporte industrial L\u00edneas de embotellado Dosificadores Y mucho m\u00e1s... Ofrecemos soluciones innovadoras y personalizadas para optimizar los procesos productivos de tu empresa.\",\"email\":\"Admistracion@distribucionarc.com\",\"telephone\":\"+34 643496664\",\"legalName\":\"ARC TECH SOLUTIONS\",\"foundingDate\":\"2024-04-09\",\"vatID\":\"B55480172\",\"numberOfEmployees\":{\"@type\":\"QuantitativeValue\",\"minValue\":\"1\",\"maxValue\":\"10\"}}]}<\/script>\n<!-- \/ Yoast SEO Premium plugin. -->","yoast_head_json":{"title":"Fritadeira el\u00e9trica para peixe frito, batatas, 2x10L - distribui\u00e7\u00e3o ARC","robots":{"index":"index","follow":"follow","max-snippet":"max-snippet:-1","max-image-preview":"max-image-preview:large","max-video-preview":"max-video-preview:-1"},"canonical":"https:\/\/distribucionarc.com\/pt\/produto\/fritadeira-electrica-para-peixe-batata-frito-2x10l\/","og_locale":"pt_PT","og_type":"article","og_title":"Freidora el\u00e9ctrica para pescado frito, patatas, 2x10L","og_description":"Freidora el\u00e9ctrica para pescado frito, patatas, 2x10L   La freidora el\u00e9ctrica de ARC est\u00e1 dise\u00f1ada para uso profesional. le permite preparar fritura deliciosa de manera c\u00f3moda independientemente del tipo de platos que desees preparar. Ideal para tu restaurante o bar, te permitir\u00e1 ofrecer extraordinarias experiencias gastron\u00f3micas.      Esta freidora ARCFE20 tiene una capacidad m\u00e1xima de aceite de hasta 10 litros y un volumen total de 20 litros. Podr\u00e1s utilizarla profesionalmente de manera muy vers\u00e1til, siendo especialmente adecuada para preparar\u00a0pescado, aperitivos o patatas fritas.      Garant\u00eda ARC 2 A\u00d1OS Freidora el\u00e9ctrica eficiente, bajo consumo 2500w soporte t\u00e9cnico\u00a0incluido.","og_url":"https:\/\/distribucionarc.com\/pt\/produto\/fritadeira-electrica-para-peixe-batata-frito-2x10l\/","og_site_name":"distribuci\u00f3n ARC","article_modified_time":"2023-01-06T16:48:38+00:00","og_image":[{"width":1600,"height":1600,"url":"https:\/\/distribucionarc.com\/wp-content\/uploads\/2020\/07\/Freidora-el\u00e9ctrica-para-pescado-frito-patatas-2x-10L-0.jpg","type":"image\/jpeg"}],"twitter_card":"summary_large_image","twitter_misc":{"Tempo estimado de leitura":"1 minuto"},"schema":{"@context":"https:\/\/schema.org","@graph":[{"@type":"WebPage","@id":"https:\/\/distribucionarc.com\/pt\/producto\/freidora-electrica-para-pescado-frito-patatas-2x10l\/","url":"https:\/\/distribucionarc.com\/pt\/producto\/freidora-electrica-para-pescado-frito-patatas-2x10l\/","name":"Fritadeira el\u00e9trica para peixe frito, batatas, 2x10L - distribui\u00e7\u00e3o ARC","isPartOf":{"@id":"https:\/\/distribucionarc.com\/de\/#website"},"primaryImageOfPage":{"@id":"https:\/\/distribucionarc.com\/pt\/producto\/freidora-electrica-para-pescado-frito-patatas-2x10l\/#primaryimage"},"image":{"@id":"https:\/\/distribucionarc.com\/pt\/producto\/freidora-electrica-para-pescado-frito-patatas-2x10l\/#primaryimage"},"thumbnailUrl":"https:\/\/distribucionarc.com\/wp-content\/uploads\/2020\/07\/Freidora-el\u00e9ctrica-para-pescado-frito-patatas-2x-10L-0.jpg","datePublished":"2020-07-25T09:37:55+00:00","dateModified":"2023-01-06T16:48:38+00:00","breadcrumb":{"@id":"https:\/\/distribucionarc.com\/pt\/producto\/freidora-electrica-para-pescado-frito-patatas-2x10l\/#breadcrumb"},"inLanguage":"pt-PT","potentialAction":[{"@type":"ReadAction","target":["https:\/\/distribucionarc.com\/pt\/producto\/freidora-electrica-para-pescado-frito-patatas-2x10l\/"]}]},{"@type":"ImageObject","inLanguage":"pt-PT","@id":"https:\/\/distribucionarc.com\/pt\/producto\/freidora-electrica-para-pescado-frito-patatas-2x10l\/#primaryimage","url":"https:\/\/distribucionarc.com\/wp-content\/uploads\/2020\/07\/Freidora-el\u00e9ctrica-para-pescado-frito-patatas-2x-10L-0.jpg","contentUrl":"https:\/\/distribucionarc.com\/wp-content\/uploads\/2020\/07\/Freidora-el\u00e9ctrica-para-pescado-frito-patatas-2x-10L-0.jpg","width":1600,"height":1600,"caption":"Freidora el\u00e9ctrica para pescado frito patatas 2x10L"},{"@type":"BreadcrumbList","@id":"https:\/\/distribucionarc.com\/pt\/producto\/freidora-electrica-para-pescado-frito-patatas-2x10l\/#breadcrumb","itemListElement":[{"@type":"ListItem","position":1,"name":"Portada","item":"https:\/\/distribucionarc.com\/pl\/"},{"@type":"ListItem","position":2,"name":"Produkty","item":"https:\/\/distribucionarc.com\/pl\/shop\/"},{"@type":"ListItem","position":3,"name":"Freidora el\u00e9ctrica para pescado frito, patatas, 2x10L"}]},{"@type":"WebSite","@id":"https:\/\/distribucionarc.com\/de\/#website","url":"https:\/\/distribucionarc.com\/de\/","name":"Distribui\u00e7\u00e3o ARC","description":"Empresa especializada no fabrico e distribui\u00e7\u00e3o de m\u00e1quinas industriais, m\u00e1quinas de selar latas, m\u00e1quinas de fazer comprimidos, m\u00e1quinas de cortar carne...","publisher":{"@id":"https:\/\/distribucionarc.com\/de\/#organization"},"potentialAction":[{"@type":"SearchAction","target":{"@type":"EntryPoint","urlTemplate":"https:\/\/distribucionarc.com\/de\/?s={search_term_string}"},"query-input":{"@type":"PropertyValueSpecification","valueRequired":true,"valueName":"search_term_string"}}],"inLanguage":"pt-PT"},{"@type":"Organization","@id":"https:\/\/distribucionarc.com\/de\/#organization","name":"Distribui\u00e7\u00e3o ARC","url":"https:\/\/distribucionarc.com\/de\/","logo":{"@type":"ImageObject","inLanguage":"pt-PT","@id":"https:\/\/distribucionarc.com\/de\/#\/schema\/logo\/image\/","url":"https:\/\/distribucionarc.com\/wp-content\/uploads\/2024\/10\/distribucion-ARC-COLOR-SIN-FONDO-e1732295305345.png","contentUrl":"https:\/\/distribucionarc.com\/wp-content\/uploads\/2024\/10\/distribucion-ARC-COLOR-SIN-FONDO-e1732295305345.png","width":1164,"height":558,"caption":"Distribuci\u00f3n ARC"},"image":{"@id":"https:\/\/distribucionarc.com\/de\/#\/schema\/logo\/image\/"},"description":"Empresa especializada no fabrico e distribui\u00e7\u00e3o de m\u00e1quinas industriais para os sectores alimentar e farmac\u00eautico. Somos especializados em: M\u00e1quinas de cortar carne Fabrico de comprimidos Sistemas de transporte industrial Linhas de engarrafamento Dispensadores E muito mais... Oferecemos solu\u00e7\u00f5es inovadoras e personalizadas para otimizar os processos de produ\u00e7\u00e3o da sua empresa.","email":"Admistracion@distribucionarc.com","telephone":"+34 643496664","legalName":"ARC TECH SOLUTIONS","foundingDate":"2024-04-09","vatID":"B55480172","numberOfEmployees":{"@type":"QuantitativeValue","minValue":"1","maxValue":"10"}}]}},"_links":{"self":[{"href":"https:\/\/distribucionarc.com\/pt\/wp-json\/wp\/v2\/product\/1474","targetHints":{"allow":["GET"]}}],"collection":[{"href":"https:\/\/distribucionarc.com\/pt\/wp-json\/wp\/v2\/product"}],"about":[{"href":"https:\/\/distribucionarc.com\/pt\/wp-json\/wp\/v2\/types\/product"}],"replies":[{"embeddable":true,"href":"https:\/\/distribucionarc.com\/pt\/wp-json\/wp\/v2\/comments?post=1474"}],"version-history":[{"count":0,"href":"https:\/\/distribucionarc.com\/pt\/wp-json\/wp\/v2\/product\/1474\/revisions"}],"wp:featuredmedia":[{"embeddable":true,"href":"https:\/\/distribucionarc.com\/pt\/wp-json\/wp\/v2\/media\/1483"}],"wp:attachment":[{"href":"https:\/\/distribucionarc.com\/pt\/wp-json\/wp\/v2\/media?parent=1474"}],"wp:term":[{"taxonomy":"product_brand","embeddable":true,"href":"https:\/\/distribucionarc.com\/pt\/wp-json\/wp\/v2\/product_brand?post=1474"},{"taxonomy":"product_cat","embeddable":true,"href":"https:\/\/distribucionarc.com\/pt\/wp-json\/wp\/v2\/product_cat?post=1474"},{"taxonomy":"product_tag","embeddable":true,"href":"https:\/\/distribucionarc.com\/pt\/wp-json\/wp\/v2\/product_tag?post=1474"}],"curies":[{"name":"wp","href":"https:\/\/api.w.org\/{rel}","templated":true}]}}