{"id":1495,"date":"2020-07-25T13:22:21","date_gmt":"2020-07-25T13:22:21","guid":{"rendered":"https:\/\/distribucionarc.com\/?post_type=product&#038;p=1495"},"modified":"2020-09-27T10:00:40","modified_gmt":"2020-09-27T10:00:40","slug":"fumante-churrasco-profissional","status":"publish","type":"product","link":"https:\/\/distribucionarc.com\/pt\/producto\/ahumador-barbacoa-profesional\/","title":{"rendered":"Fumante profissional de churrasco"},"content":{"rendered":"<h3>Fumante profissional de churrasco<\/h3>\n<p>Esse <strong>churrasqueira el\u00e9trica<\/strong> de<strong><span style=\"color: red;\"> PARA<\/span><span style=\"color: blue;\">R<\/span>c<\/strong> \u00c9 feito de a\u00e7o inoxid\u00e1vel muito dur\u00e1vel e de melhor qualidade alimentar. Seu motor eficiente <strong><span style=\"color: green;\">ajudar\u00e1 a economizar no consumo de energia.<\/span><\/strong><\/p>\n<p>Com isso <strong>fumante el\u00e9trico <span style=\"color: red;\">PARA<\/span><span style=\"color: blue;\">R<\/span>CBAP01<\/strong> Voc\u00ea pode cozinhar e defumar ao mesmo tempo para melhor dar um toque \u00fanico aos seus pratos, f\u00e1ceis de usar; Basta conectar a churrasqueira, ligar a resist\u00eancia e pronto.<\/p>\n<p>Voc\u00ea pode abrir o <strong>Fumante el\u00e9trico ARC<\/strong> Para um controlo mais constante, tr\u00eas prateleiras cromadas de 40 x 25 cm oferecem muito espa\u00e7o enquanto tr\u00eas ganchos permitem pendurar salsichas, presuntos, etc. Uma bandeja coletora remov\u00edvel coleta condensa\u00e7\u00e3o e gordura, facilitando a limpeza. A intensidade da fuma\u00e7a pode ser convenientemente ajustada gra\u00e7as \u00e0 porta de ventila\u00e7\u00e3o na parte traseira do fumante el\u00e9trico.<\/p>\n<h6><\/h6>\n<h6><strong>Garantia\u00a0<span style=\"color: #ff0000;\">PARA<\/span><span style=\"color: #0000ff;\">R<\/span>C 2 ANOS<\/strong><\/h6>\n<h6><span style=\"color: #008000;\">Churrasqueira el\u00e9trica eficiente, baixo consumo 1400w<\/span><\/h6>\n<h6><strong>suporte t\u00e9cnico inclu\u00eddo<\/strong><\/h6>\n<p>&nbsp;<\/p>\n<table role=\"presentation\" width=\"100%\" cellspacing=\"0\" cellpadding=\"0\">\n<tbody>\n<tr>\n<td class=\"attrLabels\">Temperatura:<\/td>\n<td width=\"50.0%\">50-300\u00baC<\/td>\n<\/tr>\n<tr>\n<td class=\"attrLabels\">Pa\u00eds de distribui\u00e7\u00e3o:<\/td>\n<td width=\"50.0%\">Espanha, Alemanha, EUA<\/td>\n<td class=\"attrLabels\">Peso:<\/td>\n<td width=\"50.0%\">13,5kg<\/td>\n<\/tr>\n<tr>\n<td class=\"attrLabels\">Marca:<\/td>\n<td width=\"50.0%\">ARCO<\/td>\n<td class=\"attrLabels\">Altura:<\/td>\n<td width=\"50.0%\">74cm<\/td>\n<\/tr>\n<tr>\n<td class=\"attrLabels\">Cor:<\/td>\n<td width=\"50.0%\">Prata<\/td>\n<td class=\"attrLabels\">Longo:<\/td>\n<td width=\"50.0%\">54cm<\/td>\n<\/tr>\n<tr>\n<td class=\"attrLabels\">Tipo de produto:<\/td>\n<td width=\"50.0%\">\u00a0grelha el\u00e9trica de cozinha<\/td>\n<td class=\"attrLabels\">Largo:<\/td>\n<td width=\"50.0%\">45cm<\/td>\n<\/tr>\n<tr>\n<td class=\"attrLabels\">N\u00famero do fabricante:<\/td>\n<td width=\"50.0%\">ARCBAP01<\/td>\n<td class=\"attrLabels\">dimens\u00f5es internas:<\/td>\n<td width=\"50.0%\">45x57,5x29cm<\/td>\n<\/tr>\n<tr>\n<td class=\"attrLabels\">Material:<\/td>\n<td width=\"50.0%\">em a\u00e7o inoxid\u00e1vel, grelha, controle de temperatura<\/td>\n<td class=\"attrLabels\">Tens\u00e3o de entrada:<\/td>\n<td width=\"50.0%\">220 V \u2013 50 Hz<\/td>\n<\/tr>\n<tr>\n<td class=\"attrLabels\">N\u00edveis:<\/td>\n<td width=\"50.0%\">Op\u00e7\u00e3o de 3 mais 3 ganchos<\/td>\n<td class=\"attrLabels\">\u00a0Poder:<\/td>\n<td width=\"50.0%\">1400 W<\/td>\n<\/tr>\n<tr>\n<td class=\"attrLabels\">Tamanho do ferro:<\/td>\n<td width=\"50.0%\">40x25cm<\/td>\n<td class=\"attrLabels\">Garantia:<\/td>\n<td width=\"50.0%\">2 ANOS<\/td>\n<\/tr>\n<\/tbody>\n<\/table>","protected":false},"excerpt":{"rendered":"<h2>Fumante profissional de churrasco<\/h2>\n<p>Esse<strong> churrasqueira el\u00e9trica <\/strong>ir\u00e1 ajud\u00e1-lo a dar um toque extra de sabor \u00e0 sua cozinha, o<strong> Fumante de churrasco el\u00e9trico <span style=\"color: #ff0000;\">PARA<\/span><span style=\"color: #0000ff;\">R<\/span>c<\/strong> Possui 1400W de pot\u00eancia para assar delicadamente peixes, carnes, salsichas, tofu, vegetais, etc.<\/p>\n<p>O f\u00e1cil manuseio de prepara\u00e7\u00e3o e igni\u00e7\u00e3o do <strong>fumante el\u00e9trico<\/strong> Ir\u00e1 ajud\u00e1-lo a poupar tempo para que os seus clientes possam desfrutar de pratos requintados que preservam a cozedura e o sabor de um aut\u00eantico assado. Feito do melhor a\u00e7o inoxid\u00e1vel de qualidade alimentar.  Esse<strong> churrasqueira el\u00e9trica<\/strong> <span style=\"color: #ff0000;\"><strong>PARA<\/strong><\/span><span style=\"color: #0000ff;\"><strong>R<\/strong><\/span><strong>CBAP01<\/strong> Isso tornar\u00e1 o seu lugar diferente dos outros. Possui porta de ventila\u00e7\u00e3o na parte traseira, term\u00f4metro at\u00e9 300\u00baC na porta e al\u00e7a de transporte na parte superior.<\/p>\n<h6><strong>Garantia\u00a0<span style=\"color: #ff0000;\">PARA<\/span><span style=\"color: #0000ff;\">R<\/span>C 2 ANOS<\/strong><\/h6>\n<h6><span style=\"color: #008000;\">Churrasqueira el\u00e9trica eficiente, baixo consumo 1400w<\/span><\/h6>\n<h6><strong>suporte t\u00e9cnico inclu\u00eddo<\/strong><\/h6>\n<p>&nbsp;<\/p>","protected":false},"featured_media":1499,"comment_status":"open","ping_status":"closed","template":"","meta":{"wds_primary_product_brand":0,"wds_primary_product_cat":0},"product_brand":[],"product_cat":[60],"product_tag":[],"class_list":{"0":"post-1495","1":"product","2":"type-product","3":"status-publish","4":"has-post-thumbnail","6":"product_cat-ahumadores-profesionales","7":"product_shipping_class-hosteleria","9":"first","10":"instock","11":"sale","12":"taxable","13":"shipping-taxable","14":"purchasable","15":"product-type-simple"},"yoast_head":"<!-- This site is optimized with the Yoast SEO Premium plugin v24.9 (Yoast SEO v26.1) - https:\/\/yoast.com\/wordpress\/plugins\/seo\/ -->\n<title>Ahumador barbacoa profesional - distribuci\u00f3n ARC<\/title>\n<meta name=\"robots\" content=\"index, follow, max-snippet:-1, max-image-preview:large, max-video-preview:-1\" \/>\n<link rel=\"canonical\" href=\"https:\/\/www.distribucionarc.com\/bg\/producto\/ahumador-barbacoa-profesional\/\" \/>\n<meta property=\"og:locale\" content=\"pt_PT\" \/>\n<meta property=\"og:type\" content=\"article\" \/>\n<meta property=\"og:title\" content=\"Ahumador barbacoa profesional\" \/>\n<meta property=\"og:description\" content=\"Ahumador barbacoa profesional Esta barbacoa el\u00e9ctrica le ayudar\u00e1 a darle un punto extra de sabor a su cocina, el Ahumador barbacoa el\u00e9ctrica ARC cuenta con 1400W de potencia para asar suavemente pescados, carnes, embutidos, tofu, verduras, etc.  El f\u00e1cil manejo de preparaci\u00f3n y encendido del ahumador el\u00e9ctrico le ayudar\u00e1 a ahorrar tiempo para que sus clientes disfruten de unos exquisitos platos que conservan la cocci\u00f3n y sabor de un aut\u00e9ntico asado. Hecho del acero inoxidable de la mejor calidad alimentaria. \u00a0Esta barbacoa el\u00e9ctrica ARCBAP01 har\u00e1 que tu local sea diferente de los dem\u00e1s.\u00a0Dispone de puerta de ventilaci\u00f3n en la parte posterior, term\u00f3metro de hasta 300\u00baC en la puerta y asa de transporte en la parte superior Garant\u00eda\u00a0ARC 2 A\u00d1OS Ahumador barbacoa el\u00e9ctrico eficiente, bajo consumo 1400w soporte t\u00e9cnico\u00a0incluido &nbsp;\" \/>\n<meta property=\"og:url\" content=\"https:\/\/www.distribucionarc.com\/bg\/producto\/ahumador-barbacoa-profesional\/\" \/>\n<meta property=\"og:site_name\" content=\"distribuci\u00f3n ARC\" \/>\n<meta property=\"article:modified_time\" content=\"2020-09-27T10:00:40+00:00\" \/>\n<meta property=\"og:image\" content=\"https:\/\/www.distribucionarc.com\/wp-content\/uploads\/2020\/07\/Ahumador-barbacoa-profesional-0.jpg\" \/>\n\t<meta property=\"og:image:width\" content=\"1500\" \/>\n\t<meta property=\"og:image:height\" content=\"1500\" \/>\n\t<meta property=\"og:image:type\" content=\"image\/jpeg\" \/>\n<meta name=\"twitter:card\" content=\"summary_large_image\" \/>\n<meta name=\"twitter:label1\" content=\"Tempo estimado de leitura\" \/>\n\t<meta name=\"twitter:data1\" content=\"1 minuto\" \/>\n<script type=\"application\/ld+json\" class=\"yoast-schema-graph\">{\"@context\":\"https:\/\/schema.org\",\"@graph\":[{\"@type\":\"WebPage\",\"@id\":\"https:\/\/www.distribucionarc.com\/bg\/producto\/ahumador-barbacoa-profesional\/\",\"url\":\"https:\/\/www.distribucionarc.com\/bg\/producto\/ahumador-barbacoa-profesional\/\",\"name\":\"Ahumador barbacoa profesional - distribuci\u00f3n ARC\",\"isPartOf\":{\"@id\":\"https:\/\/distribucionarc.com\/bg\/#website\"},\"primaryImageOfPage\":{\"@id\":\"https:\/\/www.distribucionarc.com\/bg\/producto\/ahumador-barbacoa-profesional\/#primaryimage\"},\"image\":{\"@id\":\"https:\/\/www.distribucionarc.com\/bg\/producto\/ahumador-barbacoa-profesional\/#primaryimage\"},\"thumbnailUrl\":\"https:\/\/distribucionarc.com\/wp-content\/uploads\/2020\/07\/Ahumador-barbacoa-profesional-0.jpg\",\"datePublished\":\"2020-07-25T13:22:21+00:00\",\"dateModified\":\"2020-09-27T10:00:40+00:00\",\"breadcrumb\":{\"@id\":\"https:\/\/www.distribucionarc.com\/bg\/producto\/ahumador-barbacoa-profesional\/#breadcrumb\"},\"inLanguage\":\"pt-PT\",\"potentialAction\":[{\"@type\":\"ReadAction\",\"target\":[\"https:\/\/www.distribucionarc.com\/bg\/producto\/ahumador-barbacoa-profesional\/\"]}]},{\"@type\":\"ImageObject\",\"inLanguage\":\"pt-PT\",\"@id\":\"https:\/\/www.distribucionarc.com\/bg\/producto\/ahumador-barbacoa-profesional\/#primaryimage\",\"url\":\"https:\/\/distribucionarc.com\/wp-content\/uploads\/2020\/07\/Ahumador-barbacoa-profesional-0.jpg\",\"contentUrl\":\"https:\/\/distribucionarc.com\/wp-content\/uploads\/2020\/07\/Ahumador-barbacoa-profesional-0.jpg\",\"width\":1500,\"height\":1500,\"caption\":\"Ahumador barbacoa profesional\"},{\"@type\":\"BreadcrumbList\",\"@id\":\"https:\/\/www.distribucionarc.com\/bg\/producto\/ahumador-barbacoa-profesional\/#breadcrumb\",\"itemListElement\":[{\"@type\":\"ListItem\",\"position\":1,\"name\":\"Portada\",\"item\":\"https:\/\/distribucionarc.com\/nb\/\"},{\"@type\":\"ListItem\",\"position\":2,\"name\":\"Products\",\"item\":\"https:\/\/www.distribucionarc.com\/en\/shop\/\"},{\"@type\":\"ListItem\",\"position\":3,\"name\":\"Ahumador barbacoa profesional\"}]},{\"@type\":\"WebSite\",\"@id\":\"https:\/\/distribucionarc.com\/bg\/#website\",\"url\":\"https:\/\/distribucionarc.com\/bg\/\",\"name\":\"distribuci\u00f3n ARC\",\"description\":\"Empresa especializada en la fabricaci\u00f3n y distribuci\u00f3n de maquinaria industrial, selladoras de latas, Maquinas de hacer pastillas, Maquinas de cortar carne...\",\"publisher\":{\"@id\":\"https:\/\/distribucionarc.com\/bg\/#organization\"},\"potentialAction\":[{\"@type\":\"SearchAction\",\"target\":{\"@type\":\"EntryPoint\",\"urlTemplate\":\"https:\/\/distribucionarc.com\/bg\/?s={search_term_string}\"},\"query-input\":{\"@type\":\"PropertyValueSpecification\",\"valueRequired\":true,\"valueName\":\"search_term_string\"}}],\"inLanguage\":\"pt-PT\"},{\"@type\":\"Organization\",\"@id\":\"https:\/\/distribucionarc.com\/bg\/#organization\",\"name\":\"Distribuci\u00f3n ARC\",\"url\":\"https:\/\/distribucionarc.com\/bg\/\",\"logo\":{\"@type\":\"ImageObject\",\"inLanguage\":\"pt-PT\",\"@id\":\"https:\/\/distribucionarc.com\/bg\/#\/schema\/logo\/image\/\",\"url\":\"https:\/\/distribucionarc.com\/wp-content\/uploads\/2024\/10\/distribucion-ARC-COLOR-SIN-FONDO-e1732295305345.png\",\"contentUrl\":\"https:\/\/distribucionarc.com\/wp-content\/uploads\/2024\/10\/distribucion-ARC-COLOR-SIN-FONDO-e1732295305345.png\",\"width\":1164,\"height\":558,\"caption\":\"Distribuci\u00f3n ARC\"},\"image\":{\"@id\":\"https:\/\/distribucionarc.com\/bg\/#\/schema\/logo\/image\/\"},\"description\":\"Empresa especializada en la fabricaci\u00f3n y distribuci\u00f3n de maquinaria industrial para los sectores alimentario y farmac\u00e9utico. Nos especializamos en: M\u00e1quinas de cortar carne Fabricaci\u00f3n de comprimidos Sistemas de transporte industrial L\u00edneas de embotellado Dosificadores Y mucho m\u00e1s... Ofrecemos soluciones innovadoras y personalizadas para optimizar los procesos productivos de tu empresa.\",\"email\":\"Admistracion@distribucionarc.com\",\"telephone\":\"+34 643496664\",\"legalName\":\"ARC TECH SOLUTIONS\",\"foundingDate\":\"2024-04-09\",\"vatID\":\"B55480172\",\"numberOfEmployees\":{\"@type\":\"QuantitativeValue\",\"minValue\":\"1\",\"maxValue\":\"10\"}}]}<\/script>\n<!-- \/ Yoast SEO Premium plugin. -->","yoast_head_json":{"title":"Fumante profissional de churrasco - distribui\u00e7\u00e3o ARC","robots":{"index":"index","follow":"follow","max-snippet":"max-snippet:-1","max-image-preview":"max-image-preview:large","max-video-preview":"max-video-preview:-1"},"canonical":"https:\/\/www.distribucionarc.com\/bg\/producto\/ahumador-barbacoa-profesional\/","og_locale":"pt_PT","og_type":"article","og_title":"Ahumador barbacoa profesional","og_description":"Ahumador barbacoa profesional Esta barbacoa el\u00e9ctrica le ayudar\u00e1 a darle un punto extra de sabor a su cocina, el Ahumador barbacoa el\u00e9ctrica ARC cuenta con 1400W de potencia para asar suavemente pescados, carnes, embutidos, tofu, verduras, etc.  El f\u00e1cil manejo de preparaci\u00f3n y encendido del ahumador el\u00e9ctrico le ayudar\u00e1 a ahorrar tiempo para que sus clientes disfruten de unos exquisitos platos que conservan la cocci\u00f3n y sabor de un aut\u00e9ntico asado. Hecho del acero inoxidable de la mejor calidad alimentaria. \u00a0Esta barbacoa el\u00e9ctrica ARCBAP01 har\u00e1 que tu local sea diferente de los dem\u00e1s.\u00a0Dispone de puerta de ventilaci\u00f3n en la parte posterior, term\u00f3metro de hasta 300\u00baC en la puerta y asa de transporte en la parte superior Garant\u00eda\u00a0ARC 2 A\u00d1OS Ahumador barbacoa el\u00e9ctrico eficiente, bajo consumo 1400w soporte t\u00e9cnico\u00a0incluido &nbsp;","og_url":"https:\/\/www.distribucionarc.com\/bg\/producto\/ahumador-barbacoa-profesional\/","og_site_name":"distribuci\u00f3n ARC","article_modified_time":"2020-09-27T10:00:40+00:00","og_image":[{"width":1500,"height":1500,"url":"https:\/\/www.distribucionarc.com\/wp-content\/uploads\/2020\/07\/Ahumador-barbacoa-profesional-0.jpg","type":"image\/jpeg"}],"twitter_card":"summary_large_image","twitter_misc":{"Tempo estimado de leitura":"1 minuto"},"schema":{"@context":"https:\/\/schema.org","@graph":[{"@type":"WebPage","@id":"https:\/\/www.distribucionarc.com\/bg\/producto\/ahumador-barbacoa-profesional\/","url":"https:\/\/www.distribucionarc.com\/bg\/producto\/ahumador-barbacoa-profesional\/","name":"Fumante profissional de churrasco - distribui\u00e7\u00e3o ARC","isPartOf":{"@id":"https:\/\/distribucionarc.com\/bg\/#website"},"primaryImageOfPage":{"@id":"https:\/\/www.distribucionarc.com\/bg\/producto\/ahumador-barbacoa-profesional\/#primaryimage"},"image":{"@id":"https:\/\/www.distribucionarc.com\/bg\/producto\/ahumador-barbacoa-profesional\/#primaryimage"},"thumbnailUrl":"https:\/\/distribucionarc.com\/wp-content\/uploads\/2020\/07\/Ahumador-barbacoa-profesional-0.jpg","datePublished":"2020-07-25T13:22:21+00:00","dateModified":"2020-09-27T10:00:40+00:00","breadcrumb":{"@id":"https:\/\/www.distribucionarc.com\/bg\/producto\/ahumador-barbacoa-profesional\/#breadcrumb"},"inLanguage":"pt-PT","potentialAction":[{"@type":"ReadAction","target":["https:\/\/www.distribucionarc.com\/bg\/producto\/ahumador-barbacoa-profesional\/"]}]},{"@type":"ImageObject","inLanguage":"pt-PT","@id":"https:\/\/www.distribucionarc.com\/bg\/producto\/ahumador-barbacoa-profesional\/#primaryimage","url":"https:\/\/distribucionarc.com\/wp-content\/uploads\/2020\/07\/Ahumador-barbacoa-profesional-0.jpg","contentUrl":"https:\/\/distribucionarc.com\/wp-content\/uploads\/2020\/07\/Ahumador-barbacoa-profesional-0.jpg","width":1500,"height":1500,"caption":"Ahumador barbacoa profesional"},{"@type":"BreadcrumbList","@id":"https:\/\/www.distribucionarc.com\/bg\/producto\/ahumador-barbacoa-profesional\/#breadcrumb","itemListElement":[{"@type":"ListItem","position":1,"name":"Portada","item":"https:\/\/distribucionarc.com\/nb\/"},{"@type":"ListItem","position":2,"name":"Products","item":"https:\/\/www.distribucionarc.com\/en\/shop\/"},{"@type":"ListItem","position":3,"name":"Ahumador barbacoa profesional"}]},{"@type":"WebSite","@id":"https:\/\/distribucionarc.com\/bg\/#website","url":"https:\/\/distribucionarc.com\/bg\/","name":"Distribui\u00e7\u00e3o ARC","description":"Empresa especializada no fabrico e distribui\u00e7\u00e3o de m\u00e1quinas industriais, m\u00e1quinas de selar latas, m\u00e1quinas de fazer comprimidos, m\u00e1quinas de cortar carne...","publisher":{"@id":"https:\/\/distribucionarc.com\/bg\/#organization"},"potentialAction":[{"@type":"SearchAction","target":{"@type":"EntryPoint","urlTemplate":"https:\/\/distribucionarc.com\/bg\/?s={search_term_string}"},"query-input":{"@type":"PropertyValueSpecification","valueRequired":true,"valueName":"search_term_string"}}],"inLanguage":"pt-PT"},{"@type":"Organization","@id":"https:\/\/distribucionarc.com\/bg\/#organization","name":"Distribui\u00e7\u00e3o ARC","url":"https:\/\/distribucionarc.com\/bg\/","logo":{"@type":"ImageObject","inLanguage":"pt-PT","@id":"https:\/\/distribucionarc.com\/bg\/#\/schema\/logo\/image\/","url":"https:\/\/distribucionarc.com\/wp-content\/uploads\/2024\/10\/distribucion-ARC-COLOR-SIN-FONDO-e1732295305345.png","contentUrl":"https:\/\/distribucionarc.com\/wp-content\/uploads\/2024\/10\/distribucion-ARC-COLOR-SIN-FONDO-e1732295305345.png","width":1164,"height":558,"caption":"Distribuci\u00f3n ARC"},"image":{"@id":"https:\/\/distribucionarc.com\/bg\/#\/schema\/logo\/image\/"},"description":"Empresa especializada no fabrico e distribui\u00e7\u00e3o de m\u00e1quinas industriais para os sectores alimentar e farmac\u00eautico. Somos especializados em: M\u00e1quinas de cortar carne Fabrico de comprimidos Sistemas de transporte industrial Linhas de engarrafamento Dispensadores E muito mais... Oferecemos solu\u00e7\u00f5es inovadoras e personalizadas para otimizar os processos de produ\u00e7\u00e3o da sua empresa.","email":"Admistracion@distribucionarc.com","telephone":"+34 643496664","legalName":"ARC TECH SOLUTIONS","foundingDate":"2024-04-09","vatID":"B55480172","numberOfEmployees":{"@type":"QuantitativeValue","minValue":"1","maxValue":"10"}}]}},"_links":{"self":[{"href":"https:\/\/distribucionarc.com\/pt\/wp-json\/wp\/v2\/product\/1495","targetHints":{"allow":["GET"]}}],"collection":[{"href":"https:\/\/distribucionarc.com\/pt\/wp-json\/wp\/v2\/product"}],"about":[{"href":"https:\/\/distribucionarc.com\/pt\/wp-json\/wp\/v2\/types\/product"}],"replies":[{"embeddable":true,"href":"https:\/\/distribucionarc.com\/pt\/wp-json\/wp\/v2\/comments?post=1495"}],"version-history":[{"count":0,"href":"https:\/\/distribucionarc.com\/pt\/wp-json\/wp\/v2\/product\/1495\/revisions"}],"wp:featuredmedia":[{"embeddable":true,"href":"https:\/\/distribucionarc.com\/pt\/wp-json\/wp\/v2\/media\/1499"}],"wp:attachment":[{"href":"https:\/\/distribucionarc.com\/pt\/wp-json\/wp\/v2\/media?parent=1495"}],"wp:term":[{"taxonomy":"product_brand","embeddable":true,"href":"https:\/\/distribucionarc.com\/pt\/wp-json\/wp\/v2\/product_brand?post=1495"},{"taxonomy":"product_cat","embeddable":true,"href":"https:\/\/distribucionarc.com\/pt\/wp-json\/wp\/v2\/product_cat?post=1495"},{"taxonomy":"product_tag","embeddable":true,"href":"https:\/\/distribucionarc.com\/pt\/wp-json\/wp\/v2\/product_tag?post=1495"}],"curies":[{"name":"wp","href":"https:\/\/api.w.org\/{rel}","templated":true}]}}