{"id":1511,"date":"2020-07-25T17:00:27","date_gmt":"2020-07-25T17:00:27","guid":{"rendered":"https:\/\/distribucionarc.com\/?post_type=product&#038;p=1511"},"modified":"2020-09-27T10:06:03","modified_gmt":"2020-09-27T10:06:03","slug":"churrasqueira-a-gas-para-restauracao-de-4-bocas","status":"publish","type":"product","link":"https:\/\/distribucionarc.com\/pt\/producto\/barbacoa-de-gas-para-hosteleria-4-quemadores\/","title":{"rendered":"Churrasqueira a g\u00e1s para hotelaria 4 queimadores"},"content":{"rendered":"<h3>Churrasqueira a g\u00e1s para hotelaria 4 queimadores<\/h3>\n<p>O<strong>\u00a0churrasqueiras a g\u00e1s\u00a0<span style=\"color: #ff0000;\">PARA<\/span><span style=\"color: #0000ff;\">R<\/span>c<\/strong> Possuem corpo robusto em a\u00e7o inoxid\u00e1vel da melhor qualidade, para garantir a estabilidade e durabilidade da m\u00e1quina. A grelha de 56 x 27 cm \u00e9 feita de a\u00e7o inoxid\u00e1vel de qualidade alimentar.<\/p>\n<p>Possui quatro queimadores, cada um controlado de forma independente, para cozinhar pe\u00e7as diferentes. Os queimadores do <strong>churrasqueira a g\u00e1s<\/strong>\u00a0<strong><span style=\"color: #ff0000;\">PARA<\/span><span style=\"color: #0000ff;\">R<\/span>CB4G<\/strong> S\u00e3o recobertos por uma placa de a\u00e7o e uma placa de vidro para evitar que a gordura caia sobre eles e destrua a chama. A altura da grelha pode ser facilmente ajustada para diferentes pontos de cozimento.<\/p>\n<p>O\u00a0<strong>grade<\/strong>, os protetores dos queimadores e a bandeja coletora de gordura podem ser facilmente desmontados, para facilitar a manuten\u00e7\u00e3o do\u00a0<strong>churrasqueira a g\u00e1s<\/strong>. Sem a necessidade de depender de pedra vulc\u00e2nica, este\u00a0<strong>churrasqueira a g\u00e1s<\/strong>\u00a0Ele atender\u00e1 \u00e0s suas necessidades.<\/p>\n<h6><\/h6>\n<h6><strong>Garantia\u00a0<span style=\"color: #ff0000;\">PARA<\/span><span style=\"color: #0000ff;\">R<\/span>C 2 ANOS<\/strong><\/h6>\n<h6><strong>suporte t\u00e9cnico inclu\u00eddo<\/strong><\/h6>\n<p>&nbsp;<\/p>\n<table width=\"100%\">\n<tbody>\n<tr>\n<td>Marca:<\/td>\n<td width=\"32%\">ARCO<\/td>\n<td>Peso:<\/td>\n<td width=\"30%\">8,5kg<\/td>\n<\/tr>\n<tr>\n<td>Pa\u00eds de distribui\u00e7\u00e3o:<\/td>\n<td width=\"32%\">Espanha, Alemanha, EUA<\/td>\n<td>Altura:<\/td>\n<td width=\"30%\">20cm<\/td>\n<\/tr>\n<tr>\n<td>Cor:<\/td>\n<td width=\"32%\">Prata<\/td>\n<td>Longo:<\/td>\n<td width=\"30%\">57cm<\/td>\n<\/tr>\n<tr>\n<td>Tipo de produto:<\/td>\n<td width=\"32%\">Churrasqueira a g\u00e1s profissional<\/td>\n<td>Largo:<\/td>\n<td width=\"30%\">42cm<\/td>\n<\/tr>\n<tr>\n<td>N\u00famero do fabricante:<\/td>\n<td width=\"32%\">ARCB4G<\/td>\n<td>Press\u00e3o da v\u00e1lvula:<\/td>\n<td width=\"30%\">2800 Pa<\/td>\n<\/tr>\n<tr>\n<td>Material:<\/td>\n<td width=\"32%\">\u00a0A\u00e7o inoxid\u00e1vel, controle de temperatura, vidro<\/td>\n<td>Tamanho da grelha:<\/td>\n<td width=\"30%\">56x27cm<\/td>\n<\/tr>\n<tr>\n<td>Garantia:<\/td>\n<td width=\"32%\">2 anos<\/td>\n<td>Cobertura do queimador:<\/td>\n<td width=\"30%\">\u00a0Vidro\/a\u00e7o<\/td>\n<\/tr>\n<\/tbody>\n<\/table>","protected":false},"excerpt":{"rendered":"<h2>Churrasqueira a g\u00e1s para hotelaria 4 queimadores<\/h2>\n<p>O<strong>\u00a0churrasqueiras a g\u00e1s<\/strong>\u00a0de\u00a0<strong><span style=\"color: #ff0000;\">PARA<\/span><span style=\"color: #0000ff;\">R<\/span>c<\/strong>\u00a0S\u00e3o confeccionados com os melhores e mais inovadores materiais para obter sabor, efeito visual e cheiro aut\u00eanticos.<strong>\u00a0grade<\/strong>.<\/p>\n<p>Se o que voc\u00ea busca \u00e9 rentabilidade, o\u00a0<strong>churrasqueiras a g\u00e1s<\/strong>\u00a0de<strong>\u00a0<span style=\"color: #ff0000;\">PARA<\/span><span style=\"color: #0000ff;\">R<\/span>c<\/strong>\u00a0Eles atender\u00e3o \u00e0s suas necessidades. Esque\u00e7a a manuten\u00e7\u00e3o da pedra vulc\u00e2nica e opte por alguns\u00a0<strong>queimadores eficientes<\/strong>\u00a0protegido, para garantir a durabilidade do\u00a0<strong>churrasqueira a g\u00e1s<\/strong>\u00a0e fornecer uma marca\u00e7\u00e3o perfeita de suas carnes, peixes, vegetais, tofu, etc. O\u00a0<strong>churrasqueira a g\u00e1s <span style=\"color: #ff0000;\">PARA<\/span><span style=\"color: #0000ff;\">R<\/span>CB4G<\/strong> Possui quatro queimadores com controle de temperatura ajust\u00e1vel para cada queimador.<\/p>\n<h6><strong>Garantia\u00a0<span style=\"color: #ff0000;\">PARA<\/span><span style=\"color: #0000ff;\">R<\/span>C 2 ANOS<\/strong><\/h6>\n<h6><strong>suporte t\u00e9cnico inclu\u00eddo<\/strong><\/h6>","protected":false},"featured_media":1512,"comment_status":"open","ping_status":"closed","template":"","meta":{"wds_primary_product_brand":0,"wds_primary_product_cat":0},"product_brand":[],"product_cat":[39],"product_tag":[],"class_list":{"0":"post-1511","1":"product","2":"type-product","3":"status-publish","4":"has-post-thumbnail","6":"product_cat-plancha-de-cosina","7":"product_shipping_class-hosteleria","9":"first","10":"instock","11":"sale","12":"taxable","13":"shipping-taxable","14":"purchasable","15":"product-type-simple"},"yoast_head":"<!-- This site is optimized with the Yoast SEO Premium plugin v24.9 (Yoast SEO v26.1) - https:\/\/yoast.com\/wordpress\/plugins\/seo\/ -->\n<title>Barbacoa de gas para hosteler\u00eda 4 quemadores - distribuci\u00f3n ARC<\/title>\n<meta name=\"robots\" content=\"index, follow, max-snippet:-1, max-image-preview:large, max-video-preview:-1\" \/>\n<link rel=\"canonical\" href=\"https:\/\/www.distribucionarc.com\/producto\/barbacoa-de-gas-para-hosteleria-4-quemadores\/\" \/>\n<meta property=\"og:locale\" content=\"pt_PT\" \/>\n<meta property=\"og:type\" content=\"article\" \/>\n<meta property=\"og:title\" content=\"Barbacoa de gas para hosteler\u00eda 4 quemadores\" \/>\n<meta property=\"og:description\" content=\"Barbacoa de gas para hosteler\u00eda 4 quemadores Las\u00a0barbacoas a gas\u00a0de\u00a0ARC\u00a0est\u00e1n fabricadas con los mejores y m\u00e1s innovadores materiales para obtener un sabor, efecto visual, olor \u00a0de aut\u00e9ntica\u00a0parrilla.  Si lo que buscas es rentabilidad, las\u00a0barbacoas a gas\u00a0de\u00a0ARC\u00a0cumplir\u00e1n con tus necesidades. Olv\u00eddate del mantenimiento de la piedra volc\u00e1nica y apuesta por unos\u00a0quemadores eficientes\u00a0protegidos, para asegurar la durabilidad de la\u00a0parrilla a gas\u00a0y proporcionarte un marcado perfecto de tus carnes, pescados, vegetales, tofu, etc. La\u00a0barbacoa a gas ARCB4G dispone de cuatro quemadores con control de temperatura ajustable para cada quemador. Garant\u00eda\u00a0ARC 2 A\u00d1OS soporte t\u00e9cnico incluido\" \/>\n<meta property=\"og:url\" content=\"https:\/\/www.distribucionarc.com\/producto\/barbacoa-de-gas-para-hosteleria-4-quemadores\/\" \/>\n<meta property=\"og:site_name\" content=\"distribuci\u00f3n ARC\" \/>\n<meta property=\"article:modified_time\" content=\"2020-09-27T10:06:03+00:00\" \/>\n<meta property=\"og:image\" content=\"https:\/\/distribucionarc.com\/wp-content\/uploads\/2020\/07\/Barbacoa-de-gas-para-hosteler\u00eda-4-quemadores-0.jpg\" \/>\n\t<meta property=\"og:image:width\" content=\"1000\" \/>\n\t<meta property=\"og:image:height\" content=\"1000\" \/>\n\t<meta property=\"og:image:type\" content=\"image\/jpeg\" \/>\n<meta name=\"twitter:card\" content=\"summary_large_image\" \/>\n<meta name=\"twitter:label1\" content=\"Tempo estimado de leitura\" \/>\n\t<meta name=\"twitter:data1\" content=\"1 minuto\" \/>\n<script type=\"application\/ld+json\" class=\"yoast-schema-graph\">{\"@context\":\"https:\/\/schema.org\",\"@graph\":[{\"@type\":\"WebPage\",\"@id\":\"https:\/\/www.distribucionarc.com\/producto\/barbacoa-de-gas-para-hosteleria-4-quemadores\/\",\"url\":\"https:\/\/www.distribucionarc.com\/producto\/barbacoa-de-gas-para-hosteleria-4-quemadores\/\",\"name\":\"Barbacoa de gas para hosteler\u00eda 4 quemadores - distribuci\u00f3n ARC\",\"isPartOf\":{\"@id\":\"https:\/\/www.distribucionarc.com\/tr\/#website\"},\"primaryImageOfPage\":{\"@id\":\"https:\/\/www.distribucionarc.com\/producto\/barbacoa-de-gas-para-hosteleria-4-quemadores\/#primaryimage\"},\"image\":{\"@id\":\"https:\/\/www.distribucionarc.com\/producto\/barbacoa-de-gas-para-hosteleria-4-quemadores\/#primaryimage\"},\"thumbnailUrl\":\"https:\/\/distribucionarc.com\/wp-content\/uploads\/2020\/07\/Barbacoa-de-gas-para-hosteler\u00eda-4-quemadores-0.jpg\",\"datePublished\":\"2020-07-25T17:00:27+00:00\",\"dateModified\":\"2020-09-27T10:06:03+00:00\",\"breadcrumb\":{\"@id\":\"https:\/\/www.distribucionarc.com\/producto\/barbacoa-de-gas-para-hosteleria-4-quemadores\/#breadcrumb\"},\"inLanguage\":\"pt-PT\",\"potentialAction\":[{\"@type\":\"ReadAction\",\"target\":[\"https:\/\/www.distribucionarc.com\/producto\/barbacoa-de-gas-para-hosteleria-4-quemadores\/\"]}]},{\"@type\":\"ImageObject\",\"inLanguage\":\"pt-PT\",\"@id\":\"https:\/\/www.distribucionarc.com\/producto\/barbacoa-de-gas-para-hosteleria-4-quemadores\/#primaryimage\",\"url\":\"https:\/\/distribucionarc.com\/wp-content\/uploads\/2020\/07\/Barbacoa-de-gas-para-hosteler\u00eda-4-quemadores-0.jpg\",\"contentUrl\":\"https:\/\/distribucionarc.com\/wp-content\/uploads\/2020\/07\/Barbacoa-de-gas-para-hosteler\u00eda-4-quemadores-0.jpg\",\"width\":1000,\"height\":1000,\"caption\":\"Barbacoa de gas para hosteleria\"},{\"@type\":\"BreadcrumbList\",\"@id\":\"https:\/\/www.distribucionarc.com\/producto\/barbacoa-de-gas-para-hosteleria-4-quemadores\/#breadcrumb\",\"itemListElement\":[{\"@type\":\"ListItem\",\"position\":1,\"name\":\"Portada\",\"item\":\"https:\/\/www.distribucionarc.com\/tr\/\"},{\"@type\":\"ListItem\",\"position\":2,\"name\":\"Produktai\",\"item\":\"https:\/\/distribucionarc.com\/lt\/parduotuve\/\"},{\"@type\":\"ListItem\",\"position\":3,\"name\":\"Barbacoa de gas para hosteler\u00eda 4 quemadores\"}]},{\"@type\":\"WebSite\",\"@id\":\"https:\/\/www.distribucionarc.com\/tr\/#website\",\"url\":\"https:\/\/www.distribucionarc.com\/tr\/\",\"name\":\"distribuci\u00f3n ARC\",\"description\":\"Empresa especializada en la fabricaci\u00f3n y distribuci\u00f3n de maquinaria industrial, selladoras de latas, Maquinas de hacer pastillas, Maquinas de cortar carne...\",\"publisher\":{\"@id\":\"https:\/\/www.distribucionarc.com\/tr\/#organization\"},\"potentialAction\":[{\"@type\":\"SearchAction\",\"target\":{\"@type\":\"EntryPoint\",\"urlTemplate\":\"https:\/\/www.distribucionarc.com\/tr\/?s={search_term_string}\"},\"query-input\":{\"@type\":\"PropertyValueSpecification\",\"valueRequired\":true,\"valueName\":\"search_term_string\"}}],\"inLanguage\":\"pt-PT\"},{\"@type\":\"Organization\",\"@id\":\"https:\/\/www.distribucionarc.com\/tr\/#organization\",\"name\":\"Distribuci\u00f3n ARC\",\"url\":\"https:\/\/www.distribucionarc.com\/tr\/\",\"logo\":{\"@type\":\"ImageObject\",\"inLanguage\":\"pt-PT\",\"@id\":\"https:\/\/www.distribucionarc.com\/tr\/#\/schema\/logo\/image\/\",\"url\":\"https:\/\/distribucionarc.com\/wp-content\/uploads\/2024\/10\/distribucion-ARC-COLOR-SIN-FONDO-e1732295305345.png\",\"contentUrl\":\"https:\/\/distribucionarc.com\/wp-content\/uploads\/2024\/10\/distribucion-ARC-COLOR-SIN-FONDO-e1732295305345.png\",\"width\":1164,\"height\":558,\"caption\":\"Distribuci\u00f3n ARC\"},\"image\":{\"@id\":\"https:\/\/www.distribucionarc.com\/tr\/#\/schema\/logo\/image\/\"},\"description\":\"Empresa especializada en la fabricaci\u00f3n y distribuci\u00f3n de maquinaria industrial para los sectores alimentario y farmac\u00e9utico. Nos especializamos en: M\u00e1quinas de cortar carne Fabricaci\u00f3n de comprimidos Sistemas de transporte industrial L\u00edneas de embotellado Dosificadores Y mucho m\u00e1s... Ofrecemos soluciones innovadoras y personalizadas para optimizar los procesos productivos de tu empresa.\",\"email\":\"Admistracion@distribucionarc.com\",\"telephone\":\"+34 643496664\",\"legalName\":\"ARC TECH SOLUTIONS\",\"foundingDate\":\"2024-04-09\",\"vatID\":\"B55480172\",\"numberOfEmployees\":{\"@type\":\"QuantitativeValue\",\"minValue\":\"1\",\"maxValue\":\"10\"}}]}<\/script>\n<!-- \/ Yoast SEO Premium plugin. -->","yoast_head_json":{"title":"Churrasqueira a g\u00e1s para hotelaria 4 queimadores - distribui\u00e7\u00e3o ARC","robots":{"index":"index","follow":"follow","max-snippet":"max-snippet:-1","max-image-preview":"max-image-preview:large","max-video-preview":"max-video-preview:-1"},"canonical":"https:\/\/www.distribucionarc.com\/producto\/barbacoa-de-gas-para-hosteleria-4-quemadores\/","og_locale":"pt_PT","og_type":"article","og_title":"Barbacoa de gas para hosteler\u00eda 4 quemadores","og_description":"Barbacoa de gas para hosteler\u00eda 4 quemadores Las\u00a0barbacoas a gas\u00a0de\u00a0ARC\u00a0est\u00e1n fabricadas con los mejores y m\u00e1s innovadores materiales para obtener un sabor, efecto visual, olor \u00a0de aut\u00e9ntica\u00a0parrilla.  Si lo que buscas es rentabilidad, las\u00a0barbacoas a gas\u00a0de\u00a0ARC\u00a0cumplir\u00e1n con tus necesidades. Olv\u00eddate del mantenimiento de la piedra volc\u00e1nica y apuesta por unos\u00a0quemadores eficientes\u00a0protegidos, para asegurar la durabilidad de la\u00a0parrilla a gas\u00a0y proporcionarte un marcado perfecto de tus carnes, pescados, vegetales, tofu, etc. La\u00a0barbacoa a gas ARCB4G dispone de cuatro quemadores con control de temperatura ajustable para cada quemador. Garant\u00eda\u00a0ARC 2 A\u00d1OS soporte t\u00e9cnico incluido","og_url":"https:\/\/www.distribucionarc.com\/producto\/barbacoa-de-gas-para-hosteleria-4-quemadores\/","og_site_name":"distribuci\u00f3n ARC","article_modified_time":"2020-09-27T10:06:03+00:00","og_image":[{"width":1000,"height":1000,"url":"https:\/\/distribucionarc.com\/wp-content\/uploads\/2020\/07\/Barbacoa-de-gas-para-hosteler\u00eda-4-quemadores-0.jpg","type":"image\/jpeg"}],"twitter_card":"summary_large_image","twitter_misc":{"Tempo estimado de leitura":"1 minuto"},"schema":{"@context":"https:\/\/schema.org","@graph":[{"@type":"WebPage","@id":"https:\/\/www.distribucionarc.com\/producto\/barbacoa-de-gas-para-hosteleria-4-quemadores\/","url":"https:\/\/www.distribucionarc.com\/producto\/barbacoa-de-gas-para-hosteleria-4-quemadores\/","name":"Churrasqueira a g\u00e1s para hotelaria 4 queimadores - distribui\u00e7\u00e3o ARC","isPartOf":{"@id":"https:\/\/www.distribucionarc.com\/tr\/#website"},"primaryImageOfPage":{"@id":"https:\/\/www.distribucionarc.com\/producto\/barbacoa-de-gas-para-hosteleria-4-quemadores\/#primaryimage"},"image":{"@id":"https:\/\/www.distribucionarc.com\/producto\/barbacoa-de-gas-para-hosteleria-4-quemadores\/#primaryimage"},"thumbnailUrl":"https:\/\/distribucionarc.com\/wp-content\/uploads\/2020\/07\/Barbacoa-de-gas-para-hosteler\u00eda-4-quemadores-0.jpg","datePublished":"2020-07-25T17:00:27+00:00","dateModified":"2020-09-27T10:06:03+00:00","breadcrumb":{"@id":"https:\/\/www.distribucionarc.com\/producto\/barbacoa-de-gas-para-hosteleria-4-quemadores\/#breadcrumb"},"inLanguage":"pt-PT","potentialAction":[{"@type":"ReadAction","target":["https:\/\/www.distribucionarc.com\/producto\/barbacoa-de-gas-para-hosteleria-4-quemadores\/"]}]},{"@type":"ImageObject","inLanguage":"pt-PT","@id":"https:\/\/www.distribucionarc.com\/producto\/barbacoa-de-gas-para-hosteleria-4-quemadores\/#primaryimage","url":"https:\/\/distribucionarc.com\/wp-content\/uploads\/2020\/07\/Barbacoa-de-gas-para-hosteler\u00eda-4-quemadores-0.jpg","contentUrl":"https:\/\/distribucionarc.com\/wp-content\/uploads\/2020\/07\/Barbacoa-de-gas-para-hosteler\u00eda-4-quemadores-0.jpg","width":1000,"height":1000,"caption":"Barbacoa de gas para hosteleria"},{"@type":"BreadcrumbList","@id":"https:\/\/www.distribucionarc.com\/producto\/barbacoa-de-gas-para-hosteleria-4-quemadores\/#breadcrumb","itemListElement":[{"@type":"ListItem","position":1,"name":"Portada","item":"https:\/\/www.distribucionarc.com\/tr\/"},{"@type":"ListItem","position":2,"name":"Produktai","item":"https:\/\/distribucionarc.com\/lt\/parduotuve\/"},{"@type":"ListItem","position":3,"name":"Barbacoa de gas para hosteler\u00eda 4 quemadores"}]},{"@type":"WebSite","@id":"https:\/\/www.distribucionarc.com\/tr\/#website","url":"https:\/\/www.distribucionarc.com\/tr\/","name":"Distribui\u00e7\u00e3o ARC","description":"Empresa especializada no fabrico e distribui\u00e7\u00e3o de m\u00e1quinas industriais, m\u00e1quinas de selar latas, m\u00e1quinas de fazer comprimidos, m\u00e1quinas de cortar carne...","publisher":{"@id":"https:\/\/www.distribucionarc.com\/tr\/#organization"},"potentialAction":[{"@type":"SearchAction","target":{"@type":"EntryPoint","urlTemplate":"https:\/\/www.distribucionarc.com\/tr\/?s={search_term_string}"},"query-input":{"@type":"PropertyValueSpecification","valueRequired":true,"valueName":"search_term_string"}}],"inLanguage":"pt-PT"},{"@type":"Organization","@id":"https:\/\/www.distribucionarc.com\/tr\/#organization","name":"Distribui\u00e7\u00e3o ARC","url":"https:\/\/www.distribucionarc.com\/tr\/","logo":{"@type":"ImageObject","inLanguage":"pt-PT","@id":"https:\/\/www.distribucionarc.com\/tr\/#\/schema\/logo\/image\/","url":"https:\/\/distribucionarc.com\/wp-content\/uploads\/2024\/10\/distribucion-ARC-COLOR-SIN-FONDO-e1732295305345.png","contentUrl":"https:\/\/distribucionarc.com\/wp-content\/uploads\/2024\/10\/distribucion-ARC-COLOR-SIN-FONDO-e1732295305345.png","width":1164,"height":558,"caption":"Distribuci\u00f3n ARC"},"image":{"@id":"https:\/\/www.distribucionarc.com\/tr\/#\/schema\/logo\/image\/"},"description":"Empresa especializada no fabrico e distribui\u00e7\u00e3o de m\u00e1quinas industriais para os sectores alimentar e farmac\u00eautico. Somos especializados em: M\u00e1quinas de cortar carne Fabrico de comprimidos Sistemas de transporte industrial Linhas de engarrafamento Dispensadores E muito mais... Oferecemos solu\u00e7\u00f5es inovadoras e personalizadas para otimizar os processos de produ\u00e7\u00e3o da sua empresa.","email":"Admistracion@distribucionarc.com","telephone":"+34 643496664","legalName":"ARC TECH SOLUTIONS","foundingDate":"2024-04-09","vatID":"B55480172","numberOfEmployees":{"@type":"QuantitativeValue","minValue":"1","maxValue":"10"}}]}},"_links":{"self":[{"href":"https:\/\/distribucionarc.com\/pt\/wp-json\/wp\/v2\/product\/1511","targetHints":{"allow":["GET"]}}],"collection":[{"href":"https:\/\/distribucionarc.com\/pt\/wp-json\/wp\/v2\/product"}],"about":[{"href":"https:\/\/distribucionarc.com\/pt\/wp-json\/wp\/v2\/types\/product"}],"replies":[{"embeddable":true,"href":"https:\/\/distribucionarc.com\/pt\/wp-json\/wp\/v2\/comments?post=1511"}],"version-history":[{"count":0,"href":"https:\/\/distribucionarc.com\/pt\/wp-json\/wp\/v2\/product\/1511\/revisions"}],"wp:featuredmedia":[{"embeddable":true,"href":"https:\/\/distribucionarc.com\/pt\/wp-json\/wp\/v2\/media\/1512"}],"wp:attachment":[{"href":"https:\/\/distribucionarc.com\/pt\/wp-json\/wp\/v2\/media?parent=1511"}],"wp:term":[{"taxonomy":"product_brand","embeddable":true,"href":"https:\/\/distribucionarc.com\/pt\/wp-json\/wp\/v2\/product_brand?post=1511"},{"taxonomy":"product_cat","embeddable":true,"href":"https:\/\/distribucionarc.com\/pt\/wp-json\/wp\/v2\/product_cat?post=1511"},{"taxonomy":"product_tag","embeddable":true,"href":"https:\/\/distribucionarc.com\/pt\/wp-json\/wp\/v2\/product_tag?post=1511"}],"curies":[{"name":"wp","href":"https:\/\/api.w.org\/{rel}","templated":true}]}}