{"id":1582,"date":"2020-07-28T08:48:48","date_gmt":"2020-07-28T08:48:48","guid":{"rendered":"https:\/\/distribucionarc.com\/?post_type=product&#038;p=1582"},"modified":"2020-09-27T10:24:09","modified_gmt":"2020-09-27T10:24:09","slug":"manual-oleo-prensa-extrator","status":"publish","type":"product","link":"https:\/\/distribucionarc.com\/pt\/producto\/extractor-prensa-de-aceite-manual\/","title":{"rendered":"extrator manual de prensa de \u00f3leo"},"content":{"rendered":"<h3>extrator manual de prensa de \u00f3leo<\/h3>\n<p>Este \u00e9 um novo <strong>prensa de \u00f3leo manual <span style=\"color: #ff0000;\">PARA<\/span><span style=\"color: #0000ff;\">R<\/span>c<\/strong> que consiste em quatro partes principais: estrutura, gaiola de prensa, al\u00e7a e pe\u00e7a de aquecimento.<\/p>\n<p>Crie seu pr\u00f3prio \u00f3leo caseiro saud\u00e1vel. O \u00f3leo pode ser usado para cozinhar ou como hidratante corporal. Voc\u00ea saber\u00e1 que \u00e9 100% saud\u00e1vel e puro, assim como voc\u00ea mesmo. Uma \u00f3tima maneira de viver melhor. Esse <strong>prensa de \u00f3leo<\/strong> Pode ser usado em casa ou por chefs profissionais que se orgulham de fazer tudo do zero.<\/p>\n<p>Voc\u00ea ter\u00e1 que comprar seus pr\u00f3prios ingredientes, como nozes, amendoins e assim por diante. Ele <strong>extrator manual <span style=\"color: #ff0000;\">PARA<\/span><span style=\"color: #0000ff;\">R<\/span>CEAM01<\/strong> Tamb\u00e9m inclui uma \u00fanica garrafa de \u00f3leo, portanto, uma vez usada, voc\u00ea pode lavar e reutilizar ou comprar garrafas adicionais. A garrafa de \u00f3leo pode ser substitu\u00edda (e reciclada) por garrafas dom\u00e9sticas padr\u00e3o.<\/p>\n<p>&nbsp;<\/p>\n<h6><strong>Garantia\u00a0<span style=\"color: #ff0000;\">PARA<\/span><span style=\"color: #0000ff;\">R<\/span>C 2 ANOS<\/strong><\/h6>\n<h6><strong>suporte t\u00e9cnico inclu\u00eddo<\/strong><\/h6>\n<p>&nbsp;<\/p>\n<table width=\"100%\">\n<tbody>\n<tr>\n<td>Marca:<\/td>\n<td width=\"32%\">ARCO<\/td>\n<td>Peso:<\/td>\n<td width=\"30%\">6kg<\/td>\n<\/tr>\n<tr>\n<td>Pa\u00eds de distribui\u00e7\u00e3o:<\/td>\n<td width=\"32%\">Espanha, Alemanha, EUA<\/td>\n<td>Altura:<\/td>\n<td width=\"30%\">35cm<\/td>\n<\/tr>\n<tr>\n<td>Cor:<\/td>\n<td width=\"32%\">Prata<\/td>\n<td>Longo:<\/td>\n<td width=\"30%\">27cm<\/td>\n<\/tr>\n<tr>\n<td>Tipo de produto:<\/td>\n<td width=\"32%\">extrator de \u00f3leo manual<\/td>\n<td>Largo:<\/td>\n<td width=\"30%\">6cm<\/td>\n<\/tr>\n<tr>\n<td>N\u00famero do fabricante:<\/td>\n<td width=\"32%\">ARCEMA1<\/td>\n<td>Tamanho do funil:<\/td>\n<td width=\"30%\">500 a 1000g<\/td>\n<\/tr>\n<tr>\n<td>Material:<\/td>\n<td width=\"32%\">a\u00e7o inoxid\u00e1vel<\/td>\n<td>Garantia:<\/td>\n<td width=\"30%\">2 ANOS<\/td>\n<\/tr>\n<tr>\n<td>conte\u00fado oleico obtido:<\/td>\n<td width=\"32%\">mais de 25%<\/td>\n<td><\/td>\n<td width=\"30%\"><\/td>\n<\/tr>\n<\/tbody>\n<\/table>","protected":false},"excerpt":{"rendered":"<h2>extrator manual de prensa de \u00f3leo<\/h2>\n<p>Azeite fresco, saud\u00e1vel e saboroso! Com o\u00a0<strong>prensa de \u00f3leo\u00a0<span style=\"color: #ff0000;\">PARA<\/span><span style=\"color: #0000ff;\">R<\/span>c<\/strong> Voc\u00ea pode enriquecer sua cozinha com os melhores \u00f3leos especiais de nozes, gr\u00e3os ou sementes sem aditivos.<\/p>\n<p>Esse <strong>extrator manual <span style=\"color: #ff0000;\">PARA<\/span><span style=\"color: #0000ff;\">R<\/span>CEAM01<\/strong> Possui os melhores materiais do mercado para fazer um \u00f3leo de alta qualidade com aten\u00e7\u00e3o aos detalhes, este lagar manual \u00e9 adequado para uso dom\u00e9stico, amador ou profissional. Baseado no sistema tradicional de <strong>extra\u00e7\u00e3o de petr\u00f3leo<\/strong> voc\u00ea obter\u00e1 todas as propriedades que procura.<\/p>\n<h6><strong>Garantia\u00a0<span style=\"color: #ff0000;\">PARA<\/span><span style=\"color: #0000ff;\">R<\/span>C 2 ANOS<\/strong><\/h6>\n<h6><strong>suporte t\u00e9cnico inclu\u00eddo<\/strong><\/h6>","protected":false},"featured_media":1590,"comment_status":"open","ping_status":"closed","template":"","meta":{"wds_primary_product_brand":0,"wds_primary_product_cat":0},"product_brand":[],"product_cat":[55],"product_tag":[],"class_list":{"0":"post-1582","1":"product","2":"type-product","3":"status-publish","4":"has-post-thumbnail","6":"product_cat-extractor-prensa-de-aceites","7":"product_shipping_class-hosteleria","9":"first","10":"instock","11":"sale","12":"taxable","13":"shipping-taxable","14":"purchasable","15":"product-type-simple"},"yoast_head":"<!-- This site is optimized with the Yoast SEO Premium plugin v24.9 (Yoast SEO v26.1) - https:\/\/yoast.com\/wordpress\/plugins\/seo\/ -->\n<title>Extractor prensa de aceite manual - distribuci\u00f3n ARC<\/title>\n<meta name=\"robots\" content=\"index, follow, max-snippet:-1, max-image-preview:large, max-video-preview:-1\" \/>\n<link rel=\"canonical\" href=\"https:\/\/www.distribucionarc.com\/sl\/producto\/extractor-prensa-de-aceite-manual\/\" \/>\n<meta property=\"og:locale\" content=\"pt_PT\" \/>\n<meta property=\"og:type\" content=\"article\" \/>\n<meta property=\"og:title\" content=\"Extractor prensa de aceite manual\" \/>\n<meta property=\"og:description\" content=\"Extractor prensa de aceite manual \u00a1Aceite fresco, sano y sabroso! Con la\u00a0prensa de aceite\u00a0ARC puedes enriquecer tu cocina con los mejores aceites especiales de frutos secos, granos o semillas sin aditivos.  Este extractor manual ARCEAM01 cuenta con los mejores materiales del mercado para realizar un aceite de gran calidad cuidado sus detalles, esta prensa de aceite manual es la indicada para uso dom\u00e9stico, aficionado o profesional. Bas\u00e1ndose en sistema tradicional de extracci\u00f3n de aceite obtendr\u00e1 todas las propiedas que busca. Garant\u00eda\u00a0ARC 2 A\u00d1OS soporte t\u00e9cnico\u00a0incluido\" \/>\n<meta property=\"og:url\" content=\"https:\/\/www.distribucionarc.com\/sl\/producto\/extractor-prensa-de-aceite-manual\/\" \/>\n<meta property=\"og:site_name\" content=\"distribuci\u00f3n ARC\" \/>\n<meta property=\"article:modified_time\" content=\"2020-09-27T10:24:09+00:00\" \/>\n<meta property=\"og:image\" content=\"https:\/\/www.distribucionarc.com\/wp-content\/uploads\/2020\/07\/Extractor-prensa-de-aceite-manual-0.jpg\" \/>\n\t<meta property=\"og:image:width\" content=\"1600\" \/>\n\t<meta property=\"og:image:height\" content=\"1600\" \/>\n\t<meta property=\"og:image:type\" content=\"image\/jpeg\" \/>\n<meta name=\"twitter:card\" content=\"summary_large_image\" \/>\n<meta name=\"twitter:label1\" content=\"Tempo estimado de leitura\" \/>\n\t<meta name=\"twitter:data1\" content=\"1 minuto\" \/>\n<script type=\"application\/ld+json\" class=\"yoast-schema-graph\">{\"@context\":\"https:\/\/schema.org\",\"@graph\":[{\"@type\":\"WebPage\",\"@id\":\"https:\/\/www.distribucionarc.com\/sl\/producto\/extractor-prensa-de-aceite-manual\/\",\"url\":\"https:\/\/www.distribucionarc.com\/sl\/producto\/extractor-prensa-de-aceite-manual\/\",\"name\":\"Extractor prensa de aceite manual - distribuci\u00f3n ARC\",\"isPartOf\":{\"@id\":\"https:\/\/distribucionarc.com\/bg\/#website\"},\"primaryImageOfPage\":{\"@id\":\"https:\/\/www.distribucionarc.com\/sl\/producto\/extractor-prensa-de-aceite-manual\/#primaryimage\"},\"image\":{\"@id\":\"https:\/\/www.distribucionarc.com\/sl\/producto\/extractor-prensa-de-aceite-manual\/#primaryimage\"},\"thumbnailUrl\":\"https:\/\/distribucionarc.com\/wp-content\/uploads\/2020\/07\/Extractor-prensa-de-aceite-manual-0.jpg\",\"datePublished\":\"2020-07-28T08:48:48+00:00\",\"dateModified\":\"2020-09-27T10:24:09+00:00\",\"breadcrumb\":{\"@id\":\"https:\/\/www.distribucionarc.com\/sl\/producto\/extractor-prensa-de-aceite-manual\/#breadcrumb\"},\"inLanguage\":\"pt-PT\",\"potentialAction\":[{\"@type\":\"ReadAction\",\"target\":[\"https:\/\/www.distribucionarc.com\/sl\/producto\/extractor-prensa-de-aceite-manual\/\"]}]},{\"@type\":\"ImageObject\",\"inLanguage\":\"pt-PT\",\"@id\":\"https:\/\/www.distribucionarc.com\/sl\/producto\/extractor-prensa-de-aceite-manual\/#primaryimage\",\"url\":\"https:\/\/distribucionarc.com\/wp-content\/uploads\/2020\/07\/Extractor-prensa-de-aceite-manual-0.jpg\",\"contentUrl\":\"https:\/\/distribucionarc.com\/wp-content\/uploads\/2020\/07\/Extractor-prensa-de-aceite-manual-0.jpg\",\"width\":1600,\"height\":1600,\"caption\":\"Extractor prensa de aceite manual\"},{\"@type\":\"BreadcrumbList\",\"@id\":\"https:\/\/www.distribucionarc.com\/sl\/producto\/extractor-prensa-de-aceite-manual\/#breadcrumb\",\"itemListElement\":[{\"@type\":\"ListItem\",\"position\":1,\"name\":\"Portada\",\"item\":\"https:\/\/distribucionarc.com\/nb\/\"},{\"@type\":\"ListItem\",\"position\":2,\"name\":\"Products\",\"item\":\"https:\/\/www.distribucionarc.com\/en\/shop\/\"},{\"@type\":\"ListItem\",\"position\":3,\"name\":\"Extractor prensa de aceite manual\"}]},{\"@type\":\"WebSite\",\"@id\":\"https:\/\/distribucionarc.com\/bg\/#website\",\"url\":\"https:\/\/distribucionarc.com\/bg\/\",\"name\":\"distribuci\u00f3n ARC\",\"description\":\"Empresa especializada en la fabricaci\u00f3n y distribuci\u00f3n de maquinaria industrial, selladoras de latas, Maquinas de hacer pastillas, Maquinas de cortar carne...\",\"publisher\":{\"@id\":\"https:\/\/distribucionarc.com\/bg\/#organization\"},\"potentialAction\":[{\"@type\":\"SearchAction\",\"target\":{\"@type\":\"EntryPoint\",\"urlTemplate\":\"https:\/\/distribucionarc.com\/bg\/?s={search_term_string}\"},\"query-input\":{\"@type\":\"PropertyValueSpecification\",\"valueRequired\":true,\"valueName\":\"search_term_string\"}}],\"inLanguage\":\"pt-PT\"},{\"@type\":\"Organization\",\"@id\":\"https:\/\/distribucionarc.com\/bg\/#organization\",\"name\":\"Distribuci\u00f3n ARC\",\"url\":\"https:\/\/distribucionarc.com\/bg\/\",\"logo\":{\"@type\":\"ImageObject\",\"inLanguage\":\"pt-PT\",\"@id\":\"https:\/\/distribucionarc.com\/bg\/#\/schema\/logo\/image\/\",\"url\":\"https:\/\/distribucionarc.com\/wp-content\/uploads\/2024\/10\/distribucion-ARC-COLOR-SIN-FONDO-e1732295305345.png\",\"contentUrl\":\"https:\/\/distribucionarc.com\/wp-content\/uploads\/2024\/10\/distribucion-ARC-COLOR-SIN-FONDO-e1732295305345.png\",\"width\":1164,\"height\":558,\"caption\":\"Distribuci\u00f3n ARC\"},\"image\":{\"@id\":\"https:\/\/distribucionarc.com\/bg\/#\/schema\/logo\/image\/\"},\"description\":\"Empresa especializada en la fabricaci\u00f3n y distribuci\u00f3n de maquinaria industrial para los sectores alimentario y farmac\u00e9utico. Nos especializamos en: M\u00e1quinas de cortar carne Fabricaci\u00f3n de comprimidos Sistemas de transporte industrial L\u00edneas de embotellado Dosificadores Y mucho m\u00e1s... Ofrecemos soluciones innovadoras y personalizadas para optimizar los procesos productivos de tu empresa.\",\"email\":\"Admistracion@distribucionarc.com\",\"telephone\":\"+34 643496664\",\"legalName\":\"ARC TECH SOLUTIONS\",\"foundingDate\":\"2024-04-09\",\"vatID\":\"B55480172\",\"numberOfEmployees\":{\"@type\":\"QuantitativeValue\",\"minValue\":\"1\",\"maxValue\":\"10\"}}]}<\/script>\n<!-- \/ Yoast SEO Premium plugin. -->","yoast_head_json":{"title":"Extrator de prensa de \u00f3leo manual - distribui\u00e7\u00e3o ARC","robots":{"index":"index","follow":"follow","max-snippet":"max-snippet:-1","max-image-preview":"max-image-preview:large","max-video-preview":"max-video-preview:-1"},"canonical":"https:\/\/www.distribucionarc.com\/sl\/producto\/extractor-prensa-de-aceite-manual\/","og_locale":"pt_PT","og_type":"article","og_title":"Extractor prensa de aceite manual","og_description":"Extractor prensa de aceite manual \u00a1Aceite fresco, sano y sabroso! Con la\u00a0prensa de aceite\u00a0ARC puedes enriquecer tu cocina con los mejores aceites especiales de frutos secos, granos o semillas sin aditivos.  Este extractor manual ARCEAM01 cuenta con los mejores materiales del mercado para realizar un aceite de gran calidad cuidado sus detalles, esta prensa de aceite manual es la indicada para uso dom\u00e9stico, aficionado o profesional. Bas\u00e1ndose en sistema tradicional de extracci\u00f3n de aceite obtendr\u00e1 todas las propiedas que busca. Garant\u00eda\u00a0ARC 2 A\u00d1OS soporte t\u00e9cnico\u00a0incluido","og_url":"https:\/\/www.distribucionarc.com\/sl\/producto\/extractor-prensa-de-aceite-manual\/","og_site_name":"distribuci\u00f3n ARC","article_modified_time":"2020-09-27T10:24:09+00:00","og_image":[{"width":1600,"height":1600,"url":"https:\/\/www.distribucionarc.com\/wp-content\/uploads\/2020\/07\/Extractor-prensa-de-aceite-manual-0.jpg","type":"image\/jpeg"}],"twitter_card":"summary_large_image","twitter_misc":{"Tempo estimado de leitura":"1 minuto"},"schema":{"@context":"https:\/\/schema.org","@graph":[{"@type":"WebPage","@id":"https:\/\/www.distribucionarc.com\/sl\/producto\/extractor-prensa-de-aceite-manual\/","url":"https:\/\/www.distribucionarc.com\/sl\/producto\/extractor-prensa-de-aceite-manual\/","name":"Extrator de prensa de \u00f3leo manual - distribui\u00e7\u00e3o ARC","isPartOf":{"@id":"https:\/\/distribucionarc.com\/bg\/#website"},"primaryImageOfPage":{"@id":"https:\/\/www.distribucionarc.com\/sl\/producto\/extractor-prensa-de-aceite-manual\/#primaryimage"},"image":{"@id":"https:\/\/www.distribucionarc.com\/sl\/producto\/extractor-prensa-de-aceite-manual\/#primaryimage"},"thumbnailUrl":"https:\/\/distribucionarc.com\/wp-content\/uploads\/2020\/07\/Extractor-prensa-de-aceite-manual-0.jpg","datePublished":"2020-07-28T08:48:48+00:00","dateModified":"2020-09-27T10:24:09+00:00","breadcrumb":{"@id":"https:\/\/www.distribucionarc.com\/sl\/producto\/extractor-prensa-de-aceite-manual\/#breadcrumb"},"inLanguage":"pt-PT","potentialAction":[{"@type":"ReadAction","target":["https:\/\/www.distribucionarc.com\/sl\/producto\/extractor-prensa-de-aceite-manual\/"]}]},{"@type":"ImageObject","inLanguage":"pt-PT","@id":"https:\/\/www.distribucionarc.com\/sl\/producto\/extractor-prensa-de-aceite-manual\/#primaryimage","url":"https:\/\/distribucionarc.com\/wp-content\/uploads\/2020\/07\/Extractor-prensa-de-aceite-manual-0.jpg","contentUrl":"https:\/\/distribucionarc.com\/wp-content\/uploads\/2020\/07\/Extractor-prensa-de-aceite-manual-0.jpg","width":1600,"height":1600,"caption":"Extractor prensa de aceite manual"},{"@type":"BreadcrumbList","@id":"https:\/\/www.distribucionarc.com\/sl\/producto\/extractor-prensa-de-aceite-manual\/#breadcrumb","itemListElement":[{"@type":"ListItem","position":1,"name":"Portada","item":"https:\/\/distribucionarc.com\/nb\/"},{"@type":"ListItem","position":2,"name":"Products","item":"https:\/\/www.distribucionarc.com\/en\/shop\/"},{"@type":"ListItem","position":3,"name":"Extractor prensa de aceite manual"}]},{"@type":"WebSite","@id":"https:\/\/distribucionarc.com\/bg\/#website","url":"https:\/\/distribucionarc.com\/bg\/","name":"Distribui\u00e7\u00e3o ARC","description":"Empresa especializada no fabrico e distribui\u00e7\u00e3o de m\u00e1quinas industriais, m\u00e1quinas de selar latas, m\u00e1quinas de fazer comprimidos, m\u00e1quinas de cortar carne...","publisher":{"@id":"https:\/\/distribucionarc.com\/bg\/#organization"},"potentialAction":[{"@type":"SearchAction","target":{"@type":"EntryPoint","urlTemplate":"https:\/\/distribucionarc.com\/bg\/?s={search_term_string}"},"query-input":{"@type":"PropertyValueSpecification","valueRequired":true,"valueName":"search_term_string"}}],"inLanguage":"pt-PT"},{"@type":"Organization","@id":"https:\/\/distribucionarc.com\/bg\/#organization","name":"Distribui\u00e7\u00e3o ARC","url":"https:\/\/distribucionarc.com\/bg\/","logo":{"@type":"ImageObject","inLanguage":"pt-PT","@id":"https:\/\/distribucionarc.com\/bg\/#\/schema\/logo\/image\/","url":"https:\/\/distribucionarc.com\/wp-content\/uploads\/2024\/10\/distribucion-ARC-COLOR-SIN-FONDO-e1732295305345.png","contentUrl":"https:\/\/distribucionarc.com\/wp-content\/uploads\/2024\/10\/distribucion-ARC-COLOR-SIN-FONDO-e1732295305345.png","width":1164,"height":558,"caption":"Distribuci\u00f3n ARC"},"image":{"@id":"https:\/\/distribucionarc.com\/bg\/#\/schema\/logo\/image\/"},"description":"Empresa especializada no fabrico e distribui\u00e7\u00e3o de m\u00e1quinas industriais para os sectores alimentar e farmac\u00eautico. Somos especializados em: M\u00e1quinas de cortar carne Fabrico de comprimidos Sistemas de transporte industrial Linhas de engarrafamento Dispensadores E muito mais... Oferecemos solu\u00e7\u00f5es inovadoras e personalizadas para otimizar os processos de produ\u00e7\u00e3o da sua empresa.","email":"Admistracion@distribucionarc.com","telephone":"+34 643496664","legalName":"ARC TECH SOLUTIONS","foundingDate":"2024-04-09","vatID":"B55480172","numberOfEmployees":{"@type":"QuantitativeValue","minValue":"1","maxValue":"10"}}]}},"_links":{"self":[{"href":"https:\/\/distribucionarc.com\/pt\/wp-json\/wp\/v2\/product\/1582","targetHints":{"allow":["GET"]}}],"collection":[{"href":"https:\/\/distribucionarc.com\/pt\/wp-json\/wp\/v2\/product"}],"about":[{"href":"https:\/\/distribucionarc.com\/pt\/wp-json\/wp\/v2\/types\/product"}],"replies":[{"embeddable":true,"href":"https:\/\/distribucionarc.com\/pt\/wp-json\/wp\/v2\/comments?post=1582"}],"version-history":[{"count":0,"href":"https:\/\/distribucionarc.com\/pt\/wp-json\/wp\/v2\/product\/1582\/revisions"}],"wp:featuredmedia":[{"embeddable":true,"href":"https:\/\/distribucionarc.com\/pt\/wp-json\/wp\/v2\/media\/1590"}],"wp:attachment":[{"href":"https:\/\/distribucionarc.com\/pt\/wp-json\/wp\/v2\/media?parent=1582"}],"wp:term":[{"taxonomy":"product_brand","embeddable":true,"href":"https:\/\/distribucionarc.com\/pt\/wp-json\/wp\/v2\/product_brand?post=1582"},{"taxonomy":"product_cat","embeddable":true,"href":"https:\/\/distribucionarc.com\/pt\/wp-json\/wp\/v2\/product_cat?post=1582"},{"taxonomy":"product_tag","embeddable":true,"href":"https:\/\/distribucionarc.com\/pt\/wp-json\/wp\/v2\/product_tag?post=1582"}],"curies":[{"name":"wp","href":"https:\/\/api.w.org\/{rel}","templated":true}]}}