{"id":1717,"date":"2020-07-29T19:32:01","date_gmt":"2020-07-29T19:32:01","guid":{"rendered":"https:\/\/distribucionarc.com\/?post_type=product&#038;p=1717"},"modified":"2020-09-29T19:05:23","modified_gmt":"2020-09-29T19:05:23","slug":"ferro-eletrico-55cm","status":"publish","type":"product","link":"https:\/\/distribucionarc.com\/pt\/producto\/plancha-electrica-55cm\/","title":{"rendered":"Ferro el\u00e9trico 55cm"},"content":{"rendered":"<h3>Ferro el\u00e9trico 55cm<\/h3>\n<p>O\u00a0 <strong>ferro el\u00e9trico<span style=\"color: #ff0000;\"> PARA<\/span><span style=\"color: #0000ff;\">R<\/span>CPE01 <\/strong>Possui uma grande superf\u00edcie plana de 55 x 35 cm e \u00e9 ideal para preparar diversos tipos de alimentos ao mesmo tempo. A placa de ferro fundido de 8 mm aquece de forma r\u00e1pida e uniforme.<\/p>\n<p>O controle constante da temperatura permite ajustar a temperatura de acordo com as necessidades de cozimento dos diferentes alimentos, variando de 50-300 \u2103, com indicadores que mostram o estado de aquecimento<\/p>\n<p>Esse <strong>ferro el\u00e9trico <span style=\"color: #ff0000;\">PARA<\/span><span style=\"color: #0000ff;\">R<\/span>c<\/strong> Ele \u00e9 constru\u00eddo com um corpo de a\u00e7o inoxid\u00e1vel de qualidade alimentar e uma superf\u00edcie de cozimento antiaderente em ferro fundido de alta qualidade, proporcionando excelente confiabilidade e longa vida \u00fatil.<\/p>\n<p>A prote\u00e7\u00e3o adicional contra respingos em ambos os lados e na parte traseira da placa quente protege os usu\u00e1rios e as paredes circundantes contra respingos e graxa quente. Uma gaveta de gordura coleta \u00f3leo e res\u00edduos de alimentos para facilitar a limpeza.<\/p>\n<p>As sa\u00eddas de ar em ambos os lados dissipam o calor e ajudam a grelha a manter uma temperatura razo\u00e1vel. Nosso <strong>churrasqueira el\u00e9trica plana<\/strong> \u00c9 perfeito para cozinhar diversos vegetais, frango, bife, lula, queijo grelhado, panquecas, ovos mexidos e muito mais.<\/p>\n<h6><\/h6>\n<h6><strong>Garantia\u00a0<span style=\"color: #ff0000;\">PARA<\/span><span style=\"color: #0000ff;\">R<\/span>C 2 ANOS<\/strong><\/h6>\n<h6><span style=\"color: #008000;\">Ferro el\u00e9trico eficiente, baixo consumo 3000w<\/span><\/h6>\n<h6><strong>suporte t\u00e9cnico inclu\u00eddo<\/strong><\/h6>\n<p>&nbsp;<\/p>\n<table width=\"100%\">\n<tbody>\n<tr>\n<td>Marca:<\/td>\n<td width=\"32%\">ARCO<\/td>\n<td>Peso:<\/td>\n<td width=\"30%\">10kg<\/td>\n<\/tr>\n<tr>\n<td>Pa\u00eds de distribui\u00e7\u00e3o:<\/td>\n<td width=\"32%\">Espanha, Alemanha, EUA<\/td>\n<td>Altura:<\/td>\n<td width=\"30%\">23cm<\/td>\n<\/tr>\n<tr>\n<td>Cor:<\/td>\n<td width=\"32%\">Prata<\/td>\n<td>Longo:<\/td>\n<td width=\"30%\">54cm<\/td>\n<\/tr>\n<tr>\n<td>Tipo de produto:<\/td>\n<td width=\"32%\">Ferro el\u00e9trico<\/td>\n<td>Largo:<\/td>\n<td width=\"30%\">40cm<\/td>\n<\/tr>\n<tr>\n<td>N\u00famero do fabricante:<\/td>\n<td width=\"32%\">ARCPE01<\/td>\n<td>Tamanho da grelha:<\/td>\n<td width=\"30%\">54x40cm<\/td>\n<\/tr>\n<tr>\n<td>Material:<\/td>\n<td width=\"32%\">\u00a0A\u00e7o inoxid\u00e1vel, controle de temperatura<\/td>\n<td>Poder:<\/td>\n<td width=\"30%\">3000W<\/td>\n<\/tr>\n<tr>\n<td>Garantia:<\/td>\n<td width=\"32%\">2 anos<\/td>\n<td>Tens\u00e3o:<\/td>\n<td width=\"30%\">\u00a0220 V \u2013 50 Hz<\/td>\n<\/tr>\n<\/tbody>\n<\/table>","protected":false},"excerpt":{"rendered":"<h2>Ferro el\u00e9trico 55cm<\/h2>\n<p>O <strong>ferro el\u00e9trico <span style=\"color: #ff0000;\">PARA<\/span><span style=\"color: #0000ff;\">R<\/span>c<\/strong> \u00c9 perfeito para cozinhar vegetais, carnes, peixes, lulas, queijo grelhado, panquecas, ovos mexidos, etc. Seu manuseio f\u00e1cil o torna ideal para uso dom\u00e9stico e comercial.<\/p>\n<p>Esse<strong> ferro el\u00e9trico <span style=\"color: #ff0000;\">PARA<\/span><span style=\"color: #0000ff;\">R<\/span>CPE01<\/strong> \u00c9 inteiramente fabricado em a\u00e7o inoxid\u00e1vel da melhor qualidade alimentar. Se voc\u00ea procura desempenho, o <strong>ferros el\u00e9tricos<\/strong> de <strong><span style=\"color: #ff0000;\">PARA<\/span><span style=\"color: #0000ff;\">R<\/span>c<\/strong> executar <strong><span style=\"color: #008000;\">Consumo m\u00ednimo de energia em compara\u00e7\u00e3o com a concorr\u00eancia<\/span><\/strong>. Sem alterar os resultados e a velocidade de resposta do ferro.<\/p>\n<h6><strong>Garantia\u00a0<span style=\"color: #ff0000;\">PARA<\/span><span style=\"color: #0000ff;\">R<\/span>C 2 ANOS<\/strong><\/h6>\n<h6><span style=\"color: #008000;\">Ferro el\u00e9trico eficiente, baixo consumo 3000w<\/span><\/h6>\n<h6><strong>suporte t\u00e9cnico inclu\u00eddo<\/strong><\/h6>","protected":false},"featured_media":1718,"comment_status":"open","ping_status":"closed","template":"","meta":{"wds_primary_product_brand":0,"wds_primary_product_cat":0},"product_brand":[],"product_cat":[39],"product_tag":[],"class_list":{"0":"post-1717","1":"product","2":"type-product","3":"status-publish","4":"has-post-thumbnail","6":"product_cat-plancha-de-cosina","7":"product_shipping_class-hosteleria","9":"first","10":"instock","11":"sale","12":"taxable","13":"shipping-taxable","14":"purchasable","15":"product-type-simple"},"yoast_head":"<!-- This site is optimized with the Yoast SEO Premium plugin v24.9 (Yoast SEO v26.1) - https:\/\/yoast.com\/wordpress\/plugins\/seo\/ -->\n<title>Plancha el\u00e9ctrica 55cm - distribuci\u00f3n ARC<\/title>\n<meta name=\"robots\" content=\"index, follow, max-snippet:-1, max-image-preview:large, max-video-preview:-1\" \/>\n<link rel=\"canonical\" href=\"https:\/\/distribucionarc.com\/pt\/produto\/ferro-eletrico-55cm\/\" \/>\n<meta property=\"og:locale\" content=\"pt_PT\" \/>\n<meta property=\"og:type\" content=\"article\" \/>\n<meta property=\"og:title\" content=\"Plancha el\u00e9ctrica 55cm\" \/>\n<meta property=\"og:description\" content=\"Plancha el\u00e9ctrica 55cm La plancha el\u00e9ctrica ARC es perfecta para cocinar verduras, carnes, pescados, calamar, queso a la parrilla, tortitas, huevos revueltos, etc. Su manejo sin esfuerzo lo hace ideal para uso dom\u00e9stico y comercial.  Esta plancha el\u00e9ctrica ARCPE01 esta fabricada totalmente de acero inoxidable de la mejor calidad alimenticia. Si lo que busca es rendimiento, las planchas el\u00e9ctricas de ARC realizan un consumo m\u00ednimo de energ\u00eda respecto a las de la competencia. Sin alterar los resultados y velocidad de respuesta de la plancha. Garant\u00eda\u00a0ARC 2 A\u00d1OS Plancha el\u00e9ctrica eficiente, bajo consumo 3000w soporte t\u00e9cnico incluido\" \/>\n<meta property=\"og:url\" content=\"https:\/\/distribucionarc.com\/pt\/produto\/ferro-eletrico-55cm\/\" \/>\n<meta property=\"og:site_name\" content=\"distribuci\u00f3n ARC\" \/>\n<meta property=\"article:modified_time\" content=\"2020-09-29T19:05:23+00:00\" \/>\n<meta property=\"og:image\" content=\"https:\/\/distribucionarc.com\/wp-content\/uploads\/2020\/07\/Plancha-el\u00e9ctrica-55cm-0.jpg\" \/>\n\t<meta property=\"og:image:width\" content=\"1600\" \/>\n\t<meta property=\"og:image:height\" content=\"1600\" \/>\n\t<meta property=\"og:image:type\" content=\"image\/jpeg\" \/>\n<meta name=\"twitter:card\" content=\"summary_large_image\" \/>\n<meta name=\"twitter:label1\" content=\"Tempo estimado de leitura\" \/>\n\t<meta name=\"twitter:data1\" content=\"1 minuto\" \/>\n<script type=\"application\/ld+json\" class=\"yoast-schema-graph\">{\"@context\":\"https:\/\/schema.org\",\"@graph\":[{\"@type\":\"WebPage\",\"@id\":\"https:\/\/distribucionarc.com\/sk\/producto\/plancha-electrica-55cm\/\",\"url\":\"https:\/\/distribucionarc.com\/sk\/producto\/plancha-electrica-55cm\/\",\"name\":\"Plancha el\u00e9ctrica 55cm - distribuci\u00f3n ARC\",\"isPartOf\":{\"@id\":\"https:\/\/www.distribucionarc.com\/tr\/#website\"},\"primaryImageOfPage\":{\"@id\":\"https:\/\/distribucionarc.com\/sk\/producto\/plancha-electrica-55cm\/#primaryimage\"},\"image\":{\"@id\":\"https:\/\/distribucionarc.com\/sk\/producto\/plancha-electrica-55cm\/#primaryimage\"},\"thumbnailUrl\":\"https:\/\/distribucionarc.com\/wp-content\/uploads\/2020\/07\/Plancha-el\u00e9ctrica-55cm-0.jpg\",\"datePublished\":\"2020-07-29T19:32:01+00:00\",\"dateModified\":\"2020-09-29T19:05:23+00:00\",\"breadcrumb\":{\"@id\":\"https:\/\/distribucionarc.com\/sk\/producto\/plancha-electrica-55cm\/#breadcrumb\"},\"inLanguage\":\"pt-PT\",\"potentialAction\":[{\"@type\":\"ReadAction\",\"target\":[\"https:\/\/distribucionarc.com\/sk\/producto\/plancha-electrica-55cm\/\"]}]},{\"@type\":\"ImageObject\",\"inLanguage\":\"pt-PT\",\"@id\":\"https:\/\/distribucionarc.com\/sk\/producto\/plancha-electrica-55cm\/#primaryimage\",\"url\":\"https:\/\/distribucionarc.com\/wp-content\/uploads\/2020\/07\/Plancha-el\u00e9ctrica-55cm-0.jpg\",\"contentUrl\":\"https:\/\/distribucionarc.com\/wp-content\/uploads\/2020\/07\/Plancha-el\u00e9ctrica-55cm-0.jpg\",\"width\":1600,\"height\":1600,\"caption\":\"Plancha electrica 55cm\"},{\"@type\":\"BreadcrumbList\",\"@id\":\"https:\/\/distribucionarc.com\/sk\/producto\/plancha-electrica-55cm\/#breadcrumb\",\"itemListElement\":[{\"@type\":\"ListItem\",\"position\":1,\"name\":\"Portada\",\"item\":\"https:\/\/www.distribucionarc.com\/tr\/\"},{\"@type\":\"ListItem\",\"position\":2,\"name\":\"Produktai\",\"item\":\"https:\/\/distribucionarc.com\/lt\/parduotuve\/\"},{\"@type\":\"ListItem\",\"position\":3,\"name\":\"Plancha el\u00e9ctrica 55cm\"}]},{\"@type\":\"WebSite\",\"@id\":\"https:\/\/www.distribucionarc.com\/tr\/#website\",\"url\":\"https:\/\/www.distribucionarc.com\/tr\/\",\"name\":\"distribuci\u00f3n ARC\",\"description\":\"Empresa especializada en la fabricaci\u00f3n y distribuci\u00f3n de maquinaria industrial, selladoras de latas, Maquinas de hacer pastillas, Maquinas de cortar carne...\",\"publisher\":{\"@id\":\"https:\/\/www.distribucionarc.com\/tr\/#organization\"},\"potentialAction\":[{\"@type\":\"SearchAction\",\"target\":{\"@type\":\"EntryPoint\",\"urlTemplate\":\"https:\/\/www.distribucionarc.com\/tr\/?s={search_term_string}\"},\"query-input\":{\"@type\":\"PropertyValueSpecification\",\"valueRequired\":true,\"valueName\":\"search_term_string\"}}],\"inLanguage\":\"pt-PT\"},{\"@type\":\"Organization\",\"@id\":\"https:\/\/www.distribucionarc.com\/tr\/#organization\",\"name\":\"Distribuci\u00f3n ARC\",\"url\":\"https:\/\/www.distribucionarc.com\/tr\/\",\"logo\":{\"@type\":\"ImageObject\",\"inLanguage\":\"pt-PT\",\"@id\":\"https:\/\/www.distribucionarc.com\/tr\/#\/schema\/logo\/image\/\",\"url\":\"https:\/\/distribucionarc.com\/wp-content\/uploads\/2024\/10\/distribucion-ARC-COLOR-SIN-FONDO-e1732295305345.png\",\"contentUrl\":\"https:\/\/distribucionarc.com\/wp-content\/uploads\/2024\/10\/distribucion-ARC-COLOR-SIN-FONDO-e1732295305345.png\",\"width\":1164,\"height\":558,\"caption\":\"Distribuci\u00f3n ARC\"},\"image\":{\"@id\":\"https:\/\/www.distribucionarc.com\/tr\/#\/schema\/logo\/image\/\"},\"description\":\"Empresa especializada en la fabricaci\u00f3n y distribuci\u00f3n de maquinaria industrial para los sectores alimentario y farmac\u00e9utico. Nos especializamos en: M\u00e1quinas de cortar carne Fabricaci\u00f3n de comprimidos Sistemas de transporte industrial L\u00edneas de embotellado Dosificadores Y mucho m\u00e1s... Ofrecemos soluciones innovadoras y personalizadas para optimizar los procesos productivos de tu empresa.\",\"email\":\"Admistracion@distribucionarc.com\",\"telephone\":\"+34 643496664\",\"legalName\":\"ARC TECH SOLUTIONS\",\"foundingDate\":\"2024-04-09\",\"vatID\":\"B55480172\",\"numberOfEmployees\":{\"@type\":\"QuantitativeValue\",\"minValue\":\"1\",\"maxValue\":\"10\"}}]}<\/script>\n<!-- \/ Yoast SEO Premium plugin. -->","yoast_head_json":{"title":"Chapa el\u00e9trica 55cm - Distribui\u00e7\u00e3o ARC","robots":{"index":"index","follow":"follow","max-snippet":"max-snippet:-1","max-image-preview":"max-image-preview:large","max-video-preview":"max-video-preview:-1"},"canonical":"https:\/\/distribucionarc.com\/pt\/produto\/ferro-eletrico-55cm\/","og_locale":"pt_PT","og_type":"article","og_title":"Plancha el\u00e9ctrica 55cm","og_description":"Plancha el\u00e9ctrica 55cm La plancha el\u00e9ctrica ARC es perfecta para cocinar verduras, carnes, pescados, calamar, queso a la parrilla, tortitas, huevos revueltos, etc. Su manejo sin esfuerzo lo hace ideal para uso dom\u00e9stico y comercial.  Esta plancha el\u00e9ctrica ARCPE01 esta fabricada totalmente de acero inoxidable de la mejor calidad alimenticia. Si lo que busca es rendimiento, las planchas el\u00e9ctricas de ARC realizan un consumo m\u00ednimo de energ\u00eda respecto a las de la competencia. Sin alterar los resultados y velocidad de respuesta de la plancha. Garant\u00eda\u00a0ARC 2 A\u00d1OS Plancha el\u00e9ctrica eficiente, bajo consumo 3000w soporte t\u00e9cnico incluido","og_url":"https:\/\/distribucionarc.com\/pt\/produto\/ferro-eletrico-55cm\/","og_site_name":"distribuci\u00f3n ARC","article_modified_time":"2020-09-29T19:05:23+00:00","og_image":[{"width":1600,"height":1600,"url":"https:\/\/distribucionarc.com\/wp-content\/uploads\/2020\/07\/Plancha-el\u00e9ctrica-55cm-0.jpg","type":"image\/jpeg"}],"twitter_card":"summary_large_image","twitter_misc":{"Tempo estimado de leitura":"1 minuto"},"schema":{"@context":"https:\/\/schema.org","@graph":[{"@type":"WebPage","@id":"https:\/\/distribucionarc.com\/sk\/producto\/plancha-electrica-55cm\/","url":"https:\/\/distribucionarc.com\/sk\/producto\/plancha-electrica-55cm\/","name":"Chapa el\u00e9trica 55cm - Distribui\u00e7\u00e3o ARC","isPartOf":{"@id":"https:\/\/www.distribucionarc.com\/tr\/#website"},"primaryImageOfPage":{"@id":"https:\/\/distribucionarc.com\/sk\/producto\/plancha-electrica-55cm\/#primaryimage"},"image":{"@id":"https:\/\/distribucionarc.com\/sk\/producto\/plancha-electrica-55cm\/#primaryimage"},"thumbnailUrl":"https:\/\/distribucionarc.com\/wp-content\/uploads\/2020\/07\/Plancha-el\u00e9ctrica-55cm-0.jpg","datePublished":"2020-07-29T19:32:01+00:00","dateModified":"2020-09-29T19:05:23+00:00","breadcrumb":{"@id":"https:\/\/distribucionarc.com\/sk\/producto\/plancha-electrica-55cm\/#breadcrumb"},"inLanguage":"pt-PT","potentialAction":[{"@type":"ReadAction","target":["https:\/\/distribucionarc.com\/sk\/producto\/plancha-electrica-55cm\/"]}]},{"@type":"ImageObject","inLanguage":"pt-PT","@id":"https:\/\/distribucionarc.com\/sk\/producto\/plancha-electrica-55cm\/#primaryimage","url":"https:\/\/distribucionarc.com\/wp-content\/uploads\/2020\/07\/Plancha-el\u00e9ctrica-55cm-0.jpg","contentUrl":"https:\/\/distribucionarc.com\/wp-content\/uploads\/2020\/07\/Plancha-el\u00e9ctrica-55cm-0.jpg","width":1600,"height":1600,"caption":"Plancha electrica 55cm"},{"@type":"BreadcrumbList","@id":"https:\/\/distribucionarc.com\/sk\/producto\/plancha-electrica-55cm\/#breadcrumb","itemListElement":[{"@type":"ListItem","position":1,"name":"Portada","item":"https:\/\/www.distribucionarc.com\/tr\/"},{"@type":"ListItem","position":2,"name":"Produktai","item":"https:\/\/distribucionarc.com\/lt\/parduotuve\/"},{"@type":"ListItem","position":3,"name":"Plancha el\u00e9ctrica 55cm"}]},{"@type":"WebSite","@id":"https:\/\/www.distribucionarc.com\/tr\/#website","url":"https:\/\/www.distribucionarc.com\/tr\/","name":"Distribui\u00e7\u00e3o ARC","description":"Empresa especializada no fabrico e distribui\u00e7\u00e3o de m\u00e1quinas industriais, m\u00e1quinas de selar latas, m\u00e1quinas de fazer comprimidos, m\u00e1quinas de cortar carne...","publisher":{"@id":"https:\/\/www.distribucionarc.com\/tr\/#organization"},"potentialAction":[{"@type":"SearchAction","target":{"@type":"EntryPoint","urlTemplate":"https:\/\/www.distribucionarc.com\/tr\/?s={search_term_string}"},"query-input":{"@type":"PropertyValueSpecification","valueRequired":true,"valueName":"search_term_string"}}],"inLanguage":"pt-PT"},{"@type":"Organization","@id":"https:\/\/www.distribucionarc.com\/tr\/#organization","name":"Distribui\u00e7\u00e3o ARC","url":"https:\/\/www.distribucionarc.com\/tr\/","logo":{"@type":"ImageObject","inLanguage":"pt-PT","@id":"https:\/\/www.distribucionarc.com\/tr\/#\/schema\/logo\/image\/","url":"https:\/\/distribucionarc.com\/wp-content\/uploads\/2024\/10\/distribucion-ARC-COLOR-SIN-FONDO-e1732295305345.png","contentUrl":"https:\/\/distribucionarc.com\/wp-content\/uploads\/2024\/10\/distribucion-ARC-COLOR-SIN-FONDO-e1732295305345.png","width":1164,"height":558,"caption":"Distribuci\u00f3n ARC"},"image":{"@id":"https:\/\/www.distribucionarc.com\/tr\/#\/schema\/logo\/image\/"},"description":"Empresa especializada no fabrico e distribui\u00e7\u00e3o de m\u00e1quinas industriais para os sectores alimentar e farmac\u00eautico. Somos especializados em: M\u00e1quinas de cortar carne Fabrico de comprimidos Sistemas de transporte industrial Linhas de engarrafamento Dispensadores E muito mais... Oferecemos solu\u00e7\u00f5es inovadoras e personalizadas para otimizar os processos de produ\u00e7\u00e3o da sua empresa.","email":"Admistracion@distribucionarc.com","telephone":"+34 643496664","legalName":"ARC TECH SOLUTIONS","foundingDate":"2024-04-09","vatID":"B55480172","numberOfEmployees":{"@type":"QuantitativeValue","minValue":"1","maxValue":"10"}}]}},"_links":{"self":[{"href":"https:\/\/distribucionarc.com\/pt\/wp-json\/wp\/v2\/product\/1717","targetHints":{"allow":["GET"]}}],"collection":[{"href":"https:\/\/distribucionarc.com\/pt\/wp-json\/wp\/v2\/product"}],"about":[{"href":"https:\/\/distribucionarc.com\/pt\/wp-json\/wp\/v2\/types\/product"}],"replies":[{"embeddable":true,"href":"https:\/\/distribucionarc.com\/pt\/wp-json\/wp\/v2\/comments?post=1717"}],"version-history":[{"count":0,"href":"https:\/\/distribucionarc.com\/pt\/wp-json\/wp\/v2\/product\/1717\/revisions"}],"wp:featuredmedia":[{"embeddable":true,"href":"https:\/\/distribucionarc.com\/pt\/wp-json\/wp\/v2\/media\/1718"}],"wp:attachment":[{"href":"https:\/\/distribucionarc.com\/pt\/wp-json\/wp\/v2\/media?parent=1717"}],"wp:term":[{"taxonomy":"product_brand","embeddable":true,"href":"https:\/\/distribucionarc.com\/pt\/wp-json\/wp\/v2\/product_brand?post=1717"},{"taxonomy":"product_cat","embeddable":true,"href":"https:\/\/distribucionarc.com\/pt\/wp-json\/wp\/v2\/product_cat?post=1717"},{"taxonomy":"product_tag","embeddable":true,"href":"https:\/\/distribucionarc.com\/pt\/wp-json\/wp\/v2\/product_tag?post=1717"}],"curies":[{"name":"wp","href":"https:\/\/api.w.org\/{rel}","templated":true}]}}