{"id":17778,"date":"2025-08-21T01:39:52","date_gmt":"2025-08-20T23:39:52","guid":{"rendered":"https:\/\/distribucionarc.com\/?post_type=product&#038;p=17778"},"modified":"2025-08-21T01:39:53","modified_gmt":"2025-08-20T23:39:53","slug":"britador-granulador-oscilante-para-trabalho-a-frio-e-produtos-sujeitos-a-umidade","status":"publish","type":"product","link":"https:\/\/distribucionarc.com\/pt\/producto\/triturador-granulador-oscilante-trabajo-en-frio-productos-humedad\/","title":{"rendered":"Britador granulador oscilante Produtos de umidade para trabalho a frio"},"content":{"rendered":"<p data-start=\"790\" data-end=\"1407\">Ele <strong data-start=\"793\" data-end=\"805\">YARK-160<\/strong> \u00e9 um <strong data-start=\"812\" data-end=\"854\">moinho\/triturador\/granulador oscilante<\/strong> alto desempenho projetado para <strong data-start=\"889\" data-end=\"922\">produtos com alta umidade<\/strong> qualquer <strong data-start=\"925\" data-end=\"947\">sens\u00edvel ao calor<\/strong>. Sua oscila\u00e7\u00e3o <strong data-start=\"963\" data-end=\"971\">360\u00ba<\/strong> para <strong data-start=\"974\" data-end=\"992\">\u224860 ciclos\/min<\/strong> gera <strong data-start=\"1000\" data-end=\"1017\">cisalhamento suave<\/strong>, com <strong data-start=\"1023\" data-end=\"1040\">baixo atrito<\/strong> e <strong data-start=\"1043\" data-end=\"1071\">ascens\u00e3o t\u00e9rmica m\u00ednima<\/strong>, o que permite <strong data-start=\"1088\" data-end=\"1133\">triturar, desaglomerar e granular a frio<\/strong> sem o material <strong data-start=\"1154\" data-end=\"1200\">derrete, aglomera ou perde propriedades<\/strong>.<br data-start=\"1201\" data-end=\"1204\" \/>Projetado para linhas <strong data-start=\"1224\" data-end=\"1237\">voc\u00ea continua<\/strong> e turnos intensivos, ofertas <strong data-start=\"1266\" data-end=\"1294\">distribui\u00e7\u00e3o controlada do tamanho de part\u00edculas<\/strong> (de acordo com a malha) para otimizar <strong data-start=\"1324\" data-end=\"1373\">mistura, dosagem, extrus\u00e3o, forma\u00e7\u00e3o de comprimidos<\/strong> e <strong data-start=\"1376\" data-end=\"1387\">flu\u00eancia<\/strong> do produto final.<\/p>\n<p data-start=\"1409\" data-end=\"1452\"><strong data-start=\"1409\" data-end=\"1450\">Aplica\u00e7\u00f5es e materiais (exemplos):<\/strong><\/p>\n<ul data-start=\"1453\" data-end=\"2008\">\n<li data-start=\"1453\" data-end=\"1659\">\n<p data-start=\"1455\" data-end=\"1659\"><strong data-start=\"1455\" data-end=\"1471\">Alimenta\u00e7\u00e3o<\/strong>: chocolate\/cacau (n\u00e3o derretido), caldos concentrados\/\u201cAvecrem\u201d, a\u00e7\u00facar \u00famido, sal marinho \u00famido, especiarias com \u00f3leos, frutas desidratadas com umidade residual, pr\u00e9-misturas e retrabalhos.<\/p>\n<\/li>\n<li data-start=\"1660\" data-end=\"1804\">\n<p data-start=\"1662\" data-end=\"1804\"><strong data-start=\"1662\" data-end=\"1678\">Farmac\u00eautico<\/strong>: <strong data-start=\"1680\" data-end=\"1702\">granula\u00e7\u00e3o \u00famida<\/strong> de p\u00f3s para comprimidos, comprimidos retriturados, <strong data-start=\"1756\" data-end=\"1773\">desaglomerado<\/strong> antes da mistura\/encapsulamento.<\/p>\n<\/li>\n<li data-start=\"1805\" data-end=\"1906\">\n<p data-start=\"1807\" data-end=\"1906\"><strong data-start=\"1807\" data-end=\"1820\">Cosm\u00e9ticos<\/strong>: bases de sab\u00e3o, ceras, b\u00e1lsamos e pastas; controle de tamanho <strong data-start=\"1882\" data-end=\"1903\">sem superaquecimento<\/strong>.<\/p>\n<\/li>\n<li data-start=\"1907\" data-end=\"2008\">\n<p data-start=\"1909\" data-end=\"2008\"><strong data-start=\"1909\" data-end=\"1920\">Qu\u00edmica<\/strong>: p\u00f3s higrosc\u00f3picos\/reativos, pr\u00e9-granulados para <strong data-start=\"1972\" data-end=\"1988\">dosagem<\/strong> e <strong data-start=\"1991\" data-end=\"2007\">compacta\u00e7\u00e3o<\/strong>.<\/p>\n<\/li>\n<\/ul>\n<p data-start=\"2010\" data-end=\"2031\"><strong data-start=\"2010\" data-end=\"2029\">Principais benef\u00edcios:<\/strong><\/p>\n<ul data-start=\"2032\" data-end=\"2494\">\n<li data-start=\"2032\" data-end=\"2117\">\n<p data-start=\"2034\" data-end=\"2117\"><strong data-start=\"2034\" data-end=\"2053\">Trabalho a frio<\/strong> \u2192 menos ader\u00eancia, menos multas problem\u00e1ticas, <strong data-start=\"2097\" data-end=\"2114\">fluxo est\u00e1vel<\/strong>.<\/p>\n<\/li>\n<li data-start=\"2118\" data-end=\"2213\">\n<p data-start=\"2120\" data-end=\"2213\"><strong data-start=\"2120\" data-end=\"2146\">Capacidade 200\u2013300 kg\/h<\/strong> com <strong data-start=\"2151\" data-end=\"2167\">Motor de 2,2 kW<\/strong> \u2192 <strong data-start=\"2170\" data-end=\"2195\">efici\u00eancia energ\u00e9tica<\/strong> e <strong data-start=\"2198\" data-end=\"2210\">robustez<\/strong>.<\/p>\n<\/li>\n<li data-start=\"2214\" data-end=\"2314\">\n<p data-start=\"2216\" data-end=\"2314\"><strong data-start=\"2216\" data-end=\"2236\">A\u00e7o inoxid\u00e1vel<\/strong>, design compacto para seu tamanho, <strong data-start=\"2270\" data-end=\"2289\">mudan\u00e7a de malha<\/strong> e <strong data-start=\"2292\" data-end=\"2311\">limpeza r\u00e1pida<\/strong>.<\/p>\n<\/li>\n<li data-start=\"2315\" data-end=\"2396\">\n<p data-start=\"2317\" data-end=\"2396\"><strong data-start=\"2317\" data-end=\"2341\">Integra\u00e7\u00e3o on-line<\/strong>: funil adapt\u00e1vel, sa\u00edda uniforme, opera\u00e7\u00e3o segura.<\/p>\n<\/li>\n<li data-start=\"2397\" data-end=\"2494\">\n<p data-start=\"2399\" data-end=\"2494\"><strong data-start=\"2399\" data-end=\"2424\">Apoio ARC em Espanha<\/strong>: consultoria, comissionamento opcional, pe\u00e7as de reposi\u00e7\u00e3o e manuten\u00e7\u00e3o.<\/p>\n<\/li>\n<\/ul>\n<blockquote data-start=\"2496\" data-end=\"2710\">\n<p data-start=\"2498\" data-end=\"2710\"><strong data-start=\"2498\" data-end=\"2542\">Tamb\u00e9m dispon\u00edvel em modelos superiores<\/strong> (boca maior e vaz\u00e3o &gt;300 kg\/h). Indica <strong data-start=\"2583\" data-end=\"2595\">material<\/strong>, <strong data-start=\"2597\" data-end=\"2613\">% umidade<\/strong>, <strong data-start=\"2615\" data-end=\"2643\">tamanho de entrada\/sa\u00edda<\/strong> e <strong data-start=\"2646\" data-end=\"2665\">vaz\u00e3o alvo<\/strong> para recomendar voc\u00ea <strong data-start=\"2684\" data-end=\"2693\">malha<\/strong> e configura\u00e7\u00e3o.<\/p>\n<\/blockquote>\n<table class=\"tabla-especificaciones yark-160\">\n<thead>\n<tr>\n<th colspan=\"2\">Especifica\u00e7\u00f5es t\u00e9cnicas \u2014 YARK-160<\/th>\n<\/tr>\n<\/thead>\n<tbody>\n<tr>\n<td>Modelo<\/td>\n<td>YARK-160<\/td>\n<\/tr>\n<tr>\n<td>Capacidade de produ\u00e7\u00e3o<\/td>\n<td>200\u2013300 kg\/h (dependendo do material, umidade e malha)<\/td>\n<\/tr>\n<tr>\n<td>Di\u00e2metro do rotor de oscila\u00e7\u00e3o<\/td>\n<td>160 mil\u00edmetros<\/td>\n<\/tr>\n<tr>\n<td>\u00c2ngulo de deslocamento\/oscila\u00e7\u00e3o<\/td>\n<td>360\u00b0<\/td>\n<\/tr>\n<tr>\n<td>Frequ\u00eancia de oscila\u00e7\u00e3o<\/td>\n<td>\u2248 60 ciclos\/min<\/td>\n<\/tr>\n<tr>\n<td>Pot\u00eancia do motor<\/td>\n<td>2,2 kW<\/td>\n<\/tr>\n<tr>\n<td>Peso<\/td>\n<td>330 kg<\/td>\n<\/tr>\n<tr>\n<td>Dimens\u00f5es (C \u00d7 L \u00d7 A)<\/td>\n<td>950 \u00d7 750 \u00d7 1240 mm<\/td>\n<\/tr>\n<tr>\n<td>Material de constru\u00e7\u00e3o<\/td>\n<td>A\u00e7o inoxid\u00e1vel (estrutura robusta, f\u00e1cil limpeza)<\/td>\n<\/tr>\n<tr>\n<td>Opera\u00e7\u00f5es<\/td>\n<td>Britagem, granula\u00e7\u00e3o \u00famida a frio, desaglomera\u00e7\u00e3o, homogeneiza\u00e7\u00e3o<\/td>\n<\/tr>\n<tr>\n<td>Manuten\u00e7\u00e3o preventiva<\/td>\n<td><a href=\"https:\/\/distribucionarc.com\/pt\/manutencao-preventiva-de-arco\/\" target=\"_blank\" rel=\"noopener\">Plano de Manuten\u00e7\u00e3o Preventiva ARC<\/a><\/td>\n<\/tr>\n<tr>\n<td>Servi\u00e7o t\u00e9cnico<\/td>\n<td><a href=\"https:\/\/distribucionarc.com\/pt\/servico-tecnico\/\" target=\"_blank\" rel=\"noopener\">Servi\u00e7o t\u00e9cnico especializado (pesquisa por pa\u00eds e localiza\u00e7\u00e3o)<\/a><\/td>\n<\/tr>\n<tr>\n<td>Garantia aplic\u00e1vel<\/td>\n<td>Tipo A \u2014 <a href=\"https:\/\/distribucionarc.com\/pt\/arco-de-distribuicao-de-garantia\/\" target=\"_blank\" rel=\"noopener\">Garantia de Distribui\u00e7\u00e3o ARC<\/a><\/td>\n<\/tr>\n<\/tbody>\n<\/table>\n<p>&nbsp;<\/p>\n<p>&nbsp;<\/p>","protected":false},"excerpt":{"rendered":"<p>Ele <strong data-start=\"400\" data-end=\"412\">YARK-160<\/strong> \u00e9 um <strong data-start=\"419\" data-end=\"454\">britador-granulador oscilante<\/strong> de <strong data-start=\"458\" data-end=\"491\">alta capacidade (200\u2013300 kg\/h)<\/strong> para <strong data-start=\"497\" data-end=\"527\">granula\u00e7\u00e3o fria e \u00famida<\/strong>Ideal para alimentos, farm\u00e1cias, cosm\u00e9ticos e produtos qu\u00edmicos: <strong data-start=\"582\" data-end=\"620\">evita derretimento, ader\u00eancia e endurecimento<\/strong>, melhora a <strong data-start=\"632\" data-end=\"641\">fluxo<\/strong> e o <strong data-start=\"647\" data-end=\"663\">homogeneidade<\/strong> do granulado. <strong data-start=\"679\" data-end=\"718\">Servi\u00e7o T\u00e9cnico ARC na Europa e nos Estados Unidos<\/strong>\u00a0e <strong data-start=\"721\" data-end=\"740\">garantia tipo A<\/strong>.<\/p>","protected":false},"featured_media":17784,"comment_status":"open","ping_status":"closed","template":"","meta":{"wds_primary_product_brand":0,"wds_primary_product_cat":0},"product_brand":[],"product_cat":[326],"product_tag":[],"class_list":{"0":"post-17778","1":"product","2":"type-product","3":"status-publish","4":"has-post-thumbnail","6":"product_cat-trituradoras-industriales","8":"first","9":"instock","10":"taxable","11":"shipping-taxable","12":"purchasable","13":"product-type-simple"},"yoast_head":"<!-- This site is optimized with the Yoast SEO Premium plugin v24.9 (Yoast SEO v26.1) - https:\/\/yoast.com\/wordpress\/plugins\/seo\/ -->\n<title>Triturador Granulador Oscilante Trabajo en fr\u00edo productos humedad - distribuci\u00f3n ARC<\/title>\n<meta name=\"description\" content=\"YARK-160: triturador oscilante 200\u2013300 kg\/h para granulaci\u00f3n h\u00fameda en fr\u00edo en alimentos, farmacia y cosm\u00e9tica. Garant\u00eda tipo A y SAT ARC en Europa y estados unidos\" \/>\n<meta name=\"robots\" content=\"index, follow, max-snippet:-1, max-image-preview:large, max-video-preview:-1\" \/>\n<link rel=\"canonical\" href=\"https:\/\/distribucionarc.com\/pt\/produto\/britador-granulador-oscilante-para-trabalho-a-frio-e-produtos-sujeitos-a-umidade\/\" \/>\n<meta property=\"og:locale\" content=\"pt_PT\" \/>\n<meta property=\"og:type\" content=\"article\" \/>\n<meta property=\"og:title\" content=\"Triturador Granulador Oscilante Trabajo en fr\u00edo productos humedad\" \/>\n<meta property=\"og:description\" content=\"YARK-160: triturador oscilante 200\u2013300 kg\/h para granulaci\u00f3n h\u00fameda en fr\u00edo en alimentos, farmacia y cosm\u00e9tica. Garant\u00eda tipo A y SAT ARC en Europa y estados unidos\" \/>\n<meta property=\"og:url\" content=\"https:\/\/distribucionarc.com\/pt\/produto\/britador-granulador-oscilante-para-trabalho-a-frio-e-produtos-sujeitos-a-umidade\/\" \/>\n<meta property=\"og:site_name\" content=\"distribuci\u00f3n ARC\" \/>\n<meta property=\"article:modified_time\" content=\"2025-08-20T23:39:53+00:00\" \/>\n<meta property=\"og:image\" content=\"https:\/\/distribucionarc.com\/wp-content\/uploads\/2025\/08\/Granulador-industrial-YARK-160-vista-lateral-derecha-completa.jpeg\" \/>\n\t<meta property=\"og:image:width\" content=\"800\" \/>\n\t<meta property=\"og:image:height\" content=\"800\" \/>\n\t<meta property=\"og:image:type\" content=\"image\/jpeg\" \/>\n<meta name=\"twitter:card\" content=\"summary_large_image\" \/>\n<meta name=\"twitter:label1\" content=\"Tempo estimado de leitura\" \/>\n\t<meta name=\"twitter:data1\" content=\"2 minutos\" \/>\n<script type=\"application\/ld+json\" class=\"yoast-schema-graph\">{\"@context\":\"https:\/\/schema.org\",\"@graph\":[{\"@type\":\"WebPage\",\"@id\":\"https:\/\/distribucionarc.com\/pt\/producto\/triturador-granulador-oscilante-trabajo-en-frio-productos-humedad\/\",\"url\":\"https:\/\/distribucionarc.com\/pt\/producto\/triturador-granulador-oscilante-trabajo-en-frio-productos-humedad\/\",\"name\":\"Triturador Granulador Oscilante Trabajo en fr\u00edo productos humedad - distribuci\u00f3n ARC\",\"isPartOf\":{\"@id\":\"https:\/\/www.distribucionarc.com\/sl\/#website\"},\"primaryImageOfPage\":{\"@id\":\"https:\/\/distribucionarc.com\/pt\/producto\/triturador-granulador-oscilante-trabajo-en-frio-productos-humedad\/#primaryimage\"},\"image\":{\"@id\":\"https:\/\/distribucionarc.com\/pt\/producto\/triturador-granulador-oscilante-trabajo-en-frio-productos-humedad\/#primaryimage\"},\"thumbnailUrl\":\"https:\/\/distribucionarc.com\/wp-content\/uploads\/2025\/08\/Granulador-industrial-YARK-160-vista-lateral-derecha-completa.jpeg\",\"datePublished\":\"2025-08-20T23:39:52+00:00\",\"dateModified\":\"2025-08-20T23:39:53+00:00\",\"description\":\"YARK-160: triturador oscilante 200\u2013300 kg\/h para granulaci\u00f3n h\u00fameda en fr\u00edo en alimentos, farmacia y cosm\u00e9tica. Garant\u00eda tipo A y SAT ARC en Europa y estados unidos\",\"breadcrumb\":{\"@id\":\"https:\/\/distribucionarc.com\/pt\/producto\/triturador-granulador-oscilante-trabajo-en-frio-productos-humedad\/#breadcrumb\"},\"inLanguage\":\"pt-PT\",\"potentialAction\":[{\"@type\":\"ReadAction\",\"target\":[\"https:\/\/distribucionarc.com\/pt\/producto\/triturador-granulador-oscilante-trabajo-en-frio-productos-humedad\/\"]}]},{\"@type\":\"ImageObject\",\"inLanguage\":\"pt-PT\",\"@id\":\"https:\/\/distribucionarc.com\/pt\/producto\/triturador-granulador-oscilante-trabajo-en-frio-productos-humedad\/#primaryimage\",\"url\":\"https:\/\/distribucionarc.com\/wp-content\/uploads\/2025\/08\/Granulador-industrial-YARK-160-vista-lateral-derecha-completa.jpeg\",\"contentUrl\":\"https:\/\/distribucionarc.com\/wp-content\/uploads\/2025\/08\/Granulador-industrial-YARK-160-vista-lateral-derecha-completa.jpeg\",\"width\":800,\"height\":800,\"caption\":\"Vista lateral completa del YARK-160 en posici\u00f3n de trabajo\"},{\"@type\":\"BreadcrumbList\",\"@id\":\"https:\/\/distribucionarc.com\/pt\/producto\/triturador-granulador-oscilante-trabajo-en-frio-productos-humedad\/#breadcrumb\",\"itemListElement\":[{\"@type\":\"ListItem\",\"position\":1,\"name\":\"Portada\",\"item\":\"https:\/\/www.distribucionarc.com\/\"},{\"@type\":\"ListItem\",\"position\":2,\"name\":\"\u00dcr\u00fcnler\",\"item\":\"https:\/\/www.distribucionarc.com\/tr\/magaza\/\"},{\"@type\":\"ListItem\",\"position\":3,\"name\":\"Triturador Granulador Oscilante Trabajo en fr\u00edo productos humedad\"}]},{\"@type\":\"WebSite\",\"@id\":\"https:\/\/www.distribucionarc.com\/sl\/#website\",\"url\":\"https:\/\/www.distribucionarc.com\/sl\/\",\"name\":\"distribuci\u00f3n ARC\",\"description\":\"Empresa especializada en la fabricaci\u00f3n y distribuci\u00f3n de maquinaria industrial, selladoras de latas, Maquinas de hacer pastillas, Maquinas de cortar carne...\",\"publisher\":{\"@id\":\"https:\/\/www.distribucionarc.com\/sl\/#organization\"},\"potentialAction\":[{\"@type\":\"SearchAction\",\"target\":{\"@type\":\"EntryPoint\",\"urlTemplate\":\"https:\/\/www.distribucionarc.com\/sl\/?s={search_term_string}\"},\"query-input\":{\"@type\":\"PropertyValueSpecification\",\"valueRequired\":true,\"valueName\":\"search_term_string\"}}],\"inLanguage\":\"pt-PT\"},{\"@type\":\"Organization\",\"@id\":\"https:\/\/www.distribucionarc.com\/sl\/#organization\",\"name\":\"Distribuci\u00f3n ARC\",\"url\":\"https:\/\/www.distribucionarc.com\/sl\/\",\"logo\":{\"@type\":\"ImageObject\",\"inLanguage\":\"pt-PT\",\"@id\":\"https:\/\/www.distribucionarc.com\/sl\/#\/schema\/logo\/image\/\",\"url\":\"https:\/\/distribucionarc.com\/wp-content\/uploads\/2024\/10\/distribucion-ARC-COLOR-SIN-FONDO-e1732295305345.png\",\"contentUrl\":\"https:\/\/distribucionarc.com\/wp-content\/uploads\/2024\/10\/distribucion-ARC-COLOR-SIN-FONDO-e1732295305345.png\",\"width\":1164,\"height\":558,\"caption\":\"Distribuci\u00f3n ARC\"},\"image\":{\"@id\":\"https:\/\/www.distribucionarc.com\/sl\/#\/schema\/logo\/image\/\"},\"description\":\"Empresa especializada en la fabricaci\u00f3n y distribuci\u00f3n de maquinaria industrial para los sectores alimentario y farmac\u00e9utico. Nos especializamos en: M\u00e1quinas de cortar carne Fabricaci\u00f3n de comprimidos Sistemas de transporte industrial L\u00edneas de embotellado Dosificadores Y mucho m\u00e1s... Ofrecemos soluciones innovadoras y personalizadas para optimizar los procesos productivos de tu empresa.\",\"email\":\"Admistracion@distribucionarc.com\",\"telephone\":\"+34 643496664\",\"legalName\":\"ARC TECH SOLUTIONS\",\"foundingDate\":\"2024-04-09\",\"vatID\":\"B55480172\",\"numberOfEmployees\":{\"@type\":\"QuantitativeValue\",\"minValue\":\"1\",\"maxValue\":\"10\"}}]}<\/script>\n<!-- \/ Yoast SEO Premium plugin. -->","yoast_head_json":{"title":"Britador granulador oscilante Processamento a frio de produtos sujeitos \u00e0 umidade - Distribui\u00e7\u00e3o ARC","description":"YARK-160: britador oscilante de 200\u2013300 kg\/h para granula\u00e7\u00e3o a frio e \u00famida nas ind\u00fastrias aliment\u00edcia, farmac\u00eautica e cosm\u00e9tica. Garantia Tipo A e SAT ARC na Europa e nos Estados Unidos.","robots":{"index":"index","follow":"follow","max-snippet":"max-snippet:-1","max-image-preview":"max-image-preview:large","max-video-preview":"max-video-preview:-1"},"canonical":"https:\/\/distribucionarc.com\/pt\/produto\/britador-granulador-oscilante-para-trabalho-a-frio-e-produtos-sujeitos-a-umidade\/","og_locale":"pt_PT","og_type":"article","og_title":"Triturador Granulador Oscilante Trabajo en fr\u00edo productos humedad","og_description":"YARK-160: triturador oscilante 200\u2013300 kg\/h para granulaci\u00f3n h\u00fameda en fr\u00edo en alimentos, farmacia y cosm\u00e9tica. Garant\u00eda tipo A y SAT ARC en Europa y estados unidos","og_url":"https:\/\/distribucionarc.com\/pt\/produto\/britador-granulador-oscilante-para-trabalho-a-frio-e-produtos-sujeitos-a-umidade\/","og_site_name":"distribuci\u00f3n ARC","article_modified_time":"2025-08-20T23:39:53+00:00","og_image":[{"width":800,"height":800,"url":"https:\/\/distribucionarc.com\/wp-content\/uploads\/2025\/08\/Granulador-industrial-YARK-160-vista-lateral-derecha-completa.jpeg","type":"image\/jpeg"}],"twitter_card":"summary_large_image","twitter_misc":{"Tempo estimado de leitura":"2 minutos"},"schema":{"@context":"https:\/\/schema.org","@graph":[{"@type":"WebPage","@id":"https:\/\/distribucionarc.com\/pt\/producto\/triturador-granulador-oscilante-trabajo-en-frio-productos-humedad\/","url":"https:\/\/distribucionarc.com\/pt\/producto\/triturador-granulador-oscilante-trabajo-en-frio-productos-humedad\/","name":"Britador granulador oscilante Processamento a frio de produtos sujeitos \u00e0 umidade - Distribui\u00e7\u00e3o ARC","isPartOf":{"@id":"https:\/\/www.distribucionarc.com\/sl\/#website"},"primaryImageOfPage":{"@id":"https:\/\/distribucionarc.com\/pt\/producto\/triturador-granulador-oscilante-trabajo-en-frio-productos-humedad\/#primaryimage"},"image":{"@id":"https:\/\/distribucionarc.com\/pt\/producto\/triturador-granulador-oscilante-trabajo-en-frio-productos-humedad\/#primaryimage"},"thumbnailUrl":"https:\/\/distribucionarc.com\/wp-content\/uploads\/2025\/08\/Granulador-industrial-YARK-160-vista-lateral-derecha-completa.jpeg","datePublished":"2025-08-20T23:39:52+00:00","dateModified":"2025-08-20T23:39:53+00:00","description":"YARK-160: britador oscilante de 200\u2013300 kg\/h para granula\u00e7\u00e3o a frio e \u00famida nas ind\u00fastrias aliment\u00edcia, farmac\u00eautica e cosm\u00e9tica. Garantia Tipo A e SAT ARC na Europa e nos Estados Unidos.","breadcrumb":{"@id":"https:\/\/distribucionarc.com\/pt\/producto\/triturador-granulador-oscilante-trabajo-en-frio-productos-humedad\/#breadcrumb"},"inLanguage":"pt-PT","potentialAction":[{"@type":"ReadAction","target":["https:\/\/distribucionarc.com\/pt\/producto\/triturador-granulador-oscilante-trabajo-en-frio-productos-humedad\/"]}]},{"@type":"ImageObject","inLanguage":"pt-PT","@id":"https:\/\/distribucionarc.com\/pt\/producto\/triturador-granulador-oscilante-trabajo-en-frio-productos-humedad\/#primaryimage","url":"https:\/\/distribucionarc.com\/wp-content\/uploads\/2025\/08\/Granulador-industrial-YARK-160-vista-lateral-derecha-completa.jpeg","contentUrl":"https:\/\/distribucionarc.com\/wp-content\/uploads\/2025\/08\/Granulador-industrial-YARK-160-vista-lateral-derecha-completa.jpeg","width":800,"height":800,"caption":"Vista lateral completa del YARK-160 en posici\u00f3n de trabajo"},{"@type":"BreadcrumbList","@id":"https:\/\/distribucionarc.com\/pt\/producto\/triturador-granulador-oscilante-trabajo-en-frio-productos-humedad\/#breadcrumb","itemListElement":[{"@type":"ListItem","position":1,"name":"Portada","item":"https:\/\/www.distribucionarc.com\/"},{"@type":"ListItem","position":2,"name":"\u00dcr\u00fcnler","item":"https:\/\/www.distribucionarc.com\/tr\/magaza\/"},{"@type":"ListItem","position":3,"name":"Triturador Granulador Oscilante Trabajo en fr\u00edo productos humedad"}]},{"@type":"WebSite","@id":"https:\/\/www.distribucionarc.com\/sl\/#website","url":"https:\/\/www.distribucionarc.com\/sl\/","name":"Distribui\u00e7\u00e3o ARC","description":"Empresa especializada no fabrico e distribui\u00e7\u00e3o de m\u00e1quinas industriais, m\u00e1quinas de selar latas, m\u00e1quinas de fazer comprimidos, m\u00e1quinas de cortar carne...","publisher":{"@id":"https:\/\/www.distribucionarc.com\/sl\/#organization"},"potentialAction":[{"@type":"SearchAction","target":{"@type":"EntryPoint","urlTemplate":"https:\/\/www.distribucionarc.com\/sl\/?s={search_term_string}"},"query-input":{"@type":"PropertyValueSpecification","valueRequired":true,"valueName":"search_term_string"}}],"inLanguage":"pt-PT"},{"@type":"Organization","@id":"https:\/\/www.distribucionarc.com\/sl\/#organization","name":"Distribui\u00e7\u00e3o ARC","url":"https:\/\/www.distribucionarc.com\/sl\/","logo":{"@type":"ImageObject","inLanguage":"pt-PT","@id":"https:\/\/www.distribucionarc.com\/sl\/#\/schema\/logo\/image\/","url":"https:\/\/distribucionarc.com\/wp-content\/uploads\/2024\/10\/distribucion-ARC-COLOR-SIN-FONDO-e1732295305345.png","contentUrl":"https:\/\/distribucionarc.com\/wp-content\/uploads\/2024\/10\/distribucion-ARC-COLOR-SIN-FONDO-e1732295305345.png","width":1164,"height":558,"caption":"Distribuci\u00f3n ARC"},"image":{"@id":"https:\/\/www.distribucionarc.com\/sl\/#\/schema\/logo\/image\/"},"description":"Empresa especializada no fabrico e distribui\u00e7\u00e3o de m\u00e1quinas industriais para os sectores alimentar e farmac\u00eautico. Somos especializados em: M\u00e1quinas de cortar carne Fabrico de comprimidos Sistemas de transporte industrial Linhas de engarrafamento Dispensadores E muito mais... Oferecemos solu\u00e7\u00f5es inovadoras e personalizadas para otimizar os processos de produ\u00e7\u00e3o da sua empresa.","email":"Admistracion@distribucionarc.com","telephone":"+34 643496664","legalName":"ARC TECH SOLUTIONS","foundingDate":"2024-04-09","vatID":"B55480172","numberOfEmployees":{"@type":"QuantitativeValue","minValue":"1","maxValue":"10"}}]}},"_links":{"self":[{"href":"https:\/\/distribucionarc.com\/pt\/wp-json\/wp\/v2\/product\/17778","targetHints":{"allow":["GET"]}}],"collection":[{"href":"https:\/\/distribucionarc.com\/pt\/wp-json\/wp\/v2\/product"}],"about":[{"href":"https:\/\/distribucionarc.com\/pt\/wp-json\/wp\/v2\/types\/product"}],"replies":[{"embeddable":true,"href":"https:\/\/distribucionarc.com\/pt\/wp-json\/wp\/v2\/comments?post=17778"}],"version-history":[{"count":1,"href":"https:\/\/distribucionarc.com\/pt\/wp-json\/wp\/v2\/product\/17778\/revisions"}],"predecessor-version":[{"id":17785,"href":"https:\/\/distribucionarc.com\/pt\/wp-json\/wp\/v2\/product\/17778\/revisions\/17785"}],"wp:featuredmedia":[{"embeddable":true,"href":"https:\/\/distribucionarc.com\/pt\/wp-json\/wp\/v2\/media\/17784"}],"wp:attachment":[{"href":"https:\/\/distribucionarc.com\/pt\/wp-json\/wp\/v2\/media?parent=17778"}],"wp:term":[{"taxonomy":"product_brand","embeddable":true,"href":"https:\/\/distribucionarc.com\/pt\/wp-json\/wp\/v2\/product_brand?post=17778"},{"taxonomy":"product_cat","embeddable":true,"href":"https:\/\/distribucionarc.com\/pt\/wp-json\/wp\/v2\/product_cat?post=17778"},{"taxonomy":"product_tag","embeddable":true,"href":"https:\/\/distribucionarc.com\/pt\/wp-json\/wp\/v2\/product_tag?post=17778"}],"curies":[{"name":"wp","href":"https:\/\/api.w.org\/{rel}","templated":true}]}}