{"id":1939,"date":"2020-08-03T15:37:26","date_gmt":"2020-08-03T15:37:26","guid":{"rendered":"https:\/\/distribucionarc.com\/?post_type=product&#038;p=1939"},"modified":"2023-01-19T14:48:14","modified_gmt":"2023-01-19T14:48:14","slug":"grelha-com-rolos-para-cachorro-quente-9","status":"publish","type":"product","link":"https:\/\/distribucionarc.com\/pt\/producto\/parrilla-con-rodillos-para-perritos-caliente-9\/","title":{"rendered":"Grelhado com rolos de cachorro-quente 9"},"content":{"rendered":"<h3>Grelhado com rolos de cachorro-quente 9<\/h3>\n<p>Com o\u00a0<strong>m\u00e1quina de cachorro-quente <span style=\"color: #ff0000;\">PARA<\/span><span style=\"color: #0000ff;\">R<\/span>CPES09<\/strong>\u00a0Tem a possibilidade de grelhar e aquecer simultaneamente salsichas de cachorro-quente, em diferentes zonas de aquecimento separadas.<\/p>\n<p>A alta pot\u00eancia com regulagem cont\u00ednua de temperatura de 50\u00b0C a 250\u00b0C al\u00e9m de dar a<strong>\u00a0churrasqueira el\u00e9trica<\/strong>\u00a0de\u00a0<strong><span style=\"color: #ff0000;\">PARA<\/span><span style=\"color: #0000ff;\">R<\/span>c<\/strong>\u00a0consumo de energia mais eficiente.<\/p>\n<p>Os rolos giram automaticamente 360\u00b0 ao aquecer a zona de aquecimento correspondente para um resultado de torrefa\u00e7\u00e3o perfeito.<\/p>\n<p>A tampa de vidro \u00e9 f\u00e1cil de instalar e remover para facilitar a limpeza e manter seu produto sempre seguro.<\/p>\n<p>Os roletes, a bacia coletora e a carca\u00e7a s\u00e3o confeccionados em a\u00e7o inox de alta qualidade para limpeza r\u00e1pida e conferindo mais robustez \u00e0 m\u00e1quina.\u00a0<strong>churrasqueira el\u00e9trica<\/strong><\/p>\n<h6><strong>Garantia\u00a0<span style=\"color: #ff0000;\">PARA<\/span><span style=\"color: #0000ff;\">R<\/span>C 2 ANOS<\/strong><\/h6>\n<h6><span style=\"color: #008000;\">Grelha el\u00e9trica eficiente, baixo consumo 1600w<\/span><\/h6>\n<h6><strong>suporte t\u00e9cnico inclu\u00eddo<\/strong><\/h6>\n<p>&nbsp;<\/p>\n<table role=\"presentation\" width=\"100%\" cellspacing=\"0\" cellpadding=\"0\">\n<tbody>\n<tr>\n<td class=\"attrLabels\">Temperatura:<\/td>\n<td width=\"50.0%\">50-250\u00baC<\/td>\n<\/tr>\n<tr>\n<td class=\"attrLabels\">Pa\u00eds de distribui\u00e7\u00e3o:<\/td>\n<td width=\"50.0%\">Espanha, Alemanha, EUA<\/td>\n<td class=\"attrLabels\">Peso:<\/td>\n<td width=\"50.0%\">14kg<\/td>\n<\/tr>\n<tr>\n<td class=\"attrLabels\">Marca:<\/td>\n<td width=\"50.0%\">ARCO<\/td>\n<td class=\"attrLabels\">Altura:<\/td>\n<td width=\"50.0%\">58,50cm<\/td>\n<\/tr>\n<tr>\n<td class=\"attrLabels\">Cor:<\/td>\n<td width=\"50.0%\">Prata<\/td>\n<td class=\"attrLabels\">Longo:<\/td>\n<td width=\"50.0%\">41cm<\/td>\n<\/tr>\n<tr>\n<td class=\"attrLabels\">Tipo de produto:<\/td>\n<td width=\"50.0%\">Grelhador de salsicha el\u00e9trico<\/td>\n<td class=\"attrLabels\">Largo:<\/td>\n<td width=\"50.0%\">50cm<\/td>\n<\/tr>\n<tr>\n<td class=\"attrLabels\">N\u00famero do fabricante:<\/td>\n<td width=\"50.0%\">ARCPES09<\/td>\n<td class=\"attrLabels\">Poder:<\/td>\n<td width=\"50.0%\">1600W<\/td>\n<\/tr>\n<tr>\n<td class=\"attrLabels\">Material:<\/td>\n<td width=\"50.0%\">a\u00e7o inoxid\u00e1vel, rolos girat\u00f3rios, controle de temperatura<\/td>\n<td class=\"attrLabels\">tens\u00e3o de entrada<\/td>\n<td width=\"50.0%\">230 V \u2013 50 Hz<\/td>\n<\/tr>\n<tr>\n<td class=\"attrLabels\">Rolos:<\/td>\n<td width=\"50.0%\">\u00a09<\/td>\n<td class=\"attrLabels\">Garantia:<\/td>\n<td width=\"50.0%\">2 ANOS<\/td>\n<\/tr>\n<tr>\n<td class=\"attrLabels\">Ferramentas de instala\u00e7\u00e3o:<\/td>\n<td width=\"50.0%\">Sim<\/td>\n<td class=\"attrLabels\">Produ\u00e7\u00e3o:<\/td>\n<td width=\"50.0%\">9 a 20 pe\u00e7as<\/td>\n<\/tr>\n<\/tbody>\n<\/table>","protected":false},"excerpt":{"rendered":"<h2>Grelhado com rolos de cachorro-quente 9<\/h2>\n<p>O\u00a0<strong>m\u00e1quina de salsicha\u00a0<span style=\"color: #ff0000;\">PARA<\/span><span style=\"color: #0000ff;\">R<\/span>c<\/strong>\u00a0s\u00e3o adequados para\u00a0<strong>todos os tamanhos de cachorro-quente<\/strong>. A facilidade de manuseio e opera\u00e7\u00e3o fazem do aparelho um auxiliar ideal para qualquer restaurante, bar, cafeteria, feira, etc.<\/p>\n<p>O\u00a0<strong>grelha de salsicha<\/strong>\u00a0Est\u00e1 equipado com 2 controladores de temperatura. Isto permite que a temperatura em ambas as zonas de aquecimento seja controlada separadamente. Com reguladores de temperatura a temperatura pode ser ajustada com<strong>\u00a0precis\u00e3o<\/strong>. O\u00a0<strong>tampa de vidro temperado<\/strong>\u00a0Protege contra a perda de calor al\u00e9m de cumprir as normas de higiene. O\u00a0<strong>grelha de cachorro-quente\u00a0<span style=\"color: #ff0000;\">PARA<\/span><span style=\"color: #0000ff;\">R<\/span>c<\/strong>\u00a0S\u00e3o fabricados em a\u00e7o inoxid\u00e1vel, o que torna a limpeza simples e pr\u00e1tica.<\/p>\n<h6><strong>Garantia\u00a0<span style=\"color: #ff0000;\">PARA<\/span><span style=\"color: #0000ff;\">R<\/span>C 2 ANOS<\/strong><\/h6>\n<h6><span style=\"color: #008000;\">Grelha el\u00e9trica eficiente, baixo consumo 1250w<\/span><\/h6>\n<h6><strong>suporte t\u00e9cnico inclu\u00eddo<\/strong><\/h6>","protected":false},"featured_media":1940,"comment_status":"open","ping_status":"closed","template":"","meta":{"wds_primary_product_brand":0,"wds_primary_product_cat":0},"product_brand":[],"product_cat":[56,39,41],"product_tag":[],"class_list":{"0":"post-1939","1":"product","2":"type-product","3":"status-publish","4":"has-post-thumbnail","6":"product_cat-maquinaria-para-ferias","7":"product_cat-plancha-de-cosina","8":"product_cat-expositor-de-alimentos","9":"product_shipping_class-express","11":"first","12":"instock","13":"sale","14":"taxable","15":"shipping-taxable","16":"purchasable","17":"product-type-simple"},"yoast_head":"<!-- This site is optimized with the Yoast SEO Premium plugin v24.9 (Yoast SEO v26.1) - https:\/\/yoast.com\/wordpress\/plugins\/seo\/ -->\n<title>Parrilla con rodillos para perritos caliente 9 - distribuci\u00f3n ARC<\/title>\n<meta name=\"robots\" content=\"index, follow, max-snippet:-1, max-image-preview:large, max-video-preview:-1\" \/>\n<link rel=\"canonical\" href=\"https:\/\/distribucionarc.com\/pt\/produto\/grelha-com-rolos-para-cachorro-quente-9\/\" \/>\n<meta property=\"og:locale\" content=\"pt_PT\" \/>\n<meta property=\"og:type\" content=\"article\" \/>\n<meta property=\"og:title\" content=\"Parrilla con rodillos para perritos caliente 9\" \/>\n<meta property=\"og:description\" content=\"Parrilla con rodillos para perritos caliente 9 La\u00a0m\u00e1quina para salchichas\u00a0ARC\u00a0son las adecuadas para\u00a0todos los tama\u00f1os de perritos calientes. La\u00a0facilidad de manejo y funcionamiento\u00a0hacen del aparato un\u00a0ayudante ideal para cualquier restaurante, bar, cafeter\u00eda, feria, etc..  La\u00a0parrilla de salchichas\u00a0est\u00e1\u00a0equipada con 2 controladores de temperatura. Esto permite que la temperatura en ambas zonas de calentamiento se controle por separado. Con los reguladores de temperatura la temperatura se puede ajustar con\u00a0precisi\u00f3n. La\u00a0cubierta de vidrio templado\u00a0protege contra la p\u00e9rdida de calor adem\u00e1s de cumplir con las normativas de higiene. Las\u00a0parrilla para perritos caliente\u00a0ARC\u00a0son de acero inoxidable, lo que hace que la limpieza sea sencilla y c\u00f3moda. Garant\u00eda\u00a0ARC 2 A\u00d1OS Parrilla el\u00e9ctrica\u00a0 eficiente, bajo consumo 1250w soporte t\u00e9cnico incluido\" \/>\n<meta property=\"og:url\" content=\"https:\/\/distribucionarc.com\/pt\/produto\/grelha-com-rolos-para-cachorro-quente-9\/\" \/>\n<meta property=\"og:site_name\" content=\"distribuci\u00f3n ARC\" \/>\n<meta property=\"article:modified_time\" content=\"2023-01-19T14:48:14+00:00\" \/>\n<meta property=\"og:image\" content=\"https:\/\/distribucionarc.com\/wp-content\/uploads\/2020\/08\/Parrilla-para-perritos-caliente-9-0.jpg\" \/>\n\t<meta property=\"og:image:width\" content=\"1500\" \/>\n\t<meta property=\"og:image:height\" content=\"1500\" \/>\n\t<meta property=\"og:image:type\" content=\"image\/jpeg\" \/>\n<meta name=\"twitter:card\" content=\"summary_large_image\" \/>\n<meta name=\"twitter:label1\" content=\"Tempo estimado de leitura\" \/>\n\t<meta name=\"twitter:data1\" content=\"1 minuto\" \/>\n<script type=\"application\/ld+json\" class=\"yoast-schema-graph\">{\"@context\":\"https:\/\/schema.org\",\"@graph\":[{\"@type\":\"WebPage\",\"@id\":\"https:\/\/distribucionarc.com\/producto\/parrilla-con-rodillos-para-perritos-caliente-9\/\",\"url\":\"https:\/\/distribucionarc.com\/producto\/parrilla-con-rodillos-para-perritos-caliente-9\/\",\"name\":\"Parrilla con rodillos para perritos caliente 9 - distribuci\u00f3n ARC\",\"isPartOf\":{\"@id\":\"https:\/\/www.distribucionarc.com\/de\/#website\"},\"primaryImageOfPage\":{\"@id\":\"https:\/\/distribucionarc.com\/producto\/parrilla-con-rodillos-para-perritos-caliente-9\/#primaryimage\"},\"image\":{\"@id\":\"https:\/\/distribucionarc.com\/producto\/parrilla-con-rodillos-para-perritos-caliente-9\/#primaryimage\"},\"thumbnailUrl\":\"https:\/\/distribucionarc.com\/wp-content\/uploads\/2020\/08\/Parrilla-para-perritos-caliente-9-0.jpg\",\"datePublished\":\"2020-08-03T15:37:26+00:00\",\"dateModified\":\"2023-01-19T14:48:14+00:00\",\"breadcrumb\":{\"@id\":\"https:\/\/distribucionarc.com\/producto\/parrilla-con-rodillos-para-perritos-caliente-9\/#breadcrumb\"},\"inLanguage\":\"pt-PT\",\"potentialAction\":[{\"@type\":\"ReadAction\",\"target\":[\"https:\/\/distribucionarc.com\/producto\/parrilla-con-rodillos-para-perritos-caliente-9\/\"]}]},{\"@type\":\"ImageObject\",\"inLanguage\":\"pt-PT\",\"@id\":\"https:\/\/distribucionarc.com\/producto\/parrilla-con-rodillos-para-perritos-caliente-9\/#primaryimage\",\"url\":\"https:\/\/distribucionarc.com\/wp-content\/uploads\/2020\/08\/Parrilla-para-perritos-caliente-9-0.jpg\",\"contentUrl\":\"https:\/\/distribucionarc.com\/wp-content\/uploads\/2020\/08\/Parrilla-para-perritos-caliente-9-0.jpg\",\"width\":1500,\"height\":1500,\"caption\":\"Parrilla para perritos caliente 9\"},{\"@type\":\"BreadcrumbList\",\"@id\":\"https:\/\/distribucionarc.com\/producto\/parrilla-con-rodillos-para-perritos-caliente-9\/#breadcrumb\",\"itemListElement\":[{\"@type\":\"ListItem\",\"position\":1,\"name\":\"Portada\",\"item\":\"https:\/\/www.distribucionarc.com\/en\/\"},{\"@type\":\"ListItem\",\"position\":2,\"name\":\"Products\",\"item\":\"https:\/\/www.distribucionarc.com\/en\/shop\/\"},{\"@type\":\"ListItem\",\"position\":3,\"name\":\"Parrilla con rodillos para perritos caliente 9\"}]},{\"@type\":\"WebSite\",\"@id\":\"https:\/\/www.distribucionarc.com\/de\/#website\",\"url\":\"https:\/\/www.distribucionarc.com\/de\/\",\"name\":\"distribuci\u00f3n ARC\",\"description\":\"Empresa especializada en la fabricaci\u00f3n y distribuci\u00f3n de maquinaria industrial, selladoras de latas, Maquinas de hacer pastillas, Maquinas de cortar carne...\",\"publisher\":{\"@id\":\"https:\/\/www.distribucionarc.com\/de\/#organization\"},\"potentialAction\":[{\"@type\":\"SearchAction\",\"target\":{\"@type\":\"EntryPoint\",\"urlTemplate\":\"https:\/\/www.distribucionarc.com\/de\/?s={search_term_string}\"},\"query-input\":{\"@type\":\"PropertyValueSpecification\",\"valueRequired\":true,\"valueName\":\"search_term_string\"}}],\"inLanguage\":\"pt-PT\"},{\"@type\":\"Organization\",\"@id\":\"https:\/\/www.distribucionarc.com\/de\/#organization\",\"name\":\"Distribuci\u00f3n ARC\",\"url\":\"https:\/\/www.distribucionarc.com\/de\/\",\"logo\":{\"@type\":\"ImageObject\",\"inLanguage\":\"pt-PT\",\"@id\":\"https:\/\/www.distribucionarc.com\/de\/#\/schema\/logo\/image\/\",\"url\":\"https:\/\/distribucionarc.com\/wp-content\/uploads\/2024\/10\/distribucion-ARC-COLOR-SIN-FONDO-e1732295305345.png\",\"contentUrl\":\"https:\/\/distribucionarc.com\/wp-content\/uploads\/2024\/10\/distribucion-ARC-COLOR-SIN-FONDO-e1732295305345.png\",\"width\":1164,\"height\":558,\"caption\":\"Distribuci\u00f3n ARC\"},\"image\":{\"@id\":\"https:\/\/www.distribucionarc.com\/de\/#\/schema\/logo\/image\/\"},\"description\":\"Empresa especializada en la fabricaci\u00f3n y distribuci\u00f3n de maquinaria industrial para los sectores alimentario y farmac\u00e9utico. Nos especializamos en: M\u00e1quinas de cortar carne Fabricaci\u00f3n de comprimidos Sistemas de transporte industrial L\u00edneas de embotellado Dosificadores Y mucho m\u00e1s... Ofrecemos soluciones innovadoras y personalizadas para optimizar los procesos productivos de tu empresa.\",\"email\":\"Admistracion@distribucionarc.com\",\"telephone\":\"+34 643496664\",\"legalName\":\"ARC TECH SOLUTIONS\",\"foundingDate\":\"2024-04-09\",\"vatID\":\"B55480172\",\"numberOfEmployees\":{\"@type\":\"QuantitativeValue\",\"minValue\":\"1\",\"maxValue\":\"10\"}}]}<\/script>\n<!-- \/ Yoast SEO Premium plugin. -->","yoast_head_json":{"title":"Grelhador com rolos de cachorro-quente 9 - Distribui\u00e7\u00e3o ARC","robots":{"index":"index","follow":"follow","max-snippet":"max-snippet:-1","max-image-preview":"max-image-preview:large","max-video-preview":"max-video-preview:-1"},"canonical":"https:\/\/distribucionarc.com\/pt\/produto\/grelha-com-rolos-para-cachorro-quente-9\/","og_locale":"pt_PT","og_type":"article","og_title":"Parrilla con rodillos para perritos caliente 9","og_description":"Parrilla con rodillos para perritos caliente 9 La\u00a0m\u00e1quina para salchichas\u00a0ARC\u00a0son las adecuadas para\u00a0todos los tama\u00f1os de perritos calientes. La\u00a0facilidad de manejo y funcionamiento\u00a0hacen del aparato un\u00a0ayudante ideal para cualquier restaurante, bar, cafeter\u00eda, feria, etc..  La\u00a0parrilla de salchichas\u00a0est\u00e1\u00a0equipada con 2 controladores de temperatura. Esto permite que la temperatura en ambas zonas de calentamiento se controle por separado. Con los reguladores de temperatura la temperatura se puede ajustar con\u00a0precisi\u00f3n. La\u00a0cubierta de vidrio templado\u00a0protege contra la p\u00e9rdida de calor adem\u00e1s de cumplir con las normativas de higiene. Las\u00a0parrilla para perritos caliente\u00a0ARC\u00a0son de acero inoxidable, lo que hace que la limpieza sea sencilla y c\u00f3moda. Garant\u00eda\u00a0ARC 2 A\u00d1OS Parrilla el\u00e9ctrica\u00a0 eficiente, bajo consumo 1250w soporte t\u00e9cnico incluido","og_url":"https:\/\/distribucionarc.com\/pt\/produto\/grelha-com-rolos-para-cachorro-quente-9\/","og_site_name":"distribuci\u00f3n ARC","article_modified_time":"2023-01-19T14:48:14+00:00","og_image":[{"width":1500,"height":1500,"url":"https:\/\/distribucionarc.com\/wp-content\/uploads\/2020\/08\/Parrilla-para-perritos-caliente-9-0.jpg","type":"image\/jpeg"}],"twitter_card":"summary_large_image","twitter_misc":{"Tempo estimado de leitura":"1 minuto"},"schema":{"@context":"https:\/\/schema.org","@graph":[{"@type":"WebPage","@id":"https:\/\/distribucionarc.com\/producto\/parrilla-con-rodillos-para-perritos-caliente-9\/","url":"https:\/\/distribucionarc.com\/producto\/parrilla-con-rodillos-para-perritos-caliente-9\/","name":"Grelhador com rolos de cachorro-quente 9 - Distribui\u00e7\u00e3o ARC","isPartOf":{"@id":"https:\/\/www.distribucionarc.com\/de\/#website"},"primaryImageOfPage":{"@id":"https:\/\/distribucionarc.com\/producto\/parrilla-con-rodillos-para-perritos-caliente-9\/#primaryimage"},"image":{"@id":"https:\/\/distribucionarc.com\/producto\/parrilla-con-rodillos-para-perritos-caliente-9\/#primaryimage"},"thumbnailUrl":"https:\/\/distribucionarc.com\/wp-content\/uploads\/2020\/08\/Parrilla-para-perritos-caliente-9-0.jpg","datePublished":"2020-08-03T15:37:26+00:00","dateModified":"2023-01-19T14:48:14+00:00","breadcrumb":{"@id":"https:\/\/distribucionarc.com\/producto\/parrilla-con-rodillos-para-perritos-caliente-9\/#breadcrumb"},"inLanguage":"pt-PT","potentialAction":[{"@type":"ReadAction","target":["https:\/\/distribucionarc.com\/producto\/parrilla-con-rodillos-para-perritos-caliente-9\/"]}]},{"@type":"ImageObject","inLanguage":"pt-PT","@id":"https:\/\/distribucionarc.com\/producto\/parrilla-con-rodillos-para-perritos-caliente-9\/#primaryimage","url":"https:\/\/distribucionarc.com\/wp-content\/uploads\/2020\/08\/Parrilla-para-perritos-caliente-9-0.jpg","contentUrl":"https:\/\/distribucionarc.com\/wp-content\/uploads\/2020\/08\/Parrilla-para-perritos-caliente-9-0.jpg","width":1500,"height":1500,"caption":"Parrilla para perritos caliente 9"},{"@type":"BreadcrumbList","@id":"https:\/\/distribucionarc.com\/producto\/parrilla-con-rodillos-para-perritos-caliente-9\/#breadcrumb","itemListElement":[{"@type":"ListItem","position":1,"name":"Portada","item":"https:\/\/www.distribucionarc.com\/en\/"},{"@type":"ListItem","position":2,"name":"Products","item":"https:\/\/www.distribucionarc.com\/en\/shop\/"},{"@type":"ListItem","position":3,"name":"Parrilla con rodillos para perritos caliente 9"}]},{"@type":"WebSite","@id":"https:\/\/www.distribucionarc.com\/de\/#website","url":"https:\/\/www.distribucionarc.com\/de\/","name":"Distribui\u00e7\u00e3o ARC","description":"Empresa especializada no fabrico e distribui\u00e7\u00e3o de m\u00e1quinas industriais, m\u00e1quinas de selar latas, m\u00e1quinas de fazer comprimidos, m\u00e1quinas de cortar carne...","publisher":{"@id":"https:\/\/www.distribucionarc.com\/de\/#organization"},"potentialAction":[{"@type":"SearchAction","target":{"@type":"EntryPoint","urlTemplate":"https:\/\/www.distribucionarc.com\/de\/?s={search_term_string}"},"query-input":{"@type":"PropertyValueSpecification","valueRequired":true,"valueName":"search_term_string"}}],"inLanguage":"pt-PT"},{"@type":"Organization","@id":"https:\/\/www.distribucionarc.com\/de\/#organization","name":"Distribui\u00e7\u00e3o ARC","url":"https:\/\/www.distribucionarc.com\/de\/","logo":{"@type":"ImageObject","inLanguage":"pt-PT","@id":"https:\/\/www.distribucionarc.com\/de\/#\/schema\/logo\/image\/","url":"https:\/\/distribucionarc.com\/wp-content\/uploads\/2024\/10\/distribucion-ARC-COLOR-SIN-FONDO-e1732295305345.png","contentUrl":"https:\/\/distribucionarc.com\/wp-content\/uploads\/2024\/10\/distribucion-ARC-COLOR-SIN-FONDO-e1732295305345.png","width":1164,"height":558,"caption":"Distribuci\u00f3n ARC"},"image":{"@id":"https:\/\/www.distribucionarc.com\/de\/#\/schema\/logo\/image\/"},"description":"Empresa especializada no fabrico e distribui\u00e7\u00e3o de m\u00e1quinas industriais para os sectores alimentar e farmac\u00eautico. Somos especializados em: M\u00e1quinas de cortar carne Fabrico de comprimidos Sistemas de transporte industrial Linhas de engarrafamento Dispensadores E muito mais... Oferecemos solu\u00e7\u00f5es inovadoras e personalizadas para otimizar os processos de produ\u00e7\u00e3o da sua empresa.","email":"Admistracion@distribucionarc.com","telephone":"+34 643496664","legalName":"ARC TECH SOLUTIONS","foundingDate":"2024-04-09","vatID":"B55480172","numberOfEmployees":{"@type":"QuantitativeValue","minValue":"1","maxValue":"10"}}]}},"_links":{"self":[{"href":"https:\/\/distribucionarc.com\/pt\/wp-json\/wp\/v2\/product\/1939","targetHints":{"allow":["GET"]}}],"collection":[{"href":"https:\/\/distribucionarc.com\/pt\/wp-json\/wp\/v2\/product"}],"about":[{"href":"https:\/\/distribucionarc.com\/pt\/wp-json\/wp\/v2\/types\/product"}],"replies":[{"embeddable":true,"href":"https:\/\/distribucionarc.com\/pt\/wp-json\/wp\/v2\/comments?post=1939"}],"version-history":[{"count":0,"href":"https:\/\/distribucionarc.com\/pt\/wp-json\/wp\/v2\/product\/1939\/revisions"}],"wp:featuredmedia":[{"embeddable":true,"href":"https:\/\/distribucionarc.com\/pt\/wp-json\/wp\/v2\/media\/1940"}],"wp:attachment":[{"href":"https:\/\/distribucionarc.com\/pt\/wp-json\/wp\/v2\/media?parent=1939"}],"wp:term":[{"taxonomy":"product_brand","embeddable":true,"href":"https:\/\/distribucionarc.com\/pt\/wp-json\/wp\/v2\/product_brand?post=1939"},{"taxonomy":"product_cat","embeddable":true,"href":"https:\/\/distribucionarc.com\/pt\/wp-json\/wp\/v2\/product_cat?post=1939"},{"taxonomy":"product_tag","embeddable":true,"href":"https:\/\/distribucionarc.com\/pt\/wp-json\/wp\/v2\/product_tag?post=1939"}],"curies":[{"name":"wp","href":"https:\/\/api.w.org\/{rel}","templated":true}]}}