{"id":1981,"date":"2020-08-04T15:16:27","date_gmt":"2020-08-04T15:16:27","guid":{"rendered":"https:\/\/distribucionarc.com\/?post_type=product&#038;p=1981"},"modified":"2020-09-30T07:41:26","modified_gmt":"2020-09-30T07:41:26","slug":"cortina-de-ar-industrial-60-cm","status":"publish","type":"product","link":"https:\/\/distribucionarc.com\/pt\/producto\/cortina-de-aire-industrial-60-cm\/","title":{"rendered":"Cortina de ar industrial 60 cm"},"content":{"rendered":"<h3>Ar condicionado industrial com cortina de ar<\/h3>\n<p>O\u00a0<strong>cortinas de vento<\/strong>\u00a0Eles evitam efetivamente que o ar condicionado escape para o exterior e bloqueie a entrada de poeira, insetos voadores, fuma\u00e7a, etc.<\/p>\n<p>O<strong>\u00a0cortinas de ar\u00a0<span style=\"color: #ff0000;\">PARA<\/span><span style=\"color: #0000ff;\">R<\/span>c<\/strong> Os batentes das portas est\u00e3o equipados com um bot\u00e3o (baixo\/desligado\/alto) para alterar a velocidade do vento. Seu consumo de energia varia de acordo com sua necessidade de 220 W a 280 W <strong><span style=\"color: #008000;\">beneficiando significativamente o consumo de energia<\/span>.<\/strong><\/p>\n<p>O motor de alta pot\u00eancia garante um \u00f3timo fluxo de ar. O design do defletor de vento \u00e9 adotado e a dire\u00e7\u00e3o do vento pode ser ajustada manualmente para se adaptar a v\u00e1rios ambientes.<\/p>\n<p>O\u00a0<strong>cortina de ar condicionado <span style=\"color: #ff0000;\">PARA<\/span><span style=\"color: #0000ff;\">R<\/span>CCAF60<\/strong>\u00a0Est\u00e1 equipado com rolamentos silenciosos para uma opera\u00e7\u00e3o silenciosa. O n\u00edvel de ru\u00eddo \u00e9 inferior a 60 dB, permitindo operar em um ambiente silencioso.<\/p>\n<p>O interruptor de limite pode ser instalado na porta. Quando a porta \u00e9 aberta, o ventilador da porta come\u00e7a a funcionar automaticamente e, quando a porta \u00e9 fechada, fecha automaticamente.<\/p>\n<p>Acompanha placa de montagem, que j\u00e1 vem equipada com furos pr\u00e9-perfurados, tornando a instala\u00e7\u00e3o mais f\u00e1cil e robusta.<\/p>\n<h6>\u00a0<strong>Garantia\u00a0<span style=\"color: #ff0000;\">PARA<\/span><span style=\"color: #0000ff;\">R<\/span>C 2 ANOS<\/strong><\/h6>\n<h6><span style=\"color: #008000;\">Ar condicionado eficiente, baixo consumo 280w<\/span><\/h6>\n<h6><strong>suporte t\u00e9cnico inclu\u00eddo<\/strong><\/h6>\n<p>&nbsp;<\/p>\n<table role=\"presentation\" width=\"100%\" cellspacing=\"0\" cellpadding=\"0\">\n<tbody>\n<tr>\n<td class=\"attrLabels\">Marca:<\/td>\n<td width=\"50.0%\">ARCO<\/td>\n<\/tr>\n<tr>\n<td class=\"attrLabels\">Pa\u00eds de distribui\u00e7\u00e3o:<\/td>\n<td width=\"50.0%\">Espanha, Alemanha, EUA<\/td>\n<td class=\"attrLabels\">Peso:<\/td>\n<td width=\"50.0%\">11kg<\/td>\n<\/tr>\n<tr>\n<td class=\"attrLabels\">Cor:<\/td>\n<td width=\"50.0%\">Branco<\/td>\n<td class=\"attrLabels\">Altura:<\/td>\n<td width=\"50.0%\">27cm<\/td>\n<\/tr>\n<tr>\n<td class=\"attrLabels\">\u00a0Garantia:<\/td>\n<td width=\"50.0%\">\u00a02 ANOS<\/td>\n<td class=\"attrLabels\">Longo:<\/td>\n<td width=\"50.0%\">60cm<\/td>\n<\/tr>\n<tr>\n<td class=\"attrLabels\">Tipo de produto:<\/td>\n<td width=\"50.0%\">Ar condicionado<\/td>\n<td class=\"attrLabels\">Largo:<\/td>\n<td width=\"50.0%\">26cm<\/td>\n<\/tr>\n<tr>\n<td class=\"attrLabels\">N\u00famero do fabricante:<\/td>\n<td width=\"50.0%\">ARCCAF90<\/td>\n<td class=\"attrLabels\">Alta velocidade:<\/td>\n<td width=\"50.0%\">1007CFM<\/td>\n<\/tr>\n<tr>\n<td class=\"attrLabels\">Material:<\/td>\n<td width=\"50.0%\">Motor eficiente, controle autom\u00e1tico<\/td>\n<td class=\"attrLabels\">Baixa velocidade:<\/td>\n<td width=\"50.0%\">830 CFM<\/td>\n<\/tr>\n<tr>\n<td class=\"attrLabels\">Poder:<\/td>\n<td width=\"50.0%\">\u00a0220W a 280W<\/td>\n<td class=\"attrLabels\">Altura recomendada da porta:<\/td>\n<td width=\"50.0%\">2,3 metros<\/td>\n<\/tr>\n<tr>\n<td class=\"attrLabels\">Tens\u00e3o de entrada:<\/td>\n<td width=\"50.0%\">230 V \u2013 50 Hz<\/td>\n<td class=\"attrLabels\">Ru\u00eddo do motor:<\/td>\n<td width=\"50.0%\">&lt;60dB<\/td>\n<\/tr>\n<\/tbody>\n<\/table>","protected":false},"excerpt":{"rendered":"<h2>Ar condicionado industrial com cortina de ar<\/h2>\n<p>A melhor solu\u00e7\u00e3o para que as suas instala\u00e7\u00f5es estejam sempre \u00e0 temperatura adequada e ao gosto dos seus clientes.<\/p>\n<p>O\u00a0<strong>cortina de ar<\/strong>\u00a0de\u00a0<strong><span style=\"color: #ff0000;\">PARA<\/span><span style=\"color: #0000ff;\">R<\/span>c<\/strong>\u00a0\u00c9 um ventilador potente, que cria uma barreira invis\u00edvel de ar de alta velocidade na entrada. Isola o ambiente de ar interno e externo para manter a diferen\u00e7a de temperatura.\u00a0<span style=\"color: #008000;\"><strong>Economize energia<\/strong><\/span>\u00a0e ajuda a evitar que o ar escape para o exterior e bloqueia a entrada de insetos voadores, poeira, ar quente ou frio e fuma\u00e7a.<\/p>\n<h6><strong>Garantia\u00a0<span style=\"color: #ff0000;\">PARA<\/span><span style=\"color: #0000ff;\">R<\/span>C 2 ANOS<\/strong><\/h6>\n<h6><span style=\"color: #008000;\">Ar condicionado eficiente, baixo consumo 280w<\/span><\/h6>\n<h6><strong>suporte t\u00e9cnico inclu\u00eddo<\/strong><\/h6>","protected":false},"featured_media":1983,"comment_status":"open","ping_status":"closed","template":"","meta":{"wds_primary_product_brand":0,"wds_primary_product_cat":0},"product_brand":[],"product_cat":[63],"product_tag":[],"class_list":{"0":"post-1981","1":"product","2":"type-product","3":"status-publish","4":"has-post-thumbnail","6":"product_cat-climatizacion-industrial","7":"product_shipping_class-hosteleria","9":"first","10":"instock","11":"sale","12":"taxable","13":"shipping-taxable","14":"purchasable","15":"product-type-simple"},"yoast_head":"<!-- This site is optimized with the Yoast SEO Premium plugin v24.9 (Yoast SEO v26.1) - https:\/\/yoast.com\/wordpress\/plugins\/seo\/ -->\n<title>Cortina de aire industrial 60 cm - distribuci\u00f3n ARC<\/title>\n<meta name=\"robots\" content=\"index, follow, max-snippet:-1, max-image-preview:large, max-video-preview:-1\" \/>\n<link rel=\"canonical\" href=\"https:\/\/distribucionarc.com\/pt\/produto\/cortina-de-ar-industrial-60-cm\/\" \/>\n<meta property=\"og:locale\" content=\"pt_PT\" \/>\n<meta property=\"og:type\" content=\"article\" \/>\n<meta property=\"og:title\" content=\"Cortina de aire industrial 60 cm\" \/>\n<meta property=\"og:description\" content=\"Aire acondicionado cortina de aire industrial La mejor soluci\u00f3n para que su local est\u00e9 siempre a la temperatura adecuada y del agrado de sus clientes.  La\u00a0cortina de aire\u00a0de\u00a0ARC\u00a0es un potente ventilador, que crea una barrera de aire invisible de alta velocidad sobre la entrada. A\u00edsla el ambiente de aire interior y exterior para mantener la diferencia de temperatura.\u00a0Ahorra energ\u00eda\u00a0y ayuda a evitar que el aire escape al exterior, y bloquea la entrada de insectos voladores, polvo, aire caliente o fr\u00edo y humo. Garant\u00eda\u00a0ARC 2 A\u00d1OS Aire acondicionado eficiente, bajo consumo 280w soporte t\u00e9cnico incluido\" \/>\n<meta property=\"og:url\" content=\"https:\/\/distribucionarc.com\/pt\/produto\/cortina-de-ar-industrial-60-cm\/\" \/>\n<meta property=\"og:site_name\" content=\"distribuci\u00f3n ARC\" \/>\n<meta property=\"article:modified_time\" content=\"2020-09-30T07:41:26+00:00\" \/>\n<meta property=\"og:image\" content=\"https:\/\/distribucionarc.com\/wp-content\/uploads\/2020\/08\/Cortina-de-aire-industrial-60-0.jpg\" \/>\n\t<meta property=\"og:image:width\" content=\"1600\" \/>\n\t<meta property=\"og:image:height\" content=\"1600\" \/>\n\t<meta property=\"og:image:type\" content=\"image\/jpeg\" \/>\n<meta name=\"twitter:card\" content=\"summary_large_image\" \/>\n<meta name=\"twitter:label1\" content=\"Tempo estimado de leitura\" \/>\n\t<meta name=\"twitter:data1\" content=\"1 minuto\" \/>\n<script type=\"application\/ld+json\" class=\"yoast-schema-graph\">{\"@context\":\"https:\/\/schema.org\",\"@graph\":[{\"@type\":\"WebPage\",\"@id\":\"https:\/\/distribucionarc.com\/fr\/producto\/cortina-de-aire-industrial-60-cm\/\",\"url\":\"https:\/\/distribucionarc.com\/fr\/producto\/cortina-de-aire-industrial-60-cm\/\",\"name\":\"Cortina de aire industrial 60 cm - distribuci\u00f3n ARC\",\"isPartOf\":{\"@id\":\"https:\/\/www.distribucionarc.com\/de\/#website\"},\"primaryImageOfPage\":{\"@id\":\"https:\/\/distribucionarc.com\/fr\/producto\/cortina-de-aire-industrial-60-cm\/#primaryimage\"},\"image\":{\"@id\":\"https:\/\/distribucionarc.com\/fr\/producto\/cortina-de-aire-industrial-60-cm\/#primaryimage\"},\"thumbnailUrl\":\"https:\/\/distribucionarc.com\/wp-content\/uploads\/2020\/08\/Cortina-de-aire-industrial-60-0.jpg\",\"datePublished\":\"2020-08-04T15:16:27+00:00\",\"dateModified\":\"2020-09-30T07:41:26+00:00\",\"breadcrumb\":{\"@id\":\"https:\/\/distribucionarc.com\/fr\/producto\/cortina-de-aire-industrial-60-cm\/#breadcrumb\"},\"inLanguage\":\"pt-PT\",\"potentialAction\":[{\"@type\":\"ReadAction\",\"target\":[\"https:\/\/distribucionarc.com\/fr\/producto\/cortina-de-aire-industrial-60-cm\/\"]}]},{\"@type\":\"ImageObject\",\"inLanguage\":\"pt-PT\",\"@id\":\"https:\/\/distribucionarc.com\/fr\/producto\/cortina-de-aire-industrial-60-cm\/#primaryimage\",\"url\":\"https:\/\/distribucionarc.com\/wp-content\/uploads\/2020\/08\/Cortina-de-aire-industrial-60-0.jpg\",\"contentUrl\":\"https:\/\/distribucionarc.com\/wp-content\/uploads\/2020\/08\/Cortina-de-aire-industrial-60-0.jpg\",\"width\":1600,\"height\":1600,\"caption\":\"Cortina de aire industrial 60 cm\"},{\"@type\":\"BreadcrumbList\",\"@id\":\"https:\/\/distribucionarc.com\/fr\/producto\/cortina-de-aire-industrial-60-cm\/#breadcrumb\",\"itemListElement\":[{\"@type\":\"ListItem\",\"position\":1,\"name\":\"Portada\",\"item\":\"https:\/\/www.distribucionarc.com\/en\/\"},{\"@type\":\"ListItem\",\"position\":2,\"name\":\"Products\",\"item\":\"https:\/\/www.distribucionarc.com\/en\/shop\/\"},{\"@type\":\"ListItem\",\"position\":3,\"name\":\"Cortina de aire industrial 60 cm\"}]},{\"@type\":\"WebSite\",\"@id\":\"https:\/\/www.distribucionarc.com\/de\/#website\",\"url\":\"https:\/\/www.distribucionarc.com\/de\/\",\"name\":\"distribuci\u00f3n ARC\",\"description\":\"Empresa especializada en la fabricaci\u00f3n y distribuci\u00f3n de maquinaria industrial, selladoras de latas, Maquinas de hacer pastillas, Maquinas de cortar carne...\",\"publisher\":{\"@id\":\"https:\/\/www.distribucionarc.com\/de\/#organization\"},\"potentialAction\":[{\"@type\":\"SearchAction\",\"target\":{\"@type\":\"EntryPoint\",\"urlTemplate\":\"https:\/\/www.distribucionarc.com\/de\/?s={search_term_string}\"},\"query-input\":{\"@type\":\"PropertyValueSpecification\",\"valueRequired\":true,\"valueName\":\"search_term_string\"}}],\"inLanguage\":\"pt-PT\"},{\"@type\":\"Organization\",\"@id\":\"https:\/\/www.distribucionarc.com\/de\/#organization\",\"name\":\"Distribuci\u00f3n ARC\",\"url\":\"https:\/\/www.distribucionarc.com\/de\/\",\"logo\":{\"@type\":\"ImageObject\",\"inLanguage\":\"pt-PT\",\"@id\":\"https:\/\/www.distribucionarc.com\/de\/#\/schema\/logo\/image\/\",\"url\":\"https:\/\/distribucionarc.com\/wp-content\/uploads\/2024\/10\/distribucion-ARC-COLOR-SIN-FONDO-e1732295305345.png\",\"contentUrl\":\"https:\/\/distribucionarc.com\/wp-content\/uploads\/2024\/10\/distribucion-ARC-COLOR-SIN-FONDO-e1732295305345.png\",\"width\":1164,\"height\":558,\"caption\":\"Distribuci\u00f3n ARC\"},\"image\":{\"@id\":\"https:\/\/www.distribucionarc.com\/de\/#\/schema\/logo\/image\/\"},\"description\":\"Empresa especializada en la fabricaci\u00f3n y distribuci\u00f3n de maquinaria industrial para los sectores alimentario y farmac\u00e9utico. Nos especializamos en: M\u00e1quinas de cortar carne Fabricaci\u00f3n de comprimidos Sistemas de transporte industrial L\u00edneas de embotellado Dosificadores Y mucho m\u00e1s... Ofrecemos soluciones innovadoras y personalizadas para optimizar los procesos productivos de tu empresa.\",\"email\":\"Admistracion@distribucionarc.com\",\"telephone\":\"+34 643496664\",\"legalName\":\"ARC TECH SOLUTIONS\",\"foundingDate\":\"2024-04-09\",\"vatID\":\"B55480172\",\"numberOfEmployees\":{\"@type\":\"QuantitativeValue\",\"minValue\":\"1\",\"maxValue\":\"10\"}}]}<\/script>\n<!-- \/ Yoast SEO Premium plugin. -->","yoast_head_json":{"title":"Cortina de ar industrial 60 cm - distribui\u00e7\u00e3o ARC","robots":{"index":"index","follow":"follow","max-snippet":"max-snippet:-1","max-image-preview":"max-image-preview:large","max-video-preview":"max-video-preview:-1"},"canonical":"https:\/\/distribucionarc.com\/pt\/produto\/cortina-de-ar-industrial-60-cm\/","og_locale":"pt_PT","og_type":"article","og_title":"Cortina de aire industrial 60 cm","og_description":"Aire acondicionado cortina de aire industrial La mejor soluci\u00f3n para que su local est\u00e9 siempre a la temperatura adecuada y del agrado de sus clientes.  La\u00a0cortina de aire\u00a0de\u00a0ARC\u00a0es un potente ventilador, que crea una barrera de aire invisible de alta velocidad sobre la entrada. A\u00edsla el ambiente de aire interior y exterior para mantener la diferencia de temperatura.\u00a0Ahorra energ\u00eda\u00a0y ayuda a evitar que el aire escape al exterior, y bloquea la entrada de insectos voladores, polvo, aire caliente o fr\u00edo y humo. Garant\u00eda\u00a0ARC 2 A\u00d1OS Aire acondicionado eficiente, bajo consumo 280w soporte t\u00e9cnico incluido","og_url":"https:\/\/distribucionarc.com\/pt\/produto\/cortina-de-ar-industrial-60-cm\/","og_site_name":"distribuci\u00f3n ARC","article_modified_time":"2020-09-30T07:41:26+00:00","og_image":[{"width":1600,"height":1600,"url":"https:\/\/distribucionarc.com\/wp-content\/uploads\/2020\/08\/Cortina-de-aire-industrial-60-0.jpg","type":"image\/jpeg"}],"twitter_card":"summary_large_image","twitter_misc":{"Tempo estimado de leitura":"1 minuto"},"schema":{"@context":"https:\/\/schema.org","@graph":[{"@type":"WebPage","@id":"https:\/\/distribucionarc.com\/fr\/producto\/cortina-de-aire-industrial-60-cm\/","url":"https:\/\/distribucionarc.com\/fr\/producto\/cortina-de-aire-industrial-60-cm\/","name":"Cortina de ar industrial 60 cm - distribui\u00e7\u00e3o ARC","isPartOf":{"@id":"https:\/\/www.distribucionarc.com\/de\/#website"},"primaryImageOfPage":{"@id":"https:\/\/distribucionarc.com\/fr\/producto\/cortina-de-aire-industrial-60-cm\/#primaryimage"},"image":{"@id":"https:\/\/distribucionarc.com\/fr\/producto\/cortina-de-aire-industrial-60-cm\/#primaryimage"},"thumbnailUrl":"https:\/\/distribucionarc.com\/wp-content\/uploads\/2020\/08\/Cortina-de-aire-industrial-60-0.jpg","datePublished":"2020-08-04T15:16:27+00:00","dateModified":"2020-09-30T07:41:26+00:00","breadcrumb":{"@id":"https:\/\/distribucionarc.com\/fr\/producto\/cortina-de-aire-industrial-60-cm\/#breadcrumb"},"inLanguage":"pt-PT","potentialAction":[{"@type":"ReadAction","target":["https:\/\/distribucionarc.com\/fr\/producto\/cortina-de-aire-industrial-60-cm\/"]}]},{"@type":"ImageObject","inLanguage":"pt-PT","@id":"https:\/\/distribucionarc.com\/fr\/producto\/cortina-de-aire-industrial-60-cm\/#primaryimage","url":"https:\/\/distribucionarc.com\/wp-content\/uploads\/2020\/08\/Cortina-de-aire-industrial-60-0.jpg","contentUrl":"https:\/\/distribucionarc.com\/wp-content\/uploads\/2020\/08\/Cortina-de-aire-industrial-60-0.jpg","width":1600,"height":1600,"caption":"Cortina de aire industrial 60 cm"},{"@type":"BreadcrumbList","@id":"https:\/\/distribucionarc.com\/fr\/producto\/cortina-de-aire-industrial-60-cm\/#breadcrumb","itemListElement":[{"@type":"ListItem","position":1,"name":"Portada","item":"https:\/\/www.distribucionarc.com\/en\/"},{"@type":"ListItem","position":2,"name":"Products","item":"https:\/\/www.distribucionarc.com\/en\/shop\/"},{"@type":"ListItem","position":3,"name":"Cortina de aire industrial 60 cm"}]},{"@type":"WebSite","@id":"https:\/\/www.distribucionarc.com\/de\/#website","url":"https:\/\/www.distribucionarc.com\/de\/","name":"Distribui\u00e7\u00e3o ARC","description":"Empresa especializada no fabrico e distribui\u00e7\u00e3o de m\u00e1quinas industriais, m\u00e1quinas de selar latas, m\u00e1quinas de fazer comprimidos, m\u00e1quinas de cortar carne...","publisher":{"@id":"https:\/\/www.distribucionarc.com\/de\/#organization"},"potentialAction":[{"@type":"SearchAction","target":{"@type":"EntryPoint","urlTemplate":"https:\/\/www.distribucionarc.com\/de\/?s={search_term_string}"},"query-input":{"@type":"PropertyValueSpecification","valueRequired":true,"valueName":"search_term_string"}}],"inLanguage":"pt-PT"},{"@type":"Organization","@id":"https:\/\/www.distribucionarc.com\/de\/#organization","name":"Distribui\u00e7\u00e3o ARC","url":"https:\/\/www.distribucionarc.com\/de\/","logo":{"@type":"ImageObject","inLanguage":"pt-PT","@id":"https:\/\/www.distribucionarc.com\/de\/#\/schema\/logo\/image\/","url":"https:\/\/distribucionarc.com\/wp-content\/uploads\/2024\/10\/distribucion-ARC-COLOR-SIN-FONDO-e1732295305345.png","contentUrl":"https:\/\/distribucionarc.com\/wp-content\/uploads\/2024\/10\/distribucion-ARC-COLOR-SIN-FONDO-e1732295305345.png","width":1164,"height":558,"caption":"Distribuci\u00f3n ARC"},"image":{"@id":"https:\/\/www.distribucionarc.com\/de\/#\/schema\/logo\/image\/"},"description":"Empresa especializada no fabrico e distribui\u00e7\u00e3o de m\u00e1quinas industriais para os sectores alimentar e farmac\u00eautico. Somos especializados em: M\u00e1quinas de cortar carne Fabrico de comprimidos Sistemas de transporte industrial Linhas de engarrafamento Dispensadores E muito mais... Oferecemos solu\u00e7\u00f5es inovadoras e personalizadas para otimizar os processos de produ\u00e7\u00e3o da sua empresa.","email":"Admistracion@distribucionarc.com","telephone":"+34 643496664","legalName":"ARC TECH SOLUTIONS","foundingDate":"2024-04-09","vatID":"B55480172","numberOfEmployees":{"@type":"QuantitativeValue","minValue":"1","maxValue":"10"}}]}},"_links":{"self":[{"href":"https:\/\/distribucionarc.com\/pt\/wp-json\/wp\/v2\/product\/1981","targetHints":{"allow":["GET"]}}],"collection":[{"href":"https:\/\/distribucionarc.com\/pt\/wp-json\/wp\/v2\/product"}],"about":[{"href":"https:\/\/distribucionarc.com\/pt\/wp-json\/wp\/v2\/types\/product"}],"replies":[{"embeddable":true,"href":"https:\/\/distribucionarc.com\/pt\/wp-json\/wp\/v2\/comments?post=1981"}],"version-history":[{"count":0,"href":"https:\/\/distribucionarc.com\/pt\/wp-json\/wp\/v2\/product\/1981\/revisions"}],"wp:featuredmedia":[{"embeddable":true,"href":"https:\/\/distribucionarc.com\/pt\/wp-json\/wp\/v2\/media\/1983"}],"wp:attachment":[{"href":"https:\/\/distribucionarc.com\/pt\/wp-json\/wp\/v2\/media?parent=1981"}],"wp:term":[{"taxonomy":"product_brand","embeddable":true,"href":"https:\/\/distribucionarc.com\/pt\/wp-json\/wp\/v2\/product_brand?post=1981"},{"taxonomy":"product_cat","embeddable":true,"href":"https:\/\/distribucionarc.com\/pt\/wp-json\/wp\/v2\/product_cat?post=1981"},{"taxonomy":"product_tag","embeddable":true,"href":"https:\/\/distribucionarc.com\/pt\/wp-json\/wp\/v2\/product_tag?post=1981"}],"curies":[{"name":"wp","href":"https:\/\/api.w.org\/{rel}","templated":true}]}}