{"id":2022,"date":"2020-08-05T16:52:52","date_gmt":"2020-08-05T16:52:52","guid":{"rendered":"https:\/\/distribucionarc.com\/?post_type=product&#038;p=2022"},"modified":"2023-01-05T23:59:19","modified_gmt":"2023-01-05T23:59:19","slug":"maquina-de-sorvete-enrolado","status":"publish","type":"product","link":"https:\/\/distribucionarc.com\/pt\/producto\/maquina-para-helados-enrollados\/","title":{"rendered":"M\u00e1quina de sorvete enrolado"},"content":{"rendered":"<h3>M\u00e1quina de sorvete laminado a frio<\/h3>\n<p>O<strong> m\u00e1quina de rolo de sorvete <span style=\"color: #ff0000;\">PARA<\/span><span style=\"color: #0000ff;\">R<\/span>c<\/strong> Adota material de a\u00e7o inoxid\u00e1vel de alta resist\u00eancia. Todas as pe\u00e7as que tocam os alimentos s\u00e3o feitas de a\u00e7o inoxid\u00e1vel 304 de qualidade alimentar. Elegante, higi\u00eanico, dur\u00e1vel e f\u00e1cil de limpar.<\/p>\n<p>O prato inteiro <strong>ferro de sorvete <span style=\"color: #ff0000;\">PARA<\/span><span style=\"color: #0000ff;\">R<\/span>CPFM6<\/strong> \u00c9 totalmente funcional, sem cantos mortos. Os tubos de cobre de resfriamento distribu\u00eddos uniformemente melhoram muito a efici\u00eancia do resfriamento e podem produzir gelo em apenas 58 segundos. O compressor da marca possui forte fun\u00e7\u00e3o de resfriamento, alto efeito de resfriamento, baixo ru\u00eddo e economia de energia.<\/p>\n<p><strong>\u00a0<\/strong><\/p>\n<p>O <strong>Rola frigideira fria<\/strong> Possui 6 cilindros de ingredientes polidos espelhados, tamb\u00e9m feitos de a\u00e7o inoxid\u00e1vel. Resistente ao desgaste, sem odor e f\u00e1cil de limpar.<\/p>\n<p>Possui dois m\u00e9todos de descongelamento. Voc\u00ea pode descongelar a m\u00e1quina simplesmente pressionando um bot\u00e3o ou o pedal tamb\u00e9m facilita o descongelamento quando suas m\u00e3os est\u00e3o ocupadas.<\/p>\n<h6><strong>Garantia\u00a0<span style=\"color: #ff0000;\">PARA<\/span><span style=\"color: #0000ff;\">R<\/span>C 2 ANOS<\/strong><\/h6>\n<h6><span style=\"color: #008000;\">M\u00e1quina de fazer sorvete eficiente, baixo consumo 740w<\/span><\/h6>\n<p><strong>suporte t\u00e9cnico inclu\u00eddo<\/strong><\/p>\n<table role=\"presentation\" width=\"100%\" cellspacing=\"0\" cellpadding=\"0\">\n<tbody>\n<tr>\n<td class=\"attrLabels\">Refrigerante:<\/td>\n<td width=\"50.0%\">R410a<\/td>\n<\/tr>\n<tr>\n<td class=\"attrLabels\">Pa\u00eds de distribui\u00e7\u00e3o:<\/td>\n<td width=\"50.0%\">Espanha, Alemanha, EUA<\/td>\n<td class=\"attrLabels\">Peso:<\/td>\n<td width=\"50.0%\">57kg<\/td>\n<\/tr>\n<tr>\n<td class=\"attrLabels\">Marca:<\/td>\n<td width=\"50.0%\">ARCO<\/td>\n<td class=\"attrLabels\">Altura:<\/td>\n<td width=\"50.0%\">81cm<\/td>\n<\/tr>\n<tr>\n<td class=\"attrLabels\">Cor:<\/td>\n<td width=\"50.0%\">Prata<\/td>\n<td class=\"attrLabels\">Longo:<\/td>\n<td width=\"50.0%\">91cm<\/td>\n<\/tr>\n<tr>\n<td class=\"attrLabels\">Tipo de produto:<\/td>\n<td width=\"50.0%\">m\u00e1quina de fazer sorvete<\/td>\n<td class=\"attrLabels\">Largo:<\/td>\n<td width=\"50.0%\">\u00a063cm<\/td>\n<\/tr>\n<tr>\n<td class=\"attrLabels\">N\u00famero do fabricante:<\/td>\n<td width=\"50.0%\">ARCPFM6<\/td>\n<td class=\"attrLabels\">Poder:<\/td>\n<td width=\"50.0%\">740 W<\/td>\n<\/tr>\n<tr>\n<td class=\"attrLabels\">Material:<\/td>\n<td width=\"50.0%\">a\u00e7o inoxid\u00e1vel<\/td>\n<td class=\"attrLabels\">tens\u00e3o de entrada<\/td>\n<td width=\"50.0%\">220 V \u2013 60 Hz<\/td>\n<\/tr>\n<tr>\n<td class=\"attrLabels\">Di\u00e2metro da placa:<\/td>\n<td width=\"50.0%\">\u00a040cm<\/td>\n<td class=\"attrLabels\">Habilidade:<\/td>\n<td width=\"50.0%\">6 panelas<\/td>\n<\/tr>\n<tr>\n<td class=\"attrLabels\">Ferramentas de instala\u00e7\u00e3o:<\/td>\n<td width=\"50.0%\">Sim<\/td>\n<td class=\"attrLabels\">Garantia:<\/td>\n<td width=\"50.0%\">2 ANOS<\/td>\n<\/tr>\n<\/tbody>\n<\/table>","protected":false},"excerpt":{"rendered":"<h2>M\u00e1quina de sorvete laminado a frio<\/h2>\n<p>Com o <strong>ferro frio<\/strong> para <strong>rolos de sorvete<\/strong> de <strong><span style=\"color: #ff0000;\">PARA<\/span><span style=\"color: #0000ff;\">R<\/span>c<\/strong> Dar\u00e1 um toque \u00fanico ao seu estabelecimento, com esta forma inovadora de servir gelados.<br \/>\nEsse <strong>m\u00e1quina de sorvete enrolado<\/strong> \u00c9 constru\u00eddo com material de a\u00e7o inoxid\u00e1vel, robusto e dur\u00e1vel. Ele vem com seis cilindros de ingredientes de grande capacidade para armazenar v\u00e1rios ingredientes para sabores mais ricos. Amplamente utilizado em bares, caf\u00e9s, sorveterias, restaurantes de estilo ocidental, hot\u00e9is, padarias<\/p>\n<h6><strong>Garantia\u00a0<span style=\"color: #ff0000;\">PARA<\/span><span style=\"color: #0000ff;\">R<\/span>C 2 ANOS<\/strong><\/h6>\n<h6><span style=\"color: #008000;\">M\u00e1quina de fazer sorvete eficiente, baixo consumo 740w<\/span><\/h6>\n<p><strong>suporte t\u00e9cnico inclu\u00eddo<\/strong><\/p>","protected":false},"featured_media":2028,"comment_status":"open","ping_status":"closed","template":"","meta":{"wds_primary_product_brand":0,"wds_primary_product_cat":0},"product_brand":[],"product_cat":[56,58],"product_tag":[],"class_list":{"0":"post-2022","1":"product","2":"type-product","3":"status-publish","4":"has-post-thumbnail","6":"product_cat-maquinaria-para-ferias","7":"product_cat-maquinaria-para-heladerias-profesionales","8":"product_shipping_class-express","10":"first","11":"instock","12":"taxable","13":"shipping-taxable","14":"purchasable","15":"product-type-simple"},"yoast_head":"<!-- This site is optimized with the Yoast SEO Premium plugin v24.9 (Yoast SEO v26.1) - https:\/\/yoast.com\/wordpress\/plugins\/seo\/ -->\n<title>Maquina para helados enrollados - distribuci\u00f3n ARC<\/title>\n<meta name=\"robots\" content=\"index, follow, max-snippet:-1, max-image-preview:large, max-video-preview:-1\" \/>\n<link rel=\"canonical\" href=\"https:\/\/www.distribucionarc.com\/producto\/maquina-para-helados-enrollados\/\" \/>\n<meta property=\"og:locale\" content=\"pt_PT\" \/>\n<meta property=\"og:type\" content=\"article\" \/>\n<meta property=\"og:title\" content=\"Maquina para helados enrollados\" \/>\n<meta property=\"og:description\" content=\"Maquina para helados enrollados plancha fr\u00eda Con la plancha fr\u00eda para Rolls de helado de ARC le dar\u00e1 un toque \u00fanico a su establecimiento, con esta innovadora forma de servir el helado. Esta m\u00e1quina de helados enrollados est\u00e1 construida con material de acero inoxidable, robusto y duradero. Viene con seis cilindros de ingredientes de gran capacidad para contener varios ingredientes para obtener sabores m\u00e1s ricos. Se utiliza ampliamente en bares, caf\u00e9s, helader\u00edas, restaurantes de estilo occidental, hoteles, panader\u00edas Garant\u00eda\u00a0ARC 2 A\u00d1OS Maquina para hacer helados eficiente, bajo consumo 740w soporte t\u00e9cnico incluido\" \/>\n<meta property=\"og:url\" content=\"https:\/\/www.distribucionarc.com\/producto\/maquina-para-helados-enrollados\/\" \/>\n<meta property=\"og:site_name\" content=\"distribuci\u00f3n ARC\" \/>\n<meta property=\"article:modified_time\" content=\"2023-01-05T23:59:19+00:00\" \/>\n<meta property=\"og:image\" content=\"https:\/\/distribucionarc.com\/wp-content\/uploads\/2020\/08\/M\u00e1quina-para-helados-enrollados-0.jpg\" \/>\n\t<meta property=\"og:image:width\" content=\"1600\" \/>\n\t<meta property=\"og:image:height\" content=\"1600\" \/>\n\t<meta property=\"og:image:type\" content=\"image\/jpeg\" \/>\n<meta name=\"twitter:card\" content=\"summary_large_image\" \/>\n<meta name=\"twitter:label1\" content=\"Tempo estimado de leitura\" \/>\n\t<meta name=\"twitter:data1\" content=\"1 minuto\" \/>\n<script type=\"application\/ld+json\" class=\"yoast-schema-graph\">{\"@context\":\"https:\/\/schema.org\",\"@graph\":[{\"@type\":\"WebPage\",\"@id\":\"https:\/\/www.distribucionarc.com\/producto\/maquina-para-helados-enrollados\/\",\"url\":\"https:\/\/www.distribucionarc.com\/producto\/maquina-para-helados-enrollados\/\",\"name\":\"Maquina para helados enrollados - distribuci\u00f3n ARC\",\"isPartOf\":{\"@id\":\"https:\/\/www.distribucionarc.com\/sl\/#website\"},\"primaryImageOfPage\":{\"@id\":\"https:\/\/www.distribucionarc.com\/producto\/maquina-para-helados-enrollados\/#primaryimage\"},\"image\":{\"@id\":\"https:\/\/www.distribucionarc.com\/producto\/maquina-para-helados-enrollados\/#primaryimage\"},\"thumbnailUrl\":\"https:\/\/distribucionarc.com\/wp-content\/uploads\/2020\/08\/M\u00e1quina-para-helados-enrollados-0.jpg\",\"datePublished\":\"2020-08-05T16:52:52+00:00\",\"dateModified\":\"2023-01-05T23:59:19+00:00\",\"breadcrumb\":{\"@id\":\"https:\/\/www.distribucionarc.com\/producto\/maquina-para-helados-enrollados\/#breadcrumb\"},\"inLanguage\":\"pt-PT\",\"potentialAction\":[{\"@type\":\"ReadAction\",\"target\":[\"https:\/\/www.distribucionarc.com\/producto\/maquina-para-helados-enrollados\/\"]}]},{\"@type\":\"ImageObject\",\"inLanguage\":\"pt-PT\",\"@id\":\"https:\/\/www.distribucionarc.com\/producto\/maquina-para-helados-enrollados\/#primaryimage\",\"url\":\"https:\/\/distribucionarc.com\/wp-content\/uploads\/2020\/08\/M\u00e1quina-para-helados-enrollados-0.jpg\",\"contentUrl\":\"https:\/\/distribucionarc.com\/wp-content\/uploads\/2020\/08\/M\u00e1quina-para-helados-enrollados-0.jpg\",\"width\":1600,\"height\":1600,\"caption\":\"M\u00e1quina para helados enrollados\"},{\"@type\":\"BreadcrumbList\",\"@id\":\"https:\/\/www.distribucionarc.com\/producto\/maquina-para-helados-enrollados\/#breadcrumb\",\"itemListElement\":[{\"@type\":\"ListItem\",\"position\":1,\"name\":\"Portada\",\"item\":\"https:\/\/www.distribucionarc.com\/\"},{\"@type\":\"ListItem\",\"position\":2,\"name\":\"\u00dcr\u00fcnler\",\"item\":\"https:\/\/www.distribucionarc.com\/tr\/magaza\/\"},{\"@type\":\"ListItem\",\"position\":3,\"name\":\"Maquina para helados enrollados\"}]},{\"@type\":\"WebSite\",\"@id\":\"https:\/\/www.distribucionarc.com\/sl\/#website\",\"url\":\"https:\/\/www.distribucionarc.com\/sl\/\",\"name\":\"distribuci\u00f3n ARC\",\"description\":\"Empresa especializada en la fabricaci\u00f3n y distribuci\u00f3n de maquinaria industrial, selladoras de latas, Maquinas de hacer pastillas, Maquinas de cortar carne...\",\"publisher\":{\"@id\":\"https:\/\/www.distribucionarc.com\/sl\/#organization\"},\"potentialAction\":[{\"@type\":\"SearchAction\",\"target\":{\"@type\":\"EntryPoint\",\"urlTemplate\":\"https:\/\/www.distribucionarc.com\/sl\/?s={search_term_string}\"},\"query-input\":{\"@type\":\"PropertyValueSpecification\",\"valueRequired\":true,\"valueName\":\"search_term_string\"}}],\"inLanguage\":\"pt-PT\"},{\"@type\":\"Organization\",\"@id\":\"https:\/\/www.distribucionarc.com\/sl\/#organization\",\"name\":\"Distribuci\u00f3n ARC\",\"url\":\"https:\/\/www.distribucionarc.com\/sl\/\",\"logo\":{\"@type\":\"ImageObject\",\"inLanguage\":\"pt-PT\",\"@id\":\"https:\/\/www.distribucionarc.com\/sl\/#\/schema\/logo\/image\/\",\"url\":\"https:\/\/distribucionarc.com\/wp-content\/uploads\/2024\/10\/distribucion-ARC-COLOR-SIN-FONDO-e1732295305345.png\",\"contentUrl\":\"https:\/\/distribucionarc.com\/wp-content\/uploads\/2024\/10\/distribucion-ARC-COLOR-SIN-FONDO-e1732295305345.png\",\"width\":1164,\"height\":558,\"caption\":\"Distribuci\u00f3n ARC\"},\"image\":{\"@id\":\"https:\/\/www.distribucionarc.com\/sl\/#\/schema\/logo\/image\/\"},\"description\":\"Empresa especializada en la fabricaci\u00f3n y distribuci\u00f3n de maquinaria industrial para los sectores alimentario y farmac\u00e9utico. Nos especializamos en: M\u00e1quinas de cortar carne Fabricaci\u00f3n de comprimidos Sistemas de transporte industrial L\u00edneas de embotellado Dosificadores Y mucho m\u00e1s... Ofrecemos soluciones innovadoras y personalizadas para optimizar los procesos productivos de tu empresa.\",\"email\":\"Admistracion@distribucionarc.com\",\"telephone\":\"+34 643496664\",\"legalName\":\"ARC TECH SOLUTIONS\",\"foundingDate\":\"2024-04-09\",\"vatID\":\"B55480172\",\"numberOfEmployees\":{\"@type\":\"QuantitativeValue\",\"minValue\":\"1\",\"maxValue\":\"10\"}}]}<\/script>\n<!-- \/ Yoast SEO Premium plugin. -->","yoast_head_json":{"title":"M\u00e1quina de sorvete laminado - distribui\u00e7\u00e3o ARC","robots":{"index":"index","follow":"follow","max-snippet":"max-snippet:-1","max-image-preview":"max-image-preview:large","max-video-preview":"max-video-preview:-1"},"canonical":"https:\/\/www.distribucionarc.com\/producto\/maquina-para-helados-enrollados\/","og_locale":"pt_PT","og_type":"article","og_title":"Maquina para helados enrollados","og_description":"Maquina para helados enrollados plancha fr\u00eda Con la plancha fr\u00eda para Rolls de helado de ARC le dar\u00e1 un toque \u00fanico a su establecimiento, con esta innovadora forma de servir el helado. Esta m\u00e1quina de helados enrollados est\u00e1 construida con material de acero inoxidable, robusto y duradero. Viene con seis cilindros de ingredientes de gran capacidad para contener varios ingredientes para obtener sabores m\u00e1s ricos. Se utiliza ampliamente en bares, caf\u00e9s, helader\u00edas, restaurantes de estilo occidental, hoteles, panader\u00edas Garant\u00eda\u00a0ARC 2 A\u00d1OS Maquina para hacer helados eficiente, bajo consumo 740w soporte t\u00e9cnico incluido","og_url":"https:\/\/www.distribucionarc.com\/producto\/maquina-para-helados-enrollados\/","og_site_name":"distribuci\u00f3n ARC","article_modified_time":"2023-01-05T23:59:19+00:00","og_image":[{"width":1600,"height":1600,"url":"https:\/\/distribucionarc.com\/wp-content\/uploads\/2020\/08\/M\u00e1quina-para-helados-enrollados-0.jpg","type":"image\/jpeg"}],"twitter_card":"summary_large_image","twitter_misc":{"Tempo estimado de leitura":"1 minuto"},"schema":{"@context":"https:\/\/schema.org","@graph":[{"@type":"WebPage","@id":"https:\/\/www.distribucionarc.com\/producto\/maquina-para-helados-enrollados\/","url":"https:\/\/www.distribucionarc.com\/producto\/maquina-para-helados-enrollados\/","name":"M\u00e1quina de sorvete laminado - distribui\u00e7\u00e3o ARC","isPartOf":{"@id":"https:\/\/www.distribucionarc.com\/sl\/#website"},"primaryImageOfPage":{"@id":"https:\/\/www.distribucionarc.com\/producto\/maquina-para-helados-enrollados\/#primaryimage"},"image":{"@id":"https:\/\/www.distribucionarc.com\/producto\/maquina-para-helados-enrollados\/#primaryimage"},"thumbnailUrl":"https:\/\/distribucionarc.com\/wp-content\/uploads\/2020\/08\/M\u00e1quina-para-helados-enrollados-0.jpg","datePublished":"2020-08-05T16:52:52+00:00","dateModified":"2023-01-05T23:59:19+00:00","breadcrumb":{"@id":"https:\/\/www.distribucionarc.com\/producto\/maquina-para-helados-enrollados\/#breadcrumb"},"inLanguage":"pt-PT","potentialAction":[{"@type":"ReadAction","target":["https:\/\/www.distribucionarc.com\/producto\/maquina-para-helados-enrollados\/"]}]},{"@type":"ImageObject","inLanguage":"pt-PT","@id":"https:\/\/www.distribucionarc.com\/producto\/maquina-para-helados-enrollados\/#primaryimage","url":"https:\/\/distribucionarc.com\/wp-content\/uploads\/2020\/08\/M\u00e1quina-para-helados-enrollados-0.jpg","contentUrl":"https:\/\/distribucionarc.com\/wp-content\/uploads\/2020\/08\/M\u00e1quina-para-helados-enrollados-0.jpg","width":1600,"height":1600,"caption":"M\u00e1quina para helados enrollados"},{"@type":"BreadcrumbList","@id":"https:\/\/www.distribucionarc.com\/producto\/maquina-para-helados-enrollados\/#breadcrumb","itemListElement":[{"@type":"ListItem","position":1,"name":"Portada","item":"https:\/\/www.distribucionarc.com\/"},{"@type":"ListItem","position":2,"name":"\u00dcr\u00fcnler","item":"https:\/\/www.distribucionarc.com\/tr\/magaza\/"},{"@type":"ListItem","position":3,"name":"Maquina para helados enrollados"}]},{"@type":"WebSite","@id":"https:\/\/www.distribucionarc.com\/sl\/#website","url":"https:\/\/www.distribucionarc.com\/sl\/","name":"Distribui\u00e7\u00e3o ARC","description":"Empresa especializada no fabrico e distribui\u00e7\u00e3o de m\u00e1quinas industriais, m\u00e1quinas de selar latas, m\u00e1quinas de fazer comprimidos, m\u00e1quinas de cortar carne...","publisher":{"@id":"https:\/\/www.distribucionarc.com\/sl\/#organization"},"potentialAction":[{"@type":"SearchAction","target":{"@type":"EntryPoint","urlTemplate":"https:\/\/www.distribucionarc.com\/sl\/?s={search_term_string}"},"query-input":{"@type":"PropertyValueSpecification","valueRequired":true,"valueName":"search_term_string"}}],"inLanguage":"pt-PT"},{"@type":"Organization","@id":"https:\/\/www.distribucionarc.com\/sl\/#organization","name":"Distribui\u00e7\u00e3o ARC","url":"https:\/\/www.distribucionarc.com\/sl\/","logo":{"@type":"ImageObject","inLanguage":"pt-PT","@id":"https:\/\/www.distribucionarc.com\/sl\/#\/schema\/logo\/image\/","url":"https:\/\/distribucionarc.com\/wp-content\/uploads\/2024\/10\/distribucion-ARC-COLOR-SIN-FONDO-e1732295305345.png","contentUrl":"https:\/\/distribucionarc.com\/wp-content\/uploads\/2024\/10\/distribucion-ARC-COLOR-SIN-FONDO-e1732295305345.png","width":1164,"height":558,"caption":"Distribuci\u00f3n ARC"},"image":{"@id":"https:\/\/www.distribucionarc.com\/sl\/#\/schema\/logo\/image\/"},"description":"Empresa especializada no fabrico e distribui\u00e7\u00e3o de m\u00e1quinas industriais para os sectores alimentar e farmac\u00eautico. Somos especializados em: M\u00e1quinas de cortar carne Fabrico de comprimidos Sistemas de transporte industrial Linhas de engarrafamento Dispensadores E muito mais... Oferecemos solu\u00e7\u00f5es inovadoras e personalizadas para otimizar os processos de produ\u00e7\u00e3o da sua empresa.","email":"Admistracion@distribucionarc.com","telephone":"+34 643496664","legalName":"ARC TECH SOLUTIONS","foundingDate":"2024-04-09","vatID":"B55480172","numberOfEmployees":{"@type":"QuantitativeValue","minValue":"1","maxValue":"10"}}]}},"_links":{"self":[{"href":"https:\/\/distribucionarc.com\/pt\/wp-json\/wp\/v2\/product\/2022","targetHints":{"allow":["GET"]}}],"collection":[{"href":"https:\/\/distribucionarc.com\/pt\/wp-json\/wp\/v2\/product"}],"about":[{"href":"https:\/\/distribucionarc.com\/pt\/wp-json\/wp\/v2\/types\/product"}],"replies":[{"embeddable":true,"href":"https:\/\/distribucionarc.com\/pt\/wp-json\/wp\/v2\/comments?post=2022"}],"version-history":[{"count":0,"href":"https:\/\/distribucionarc.com\/pt\/wp-json\/wp\/v2\/product\/2022\/revisions"}],"wp:featuredmedia":[{"embeddable":true,"href":"https:\/\/distribucionarc.com\/pt\/wp-json\/wp\/v2\/media\/2028"}],"wp:attachment":[{"href":"https:\/\/distribucionarc.com\/pt\/wp-json\/wp\/v2\/media?parent=2022"}],"wp:term":[{"taxonomy":"product_brand","embeddable":true,"href":"https:\/\/distribucionarc.com\/pt\/wp-json\/wp\/v2\/product_brand?post=2022"},{"taxonomy":"product_cat","embeddable":true,"href":"https:\/\/distribucionarc.com\/pt\/wp-json\/wp\/v2\/product_cat?post=2022"},{"taxonomy":"product_tag","embeddable":true,"href":"https:\/\/distribucionarc.com\/pt\/wp-json\/wp\/v2\/product_tag?post=2022"}],"curies":[{"name":"wp","href":"https:\/\/api.w.org\/{rel}","templated":true}]}}