{"id":2117,"date":"2020-08-10T10:30:30","date_gmt":"2020-08-10T10:30:30","guid":{"rendered":"https:\/\/distribucionarc.com\/?post_type=product&#038;p=2117"},"modified":"2020-09-30T09:29:44","modified_gmt":"2020-09-30T09:29:44","slug":"espremedor-de-suco-de-vinho-espremedor-de-frutas-30l","status":"publish","type":"product","link":"https:\/\/distribucionarc.com\/pt\/producto\/prensa-de-vino-extractor-de-zumo-exprimidor-de-frutas-30l\/","title":{"rendered":"Lagar de vinho, espremedor de frutas, espremedor de frutas 30L"},"content":{"rendered":"<h3>Lagar, extrator de suco, espremedor de frutas 30 L<\/h3>\n<p>A prensagem com\u00a0<strong>espremedor de frutas\u00a0<span style=\"color: #ff0000;\">PARA<\/span><span style=\"color: #0000ff;\">R<\/span>c<\/strong>\u00a0Ser\u00e1 r\u00e1pido e f\u00e1cil, dependendo da macera\u00e7\u00e3o (fruta bem picada). Cada tipo de fruta requer seu tipo de preparo.<\/p>\n<p>A quantidade de suco obtido depende, obviamente, do teor de \u00e1gua da fruta e n\u00e3o do esfor\u00e7o do operador. Se a fruta estiver bem preparada, pode ser facilmente prensada com uma m\u00e3o.<\/p>\n<p>N\u00e3o se pode prensar frutas inteiras, cortadas ao meio e em quartos. As prensas de rosca n\u00e3o foram projetadas para isso, recomenda-se esmagar bem a fruta para obter melhores resultados.<\/p>\n<p>O\u00a0<strong>espremedor de vinho <span style=\"color: #ff0000;\">PARA<\/span><span style=\"color: #0000ff;\">R<\/span>CPEF30<\/strong>\u00a0\u00c9 fabricado com eixo cont\u00ednuo de a\u00e7o com acionamento manual e mec\u00e2nico, funil coletor robusto em a\u00e7o inoxid\u00e1vel,\u00a0<strong>barril<\/strong>\u00a0feito de\u00a0<strong>haste robusta em faia<\/strong>\u00a0Preserva melhor o sabor e lhe dar\u00e1 estabilidade durante o processo.<\/p>\n<h6><strong>Garantia\u00a0<\/strong><span style=\"color: #ff0000;\"><strong>PARA<\/strong><\/span><span style=\"color: #0000ff;\"><strong>R<\/strong><\/span><strong>C 2 ANOS<\/strong><\/h6>\n<h6><strong>suporte t\u00e9cnico inclu\u00eddo<\/strong><\/h6>\n<p>&nbsp;<\/p>\n<table width=\"100%\">\n<tbody>\n<tr>\n<td>Cara:<\/td>\n<td width=\"50%\">Manual<\/td>\n<td colspan=\"2\" width=\"327\"><\/td>\n<\/tr>\n<tr>\n<td>Pa\u00eds de distribui\u00e7\u00e3o:<\/td>\n<td width=\"50%\">Espanha, Alemanha, EUA<\/td>\n<td>Peso:<\/td>\n<td width=\"50%\">13kg<\/td>\n<\/tr>\n<tr>\n<td>Marca:<\/td>\n<td width=\"50%\">ARCO<\/td>\n<td>Altura:<\/td>\n<td width=\"50%\">62cm<\/td>\n<\/tr>\n<tr>\n<td>Cor:<\/td>\n<td width=\"50%\">Prata<\/td>\n<td>Longo:<\/td>\n<td width=\"50%\">\u00a037cm<\/td>\n<\/tr>\n<tr>\n<td>Tipo de produto:<\/td>\n<td width=\"50%\">espremedor de frutas, lagar de vinho<\/td>\n<td>Largo:<\/td>\n<td width=\"50%\">37cm<\/td>\n<\/tr>\n<tr>\n<td>N\u00famero do fabricante:<\/td>\n<td width=\"50%\">ARCPEF30<\/td>\n<td>Produ\u00e7\u00e3o:<\/td>\n<td width=\"50%\">30L<\/td>\n<\/tr>\n<tr>\n<td>Material:<\/td>\n<td width=\"50%\">madeira de faia, a\u00e7o inoxid\u00e1vel de qualidade alimentar, a\u00e7o<\/td>\n<td>Tamanho da cesta:<\/td>\n<td width=\"50%\">29x29cm<\/td>\n<\/tr>\n<tr>\n<td>Dimens\u00f5es do cano:<\/td>\n<td width=\"50%\">37cm de di\u00e2metro<\/td>\n<td>Equipamento:<\/td>\n<td width=\"50%\">Pano de imprensa inclu\u00eddo<\/td>\n<\/tr>\n<tr>\n<td>Altura do cano:<\/td>\n<td width=\"50%\">62cm<\/td>\n<td>Garantia:<\/td>\n<td width=\"50%\">2 ANOS<\/td>\n<\/tr>\n<\/tbody>\n<\/table>","protected":false},"excerpt":{"rendered":"<h2>Lagar, extrator de suco, espremedor de frutas 30 L<\/h2>\n<p>Ele<strong>\u00a0extrator de frutas vermelhas\u00a0<span style=\"color: #ff0000;\">PARA<\/span><span style=\"color: #0000ff;\">R<\/span>c<\/strong>\u00a0\u00c9 robusto com um\u00a0<strong>alto rendimento de suco<\/strong>; Exerce alta press\u00e3o devido \u00e0 constru\u00e7\u00e3o do eixo met\u00e1lico. Ao contr\u00e1rio das prensas de outros fornecedores, o cano da prensa \u00e9\u00a0<strong>feito de madeira de faia robusta\u00a0<\/strong>para<strong>\u00a0preservar melhor o sabor<\/strong>. O<strong>\u00a0habilidade\u00a0<\/strong>m\u00e1ximo da cesta \u00e9<strong> 30 litros.<br \/>\n<\/strong><\/p>\n<h6><strong>Garantia\u00a0<\/strong><span style=\"color: #ff0000;\"><strong>PARA<\/strong><\/span><span style=\"color: #0000ff;\"><strong>R<\/strong><\/span><strong>C 2 ANOS<\/strong><\/h6>\n<h6><strong>suporte t\u00e9cnico inclu\u00eddo<\/strong><\/h6>","protected":false},"featured_media":2119,"comment_status":"open","ping_status":"closed","template":"","meta":{"wds_primary_product_brand":0,"wds_primary_product_cat":0},"product_brand":[],"product_cat":[30,65,67],"product_tag":[],"class_list":{"0":"post-2117","1":"product","2":"type-product","3":"status-publish","4":"has-post-thumbnail","6":"product_cat-maquinaria-apicola","7":"product_cat-maquinaria-industrial-para-procesar-fruta-verdura-panales","8":"product_cat-prensas-de-frutas-trituradoras","9":"product_shipping_class-hosteleria","11":"first","12":"instock","13":"sale","14":"taxable","15":"shipping-taxable","16":"purchasable","17":"product-type-simple"},"yoast_head":"<!-- This site is optimized with the Yoast SEO Premium plugin v24.9 (Yoast SEO v26.1) - https:\/\/yoast.com\/wordpress\/plugins\/seo\/ -->\n<title>Prensa de vino, extractor de zumo, exprimidor de frutas 30L - distribuci\u00f3n ARC<\/title>\n<meta name=\"robots\" content=\"index, follow, max-snippet:-1, max-image-preview:large, max-video-preview:-1\" \/>\n<link rel=\"canonical\" href=\"https:\/\/distribucionarc.com\/pt\/produto\/espremedor-de-suco-de-vinho-espremedor-de-frutas-30l\/\" \/>\n<meta property=\"og:locale\" content=\"pt_PT\" \/>\n<meta property=\"og:type\" content=\"article\" \/>\n<meta property=\"og:title\" content=\"Prensa de vino, extractor de zumo, exprimidor de frutas 30L\" \/>\n<meta property=\"og:description\" content=\"Prensa de vino, extractor de zumo, exprimidor de frutas 30 L El\u00a0extractor de bayas\u00a0ARC\u00a0es robusto con un\u00a0alto rendimiento de zumo; ejerce una alta presi\u00f3n debido a la construcci\u00f3n del eje de metal.\u00a0A diferencia de las prensas de otros proveedores, el\u00a0barril de\u00a0la\u00a0prensa est\u00e1\u00a0hecho de madera de haya robusta\u00a0para\u00a0conservar mejor el sabor. La\u00a0capacidad\u00a0m\u00e1xima\u00a0de la cesta es de 30 litros.  Garant\u00eda\u00a0ARC 2 A\u00d1OS soporte t\u00e9cnico\u00a0incluido\" \/>\n<meta property=\"og:url\" content=\"https:\/\/distribucionarc.com\/pt\/produto\/espremedor-de-suco-de-vinho-espremedor-de-frutas-30l\/\" \/>\n<meta property=\"og:site_name\" content=\"distribuci\u00f3n ARC\" \/>\n<meta property=\"article:modified_time\" content=\"2020-09-30T09:29:44+00:00\" \/>\n<meta property=\"og:image\" content=\"https:\/\/distribucionarc.com\/wp-content\/uploads\/2020\/08\/Prensa-de-vino-extractor-de-zumo-exprimidor-de-frutas-30L-0.jpg\" \/>\n\t<meta property=\"og:image:width\" content=\"1000\" \/>\n\t<meta property=\"og:image:height\" content=\"1000\" \/>\n\t<meta property=\"og:image:type\" content=\"image\/jpeg\" \/>\n<meta name=\"twitter:card\" content=\"summary_large_image\" \/>\n<meta name=\"twitter:label1\" content=\"Tempo estimado de leitura\" \/>\n\t<meta name=\"twitter:data1\" content=\"1 minuto\" \/>\n<script type=\"application\/ld+json\" class=\"yoast-schema-graph\">{\"@context\":\"https:\/\/schema.org\",\"@graph\":[{\"@type\":\"WebPage\",\"@id\":\"https:\/\/distribucionarc.com\/producto\/prensa-de-vino-extractor-de-zumo-exprimidor-de-frutas-30l\/\",\"url\":\"https:\/\/distribucionarc.com\/producto\/prensa-de-vino-extractor-de-zumo-exprimidor-de-frutas-30l\/\",\"name\":\"Prensa de vino, extractor de zumo, exprimidor de frutas 30L - distribuci\u00f3n ARC\",\"isPartOf\":{\"@id\":\"https:\/\/distribucionarc.com\/de\/#website\"},\"primaryImageOfPage\":{\"@id\":\"https:\/\/distribucionarc.com\/producto\/prensa-de-vino-extractor-de-zumo-exprimidor-de-frutas-30l\/#primaryimage\"},\"image\":{\"@id\":\"https:\/\/distribucionarc.com\/producto\/prensa-de-vino-extractor-de-zumo-exprimidor-de-frutas-30l\/#primaryimage\"},\"thumbnailUrl\":\"https:\/\/distribucionarc.com\/wp-content\/uploads\/2020\/08\/Prensa-de-vino-extractor-de-zumo-exprimidor-de-frutas-30L-0.jpg\",\"datePublished\":\"2020-08-10T10:30:30+00:00\",\"dateModified\":\"2020-09-30T09:29:44+00:00\",\"breadcrumb\":{\"@id\":\"https:\/\/distribucionarc.com\/producto\/prensa-de-vino-extractor-de-zumo-exprimidor-de-frutas-30l\/#breadcrumb\"},\"inLanguage\":\"pt-PT\",\"potentialAction\":[{\"@type\":\"ReadAction\",\"target\":[\"https:\/\/distribucionarc.com\/producto\/prensa-de-vino-extractor-de-zumo-exprimidor-de-frutas-30l\/\"]}]},{\"@type\":\"ImageObject\",\"inLanguage\":\"pt-PT\",\"@id\":\"https:\/\/distribucionarc.com\/producto\/prensa-de-vino-extractor-de-zumo-exprimidor-de-frutas-30l\/#primaryimage\",\"url\":\"https:\/\/distribucionarc.com\/wp-content\/uploads\/2020\/08\/Prensa-de-vino-extractor-de-zumo-exprimidor-de-frutas-30L-0.jpg\",\"contentUrl\":\"https:\/\/distribucionarc.com\/wp-content\/uploads\/2020\/08\/Prensa-de-vino-extractor-de-zumo-exprimidor-de-frutas-30L-0.jpg\",\"width\":1000,\"height\":1000,\"caption\":\"Prensa de vino extractor de zumo exprimidor de frutas 30L\"},{\"@type\":\"BreadcrumbList\",\"@id\":\"https:\/\/distribucionarc.com\/producto\/prensa-de-vino-extractor-de-zumo-exprimidor-de-frutas-30l\/#breadcrumb\",\"itemListElement\":[{\"@type\":\"ListItem\",\"position\":1,\"name\":\"Portada\",\"item\":\"https:\/\/distribucionarc.com\/pl\/\"},{\"@type\":\"ListItem\",\"position\":2,\"name\":\"Produkty\",\"item\":\"https:\/\/distribucionarc.com\/pl\/shop\/\"},{\"@type\":\"ListItem\",\"position\":3,\"name\":\"Prensa de vino, extractor de zumo, exprimidor de frutas 30L\"}]},{\"@type\":\"WebSite\",\"@id\":\"https:\/\/distribucionarc.com\/de\/#website\",\"url\":\"https:\/\/distribucionarc.com\/de\/\",\"name\":\"distribuci\u00f3n ARC\",\"description\":\"Empresa especializada en la fabricaci\u00f3n y distribuci\u00f3n de maquinaria industrial, selladoras de latas, Maquinas de hacer pastillas, Maquinas de cortar carne...\",\"publisher\":{\"@id\":\"https:\/\/distribucionarc.com\/de\/#organization\"},\"potentialAction\":[{\"@type\":\"SearchAction\",\"target\":{\"@type\":\"EntryPoint\",\"urlTemplate\":\"https:\/\/distribucionarc.com\/de\/?s={search_term_string}\"},\"query-input\":{\"@type\":\"PropertyValueSpecification\",\"valueRequired\":true,\"valueName\":\"search_term_string\"}}],\"inLanguage\":\"pt-PT\"},{\"@type\":\"Organization\",\"@id\":\"https:\/\/distribucionarc.com\/de\/#organization\",\"name\":\"Distribuci\u00f3n ARC\",\"url\":\"https:\/\/distribucionarc.com\/de\/\",\"logo\":{\"@type\":\"ImageObject\",\"inLanguage\":\"pt-PT\",\"@id\":\"https:\/\/distribucionarc.com\/de\/#\/schema\/logo\/image\/\",\"url\":\"https:\/\/distribucionarc.com\/wp-content\/uploads\/2024\/10\/distribucion-ARC-COLOR-SIN-FONDO-e1732295305345.png\",\"contentUrl\":\"https:\/\/distribucionarc.com\/wp-content\/uploads\/2024\/10\/distribucion-ARC-COLOR-SIN-FONDO-e1732295305345.png\",\"width\":1164,\"height\":558,\"caption\":\"Distribuci\u00f3n ARC\"},\"image\":{\"@id\":\"https:\/\/distribucionarc.com\/de\/#\/schema\/logo\/image\/\"},\"description\":\"Empresa especializada en la fabricaci\u00f3n y distribuci\u00f3n de maquinaria industrial para los sectores alimentario y farmac\u00e9utico. Nos especializamos en: M\u00e1quinas de cortar carne Fabricaci\u00f3n de comprimidos Sistemas de transporte industrial L\u00edneas de embotellado Dosificadores Y mucho m\u00e1s... Ofrecemos soluciones innovadoras y personalizadas para optimizar los procesos productivos de tu empresa.\",\"email\":\"Admistracion@distribucionarc.com\",\"telephone\":\"+34 643496664\",\"legalName\":\"ARC TECH SOLUTIONS\",\"foundingDate\":\"2024-04-09\",\"vatID\":\"B55480172\",\"numberOfEmployees\":{\"@type\":\"QuantitativeValue\",\"minValue\":\"1\",\"maxValue\":\"10\"}}]}<\/script>\n<!-- \/ Yoast SEO Premium plugin. -->","yoast_head_json":{"title":"Lagar, extrator de suco, espremedor de frutas 30L - distribui\u00e7\u00e3o ARC","robots":{"index":"index","follow":"follow","max-snippet":"max-snippet:-1","max-image-preview":"max-image-preview:large","max-video-preview":"max-video-preview:-1"},"canonical":"https:\/\/distribucionarc.com\/pt\/produto\/espremedor-de-suco-de-vinho-espremedor-de-frutas-30l\/","og_locale":"pt_PT","og_type":"article","og_title":"Prensa de vino, extractor de zumo, exprimidor de frutas 30L","og_description":"Prensa de vino, extractor de zumo, exprimidor de frutas 30 L El\u00a0extractor de bayas\u00a0ARC\u00a0es robusto con un\u00a0alto rendimiento de zumo; ejerce una alta presi\u00f3n debido a la construcci\u00f3n del eje de metal.\u00a0A diferencia de las prensas de otros proveedores, el\u00a0barril de\u00a0la\u00a0prensa est\u00e1\u00a0hecho de madera de haya robusta\u00a0para\u00a0conservar mejor el sabor. La\u00a0capacidad\u00a0m\u00e1xima\u00a0de la cesta es de 30 litros.  Garant\u00eda\u00a0ARC 2 A\u00d1OS soporte t\u00e9cnico\u00a0incluido","og_url":"https:\/\/distribucionarc.com\/pt\/produto\/espremedor-de-suco-de-vinho-espremedor-de-frutas-30l\/","og_site_name":"distribuci\u00f3n ARC","article_modified_time":"2020-09-30T09:29:44+00:00","og_image":[{"width":1000,"height":1000,"url":"https:\/\/distribucionarc.com\/wp-content\/uploads\/2020\/08\/Prensa-de-vino-extractor-de-zumo-exprimidor-de-frutas-30L-0.jpg","type":"image\/jpeg"}],"twitter_card":"summary_large_image","twitter_misc":{"Tempo estimado de leitura":"1 minuto"},"schema":{"@context":"https:\/\/schema.org","@graph":[{"@type":"WebPage","@id":"https:\/\/distribucionarc.com\/producto\/prensa-de-vino-extractor-de-zumo-exprimidor-de-frutas-30l\/","url":"https:\/\/distribucionarc.com\/producto\/prensa-de-vino-extractor-de-zumo-exprimidor-de-frutas-30l\/","name":"Lagar, extrator de suco, espremedor de frutas 30L - distribui\u00e7\u00e3o ARC","isPartOf":{"@id":"https:\/\/distribucionarc.com\/de\/#website"},"primaryImageOfPage":{"@id":"https:\/\/distribucionarc.com\/producto\/prensa-de-vino-extractor-de-zumo-exprimidor-de-frutas-30l\/#primaryimage"},"image":{"@id":"https:\/\/distribucionarc.com\/producto\/prensa-de-vino-extractor-de-zumo-exprimidor-de-frutas-30l\/#primaryimage"},"thumbnailUrl":"https:\/\/distribucionarc.com\/wp-content\/uploads\/2020\/08\/Prensa-de-vino-extractor-de-zumo-exprimidor-de-frutas-30L-0.jpg","datePublished":"2020-08-10T10:30:30+00:00","dateModified":"2020-09-30T09:29:44+00:00","breadcrumb":{"@id":"https:\/\/distribucionarc.com\/producto\/prensa-de-vino-extractor-de-zumo-exprimidor-de-frutas-30l\/#breadcrumb"},"inLanguage":"pt-PT","potentialAction":[{"@type":"ReadAction","target":["https:\/\/distribucionarc.com\/producto\/prensa-de-vino-extractor-de-zumo-exprimidor-de-frutas-30l\/"]}]},{"@type":"ImageObject","inLanguage":"pt-PT","@id":"https:\/\/distribucionarc.com\/producto\/prensa-de-vino-extractor-de-zumo-exprimidor-de-frutas-30l\/#primaryimage","url":"https:\/\/distribucionarc.com\/wp-content\/uploads\/2020\/08\/Prensa-de-vino-extractor-de-zumo-exprimidor-de-frutas-30L-0.jpg","contentUrl":"https:\/\/distribucionarc.com\/wp-content\/uploads\/2020\/08\/Prensa-de-vino-extractor-de-zumo-exprimidor-de-frutas-30L-0.jpg","width":1000,"height":1000,"caption":"Prensa de vino extractor de zumo exprimidor de frutas 30L"},{"@type":"BreadcrumbList","@id":"https:\/\/distribucionarc.com\/producto\/prensa-de-vino-extractor-de-zumo-exprimidor-de-frutas-30l\/#breadcrumb","itemListElement":[{"@type":"ListItem","position":1,"name":"Portada","item":"https:\/\/distribucionarc.com\/pl\/"},{"@type":"ListItem","position":2,"name":"Produkty","item":"https:\/\/distribucionarc.com\/pl\/shop\/"},{"@type":"ListItem","position":3,"name":"Prensa de vino, extractor de zumo, exprimidor de frutas 30L"}]},{"@type":"WebSite","@id":"https:\/\/distribucionarc.com\/de\/#website","url":"https:\/\/distribucionarc.com\/de\/","name":"Distribui\u00e7\u00e3o ARC","description":"Empresa especializada no fabrico e distribui\u00e7\u00e3o de m\u00e1quinas industriais, m\u00e1quinas de selar latas, m\u00e1quinas de fazer comprimidos, m\u00e1quinas de cortar carne...","publisher":{"@id":"https:\/\/distribucionarc.com\/de\/#organization"},"potentialAction":[{"@type":"SearchAction","target":{"@type":"EntryPoint","urlTemplate":"https:\/\/distribucionarc.com\/de\/?s={search_term_string}"},"query-input":{"@type":"PropertyValueSpecification","valueRequired":true,"valueName":"search_term_string"}}],"inLanguage":"pt-PT"},{"@type":"Organization","@id":"https:\/\/distribucionarc.com\/de\/#organization","name":"Distribui\u00e7\u00e3o ARC","url":"https:\/\/distribucionarc.com\/de\/","logo":{"@type":"ImageObject","inLanguage":"pt-PT","@id":"https:\/\/distribucionarc.com\/de\/#\/schema\/logo\/image\/","url":"https:\/\/distribucionarc.com\/wp-content\/uploads\/2024\/10\/distribucion-ARC-COLOR-SIN-FONDO-e1732295305345.png","contentUrl":"https:\/\/distribucionarc.com\/wp-content\/uploads\/2024\/10\/distribucion-ARC-COLOR-SIN-FONDO-e1732295305345.png","width":1164,"height":558,"caption":"Distribuci\u00f3n ARC"},"image":{"@id":"https:\/\/distribucionarc.com\/de\/#\/schema\/logo\/image\/"},"description":"Empresa especializada no fabrico e distribui\u00e7\u00e3o de m\u00e1quinas industriais para os sectores alimentar e farmac\u00eautico. Somos especializados em: M\u00e1quinas de cortar carne Fabrico de comprimidos Sistemas de transporte industrial Linhas de engarrafamento Dispensadores E muito mais... Oferecemos solu\u00e7\u00f5es inovadoras e personalizadas para otimizar os processos de produ\u00e7\u00e3o da sua empresa.","email":"Admistracion@distribucionarc.com","telephone":"+34 643496664","legalName":"ARC TECH SOLUTIONS","foundingDate":"2024-04-09","vatID":"B55480172","numberOfEmployees":{"@type":"QuantitativeValue","minValue":"1","maxValue":"10"}}]}},"_links":{"self":[{"href":"https:\/\/distribucionarc.com\/pt\/wp-json\/wp\/v2\/product\/2117","targetHints":{"allow":["GET"]}}],"collection":[{"href":"https:\/\/distribucionarc.com\/pt\/wp-json\/wp\/v2\/product"}],"about":[{"href":"https:\/\/distribucionarc.com\/pt\/wp-json\/wp\/v2\/types\/product"}],"replies":[{"embeddable":true,"href":"https:\/\/distribucionarc.com\/pt\/wp-json\/wp\/v2\/comments?post=2117"}],"version-history":[{"count":0,"href":"https:\/\/distribucionarc.com\/pt\/wp-json\/wp\/v2\/product\/2117\/revisions"}],"wp:featuredmedia":[{"embeddable":true,"href":"https:\/\/distribucionarc.com\/pt\/wp-json\/wp\/v2\/media\/2119"}],"wp:attachment":[{"href":"https:\/\/distribucionarc.com\/pt\/wp-json\/wp\/v2\/media?parent=2117"}],"wp:term":[{"taxonomy":"product_brand","embeddable":true,"href":"https:\/\/distribucionarc.com\/pt\/wp-json\/wp\/v2\/product_brand?post=2117"},{"taxonomy":"product_cat","embeddable":true,"href":"https:\/\/distribucionarc.com\/pt\/wp-json\/wp\/v2\/product_cat?post=2117"},{"taxonomy":"product_tag","embeddable":true,"href":"https:\/\/distribucionarc.com\/pt\/wp-json\/wp\/v2\/product_tag?post=2117"}],"curies":[{"name":"wp","href":"https:\/\/api.w.org\/{rel}","templated":true}]}}