{"id":2173,"date":"2020-08-11T14:48:35","date_gmt":"2020-08-11T14:48:35","guid":{"rendered":"https:\/\/distribucionarc.com\/?post_type=product&#038;p=2173"},"modified":"2020-09-30T10:01:31","modified_gmt":"2020-09-30T10:01:31","slug":"espremedor-de-agua-hidropress-para-frutas-legumes-mel-20l","status":"publish","type":"product","link":"https:\/\/distribucionarc.com\/pt\/producto\/prensa-de-agua-hidroprensa-para-frutas-verduras-miel-20l\/","title":{"rendered":"Prensa de \u00e1gua, Hidropress para frutas, legumes, mel 20L"},"content":{"rendered":"<h2>Prensa de \u00e1gua, hidroprensa para vinho, frutas, mel 20L<\/h2>\n<p>A maneira mais r\u00e1pida de processar suco fresco que mant\u00e9m todas as suas propriedades. Basta adicionar o pur\u00ea de frutas ao<strong> prensa de \u00e1gua <span style=\"color: #ff0000;\">PARA<\/span><span style=\"color: #0000ff;\">R<\/span>c<\/strong>, abra a torneira e observe como a press\u00e3o da \u00e1gua da torneira que entra pressiona o material mo\u00eddo de dentro para fora contra o suporte do cesto.<\/p>\n<p>Uma unidade engenhosamente simples que<span style=\"color: #008000;\"><strong> economizar energia<\/strong><\/span>: Conecte a mangueira ao cano de \u00e1gua e abra a torneira. A \u00e1gua da torneira expande a membrana de borracha embutida para fora e pressiona a grelha contra a grelha do cesto. A for\u00e7a e o tempo de press\u00e3o podem ser ajustados abrindo ou fechando a torneira.<\/p>\n<p>Ele\u00a0<strong>press\u00e3o r\u00e1pida<\/strong>\u00a0e o\u00a0<strong>caminhos de fluxo curtos<\/strong> proteger vitaminas; O suco manter\u00e1 um aroma maravilhosamente fresco. Gra\u00e7as \u00e0 alta press\u00e3o de 3 bar exercida pelo <strong>espremedor de frutas <span style=\"color: #ff0000;\">PARA<\/span><span style=\"color: #0000ff;\">R<\/span>CPHA20<\/strong>\u00a0voc\u00ea ganha um\u00a0<strong>rendimento de suco<\/strong>\u00a0excepcionalmente\u00a0<strong>alto<\/strong>, mesmo que o cesto da prensa esteja parcialmente cheio.<\/p>\n<h6><\/h6>\n<h6><strong>Garantia\u00a0<\/strong><span style=\"color: #ff0000;\"><strong>PARA<\/strong><\/span><span style=\"color: #0000ff;\"><strong>R<\/strong><\/span><strong>C 2 ANOS<\/strong><\/h6>\n<h6><span style=\"color: #0000ff;\">Pressione sem eletricidade, press\u00e3o da \u00e1gua<\/span> <span style=\"color: #0000ff;\">(3 barras)<\/span><\/h6>\n<h6><strong>suporte t\u00e9cnico inclu\u00eddo<\/strong><\/h6>\n<p>&nbsp;<\/p>\n<table width=\"100%\">\n<tbody>\n<tr>\n<td>Cara:<\/td>\n<td width=\"50%\">Hidropress<\/td>\n<td colspan=\"2\" width=\"327\"><\/td>\n<\/tr>\n<tr>\n<td>Pa\u00eds de distribui\u00e7\u00e3o:<\/td>\n<td width=\"50%\">Espanha, Alemanha, EUA<\/td>\n<td>Peso:<\/td>\n<td width=\"50%\">13kg<\/td>\n<\/tr>\n<tr>\n<td>Marca:<\/td>\n<td width=\"50%\">ARCO<\/td>\n<td>Altura:<\/td>\n<td width=\"50%\">82cm<\/td>\n<\/tr>\n<tr>\n<td>Cor:<\/td>\n<td width=\"50%\">Prata<\/td>\n<td>Longo:<\/td>\n<td width=\"50%\">50cm<\/td>\n<\/tr>\n<tr>\n<td>Tipo de produto:<\/td>\n<td width=\"50%\">espremedor de frutas, lagar de vinho<\/td>\n<td>Largo:<\/td>\n<td width=\"50%\">50cm<\/td>\n<\/tr>\n<tr>\n<td>N\u00famero do fabricante:<\/td>\n<td width=\"50%\">ARCPHA20<\/td>\n<td>Habilidade:<\/td>\n<td width=\"50%\">20L<\/td>\n<\/tr>\n<tr>\n<td>Material:<\/td>\n<td width=\"50%\">\u00a0a\u00e7o inoxid\u00e1vel de qualidade alimentar, membrana de borracha de qualidade alimentar<\/td>\n<td>Tamanho da cesta:<\/td>\n<td width=\"50%\">26,5x39cm<\/td>\n<\/tr>\n<tr>\n<td>Dimens\u00f5es do cano:<\/td>\n<td width=\"50%\">41cm de di\u00e2metro<\/td>\n<td>Equipamento:<\/td>\n<td width=\"50%\">Pano de imprensa inclu\u00eddo<\/td>\n<\/tr>\n<tr>\n<td>Altura do cano:<\/td>\n<td width=\"50%\">45cm<\/td>\n<td>Garantia:<\/td>\n<td width=\"50%\">2 ANOS<\/td>\n<\/tr>\n<\/tbody>\n<\/table>","protected":false},"excerpt":{"rendered":"<h2>Prensa de \u00e1gua, hidroprensa para vinho, frutas, mel 20L<\/h2>\n<p>O<strong> britadores hidr\u00e1ulicos <span style=\"color: #ff0000;\">PARA<\/span><span style=\"color: #0000ff;\">R<\/span>c<\/strong> S\u00e3o a melhor solu\u00e7\u00e3o para fazer sumos, processar favos de mel, mostos, vinho, cidra, etc. <span style=\"color: #008000;\"><strong>Sem <\/strong><\/span>o<span style=\"color: #008000;\"><strong> necessidade de energia el\u00e9trica<\/strong> <\/span>e sem esfor\u00e7o f\u00edsico<\/p>\n<p>Gra\u00e7as ao <strong>prensas hidr\u00e1ulicas <span style=\"color: #ff0000;\">PARA<\/span><span style=\"color: #0000ff;\">R<\/span>c<\/strong> a press\u00e3o ser\u00e1<strong> r\u00e1pido<\/strong>\u00a0e com\u00a0<strong>caminhos de fluxo curtos <\/strong>ajudando a proteger as vitaminas; Voc\u00ea obter\u00e1 um produto com um cheiro maravilhosamente fresco. Gra\u00e7as \u00e0 alta press\u00e3o, um\u00a0<strong>desempenho <\/strong>de suco excepcionalmente\u00a0<strong>alto<\/strong><\/p>\n<h6><strong>Garantia\u00a0<\/strong><span style=\"color: #ff0000;\"><strong>PARA<\/strong><\/span><span style=\"color: #0000ff;\"><strong>R<\/strong><\/span><strong>C 2 ANOS<\/strong><\/h6>\n<h6><span style=\"color: #0000ff;\">Pressione sem eletricidade, press\u00e3o da \u00e1gua<\/span> <span style=\"color: #0000ff;\">(3 barras)<\/span><\/h6>\n<h6><strong>suporte t\u00e9cnico inclu\u00eddo<\/strong><\/h6>","protected":false},"featured_media":2179,"comment_status":"open","ping_status":"closed","template":"","meta":{"wds_primary_product_brand":0,"wds_primary_product_cat":0},"product_brand":[],"product_cat":[30,65,67],"product_tag":[],"class_list":{"0":"post-2173","1":"product","2":"type-product","3":"status-publish","4":"has-post-thumbnail","6":"product_cat-maquinaria-apicola","7":"product_cat-maquinaria-industrial-para-procesar-fruta-verdura-panales","8":"product_cat-prensas-de-frutas-trituradoras","9":"product_shipping_class-hosteleria","11":"first","12":"instock","13":"sale","14":"taxable","15":"shipping-taxable","16":"purchasable","17":"product-type-simple"},"yoast_head":"<!-- This site is optimized with the Yoast SEO Premium plugin v24.9 (Yoast SEO v26.1) - https:\/\/yoast.com\/wordpress\/plugins\/seo\/ -->\n<title>Prensa de agua, Hidroprensa para frutas, verduras, miel 20L - distribuci\u00f3n ARC<\/title>\n<meta name=\"robots\" content=\"index, follow, max-snippet:-1, max-image-preview:large, max-video-preview:-1\" \/>\n<link rel=\"canonical\" href=\"https:\/\/www.distribucionarc.com\/hr\/producto\/prensa-de-agua-hidroprensa-para-frutas-verduras-miel-20l\/\" \/>\n<meta property=\"og:locale\" content=\"pt_PT\" \/>\n<meta property=\"og:type\" content=\"article\" \/>\n<meta property=\"og:title\" content=\"Prensa de agua, Hidroprensa para frutas, verduras, miel 20L\" \/>\n<meta property=\"og:description\" content=\"Prensa de agua, Hidroprensa para vino, frutas, miel 20L Las trituradoras hidr\u00e1ulicas ARC son la mejor soluci\u00f3n para realizar zumos, procesar panales de miel, mostos, vino, sidra, etc. Sin la necesidad de energ\u00eda el\u00e9ctrica y sin esfuerzo f\u00edsico  Gracias a las Prensas hidr\u00e1ulicas ARC el\u00a0prensado ser\u00e1 r\u00e1pido\u00a0y con\u00a0recorridos cortos de flujo ayudando a\u00a0proteger las vitaminas;\u00a0obtendr\u00e1 un producto con un aroma maravillosamente fresco.\u00a0Gracias a la alta presi\u00f3n se obtiene un\u00a0rendimiento de zumo\u00a0excepcionalmente\u00a0alto Garant\u00eda\u00a0ARC 2 A\u00d1OS Prensa sin electricidad,\u00a0 presi\u00f3n de agua (3 bar) soporte t\u00e9cnico\u00a0incluido\" \/>\n<meta property=\"og:url\" content=\"https:\/\/www.distribucionarc.com\/hr\/producto\/prensa-de-agua-hidroprensa-para-frutas-verduras-miel-20l\/\" \/>\n<meta property=\"og:site_name\" content=\"distribuci\u00f3n ARC\" \/>\n<meta property=\"article:modified_time\" content=\"2020-09-30T10:01:31+00:00\" \/>\n<meta property=\"og:image\" content=\"https:\/\/www.distribucionarc.com\/wp-content\/uploads\/2020\/08\/Prensa-de-agua-Hidro-prensa-para-frutas-verduras-miel-20L-0.jpg\" \/>\n\t<meta property=\"og:image:width\" content=\"1000\" \/>\n\t<meta property=\"og:image:height\" content=\"1000\" \/>\n\t<meta property=\"og:image:type\" content=\"image\/jpeg\" \/>\n<meta name=\"twitter:card\" content=\"summary_large_image\" \/>\n<meta name=\"twitter:label1\" content=\"Tempo estimado de leitura\" \/>\n\t<meta name=\"twitter:data1\" content=\"1 minuto\" \/>\n<script type=\"application\/ld+json\" class=\"yoast-schema-graph\">{\"@context\":\"https:\/\/schema.org\",\"@graph\":[{\"@type\":\"WebPage\",\"@id\":\"https:\/\/www.distribucionarc.com\/hr\/producto\/prensa-de-agua-hidroprensa-para-frutas-verduras-miel-20l\/\",\"url\":\"https:\/\/www.distribucionarc.com\/hr\/producto\/prensa-de-agua-hidroprensa-para-frutas-verduras-miel-20l\/\",\"name\":\"Prensa de agua, Hidroprensa para frutas, verduras, miel 20L - distribuci\u00f3n ARC\",\"isPartOf\":{\"@id\":\"https:\/\/www.distribucionarc.com\/de\/#website\"},\"primaryImageOfPage\":{\"@id\":\"https:\/\/www.distribucionarc.com\/hr\/producto\/prensa-de-agua-hidroprensa-para-frutas-verduras-miel-20l\/#primaryimage\"},\"image\":{\"@id\":\"https:\/\/www.distribucionarc.com\/hr\/producto\/prensa-de-agua-hidroprensa-para-frutas-verduras-miel-20l\/#primaryimage\"},\"thumbnailUrl\":\"https:\/\/distribucionarc.com\/wp-content\/uploads\/2020\/08\/Prensa-de-agua-Hidro-prensa-para-frutas-verduras-miel-20L-0.jpg\",\"datePublished\":\"2020-08-11T14:48:35+00:00\",\"dateModified\":\"2020-09-30T10:01:31+00:00\",\"breadcrumb\":{\"@id\":\"https:\/\/www.distribucionarc.com\/hr\/producto\/prensa-de-agua-hidroprensa-para-frutas-verduras-miel-20l\/#breadcrumb\"},\"inLanguage\":\"pt-PT\",\"potentialAction\":[{\"@type\":\"ReadAction\",\"target\":[\"https:\/\/www.distribucionarc.com\/hr\/producto\/prensa-de-agua-hidroprensa-para-frutas-verduras-miel-20l\/\"]}]},{\"@type\":\"ImageObject\",\"inLanguage\":\"pt-PT\",\"@id\":\"https:\/\/www.distribucionarc.com\/hr\/producto\/prensa-de-agua-hidroprensa-para-frutas-verduras-miel-20l\/#primaryimage\",\"url\":\"https:\/\/distribucionarc.com\/wp-content\/uploads\/2020\/08\/Prensa-de-agua-Hidro-prensa-para-frutas-verduras-miel-20L-0.jpg\",\"contentUrl\":\"https:\/\/distribucionarc.com\/wp-content\/uploads\/2020\/08\/Prensa-de-agua-Hidro-prensa-para-frutas-verduras-miel-20L-0.jpg\",\"width\":1000,\"height\":1000,\"caption\":\"Prensa de agua Hidro prensa para frutas verduras miel 20L\"},{\"@type\":\"BreadcrumbList\",\"@id\":\"https:\/\/www.distribucionarc.com\/hr\/producto\/prensa-de-agua-hidroprensa-para-frutas-verduras-miel-20l\/#breadcrumb\",\"itemListElement\":[{\"@type\":\"ListItem\",\"position\":1,\"name\":\"Portada\",\"item\":\"https:\/\/www.distribucionarc.com\/en\/\"},{\"@type\":\"ListItem\",\"position\":2,\"name\":\"Products\",\"item\":\"https:\/\/www.distribucionarc.com\/en\/shop\/\"},{\"@type\":\"ListItem\",\"position\":3,\"name\":\"Prensa de agua, Hidroprensa para frutas, verduras, miel 20L\"}]},{\"@type\":\"WebSite\",\"@id\":\"https:\/\/www.distribucionarc.com\/de\/#website\",\"url\":\"https:\/\/www.distribucionarc.com\/de\/\",\"name\":\"distribuci\u00f3n ARC\",\"description\":\"Empresa especializada en la fabricaci\u00f3n y distribuci\u00f3n de maquinaria industrial, selladoras de latas, Maquinas de hacer pastillas, Maquinas de cortar carne...\",\"publisher\":{\"@id\":\"https:\/\/www.distribucionarc.com\/de\/#organization\"},\"potentialAction\":[{\"@type\":\"SearchAction\",\"target\":{\"@type\":\"EntryPoint\",\"urlTemplate\":\"https:\/\/www.distribucionarc.com\/de\/?s={search_term_string}\"},\"query-input\":{\"@type\":\"PropertyValueSpecification\",\"valueRequired\":true,\"valueName\":\"search_term_string\"}}],\"inLanguage\":\"pt-PT\"},{\"@type\":\"Organization\",\"@id\":\"https:\/\/www.distribucionarc.com\/de\/#organization\",\"name\":\"Distribuci\u00f3n ARC\",\"url\":\"https:\/\/www.distribucionarc.com\/de\/\",\"logo\":{\"@type\":\"ImageObject\",\"inLanguage\":\"pt-PT\",\"@id\":\"https:\/\/www.distribucionarc.com\/de\/#\/schema\/logo\/image\/\",\"url\":\"https:\/\/distribucionarc.com\/wp-content\/uploads\/2024\/10\/distribucion-ARC-COLOR-SIN-FONDO-e1732295305345.png\",\"contentUrl\":\"https:\/\/distribucionarc.com\/wp-content\/uploads\/2024\/10\/distribucion-ARC-COLOR-SIN-FONDO-e1732295305345.png\",\"width\":1164,\"height\":558,\"caption\":\"Distribuci\u00f3n ARC\"},\"image\":{\"@id\":\"https:\/\/www.distribucionarc.com\/de\/#\/schema\/logo\/image\/\"},\"description\":\"Empresa especializada en la fabricaci\u00f3n y distribuci\u00f3n de maquinaria industrial para los sectores alimentario y farmac\u00e9utico. Nos especializamos en: M\u00e1quinas de cortar carne Fabricaci\u00f3n de comprimidos Sistemas de transporte industrial L\u00edneas de embotellado Dosificadores Y mucho m\u00e1s... Ofrecemos soluciones innovadoras y personalizadas para optimizar los procesos productivos de tu empresa.\",\"email\":\"Admistracion@distribucionarc.com\",\"telephone\":\"+34 643496664\",\"legalName\":\"ARC TECH SOLUTIONS\",\"foundingDate\":\"2024-04-09\",\"vatID\":\"B55480172\",\"numberOfEmployees\":{\"@type\":\"QuantitativeValue\",\"minValue\":\"1\",\"maxValue\":\"10\"}}]}<\/script>\n<!-- \/ Yoast SEO Premium plugin. -->","yoast_head_json":{"title":"Prensa de \u00e1gua, Hidroprensa para frutas, legumes, mel 20L - distribui\u00e7\u00e3o ARC","robots":{"index":"index","follow":"follow","max-snippet":"max-snippet:-1","max-image-preview":"max-image-preview:large","max-video-preview":"max-video-preview:-1"},"canonical":"https:\/\/www.distribucionarc.com\/hr\/producto\/prensa-de-agua-hidroprensa-para-frutas-verduras-miel-20l\/","og_locale":"pt_PT","og_type":"article","og_title":"Prensa de agua, Hidroprensa para frutas, verduras, miel 20L","og_description":"Prensa de agua, Hidroprensa para vino, frutas, miel 20L Las trituradoras hidr\u00e1ulicas ARC son la mejor soluci\u00f3n para realizar zumos, procesar panales de miel, mostos, vino, sidra, etc. Sin la necesidad de energ\u00eda el\u00e9ctrica y sin esfuerzo f\u00edsico  Gracias a las Prensas hidr\u00e1ulicas ARC el\u00a0prensado ser\u00e1 r\u00e1pido\u00a0y con\u00a0recorridos cortos de flujo ayudando a\u00a0proteger las vitaminas;\u00a0obtendr\u00e1 un producto con un aroma maravillosamente fresco.\u00a0Gracias a la alta presi\u00f3n se obtiene un\u00a0rendimiento de zumo\u00a0excepcionalmente\u00a0alto Garant\u00eda\u00a0ARC 2 A\u00d1OS Prensa sin electricidad,\u00a0 presi\u00f3n de agua (3 bar) soporte t\u00e9cnico\u00a0incluido","og_url":"https:\/\/www.distribucionarc.com\/hr\/producto\/prensa-de-agua-hidroprensa-para-frutas-verduras-miel-20l\/","og_site_name":"distribuci\u00f3n ARC","article_modified_time":"2020-09-30T10:01:31+00:00","og_image":[{"width":1000,"height":1000,"url":"https:\/\/www.distribucionarc.com\/wp-content\/uploads\/2020\/08\/Prensa-de-agua-Hidro-prensa-para-frutas-verduras-miel-20L-0.jpg","type":"image\/jpeg"}],"twitter_card":"summary_large_image","twitter_misc":{"Tempo estimado de leitura":"1 minuto"},"schema":{"@context":"https:\/\/schema.org","@graph":[{"@type":"WebPage","@id":"https:\/\/www.distribucionarc.com\/hr\/producto\/prensa-de-agua-hidroprensa-para-frutas-verduras-miel-20l\/","url":"https:\/\/www.distribucionarc.com\/hr\/producto\/prensa-de-agua-hidroprensa-para-frutas-verduras-miel-20l\/","name":"Prensa de \u00e1gua, Hidroprensa para frutas, legumes, mel 20L - distribui\u00e7\u00e3o ARC","isPartOf":{"@id":"https:\/\/www.distribucionarc.com\/de\/#website"},"primaryImageOfPage":{"@id":"https:\/\/www.distribucionarc.com\/hr\/producto\/prensa-de-agua-hidroprensa-para-frutas-verduras-miel-20l\/#primaryimage"},"image":{"@id":"https:\/\/www.distribucionarc.com\/hr\/producto\/prensa-de-agua-hidroprensa-para-frutas-verduras-miel-20l\/#primaryimage"},"thumbnailUrl":"https:\/\/distribucionarc.com\/wp-content\/uploads\/2020\/08\/Prensa-de-agua-Hidro-prensa-para-frutas-verduras-miel-20L-0.jpg","datePublished":"2020-08-11T14:48:35+00:00","dateModified":"2020-09-30T10:01:31+00:00","breadcrumb":{"@id":"https:\/\/www.distribucionarc.com\/hr\/producto\/prensa-de-agua-hidroprensa-para-frutas-verduras-miel-20l\/#breadcrumb"},"inLanguage":"pt-PT","potentialAction":[{"@type":"ReadAction","target":["https:\/\/www.distribucionarc.com\/hr\/producto\/prensa-de-agua-hidroprensa-para-frutas-verduras-miel-20l\/"]}]},{"@type":"ImageObject","inLanguage":"pt-PT","@id":"https:\/\/www.distribucionarc.com\/hr\/producto\/prensa-de-agua-hidroprensa-para-frutas-verduras-miel-20l\/#primaryimage","url":"https:\/\/distribucionarc.com\/wp-content\/uploads\/2020\/08\/Prensa-de-agua-Hidro-prensa-para-frutas-verduras-miel-20L-0.jpg","contentUrl":"https:\/\/distribucionarc.com\/wp-content\/uploads\/2020\/08\/Prensa-de-agua-Hidro-prensa-para-frutas-verduras-miel-20L-0.jpg","width":1000,"height":1000,"caption":"Prensa de agua Hidro prensa para frutas verduras miel 20L"},{"@type":"BreadcrumbList","@id":"https:\/\/www.distribucionarc.com\/hr\/producto\/prensa-de-agua-hidroprensa-para-frutas-verduras-miel-20l\/#breadcrumb","itemListElement":[{"@type":"ListItem","position":1,"name":"Portada","item":"https:\/\/www.distribucionarc.com\/en\/"},{"@type":"ListItem","position":2,"name":"Products","item":"https:\/\/www.distribucionarc.com\/en\/shop\/"},{"@type":"ListItem","position":3,"name":"Prensa de agua, Hidroprensa para frutas, verduras, miel 20L"}]},{"@type":"WebSite","@id":"https:\/\/www.distribucionarc.com\/de\/#website","url":"https:\/\/www.distribucionarc.com\/de\/","name":"Distribui\u00e7\u00e3o ARC","description":"Empresa especializada no fabrico e distribui\u00e7\u00e3o de m\u00e1quinas industriais, m\u00e1quinas de selar latas, m\u00e1quinas de fazer comprimidos, m\u00e1quinas de cortar carne...","publisher":{"@id":"https:\/\/www.distribucionarc.com\/de\/#organization"},"potentialAction":[{"@type":"SearchAction","target":{"@type":"EntryPoint","urlTemplate":"https:\/\/www.distribucionarc.com\/de\/?s={search_term_string}"},"query-input":{"@type":"PropertyValueSpecification","valueRequired":true,"valueName":"search_term_string"}}],"inLanguage":"pt-PT"},{"@type":"Organization","@id":"https:\/\/www.distribucionarc.com\/de\/#organization","name":"Distribui\u00e7\u00e3o ARC","url":"https:\/\/www.distribucionarc.com\/de\/","logo":{"@type":"ImageObject","inLanguage":"pt-PT","@id":"https:\/\/www.distribucionarc.com\/de\/#\/schema\/logo\/image\/","url":"https:\/\/distribucionarc.com\/wp-content\/uploads\/2024\/10\/distribucion-ARC-COLOR-SIN-FONDO-e1732295305345.png","contentUrl":"https:\/\/distribucionarc.com\/wp-content\/uploads\/2024\/10\/distribucion-ARC-COLOR-SIN-FONDO-e1732295305345.png","width":1164,"height":558,"caption":"Distribuci\u00f3n ARC"},"image":{"@id":"https:\/\/www.distribucionarc.com\/de\/#\/schema\/logo\/image\/"},"description":"Empresa especializada no fabrico e distribui\u00e7\u00e3o de m\u00e1quinas industriais para os sectores alimentar e farmac\u00eautico. Somos especializados em: M\u00e1quinas de cortar carne Fabrico de comprimidos Sistemas de transporte industrial Linhas de engarrafamento Dispensadores E muito mais... Oferecemos solu\u00e7\u00f5es inovadoras e personalizadas para otimizar os processos de produ\u00e7\u00e3o da sua empresa.","email":"Admistracion@distribucionarc.com","telephone":"+34 643496664","legalName":"ARC TECH SOLUTIONS","foundingDate":"2024-04-09","vatID":"B55480172","numberOfEmployees":{"@type":"QuantitativeValue","minValue":"1","maxValue":"10"}}]}},"_links":{"self":[{"href":"https:\/\/distribucionarc.com\/pt\/wp-json\/wp\/v2\/product\/2173","targetHints":{"allow":["GET"]}}],"collection":[{"href":"https:\/\/distribucionarc.com\/pt\/wp-json\/wp\/v2\/product"}],"about":[{"href":"https:\/\/distribucionarc.com\/pt\/wp-json\/wp\/v2\/types\/product"}],"replies":[{"embeddable":true,"href":"https:\/\/distribucionarc.com\/pt\/wp-json\/wp\/v2\/comments?post=2173"}],"version-history":[{"count":0,"href":"https:\/\/distribucionarc.com\/pt\/wp-json\/wp\/v2\/product\/2173\/revisions"}],"wp:featuredmedia":[{"embeddable":true,"href":"https:\/\/distribucionarc.com\/pt\/wp-json\/wp\/v2\/media\/2179"}],"wp:attachment":[{"href":"https:\/\/distribucionarc.com\/pt\/wp-json\/wp\/v2\/media?parent=2173"}],"wp:term":[{"taxonomy":"product_brand","embeddable":true,"href":"https:\/\/distribucionarc.com\/pt\/wp-json\/wp\/v2\/product_brand?post=2173"},{"taxonomy":"product_cat","embeddable":true,"href":"https:\/\/distribucionarc.com\/pt\/wp-json\/wp\/v2\/product_cat?post=2173"},{"taxonomy":"product_tag","embeddable":true,"href":"https:\/\/distribucionarc.com\/pt\/wp-json\/wp\/v2\/product_tag?post=2173"}],"curies":[{"name":"wp","href":"https:\/\/api.w.org\/{rel}","templated":true}]}}