{"id":2192,"date":"2020-08-12T10:39:03","date_gmt":"2020-08-12T10:39:03","guid":{"rendered":"https:\/\/distribucionarc.com\/?post_type=product&#038;p=2192"},"modified":"2020-09-30T10:40:56","modified_gmt":"2020-09-30T10:40:56","slug":"triturador-triturador-de-frutas-ou-legumes-1000-kg-h","status":"publish","type":"product","link":"https:\/\/distribucionarc.com\/pt\/producto\/molinillo-electrico-trituradora-de-fruta-o-verdura-1000-kg-h\/","title":{"rendered":"Moedor el\u00e9trico, triturador de frutas ou vegetais 1000 kg\/h"},"content":{"rendered":"<h2>Moedor el\u00e9trico, triturador de frutas ou vegetais 1000 kg\/h<\/h2>\n<p>Com o <strong>trituradores el\u00e9tricos<\/strong> de <strong><span style=\"color: #ff0000;\">PARA<\/span><span style=\"color: #0000ff;\">R<\/span>c<\/strong>, frutas com caro\u00e7o ou sementes podem ser processadas gra\u00e7as ao seu poderoso<span style=\"color: #008000;\"><strong> motor eficiente<\/strong><\/span> e suas l\u00e2minas afiadas. Sem correr o risco de danificar as l\u00e2minas ou o funcionamento da trituradora.<\/p>\n<p>O processo \u00e9 simples, basta ligar o <strong>moedor de frutas <span style=\"color: #ff0000;\">PARA<\/span><span style=\"color: #0000ff;\">R<\/span>CMFE01<\/strong> e insira a fruta pelo funil. O potente motor de 1,5 HP e as l\u00e2minas afiadas de a\u00e7o inoxid\u00e1vel cortam frutas a 2.800 rota\u00e7\u00f5es por minuto em um piscar de olhos. Isso significa que voc\u00ea pode<strong> processar at\u00e9 1.000 kg de frutas por hora<\/strong>.<\/p>\n<p>Gra\u00e7as ao funil extra grande de 125 cm, a fruta pode ser enchida com facilidade e seguran\u00e7a. O funil pode ser removido em apenas alguns passos e limpo sem problemas, e as l\u00e2minas de corte tamb\u00e9m podem ser facilmente removidas e limpas.<\/p>\n<h6><strong>Garantia\u00a0<span style=\"color: #ff0000;\">PARA<\/span><span style=\"color: #0000ff;\">R<\/span>C 2 ANOS<\/strong><\/h6>\n<h6><span style=\"color: #008000;\">Moedor el\u00e9trico eficiente, baixo consumo 1000w<\/span><\/h6>\n<h6><strong>suporte t\u00e9cnico inclu\u00eddo<\/strong><\/h6>\n<p>&nbsp;<\/p>\n<table role=\"presentation\" width=\"100%\" cellspacing=\"0\" cellpadding=\"0\">\n<tbody>\n<tr>\n<td class=\"attrLabels\">Marca:<\/td>\n<td width=\"50.0%\">ARCO<\/td>\n<\/tr>\n<tr>\n<td class=\"attrLabels\">Pa\u00eds de distribui\u00e7\u00e3o:<\/td>\n<td width=\"50.0%\">Espanha, Alemanha, EUA<\/td>\n<td class=\"attrLabels\">Peso:<\/td>\n<td width=\"50.0%\">27kg<\/td>\n<\/tr>\n<tr>\n<td class=\"attrLabels\">Marca:<\/td>\n<td width=\"50.0%\">ARCO<\/td>\n<td class=\"attrLabels\">Altura:<\/td>\n<td width=\"50.0%\">128cm<\/td>\n<\/tr>\n<tr>\n<td class=\"attrLabels\">Cor:<\/td>\n<td width=\"50.0%\">Azul<\/td>\n<td class=\"attrLabels\">Longo:<\/td>\n<td width=\"50.0%\">32cm<\/td>\n<\/tr>\n<tr>\n<td class=\"attrLabels\">Tipo de produto:<\/td>\n<td width=\"50.0%\">moedor el\u00e9trico<\/td>\n<td class=\"attrLabels\">Largo:<\/td>\n<td width=\"50.0%\">38cm<\/td>\n<\/tr>\n<tr>\n<td class=\"attrLabels\">N\u00famero do fabricante:<\/td>\n<td width=\"50.0%\">ARCMFE01<\/td>\n<td class=\"attrLabels\">Poder:<\/td>\n<td width=\"50.0%\">1000W<\/td>\n<\/tr>\n<tr>\n<td class=\"attrLabels\">Material:<\/td>\n<td width=\"50.0%\">a\u00e7o inoxid\u00e1vel, motor eficiente<\/td>\n<td class=\"attrLabels\">tens\u00e3o de entrada<\/td>\n<td width=\"50.0%\">230 V \u2013 50 Hz<\/td>\n<\/tr>\n<tr>\n<td class=\"attrLabels\">Garantia:<\/td>\n<td width=\"50.0%\">\u00a0 2 anos<\/td>\n<td class=\"attrLabels\">Acusa\u00e7\u00e3o:<\/td>\n<td width=\"50.0%\">1000kg por hora<\/td>\n<\/tr>\n<tr>\n<td class=\"attrLabels\">Ferramentas de instala\u00e7\u00e3o:<\/td>\n<td width=\"50.0%\">Sim<\/td>\n<td class=\"attrLabels\">Pot\u00eancia do motor:<\/td>\n<td width=\"50.0%\">1,5 cv<\/td>\n<\/tr>\n<\/tbody>\n<\/table>","protected":false},"excerpt":{"rendered":"<h2>Moedor el\u00e9trico, triturador de frutas ou vegetais 1000 kg\/h<\/h2>\n<p>Esse <strong>moedor de frutas <span style=\"color: #ff0000;\">PARA<\/span><span style=\"color: #0000ff;\">R<\/span>c<\/strong> \u00c9 a ferramenta ideal. Com ele, voc\u00ea pode picar facilmente uma variedade de frutas duras ou at\u00e9 mesmo com sementes. A forma mais eficaz de fazer sumos naturais, macerados ou pur\u00e9s de fruta. Gra\u00e7as \u00e0 pot\u00eancia eficiente do seu motor e \u00e0s suas l\u00e2minas afiadas de a\u00e7o inoxid\u00e1vel, o processo de corte ser\u00e1 instant\u00e2neo.<\/p>\n<h6><strong>Garantia\u00a0<span style=\"color: #ff0000;\">PARA<\/span><span style=\"color: #0000ff;\">R<\/span>C 2 ANOS<\/strong><\/h6>\n<h6><span style=\"color: #008000;\">Moedor el\u00e9trico eficiente, baixo consumo 1000w<\/span><\/h6>\n<h6><strong>suporte t\u00e9cnico inclu\u00eddo<\/strong><\/h6>","protected":false},"featured_media":2193,"comment_status":"open","ping_status":"closed","template":"","meta":{"wds_primary_product_brand":0,"wds_primary_product_cat":0},"product_brand":[],"product_cat":[30,65,67,68],"product_tag":[],"class_list":{"0":"post-2192","1":"product","2":"type-product","3":"status-publish","4":"has-post-thumbnail","6":"product_cat-maquinaria-apicola","7":"product_cat-maquinaria-industrial-para-procesar-fruta-verdura-panales","8":"product_cat-prensas-de-frutas-trituradoras","9":"product_cat-trituradoras-picadoras-de-frutas-y-verduras","11":"first","12":"instock","13":"sale","14":"taxable","15":"shipping-taxable","16":"purchasable","17":"product-type-simple"},"yoast_head":"<!-- This site is optimized with the Yoast SEO Premium plugin v24.9 (Yoast SEO v26.1) - https:\/\/yoast.com\/wordpress\/plugins\/seo\/ -->\n<title>Molinillo el\u00e9ctrico, trituradora de fruta o verdura 1000 kg\/h - distribuci\u00f3n ARC<\/title>\n<meta name=\"robots\" content=\"index, follow, max-snippet:-1, max-image-preview:large, max-video-preview:-1\" \/>\n<link rel=\"canonical\" href=\"https:\/\/distribucionarc.com\/pt\/produto\/triturador-triturador-de-frutas-ou-legumes-1000-kg-h\/\" \/>\n<meta property=\"og:locale\" content=\"pt_PT\" \/>\n<meta property=\"og:type\" content=\"article\" \/>\n<meta property=\"og:title\" content=\"Molinillo el\u00e9ctrico, trituradora de fruta o verdura 1000 kg\/h\" \/>\n<meta property=\"og:description\" content=\"Molinillo el\u00e9ctrico, trituradora de fruta o verdura 1000 kg\/h Este molinillo de frutas ARC es la herramienta ideal. Con \u00e9l, puede picar f\u00e1cilmente variedad de frutas duras o incluso con semilla. La forma m\u00e1s eficaz de hacer zumos naturales, macerados o pur\u00e9s de frutas. Gracias a la potencia eficiente de su motor y sus aspas de acero inox afiladas el proceso de picado ser\u00e1 instant\u00e1neo. Garant\u00eda\u00a0ARC 2 A\u00d1OS Molinillo el\u00e9ctrico eficiente, bajo consumo 1000w soporte t\u00e9cnico incluido\" \/>\n<meta property=\"og:url\" content=\"https:\/\/distribucionarc.com\/pt\/produto\/triturador-triturador-de-frutas-ou-legumes-1000-kg-h\/\" \/>\n<meta property=\"og:site_name\" content=\"distribuci\u00f3n ARC\" \/>\n<meta property=\"article:modified_time\" content=\"2020-09-30T10:40:56+00:00\" \/>\n<meta property=\"og:image\" content=\"https:\/\/distribucionarc.com\/wp-content\/uploads\/2020\/08\/Molinillo-electrico-trituradora-de-fruta-o-verdura-1000-kgh-0.jpg\" \/>\n\t<meta property=\"og:image:width\" content=\"1000\" \/>\n\t<meta property=\"og:image:height\" content=\"1000\" \/>\n\t<meta property=\"og:image:type\" content=\"image\/jpeg\" \/>\n<meta name=\"twitter:card\" content=\"summary_large_image\" \/>\n<meta name=\"twitter:label1\" content=\"Tempo estimado de leitura\" \/>\n\t<meta name=\"twitter:data1\" content=\"1 minuto\" \/>\n<script type=\"application\/ld+json\" class=\"yoast-schema-graph\">{\"@context\":\"https:\/\/schema.org\",\"@graph\":[{\"@type\":\"WebPage\",\"@id\":\"https:\/\/distribucionarc.com\/producto\/molinillo-electrico-trituradora-de-fruta-o-verdura-1000-kg-h\/\",\"url\":\"https:\/\/distribucionarc.com\/producto\/molinillo-electrico-trituradora-de-fruta-o-verdura-1000-kg-h\/\",\"name\":\"Molinillo el\u00e9ctrico, trituradora de fruta o verdura 1000 kg\/h - distribuci\u00f3n ARC\",\"isPartOf\":{\"@id\":\"https:\/\/distribucionarc.com\/de\/#website\"},\"primaryImageOfPage\":{\"@id\":\"https:\/\/distribucionarc.com\/producto\/molinillo-electrico-trituradora-de-fruta-o-verdura-1000-kg-h\/#primaryimage\"},\"image\":{\"@id\":\"https:\/\/distribucionarc.com\/producto\/molinillo-electrico-trituradora-de-fruta-o-verdura-1000-kg-h\/#primaryimage\"},\"thumbnailUrl\":\"https:\/\/distribucionarc.com\/wp-content\/uploads\/2020\/08\/Molinillo-electrico-trituradora-de-fruta-o-verdura-1000-kgh-0.jpg\",\"datePublished\":\"2020-08-12T10:39:03+00:00\",\"dateModified\":\"2020-09-30T10:40:56+00:00\",\"breadcrumb\":{\"@id\":\"https:\/\/distribucionarc.com\/producto\/molinillo-electrico-trituradora-de-fruta-o-verdura-1000-kg-h\/#breadcrumb\"},\"inLanguage\":\"pt-PT\",\"potentialAction\":[{\"@type\":\"ReadAction\",\"target\":[\"https:\/\/distribucionarc.com\/producto\/molinillo-electrico-trituradora-de-fruta-o-verdura-1000-kg-h\/\"]}]},{\"@type\":\"ImageObject\",\"inLanguage\":\"pt-PT\",\"@id\":\"https:\/\/distribucionarc.com\/producto\/molinillo-electrico-trituradora-de-fruta-o-verdura-1000-kg-h\/#primaryimage\",\"url\":\"https:\/\/distribucionarc.com\/wp-content\/uploads\/2020\/08\/Molinillo-electrico-trituradora-de-fruta-o-verdura-1000-kgh-0.jpg\",\"contentUrl\":\"https:\/\/distribucionarc.com\/wp-content\/uploads\/2020\/08\/Molinillo-electrico-trituradora-de-fruta-o-verdura-1000-kgh-0.jpg\",\"width\":1000,\"height\":1000,\"caption\":\"Molinillo el\u00e9ctrico trituradora de fruta o verudra 1000 Kg\/h\"},{\"@type\":\"BreadcrumbList\",\"@id\":\"https:\/\/distribucionarc.com\/producto\/molinillo-electrico-trituradora-de-fruta-o-verdura-1000-kg-h\/#breadcrumb\",\"itemListElement\":[{\"@type\":\"ListItem\",\"position\":1,\"name\":\"Portada\",\"item\":\"https:\/\/distribucionarc.com\/pl\/\"},{\"@type\":\"ListItem\",\"position\":2,\"name\":\"Produkty\",\"item\":\"https:\/\/distribucionarc.com\/pl\/shop\/\"},{\"@type\":\"ListItem\",\"position\":3,\"name\":\"Molinillo el\u00e9ctrico, trituradora de fruta o verdura 1000 kg\/h\"}]},{\"@type\":\"WebSite\",\"@id\":\"https:\/\/distribucionarc.com\/de\/#website\",\"url\":\"https:\/\/distribucionarc.com\/de\/\",\"name\":\"distribuci\u00f3n ARC\",\"description\":\"Empresa especializada en la fabricaci\u00f3n y distribuci\u00f3n de maquinaria industrial, selladoras de latas, Maquinas de hacer pastillas, Maquinas de cortar carne...\",\"publisher\":{\"@id\":\"https:\/\/distribucionarc.com\/de\/#organization\"},\"potentialAction\":[{\"@type\":\"SearchAction\",\"target\":{\"@type\":\"EntryPoint\",\"urlTemplate\":\"https:\/\/distribucionarc.com\/de\/?s={search_term_string}\"},\"query-input\":{\"@type\":\"PropertyValueSpecification\",\"valueRequired\":true,\"valueName\":\"search_term_string\"}}],\"inLanguage\":\"pt-PT\"},{\"@type\":\"Organization\",\"@id\":\"https:\/\/distribucionarc.com\/de\/#organization\",\"name\":\"Distribuci\u00f3n ARC\",\"url\":\"https:\/\/distribucionarc.com\/de\/\",\"logo\":{\"@type\":\"ImageObject\",\"inLanguage\":\"pt-PT\",\"@id\":\"https:\/\/distribucionarc.com\/de\/#\/schema\/logo\/image\/\",\"url\":\"https:\/\/distribucionarc.com\/wp-content\/uploads\/2024\/10\/distribucion-ARC-COLOR-SIN-FONDO-e1732295305345.png\",\"contentUrl\":\"https:\/\/distribucionarc.com\/wp-content\/uploads\/2024\/10\/distribucion-ARC-COLOR-SIN-FONDO-e1732295305345.png\",\"width\":1164,\"height\":558,\"caption\":\"Distribuci\u00f3n ARC\"},\"image\":{\"@id\":\"https:\/\/distribucionarc.com\/de\/#\/schema\/logo\/image\/\"},\"description\":\"Empresa especializada en la fabricaci\u00f3n y distribuci\u00f3n de maquinaria industrial para los sectores alimentario y farmac\u00e9utico. Nos especializamos en: M\u00e1quinas de cortar carne Fabricaci\u00f3n de comprimidos Sistemas de transporte industrial L\u00edneas de embotellado Dosificadores Y mucho m\u00e1s... Ofrecemos soluciones innovadoras y personalizadas para optimizar los procesos productivos de tu empresa.\",\"email\":\"Admistracion@distribucionarc.com\",\"telephone\":\"+34 643496664\",\"legalName\":\"ARC TECH SOLUTIONS\",\"foundingDate\":\"2024-04-09\",\"vatID\":\"B55480172\",\"numberOfEmployees\":{\"@type\":\"QuantitativeValue\",\"minValue\":\"1\",\"maxValue\":\"10\"}}]}<\/script>\n<!-- \/ Yoast SEO Premium plugin. -->","yoast_head_json":{"title":"Moedor el\u00e9trico, triturador de frutas ou vegetais 1000 kg\/h - distribui\u00e7\u00e3o ARC","robots":{"index":"index","follow":"follow","max-snippet":"max-snippet:-1","max-image-preview":"max-image-preview:large","max-video-preview":"max-video-preview:-1"},"canonical":"https:\/\/distribucionarc.com\/pt\/produto\/triturador-triturador-de-frutas-ou-legumes-1000-kg-h\/","og_locale":"pt_PT","og_type":"article","og_title":"Molinillo el\u00e9ctrico, trituradora de fruta o verdura 1000 kg\/h","og_description":"Molinillo el\u00e9ctrico, trituradora de fruta o verdura 1000 kg\/h Este molinillo de frutas ARC es la herramienta ideal. Con \u00e9l, puede picar f\u00e1cilmente variedad de frutas duras o incluso con semilla. La forma m\u00e1s eficaz de hacer zumos naturales, macerados o pur\u00e9s de frutas. Gracias a la potencia eficiente de su motor y sus aspas de acero inox afiladas el proceso de picado ser\u00e1 instant\u00e1neo. Garant\u00eda\u00a0ARC 2 A\u00d1OS Molinillo el\u00e9ctrico eficiente, bajo consumo 1000w soporte t\u00e9cnico incluido","og_url":"https:\/\/distribucionarc.com\/pt\/produto\/triturador-triturador-de-frutas-ou-legumes-1000-kg-h\/","og_site_name":"distribuci\u00f3n ARC","article_modified_time":"2020-09-30T10:40:56+00:00","og_image":[{"width":1000,"height":1000,"url":"https:\/\/distribucionarc.com\/wp-content\/uploads\/2020\/08\/Molinillo-electrico-trituradora-de-fruta-o-verdura-1000-kgh-0.jpg","type":"image\/jpeg"}],"twitter_card":"summary_large_image","twitter_misc":{"Tempo estimado de leitura":"1 minuto"},"schema":{"@context":"https:\/\/schema.org","@graph":[{"@type":"WebPage","@id":"https:\/\/distribucionarc.com\/producto\/molinillo-electrico-trituradora-de-fruta-o-verdura-1000-kg-h\/","url":"https:\/\/distribucionarc.com\/producto\/molinillo-electrico-trituradora-de-fruta-o-verdura-1000-kg-h\/","name":"Moedor el\u00e9trico, triturador de frutas ou vegetais 1000 kg\/h - distribui\u00e7\u00e3o ARC","isPartOf":{"@id":"https:\/\/distribucionarc.com\/de\/#website"},"primaryImageOfPage":{"@id":"https:\/\/distribucionarc.com\/producto\/molinillo-electrico-trituradora-de-fruta-o-verdura-1000-kg-h\/#primaryimage"},"image":{"@id":"https:\/\/distribucionarc.com\/producto\/molinillo-electrico-trituradora-de-fruta-o-verdura-1000-kg-h\/#primaryimage"},"thumbnailUrl":"https:\/\/distribucionarc.com\/wp-content\/uploads\/2020\/08\/Molinillo-electrico-trituradora-de-fruta-o-verdura-1000-kgh-0.jpg","datePublished":"2020-08-12T10:39:03+00:00","dateModified":"2020-09-30T10:40:56+00:00","breadcrumb":{"@id":"https:\/\/distribucionarc.com\/producto\/molinillo-electrico-trituradora-de-fruta-o-verdura-1000-kg-h\/#breadcrumb"},"inLanguage":"pt-PT","potentialAction":[{"@type":"ReadAction","target":["https:\/\/distribucionarc.com\/producto\/molinillo-electrico-trituradora-de-fruta-o-verdura-1000-kg-h\/"]}]},{"@type":"ImageObject","inLanguage":"pt-PT","@id":"https:\/\/distribucionarc.com\/producto\/molinillo-electrico-trituradora-de-fruta-o-verdura-1000-kg-h\/#primaryimage","url":"https:\/\/distribucionarc.com\/wp-content\/uploads\/2020\/08\/Molinillo-electrico-trituradora-de-fruta-o-verdura-1000-kgh-0.jpg","contentUrl":"https:\/\/distribucionarc.com\/wp-content\/uploads\/2020\/08\/Molinillo-electrico-trituradora-de-fruta-o-verdura-1000-kgh-0.jpg","width":1000,"height":1000,"caption":"Molinillo el\u00e9ctrico trituradora de fruta o verudra 1000 Kg\/h"},{"@type":"BreadcrumbList","@id":"https:\/\/distribucionarc.com\/producto\/molinillo-electrico-trituradora-de-fruta-o-verdura-1000-kg-h\/#breadcrumb","itemListElement":[{"@type":"ListItem","position":1,"name":"Portada","item":"https:\/\/distribucionarc.com\/pl\/"},{"@type":"ListItem","position":2,"name":"Produkty","item":"https:\/\/distribucionarc.com\/pl\/shop\/"},{"@type":"ListItem","position":3,"name":"Molinillo el\u00e9ctrico, trituradora de fruta o verdura 1000 kg\/h"}]},{"@type":"WebSite","@id":"https:\/\/distribucionarc.com\/de\/#website","url":"https:\/\/distribucionarc.com\/de\/","name":"Distribui\u00e7\u00e3o ARC","description":"Empresa especializada no fabrico e distribui\u00e7\u00e3o de m\u00e1quinas industriais, m\u00e1quinas de selar latas, m\u00e1quinas de fazer comprimidos, m\u00e1quinas de cortar carne...","publisher":{"@id":"https:\/\/distribucionarc.com\/de\/#organization"},"potentialAction":[{"@type":"SearchAction","target":{"@type":"EntryPoint","urlTemplate":"https:\/\/distribucionarc.com\/de\/?s={search_term_string}"},"query-input":{"@type":"PropertyValueSpecification","valueRequired":true,"valueName":"search_term_string"}}],"inLanguage":"pt-PT"},{"@type":"Organization","@id":"https:\/\/distribucionarc.com\/de\/#organization","name":"Distribui\u00e7\u00e3o ARC","url":"https:\/\/distribucionarc.com\/de\/","logo":{"@type":"ImageObject","inLanguage":"pt-PT","@id":"https:\/\/distribucionarc.com\/de\/#\/schema\/logo\/image\/","url":"https:\/\/distribucionarc.com\/wp-content\/uploads\/2024\/10\/distribucion-ARC-COLOR-SIN-FONDO-e1732295305345.png","contentUrl":"https:\/\/distribucionarc.com\/wp-content\/uploads\/2024\/10\/distribucion-ARC-COLOR-SIN-FONDO-e1732295305345.png","width":1164,"height":558,"caption":"Distribuci\u00f3n ARC"},"image":{"@id":"https:\/\/distribucionarc.com\/de\/#\/schema\/logo\/image\/"},"description":"Empresa especializada no fabrico e distribui\u00e7\u00e3o de m\u00e1quinas industriais para os sectores alimentar e farmac\u00eautico. Somos especializados em: M\u00e1quinas de cortar carne Fabrico de comprimidos Sistemas de transporte industrial Linhas de engarrafamento Dispensadores E muito mais... Oferecemos solu\u00e7\u00f5es inovadoras e personalizadas para otimizar os processos de produ\u00e7\u00e3o da sua empresa.","email":"Admistracion@distribucionarc.com","telephone":"+34 643496664","legalName":"ARC TECH SOLUTIONS","foundingDate":"2024-04-09","vatID":"B55480172","numberOfEmployees":{"@type":"QuantitativeValue","minValue":"1","maxValue":"10"}}]}},"_links":{"self":[{"href":"https:\/\/distribucionarc.com\/pt\/wp-json\/wp\/v2\/product\/2192","targetHints":{"allow":["GET"]}}],"collection":[{"href":"https:\/\/distribucionarc.com\/pt\/wp-json\/wp\/v2\/product"}],"about":[{"href":"https:\/\/distribucionarc.com\/pt\/wp-json\/wp\/v2\/types\/product"}],"replies":[{"embeddable":true,"href":"https:\/\/distribucionarc.com\/pt\/wp-json\/wp\/v2\/comments?post=2192"}],"version-history":[{"count":0,"href":"https:\/\/distribucionarc.com\/pt\/wp-json\/wp\/v2\/product\/2192\/revisions"}],"wp:featuredmedia":[{"embeddable":true,"href":"https:\/\/distribucionarc.com\/pt\/wp-json\/wp\/v2\/media\/2193"}],"wp:attachment":[{"href":"https:\/\/distribucionarc.com\/pt\/wp-json\/wp\/v2\/media?parent=2192"}],"wp:term":[{"taxonomy":"product_brand","embeddable":true,"href":"https:\/\/distribucionarc.com\/pt\/wp-json\/wp\/v2\/product_brand?post=2192"},{"taxonomy":"product_cat","embeddable":true,"href":"https:\/\/distribucionarc.com\/pt\/wp-json\/wp\/v2\/product_cat?post=2192"},{"taxonomy":"product_tag","embeddable":true,"href":"https:\/\/distribucionarc.com\/pt\/wp-json\/wp\/v2\/product_tag?post=2192"}],"curies":[{"name":"wp","href":"https:\/\/api.w.org\/{rel}","templated":true}]}}