{"id":2286,"date":"2020-08-13T15:32:23","date_gmt":"2020-08-13T15:32:23","guid":{"rendered":"https:\/\/distribucionarc.com\/?post_type=product&#038;p=2286"},"modified":"2020-09-30T11:54:16","modified_gmt":"2020-09-30T11:54:16","slug":"espremedor-manual-moinho-para-suco","status":"publish","type":"product","link":"https:\/\/distribucionarc.com\/pt\/producto\/exprimidor-manual-molino-para-zumo\/","title":{"rendered":"Espremedor manual, moinho de suco"},"content":{"rendered":"<h3>Espremedor manual, moinho de suco<\/h3>\n<p>Ele <strong>espremedor <\/strong>de<strong style=\"font-size: 16px;\">\u00a0<span style=\"color: #ff0000;\">PARA<\/span><span style=\"color: #0000ff;\">R<\/span>c<\/strong><span style=\"font-size: 16px;\"> \u00c9 feito de a\u00e7o inoxid\u00e1vel 304 com acabamento em metal polido. Resistente \u00e0 ferrugem e f\u00e1cil de limpar. O filtro de malha de a\u00e7o inoxid\u00e1vel 304 \u00e9 limpo e higi\u00eanico e n\u00e3o enferruja facilmente. Separa eficazmente res\u00edduos e suco. Um filtro de substitui\u00e7\u00e3o est\u00e1 inclu\u00eddo.<\/span><\/p>\n<p>Ele <strong>extrator de suco<span style=\"color: #ff0000;\"> PARA<\/span><span style=\"color: #0000ff;\">R<\/span>CMMP1<\/strong> Vem com um grampo de mesa na parte inferior para fixa\u00e7\u00e3o est\u00e1vel \u00e0 superf\u00edcie (a espessura da mesa deve ser inferior a 6 cm).<\/p>\n<p>Usa um eixo <strong>parafuso extra longo com tecnologia de extrus\u00e3o progressiva<\/strong> Cinco etapas para pressionar totalmente os ingredientes e preservar os nutrientes Cabo ergon\u00f4mico de madeira que pode ser facilmente removido para economizar espa\u00e7o.<\/p>\n<p>Acompanha copo para coletar o suco, \u00eambolo para facilitar a alimenta\u00e7\u00e3o do material, escova para facilitar a limpeza, chave para abrir a tampa frontal e gancho para retirar o filtro.<\/p>\n<h6><strong>Garantia\u00a0<\/strong><span style=\"color: #ff0000;\"><strong>PARA<\/strong><\/span><span style=\"color: #0000ff;\"><strong>R<\/strong><\/span><strong>C 2 ANOS<\/strong><\/h6>\n<h6><strong>suporte t\u00e9cnico inclu\u00eddo<\/strong><\/h6>\n<p>&nbsp;<\/p>\n<p>&nbsp;<\/p>\n<table width=\"100%\">\n<tbody>\n<tr>\n<td>Cara:<\/td>\n<td width=\"50%\">Manual<\/td>\n<td colspan=\"2\" width=\"327\"><\/td>\n<\/tr>\n<tr>\n<td>Pa\u00eds de distribui\u00e7\u00e3o:<\/td>\n<td width=\"50%\">Espanha, Alemanha, EUA<\/td>\n<td>Peso:<\/td>\n<td width=\"50%\">2,6kg<\/td>\n<\/tr>\n<tr>\n<td>Marca:<\/td>\n<td width=\"50%\">ARCO<\/td>\n<td>Altura:<\/td>\n<td width=\"50%\">32cm<\/td>\n<\/tr>\n<tr>\n<td>Cor:<\/td>\n<td width=\"50%\">Prata<\/td>\n<td>Longo:<\/td>\n<td width=\"50%\">\u00a012cm<\/td>\n<\/tr>\n<tr>\n<td>Tipo de produto:<\/td>\n<td width=\"50%\">espremedor de frutas<\/td>\n<td>Largo:<\/td>\n<td width=\"50%\">20cm<\/td>\n<\/tr>\n<tr>\n<td>N\u00famero do fabricante:<\/td>\n<td width=\"50%\">ARCMMP1<\/td>\n<td>Tipo de extra\u00e7\u00e3o:<\/td>\n<td width=\"50%\">uma m\u00e3o<\/td>\n<\/tr>\n<tr>\n<td>Material:<\/td>\n<td width=\"50%\">\u00a0a\u00e7o inoxid\u00e1vel de qualidade alimentar<\/td>\n<td>Tamanho da entrada:<\/td>\n<td width=\"50%\">8,6x8,6cm<\/td>\n<\/tr>\n<tr>\n<td>Garantia:<\/td>\n<td width=\"50%\">2 ANOS<\/td>\n<td>Tipo de aperto:<\/td>\n<td width=\"50%\">supino<\/td>\n<\/tr>\n<tr>\n<td>Ferramentas de instala\u00e7\u00e3o:<\/td>\n<td width=\"50%\">Sim<\/td>\n<td>Equipamento:<\/td>\n<td width=\"50%\">\u00cambolo, escova, chave inglesa, gancho, filtro e copo<\/td>\n<\/tr>\n<\/tbody>\n<\/table>","protected":false},"excerpt":{"rendered":"<h2>Espremedor manual, moinho de suco<\/h2>\n<p>Esse <strong>espremedor de frutas <span style=\"color: #ff0000;\">PARA<\/span><span style=\"color: #0000ff;\">R<\/span>c<\/strong> \u00c9 feito de a\u00e7o inoxid\u00e1vel 304, \u00e9 \u00e0 prova de ferrugem e higi\u00eanico. O moinho \u00e9 f\u00e1cil de montar e f\u00e1cil de limpar. Possui design para fixa\u00e7\u00e3o da pin\u00e7a na mesa, o que garante forte estabilidade durante o processo. \u00c9 perfeito para suco de grama de trigo, v\u00e1rios vegetais e a maioria das frutas.<\/p>\n<h6><strong>Garantia\u00a0<\/strong><span style=\"color: #ff0000;\"><strong>PARA<\/strong><\/span><span style=\"color: #0000ff;\"><strong>R<\/strong><\/span><strong>C 2 ANOS<\/strong><\/h6>\n<h6><strong>suporte t\u00e9cnico inclu\u00eddo<\/strong><\/h6>\n<div class=\"summary entry-summary\">\n<div class=\"quantity\"><label class=\"screen-reader-text\" for=\"quantity_5f35576ca79d3\">Prensa de rosca, extrator de suco, mini espremedor de frutas quantidade 3L<\/label><\/div>\n<\/div>","protected":false},"featured_media":2291,"comment_status":"open","ping_status":"closed","template":"","meta":{"wds_primary_product_brand":0,"wds_primary_product_cat":0},"product_brand":[],"product_cat":[30,56,67],"product_tag":[],"class_list":{"0":"post-2286","1":"product","2":"type-product","3":"status-publish","4":"has-post-thumbnail","6":"product_cat-maquinaria-apicola","7":"product_cat-maquinaria-para-ferias","8":"product_cat-prensas-de-frutas-trituradoras","9":"product_shipping_class-hosteleria","11":"first","12":"instock","13":"sale","14":"taxable","15":"shipping-taxable","16":"purchasable","17":"product-type-simple"},"yoast_head":"<!-- This site is optimized with the Yoast SEO Premium plugin v24.9 (Yoast SEO v26.1) - https:\/\/yoast.com\/wordpress\/plugins\/seo\/ -->\n<title>Exprimidor manual, molino para zumo - distribuci\u00f3n ARC<\/title>\n<meta name=\"robots\" content=\"index, follow, max-snippet:-1, max-image-preview:large, max-video-preview:-1\" \/>\n<link rel=\"canonical\" href=\"https:\/\/www.distribucionarc.com\/pt\/producto\/exprimidor-manual-molino-para-zumo\/\" \/>\n<meta property=\"og:locale\" content=\"pt_PT\" \/>\n<meta property=\"og:type\" content=\"article\" \/>\n<meta property=\"og:title\" content=\"Exprimidor manual, molino para zumo\" \/>\n<meta property=\"og:description\" content=\"Exprimidor manual, molino para zumo Este exprimidor de fruta ARC est\u00e1 hecho de acero inoxidable 304, es inoxidable e higi\u00e9nico. El molino es f\u00e1cil de montar y f\u00e1cil de limpiar. Tiene un dise\u00f1o para fijar la abrazadera a la mesa, lo que garantiza una fuerte estabilidad durante el proceso. Es perfecto para zumo de hierba de trigo, varias verduras y la mayor\u00eda de las frutas. Garant\u00eda\u00a0ARC 2 A\u00d1OS soporte t\u00e9cnico\u00a0incluido  Prensa de tornillo, extractor de zumo,\u00a0 mini exprimidor de frutas 3L cantidad\" \/>\n<meta property=\"og:url\" content=\"https:\/\/www.distribucionarc.com\/pt\/producto\/exprimidor-manual-molino-para-zumo\/\" \/>\n<meta property=\"og:site_name\" content=\"distribuci\u00f3n ARC\" \/>\n<meta property=\"article:modified_time\" content=\"2020-09-30T11:54:16+00:00\" \/>\n<meta property=\"og:image\" content=\"https:\/\/www.distribucionarc.com\/wp-content\/uploads\/2020\/08\/Exprimidor-manual-molino-para-zumo-0.jpg\" \/>\n\t<meta property=\"og:image:width\" content=\"1600\" \/>\n\t<meta property=\"og:image:height\" content=\"1600\" \/>\n\t<meta property=\"og:image:type\" content=\"image\/jpeg\" \/>\n<meta name=\"twitter:card\" content=\"summary_large_image\" \/>\n<meta name=\"twitter:label1\" content=\"Tempo estimado de leitura\" \/>\n\t<meta name=\"twitter:data1\" content=\"1 minuto\" \/>\n<script type=\"application\/ld+json\" class=\"yoast-schema-graph\">{\"@context\":\"https:\/\/schema.org\",\"@graph\":[{\"@type\":\"WebPage\",\"@id\":\"https:\/\/www.distribucionarc.com\/pt\/producto\/exprimidor-manual-molino-para-zumo\/\",\"url\":\"https:\/\/www.distribucionarc.com\/pt\/producto\/exprimidor-manual-molino-para-zumo\/\",\"name\":\"Exprimidor manual, molino para zumo - distribuci\u00f3n ARC\",\"isPartOf\":{\"@id\":\"https:\/\/distribucionarc.com\/de\/#website\"},\"primaryImageOfPage\":{\"@id\":\"https:\/\/www.distribucionarc.com\/pt\/producto\/exprimidor-manual-molino-para-zumo\/#primaryimage\"},\"image\":{\"@id\":\"https:\/\/www.distribucionarc.com\/pt\/producto\/exprimidor-manual-molino-para-zumo\/#primaryimage\"},\"thumbnailUrl\":\"https:\/\/distribucionarc.com\/wp-content\/uploads\/2020\/08\/Exprimidor-manual-molino-para-zumo-0.jpg\",\"datePublished\":\"2020-08-13T15:32:23+00:00\",\"dateModified\":\"2020-09-30T11:54:16+00:00\",\"breadcrumb\":{\"@id\":\"https:\/\/www.distribucionarc.com\/pt\/producto\/exprimidor-manual-molino-para-zumo\/#breadcrumb\"},\"inLanguage\":\"pt-PT\",\"potentialAction\":[{\"@type\":\"ReadAction\",\"target\":[\"https:\/\/www.distribucionarc.com\/pt\/producto\/exprimidor-manual-molino-para-zumo\/\"]}]},{\"@type\":\"ImageObject\",\"inLanguage\":\"pt-PT\",\"@id\":\"https:\/\/www.distribucionarc.com\/pt\/producto\/exprimidor-manual-molino-para-zumo\/#primaryimage\",\"url\":\"https:\/\/distribucionarc.com\/wp-content\/uploads\/2020\/08\/Exprimidor-manual-molino-para-zumo-0.jpg\",\"contentUrl\":\"https:\/\/distribucionarc.com\/wp-content\/uploads\/2020\/08\/Exprimidor-manual-molino-para-zumo-0.jpg\",\"width\":1600,\"height\":1600,\"caption\":\"Exprimidor manual, molino para zumo\"},{\"@type\":\"BreadcrumbList\",\"@id\":\"https:\/\/www.distribucionarc.com\/pt\/producto\/exprimidor-manual-molino-para-zumo\/#breadcrumb\",\"itemListElement\":[{\"@type\":\"ListItem\",\"position\":1,\"name\":\"Portada\",\"item\":\"https:\/\/distribucionarc.com\/pl\/\"},{\"@type\":\"ListItem\",\"position\":2,\"name\":\"Produkty\",\"item\":\"https:\/\/distribucionarc.com\/pl\/shop\/\"},{\"@type\":\"ListItem\",\"position\":3,\"name\":\"Exprimidor manual, molino para zumo\"}]},{\"@type\":\"WebSite\",\"@id\":\"https:\/\/distribucionarc.com\/de\/#website\",\"url\":\"https:\/\/distribucionarc.com\/de\/\",\"name\":\"distribuci\u00f3n ARC\",\"description\":\"Empresa especializada en la fabricaci\u00f3n y distribuci\u00f3n de maquinaria industrial, selladoras de latas, Maquinas de hacer pastillas, Maquinas de cortar carne...\",\"publisher\":{\"@id\":\"https:\/\/distribucionarc.com\/de\/#organization\"},\"potentialAction\":[{\"@type\":\"SearchAction\",\"target\":{\"@type\":\"EntryPoint\",\"urlTemplate\":\"https:\/\/distribucionarc.com\/de\/?s={search_term_string}\"},\"query-input\":{\"@type\":\"PropertyValueSpecification\",\"valueRequired\":true,\"valueName\":\"search_term_string\"}}],\"inLanguage\":\"pt-PT\"},{\"@type\":\"Organization\",\"@id\":\"https:\/\/distribucionarc.com\/de\/#organization\",\"name\":\"Distribuci\u00f3n ARC\",\"url\":\"https:\/\/distribucionarc.com\/de\/\",\"logo\":{\"@type\":\"ImageObject\",\"inLanguage\":\"pt-PT\",\"@id\":\"https:\/\/distribucionarc.com\/de\/#\/schema\/logo\/image\/\",\"url\":\"https:\/\/distribucionarc.com\/wp-content\/uploads\/2024\/10\/distribucion-ARC-COLOR-SIN-FONDO-e1732295305345.png\",\"contentUrl\":\"https:\/\/distribucionarc.com\/wp-content\/uploads\/2024\/10\/distribucion-ARC-COLOR-SIN-FONDO-e1732295305345.png\",\"width\":1164,\"height\":558,\"caption\":\"Distribuci\u00f3n ARC\"},\"image\":{\"@id\":\"https:\/\/distribucionarc.com\/de\/#\/schema\/logo\/image\/\"},\"description\":\"Empresa especializada en la fabricaci\u00f3n y distribuci\u00f3n de maquinaria industrial para los sectores alimentario y farmac\u00e9utico. Nos especializamos en: M\u00e1quinas de cortar carne Fabricaci\u00f3n de comprimidos Sistemas de transporte industrial L\u00edneas de embotellado Dosificadores Y mucho m\u00e1s... Ofrecemos soluciones innovadoras y personalizadas para optimizar los procesos productivos de tu empresa.\",\"email\":\"Admistracion@distribucionarc.com\",\"telephone\":\"+34 643496664\",\"legalName\":\"ARC TECH SOLUTIONS\",\"foundingDate\":\"2024-04-09\",\"vatID\":\"B55480172\",\"numberOfEmployees\":{\"@type\":\"QuantitativeValue\",\"minValue\":\"1\",\"maxValue\":\"10\"}}]}<\/script>\n<!-- \/ Yoast SEO Premium plugin. -->","yoast_head_json":{"title":"Espremedor manual, moinho de suco - distribui\u00e7\u00e3o ARC","robots":{"index":"index","follow":"follow","max-snippet":"max-snippet:-1","max-image-preview":"max-image-preview:large","max-video-preview":"max-video-preview:-1"},"canonical":"https:\/\/www.distribucionarc.com\/pt\/producto\/exprimidor-manual-molino-para-zumo\/","og_locale":"pt_PT","og_type":"article","og_title":"Exprimidor manual, molino para zumo","og_description":"Exprimidor manual, molino para zumo Este exprimidor de fruta ARC est\u00e1 hecho de acero inoxidable 304, es inoxidable e higi\u00e9nico. El molino es f\u00e1cil de montar y f\u00e1cil de limpiar. Tiene un dise\u00f1o para fijar la abrazadera a la mesa, lo que garantiza una fuerte estabilidad durante el proceso. Es perfecto para zumo de hierba de trigo, varias verduras y la mayor\u00eda de las frutas. Garant\u00eda\u00a0ARC 2 A\u00d1OS soporte t\u00e9cnico\u00a0incluido  Prensa de tornillo, extractor de zumo,\u00a0 mini exprimidor de frutas 3L cantidad","og_url":"https:\/\/www.distribucionarc.com\/pt\/producto\/exprimidor-manual-molino-para-zumo\/","og_site_name":"distribuci\u00f3n ARC","article_modified_time":"2020-09-30T11:54:16+00:00","og_image":[{"width":1600,"height":1600,"url":"https:\/\/www.distribucionarc.com\/wp-content\/uploads\/2020\/08\/Exprimidor-manual-molino-para-zumo-0.jpg","type":"image\/jpeg"}],"twitter_card":"summary_large_image","twitter_misc":{"Tempo estimado de leitura":"1 minuto"},"schema":{"@context":"https:\/\/schema.org","@graph":[{"@type":"WebPage","@id":"https:\/\/www.distribucionarc.com\/pt\/producto\/exprimidor-manual-molino-para-zumo\/","url":"https:\/\/www.distribucionarc.com\/pt\/producto\/exprimidor-manual-molino-para-zumo\/","name":"Espremedor manual, moinho de suco - distribui\u00e7\u00e3o ARC","isPartOf":{"@id":"https:\/\/distribucionarc.com\/de\/#website"},"primaryImageOfPage":{"@id":"https:\/\/www.distribucionarc.com\/pt\/producto\/exprimidor-manual-molino-para-zumo\/#primaryimage"},"image":{"@id":"https:\/\/www.distribucionarc.com\/pt\/producto\/exprimidor-manual-molino-para-zumo\/#primaryimage"},"thumbnailUrl":"https:\/\/distribucionarc.com\/wp-content\/uploads\/2020\/08\/Exprimidor-manual-molino-para-zumo-0.jpg","datePublished":"2020-08-13T15:32:23+00:00","dateModified":"2020-09-30T11:54:16+00:00","breadcrumb":{"@id":"https:\/\/www.distribucionarc.com\/pt\/producto\/exprimidor-manual-molino-para-zumo\/#breadcrumb"},"inLanguage":"pt-PT","potentialAction":[{"@type":"ReadAction","target":["https:\/\/www.distribucionarc.com\/pt\/producto\/exprimidor-manual-molino-para-zumo\/"]}]},{"@type":"ImageObject","inLanguage":"pt-PT","@id":"https:\/\/www.distribucionarc.com\/pt\/producto\/exprimidor-manual-molino-para-zumo\/#primaryimage","url":"https:\/\/distribucionarc.com\/wp-content\/uploads\/2020\/08\/Exprimidor-manual-molino-para-zumo-0.jpg","contentUrl":"https:\/\/distribucionarc.com\/wp-content\/uploads\/2020\/08\/Exprimidor-manual-molino-para-zumo-0.jpg","width":1600,"height":1600,"caption":"Exprimidor manual, molino para zumo"},{"@type":"BreadcrumbList","@id":"https:\/\/www.distribucionarc.com\/pt\/producto\/exprimidor-manual-molino-para-zumo\/#breadcrumb","itemListElement":[{"@type":"ListItem","position":1,"name":"Portada","item":"https:\/\/distribucionarc.com\/pl\/"},{"@type":"ListItem","position":2,"name":"Produkty","item":"https:\/\/distribucionarc.com\/pl\/shop\/"},{"@type":"ListItem","position":3,"name":"Exprimidor manual, molino para zumo"}]},{"@type":"WebSite","@id":"https:\/\/distribucionarc.com\/de\/#website","url":"https:\/\/distribucionarc.com\/de\/","name":"Distribui\u00e7\u00e3o ARC","description":"Empresa especializada no fabrico e distribui\u00e7\u00e3o de m\u00e1quinas industriais, m\u00e1quinas de selar latas, m\u00e1quinas de fazer comprimidos, m\u00e1quinas de cortar carne...","publisher":{"@id":"https:\/\/distribucionarc.com\/de\/#organization"},"potentialAction":[{"@type":"SearchAction","target":{"@type":"EntryPoint","urlTemplate":"https:\/\/distribucionarc.com\/de\/?s={search_term_string}"},"query-input":{"@type":"PropertyValueSpecification","valueRequired":true,"valueName":"search_term_string"}}],"inLanguage":"pt-PT"},{"@type":"Organization","@id":"https:\/\/distribucionarc.com\/de\/#organization","name":"Distribui\u00e7\u00e3o ARC","url":"https:\/\/distribucionarc.com\/de\/","logo":{"@type":"ImageObject","inLanguage":"pt-PT","@id":"https:\/\/distribucionarc.com\/de\/#\/schema\/logo\/image\/","url":"https:\/\/distribucionarc.com\/wp-content\/uploads\/2024\/10\/distribucion-ARC-COLOR-SIN-FONDO-e1732295305345.png","contentUrl":"https:\/\/distribucionarc.com\/wp-content\/uploads\/2024\/10\/distribucion-ARC-COLOR-SIN-FONDO-e1732295305345.png","width":1164,"height":558,"caption":"Distribuci\u00f3n ARC"},"image":{"@id":"https:\/\/distribucionarc.com\/de\/#\/schema\/logo\/image\/"},"description":"Empresa especializada no fabrico e distribui\u00e7\u00e3o de m\u00e1quinas industriais para os sectores alimentar e farmac\u00eautico. Somos especializados em: M\u00e1quinas de cortar carne Fabrico de comprimidos Sistemas de transporte industrial Linhas de engarrafamento Dispensadores E muito mais... Oferecemos solu\u00e7\u00f5es inovadoras e personalizadas para otimizar os processos de produ\u00e7\u00e3o da sua empresa.","email":"Admistracion@distribucionarc.com","telephone":"+34 643496664","legalName":"ARC TECH SOLUTIONS","foundingDate":"2024-04-09","vatID":"B55480172","numberOfEmployees":{"@type":"QuantitativeValue","minValue":"1","maxValue":"10"}}]}},"_links":{"self":[{"href":"https:\/\/distribucionarc.com\/pt\/wp-json\/wp\/v2\/product\/2286","targetHints":{"allow":["GET"]}}],"collection":[{"href":"https:\/\/distribucionarc.com\/pt\/wp-json\/wp\/v2\/product"}],"about":[{"href":"https:\/\/distribucionarc.com\/pt\/wp-json\/wp\/v2\/types\/product"}],"replies":[{"embeddable":true,"href":"https:\/\/distribucionarc.com\/pt\/wp-json\/wp\/v2\/comments?post=2286"}],"version-history":[{"count":0,"href":"https:\/\/distribucionarc.com\/pt\/wp-json\/wp\/v2\/product\/2286\/revisions"}],"wp:featuredmedia":[{"embeddable":true,"href":"https:\/\/distribucionarc.com\/pt\/wp-json\/wp\/v2\/media\/2291"}],"wp:attachment":[{"href":"https:\/\/distribucionarc.com\/pt\/wp-json\/wp\/v2\/media?parent=2286"}],"wp:term":[{"taxonomy":"product_brand","embeddable":true,"href":"https:\/\/distribucionarc.com\/pt\/wp-json\/wp\/v2\/product_brand?post=2286"},{"taxonomy":"product_cat","embeddable":true,"href":"https:\/\/distribucionarc.com\/pt\/wp-json\/wp\/v2\/product_cat?post=2286"},{"taxonomy":"product_tag","embeddable":true,"href":"https:\/\/distribucionarc.com\/pt\/wp-json\/wp\/v2\/product_tag?post=2286"}],"curies":[{"name":"wp","href":"https:\/\/api.w.org\/{rel}","templated":true}]}}