{"id":2377,"date":"2020-08-17T11:24:54","date_gmt":"2020-08-17T11:24:54","guid":{"rendered":"https:\/\/distribucionarc.com\/?post_type=product&#038;p=2377"},"modified":"2023-01-12T07:14:03","modified_gmt":"2023-01-12T07:14:03","slug":"espremedor-de-cana","status":"publish","type":"product","link":"https:\/\/distribucionarc.com\/pt\/producto\/exprimidor-de-cana-de-azucar\/","title":{"rendered":"espremedor de cana de a\u00e7\u00facar"},"content":{"rendered":"<h3>espremedor de cana de a\u00e7\u00facar<\/h3>\n<p>A base de <strong>extrator de cana<span style=\"color: #ff0000;\"> PARA<\/span><span style=\"color: #0000ff;\">R<\/span>c<\/strong> \u00c9 feito de ferro fundido. Possui design marcante, f\u00e1cil de usar e aproveita ao m\u00e1ximo o esfor\u00e7o para extrair o suco. A m\u00e1quina de extra\u00e7\u00e3o \u00e9 adequada para lojas urbanas e rurais, fazendas e outras ind\u00fastrias independentes ou pequenas de servi\u00e7os de bebidas.<\/p>\n<p>Todas as partes do <strong>espremedor <span style=\"color: #ff0000;\">PARA<\/span><span style=\"color: #0000ff;\">R<\/span>CEMC1<\/strong> S\u00e3o fabricados em a\u00e7o inoxid\u00e1vel 304 de qualidade alimentar para cumprir todas as normas, seu volante facilitar\u00e1 o esfor\u00e7o de press\u00e3o.<\/p>\n<p>Gra\u00e7as ao seu excelente desempenho voc\u00ea<strong> pode processar 50 kg por hora<\/strong>. Possui torneira regul\u00e1vel para controlar o fluxo do suco.<\/p>\n<h6><strong>Garantia\u00a0<\/strong><span style=\"color: #ff0000;\"><strong>PARA<\/strong><\/span><span style=\"color: #0000ff;\"><strong>R<\/strong><\/span><strong>C 2 ANOS<\/strong><\/h6>\n<h6><strong>suporte t\u00e9cnico inclu\u00eddo<\/strong><\/h6>\n<p>&nbsp;<\/p>\n<table width=\"100%\">\n<tbody>\n<tr>\n<td>Cara:<\/td>\n<td width=\"50%\">Manual<\/td>\n<td colspan=\"2\" width=\"327\"><\/td>\n<\/tr>\n<tr>\n<td>Pa\u00eds de distribui\u00e7\u00e3o:<\/td>\n<td width=\"50%\">Espanha, Alemanha, EUA<\/td>\n<td>Peso:<\/td>\n<td width=\"50%\">30kg<\/td>\n<\/tr>\n<tr>\n<td>Marca:<\/td>\n<td width=\"50%\">ARCO<\/td>\n<td>Altura:<\/td>\n<td width=\"50%\">32cm<\/td>\n<\/tr>\n<tr>\n<td>Cor:<\/td>\n<td width=\"50%\">Prata<\/td>\n<td>Longo:<\/td>\n<td width=\"50%\">\u00a042cm<\/td>\n<\/tr>\n<tr>\n<td>Tipo de produto:<\/td>\n<td width=\"50%\">espremedor de cana de a\u00e7\u00facar<\/td>\n<td>Largo:<\/td>\n<td width=\"50%\">35cm<\/td>\n<\/tr>\n<tr>\n<td>N\u00famero do fabricante:<\/td>\n<td width=\"50%\">ARCEMC1<\/td>\n<td>Tipo de extra\u00e7\u00e3o:<\/td>\n<td width=\"50%\">uma m\u00e3o<\/td>\n<\/tr>\n<tr>\n<td>Material:<\/td>\n<td width=\"50%\">\u00a0304 a\u00e7o inoxid\u00e1vel de qualidade alimentar<\/td>\n<td>Ajuste da haste:<\/td>\n<td width=\"50%\">2,60 cm de di\u00e2metro<\/td>\n<\/tr>\n<tr>\n<td>Garantia:<\/td>\n<td width=\"50%\">2 ANOS<\/td>\n<td>Taxa de extra\u00e7\u00e3o de suco:<\/td>\n<td width=\"50%\">(60-80)\/100<\/td>\n<\/tr>\n<tr>\n<td>Ferramentas de instala\u00e7\u00e3o:<\/td>\n<td width=\"50%\">Sim<\/td>\n<td>Sa\u00edda:<\/td>\n<td width=\"50%\">50 Kg\/hora<\/td>\n<\/tr>\n<\/tbody>\n<\/table>","protected":false},"excerpt":{"rendered":"<h2>espremedor de cana de a\u00e7\u00facar<\/h2>\n<p>Esse <strong>extrator de cana-de-a\u00e7\u00facar <span style=\"color: #ff0000;\">PARA<\/span><span style=\"color: #0000ff;\">R<\/span>c<\/strong> \u00c9 usado para espremer cana-de-a\u00e7\u00facar, bem como gengibre, ma\u00e7\u00e3, palito de sorgo, talo de milho, etc. Apresenta a mais recente tecnologia para obter a m\u00e1xima quantidade de suco. A carca\u00e7a e os rolos internos s\u00e3o projetados para serem de a\u00e7o inoxid\u00e1vel 304 devido aos requisitos de press\u00e3o.<\/p>\n<h6><strong>Garantia\u00a0<\/strong><span style=\"color: #ff0000;\"><strong>PARA<\/strong><\/span><span style=\"color: #0000ff;\"><strong>R<\/strong><\/span><strong>C 2 ANOS<\/strong><\/h6>\n<h6><strong>suporte t\u00e9cnico inclu\u00eddo<\/strong><\/h6>","protected":false},"featured_media":2383,"comment_status":"open","ping_status":"closed","template":"","meta":{"wds_primary_product_brand":0,"wds_primary_product_cat":0},"product_brand":[],"product_cat":[65,67],"product_tag":[],"class_list":{"0":"post-2377","1":"product","2":"type-product","3":"status-publish","4":"has-post-thumbnail","6":"product_cat-maquinaria-industrial-para-procesar-fruta-verdura-panales","7":"product_cat-prensas-de-frutas-trituradoras","8":"product_shipping_class-hosteleria","10":"first","11":"instock","12":"taxable","13":"shipping-taxable","14":"purchasable","15":"product-type-simple"},"yoast_head":"<!-- This site is optimized with the Yoast SEO Premium plugin v24.9 (Yoast SEO v26.1) - https:\/\/yoast.com\/wordpress\/plugins\/seo\/ -->\n<title>Exprimidor de ca\u00f1a de az\u00facar - distribuci\u00f3n ARC<\/title>\n<meta name=\"robots\" content=\"index, follow, max-snippet:-1, max-image-preview:large, max-video-preview:-1\" \/>\n<link rel=\"canonical\" href=\"https:\/\/distribucionarc.com\/pt\/produto\/espremedor-de-cana\/\" \/>\n<meta property=\"og:locale\" content=\"pt_PT\" \/>\n<meta property=\"og:type\" content=\"article\" \/>\n<meta property=\"og:title\" content=\"Exprimidor de ca\u00f1a de az\u00facar\" \/>\n<meta property=\"og:description\" content=\"Exprimidor de ca\u00f1a de az\u00facar Este extractor de ca\u00f1a de az\u00facar ARC se usa para exprimir ca\u00f1a de az\u00facar, as\u00ed como el jengibre, las manzanas, la barra de sorgo, el tallo de ma\u00edz, etc. Introduce la \u00faltima tecnolog\u00eda para obtener la m\u00e1xima cantidad de zumo. La carcasa y los rodillos interiores est\u00e1n dise\u00f1ados para ser de acero inoxidable 304 debido a los requisitos de presi\u00f3n. Garant\u00eda\u00a0ARC 2 A\u00d1OS soporte t\u00e9cnico\u00a0incluido\" \/>\n<meta property=\"og:url\" content=\"https:\/\/distribucionarc.com\/pt\/produto\/espremedor-de-cana\/\" \/>\n<meta property=\"og:site_name\" content=\"distribuci\u00f3n ARC\" \/>\n<meta property=\"article:modified_time\" content=\"2023-01-12T07:14:03+00:00\" \/>\n<meta property=\"og:image\" content=\"https:\/\/distribucionarc.com\/wp-content\/uploads\/2020\/08\/Exprimidor-de-ca\u00f1a-de-az\u00facar-0.jpg\" \/>\n\t<meta property=\"og:image:width\" content=\"1600\" \/>\n\t<meta property=\"og:image:height\" content=\"1600\" \/>\n\t<meta property=\"og:image:type\" content=\"image\/jpeg\" \/>\n<meta name=\"twitter:card\" content=\"summary_large_image\" \/>\n<meta name=\"twitter:label1\" content=\"Tempo estimado de leitura\" \/>\n\t<meta name=\"twitter:data1\" content=\"1 minuto\" \/>\n<script type=\"application\/ld+json\" class=\"yoast-schema-graph\">{\"@context\":\"https:\/\/schema.org\",\"@graph\":[{\"@type\":\"WebPage\",\"@id\":\"https:\/\/distribucionarc.com\/producto\/exprimidor-de-cana-de-azucar\/\",\"url\":\"https:\/\/distribucionarc.com\/producto\/exprimidor-de-cana-de-azucar\/\",\"name\":\"Exprimidor de ca\u00f1a de az\u00facar - distribuci\u00f3n ARC\",\"isPartOf\":{\"@id\":\"https:\/\/distribucionarc.com\/de\/#website\"},\"primaryImageOfPage\":{\"@id\":\"https:\/\/distribucionarc.com\/producto\/exprimidor-de-cana-de-azucar\/#primaryimage\"},\"image\":{\"@id\":\"https:\/\/distribucionarc.com\/producto\/exprimidor-de-cana-de-azucar\/#primaryimage\"},\"thumbnailUrl\":\"https:\/\/distribucionarc.com\/wp-content\/uploads\/2020\/08\/Exprimidor-de-ca\u00f1a-de-az\u00facar-0.jpg\",\"datePublished\":\"2020-08-17T11:24:54+00:00\",\"dateModified\":\"2023-01-12T07:14:03+00:00\",\"breadcrumb\":{\"@id\":\"https:\/\/distribucionarc.com\/producto\/exprimidor-de-cana-de-azucar\/#breadcrumb\"},\"inLanguage\":\"pt-PT\",\"potentialAction\":[{\"@type\":\"ReadAction\",\"target\":[\"https:\/\/distribucionarc.com\/producto\/exprimidor-de-cana-de-azucar\/\"]}]},{\"@type\":\"ImageObject\",\"inLanguage\":\"pt-PT\",\"@id\":\"https:\/\/distribucionarc.com\/producto\/exprimidor-de-cana-de-azucar\/#primaryimage\",\"url\":\"https:\/\/distribucionarc.com\/wp-content\/uploads\/2020\/08\/Exprimidor-de-ca\u00f1a-de-az\u00facar-0.jpg\",\"contentUrl\":\"https:\/\/distribucionarc.com\/wp-content\/uploads\/2020\/08\/Exprimidor-de-ca\u00f1a-de-az\u00facar-0.jpg\",\"width\":1600,\"height\":1600,\"caption\":\"Exprimidor de ca\u00f1a de az\u00facar\"},{\"@type\":\"BreadcrumbList\",\"@id\":\"https:\/\/distribucionarc.com\/producto\/exprimidor-de-cana-de-azucar\/#breadcrumb\",\"itemListElement\":[{\"@type\":\"ListItem\",\"position\":1,\"name\":\"Portada\",\"item\":\"https:\/\/distribucionarc.com\/pl\/\"},{\"@type\":\"ListItem\",\"position\":2,\"name\":\"Produkty\",\"item\":\"https:\/\/distribucionarc.com\/pl\/shop\/\"},{\"@type\":\"ListItem\",\"position\":3,\"name\":\"Exprimidor de ca\u00f1a de az\u00facar\"}]},{\"@type\":\"WebSite\",\"@id\":\"https:\/\/distribucionarc.com\/de\/#website\",\"url\":\"https:\/\/distribucionarc.com\/de\/\",\"name\":\"distribuci\u00f3n ARC\",\"description\":\"Empresa especializada en la fabricaci\u00f3n y distribuci\u00f3n de maquinaria industrial, selladoras de latas, Maquinas de hacer pastillas, Maquinas de cortar carne...\",\"publisher\":{\"@id\":\"https:\/\/distribucionarc.com\/de\/#organization\"},\"potentialAction\":[{\"@type\":\"SearchAction\",\"target\":{\"@type\":\"EntryPoint\",\"urlTemplate\":\"https:\/\/distribucionarc.com\/de\/?s={search_term_string}\"},\"query-input\":{\"@type\":\"PropertyValueSpecification\",\"valueRequired\":true,\"valueName\":\"search_term_string\"}}],\"inLanguage\":\"pt-PT\"},{\"@type\":\"Organization\",\"@id\":\"https:\/\/distribucionarc.com\/de\/#organization\",\"name\":\"Distribuci\u00f3n ARC\",\"url\":\"https:\/\/distribucionarc.com\/de\/\",\"logo\":{\"@type\":\"ImageObject\",\"inLanguage\":\"pt-PT\",\"@id\":\"https:\/\/distribucionarc.com\/de\/#\/schema\/logo\/image\/\",\"url\":\"https:\/\/distribucionarc.com\/wp-content\/uploads\/2024\/10\/distribucion-ARC-COLOR-SIN-FONDO-e1732295305345.png\",\"contentUrl\":\"https:\/\/distribucionarc.com\/wp-content\/uploads\/2024\/10\/distribucion-ARC-COLOR-SIN-FONDO-e1732295305345.png\",\"width\":1164,\"height\":558,\"caption\":\"Distribuci\u00f3n ARC\"},\"image\":{\"@id\":\"https:\/\/distribucionarc.com\/de\/#\/schema\/logo\/image\/\"},\"description\":\"Empresa especializada en la fabricaci\u00f3n y distribuci\u00f3n de maquinaria industrial para los sectores alimentario y farmac\u00e9utico. Nos especializamos en: M\u00e1quinas de cortar carne Fabricaci\u00f3n de comprimidos Sistemas de transporte industrial L\u00edneas de embotellado Dosificadores Y mucho m\u00e1s... Ofrecemos soluciones innovadoras y personalizadas para optimizar los procesos productivos de tu empresa.\",\"email\":\"Admistracion@distribucionarc.com\",\"telephone\":\"+34 643496664\",\"legalName\":\"ARC TECH SOLUTIONS\",\"foundingDate\":\"2024-04-09\",\"vatID\":\"B55480172\",\"numberOfEmployees\":{\"@type\":\"QuantitativeValue\",\"minValue\":\"1\",\"maxValue\":\"10\"}}]}<\/script>\n<!-- \/ Yoast SEO Premium plugin. -->","yoast_head_json":{"title":"Espremedor de cana-de-a\u00e7\u00facar - distribui\u00e7\u00e3o ARC","robots":{"index":"index","follow":"follow","max-snippet":"max-snippet:-1","max-image-preview":"max-image-preview:large","max-video-preview":"max-video-preview:-1"},"canonical":"https:\/\/distribucionarc.com\/pt\/produto\/espremedor-de-cana\/","og_locale":"pt_PT","og_type":"article","og_title":"Exprimidor de ca\u00f1a de az\u00facar","og_description":"Exprimidor de ca\u00f1a de az\u00facar Este extractor de ca\u00f1a de az\u00facar ARC se usa para exprimir ca\u00f1a de az\u00facar, as\u00ed como el jengibre, las manzanas, la barra de sorgo, el tallo de ma\u00edz, etc. Introduce la \u00faltima tecnolog\u00eda para obtener la m\u00e1xima cantidad de zumo. La carcasa y los rodillos interiores est\u00e1n dise\u00f1ados para ser de acero inoxidable 304 debido a los requisitos de presi\u00f3n. Garant\u00eda\u00a0ARC 2 A\u00d1OS soporte t\u00e9cnico\u00a0incluido","og_url":"https:\/\/distribucionarc.com\/pt\/produto\/espremedor-de-cana\/","og_site_name":"distribuci\u00f3n ARC","article_modified_time":"2023-01-12T07:14:03+00:00","og_image":[{"width":1600,"height":1600,"url":"https:\/\/distribucionarc.com\/wp-content\/uploads\/2020\/08\/Exprimidor-de-ca\u00f1a-de-az\u00facar-0.jpg","type":"image\/jpeg"}],"twitter_card":"summary_large_image","twitter_misc":{"Tempo estimado de leitura":"1 minuto"},"schema":{"@context":"https:\/\/schema.org","@graph":[{"@type":"WebPage","@id":"https:\/\/distribucionarc.com\/producto\/exprimidor-de-cana-de-azucar\/","url":"https:\/\/distribucionarc.com\/producto\/exprimidor-de-cana-de-azucar\/","name":"Espremedor de cana-de-a\u00e7\u00facar - distribui\u00e7\u00e3o ARC","isPartOf":{"@id":"https:\/\/distribucionarc.com\/de\/#website"},"primaryImageOfPage":{"@id":"https:\/\/distribucionarc.com\/producto\/exprimidor-de-cana-de-azucar\/#primaryimage"},"image":{"@id":"https:\/\/distribucionarc.com\/producto\/exprimidor-de-cana-de-azucar\/#primaryimage"},"thumbnailUrl":"https:\/\/distribucionarc.com\/wp-content\/uploads\/2020\/08\/Exprimidor-de-ca\u00f1a-de-az\u00facar-0.jpg","datePublished":"2020-08-17T11:24:54+00:00","dateModified":"2023-01-12T07:14:03+00:00","breadcrumb":{"@id":"https:\/\/distribucionarc.com\/producto\/exprimidor-de-cana-de-azucar\/#breadcrumb"},"inLanguage":"pt-PT","potentialAction":[{"@type":"ReadAction","target":["https:\/\/distribucionarc.com\/producto\/exprimidor-de-cana-de-azucar\/"]}]},{"@type":"ImageObject","inLanguage":"pt-PT","@id":"https:\/\/distribucionarc.com\/producto\/exprimidor-de-cana-de-azucar\/#primaryimage","url":"https:\/\/distribucionarc.com\/wp-content\/uploads\/2020\/08\/Exprimidor-de-ca\u00f1a-de-az\u00facar-0.jpg","contentUrl":"https:\/\/distribucionarc.com\/wp-content\/uploads\/2020\/08\/Exprimidor-de-ca\u00f1a-de-az\u00facar-0.jpg","width":1600,"height":1600,"caption":"Exprimidor de ca\u00f1a de az\u00facar"},{"@type":"BreadcrumbList","@id":"https:\/\/distribucionarc.com\/producto\/exprimidor-de-cana-de-azucar\/#breadcrumb","itemListElement":[{"@type":"ListItem","position":1,"name":"Portada","item":"https:\/\/distribucionarc.com\/pl\/"},{"@type":"ListItem","position":2,"name":"Produkty","item":"https:\/\/distribucionarc.com\/pl\/shop\/"},{"@type":"ListItem","position":3,"name":"Exprimidor de ca\u00f1a de az\u00facar"}]},{"@type":"WebSite","@id":"https:\/\/distribucionarc.com\/de\/#website","url":"https:\/\/distribucionarc.com\/de\/","name":"Distribui\u00e7\u00e3o ARC","description":"Empresa especializada no fabrico e distribui\u00e7\u00e3o de m\u00e1quinas industriais, m\u00e1quinas de selar latas, m\u00e1quinas de fazer comprimidos, m\u00e1quinas de cortar carne...","publisher":{"@id":"https:\/\/distribucionarc.com\/de\/#organization"},"potentialAction":[{"@type":"SearchAction","target":{"@type":"EntryPoint","urlTemplate":"https:\/\/distribucionarc.com\/de\/?s={search_term_string}"},"query-input":{"@type":"PropertyValueSpecification","valueRequired":true,"valueName":"search_term_string"}}],"inLanguage":"pt-PT"},{"@type":"Organization","@id":"https:\/\/distribucionarc.com\/de\/#organization","name":"Distribui\u00e7\u00e3o ARC","url":"https:\/\/distribucionarc.com\/de\/","logo":{"@type":"ImageObject","inLanguage":"pt-PT","@id":"https:\/\/distribucionarc.com\/de\/#\/schema\/logo\/image\/","url":"https:\/\/distribucionarc.com\/wp-content\/uploads\/2024\/10\/distribucion-ARC-COLOR-SIN-FONDO-e1732295305345.png","contentUrl":"https:\/\/distribucionarc.com\/wp-content\/uploads\/2024\/10\/distribucion-ARC-COLOR-SIN-FONDO-e1732295305345.png","width":1164,"height":558,"caption":"Distribuci\u00f3n ARC"},"image":{"@id":"https:\/\/distribucionarc.com\/de\/#\/schema\/logo\/image\/"},"description":"Empresa especializada no fabrico e distribui\u00e7\u00e3o de m\u00e1quinas industriais para os sectores alimentar e farmac\u00eautico. Somos especializados em: M\u00e1quinas de cortar carne Fabrico de comprimidos Sistemas de transporte industrial Linhas de engarrafamento Dispensadores E muito mais... Oferecemos solu\u00e7\u00f5es inovadoras e personalizadas para otimizar os processos de produ\u00e7\u00e3o da sua empresa.","email":"Admistracion@distribucionarc.com","telephone":"+34 643496664","legalName":"ARC TECH SOLUTIONS","foundingDate":"2024-04-09","vatID":"B55480172","numberOfEmployees":{"@type":"QuantitativeValue","minValue":"1","maxValue":"10"}}]}},"_links":{"self":[{"href":"https:\/\/distribucionarc.com\/pt\/wp-json\/wp\/v2\/product\/2377","targetHints":{"allow":["GET"]}}],"collection":[{"href":"https:\/\/distribucionarc.com\/pt\/wp-json\/wp\/v2\/product"}],"about":[{"href":"https:\/\/distribucionarc.com\/pt\/wp-json\/wp\/v2\/types\/product"}],"replies":[{"embeddable":true,"href":"https:\/\/distribucionarc.com\/pt\/wp-json\/wp\/v2\/comments?post=2377"}],"version-history":[{"count":0,"href":"https:\/\/distribucionarc.com\/pt\/wp-json\/wp\/v2\/product\/2377\/revisions"}],"wp:featuredmedia":[{"embeddable":true,"href":"https:\/\/distribucionarc.com\/pt\/wp-json\/wp\/v2\/media\/2383"}],"wp:attachment":[{"href":"https:\/\/distribucionarc.com\/pt\/wp-json\/wp\/v2\/media?parent=2377"}],"wp:term":[{"taxonomy":"product_brand","embeddable":true,"href":"https:\/\/distribucionarc.com\/pt\/wp-json\/wp\/v2\/product_brand?post=2377"},{"taxonomy":"product_cat","embeddable":true,"href":"https:\/\/distribucionarc.com\/pt\/wp-json\/wp\/v2\/product_cat?post=2377"},{"taxonomy":"product_tag","embeddable":true,"href":"https:\/\/distribucionarc.com\/pt\/wp-json\/wp\/v2\/product_tag?post=2377"}],"curies":[{"name":"wp","href":"https:\/\/api.w.org\/{rel}","templated":true}]}}