{"id":2608,"date":"2020-08-19T16:59:17","date_gmt":"2020-08-19T16:59:17","guid":{"rendered":"https:\/\/distribucionarc.com\/?post_type=product&#038;p=2608"},"modified":"2023-06-04T18:46:12","modified_gmt":"2023-06-04T18:46:12","slug":"fatiador-picador-eletrico-para-frutas-legumes-e-carne","status":"publish","type":"product","link":"https:\/\/distribucionarc.com\/pt\/producto\/cortadora-picadora-electrica-de-frutas-verduras-y-carne\/","title":{"rendered":"Fatiador, picador el\u00e9trico para frutas, legumes e carne"},"content":{"rendered":"<h3>Fatiador, picador el\u00e9trico para frutas, legumes e processador de vegetais de carne<\/h3>\n<p>Ele\u00a0<strong>cortador de legumes profissional\u00a0<span style=\"color: #ff0000;\">PARA<\/span><span style=\"color: #0000ff;\">R<\/span>c<\/strong> \u00c9 feito de a\u00e7o inoxid\u00e1vel e liga de alum\u00ednio fundido com superf\u00edcie anodizada prateada. Anticorrosivo. O motor de 500 W de alta efici\u00eancia permite uma alta velocidade de rota\u00e7\u00e3o de 1600 r\/min. A velocidade de rota\u00e7\u00e3o dos discos de corte \u00e9 de 270 r\/min.<\/p>\n<p>P\u00e9s de borracha antiderrapantes garantem a estabilidade do\u00a0<strong>cortador profissional<\/strong>; O interruptor de alimenta\u00e7\u00e3o com tampa garante seguran\u00e7a; a barra de energia evita que as m\u00e3os se machuquem; A al\u00e7a ergon\u00f4mica facilita o corte.<\/p>\n<p>Adequado para cortar diversos vegetais, frutas e queijos. Capaz de cortar, ralar e picar em cubos usando diferentes discos de corte.<\/p>\n<h6>Garantia<strong>\u00a0<span style=\"color: #ff0000;\">PARA<\/span><span style=\"color: #0000ff;\">R<\/span>c<\/strong><\/h6>\n<h6><span style=\"color: #008000;\"><strong>Processador de alimentos vegetais, baixo consumo 500w<\/strong><\/span><\/h6>\n<h6>suporte t\u00e9cnico inclu\u00eddo<\/h6>\n<p>&nbsp;<\/p>\n<table role=\"presentation\" width=\"100%\" cellspacing=\"0\" cellpadding=\"0\">\n<tbody>\n<tr>\n<td class=\"attrLabels\">Garantia:<\/td>\n<td width=\"50.0%\">ARCO 2 ANOS<\/td>\n<\/tr>\n<tr>\n<td class=\"attrLabels\">Pa\u00eds de distribui\u00e7\u00e3o:<\/td>\n<td width=\"50.0%\">Espanha, Alemanha, EUA<\/td>\n<td class=\"attrLabels\">Peso:<\/td>\n<td width=\"50.0%\">9,7kg<\/td>\n<\/tr>\n<tr>\n<td class=\"attrLabels\">Marca:<\/td>\n<td width=\"50.0%\">ARCO<\/td>\n<td class=\"attrLabels\">Altura:<\/td>\n<td width=\"50.0%\">46cm<\/td>\n<\/tr>\n<tr>\n<td class=\"attrLabels\">Cor:<\/td>\n<td width=\"50.0%\">Prata<\/td>\n<td class=\"attrLabels\">Longo:<\/td>\n<td width=\"50.0%\">30cm<\/td>\n<\/tr>\n<tr>\n<td class=\"attrLabels\">Tipo de produto:<\/td>\n<td width=\"50.0%\">Cortador de legumes profissional<\/td>\n<td class=\"attrLabels\">Largo:<\/td>\n<td width=\"50.0%\">21cm<\/td>\n<\/tr>\n<tr>\n<td class=\"attrLabels\">N\u00famero do fabricante:<\/td>\n<td width=\"50.0%\">ARCCVPC25<\/td>\n<td class=\"attrLabels\">Poder:<\/td>\n<td width=\"50.0%\">500W<\/td>\n<\/tr>\n<tr>\n<td class=\"attrLabels\">Material:<\/td>\n<td width=\"50.0%\">a\u00e7o inoxid\u00e1vel<\/td>\n<td class=\"attrLabels\">tens\u00e3o de entrada<\/td>\n<td width=\"50.0%\">220 V \u2013 50 Hz<\/td>\n<\/tr>\n<tr>\n<td class=\"attrLabels\">tipos de corte:<\/td>\n<td width=\"50.0%\">fino, mo\u00eddo, triturado<\/td>\n<td class=\"attrLabels\">Rota\u00e7\u00e3o do motor:<\/td>\n<td width=\"50.0%\">1600 rpm<\/td>\n<\/tr>\n<tr>\n<td class=\"attrLabels\">Ferramentas de instala\u00e7\u00e3o:<\/td>\n<td width=\"50.0%\">Sim<\/td>\n<td class=\"attrLabels\">velocidade do disco de corte:<\/td>\n<td width=\"50.0%\">270 rpm<\/td>\n<\/tr>\n<\/tbody>\n<\/table>","protected":false},"excerpt":{"rendered":"<h2>Fatiador, picador el\u00e9trico para frutas, legumes e processador de vegetais de carne<\/h2>\n<p>Com o\u00a0<strong>cortador de legumes<\/strong>\u00a0de\u00a0<strong><span style=\"color: #ff0000;\">PARA<\/span><span style=\"color: #0000ff;\">R<\/span>c<\/strong>\u00a0Voc\u00ea economizar\u00e1 tempo e dinheiro, preparar\u00e1 suas saladas, batatas fritas, refogados, etc. Da forma mais eficaz e simples.<\/p>\n<p>Esse\u00a0<strong>cortador de comida\u00a0<span style=\"color: #ff0000;\">PARA<\/span><span style=\"color: #0000ff;\">R<\/span>CCVPC25<\/strong> \u00c9 feito de a\u00e7o inoxid\u00e1vel de qualidade alimentar e liga de alum\u00ednio fundido de alta qualidade com superf\u00edcie anodizada prateada. Este picador de legumes comercial \u00e9 perfeito para picar diversas carnes, vegetais e frutas!<\/p>\n<h6>Garantia<strong>\u00a0<span style=\"color: #ff0000;\">PARA<\/span><span style=\"color: #0000ff;\">R<\/span>c<\/strong><\/h6>\n<h6><span style=\"color: #008000;\"><strong>Processador de alimentos vegetais, baixo consumo 500w<\/strong><\/span><\/h6>\n<h6>suporte t\u00e9cnico inclu\u00eddo<\/h6>","protected":false},"featured_media":2616,"comment_status":"open","ping_status":"closed","template":"","meta":{"wds_primary_product_brand":0,"wds_primary_product_cat":0},"product_brand":[],"product_cat":[43],"product_tag":[],"class_list":{"0":"post-2608","1":"product","2":"type-product","3":"status-publish","4":"has-post-thumbnail","6":"product_cat-cortadoras-de-alimentos","7":"product_shipping_class-hosteleria","9":"first","10":"instock","11":"taxable","12":"shipping-taxable","13":"purchasable","14":"product-type-simple"},"yoast_head":"<!-- This site is optimized with the Yoast SEO Premium plugin v24.9 (Yoast SEO v26.1) - https:\/\/yoast.com\/wordpress\/plugins\/seo\/ -->\n<title>Cortadora, picadora el\u00e9ctrica de frutas, verduras y carne - distribuci\u00f3n ARC<\/title>\n<meta name=\"robots\" content=\"index, follow, max-snippet:-1, max-image-preview:large, max-video-preview:-1\" \/>\n<link rel=\"canonical\" href=\"https:\/\/www.distribucionarc.com\/en\/producto\/cortadora-picadora-electrica-de-frutas-verduras-y-carne\/\" \/>\n<meta property=\"og:locale\" content=\"pt_PT\" \/>\n<meta property=\"og:type\" content=\"article\" \/>\n<meta property=\"og:title\" content=\"Cortadora, picadora el\u00e9ctrica de frutas, verduras y carne\" \/>\n<meta property=\"og:description\" content=\"Cortadora, picadora el\u00e9ctrica de frutas, verduras y carne procesador de verduras Con la\u00a0cortadora de verduras\u00a0de\u00a0ARC\u00a0ahorraras tiempo y dinero, preparar tus ensaladas, picadillos, salteados, etc. De la forma m\u00e1s eficaz y sencilla.  Este\u00a0cortador de alimentos\u00a0ARCCVPC25 est\u00e1 hecho de acero inoxidable de grado alimenticio y aleaci\u00f3n de aluminio fundido de alta calidad con superficie anodizada de plata. \u00a1Este picador de verduras comercial es perfecto para cortar varias carnes, verduras y frutas! Garant\u00eda\u00a0ARC Procesador de alimentos vegetales, bajo consumo 500w soporte t\u00e9cnico\u00a0incluido\" \/>\n<meta property=\"og:url\" content=\"https:\/\/www.distribucionarc.com\/en\/producto\/cortadora-picadora-electrica-de-frutas-verduras-y-carne\/\" \/>\n<meta property=\"og:site_name\" content=\"distribuci\u00f3n ARC\" \/>\n<meta property=\"article:modified_time\" content=\"2023-06-04T18:46:12+00:00\" \/>\n<meta property=\"og:image\" content=\"https:\/\/distribucionarc.com\/wp-content\/uploads\/2020\/08\/Cortadora-picadora-el\u00e9ctrica-de-frutas-verduras-y-carne-0.jpg\" \/>\n\t<meta property=\"og:image:width\" content=\"1001\" \/>\n\t<meta property=\"og:image:height\" content=\"1001\" \/>\n\t<meta property=\"og:image:type\" content=\"image\/jpeg\" \/>\n<meta name=\"twitter:card\" content=\"summary_large_image\" \/>\n<meta name=\"twitter:label1\" content=\"Tempo estimado de leitura\" \/>\n\t<meta name=\"twitter:data1\" content=\"1 minuto\" \/>\n<script type=\"application\/ld+json\" class=\"yoast-schema-graph\">{\"@context\":\"https:\/\/schema.org\",\"@graph\":[{\"@type\":\"WebPage\",\"@id\":\"https:\/\/www.distribucionarc.com\/en\/producto\/cortadora-picadora-electrica-de-frutas-verduras-y-carne\/\",\"url\":\"https:\/\/www.distribucionarc.com\/en\/producto\/cortadora-picadora-electrica-de-frutas-verduras-y-carne\/\",\"name\":\"Cortadora, picadora el\u00e9ctrica de frutas, verduras y carne - distribuci\u00f3n ARC\",\"isPartOf\":{\"@id\":\"https:\/\/www.distribucionarc.com\/sl\/#website\"},\"primaryImageOfPage\":{\"@id\":\"https:\/\/www.distribucionarc.com\/en\/producto\/cortadora-picadora-electrica-de-frutas-verduras-y-carne\/#primaryimage\"},\"image\":{\"@id\":\"https:\/\/www.distribucionarc.com\/en\/producto\/cortadora-picadora-electrica-de-frutas-verduras-y-carne\/#primaryimage\"},\"thumbnailUrl\":\"https:\/\/distribucionarc.com\/wp-content\/uploads\/2020\/08\/Cortadora-picadora-el\u00e9ctrica-de-frutas-verduras-y-carne-0.jpg\",\"datePublished\":\"2020-08-19T16:59:17+00:00\",\"dateModified\":\"2023-06-04T18:46:12+00:00\",\"breadcrumb\":{\"@id\":\"https:\/\/www.distribucionarc.com\/en\/producto\/cortadora-picadora-electrica-de-frutas-verduras-y-carne\/#breadcrumb\"},\"inLanguage\":\"pt-PT\",\"potentialAction\":[{\"@type\":\"ReadAction\",\"target\":[\"https:\/\/www.distribucionarc.com\/en\/producto\/cortadora-picadora-electrica-de-frutas-verduras-y-carne\/\"]}]},{\"@type\":\"ImageObject\",\"inLanguage\":\"pt-PT\",\"@id\":\"https:\/\/www.distribucionarc.com\/en\/producto\/cortadora-picadora-electrica-de-frutas-verduras-y-carne\/#primaryimage\",\"url\":\"https:\/\/distribucionarc.com\/wp-content\/uploads\/2020\/08\/Cortadora-picadora-el\u00e9ctrica-de-frutas-verduras-y-carne-0.jpg\",\"contentUrl\":\"https:\/\/distribucionarc.com\/wp-content\/uploads\/2020\/08\/Cortadora-picadora-el\u00e9ctrica-de-frutas-verduras-y-carne-0.jpg\",\"width\":1001,\"height\":1001,\"caption\":\"Cortadora, picadora el\u00e9ctrica de frutas, verduras y carne\"},{\"@type\":\"BreadcrumbList\",\"@id\":\"https:\/\/www.distribucionarc.com\/en\/producto\/cortadora-picadora-electrica-de-frutas-verduras-y-carne\/#breadcrumb\",\"itemListElement\":[{\"@type\":\"ListItem\",\"position\":1,\"name\":\"Portada\",\"item\":\"https:\/\/www.distribucionarc.com\/\"},{\"@type\":\"ListItem\",\"position\":2,\"name\":\"\u00dcr\u00fcnler\",\"item\":\"https:\/\/www.distribucionarc.com\/tr\/magaza\/\"},{\"@type\":\"ListItem\",\"position\":3,\"name\":\"Cortadora, picadora el\u00e9ctrica de frutas, verduras y carne\"}]},{\"@type\":\"WebSite\",\"@id\":\"https:\/\/www.distribucionarc.com\/sl\/#website\",\"url\":\"https:\/\/www.distribucionarc.com\/sl\/\",\"name\":\"distribuci\u00f3n ARC\",\"description\":\"Empresa especializada en la fabricaci\u00f3n y distribuci\u00f3n de maquinaria industrial, selladoras de latas, Maquinas de hacer pastillas, Maquinas de cortar carne...\",\"publisher\":{\"@id\":\"https:\/\/www.distribucionarc.com\/sl\/#organization\"},\"potentialAction\":[{\"@type\":\"SearchAction\",\"target\":{\"@type\":\"EntryPoint\",\"urlTemplate\":\"https:\/\/www.distribucionarc.com\/sl\/?s={search_term_string}\"},\"query-input\":{\"@type\":\"PropertyValueSpecification\",\"valueRequired\":true,\"valueName\":\"search_term_string\"}}],\"inLanguage\":\"pt-PT\"},{\"@type\":\"Organization\",\"@id\":\"https:\/\/www.distribucionarc.com\/sl\/#organization\",\"name\":\"Distribuci\u00f3n ARC\",\"url\":\"https:\/\/www.distribucionarc.com\/sl\/\",\"logo\":{\"@type\":\"ImageObject\",\"inLanguage\":\"pt-PT\",\"@id\":\"https:\/\/www.distribucionarc.com\/sl\/#\/schema\/logo\/image\/\",\"url\":\"https:\/\/distribucionarc.com\/wp-content\/uploads\/2024\/10\/distribucion-ARC-COLOR-SIN-FONDO-e1732295305345.png\",\"contentUrl\":\"https:\/\/distribucionarc.com\/wp-content\/uploads\/2024\/10\/distribucion-ARC-COLOR-SIN-FONDO-e1732295305345.png\",\"width\":1164,\"height\":558,\"caption\":\"Distribuci\u00f3n ARC\"},\"image\":{\"@id\":\"https:\/\/www.distribucionarc.com\/sl\/#\/schema\/logo\/image\/\"},\"description\":\"Empresa especializada en la fabricaci\u00f3n y distribuci\u00f3n de maquinaria industrial para los sectores alimentario y farmac\u00e9utico. Nos especializamos en: M\u00e1quinas de cortar carne Fabricaci\u00f3n de comprimidos Sistemas de transporte industrial L\u00edneas de embotellado Dosificadores Y mucho m\u00e1s... Ofrecemos soluciones innovadoras y personalizadas para optimizar los procesos productivos de tu empresa.\",\"email\":\"Admistracion@distribucionarc.com\",\"telephone\":\"+34 643496664\",\"legalName\":\"ARC TECH SOLUTIONS\",\"foundingDate\":\"2024-04-09\",\"vatID\":\"B55480172\",\"numberOfEmployees\":{\"@type\":\"QuantitativeValue\",\"minValue\":\"1\",\"maxValue\":\"10\"}}]}<\/script>\n<!-- \/ Yoast SEO Premium plugin. -->","yoast_head_json":{"title":"Fatiador, picador el\u00e9trico para frutas, legumes e carne - distribui\u00e7\u00e3o ARC","robots":{"index":"index","follow":"follow","max-snippet":"max-snippet:-1","max-image-preview":"max-image-preview:large","max-video-preview":"max-video-preview:-1"},"canonical":"https:\/\/www.distribucionarc.com\/en\/producto\/cortadora-picadora-electrica-de-frutas-verduras-y-carne\/","og_locale":"pt_PT","og_type":"article","og_title":"Cortadora, picadora el\u00e9ctrica de frutas, verduras y carne","og_description":"Cortadora, picadora el\u00e9ctrica de frutas, verduras y carne procesador de verduras Con la\u00a0cortadora de verduras\u00a0de\u00a0ARC\u00a0ahorraras tiempo y dinero, preparar tus ensaladas, picadillos, salteados, etc. De la forma m\u00e1s eficaz y sencilla.  Este\u00a0cortador de alimentos\u00a0ARCCVPC25 est\u00e1 hecho de acero inoxidable de grado alimenticio y aleaci\u00f3n de aluminio fundido de alta calidad con superficie anodizada de plata. \u00a1Este picador de verduras comercial es perfecto para cortar varias carnes, verduras y frutas! Garant\u00eda\u00a0ARC Procesador de alimentos vegetales, bajo consumo 500w soporte t\u00e9cnico\u00a0incluido","og_url":"https:\/\/www.distribucionarc.com\/en\/producto\/cortadora-picadora-electrica-de-frutas-verduras-y-carne\/","og_site_name":"distribuci\u00f3n ARC","article_modified_time":"2023-06-04T18:46:12+00:00","og_image":[{"width":1001,"height":1001,"url":"https:\/\/distribucionarc.com\/wp-content\/uploads\/2020\/08\/Cortadora-picadora-el\u00e9ctrica-de-frutas-verduras-y-carne-0.jpg","type":"image\/jpeg"}],"twitter_card":"summary_large_image","twitter_misc":{"Tempo estimado de leitura":"1 minuto"},"schema":{"@context":"https:\/\/schema.org","@graph":[{"@type":"WebPage","@id":"https:\/\/www.distribucionarc.com\/en\/producto\/cortadora-picadora-electrica-de-frutas-verduras-y-carne\/","url":"https:\/\/www.distribucionarc.com\/en\/producto\/cortadora-picadora-electrica-de-frutas-verduras-y-carne\/","name":"Fatiador, picador el\u00e9trico para frutas, legumes e carne - distribui\u00e7\u00e3o ARC","isPartOf":{"@id":"https:\/\/www.distribucionarc.com\/sl\/#website"},"primaryImageOfPage":{"@id":"https:\/\/www.distribucionarc.com\/en\/producto\/cortadora-picadora-electrica-de-frutas-verduras-y-carne\/#primaryimage"},"image":{"@id":"https:\/\/www.distribucionarc.com\/en\/producto\/cortadora-picadora-electrica-de-frutas-verduras-y-carne\/#primaryimage"},"thumbnailUrl":"https:\/\/distribucionarc.com\/wp-content\/uploads\/2020\/08\/Cortadora-picadora-el\u00e9ctrica-de-frutas-verduras-y-carne-0.jpg","datePublished":"2020-08-19T16:59:17+00:00","dateModified":"2023-06-04T18:46:12+00:00","breadcrumb":{"@id":"https:\/\/www.distribucionarc.com\/en\/producto\/cortadora-picadora-electrica-de-frutas-verduras-y-carne\/#breadcrumb"},"inLanguage":"pt-PT","potentialAction":[{"@type":"ReadAction","target":["https:\/\/www.distribucionarc.com\/en\/producto\/cortadora-picadora-electrica-de-frutas-verduras-y-carne\/"]}]},{"@type":"ImageObject","inLanguage":"pt-PT","@id":"https:\/\/www.distribucionarc.com\/en\/producto\/cortadora-picadora-electrica-de-frutas-verduras-y-carne\/#primaryimage","url":"https:\/\/distribucionarc.com\/wp-content\/uploads\/2020\/08\/Cortadora-picadora-el\u00e9ctrica-de-frutas-verduras-y-carne-0.jpg","contentUrl":"https:\/\/distribucionarc.com\/wp-content\/uploads\/2020\/08\/Cortadora-picadora-el\u00e9ctrica-de-frutas-verduras-y-carne-0.jpg","width":1001,"height":1001,"caption":"Cortadora, picadora el\u00e9ctrica de frutas, verduras y carne"},{"@type":"BreadcrumbList","@id":"https:\/\/www.distribucionarc.com\/en\/producto\/cortadora-picadora-electrica-de-frutas-verduras-y-carne\/#breadcrumb","itemListElement":[{"@type":"ListItem","position":1,"name":"Portada","item":"https:\/\/www.distribucionarc.com\/"},{"@type":"ListItem","position":2,"name":"\u00dcr\u00fcnler","item":"https:\/\/www.distribucionarc.com\/tr\/magaza\/"},{"@type":"ListItem","position":3,"name":"Cortadora, picadora el\u00e9ctrica de frutas, verduras y carne"}]},{"@type":"WebSite","@id":"https:\/\/www.distribucionarc.com\/sl\/#website","url":"https:\/\/www.distribucionarc.com\/sl\/","name":"Distribui\u00e7\u00e3o ARC","description":"Empresa especializada no fabrico e distribui\u00e7\u00e3o de m\u00e1quinas industriais, m\u00e1quinas de selar latas, m\u00e1quinas de fazer comprimidos, m\u00e1quinas de cortar carne...","publisher":{"@id":"https:\/\/www.distribucionarc.com\/sl\/#organization"},"potentialAction":[{"@type":"SearchAction","target":{"@type":"EntryPoint","urlTemplate":"https:\/\/www.distribucionarc.com\/sl\/?s={search_term_string}"},"query-input":{"@type":"PropertyValueSpecification","valueRequired":true,"valueName":"search_term_string"}}],"inLanguage":"pt-PT"},{"@type":"Organization","@id":"https:\/\/www.distribucionarc.com\/sl\/#organization","name":"Distribui\u00e7\u00e3o ARC","url":"https:\/\/www.distribucionarc.com\/sl\/","logo":{"@type":"ImageObject","inLanguage":"pt-PT","@id":"https:\/\/www.distribucionarc.com\/sl\/#\/schema\/logo\/image\/","url":"https:\/\/distribucionarc.com\/wp-content\/uploads\/2024\/10\/distribucion-ARC-COLOR-SIN-FONDO-e1732295305345.png","contentUrl":"https:\/\/distribucionarc.com\/wp-content\/uploads\/2024\/10\/distribucion-ARC-COLOR-SIN-FONDO-e1732295305345.png","width":1164,"height":558,"caption":"Distribuci\u00f3n ARC"},"image":{"@id":"https:\/\/www.distribucionarc.com\/sl\/#\/schema\/logo\/image\/"},"description":"Empresa especializada no fabrico e distribui\u00e7\u00e3o de m\u00e1quinas industriais para os sectores alimentar e farmac\u00eautico. Somos especializados em: M\u00e1quinas de cortar carne Fabrico de comprimidos Sistemas de transporte industrial Linhas de engarrafamento Dispensadores E muito mais... Oferecemos solu\u00e7\u00f5es inovadoras e personalizadas para otimizar os processos de produ\u00e7\u00e3o da sua empresa.","email":"Admistracion@distribucionarc.com","telephone":"+34 643496664","legalName":"ARC TECH SOLUTIONS","foundingDate":"2024-04-09","vatID":"B55480172","numberOfEmployees":{"@type":"QuantitativeValue","minValue":"1","maxValue":"10"}}]}},"_links":{"self":[{"href":"https:\/\/distribucionarc.com\/pt\/wp-json\/wp\/v2\/product\/2608","targetHints":{"allow":["GET"]}}],"collection":[{"href":"https:\/\/distribucionarc.com\/pt\/wp-json\/wp\/v2\/product"}],"about":[{"href":"https:\/\/distribucionarc.com\/pt\/wp-json\/wp\/v2\/types\/product"}],"replies":[{"embeddable":true,"href":"https:\/\/distribucionarc.com\/pt\/wp-json\/wp\/v2\/comments?post=2608"}],"version-history":[{"count":0,"href":"https:\/\/distribucionarc.com\/pt\/wp-json\/wp\/v2\/product\/2608\/revisions"}],"wp:featuredmedia":[{"embeddable":true,"href":"https:\/\/distribucionarc.com\/pt\/wp-json\/wp\/v2\/media\/2616"}],"wp:attachment":[{"href":"https:\/\/distribucionarc.com\/pt\/wp-json\/wp\/v2\/media?parent=2608"}],"wp:term":[{"taxonomy":"product_brand","embeddable":true,"href":"https:\/\/distribucionarc.com\/pt\/wp-json\/wp\/v2\/product_brand?post=2608"},{"taxonomy":"product_cat","embeddable":true,"href":"https:\/\/distribucionarc.com\/pt\/wp-json\/wp\/v2\/product_cat?post=2608"},{"taxonomy":"product_tag","embeddable":true,"href":"https:\/\/distribucionarc.com\/pt\/wp-json\/wp\/v2\/product_tag?post=2608"}],"curies":[{"name":"wp","href":"https:\/\/api.w.org\/{rel}","templated":true}]}}