{"id":2623,"date":"2020-08-19T22:27:34","date_gmt":"2020-08-19T22:27:34","guid":{"rendered":"https:\/\/distribucionarc.com\/?post_type=product&#038;p=2623"},"modified":"2020-10-01T08:42:05","modified_gmt":"2020-10-01T08:42:05","slug":"lampadas-de-aquecimento-de-alimentos","status":"publish","type":"product","link":"https:\/\/distribucionarc.com\/pt\/producto\/calentador-de-alimentos-lamparas-de-calor\/","title":{"rendered":"Aquecedor de alimentos, l\u00e2mpadas de calor"},"content":{"rendered":"<h3>Aquecedor de alimentos, l\u00e2mpadas de calor<\/h3>\n<p>A constru\u00e7\u00e3o em a\u00e7o inoxid\u00e1vel espessada do <strong>conservantes de calor<span style=\"color: #ff0000;\"> PARA<\/span><span style=\"color: #0000ff;\">R<\/span>c<\/strong> torn\u00e1-lo resistente, dur\u00e1vel e f\u00e1cil de limpar. O ferro \u00e9 de alta qualidade e com melhor isolamento t\u00e9rmico. Luz t\u00e9rmica infravermelha <strong>aquece rapidamente os alimentos e evita que sequem<\/strong>.<\/p>\n<p>Refra\u00e7\u00e3o mais forte no di\u00e2metro dos abajures. Os orif\u00edcios de emiss\u00e3o de calor ajudam a manter a temperatura adequada, dissipando o calor. O bot\u00e3o girat\u00f3rio de 360 graus controla a temperatura com precis\u00e3o.<\/p>\n<p>Mantenha o sabor dos alimentos com temperatura uniforme com o <strong>aquecedor de comida <span style=\"color: #ff0000;\">PARA<\/span><span style=\"color: #0000ff;\">R<\/span>CCCL3<\/strong> evitando que sequem, devido \u00e0 sua estrutura robusta n\u00e3o ter\u00e1 problemas em encontrar um lugar para este elegante e atraente aquecedor de pratos.<\/p>\n<h6><strong>Garantia\u00a0<span style=\"color: #ff0000;\">PARA<\/span><span style=\"color: #0000ff;\">R<\/span>c<\/strong><strong>\u00a02 ANOS<\/strong><\/h6>\n<h6><span style=\"color: #008000;\">Aquecedor de alimentos eficiente, baixo consumo 800w<\/span><\/h6>\n<h6><strong>suporte t\u00e9cnico inclu\u00eddo<\/strong><\/h6>\n<p>&nbsp;<\/p>\n<table role=\"presentation\" width=\"100%\" cellspacing=\"0\" cellpadding=\"0\">\n<tbody>\n<tr>\n<td class=\"attrLabels\">Temperatura:<\/td>\n<td width=\"50.0%\">0-70\u00baC<\/td>\n<\/tr>\n<tr>\n<td class=\"attrLabels\">Pa\u00eds de distribui\u00e7\u00e3o:<\/td>\n<td width=\"50.0%\">Espanha, Alemanha, EUA<\/td>\n<td class=\"attrLabels\">Peso:<\/td>\n<td width=\"50.0%\">18,8kg<\/td>\n<\/tr>\n<tr>\n<td class=\"attrLabels\">Marca:<\/td>\n<td width=\"50.0%\">ARCO<\/td>\n<td class=\"attrLabels\">Altura:<\/td>\n<td width=\"50.0%\">62,9 cm<\/td>\n<\/tr>\n<tr>\n<td class=\"attrLabels\">Cor:<\/td>\n<td width=\"50.0%\">Prata, ouro<\/td>\n<td class=\"attrLabels\">Longo:<\/td>\n<td width=\"50.0%\">105,5 cm<\/td>\n<\/tr>\n<tr>\n<td class=\"attrLabels\">Tipo de produto:<\/td>\n<td width=\"50.0%\">Vitrine quente<\/td>\n<td class=\"attrLabels\">Largo:<\/td>\n<td width=\"50.0%\">49,8 cm<\/td>\n<\/tr>\n<tr>\n<td class=\"attrLabels\">N\u00famero do fabricante:<\/td>\n<td width=\"50.0%\">ARCCCL3<\/td>\n<td class=\"attrLabels\">Poder:<\/td>\n<td width=\"50.0%\">800W<\/td>\n<\/tr>\n<tr>\n<td class=\"attrLabels\">Material:<\/td>\n<td width=\"50.0%\">em a\u00e7o inoxid\u00e1vel, com controle de temperatura<\/td>\n<td class=\"attrLabels\">tens\u00e3o de entrada<\/td>\n<td width=\"50.0%\">220-240 V \u2013 60 Hz<\/td>\n<\/tr>\n<tr>\n<td class=\"attrLabels\">L\u00e2mpadas t\u00e9rmicas:<\/td>\n<td width=\"50.0%\">3<\/td>\n<td class=\"attrLabels\">Di\u00e2metro da l\u00e2mpada:<\/td>\n<td width=\"50.0%\">19cm<\/td>\n<\/tr>\n<tr>\n<td class=\"attrLabels\">Ferramentas de instala\u00e7\u00e3o:<\/td>\n<td width=\"50.0%\">Sim<\/td>\n<td class=\"attrLabels\">Garantia:<\/td>\n<td width=\"50.0%\">2 ANOS<\/td>\n<\/tr>\n<\/tbody>\n<\/table>","protected":false},"excerpt":{"rendered":"<h2>Aquecedor de alimentos, l\u00e2mpadas de calor<\/h2>\n<p>O <strong>l\u00e2mpada para aquecer alimentos <span style=\"color: #ff0000;\">PARA<\/span><span style=\"color: #0000ff;\">R<\/span>c<\/strong> \u00c9 o mais marcante e funcional, adequado para restaurantes, hot\u00e9is, buffets, woks, caf\u00e9s, etc. Gra\u00e7as ao<strong> luzes t\u00e9rmicas<\/strong> Os seus pratos permanecer\u00e3o quentes e proporcionar\u00e3o um aspecto elegante \u00e0s suas instala\u00e7\u00f5es. O apetite dos seus clientes \u00e9 fortemente aumentado pela cor marcante das l\u00e2mpadas de calor.<\/p>\n<h6><strong>Garantia\u00a0<span style=\"color: #ff0000;\">PARA<\/span><span style=\"color: #0000ff;\">R<\/span>c<\/strong><strong>\u00a02 ANOS<\/strong><\/h6>\n<h6><span style=\"color: #008000;\">Aquecedor de alimentos eficiente, baixo consumo 800w<\/span><\/h6>\n<h6><strong>suporte t\u00e9cnico inclu\u00eddo<\/strong><\/h6>","protected":false},"featured_media":2630,"comment_status":"open","ping_status":"closed","template":"","meta":{"wds_primary_product_brand":0,"wds_primary_product_cat":0},"product_brand":[],"product_cat":[41],"product_tag":[],"class_list":{"0":"post-2623","1":"product","2":"type-product","3":"status-publish","4":"has-post-thumbnail","6":"product_cat-expositor-de-alimentos","7":"product_shipping_class-hosteleria","9":"first","10":"instock","11":"sale","12":"taxable","13":"shipping-taxable","14":"purchasable","15":"product-type-simple"},"yoast_head":"<!-- This site is optimized with the Yoast SEO Premium plugin v24.9 (Yoast SEO v26.1) - https:\/\/yoast.com\/wordpress\/plugins\/seo\/ -->\n<title>Calentador de alimentos, l\u00e1mparas de calor - distribuci\u00f3n ARC<\/title>\n<meta name=\"robots\" content=\"index, follow, max-snippet:-1, max-image-preview:large, max-video-preview:-1\" \/>\n<link rel=\"canonical\" href=\"https:\/\/www.distribucionarc.com\/bg\/producto\/calentador-de-alimentos-lamparas-de-calor\/\" \/>\n<meta property=\"og:locale\" content=\"pt_PT\" \/>\n<meta property=\"og:type\" content=\"article\" \/>\n<meta property=\"og:title\" content=\"Calentador de alimentos, l\u00e1mparas de calor\" \/>\n<meta property=\"og:description\" content=\"Calentador de alimentos, l\u00e1mparas de calor La l\u00e1mpara calentadora de alimentos ARC es la m\u00e1s llamativa y funcional indicada para restaurante, hoteles, buf\u00e9s, wok, cafeter\u00edas, etc. Gracias a las luces t\u00e9rmicas sus platos se mantendr\u00e1n calientes adem\u00e1s de aportar un aspecto elegante a su local. El apetito de sus clientes se realza fuertemente gracias al color llamativo de las l\u00e1mparas de calor. Garant\u00eda\u00a0ARC\u00a02 A\u00d1OS Calentador de alimentos eficiente, bajo consumo 800w soporte t\u00e9cnico incluido\" \/>\n<meta property=\"og:url\" content=\"https:\/\/www.distribucionarc.com\/bg\/producto\/calentador-de-alimentos-lamparas-de-calor\/\" \/>\n<meta property=\"og:site_name\" content=\"distribuci\u00f3n ARC\" \/>\n<meta property=\"article:modified_time\" content=\"2020-10-01T08:42:05+00:00\" \/>\n<meta property=\"og:image\" content=\"https:\/\/distribucionarc.com\/wp-content\/uploads\/2020\/08\/Calentador-de-alimentos-l\u00e1mparas-de-calor-0.jpg\" \/>\n\t<meta property=\"og:image:width\" content=\"1001\" \/>\n\t<meta property=\"og:image:height\" content=\"1001\" \/>\n\t<meta property=\"og:image:type\" content=\"image\/jpeg\" \/>\n<meta name=\"twitter:card\" content=\"summary_large_image\" \/>\n<meta name=\"twitter:label1\" content=\"Tempo estimado de leitura\" \/>\n\t<meta name=\"twitter:data1\" content=\"1 minuto\" \/>\n<script type=\"application\/ld+json\" class=\"yoast-schema-graph\">{\"@context\":\"https:\/\/schema.org\",\"@graph\":[{\"@type\":\"WebPage\",\"@id\":\"https:\/\/www.distribucionarc.com\/bg\/producto\/calentador-de-alimentos-lamparas-de-calor\/\",\"url\":\"https:\/\/www.distribucionarc.com\/bg\/producto\/calentador-de-alimentos-lamparas-de-calor\/\",\"name\":\"Calentador de alimentos, l\u00e1mparas de calor - distribuci\u00f3n ARC\",\"isPartOf\":{\"@id\":\"https:\/\/distribucionarc.com\/bg\/#website\"},\"primaryImageOfPage\":{\"@id\":\"https:\/\/www.distribucionarc.com\/bg\/producto\/calentador-de-alimentos-lamparas-de-calor\/#primaryimage\"},\"image\":{\"@id\":\"https:\/\/www.distribucionarc.com\/bg\/producto\/calentador-de-alimentos-lamparas-de-calor\/#primaryimage\"},\"thumbnailUrl\":\"https:\/\/distribucionarc.com\/wp-content\/uploads\/2020\/08\/Calentador-de-alimentos-l\u00e1mparas-de-calor-0.jpg\",\"datePublished\":\"2020-08-19T22:27:34+00:00\",\"dateModified\":\"2020-10-01T08:42:05+00:00\",\"breadcrumb\":{\"@id\":\"https:\/\/www.distribucionarc.com\/bg\/producto\/calentador-de-alimentos-lamparas-de-calor\/#breadcrumb\"},\"inLanguage\":\"pt-PT\",\"potentialAction\":[{\"@type\":\"ReadAction\",\"target\":[\"https:\/\/www.distribucionarc.com\/bg\/producto\/calentador-de-alimentos-lamparas-de-calor\/\"]}]},{\"@type\":\"ImageObject\",\"inLanguage\":\"pt-PT\",\"@id\":\"https:\/\/www.distribucionarc.com\/bg\/producto\/calentador-de-alimentos-lamparas-de-calor\/#primaryimage\",\"url\":\"https:\/\/distribucionarc.com\/wp-content\/uploads\/2020\/08\/Calentador-de-alimentos-l\u00e1mparas-de-calor-0.jpg\",\"contentUrl\":\"https:\/\/distribucionarc.com\/wp-content\/uploads\/2020\/08\/Calentador-de-alimentos-l\u00e1mparas-de-calor-0.jpg\",\"width\":1001,\"height\":1001,\"caption\":\"Calentador de alimentos, l\u00e1mparas de calor\"},{\"@type\":\"BreadcrumbList\",\"@id\":\"https:\/\/www.distribucionarc.com\/bg\/producto\/calentador-de-alimentos-lamparas-de-calor\/#breadcrumb\",\"itemListElement\":[{\"@type\":\"ListItem\",\"position\":1,\"name\":\"Portada\",\"item\":\"https:\/\/distribucionarc.com\/nb\/\"},{\"@type\":\"ListItem\",\"position\":2,\"name\":\"Products\",\"item\":\"https:\/\/www.distribucionarc.com\/en\/shop\/\"},{\"@type\":\"ListItem\",\"position\":3,\"name\":\"Calentador de alimentos, l\u00e1mparas de calor\"}]},{\"@type\":\"WebSite\",\"@id\":\"https:\/\/distribucionarc.com\/bg\/#website\",\"url\":\"https:\/\/distribucionarc.com\/bg\/\",\"name\":\"distribuci\u00f3n ARC\",\"description\":\"Empresa especializada en la fabricaci\u00f3n y distribuci\u00f3n de maquinaria industrial, selladoras de latas, Maquinas de hacer pastillas, Maquinas de cortar carne...\",\"publisher\":{\"@id\":\"https:\/\/distribucionarc.com\/bg\/#organization\"},\"potentialAction\":[{\"@type\":\"SearchAction\",\"target\":{\"@type\":\"EntryPoint\",\"urlTemplate\":\"https:\/\/distribucionarc.com\/bg\/?s={search_term_string}\"},\"query-input\":{\"@type\":\"PropertyValueSpecification\",\"valueRequired\":true,\"valueName\":\"search_term_string\"}}],\"inLanguage\":\"pt-PT\"},{\"@type\":\"Organization\",\"@id\":\"https:\/\/distribucionarc.com\/bg\/#organization\",\"name\":\"Distribuci\u00f3n ARC\",\"url\":\"https:\/\/distribucionarc.com\/bg\/\",\"logo\":{\"@type\":\"ImageObject\",\"inLanguage\":\"pt-PT\",\"@id\":\"https:\/\/distribucionarc.com\/bg\/#\/schema\/logo\/image\/\",\"url\":\"https:\/\/distribucionarc.com\/wp-content\/uploads\/2024\/10\/distribucion-ARC-COLOR-SIN-FONDO-e1732295305345.png\",\"contentUrl\":\"https:\/\/distribucionarc.com\/wp-content\/uploads\/2024\/10\/distribucion-ARC-COLOR-SIN-FONDO-e1732295305345.png\",\"width\":1164,\"height\":558,\"caption\":\"Distribuci\u00f3n ARC\"},\"image\":{\"@id\":\"https:\/\/distribucionarc.com\/bg\/#\/schema\/logo\/image\/\"},\"description\":\"Empresa especializada en la fabricaci\u00f3n y distribuci\u00f3n de maquinaria industrial para los sectores alimentario y farmac\u00e9utico. Nos especializamos en: M\u00e1quinas de cortar carne Fabricaci\u00f3n de comprimidos Sistemas de transporte industrial L\u00edneas de embotellado Dosificadores Y mucho m\u00e1s... Ofrecemos soluciones innovadoras y personalizadas para optimizar los procesos productivos de tu empresa.\",\"email\":\"Admistracion@distribucionarc.com\",\"telephone\":\"+34 643496664\",\"legalName\":\"ARC TECH SOLUTIONS\",\"foundingDate\":\"2024-04-09\",\"vatID\":\"B55480172\",\"numberOfEmployees\":{\"@type\":\"QuantitativeValue\",\"minValue\":\"1\",\"maxValue\":\"10\"}}]}<\/script>\n<!-- \/ Yoast SEO Premium plugin. -->","yoast_head_json":{"title":"Aquecedor de alimentos, l\u00e2mpadas de calor - distribui\u00e7\u00e3o ARC","robots":{"index":"index","follow":"follow","max-snippet":"max-snippet:-1","max-image-preview":"max-image-preview:large","max-video-preview":"max-video-preview:-1"},"canonical":"https:\/\/www.distribucionarc.com\/bg\/producto\/calentador-de-alimentos-lamparas-de-calor\/","og_locale":"pt_PT","og_type":"article","og_title":"Calentador de alimentos, l\u00e1mparas de calor","og_description":"Calentador de alimentos, l\u00e1mparas de calor La l\u00e1mpara calentadora de alimentos ARC es la m\u00e1s llamativa y funcional indicada para restaurante, hoteles, buf\u00e9s, wok, cafeter\u00edas, etc. Gracias a las luces t\u00e9rmicas sus platos se mantendr\u00e1n calientes adem\u00e1s de aportar un aspecto elegante a su local. El apetito de sus clientes se realza fuertemente gracias al color llamativo de las l\u00e1mparas de calor. Garant\u00eda\u00a0ARC\u00a02 A\u00d1OS Calentador de alimentos eficiente, bajo consumo 800w soporte t\u00e9cnico incluido","og_url":"https:\/\/www.distribucionarc.com\/bg\/producto\/calentador-de-alimentos-lamparas-de-calor\/","og_site_name":"distribuci\u00f3n ARC","article_modified_time":"2020-10-01T08:42:05+00:00","og_image":[{"width":1001,"height":1001,"url":"https:\/\/distribucionarc.com\/wp-content\/uploads\/2020\/08\/Calentador-de-alimentos-l\u00e1mparas-de-calor-0.jpg","type":"image\/jpeg"}],"twitter_card":"summary_large_image","twitter_misc":{"Tempo estimado de leitura":"1 minuto"},"schema":{"@context":"https:\/\/schema.org","@graph":[{"@type":"WebPage","@id":"https:\/\/www.distribucionarc.com\/bg\/producto\/calentador-de-alimentos-lamparas-de-calor\/","url":"https:\/\/www.distribucionarc.com\/bg\/producto\/calentador-de-alimentos-lamparas-de-calor\/","name":"Aquecedor de alimentos, l\u00e2mpadas de calor - distribui\u00e7\u00e3o ARC","isPartOf":{"@id":"https:\/\/distribucionarc.com\/bg\/#website"},"primaryImageOfPage":{"@id":"https:\/\/www.distribucionarc.com\/bg\/producto\/calentador-de-alimentos-lamparas-de-calor\/#primaryimage"},"image":{"@id":"https:\/\/www.distribucionarc.com\/bg\/producto\/calentador-de-alimentos-lamparas-de-calor\/#primaryimage"},"thumbnailUrl":"https:\/\/distribucionarc.com\/wp-content\/uploads\/2020\/08\/Calentador-de-alimentos-l\u00e1mparas-de-calor-0.jpg","datePublished":"2020-08-19T22:27:34+00:00","dateModified":"2020-10-01T08:42:05+00:00","breadcrumb":{"@id":"https:\/\/www.distribucionarc.com\/bg\/producto\/calentador-de-alimentos-lamparas-de-calor\/#breadcrumb"},"inLanguage":"pt-PT","potentialAction":[{"@type":"ReadAction","target":["https:\/\/www.distribucionarc.com\/bg\/producto\/calentador-de-alimentos-lamparas-de-calor\/"]}]},{"@type":"ImageObject","inLanguage":"pt-PT","@id":"https:\/\/www.distribucionarc.com\/bg\/producto\/calentador-de-alimentos-lamparas-de-calor\/#primaryimage","url":"https:\/\/distribucionarc.com\/wp-content\/uploads\/2020\/08\/Calentador-de-alimentos-l\u00e1mparas-de-calor-0.jpg","contentUrl":"https:\/\/distribucionarc.com\/wp-content\/uploads\/2020\/08\/Calentador-de-alimentos-l\u00e1mparas-de-calor-0.jpg","width":1001,"height":1001,"caption":"Calentador de alimentos, l\u00e1mparas de calor"},{"@type":"BreadcrumbList","@id":"https:\/\/www.distribucionarc.com\/bg\/producto\/calentador-de-alimentos-lamparas-de-calor\/#breadcrumb","itemListElement":[{"@type":"ListItem","position":1,"name":"Portada","item":"https:\/\/distribucionarc.com\/nb\/"},{"@type":"ListItem","position":2,"name":"Products","item":"https:\/\/www.distribucionarc.com\/en\/shop\/"},{"@type":"ListItem","position":3,"name":"Calentador de alimentos, l\u00e1mparas de calor"}]},{"@type":"WebSite","@id":"https:\/\/distribucionarc.com\/bg\/#website","url":"https:\/\/distribucionarc.com\/bg\/","name":"Distribui\u00e7\u00e3o ARC","description":"Empresa especializada no fabrico e distribui\u00e7\u00e3o de m\u00e1quinas industriais, m\u00e1quinas de selar latas, m\u00e1quinas de fazer comprimidos, m\u00e1quinas de cortar carne...","publisher":{"@id":"https:\/\/distribucionarc.com\/bg\/#organization"},"potentialAction":[{"@type":"SearchAction","target":{"@type":"EntryPoint","urlTemplate":"https:\/\/distribucionarc.com\/bg\/?s={search_term_string}"},"query-input":{"@type":"PropertyValueSpecification","valueRequired":true,"valueName":"search_term_string"}}],"inLanguage":"pt-PT"},{"@type":"Organization","@id":"https:\/\/distribucionarc.com\/bg\/#organization","name":"Distribui\u00e7\u00e3o ARC","url":"https:\/\/distribucionarc.com\/bg\/","logo":{"@type":"ImageObject","inLanguage":"pt-PT","@id":"https:\/\/distribucionarc.com\/bg\/#\/schema\/logo\/image\/","url":"https:\/\/distribucionarc.com\/wp-content\/uploads\/2024\/10\/distribucion-ARC-COLOR-SIN-FONDO-e1732295305345.png","contentUrl":"https:\/\/distribucionarc.com\/wp-content\/uploads\/2024\/10\/distribucion-ARC-COLOR-SIN-FONDO-e1732295305345.png","width":1164,"height":558,"caption":"Distribuci\u00f3n ARC"},"image":{"@id":"https:\/\/distribucionarc.com\/bg\/#\/schema\/logo\/image\/"},"description":"Empresa especializada no fabrico e distribui\u00e7\u00e3o de m\u00e1quinas industriais para os sectores alimentar e farmac\u00eautico. Somos especializados em: M\u00e1quinas de cortar carne Fabrico de comprimidos Sistemas de transporte industrial Linhas de engarrafamento Dispensadores E muito mais... Oferecemos solu\u00e7\u00f5es inovadoras e personalizadas para otimizar os processos de produ\u00e7\u00e3o da sua empresa.","email":"Admistracion@distribucionarc.com","telephone":"+34 643496664","legalName":"ARC TECH SOLUTIONS","foundingDate":"2024-04-09","vatID":"B55480172","numberOfEmployees":{"@type":"QuantitativeValue","minValue":"1","maxValue":"10"}}]}},"_links":{"self":[{"href":"https:\/\/distribucionarc.com\/pt\/wp-json\/wp\/v2\/product\/2623","targetHints":{"allow":["GET"]}}],"collection":[{"href":"https:\/\/distribucionarc.com\/pt\/wp-json\/wp\/v2\/product"}],"about":[{"href":"https:\/\/distribucionarc.com\/pt\/wp-json\/wp\/v2\/types\/product"}],"replies":[{"embeddable":true,"href":"https:\/\/distribucionarc.com\/pt\/wp-json\/wp\/v2\/comments?post=2623"}],"version-history":[{"count":0,"href":"https:\/\/distribucionarc.com\/pt\/wp-json\/wp\/v2\/product\/2623\/revisions"}],"wp:featuredmedia":[{"embeddable":true,"href":"https:\/\/distribucionarc.com\/pt\/wp-json\/wp\/v2\/media\/2630"}],"wp:attachment":[{"href":"https:\/\/distribucionarc.com\/pt\/wp-json\/wp\/v2\/media?parent=2623"}],"wp:term":[{"taxonomy":"product_brand","embeddable":true,"href":"https:\/\/distribucionarc.com\/pt\/wp-json\/wp\/v2\/product_brand?post=2623"},{"taxonomy":"product_cat","embeddable":true,"href":"https:\/\/distribucionarc.com\/pt\/wp-json\/wp\/v2\/product_cat?post=2623"},{"taxonomy":"product_tag","embeddable":true,"href":"https:\/\/distribucionarc.com\/pt\/wp-json\/wp\/v2\/product_tag?post=2623"}],"curies":[{"name":"wp","href":"https:\/\/api.w.org\/{rel}","templated":true}]}}