{"id":2698,"date":"2020-08-20T15:47:46","date_gmt":"2020-08-20T15:47:46","guid":{"rendered":"https:\/\/distribucionarc.com\/?post_type=product&#038;p=2698"},"modified":"2020-10-01T09:35:32","modified_gmt":"2020-10-01T09:35:32","slug":"sonda-com-camera-inspecao-de-tubos","status":"publish","type":"product","link":"https:\/\/distribucionarc.com\/pt\/producto\/sonda-con-camara-inspeccion-de-tuberias\/","title":{"rendered":"Sonda com c\u00e2mera, inspe\u00e7\u00e3o de tubos\u00a0"},"content":{"rendered":"<h3>Sonda com c\u00e2mera, inspe\u00e7\u00e3o de tubos<\/h3>\n<p style=\"line-height: 21.0pt;\"><span style=\"font-size: 13.0pt; font-family: 'Arial',sans-serif; color: black;\">O<strong> c\u00e2mera de inspe\u00e7\u00e3o de tubos <span style=\"color: #ff0000;\">PARA<\/span><span style=\"color: #0000ff;\">R<\/span>c<\/strong> Ele combina uma sonda com ponta de c\u00e2mera e um monitor LCD de 7 polegadas para visualizar \u00e1reas de inspe\u00e7\u00e3o de dif\u00edcil acesso. O <strong>C\u00e2mera HD com \u00e2ngulo de vis\u00e3o de 145\u00ba<\/strong>, eles lhe dar\u00e3o uma imagem completa e clara. A bateria pode ser usada por 8 horas, em bom estado.<\/span><\/p>\n<p style=\"line-height: 21.0pt;\"><span style=\"font-size: 13.0pt; font-family: 'Arial',sans-serif; color: black;\">O protetor de couro garante uma vis\u00e3o clara na inspe\u00e7\u00e3o externa e prote\u00e7\u00e3o adicional para o monitor.<\/span> <span style=\"font-size: 13.0pt; font-family: 'Arial',sans-serif; color: black;\">A caixa de alum\u00ednio de design integrado \u00e9 f\u00e1cil de usar, n\u00e3o requer montagem, todos os acess\u00f3rios podem ser acomodados na caixa para um transporte seguro, dur\u00e1vel e resistente.<\/span><\/p>\n<p style=\"line-height: 21.0pt;\"><span style=\"font-size: 13.0pt; font-family: 'Arial',sans-serif; color: black;\">O comprimento do cabo de extens\u00e3o <strong>Sonda com c\u00e2mera <span style=\"color: #ff0000;\">PARA<\/span><span style=\"color: #0000ff;\">R<\/span>CSCT2<\/strong> Dispon\u00edvel \u00e9 30m, resistente ao frio, \u00e0 prova d&#039;\u00e1gua e resistente \u00e0 tra\u00e7\u00e3o. Design \u00e0 prova d&#039;\u00e1gua IP68, dur\u00e1vel para suportar v\u00e1rios ambientes.<\/span><\/p>\n<h6><strong>Garantia\u00a0<span style=\"color: #ff0000;\">PARA<\/span><span style=\"color: #0000ff;\">R<\/span>C 2 ANOS<\/strong><\/h6>\n<h6><span style=\"color: #008000;\">Dura\u00e7\u00e3o da bateria 8h<\/span><\/h6>\n<h6><strong>suporte t\u00e9cnico inclu\u00eddo<\/strong><\/h6>\n<p>&nbsp;<\/p>\n<table role=\"presentation\" width=\"100%\" cellspacing=\"0\" cellpadding=\"0\">\n<tbody>\n<tr>\n<td class=\"attrLabels\">Marca:<\/td>\n<td width=\"50.0%\">ARCO<\/td>\n<\/tr>\n<tr>\n<td class=\"attrLabels\">Pa\u00eds de distribui\u00e7\u00e3o:<\/td>\n<td width=\"50.0%\">Espanha, Alemanha, EUA<\/td>\n<td class=\"attrLabels\">Peso:<\/td>\n<td width=\"50.0%\">15kg<\/td>\n<\/tr>\n<tr>\n<td class=\"attrLabels\">Marca:<\/td>\n<td width=\"50.0%\">ARCO<\/td>\n<td class=\"attrLabels\">Comprimento do cabo:<\/td>\n<td width=\"50.0%\">30cm<\/td>\n<\/tr>\n<tr>\n<td class=\"attrLabels\">Cor:<\/td>\n<td width=\"50.0%\">prata, preto<\/td>\n<td class=\"attrLabels\">Monitorar pixels:<\/td>\n<td width=\"50.0%\">800(A) x 480(V)<\/td>\n<\/tr>\n<tr>\n<td class=\"attrLabels\">Tipo de produto:<\/td>\n<td width=\"50.0%\">C\u00e2mera de inspe\u00e7\u00e3o de tubos<\/td>\n<td class=\"attrLabels\">Vida \u00fatil da bateria:<\/td>\n<td width=\"50.0%\">8 horas<\/td>\n<\/tr>\n<tr>\n<td class=\"attrLabels\">N\u00famero do fabricante:<\/td>\n<td width=\"50.0%\">ARCSCT2<\/td>\n<td class=\"attrLabels\">Amplificadores de bateria:<\/td>\n<td width=\"50.0%\">250 W<\/td>\n<\/tr>\n<tr>\n<td class=\"attrLabels\">Material:<\/td>\n<td width=\"50.0%\">C\u00e2mera HD, protetor de couro<\/td>\n<td class=\"attrLabels\">tens\u00e3o de entrada<\/td>\n<td width=\"50.0%\">220 V \u2013 60 Hz<\/td>\n<\/tr>\n<tr>\n<td class=\"attrLabels\">Garantia:<\/td>\n<td width=\"50.0%\">\u00a0 2 anos<\/td>\n<td class=\"attrLabels\">Carregador:<\/td>\n<td width=\"50.0%\">AC100-240V DC12.6V 1000MA<\/td>\n<\/tr>\n<tr>\n<td class=\"attrLabels\">Ferramentas de instala\u00e7\u00e3o:<\/td>\n<td width=\"50.0%\">Sim<\/td>\n<td class=\"attrLabels\">\u00a0Fonte de luz da c\u00e2mera:<\/td>\n<td width=\"50.0%\">6 PCS 1W LED com luz branca alta (ajust\u00e1vel)<\/td>\n<\/tr>\n<\/tbody>\n<\/table>\n<p>&nbsp;<\/p>\n<p>&nbsp;<\/p>","protected":false},"excerpt":{"rendered":"<h2><strong>Sonda com c\u00e2mera, inspe\u00e7\u00e3o de tubos\u00a0<\/strong><\/h2>\n<p><span style=\"font-size: 13.0pt; font-family: 'Arial',sans-serif; color: black; font-weight: normal;\"><span style=\"background: white;\"><span style=\"text-align: start; float: none;\">O<strong> c\u00e2mera de inspe\u00e7\u00e3o de tubos <span style=\"color: #ff0000;\">PARA<\/span><span style=\"color: #0000ff;\">R<\/span>c<\/strong> Ele combina uma sonda com uma c\u00e2mera na ponta acompanhada por um monitor LCD de 7 polegadas para visualizar \u00e1reas de inspe\u00e7\u00e3o de dif\u00edcil acesso. A luxuosa bagagem de couro oferece uma vis\u00e3o clara na inspe\u00e7\u00e3o externa e prote\u00e7\u00e3o adicional para o monitor. Acompanha caixa totalmente acolchoada que armazena todos os kits para f\u00e1cil transporte e utiliza\u00e7\u00e3o. Elimina a necessidade de desmontar drywall para localizar vazamentos e ajuda a resolver problemas de encanamento.<\/span><\/span><\/span><\/p>\n<h6><strong>Garantia\u00a0<span style=\"color: #ff0000;\">PARA<\/span><span style=\"color: #0000ff;\">R<\/span>C 2 ANOS<\/strong><\/h6>\n<h6><span style=\"color: #008000;\">Dura\u00e7\u00e3o da bateria 8h<\/span><\/h6>\n<h6><strong>suporte t\u00e9cnico inclu\u00eddo<\/strong><\/h6>","protected":false},"featured_media":2700,"comment_status":"open","ping_status":"closed","template":"","meta":{"wds_primary_product_brand":0,"wds_primary_product_cat":0},"product_brand":[],"product_cat":[69],"product_tag":[],"class_list":{"0":"post-2698","1":"product","2":"type-product","3":"status-publish","4":"has-post-thumbnail","6":"product_cat-maquinas-variadas","7":"product_shipping_class-express","9":"first","10":"instock","11":"sale","12":"taxable","13":"shipping-taxable","14":"purchasable","15":"product-type-simple"},"yoast_head":"<!-- This site is optimized with the Yoast SEO Premium plugin v24.9 (Yoast SEO v26.1) - https:\/\/yoast.com\/wordpress\/plugins\/seo\/ -->\n<title>Sonda con c\u00e1mara, inspecci\u00f3n de tuber\u00edas\u00a0 - distribuci\u00f3n ARC<\/title>\n<meta name=\"robots\" content=\"index, follow, max-snippet:-1, max-image-preview:large, max-video-preview:-1\" \/>\n<link rel=\"canonical\" href=\"https:\/\/distribucionarc.com\/pt\/produto\/sonda-com-camera-inspecao-de-tubos\/\" \/>\n<meta property=\"og:locale\" content=\"pt_PT\" \/>\n<meta property=\"og:type\" content=\"article\" \/>\n<meta property=\"og:title\" content=\"Sonda con c\u00e1mara, inspecci\u00f3n de tuber\u00edas\u00a0\" \/>\n<meta property=\"og:description\" content=\"Sonda con c\u00e1mara, inspecci\u00f3n de tuber\u00edas\u00a0 La c\u00e1mara de inspecci\u00f3n de tuber\u00edas ARC combina una sonda con una c\u00e1mara en la punta acompa\u00f1ada de un monitor LCD de 7 pulgadas para ver el \u00e1rea de inspecci\u00f3n de dif\u00edcil acceso. El equipaje de cuero de lujo proporciona una visi\u00f3n clara en la inspecci\u00f3n al aire libre y protecci\u00f3n adicional para el monitor. Viene con una caja totalmente acolchada que almacena todos los kits para facilitar el transporte y el uso.\u00a0 Elimina las necesidad de desgarramiento de paneles de yeso para localizar fugas y ayuda a resolver problemas de tuber\u00edas. Garant\u00eda\u00a0ARC 2 A\u00d1OS Duraci\u00f3n de la bater\u00eda 8h soporte t\u00e9cnico incluido\" \/>\n<meta property=\"og:url\" content=\"https:\/\/distribucionarc.com\/pt\/produto\/sonda-com-camera-inspecao-de-tubos\/\" \/>\n<meta property=\"og:site_name\" content=\"distribuci\u00f3n ARC\" \/>\n<meta property=\"article:modified_time\" content=\"2020-10-01T09:35:32+00:00\" \/>\n<meta property=\"og:image\" content=\"https:\/\/distribucionarc.com\/wp-content\/uploads\/2020\/08\/Sonda-con-c\u00e1mara-inspecci\u00f3n-de-tuber\u00edas-2.jpg\" \/>\n\t<meta property=\"og:image:width\" content=\"1001\" \/>\n\t<meta property=\"og:image:height\" content=\"1001\" \/>\n\t<meta property=\"og:image:type\" content=\"image\/jpeg\" \/>\n<meta name=\"twitter:card\" content=\"summary_large_image\" \/>\n<meta name=\"twitter:label1\" content=\"Tempo estimado de leitura\" \/>\n\t<meta name=\"twitter:data1\" content=\"1 minuto\" \/>\n<script type=\"application\/ld+json\" class=\"yoast-schema-graph\">{\"@context\":\"https:\/\/schema.org\",\"@graph\":[{\"@type\":\"WebPage\",\"@id\":\"https:\/\/distribucionarc.com\/pt\/producto\/sonda-con-camara-inspeccion-de-tuberias\/\",\"url\":\"https:\/\/distribucionarc.com\/pt\/producto\/sonda-con-camara-inspeccion-de-tuberias\/\",\"name\":\"Sonda con c\u00e1mara, inspecci\u00f3n de tuber\u00edas\u00a0 - distribuci\u00f3n ARC\",\"isPartOf\":{\"@id\":\"https:\/\/distribucionarc.com\/de\/#website\"},\"primaryImageOfPage\":{\"@id\":\"https:\/\/distribucionarc.com\/pt\/producto\/sonda-con-camara-inspeccion-de-tuberias\/#primaryimage\"},\"image\":{\"@id\":\"https:\/\/distribucionarc.com\/pt\/producto\/sonda-con-camara-inspeccion-de-tuberias\/#primaryimage\"},\"thumbnailUrl\":\"https:\/\/distribucionarc.com\/wp-content\/uploads\/2020\/08\/Sonda-con-c\u00e1mara-inspecci\u00f3n-de-tuber\u00edas-2.jpg\",\"datePublished\":\"2020-08-20T15:47:46+00:00\",\"dateModified\":\"2020-10-01T09:35:32+00:00\",\"breadcrumb\":{\"@id\":\"https:\/\/distribucionarc.com\/pt\/producto\/sonda-con-camara-inspeccion-de-tuberias\/#breadcrumb\"},\"inLanguage\":\"pt-PT\",\"potentialAction\":[{\"@type\":\"ReadAction\",\"target\":[\"https:\/\/distribucionarc.com\/pt\/producto\/sonda-con-camara-inspeccion-de-tuberias\/\"]}]},{\"@type\":\"ImageObject\",\"inLanguage\":\"pt-PT\",\"@id\":\"https:\/\/distribucionarc.com\/pt\/producto\/sonda-con-camara-inspeccion-de-tuberias\/#primaryimage\",\"url\":\"https:\/\/distribucionarc.com\/wp-content\/uploads\/2020\/08\/Sonda-con-c\u00e1mara-inspecci\u00f3n-de-tuber\u00edas-2.jpg\",\"contentUrl\":\"https:\/\/distribucionarc.com\/wp-content\/uploads\/2020\/08\/Sonda-con-c\u00e1mara-inspecci\u00f3n-de-tuber\u00edas-2.jpg\",\"width\":1001,\"height\":1001,\"caption\":\"Sonda con c\u00e1mara, inspecci\u00f3n de tuber\u00edas\u00a0\"},{\"@type\":\"BreadcrumbList\",\"@id\":\"https:\/\/distribucionarc.com\/pt\/producto\/sonda-con-camara-inspeccion-de-tuberias\/#breadcrumb\",\"itemListElement\":[{\"@type\":\"ListItem\",\"position\":1,\"name\":\"Portada\",\"item\":\"https:\/\/distribucionarc.com\/pl\/\"},{\"@type\":\"ListItem\",\"position\":2,\"name\":\"Produkty\",\"item\":\"https:\/\/distribucionarc.com\/pl\/shop\/\"},{\"@type\":\"ListItem\",\"position\":3,\"name\":\"Sonda con c\u00e1mara, inspecci\u00f3n de tuber\u00edas\u00a0\"}]},{\"@type\":\"WebSite\",\"@id\":\"https:\/\/distribucionarc.com\/de\/#website\",\"url\":\"https:\/\/distribucionarc.com\/de\/\",\"name\":\"distribuci\u00f3n ARC\",\"description\":\"Empresa especializada en la fabricaci\u00f3n y distribuci\u00f3n de maquinaria industrial, selladoras de latas, Maquinas de hacer pastillas, Maquinas de cortar carne...\",\"publisher\":{\"@id\":\"https:\/\/distribucionarc.com\/de\/#organization\"},\"potentialAction\":[{\"@type\":\"SearchAction\",\"target\":{\"@type\":\"EntryPoint\",\"urlTemplate\":\"https:\/\/distribucionarc.com\/de\/?s={search_term_string}\"},\"query-input\":{\"@type\":\"PropertyValueSpecification\",\"valueRequired\":true,\"valueName\":\"search_term_string\"}}],\"inLanguage\":\"pt-PT\"},{\"@type\":\"Organization\",\"@id\":\"https:\/\/distribucionarc.com\/de\/#organization\",\"name\":\"Distribuci\u00f3n ARC\",\"url\":\"https:\/\/distribucionarc.com\/de\/\",\"logo\":{\"@type\":\"ImageObject\",\"inLanguage\":\"pt-PT\",\"@id\":\"https:\/\/distribucionarc.com\/de\/#\/schema\/logo\/image\/\",\"url\":\"https:\/\/distribucionarc.com\/wp-content\/uploads\/2024\/10\/distribucion-ARC-COLOR-SIN-FONDO-e1732295305345.png\",\"contentUrl\":\"https:\/\/distribucionarc.com\/wp-content\/uploads\/2024\/10\/distribucion-ARC-COLOR-SIN-FONDO-e1732295305345.png\",\"width\":1164,\"height\":558,\"caption\":\"Distribuci\u00f3n ARC\"},\"image\":{\"@id\":\"https:\/\/distribucionarc.com\/de\/#\/schema\/logo\/image\/\"},\"description\":\"Empresa especializada en la fabricaci\u00f3n y distribuci\u00f3n de maquinaria industrial para los sectores alimentario y farmac\u00e9utico. Nos especializamos en: M\u00e1quinas de cortar carne Fabricaci\u00f3n de comprimidos Sistemas de transporte industrial L\u00edneas de embotellado Dosificadores Y mucho m\u00e1s... Ofrecemos soluciones innovadoras y personalizadas para optimizar los procesos productivos de tu empresa.\",\"email\":\"Admistracion@distribucionarc.com\",\"telephone\":\"+34 643496664\",\"legalName\":\"ARC TECH SOLUTIONS\",\"foundingDate\":\"2024-04-09\",\"vatID\":\"B55480172\",\"numberOfEmployees\":{\"@type\":\"QuantitativeValue\",\"minValue\":\"1\",\"maxValue\":\"10\"}}]}<\/script>\n<!-- \/ Yoast SEO Premium plugin. -->","yoast_head_json":{"title":"Sonda com c\u00e2mera, inspe\u00e7\u00e3o de tubos - distribui\u00e7\u00e3o ARC","robots":{"index":"index","follow":"follow","max-snippet":"max-snippet:-1","max-image-preview":"max-image-preview:large","max-video-preview":"max-video-preview:-1"},"canonical":"https:\/\/distribucionarc.com\/pt\/produto\/sonda-com-camera-inspecao-de-tubos\/","og_locale":"pt_PT","og_type":"article","og_title":"Sonda con c\u00e1mara, inspecci\u00f3n de tuber\u00edas\u00a0","og_description":"Sonda con c\u00e1mara, inspecci\u00f3n de tuber\u00edas\u00a0 La c\u00e1mara de inspecci\u00f3n de tuber\u00edas ARC combina una sonda con una c\u00e1mara en la punta acompa\u00f1ada de un monitor LCD de 7 pulgadas para ver el \u00e1rea de inspecci\u00f3n de dif\u00edcil acceso. El equipaje de cuero de lujo proporciona una visi\u00f3n clara en la inspecci\u00f3n al aire libre y protecci\u00f3n adicional para el monitor. Viene con una caja totalmente acolchada que almacena todos los kits para facilitar el transporte y el uso.\u00a0 Elimina las necesidad de desgarramiento de paneles de yeso para localizar fugas y ayuda a resolver problemas de tuber\u00edas. Garant\u00eda\u00a0ARC 2 A\u00d1OS Duraci\u00f3n de la bater\u00eda 8h soporte t\u00e9cnico incluido","og_url":"https:\/\/distribucionarc.com\/pt\/produto\/sonda-com-camera-inspecao-de-tubos\/","og_site_name":"distribuci\u00f3n ARC","article_modified_time":"2020-10-01T09:35:32+00:00","og_image":[{"width":1001,"height":1001,"url":"https:\/\/distribucionarc.com\/wp-content\/uploads\/2020\/08\/Sonda-con-c\u00e1mara-inspecci\u00f3n-de-tuber\u00edas-2.jpg","type":"image\/jpeg"}],"twitter_card":"summary_large_image","twitter_misc":{"Tempo estimado de leitura":"1 minuto"},"schema":{"@context":"https:\/\/schema.org","@graph":[{"@type":"WebPage","@id":"https:\/\/distribucionarc.com\/pt\/producto\/sonda-con-camara-inspeccion-de-tuberias\/","url":"https:\/\/distribucionarc.com\/pt\/producto\/sonda-con-camara-inspeccion-de-tuberias\/","name":"Sonda com c\u00e2mera, inspe\u00e7\u00e3o de tubos - distribui\u00e7\u00e3o ARC","isPartOf":{"@id":"https:\/\/distribucionarc.com\/de\/#website"},"primaryImageOfPage":{"@id":"https:\/\/distribucionarc.com\/pt\/producto\/sonda-con-camara-inspeccion-de-tuberias\/#primaryimage"},"image":{"@id":"https:\/\/distribucionarc.com\/pt\/producto\/sonda-con-camara-inspeccion-de-tuberias\/#primaryimage"},"thumbnailUrl":"https:\/\/distribucionarc.com\/wp-content\/uploads\/2020\/08\/Sonda-con-c\u00e1mara-inspecci\u00f3n-de-tuber\u00edas-2.jpg","datePublished":"2020-08-20T15:47:46+00:00","dateModified":"2020-10-01T09:35:32+00:00","breadcrumb":{"@id":"https:\/\/distribucionarc.com\/pt\/producto\/sonda-con-camara-inspeccion-de-tuberias\/#breadcrumb"},"inLanguage":"pt-PT","potentialAction":[{"@type":"ReadAction","target":["https:\/\/distribucionarc.com\/pt\/producto\/sonda-con-camara-inspeccion-de-tuberias\/"]}]},{"@type":"ImageObject","inLanguage":"pt-PT","@id":"https:\/\/distribucionarc.com\/pt\/producto\/sonda-con-camara-inspeccion-de-tuberias\/#primaryimage","url":"https:\/\/distribucionarc.com\/wp-content\/uploads\/2020\/08\/Sonda-con-c\u00e1mara-inspecci\u00f3n-de-tuber\u00edas-2.jpg","contentUrl":"https:\/\/distribucionarc.com\/wp-content\/uploads\/2020\/08\/Sonda-con-c\u00e1mara-inspecci\u00f3n-de-tuber\u00edas-2.jpg","width":1001,"height":1001,"caption":"Sonda con c\u00e1mara, inspecci\u00f3n de tuber\u00edas\u00a0"},{"@type":"BreadcrumbList","@id":"https:\/\/distribucionarc.com\/pt\/producto\/sonda-con-camara-inspeccion-de-tuberias\/#breadcrumb","itemListElement":[{"@type":"ListItem","position":1,"name":"Portada","item":"https:\/\/distribucionarc.com\/pl\/"},{"@type":"ListItem","position":2,"name":"Produkty","item":"https:\/\/distribucionarc.com\/pl\/shop\/"},{"@type":"ListItem","position":3,"name":"Sonda con c\u00e1mara, inspecci\u00f3n de tuber\u00edas\u00a0"}]},{"@type":"WebSite","@id":"https:\/\/distribucionarc.com\/de\/#website","url":"https:\/\/distribucionarc.com\/de\/","name":"Distribui\u00e7\u00e3o ARC","description":"Empresa especializada no fabrico e distribui\u00e7\u00e3o de m\u00e1quinas industriais, m\u00e1quinas de selar latas, m\u00e1quinas de fazer comprimidos, m\u00e1quinas de cortar carne...","publisher":{"@id":"https:\/\/distribucionarc.com\/de\/#organization"},"potentialAction":[{"@type":"SearchAction","target":{"@type":"EntryPoint","urlTemplate":"https:\/\/distribucionarc.com\/de\/?s={search_term_string}"},"query-input":{"@type":"PropertyValueSpecification","valueRequired":true,"valueName":"search_term_string"}}],"inLanguage":"pt-PT"},{"@type":"Organization","@id":"https:\/\/distribucionarc.com\/de\/#organization","name":"Distribui\u00e7\u00e3o ARC","url":"https:\/\/distribucionarc.com\/de\/","logo":{"@type":"ImageObject","inLanguage":"pt-PT","@id":"https:\/\/distribucionarc.com\/de\/#\/schema\/logo\/image\/","url":"https:\/\/distribucionarc.com\/wp-content\/uploads\/2024\/10\/distribucion-ARC-COLOR-SIN-FONDO-e1732295305345.png","contentUrl":"https:\/\/distribucionarc.com\/wp-content\/uploads\/2024\/10\/distribucion-ARC-COLOR-SIN-FONDO-e1732295305345.png","width":1164,"height":558,"caption":"Distribuci\u00f3n ARC"},"image":{"@id":"https:\/\/distribucionarc.com\/de\/#\/schema\/logo\/image\/"},"description":"Empresa especializada no fabrico e distribui\u00e7\u00e3o de m\u00e1quinas industriais para os sectores alimentar e farmac\u00eautico. Somos especializados em: M\u00e1quinas de cortar carne Fabrico de comprimidos Sistemas de transporte industrial Linhas de engarrafamento Dispensadores E muito mais... Oferecemos solu\u00e7\u00f5es inovadoras e personalizadas para otimizar os processos de produ\u00e7\u00e3o da sua empresa.","email":"Admistracion@distribucionarc.com","telephone":"+34 643496664","legalName":"ARC TECH SOLUTIONS","foundingDate":"2024-04-09","vatID":"B55480172","numberOfEmployees":{"@type":"QuantitativeValue","minValue":"1","maxValue":"10"}}]}},"_links":{"self":[{"href":"https:\/\/distribucionarc.com\/pt\/wp-json\/wp\/v2\/product\/2698","targetHints":{"allow":["GET"]}}],"collection":[{"href":"https:\/\/distribucionarc.com\/pt\/wp-json\/wp\/v2\/product"}],"about":[{"href":"https:\/\/distribucionarc.com\/pt\/wp-json\/wp\/v2\/types\/product"}],"replies":[{"embeddable":true,"href":"https:\/\/distribucionarc.com\/pt\/wp-json\/wp\/v2\/comments?post=2698"}],"version-history":[{"count":0,"href":"https:\/\/distribucionarc.com\/pt\/wp-json\/wp\/v2\/product\/2698\/revisions"}],"wp:featuredmedia":[{"embeddable":true,"href":"https:\/\/distribucionarc.com\/pt\/wp-json\/wp\/v2\/media\/2700"}],"wp:attachment":[{"href":"https:\/\/distribucionarc.com\/pt\/wp-json\/wp\/v2\/media?parent=2698"}],"wp:term":[{"taxonomy":"product_brand","embeddable":true,"href":"https:\/\/distribucionarc.com\/pt\/wp-json\/wp\/v2\/product_brand?post=2698"},{"taxonomy":"product_cat","embeddable":true,"href":"https:\/\/distribucionarc.com\/pt\/wp-json\/wp\/v2\/product_cat?post=2698"},{"taxonomy":"product_tag","embeddable":true,"href":"https:\/\/distribucionarc.com\/pt\/wp-json\/wp\/v2\/product_tag?post=2698"}],"curies":[{"name":"wp","href":"https:\/\/api.w.org\/{rel}","templated":true}]}}