{"id":2734,"date":"2020-08-21T10:57:23","date_gmt":"2020-08-21T10:57:23","guid":{"rendered":"https:\/\/distribucionarc.com\/?post_type=product&#038;p=2734"},"modified":"2020-10-09T11:14:52","modified_gmt":"2020-10-09T11:14:52","slug":"maquina-de-gravacao-a-laser-de-co2","status":"publish","type":"product","link":"https:\/\/distribucionarc.com\/pt\/producto\/maquina-de-grabado-laser-de-co2\/","title":{"rendered":"M\u00e1quina de grava\u00e7\u00e3o a laser CO2 30 x 20 cm"},"content":{"rendered":"<h3 style=\"margin: 0cm;\"><strong><span style=\"font-family: 'Arial',sans-serif; color: black;\">M\u00e1quina de grava\u00e7\u00e3o a laser CO2 30 x 20 cm\u00a0<\/span><\/strong><\/h3>\n<p>A cabe\u00e7a do laser de alta precis\u00e3o <strong>m\u00e1quina de marca\u00e7\u00e3o<span style=\"color: #ff0000;\"> PARA<span style=\"color: #0000ff;\">R<\/span><\/span>c<\/strong>, com alta qualidade, desempenho confi\u00e1vel e durabilidade, melhora a precis\u00e3o e o desempenho da grava\u00e7\u00e3o. Adote um avan\u00e7ado<strong> Tubo laser CO2<\/strong> Terceira gera\u00e7\u00e3o com alta pot\u00eancia e velocidade. A vida \u00fatil deste tubo laser \u00e9 de 1.000 a 1.300 horas.<\/p>\n<p>Possui chave liga\/desliga, chave laser, chave de teste, regula\u00e7\u00e3o de corrente e indica\u00e7\u00e3o de corrente na placa de controle, para um controle mais intuitivo e conveniente da grava\u00e7\u00e3o. Est\u00e3o inclu\u00eddos um extrator de tubo, ventila\u00e7\u00e3o e ventilador, que reduzem efetivamente a temperatura de todos os componentes eletr\u00f4nicos, prolongando assim sua vida \u00fatil<\/p>\n<p>Ele emprega uma porta USB para conex\u00e3o conveniente a um PC ou laptop, para um controle melhor e mais preciso da grava\u00e7\u00e3o. Al\u00e9m disso, o <strong>gravador a laser <span style=\"color: #ff0000;\">PARA<\/span><span style=\"color: #0000ff;\">R<\/span>CGLCO2<\/strong> est\u00e1 equipado com um <strong>motor de passo<\/strong> Alta precis\u00e3o, eficiente e est\u00e1vel, conseguindo uma grava\u00e7\u00e3o mais precisa.<\/p>\n<h6><strong>Garantia\u00a0<span style=\"color: #ff0000;\">PARA<\/span><span style=\"color: #0000ff;\">R<\/span>C 2 ANOS<\/strong><\/h6>\n<h6><span style=\"color: #008000;\">Gravador a laser eficiente, consumo \u2264250W<\/span><\/h6>\n<h6><strong>suporte t\u00e9cnico inclu\u00eddo<br \/>\n<\/strong><\/h6>\n<p>&nbsp;<\/p>\n<hr \/>\n<ul>\n<li><strong>Velocidade de grava\u00e7\u00e3o: 0-350 mm\/s<\/strong><\/li>\n<li><strong>Compat\u00edvel com FDA: Sim<\/strong><\/li>\n<li><strong>Velocidade de corte: 0-35 mm\/s<\/strong><\/li>\n<li><strong>Certifica\u00e7\u00e3o CE: Sim<\/strong><\/li>\n<li><strong>Car\u00e1ter m\u00ednimo para modelagem: 1mm X 1mm<\/strong><\/li>\n<li><strong>Certificado de qualidade ISO 9001: Sim<\/strong><\/li>\n<li><strong>Taxa de resolu\u00e7\u00e3o: 0,026 mm<\/strong><\/li>\n<li><strong>Tipo de laser: G\u00e1s CO2<\/strong><\/li>\n<li><strong>Redefinir posicionamento: \u22640,01 mm<\/strong><\/li>\n<li><strong>movimenta\u00e7\u00e3o do tubo: 20KV<\/strong><\/li>\n<li><strong>Tipo de motor: motor de passo<\/strong><\/li>\n<li><strong>tubo de trabalho: 15KV<\/strong><\/li>\n<li><strong>Software compat\u00edvel: software CorelDraw<\/strong><\/li>\n<li><strong>Corrente: 0 ~ 22ma<\/strong><\/li>\n<li><strong>Consumo de energia: \u2264250W<\/strong><\/li>\n<li><strong>Superf\u00edcie de grava\u00e7\u00e3o: 12\u00d78 polegadas<\/strong><\/li>\n<li><strong>Formatos gr\u00e1ficos suportados: BMP\/JPG\/JPEG\/WMF\/EMF\/PLT<\/strong><\/li>\n<li><strong>Tubo laser: 1000-1300 horas<\/strong><\/li>\n<li><strong>Resfriamento a \u00e1gua: bomba de \u00e1gua inclu\u00edda<\/strong><\/li>\n<li><strong>Pot\u00eancia do laser: 40W<\/strong><\/li>\n<\/ul>","protected":false},"excerpt":{"rendered":"<h2 style=\"margin: 0cm;\"><strong><span style=\"font-family: 'Arial',sans-serif; color: black;\">M\u00e1quina de grava\u00e7\u00e3o a laser CO2 30 x 20 cm<\/span><\/strong><\/h2>\n<p style=\"margin: 0cm; text-align: start;\"><span style=\"font-family: 'Arial',sans-serif; color: black;\">Esse <strong>m\u00e1quina de marca\u00e7\u00e3o<\/strong> integra o mais novo movimento mec\u00e2nico leve do mercado, gravador modal de tr\u00eas gera\u00e7\u00f5es que ir\u00e1 garantir que voc\u00ea <strong>alta precis\u00e3o e velocidade<\/strong>. O novo <strong>Gravador a laser CO2<\/strong> <strong><span style=\"color: #ff0000;\">PARA<\/span><span style=\"color: #0000ff;\">R<\/span>CGLCO2<\/strong> \u00c9 equipado com tubo laser de resfriamento de \u00e1gua de 40 W, motores de passo para precis\u00e3o perfeita e painel de controle de alta qualidade. Ele usa uma porta USB para conectar ao seu laptop ou PC. Suporte de software est\u00e1 inclu\u00eddo, CorelDraw, esta m\u00e1quina pode funcionar bem com v\u00e1rios formatos gr\u00e1ficos, incluindo EMF\/JPG\/PLT\/WMF.<\/span><\/p>\n<h6><\/h6>\n<h6><strong>Garantia\u00a0<span style=\"color: #ff0000;\">PARA<\/span><span style=\"color: #0000ff;\">R<\/span>C 2 ANOS<\/strong><\/h6>\n<h6><span style=\"color: #008000;\">Gravador a laser eficiente, consumo \u2264250W<\/span><\/h6>\n<h6><strong>suporte t\u00e9cnico inclu\u00eddo<\/strong><\/h6>","protected":false},"featured_media":2741,"comment_status":"open","ping_status":"closed","template":"","meta":{"wds_primary_product_brand":0,"wds_primary_product_cat":0},"product_brand":[],"product_cat":[69,70],"product_tag":[],"class_list":{"0":"post-2734","1":"product","2":"type-product","3":"status-publish","4":"has-post-thumbnail","6":"product_cat-maquinas-variadas","7":"product_cat-talladoras-marcadoras-de-metal-grabadoras-laser","8":"product_shipping_class-express","10":"first","11":"instock","12":"sale","13":"taxable","14":"shipping-taxable","15":"purchasable","16":"product-type-simple"},"yoast_head":"<!-- This site is optimized with the Yoast SEO Premium plugin v24.9 (Yoast SEO v26.1) - https:\/\/yoast.com\/wordpress\/plugins\/seo\/ -->\n<title>M\u00e1quina de Grabado L\u00e1ser de CO2 30 x 20 cm - distribuci\u00f3n ARC<\/title>\n<meta name=\"robots\" content=\"index, follow, max-snippet:-1, max-image-preview:large, max-video-preview:-1\" \/>\n<link rel=\"canonical\" href=\"https:\/\/distribucionarc.com\/pt\/produto\/maquina-de-gravacao-a-laser-de-co2\/\" \/>\n<meta property=\"og:locale\" content=\"pt_PT\" \/>\n<meta property=\"og:type\" content=\"article\" \/>\n<meta property=\"og:title\" content=\"M\u00e1quina de Grabado L\u00e1ser de CO2 30 x 20 cm\" \/>\n<meta property=\"og:description\" content=\"M\u00e1quina de Grabado L\u00e1ser de CO2 30 x 20 cm Esta m\u00e1quina de marcado integra el movimiento mec\u00e1nico de luz m\u00e1s nuevo del mercado, grabador modal de tres generaciones que le asegurara alta precisi\u00f3n y velocidad. El nuevo grabador l\u00e1ser de CO2 ARCGLCO2 est\u00e1 equipado con un tubo l\u00e1ser de refrigeraci\u00f3n por agua de 40 W, motores de ejecuci\u00f3n paso a paso para una precisi\u00f3n perfecta, panel de control de alta calidad. Emplea un puerto USB para conectarse a su port\u00e1til o PC. El soporte del software est\u00e1 incluido, CorelDraw, esta m\u00e1quina puede funcionar bien con m\u00faltiples formatos gr\u00e1ficos, incluidos EMF \/ JPG \/ PLT \/ WMF.   Garant\u00eda\u00a0ARC 2 A\u00d1OS Grabador l\u00e1ser eficiente, consumo \u2264250W soporte t\u00e9cnico incluido\" \/>\n<meta property=\"og:url\" content=\"https:\/\/distribucionarc.com\/pt\/produto\/maquina-de-gravacao-a-laser-de-co2\/\" \/>\n<meta property=\"og:site_name\" content=\"distribuci\u00f3n ARC\" \/>\n<meta property=\"article:modified_time\" content=\"2020-10-09T11:14:52+00:00\" \/>\n<meta property=\"og:image\" content=\"https:\/\/distribucionarc.com\/wp-content\/uploads\/2020\/08\/M\u00e1quina-de-Grabado-L\u00e1ser-de-CO2-0.jpg\" \/>\n\t<meta property=\"og:image:width\" content=\"1600\" \/>\n\t<meta property=\"og:image:height\" content=\"1600\" \/>\n\t<meta property=\"og:image:type\" content=\"image\/jpeg\" \/>\n<meta name=\"twitter:card\" content=\"summary_large_image\" \/>\n<meta name=\"twitter:label1\" content=\"Tempo estimado de leitura\" \/>\n\t<meta name=\"twitter:data1\" content=\"2 minutos\" \/>\n<script type=\"application\/ld+json\" class=\"yoast-schema-graph\">{\"@context\":\"https:\/\/schema.org\",\"@graph\":[{\"@type\":\"WebPage\",\"@id\":\"https:\/\/distribucionarc.com\/pt\/producto\/maquina-de-grabado-laser-de-co2\/\",\"url\":\"https:\/\/distribucionarc.com\/pt\/producto\/maquina-de-grabado-laser-de-co2\/\",\"name\":\"M\u00e1quina de Grabado L\u00e1ser de CO2 30 x 20 cm - distribuci\u00f3n ARC\",\"isPartOf\":{\"@id\":\"https:\/\/www.distribucionarc.com\/sl\/#website\"},\"primaryImageOfPage\":{\"@id\":\"https:\/\/distribucionarc.com\/pt\/producto\/maquina-de-grabado-laser-de-co2\/#primaryimage\"},\"image\":{\"@id\":\"https:\/\/distribucionarc.com\/pt\/producto\/maquina-de-grabado-laser-de-co2\/#primaryimage\"},\"thumbnailUrl\":\"https:\/\/distribucionarc.com\/wp-content\/uploads\/2020\/08\/M\u00e1quina-de-Grabado-L\u00e1ser-de-CO2-0.jpg\",\"datePublished\":\"2020-08-21T10:57:23+00:00\",\"dateModified\":\"2020-10-09T11:14:52+00:00\",\"breadcrumb\":{\"@id\":\"https:\/\/distribucionarc.com\/pt\/producto\/maquina-de-grabado-laser-de-co2\/#breadcrumb\"},\"inLanguage\":\"pt-PT\",\"potentialAction\":[{\"@type\":\"ReadAction\",\"target\":[\"https:\/\/distribucionarc.com\/pt\/producto\/maquina-de-grabado-laser-de-co2\/\"]}]},{\"@type\":\"ImageObject\",\"inLanguage\":\"pt-PT\",\"@id\":\"https:\/\/distribucionarc.com\/pt\/producto\/maquina-de-grabado-laser-de-co2\/#primaryimage\",\"url\":\"https:\/\/distribucionarc.com\/wp-content\/uploads\/2020\/08\/M\u00e1quina-de-Grabado-L\u00e1ser-de-CO2-0.jpg\",\"contentUrl\":\"https:\/\/distribucionarc.com\/wp-content\/uploads\/2020\/08\/M\u00e1quina-de-Grabado-L\u00e1ser-de-CO2-0.jpg\",\"width\":1600,\"height\":1600,\"caption\":\"M\u00e1quina de Grabado L\u00e1ser de CO2\"},{\"@type\":\"BreadcrumbList\",\"@id\":\"https:\/\/distribucionarc.com\/pt\/producto\/maquina-de-grabado-laser-de-co2\/#breadcrumb\",\"itemListElement\":[{\"@type\":\"ListItem\",\"position\":1,\"name\":\"Portada\",\"item\":\"https:\/\/www.distribucionarc.com\/\"},{\"@type\":\"ListItem\",\"position\":2,\"name\":\"\u00dcr\u00fcnler\",\"item\":\"https:\/\/www.distribucionarc.com\/tr\/magaza\/\"},{\"@type\":\"ListItem\",\"position\":3,\"name\":\"M\u00e1quina de Grabado L\u00e1ser de CO2 30 x 20 cm\"}]},{\"@type\":\"WebSite\",\"@id\":\"https:\/\/www.distribucionarc.com\/sl\/#website\",\"url\":\"https:\/\/www.distribucionarc.com\/sl\/\",\"name\":\"distribuci\u00f3n ARC\",\"description\":\"Empresa especializada en la fabricaci\u00f3n y distribuci\u00f3n de maquinaria industrial, selladoras de latas, Maquinas de hacer pastillas, Maquinas de cortar carne...\",\"publisher\":{\"@id\":\"https:\/\/www.distribucionarc.com\/sl\/#organization\"},\"potentialAction\":[{\"@type\":\"SearchAction\",\"target\":{\"@type\":\"EntryPoint\",\"urlTemplate\":\"https:\/\/www.distribucionarc.com\/sl\/?s={search_term_string}\"},\"query-input\":{\"@type\":\"PropertyValueSpecification\",\"valueRequired\":true,\"valueName\":\"search_term_string\"}}],\"inLanguage\":\"pt-PT\"},{\"@type\":\"Organization\",\"@id\":\"https:\/\/www.distribucionarc.com\/sl\/#organization\",\"name\":\"Distribuci\u00f3n ARC\",\"url\":\"https:\/\/www.distribucionarc.com\/sl\/\",\"logo\":{\"@type\":\"ImageObject\",\"inLanguage\":\"pt-PT\",\"@id\":\"https:\/\/www.distribucionarc.com\/sl\/#\/schema\/logo\/image\/\",\"url\":\"https:\/\/distribucionarc.com\/wp-content\/uploads\/2024\/10\/distribucion-ARC-COLOR-SIN-FONDO-e1732295305345.png\",\"contentUrl\":\"https:\/\/distribucionarc.com\/wp-content\/uploads\/2024\/10\/distribucion-ARC-COLOR-SIN-FONDO-e1732295305345.png\",\"width\":1164,\"height\":558,\"caption\":\"Distribuci\u00f3n ARC\"},\"image\":{\"@id\":\"https:\/\/www.distribucionarc.com\/sl\/#\/schema\/logo\/image\/\"},\"description\":\"Empresa especializada en la fabricaci\u00f3n y distribuci\u00f3n de maquinaria industrial para los sectores alimentario y farmac\u00e9utico. Nos especializamos en: M\u00e1quinas de cortar carne Fabricaci\u00f3n de comprimidos Sistemas de transporte industrial L\u00edneas de embotellado Dosificadores Y mucho m\u00e1s... Ofrecemos soluciones innovadoras y personalizadas para optimizar los procesos productivos de tu empresa.\",\"email\":\"Admistracion@distribucionarc.com\",\"telephone\":\"+34 643496664\",\"legalName\":\"ARC TECH SOLUTIONS\",\"foundingDate\":\"2024-04-09\",\"vatID\":\"B55480172\",\"numberOfEmployees\":{\"@type\":\"QuantitativeValue\",\"minValue\":\"1\",\"maxValue\":\"10\"}}]}<\/script>\n<!-- \/ Yoast SEO Premium plugin. -->","yoast_head_json":{"title":"M\u00e1quina de grava\u00e7\u00e3o a laser CO2 30 x 20 cm - distribui\u00e7\u00e3o ARC","robots":{"index":"index","follow":"follow","max-snippet":"max-snippet:-1","max-image-preview":"max-image-preview:large","max-video-preview":"max-video-preview:-1"},"canonical":"https:\/\/distribucionarc.com\/pt\/produto\/maquina-de-gravacao-a-laser-de-co2\/","og_locale":"pt_PT","og_type":"article","og_title":"M\u00e1quina de Grabado L\u00e1ser de CO2 30 x 20 cm","og_description":"M\u00e1quina de Grabado L\u00e1ser de CO2 30 x 20 cm Esta m\u00e1quina de marcado integra el movimiento mec\u00e1nico de luz m\u00e1s nuevo del mercado, grabador modal de tres generaciones que le asegurara alta precisi\u00f3n y velocidad. El nuevo grabador l\u00e1ser de CO2 ARCGLCO2 est\u00e1 equipado con un tubo l\u00e1ser de refrigeraci\u00f3n por agua de 40 W, motores de ejecuci\u00f3n paso a paso para una precisi\u00f3n perfecta, panel de control de alta calidad. Emplea un puerto USB para conectarse a su port\u00e1til o PC. El soporte del software est\u00e1 incluido, CorelDraw, esta m\u00e1quina puede funcionar bien con m\u00faltiples formatos gr\u00e1ficos, incluidos EMF \/ JPG \/ PLT \/ WMF.   Garant\u00eda\u00a0ARC 2 A\u00d1OS Grabador l\u00e1ser eficiente, consumo \u2264250W soporte t\u00e9cnico incluido","og_url":"https:\/\/distribucionarc.com\/pt\/produto\/maquina-de-gravacao-a-laser-de-co2\/","og_site_name":"distribuci\u00f3n ARC","article_modified_time":"2020-10-09T11:14:52+00:00","og_image":[{"width":1600,"height":1600,"url":"https:\/\/distribucionarc.com\/wp-content\/uploads\/2020\/08\/M\u00e1quina-de-Grabado-L\u00e1ser-de-CO2-0.jpg","type":"image\/jpeg"}],"twitter_card":"summary_large_image","twitter_misc":{"Tempo estimado de leitura":"2 minutos"},"schema":{"@context":"https:\/\/schema.org","@graph":[{"@type":"WebPage","@id":"https:\/\/distribucionarc.com\/pt\/producto\/maquina-de-grabado-laser-de-co2\/","url":"https:\/\/distribucionarc.com\/pt\/producto\/maquina-de-grabado-laser-de-co2\/","name":"M\u00e1quina de grava\u00e7\u00e3o a laser CO2 30 x 20 cm - distribui\u00e7\u00e3o ARC","isPartOf":{"@id":"https:\/\/www.distribucionarc.com\/sl\/#website"},"primaryImageOfPage":{"@id":"https:\/\/distribucionarc.com\/pt\/producto\/maquina-de-grabado-laser-de-co2\/#primaryimage"},"image":{"@id":"https:\/\/distribucionarc.com\/pt\/producto\/maquina-de-grabado-laser-de-co2\/#primaryimage"},"thumbnailUrl":"https:\/\/distribucionarc.com\/wp-content\/uploads\/2020\/08\/M\u00e1quina-de-Grabado-L\u00e1ser-de-CO2-0.jpg","datePublished":"2020-08-21T10:57:23+00:00","dateModified":"2020-10-09T11:14:52+00:00","breadcrumb":{"@id":"https:\/\/distribucionarc.com\/pt\/producto\/maquina-de-grabado-laser-de-co2\/#breadcrumb"},"inLanguage":"pt-PT","potentialAction":[{"@type":"ReadAction","target":["https:\/\/distribucionarc.com\/pt\/producto\/maquina-de-grabado-laser-de-co2\/"]}]},{"@type":"ImageObject","inLanguage":"pt-PT","@id":"https:\/\/distribucionarc.com\/pt\/producto\/maquina-de-grabado-laser-de-co2\/#primaryimage","url":"https:\/\/distribucionarc.com\/wp-content\/uploads\/2020\/08\/M\u00e1quina-de-Grabado-L\u00e1ser-de-CO2-0.jpg","contentUrl":"https:\/\/distribucionarc.com\/wp-content\/uploads\/2020\/08\/M\u00e1quina-de-Grabado-L\u00e1ser-de-CO2-0.jpg","width":1600,"height":1600,"caption":"M\u00e1quina de Grabado L\u00e1ser de CO2"},{"@type":"BreadcrumbList","@id":"https:\/\/distribucionarc.com\/pt\/producto\/maquina-de-grabado-laser-de-co2\/#breadcrumb","itemListElement":[{"@type":"ListItem","position":1,"name":"Portada","item":"https:\/\/www.distribucionarc.com\/"},{"@type":"ListItem","position":2,"name":"\u00dcr\u00fcnler","item":"https:\/\/www.distribucionarc.com\/tr\/magaza\/"},{"@type":"ListItem","position":3,"name":"M\u00e1quina de Grabado L\u00e1ser de CO2 30 x 20 cm"}]},{"@type":"WebSite","@id":"https:\/\/www.distribucionarc.com\/sl\/#website","url":"https:\/\/www.distribucionarc.com\/sl\/","name":"Distribui\u00e7\u00e3o ARC","description":"Empresa especializada no fabrico e distribui\u00e7\u00e3o de m\u00e1quinas industriais, m\u00e1quinas de selar latas, m\u00e1quinas de fazer comprimidos, m\u00e1quinas de cortar carne...","publisher":{"@id":"https:\/\/www.distribucionarc.com\/sl\/#organization"},"potentialAction":[{"@type":"SearchAction","target":{"@type":"EntryPoint","urlTemplate":"https:\/\/www.distribucionarc.com\/sl\/?s={search_term_string}"},"query-input":{"@type":"PropertyValueSpecification","valueRequired":true,"valueName":"search_term_string"}}],"inLanguage":"pt-PT"},{"@type":"Organization","@id":"https:\/\/www.distribucionarc.com\/sl\/#organization","name":"Distribui\u00e7\u00e3o ARC","url":"https:\/\/www.distribucionarc.com\/sl\/","logo":{"@type":"ImageObject","inLanguage":"pt-PT","@id":"https:\/\/www.distribucionarc.com\/sl\/#\/schema\/logo\/image\/","url":"https:\/\/distribucionarc.com\/wp-content\/uploads\/2024\/10\/distribucion-ARC-COLOR-SIN-FONDO-e1732295305345.png","contentUrl":"https:\/\/distribucionarc.com\/wp-content\/uploads\/2024\/10\/distribucion-ARC-COLOR-SIN-FONDO-e1732295305345.png","width":1164,"height":558,"caption":"Distribuci\u00f3n ARC"},"image":{"@id":"https:\/\/www.distribucionarc.com\/sl\/#\/schema\/logo\/image\/"},"description":"Empresa especializada no fabrico e distribui\u00e7\u00e3o de m\u00e1quinas industriais para os sectores alimentar e farmac\u00eautico. Somos especializados em: M\u00e1quinas de cortar carne Fabrico de comprimidos Sistemas de transporte industrial Linhas de engarrafamento Dispensadores E muito mais... Oferecemos solu\u00e7\u00f5es inovadoras e personalizadas para otimizar os processos de produ\u00e7\u00e3o da sua empresa.","email":"Admistracion@distribucionarc.com","telephone":"+34 643496664","legalName":"ARC TECH SOLUTIONS","foundingDate":"2024-04-09","vatID":"B55480172","numberOfEmployees":{"@type":"QuantitativeValue","minValue":"1","maxValue":"10"}}]}},"_links":{"self":[{"href":"https:\/\/distribucionarc.com\/pt\/wp-json\/wp\/v2\/product\/2734","targetHints":{"allow":["GET"]}}],"collection":[{"href":"https:\/\/distribucionarc.com\/pt\/wp-json\/wp\/v2\/product"}],"about":[{"href":"https:\/\/distribucionarc.com\/pt\/wp-json\/wp\/v2\/types\/product"}],"replies":[{"embeddable":true,"href":"https:\/\/distribucionarc.com\/pt\/wp-json\/wp\/v2\/comments?post=2734"}],"version-history":[{"count":0,"href":"https:\/\/distribucionarc.com\/pt\/wp-json\/wp\/v2\/product\/2734\/revisions"}],"wp:featuredmedia":[{"embeddable":true,"href":"https:\/\/distribucionarc.com\/pt\/wp-json\/wp\/v2\/media\/2741"}],"wp:attachment":[{"href":"https:\/\/distribucionarc.com\/pt\/wp-json\/wp\/v2\/media?parent=2734"}],"wp:term":[{"taxonomy":"product_brand","embeddable":true,"href":"https:\/\/distribucionarc.com\/pt\/wp-json\/wp\/v2\/product_brand?post=2734"},{"taxonomy":"product_cat","embeddable":true,"href":"https:\/\/distribucionarc.com\/pt\/wp-json\/wp\/v2\/product_cat?post=2734"},{"taxonomy":"product_tag","embeddable":true,"href":"https:\/\/distribucionarc.com\/pt\/wp-json\/wp\/v2\/product_tag?post=2734"}],"curies":[{"name":"wp","href":"https:\/\/api.w.org\/{rel}","templated":true}]}}