{"id":2868,"date":"2020-08-25T10:29:59","date_gmt":"2020-08-25T10:29:59","guid":{"rendered":"https:\/\/distribucionarc.com\/?post_type=product&#038;p=2868"},"modified":"2023-05-04T07:38:59","modified_gmt":"2023-05-04T07:38:59","slug":"moedor-eletrico-de-graos-compactado-para-cereais","status":"publish","type":"product","link":"https:\/\/distribucionarc.com\/pt\/producto\/molinillo-electrico-para-granos-cereales-comprimidos\/","title":{"rendered":"Moedor el\u00e9trico para gr\u00e3os, cereais, comprimidos"},"content":{"rendered":"<h3>Moedor el\u00e9trico para gr\u00e3os, cereais, comprimidos<\/h3>\n<p>Ele <strong>moedor el\u00e9trico<span style=\"color: #ff0000;\"> PARA<\/span><span style=\"color: #0000ff;\">R<\/span>c<\/strong> \u00c9 constru\u00eddo em material de a\u00e7o inoxid\u00e1vel, que \u00e9 dur\u00e1vel e resistente. Adota l\u00e2mina afiada com velocidade de rota\u00e7\u00e3o de 25.000 rpm, que pode destruir todos os tipos de alimentos desidratados com rapidez e facilidade.<\/p>\n<p>Inclui bot\u00e3o de prote\u00e7\u00e3o contra sobrecarga, que garante a seguran\u00e7a da m\u00e1quina. Desliga automaticamente quando ocorre sobrecarga. Reinicie facilmente pressionando o bot\u00e3o ap\u00f3s mais 10 minutos. Ele <strong>moinho el\u00e9trico <span style=\"color: #ff0000;\">PARA<\/span><span style=\"color: #0000ff;\">R<\/span>CMEG1M<\/strong> Projetado com m\u00faltiplas fivelas para apertar a tampa. O temporizador vermelho permite definir livremente o tempo de trabalho (0-5 minutos).<\/p>\n<p>O motor de cobre puro de alta pot\u00eancia de 1.800 watts permite que voc\u00ea <strong>permite moer uma grande capacidade de 1000 g<\/strong> ao mesmo tempo, melhorando significativamente a efici\u00eancia da moagem de alimentos. Voc\u00ea pode segurar a al\u00e7a para girar o corpo da c\u00e2mera para despejar a poeira e usar a escova para limpar a poeira residual<\/p>\n<h6><strong>Garantia\u00a0<span style=\"color: #ff0000;\">PARA<\/span><span style=\"color: #0000ff;\">R<\/span>C 2 ANOS<\/strong><\/h6>\n<h6><span style=\"color: #008000;\">Moedor el\u00e9trico eficiente, baixo consumo 1800w<\/span><\/h6>\n<h6><strong>suporte t\u00e9cnico inclu\u00eddo<\/strong><\/h6>\n<p>&nbsp;<\/p>\n<table role=\"presentation\" width=\"100%\" cellspacing=\"0\" cellpadding=\"0\">\n<tbody>\n<tr>\n<td class=\"attrLabels\">Marca:<\/td>\n<td width=\"50.0%\">ARCO<\/td>\n<\/tr>\n<tr>\n<td class=\"attrLabels\">Pa\u00eds de distribui\u00e7\u00e3o:<\/td>\n<td width=\"50.0%\">Espanha, Alemanha, EUA<\/td>\n<td class=\"attrLabels\">Peso:<\/td>\n<td width=\"50.0%\">6,6kg<\/td>\n<\/tr>\n<tr>\n<td class=\"attrLabels\">Marca:<\/td>\n<td width=\"50.0%\">ARCO<\/td>\n<td class=\"attrLabels\">Altura:<\/td>\n<td width=\"50.0%\">36cm<\/td>\n<\/tr>\n<tr>\n<td class=\"attrLabels\">Cor:<\/td>\n<td width=\"50.0%\">Prata<\/td>\n<td class=\"attrLabels\">Longo:<\/td>\n<td width=\"50.0%\">13,4 cm<\/td>\n<\/tr>\n<tr>\n<td class=\"attrLabels\">Tipo de produto:<\/td>\n<td width=\"50.0%\">moedor el\u00e9trico<\/td>\n<td class=\"attrLabels\">Largo:<\/td>\n<td width=\"50.0%\">19,1 cm<\/td>\n<\/tr>\n<tr>\n<td class=\"attrLabels\">N\u00famero do fabricante:<\/td>\n<td width=\"50.0%\">ARCMEG1M<\/td>\n<td class=\"attrLabels\">Poder:<\/td>\n<td width=\"50.0%\">1800 W<\/td>\n<\/tr>\n<tr>\n<td class=\"attrLabels\">Material:<\/td>\n<td width=\"50.0%\">a\u00e7o inoxid\u00e1vel, motor de cobre<\/td>\n<td class=\"attrLabels\">Velocidade do motor:<\/td>\n<td width=\"50.0%\">25.000 rpm<\/td>\n<\/tr>\n<tr>\n<td class=\"attrLabels\">Garantia:<\/td>\n<td width=\"50.0%\">\u00a0 2 anos<\/td>\n<td class=\"attrLabels\">Tempo de moagem:<\/td>\n<td width=\"50.0%\">0 \u2013 5 minutos<\/td>\n<\/tr>\n<tr>\n<td class=\"attrLabels\">Tens\u00e3o de entrada:<\/td>\n<td width=\"50.0%\">230 V 50 Hz<\/td>\n<td class=\"attrLabels\">Tempo de intervalo:<\/td>\n<td width=\"50.0%\">5 \u2013 10 minutos<\/td>\n<\/tr>\n<\/tbody>\n<\/table>\n<p>&nbsp;<\/p>","protected":false},"excerpt":{"rendered":"<h2>Moedor el\u00e9trico para gr\u00e3os, cereais, comprimidos<\/h2>\n<p><strong><span style=\"color: #ff0000;\">PARA<\/span><span style=\"color: #0000ff;\">R<\/span>c<\/strong> Ele oferece a voc\u00ea um <strong>moedor el\u00e9trico<\/strong> alta qualidade. Pequeno em tamanho, leve, altamente eficiente e f\u00e1cil de usar. Feito de material inoxid\u00e1vel de qualidade alimentar, seguro e dur\u00e1vel. Com o potente motor de 1800 watts, pode moer 1000g de alimentos ao mesmo tempo. Tamb\u00e9m possui prote\u00e7\u00e3o segura contra sobrecarga para evitar que o motor queime. Pode rapidamente fazer p\u00f3 de todos os tipos de alimentos desidratados, arroz, milho, gergelim, soja, ra\u00e7\u00e3o para peixes, pimenta, rem\u00e9dios, etc., adequado para todos os tipos de materiais.<\/p>\n<h6><strong>Garantia\u00a0<span style=\"color: #ff0000;\">PARA<\/span><span style=\"color: #0000ff;\">R<\/span>C 2 ANOS<\/strong><\/h6>\n<h6><span style=\"color: #008000;\">Moedor el\u00e9trico eficiente, baixo consumo 1800w<\/span><\/h6>\n<h6><strong>suporte t\u00e9cnico inclu\u00eddo<\/strong><\/h6>\n<p>&nbsp;<\/p>","protected":false},"featured_media":2869,"comment_status":"open","ping_status":"closed","template":"","meta":{"wds_primary_product_brand":0,"wds_primary_product_cat":0},"product_brand":[],"product_cat":[30],"product_tag":[],"class_list":{"0":"post-2868","1":"product","2":"type-product","3":"status-publish","4":"has-post-thumbnail","6":"product_cat-maquinaria-apicola","7":"product_shipping_class-hosteleria","9":"first","10":"instock","11":"taxable","12":"shipping-taxable","13":"purchasable","14":"product-type-simple"},"yoast_head":"<!-- This site is optimized with the Yoast SEO Premium plugin v24.9 (Yoast SEO v26.1) - https:\/\/yoast.com\/wordpress\/plugins\/seo\/ -->\n<title>Molinillo electrico para granos, cereales, comprimidos - distribuci\u00f3n ARC<\/title>\n<meta name=\"robots\" content=\"index, follow, max-snippet:-1, max-image-preview:large, max-video-preview:-1\" \/>\n<link rel=\"canonical\" href=\"https:\/\/distribucionarc.com\/pt\/produto\/moedor-eletrico-de-graos-compactado-para-cereais\/\" \/>\n<meta property=\"og:locale\" content=\"pt_PT\" \/>\n<meta property=\"og:type\" content=\"article\" \/>\n<meta property=\"og:title\" content=\"Molinillo electrico para granos, cereales, comprimidos\" \/>\n<meta property=\"og:description\" content=\"Molinillo electrico para granos, cereales, comprimidos ARC Te ofrece un molinillo el\u00e9ctrico de alta calidad. De tama\u00f1o peque\u00f1o, liviano, altamente eficiente y f\u00e1cil de usar. Hecho de material inoxidable de grado alimenticio, seguro y duradero. Con el potente motor de 1800 vatios, puede moler 1000 g de comida al mismo tiempo. Tambi\u00e9n cuenta con protecci\u00f3n segura contra sobrecargas para evitar que el motor se queme. Puede hacer polvo r\u00e1pidamente todo tipo de alimentos deshidratados, arroz, ma\u00edz, s\u00e9samo, soja, alimento para peces, pimienta, medicamentos, etc., adecuado para todo tipo de material. Garant\u00eda\u00a0ARC 2 A\u00d1OS Molinillo el\u00e9ctrico eficiente, bajo consumo 1800w soporte t\u00e9cnico incluido &nbsp;\" \/>\n<meta property=\"og:url\" content=\"https:\/\/distribucionarc.com\/pt\/produto\/moedor-eletrico-de-graos-compactado-para-cereais\/\" \/>\n<meta property=\"og:site_name\" content=\"distribuci\u00f3n ARC\" \/>\n<meta property=\"article:modified_time\" content=\"2023-05-04T07:38:59+00:00\" \/>\n<meta property=\"og:image\" content=\"https:\/\/distribucionarc.com\/wp-content\/uploads\/2020\/08\/Molinillo-el\u00e9ctrico-para-granos-cereales-comprimidos-0.jpg\" \/>\n\t<meta property=\"og:image:width\" content=\"1600\" \/>\n\t<meta property=\"og:image:height\" content=\"1600\" \/>\n\t<meta property=\"og:image:type\" content=\"image\/jpeg\" \/>\n<meta name=\"twitter:card\" content=\"summary_large_image\" \/>\n<meta name=\"twitter:label1\" content=\"Tempo estimado de leitura\" \/>\n\t<meta name=\"twitter:data1\" content=\"1 minuto\" \/>\n<script type=\"application\/ld+json\" class=\"yoast-schema-graph\">{\"@context\":\"https:\/\/schema.org\",\"@graph\":[{\"@type\":\"WebPage\",\"@id\":\"https:\/\/distribucionarc.com\/pt\/producto\/molinillo-electrico-para-granos-cereales-comprimidos\/\",\"url\":\"https:\/\/distribucionarc.com\/pt\/producto\/molinillo-electrico-para-granos-cereales-comprimidos\/\",\"name\":\"Molinillo electrico para granos, cereales, comprimidos - distribuci\u00f3n ARC\",\"isPartOf\":{\"@id\":\"https:\/\/distribucionarc.com\/de\/#website\"},\"primaryImageOfPage\":{\"@id\":\"https:\/\/distribucionarc.com\/pt\/producto\/molinillo-electrico-para-granos-cereales-comprimidos\/#primaryimage\"},\"image\":{\"@id\":\"https:\/\/distribucionarc.com\/pt\/producto\/molinillo-electrico-para-granos-cereales-comprimidos\/#primaryimage\"},\"thumbnailUrl\":\"https:\/\/distribucionarc.com\/wp-content\/uploads\/2020\/08\/Molinillo-el\u00e9ctrico-para-granos-cereales-comprimidos-0.jpg\",\"datePublished\":\"2020-08-25T10:29:59+00:00\",\"dateModified\":\"2023-05-04T07:38:59+00:00\",\"breadcrumb\":{\"@id\":\"https:\/\/distribucionarc.com\/pt\/producto\/molinillo-electrico-para-granos-cereales-comprimidos\/#breadcrumb\"},\"inLanguage\":\"pt-PT\",\"potentialAction\":[{\"@type\":\"ReadAction\",\"target\":[\"https:\/\/distribucionarc.com\/pt\/producto\/molinillo-electrico-para-granos-cereales-comprimidos\/\"]}]},{\"@type\":\"ImageObject\",\"inLanguage\":\"pt-PT\",\"@id\":\"https:\/\/distribucionarc.com\/pt\/producto\/molinillo-electrico-para-granos-cereales-comprimidos\/#primaryimage\",\"url\":\"https:\/\/distribucionarc.com\/wp-content\/uploads\/2020\/08\/Molinillo-el\u00e9ctrico-para-granos-cereales-comprimidos-0.jpg\",\"contentUrl\":\"https:\/\/distribucionarc.com\/wp-content\/uploads\/2020\/08\/Molinillo-el\u00e9ctrico-para-granos-cereales-comprimidos-0.jpg\",\"width\":1600,\"height\":1600,\"caption\":\"Molinillo electrico para granos, cereales, comprimidos\"},{\"@type\":\"BreadcrumbList\",\"@id\":\"https:\/\/distribucionarc.com\/pt\/producto\/molinillo-electrico-para-granos-cereales-comprimidos\/#breadcrumb\",\"itemListElement\":[{\"@type\":\"ListItem\",\"position\":1,\"name\":\"Portada\",\"item\":\"https:\/\/distribucionarc.com\/pl\/\"},{\"@type\":\"ListItem\",\"position\":2,\"name\":\"Produkty\",\"item\":\"https:\/\/distribucionarc.com\/pl\/shop\/\"},{\"@type\":\"ListItem\",\"position\":3,\"name\":\"Molinillo electrico para granos, cereales, comprimidos\"}]},{\"@type\":\"WebSite\",\"@id\":\"https:\/\/distribucionarc.com\/de\/#website\",\"url\":\"https:\/\/distribucionarc.com\/de\/\",\"name\":\"distribuci\u00f3n ARC\",\"description\":\"Empresa especializada en la fabricaci\u00f3n y distribuci\u00f3n de maquinaria industrial, selladoras de latas, Maquinas de hacer pastillas, Maquinas de cortar carne...\",\"publisher\":{\"@id\":\"https:\/\/distribucionarc.com\/de\/#organization\"},\"potentialAction\":[{\"@type\":\"SearchAction\",\"target\":{\"@type\":\"EntryPoint\",\"urlTemplate\":\"https:\/\/distribucionarc.com\/de\/?s={search_term_string}\"},\"query-input\":{\"@type\":\"PropertyValueSpecification\",\"valueRequired\":true,\"valueName\":\"search_term_string\"}}],\"inLanguage\":\"pt-PT\"},{\"@type\":\"Organization\",\"@id\":\"https:\/\/distribucionarc.com\/de\/#organization\",\"name\":\"Distribuci\u00f3n ARC\",\"url\":\"https:\/\/distribucionarc.com\/de\/\",\"logo\":{\"@type\":\"ImageObject\",\"inLanguage\":\"pt-PT\",\"@id\":\"https:\/\/distribucionarc.com\/de\/#\/schema\/logo\/image\/\",\"url\":\"https:\/\/distribucionarc.com\/wp-content\/uploads\/2024\/10\/distribucion-ARC-COLOR-SIN-FONDO-e1732295305345.png\",\"contentUrl\":\"https:\/\/distribucionarc.com\/wp-content\/uploads\/2024\/10\/distribucion-ARC-COLOR-SIN-FONDO-e1732295305345.png\",\"width\":1164,\"height\":558,\"caption\":\"Distribuci\u00f3n ARC\"},\"image\":{\"@id\":\"https:\/\/distribucionarc.com\/de\/#\/schema\/logo\/image\/\"},\"description\":\"Empresa especializada en la fabricaci\u00f3n y distribuci\u00f3n de maquinaria industrial para los sectores alimentario y farmac\u00e9utico. Nos especializamos en: M\u00e1quinas de cortar carne Fabricaci\u00f3n de comprimidos Sistemas de transporte industrial L\u00edneas de embotellado Dosificadores Y mucho m\u00e1s... Ofrecemos soluciones innovadoras y personalizadas para optimizar los procesos productivos de tu empresa.\",\"email\":\"Admistracion@distribucionarc.com\",\"telephone\":\"+34 643496664\",\"legalName\":\"ARC TECH SOLUTIONS\",\"foundingDate\":\"2024-04-09\",\"vatID\":\"B55480172\",\"numberOfEmployees\":{\"@type\":\"QuantitativeValue\",\"minValue\":\"1\",\"maxValue\":\"10\"}}]}<\/script>\n<!-- \/ Yoast SEO Premium plugin. -->","yoast_head_json":{"title":"Moedor el\u00e9trico para gr\u00e3os, cereais, tabletes - distribui\u00e7\u00e3o ARC","robots":{"index":"index","follow":"follow","max-snippet":"max-snippet:-1","max-image-preview":"max-image-preview:large","max-video-preview":"max-video-preview:-1"},"canonical":"https:\/\/distribucionarc.com\/pt\/produto\/moedor-eletrico-de-graos-compactado-para-cereais\/","og_locale":"pt_PT","og_type":"article","og_title":"Molinillo electrico para granos, cereales, comprimidos","og_description":"Molinillo electrico para granos, cereales, comprimidos ARC Te ofrece un molinillo el\u00e9ctrico de alta calidad. De tama\u00f1o peque\u00f1o, liviano, altamente eficiente y f\u00e1cil de usar. Hecho de material inoxidable de grado alimenticio, seguro y duradero. Con el potente motor de 1800 vatios, puede moler 1000 g de comida al mismo tiempo. Tambi\u00e9n cuenta con protecci\u00f3n segura contra sobrecargas para evitar que el motor se queme. Puede hacer polvo r\u00e1pidamente todo tipo de alimentos deshidratados, arroz, ma\u00edz, s\u00e9samo, soja, alimento para peces, pimienta, medicamentos, etc., adecuado para todo tipo de material. Garant\u00eda\u00a0ARC 2 A\u00d1OS Molinillo el\u00e9ctrico eficiente, bajo consumo 1800w soporte t\u00e9cnico incluido &nbsp;","og_url":"https:\/\/distribucionarc.com\/pt\/produto\/moedor-eletrico-de-graos-compactado-para-cereais\/","og_site_name":"distribuci\u00f3n ARC","article_modified_time":"2023-05-04T07:38:59+00:00","og_image":[{"width":1600,"height":1600,"url":"https:\/\/distribucionarc.com\/wp-content\/uploads\/2020\/08\/Molinillo-el\u00e9ctrico-para-granos-cereales-comprimidos-0.jpg","type":"image\/jpeg"}],"twitter_card":"summary_large_image","twitter_misc":{"Tempo estimado de leitura":"1 minuto"},"schema":{"@context":"https:\/\/schema.org","@graph":[{"@type":"WebPage","@id":"https:\/\/distribucionarc.com\/pt\/producto\/molinillo-electrico-para-granos-cereales-comprimidos\/","url":"https:\/\/distribucionarc.com\/pt\/producto\/molinillo-electrico-para-granos-cereales-comprimidos\/","name":"Moedor el\u00e9trico para gr\u00e3os, cereais, tabletes - distribui\u00e7\u00e3o ARC","isPartOf":{"@id":"https:\/\/distribucionarc.com\/de\/#website"},"primaryImageOfPage":{"@id":"https:\/\/distribucionarc.com\/pt\/producto\/molinillo-electrico-para-granos-cereales-comprimidos\/#primaryimage"},"image":{"@id":"https:\/\/distribucionarc.com\/pt\/producto\/molinillo-electrico-para-granos-cereales-comprimidos\/#primaryimage"},"thumbnailUrl":"https:\/\/distribucionarc.com\/wp-content\/uploads\/2020\/08\/Molinillo-el\u00e9ctrico-para-granos-cereales-comprimidos-0.jpg","datePublished":"2020-08-25T10:29:59+00:00","dateModified":"2023-05-04T07:38:59+00:00","breadcrumb":{"@id":"https:\/\/distribucionarc.com\/pt\/producto\/molinillo-electrico-para-granos-cereales-comprimidos\/#breadcrumb"},"inLanguage":"pt-PT","potentialAction":[{"@type":"ReadAction","target":["https:\/\/distribucionarc.com\/pt\/producto\/molinillo-electrico-para-granos-cereales-comprimidos\/"]}]},{"@type":"ImageObject","inLanguage":"pt-PT","@id":"https:\/\/distribucionarc.com\/pt\/producto\/molinillo-electrico-para-granos-cereales-comprimidos\/#primaryimage","url":"https:\/\/distribucionarc.com\/wp-content\/uploads\/2020\/08\/Molinillo-el\u00e9ctrico-para-granos-cereales-comprimidos-0.jpg","contentUrl":"https:\/\/distribucionarc.com\/wp-content\/uploads\/2020\/08\/Molinillo-el\u00e9ctrico-para-granos-cereales-comprimidos-0.jpg","width":1600,"height":1600,"caption":"Molinillo electrico para granos, cereales, comprimidos"},{"@type":"BreadcrumbList","@id":"https:\/\/distribucionarc.com\/pt\/producto\/molinillo-electrico-para-granos-cereales-comprimidos\/#breadcrumb","itemListElement":[{"@type":"ListItem","position":1,"name":"Portada","item":"https:\/\/distribucionarc.com\/pl\/"},{"@type":"ListItem","position":2,"name":"Produkty","item":"https:\/\/distribucionarc.com\/pl\/shop\/"},{"@type":"ListItem","position":3,"name":"Molinillo electrico para granos, cereales, comprimidos"}]},{"@type":"WebSite","@id":"https:\/\/distribucionarc.com\/de\/#website","url":"https:\/\/distribucionarc.com\/de\/","name":"Distribui\u00e7\u00e3o ARC","description":"Empresa especializada no fabrico e distribui\u00e7\u00e3o de m\u00e1quinas industriais, m\u00e1quinas de selar latas, m\u00e1quinas de fazer comprimidos, m\u00e1quinas de cortar carne...","publisher":{"@id":"https:\/\/distribucionarc.com\/de\/#organization"},"potentialAction":[{"@type":"SearchAction","target":{"@type":"EntryPoint","urlTemplate":"https:\/\/distribucionarc.com\/de\/?s={search_term_string}"},"query-input":{"@type":"PropertyValueSpecification","valueRequired":true,"valueName":"search_term_string"}}],"inLanguage":"pt-PT"},{"@type":"Organization","@id":"https:\/\/distribucionarc.com\/de\/#organization","name":"Distribui\u00e7\u00e3o ARC","url":"https:\/\/distribucionarc.com\/de\/","logo":{"@type":"ImageObject","inLanguage":"pt-PT","@id":"https:\/\/distribucionarc.com\/de\/#\/schema\/logo\/image\/","url":"https:\/\/distribucionarc.com\/wp-content\/uploads\/2024\/10\/distribucion-ARC-COLOR-SIN-FONDO-e1732295305345.png","contentUrl":"https:\/\/distribucionarc.com\/wp-content\/uploads\/2024\/10\/distribucion-ARC-COLOR-SIN-FONDO-e1732295305345.png","width":1164,"height":558,"caption":"Distribuci\u00f3n ARC"},"image":{"@id":"https:\/\/distribucionarc.com\/de\/#\/schema\/logo\/image\/"},"description":"Empresa especializada no fabrico e distribui\u00e7\u00e3o de m\u00e1quinas industriais para os sectores alimentar e farmac\u00eautico. Somos especializados em: M\u00e1quinas de cortar carne Fabrico de comprimidos Sistemas de transporte industrial Linhas de engarrafamento Dispensadores E muito mais... Oferecemos solu\u00e7\u00f5es inovadoras e personalizadas para otimizar os processos de produ\u00e7\u00e3o da sua empresa.","email":"Admistracion@distribucionarc.com","telephone":"+34 643496664","legalName":"ARC TECH SOLUTIONS","foundingDate":"2024-04-09","vatID":"B55480172","numberOfEmployees":{"@type":"QuantitativeValue","minValue":"1","maxValue":"10"}}]}},"_links":{"self":[{"href":"https:\/\/distribucionarc.com\/pt\/wp-json\/wp\/v2\/product\/2868","targetHints":{"allow":["GET"]}}],"collection":[{"href":"https:\/\/distribucionarc.com\/pt\/wp-json\/wp\/v2\/product"}],"about":[{"href":"https:\/\/distribucionarc.com\/pt\/wp-json\/wp\/v2\/types\/product"}],"replies":[{"embeddable":true,"href":"https:\/\/distribucionarc.com\/pt\/wp-json\/wp\/v2\/comments?post=2868"}],"version-history":[{"count":0,"href":"https:\/\/distribucionarc.com\/pt\/wp-json\/wp\/v2\/product\/2868\/revisions"}],"wp:featuredmedia":[{"embeddable":true,"href":"https:\/\/distribucionarc.com\/pt\/wp-json\/wp\/v2\/media\/2869"}],"wp:attachment":[{"href":"https:\/\/distribucionarc.com\/pt\/wp-json\/wp\/v2\/media?parent=2868"}],"wp:term":[{"taxonomy":"product_brand","embeddable":true,"href":"https:\/\/distribucionarc.com\/pt\/wp-json\/wp\/v2\/product_brand?post=2868"},{"taxonomy":"product_cat","embeddable":true,"href":"https:\/\/distribucionarc.com\/pt\/wp-json\/wp\/v2\/product_cat?post=2868"},{"taxonomy":"product_tag","embeddable":true,"href":"https:\/\/distribucionarc.com\/pt\/wp-json\/wp\/v2\/product_tag?post=2868"}],"curies":[{"name":"wp","href":"https:\/\/api.w.org\/{rel}","templated":true}]}}