{"id":2881,"date":"2020-08-25T11:44:51","date_gmt":"2020-08-25T11:44:51","guid":{"rendered":"https:\/\/distribucionarc.com\/?post_type=product&#038;p=2881"},"modified":"2020-10-01T11:17:22","modified_gmt":"2020-10-01T11:17:22","slug":"decapagem-automatica-de-cabos-15-38mm","status":"publish","type":"product","link":"https:\/\/distribucionarc.com\/pt\/producto\/peladora-de-cables-automatica-15-38mm\/","title":{"rendered":"Descascador autom\u00e1tico de cabos 1,5 \u2013 38mm"},"content":{"rendered":"<h3>Descascador autom\u00e1tico de cabos 1,5 \u2013 38mm<\/h3>\n<p>O design port\u00e1til e leve facilita o transporte do <strong>descascador de cabos autom\u00e1tico <span style=\"color: #ff0000;\">PARA<\/span><span style=\"color: #0000ff;\">R<\/span>c<\/strong>. Fabricado em a\u00e7o dur\u00e1vel para garantir sua robustez e seguran\u00e7a durante o processo. F\u00e1cil de operar com 4 furos de instala\u00e7\u00e3o.<\/p>\n<p>Potente motor quadrupolo monof\u00e1sico de 400 watts, atinge velocidade de: 1400 rpm, possui prote\u00e7\u00e3o: IP44. As rodas de corte s\u00e3o de alta dureza e antiferrugem. Gra\u00e7as \u00e0 pot\u00eancia do motor, a velocidade de descascamento \u00e9 r\u00e1pida.<\/p>\n<p>Com o <strong>descascador de cabos<span style=\"color: #ff0000;\"> PARA<\/span><span style=\"color: #0000ff;\">R<\/span>CPCE400<\/strong> Voc\u00ea pode realizar o processo autom\u00e1tico ou a manivela, para as diferentes necessidades que surgirem. \u00c9 capaz de descascar cabos redondos ou planos com cobertura de 1,5 mm a 38 mm.  O comprimento de corte pode ser de 150-99999 mm<\/p>\n<h6><strong>Garantia\u00a0<span style=\"color: #ff0000;\">PARA<\/span><span style=\"color: #0000ff;\">R<\/span>C 2 ANOS<\/strong><\/h6>\n<h6><span style=\"color: #008000;\">Decapador de cabos eficiente, baixo consumo 320w<\/span><\/h6>\n<h6><strong>suporte t\u00e9cnico inclu\u00eddo<\/strong><\/h6>\n<p>&nbsp;<\/p>\n<table role=\"presentation\" width=\"100%\" cellspacing=\"0\" cellpadding=\"0\">\n<tbody>\n<tr>\n<td class=\"attrLabels\">Marca:<\/td>\n<td width=\"50.0%\">ARCO<\/td>\n<\/tr>\n<tr>\n<td class=\"attrLabels\">Pa\u00eds de distribui\u00e7\u00e3o:<\/td>\n<td width=\"50.0%\">Espanha, Alemanha, EUA<\/td>\n<td class=\"attrLabels\">Peso:<\/td>\n<td width=\"50.0%\">45kg<\/td>\n<\/tr>\n<tr>\n<td class=\"attrLabels\">Marca:<\/td>\n<td width=\"50.0%\">ARCO<\/td>\n<td class=\"attrLabels\">Altura:<\/td>\n<td width=\"50.0%\">32,2 cm<\/td>\n<\/tr>\n<tr>\n<td class=\"attrLabels\">Cor:<\/td>\n<td width=\"50.0%\">Preto, amarelo<\/td>\n<td class=\"attrLabels\">Longo:<\/td>\n<td width=\"50.0%\">81,5 cm<\/td>\n<\/tr>\n<tr>\n<td class=\"attrLabels\">Tipo de produto:<\/td>\n<td width=\"50.0%\">moedor el\u00e9trico<\/td>\n<td class=\"attrLabels\">Largo:<\/td>\n<td width=\"50.0%\">34,3 cm<\/td>\n<\/tr>\n<tr>\n<td class=\"attrLabels\">N\u00famero do fabricante:<\/td>\n<td width=\"50.0%\">ARCPCE400<\/td>\n<td class=\"attrLabels\">N\u00edvel de prote\u00e7\u00e3o:<\/td>\n<td width=\"50.0%\">IP44<\/td>\n<\/tr>\n<tr>\n<td class=\"attrLabels\">Material:<\/td>\n<td width=\"50.0%\">a\u00e7o, motor eficiente<\/td>\n<td class=\"attrLabels\">Velocidade nominal:<\/td>\n<td width=\"50.0%\">14.000 rpm<\/td>\n<\/tr>\n<tr>\n<td class=\"attrLabels\">Garantia:<\/td>\n<td width=\"50.0%\">\u00a0 2 anos<\/td>\n<td class=\"attrLabels\">Slots:<\/td>\n<td width=\"50.0%\">8 furos redondos e 2 planos<\/td>\n<\/tr>\n<tr>\n<td class=\"attrLabels\">Poder:<\/td>\n<td width=\"50.0%\">320W<\/td>\n<td class=\"attrLabels\">L\u00e2minas:<\/td>\n<td width=\"50.0%\">10<\/td>\n<\/tr>\n<\/tbody>\n<\/table>","protected":false},"excerpt":{"rendered":"<h2>Descascador autom\u00e1tico de cabos 1,5 \u2013 38mm<\/h2>\n<p>O <strong>m\u00e1quina autom\u00e1tica de descascar fios<\/strong> \u00e1rea de trabalho <strong><span style=\"color: #ff0000;\">PARA<\/span><span style=\"color: #0000ff;\">R<\/span>c<\/strong> descascar\u00e1 fios de at\u00e9 1,5 mm a 38 mm. Projetado para ser port\u00e1til, com l\u00e2minas totalmente protegidas e bot\u00e3o de parada de emerg\u00eancia para garantir a seguran\u00e7a. O Motor de Cobre Puro com velocidade nominal de 1400 Rpm, para decapagem de fios r\u00e1pida e est\u00e1vel. Esta m\u00e1quina de decapagem de cobre \u00e9 ideal para v\u00e1rios tipos de cabos redondos e cabos com revestimento plano.<\/p>\n<h6><strong>Garantia\u00a0<span style=\"color: #ff0000;\">PARA<\/span><span style=\"color: #0000ff;\">R<\/span>C 2 ANOS<\/strong><\/h6>\n<h6><span style=\"color: #008000;\">Decapador de cabos eficiente, baixo consumo 320w<\/span><\/h6>\n<h6><strong>suporte t\u00e9cnico inclu\u00eddo<\/strong><\/h6>","protected":false},"featured_media":2892,"comment_status":"open","ping_status":"closed","template":"","meta":{"wds_primary_product_brand":0,"wds_primary_product_cat":0},"product_brand":[],"product_cat":[69],"product_tag":[],"class_list":{"0":"post-2881","1":"product","2":"type-product","3":"status-publish","4":"has-post-thumbnail","6":"product_cat-maquinas-variadas","7":"product_shipping_class-express","9":"first","10":"instock","11":"sale","12":"taxable","13":"shipping-taxable","14":"purchasable","15":"product-type-simple"},"yoast_head":"<!-- This site is optimized with the Yoast SEO Premium plugin v24.9 (Yoast SEO v26.1) - https:\/\/yoast.com\/wordpress\/plugins\/seo\/ -->\n<title>Peladora de cables autom\u00e1tica 1,5 - 38mm - distribuci\u00f3n ARC<\/title>\n<meta name=\"robots\" content=\"index, follow, max-snippet:-1, max-image-preview:large, max-video-preview:-1\" \/>\n<link rel=\"canonical\" href=\"https:\/\/distribucionarc.com\/pt\/produto\/decapagem-automatica-de-cabos-15-38mm\/\" \/>\n<meta property=\"og:locale\" content=\"pt_PT\" \/>\n<meta property=\"og:type\" content=\"article\" \/>\n<meta property=\"og:title\" content=\"Peladora de cables autom\u00e1tica 1,5 - 38mm\" \/>\n<meta property=\"og:description\" content=\"Peladora de cables autom\u00e1tica 1,5 - 38mm La m\u00e1quina peladora de cables autom\u00e1tica de sobremesa ARC pelar\u00e1 alambre de hasta 1.5 mm a 38mm. Dise\u00f1ado para ser port\u00e1til, con cuchillas totalmente protegidas y bot\u00f3n de parada de emergencia para garantizar la seguridad. El Motor de cobre puro con velocidad nominal de 1400Rpm, para pelar cables de forma r\u00e1pida y estable. Esta m\u00e1quina peladora de cobre es ideal para varios tipos de cables redondos y cables planos de cubierta. Garant\u00eda\u00a0ARC 2 A\u00d1OS Peladora de cable eficiente, bajo consumo 320w soporte t\u00e9cnico incluido\" \/>\n<meta property=\"og:url\" content=\"https:\/\/distribucionarc.com\/pt\/produto\/decapagem-automatica-de-cabos-15-38mm\/\" \/>\n<meta property=\"og:site_name\" content=\"distribuci\u00f3n ARC\" \/>\n<meta property=\"article:modified_time\" content=\"2020-10-01T11:17:22+00:00\" \/>\n<meta property=\"og:image\" content=\"https:\/\/distribucionarc.com\/wp-content\/uploads\/2020\/08\/Peladora-de-cables-autom\u00e1tica-1-5-38mm-0.jpg\" \/>\n\t<meta property=\"og:image:width\" content=\"1600\" \/>\n\t<meta property=\"og:image:height\" content=\"1600\" \/>\n\t<meta property=\"og:image:type\" content=\"image\/jpeg\" \/>\n<meta name=\"twitter:card\" content=\"summary_large_image\" \/>\n<meta name=\"twitter:label1\" content=\"Tempo estimado de leitura\" \/>\n\t<meta name=\"twitter:data1\" content=\"1 minuto\" \/>\n<script type=\"application\/ld+json\" class=\"yoast-schema-graph\">{\"@context\":\"https:\/\/schema.org\",\"@graph\":[{\"@type\":\"WebPage\",\"@id\":\"https:\/\/distribucionarc.com\/hr\/producto\/peladora-de-cables-automatica-15-38mm\/\",\"url\":\"https:\/\/distribucionarc.com\/hr\/producto\/peladora-de-cables-automatica-15-38mm\/\",\"name\":\"Peladora de cables autom\u00e1tica 1,5 - 38mm - distribuci\u00f3n ARC\",\"isPartOf\":{\"@id\":\"https:\/\/distribucionarc.com\/de\/#website\"},\"primaryImageOfPage\":{\"@id\":\"https:\/\/distribucionarc.com\/hr\/producto\/peladora-de-cables-automatica-15-38mm\/#primaryimage\"},\"image\":{\"@id\":\"https:\/\/distribucionarc.com\/hr\/producto\/peladora-de-cables-automatica-15-38mm\/#primaryimage\"},\"thumbnailUrl\":\"https:\/\/distribucionarc.com\/wp-content\/uploads\/2020\/08\/Peladora-de-cables-autom\u00e1tica-1-5-38mm-0.jpg\",\"datePublished\":\"2020-08-25T11:44:51+00:00\",\"dateModified\":\"2020-10-01T11:17:22+00:00\",\"breadcrumb\":{\"@id\":\"https:\/\/distribucionarc.com\/hr\/producto\/peladora-de-cables-automatica-15-38mm\/#breadcrumb\"},\"inLanguage\":\"pt-PT\",\"potentialAction\":[{\"@type\":\"ReadAction\",\"target\":[\"https:\/\/distribucionarc.com\/hr\/producto\/peladora-de-cables-automatica-15-38mm\/\"]}]},{\"@type\":\"ImageObject\",\"inLanguage\":\"pt-PT\",\"@id\":\"https:\/\/distribucionarc.com\/hr\/producto\/peladora-de-cables-automatica-15-38mm\/#primaryimage\",\"url\":\"https:\/\/distribucionarc.com\/wp-content\/uploads\/2020\/08\/Peladora-de-cables-autom\u00e1tica-1-5-38mm-0.jpg\",\"contentUrl\":\"https:\/\/distribucionarc.com\/wp-content\/uploads\/2020\/08\/Peladora-de-cables-autom\u00e1tica-1-5-38mm-0.jpg\",\"width\":1600,\"height\":1600,\"caption\":\"Peladora de cables autom\u00e1tica 1,5 - 38mm\"},{\"@type\":\"BreadcrumbList\",\"@id\":\"https:\/\/distribucionarc.com\/hr\/producto\/peladora-de-cables-automatica-15-38mm\/#breadcrumb\",\"itemListElement\":[{\"@type\":\"ListItem\",\"position\":1,\"name\":\"Portada\",\"item\":\"https:\/\/distribucionarc.com\/pl\/\"},{\"@type\":\"ListItem\",\"position\":2,\"name\":\"Produkty\",\"item\":\"https:\/\/distribucionarc.com\/pl\/shop\/\"},{\"@type\":\"ListItem\",\"position\":3,\"name\":\"Peladora de cables autom\u00e1tica 1,5 &#8211; 38mm\"}]},{\"@type\":\"WebSite\",\"@id\":\"https:\/\/distribucionarc.com\/de\/#website\",\"url\":\"https:\/\/distribucionarc.com\/de\/\",\"name\":\"distribuci\u00f3n ARC\",\"description\":\"Empresa especializada en la fabricaci\u00f3n y distribuci\u00f3n de maquinaria industrial, selladoras de latas, Maquinas de hacer pastillas, Maquinas de cortar carne...\",\"publisher\":{\"@id\":\"https:\/\/distribucionarc.com\/de\/#organization\"},\"potentialAction\":[{\"@type\":\"SearchAction\",\"target\":{\"@type\":\"EntryPoint\",\"urlTemplate\":\"https:\/\/distribucionarc.com\/de\/?s={search_term_string}\"},\"query-input\":{\"@type\":\"PropertyValueSpecification\",\"valueRequired\":true,\"valueName\":\"search_term_string\"}}],\"inLanguage\":\"pt-PT\"},{\"@type\":\"Organization\",\"@id\":\"https:\/\/distribucionarc.com\/de\/#organization\",\"name\":\"Distribuci\u00f3n ARC\",\"url\":\"https:\/\/distribucionarc.com\/de\/\",\"logo\":{\"@type\":\"ImageObject\",\"inLanguage\":\"pt-PT\",\"@id\":\"https:\/\/distribucionarc.com\/de\/#\/schema\/logo\/image\/\",\"url\":\"https:\/\/distribucionarc.com\/wp-content\/uploads\/2024\/10\/distribucion-ARC-COLOR-SIN-FONDO-e1732295305345.png\",\"contentUrl\":\"https:\/\/distribucionarc.com\/wp-content\/uploads\/2024\/10\/distribucion-ARC-COLOR-SIN-FONDO-e1732295305345.png\",\"width\":1164,\"height\":558,\"caption\":\"Distribuci\u00f3n ARC\"},\"image\":{\"@id\":\"https:\/\/distribucionarc.com\/de\/#\/schema\/logo\/image\/\"},\"description\":\"Empresa especializada en la fabricaci\u00f3n y distribuci\u00f3n de maquinaria industrial para los sectores alimentario y farmac\u00e9utico. Nos especializamos en: M\u00e1quinas de cortar carne Fabricaci\u00f3n de comprimidos Sistemas de transporte industrial L\u00edneas de embotellado Dosificadores Y mucho m\u00e1s... Ofrecemos soluciones innovadoras y personalizadas para optimizar los procesos productivos de tu empresa.\",\"email\":\"Admistracion@distribucionarc.com\",\"telephone\":\"+34 643496664\",\"legalName\":\"ARC TECH SOLUTIONS\",\"foundingDate\":\"2024-04-09\",\"vatID\":\"B55480172\",\"numberOfEmployees\":{\"@type\":\"QuantitativeValue\",\"minValue\":\"1\",\"maxValue\":\"10\"}}]}<\/script>\n<!-- \/ Yoast SEO Premium plugin. -->","yoast_head_json":{"title":"Descascador autom\u00e1tico de cabos 1,5 - 38mm - Distribui\u00e7\u00e3o ARC","robots":{"index":"index","follow":"follow","max-snippet":"max-snippet:-1","max-image-preview":"max-image-preview:large","max-video-preview":"max-video-preview:-1"},"canonical":"https:\/\/distribucionarc.com\/pt\/produto\/decapagem-automatica-de-cabos-15-38mm\/","og_locale":"pt_PT","og_type":"article","og_title":"Peladora de cables autom\u00e1tica 1,5 - 38mm","og_description":"Peladora de cables autom\u00e1tica 1,5 - 38mm La m\u00e1quina peladora de cables autom\u00e1tica de sobremesa ARC pelar\u00e1 alambre de hasta 1.5 mm a 38mm. Dise\u00f1ado para ser port\u00e1til, con cuchillas totalmente protegidas y bot\u00f3n de parada de emergencia para garantizar la seguridad. El Motor de cobre puro con velocidad nominal de 1400Rpm, para pelar cables de forma r\u00e1pida y estable. Esta m\u00e1quina peladora de cobre es ideal para varios tipos de cables redondos y cables planos de cubierta. Garant\u00eda\u00a0ARC 2 A\u00d1OS Peladora de cable eficiente, bajo consumo 320w soporte t\u00e9cnico incluido","og_url":"https:\/\/distribucionarc.com\/pt\/produto\/decapagem-automatica-de-cabos-15-38mm\/","og_site_name":"distribuci\u00f3n ARC","article_modified_time":"2020-10-01T11:17:22+00:00","og_image":[{"width":1600,"height":1600,"url":"https:\/\/distribucionarc.com\/wp-content\/uploads\/2020\/08\/Peladora-de-cables-autom\u00e1tica-1-5-38mm-0.jpg","type":"image\/jpeg"}],"twitter_card":"summary_large_image","twitter_misc":{"Tempo estimado de leitura":"1 minuto"},"schema":{"@context":"https:\/\/schema.org","@graph":[{"@type":"WebPage","@id":"https:\/\/distribucionarc.com\/hr\/producto\/peladora-de-cables-automatica-15-38mm\/","url":"https:\/\/distribucionarc.com\/hr\/producto\/peladora-de-cables-automatica-15-38mm\/","name":"Descascador autom\u00e1tico de cabos 1,5 - 38mm - Distribui\u00e7\u00e3o ARC","isPartOf":{"@id":"https:\/\/distribucionarc.com\/de\/#website"},"primaryImageOfPage":{"@id":"https:\/\/distribucionarc.com\/hr\/producto\/peladora-de-cables-automatica-15-38mm\/#primaryimage"},"image":{"@id":"https:\/\/distribucionarc.com\/hr\/producto\/peladora-de-cables-automatica-15-38mm\/#primaryimage"},"thumbnailUrl":"https:\/\/distribucionarc.com\/wp-content\/uploads\/2020\/08\/Peladora-de-cables-autom\u00e1tica-1-5-38mm-0.jpg","datePublished":"2020-08-25T11:44:51+00:00","dateModified":"2020-10-01T11:17:22+00:00","breadcrumb":{"@id":"https:\/\/distribucionarc.com\/hr\/producto\/peladora-de-cables-automatica-15-38mm\/#breadcrumb"},"inLanguage":"pt-PT","potentialAction":[{"@type":"ReadAction","target":["https:\/\/distribucionarc.com\/hr\/producto\/peladora-de-cables-automatica-15-38mm\/"]}]},{"@type":"ImageObject","inLanguage":"pt-PT","@id":"https:\/\/distribucionarc.com\/hr\/producto\/peladora-de-cables-automatica-15-38mm\/#primaryimage","url":"https:\/\/distribucionarc.com\/wp-content\/uploads\/2020\/08\/Peladora-de-cables-autom\u00e1tica-1-5-38mm-0.jpg","contentUrl":"https:\/\/distribucionarc.com\/wp-content\/uploads\/2020\/08\/Peladora-de-cables-autom\u00e1tica-1-5-38mm-0.jpg","width":1600,"height":1600,"caption":"Peladora de cables autom\u00e1tica 1,5 - 38mm"},{"@type":"BreadcrumbList","@id":"https:\/\/distribucionarc.com\/hr\/producto\/peladora-de-cables-automatica-15-38mm\/#breadcrumb","itemListElement":[{"@type":"ListItem","position":1,"name":"Portada","item":"https:\/\/distribucionarc.com\/pl\/"},{"@type":"ListItem","position":2,"name":"Produkty","item":"https:\/\/distribucionarc.com\/pl\/shop\/"},{"@type":"ListItem","position":3,"name":"Peladora de cables autom\u00e1tica 1,5 &#8211; 38mm"}]},{"@type":"WebSite","@id":"https:\/\/distribucionarc.com\/de\/#website","url":"https:\/\/distribucionarc.com\/de\/","name":"Distribui\u00e7\u00e3o ARC","description":"Empresa especializada no fabrico e distribui\u00e7\u00e3o de m\u00e1quinas industriais, m\u00e1quinas de selar latas, m\u00e1quinas de fazer comprimidos, m\u00e1quinas de cortar carne...","publisher":{"@id":"https:\/\/distribucionarc.com\/de\/#organization"},"potentialAction":[{"@type":"SearchAction","target":{"@type":"EntryPoint","urlTemplate":"https:\/\/distribucionarc.com\/de\/?s={search_term_string}"},"query-input":{"@type":"PropertyValueSpecification","valueRequired":true,"valueName":"search_term_string"}}],"inLanguage":"pt-PT"},{"@type":"Organization","@id":"https:\/\/distribucionarc.com\/de\/#organization","name":"Distribui\u00e7\u00e3o ARC","url":"https:\/\/distribucionarc.com\/de\/","logo":{"@type":"ImageObject","inLanguage":"pt-PT","@id":"https:\/\/distribucionarc.com\/de\/#\/schema\/logo\/image\/","url":"https:\/\/distribucionarc.com\/wp-content\/uploads\/2024\/10\/distribucion-ARC-COLOR-SIN-FONDO-e1732295305345.png","contentUrl":"https:\/\/distribucionarc.com\/wp-content\/uploads\/2024\/10\/distribucion-ARC-COLOR-SIN-FONDO-e1732295305345.png","width":1164,"height":558,"caption":"Distribuci\u00f3n ARC"},"image":{"@id":"https:\/\/distribucionarc.com\/de\/#\/schema\/logo\/image\/"},"description":"Empresa especializada no fabrico e distribui\u00e7\u00e3o de m\u00e1quinas industriais para os sectores alimentar e farmac\u00eautico. Somos especializados em: M\u00e1quinas de cortar carne Fabrico de comprimidos Sistemas de transporte industrial Linhas de engarrafamento Dispensadores E muito mais... Oferecemos solu\u00e7\u00f5es inovadoras e personalizadas para otimizar os processos de produ\u00e7\u00e3o da sua empresa.","email":"Admistracion@distribucionarc.com","telephone":"+34 643496664","legalName":"ARC TECH SOLUTIONS","foundingDate":"2024-04-09","vatID":"B55480172","numberOfEmployees":{"@type":"QuantitativeValue","minValue":"1","maxValue":"10"}}]}},"_links":{"self":[{"href":"https:\/\/distribucionarc.com\/pt\/wp-json\/wp\/v2\/product\/2881","targetHints":{"allow":["GET"]}}],"collection":[{"href":"https:\/\/distribucionarc.com\/pt\/wp-json\/wp\/v2\/product"}],"about":[{"href":"https:\/\/distribucionarc.com\/pt\/wp-json\/wp\/v2\/types\/product"}],"replies":[{"embeddable":true,"href":"https:\/\/distribucionarc.com\/pt\/wp-json\/wp\/v2\/comments?post=2881"}],"version-history":[{"count":0,"href":"https:\/\/distribucionarc.com\/pt\/wp-json\/wp\/v2\/product\/2881\/revisions"}],"wp:featuredmedia":[{"embeddable":true,"href":"https:\/\/distribucionarc.com\/pt\/wp-json\/wp\/v2\/media\/2892"}],"wp:attachment":[{"href":"https:\/\/distribucionarc.com\/pt\/wp-json\/wp\/v2\/media?parent=2881"}],"wp:term":[{"taxonomy":"product_brand","embeddable":true,"href":"https:\/\/distribucionarc.com\/pt\/wp-json\/wp\/v2\/product_brand?post=2881"},{"taxonomy":"product_cat","embeddable":true,"href":"https:\/\/distribucionarc.com\/pt\/wp-json\/wp\/v2\/product_cat?post=2881"},{"taxonomy":"product_tag","embeddable":true,"href":"https:\/\/distribucionarc.com\/pt\/wp-json\/wp\/v2\/product_tag?post=2881"}],"curies":[{"name":"wp","href":"https:\/\/api.w.org\/{rel}","templated":true}]}}