{"id":3066,"date":"2020-09-21T10:47:57","date_gmt":"2020-09-21T10:47:57","guid":{"rendered":"https:\/\/distribucionarc.com\/?post_type=product&#038;p=3066"},"modified":"2020-10-01T13:42:52","modified_gmt":"2020-10-01T13:42:52","slug":"maquina-para-fazer-gelo-em-flocos-100kg","status":"publish","type":"product","link":"https:\/\/distribucionarc.com\/pt\/producto\/maquina-para-hacer-hielo-en-escamas-100kg\/","title":{"rendered":"M\u00e1quina de fazer gelo em flocos de 100kg"},"content":{"rendered":"<h3 class=\"product_title entry-title\"><strong>M\u00e1quina de fazer gelo em flocos de 100kg<\/strong><\/h3>\n<p>Esta m\u00e1quina\u00a0<strong>m\u00e1quina de fazer gelo picado<span style=\"color: #ff0000;\">\u00a0PARA<\/span><span style=\"color: #0000ff;\">R<\/span>c<\/strong> \u00e9 capaz de produzir <strong>100kg de gelo<\/strong>\u00a0puro e saud\u00e1vel\u00a0<strong>a cada 24 horas<\/strong>. Al\u00e9m disso, possui um compartimento onde pode guardar 30kg de gelo.<\/p>\n<p>Possui uma caixa de a\u00e7o inoxid\u00e1vel 304 com recipiente interno em ABS de qualidade alimentar. Para garantir um produto seguro e limpo. O sabor n\u00e3o se adultera gra\u00e7as \u00e0 qualidade dos materiais com que \u00e9 feito.<\/p>\n<p>Esse<strong> m\u00e1quina de fazer gelo <span style=\"color: #ff0000;\">PARA<\/span><span style=\"color: #0000ff;\">R<\/span>CMHE100<\/strong>\u00a0Possui compressor isento de fl\u00faor de alta efici\u00eancia com homologa\u00e7\u00e3o ETL para atendimento \u00e0s normas, o que garante grande economia de energia e assim contribui para a prote\u00e7\u00e3o do meio ambiente.<\/p>\n<p>A \u00e1rea de controle possui diferentes luzes indicadoras de LED. Que ir\u00e3o inform\u00e1-lo sobre qualquer situa\u00e7\u00e3o pela qual a m\u00e1quina esteja passando, como: baixo n\u00edvel de \u00e1gua, compartimento de gelo cheio ou falha no sistema. Possui sistema de f\u00e1cil abertura e fechamento da tampa elevat\u00f3ria para garantir conforto. Inclui uma colher de gelo para f\u00e1cil acesso \u00e0 produ\u00e7\u00e3o de gelo.<\/p>\n<h6><strong>Garantia\u00a0<span style=\"color: #ff0000;\">PARA<\/span><span style=\"color: #0000ff;\">R<\/span>C 2 ANOS<\/strong><\/h6>\n<h6><span style=\"color: #008000;\"><strong>M\u00e1quina de gelo em flocos eficiente, baixo consumo 530w<\/strong><\/span><\/h6>\n<h6><strong>suporte t\u00e9cnico inclu\u00eddo<\/strong><\/h6>\n<p>&nbsp;<\/p>\n<p>&nbsp;<\/p>\n<table role=\"presentation\" width=\"100%\" cellspacing=\"0\" cellpadding=\"0\">\n<tbody>\n<tr>\n<td class=\"attrLabels\">Poder:<\/td>\n<td width=\"50.0%\">530 W<\/td>\n<\/tr>\n<tr>\n<td class=\"attrLabels\">Tens\u00e3o:<\/td>\n<td width=\"50.0%\">220 V \u2013 240 V, 50 Hz<\/td>\n<td class=\"attrLabels\">Peso:<\/td>\n<td width=\"50.0%\">74kg<\/td>\n<\/tr>\n<tr>\n<td class=\"attrLabels\">Pa\u00eds de distribui\u00e7\u00e3o:<\/td>\n<td width=\"50.0%\">Espanha, Alemanha, EUA<\/td>\n<td class=\"attrLabels\">Altura:<\/td>\n<td width=\"50.0%\">94,7 cm<\/td>\n<\/tr>\n<tr>\n<td class=\"attrLabels\">Marca:<\/td>\n<td width=\"50.0%\">ARCO<\/td>\n<td class=\"attrLabels\">Longo:<\/td>\n<td width=\"50.0%\">50cm<\/td>\n<\/tr>\n<tr>\n<td class=\"attrLabels\">Tipo de produto:<\/td>\n<td width=\"50.0%\">M\u00e1quina de flocos de gelo<\/td>\n<td class=\"attrLabels\">Largo:<\/td>\n<td width=\"50.0%\">\u00a060,9 cm<\/td>\n<\/tr>\n<tr>\n<td class=\"attrLabels\">N\u00famero do fabricante:<\/td>\n<td width=\"50.0%\">ARCMHE100<\/td>\n<td class=\"attrLabels\">Velocidade de trabalho:<\/td>\n<td width=\"50.0%\">\u00a0100 kg por 24 horas<\/td>\n<\/tr>\n<tr>\n<td class=\"attrLabels\">Material:<\/td>\n<td width=\"50.0%\">a\u00e7o inoxid\u00e1vel, motor otimizado, compressor sem fl\u00faor, luzes LED<\/td>\n<td class=\"attrLabels\">Tipo de gelo:<\/td>\n<td width=\"50.0%\">flocos, part\u00edcula<\/td>\n<\/tr>\n<tr>\n<td class=\"attrLabels\">Cor:<\/td>\n<td width=\"50.0%\">Prata<\/td>\n<td class=\"attrLabels\">Armazenar:<\/td>\n<td width=\"50.0%\">30kg<\/td>\n<\/tr>\n<tr>\n<td class=\"attrLabels\">Ferramentas de instala\u00e7\u00e3o:<\/td>\n<td width=\"50.0%\">Sim<\/td>\n<td class=\"attrLabels\">Garantia:<\/td>\n<td width=\"50.0%\">2 ANOS<\/td>\n<\/tr>\n<\/tbody>\n<\/table>","protected":false},"excerpt":{"rendered":"<h2 class=\"product_title entry-title\"><strong>M\u00e1quina de fazer gelo em flocos de 100kg<\/strong><\/h2>\n<p>Esse\u00a0<strong>m\u00e1quina de fazer gelo<\/strong>\u00a0Ele foi projetado para ser simples e f\u00e1cil de usar, suas m\u00faltiplas luzes LED ir\u00e3o inform\u00e1-lo sobre quaisquer contratempos. Possui um inv\u00f3lucro de\u00a0<strong>A\u00e7o inoxid\u00e1vel 304 e ABS de qualidade alimentar<\/strong>\u00a0para garantir o uso seguro e durabilidade do fabricante de flocos. Este triturador produz pequenas part\u00edculas de gelo puro, saud\u00e1vel e irregular.<strong>\u00a0Eles n\u00e3o alteram o sabor<\/strong>\u00a0disto. Amplamente utilizado em hospitais, aplica\u00e7\u00f5es m\u00e9dicas, ind\u00fastrias aliment\u00edcias, ind\u00fastrias qu\u00edmicas, etc.<\/p>\n<h6><strong>Garantia\u00a0<span style=\"color: #ff0000;\">PARA<\/span><span style=\"color: #0000ff;\">R<\/span>C 2 ANOS<\/strong><\/h6>\n<h6><span style=\"color: #008000;\"><strong>M\u00e1quina de gelo em flocos eficiente, baixo consumo 530w<\/strong><\/span><\/h6>\n<h6><strong>suporte t\u00e9cnico inclu\u00eddo<\/strong><\/h6>","protected":false},"featured_media":3067,"comment_status":"open","ping_status":"closed","template":"","meta":{"wds_primary_product_brand":0,"wds_primary_product_cat":0},"product_brand":[],"product_cat":[59],"product_tag":[],"class_list":{"0":"post-3066","1":"product","2":"type-product","3":"status-publish","4":"has-post-thumbnail","6":"product_cat-hielo","7":"product_shipping_class-express","9":"first","10":"instock","11":"sale","12":"taxable","13":"shipping-taxable","14":"purchasable","15":"product-type-simple"},"yoast_head":"<!-- This site is optimized with the Yoast SEO Premium plugin v24.9 (Yoast SEO v26.1) - https:\/\/yoast.com\/wordpress\/plugins\/seo\/ -->\n<title>M\u00e1quina para hacer hielo en escamas 100kg - distribuci\u00f3n ARC<\/title>\n<meta name=\"robots\" content=\"index, follow, max-snippet:-1, max-image-preview:large, max-video-preview:-1\" \/>\n<link rel=\"canonical\" href=\"https:\/\/www.distribucionarc.com\/producto\/maquina-para-hacer-hielo-en-escamas-100kg\/\" \/>\n<meta property=\"og:locale\" content=\"pt_PT\" \/>\n<meta property=\"og:type\" content=\"article\" \/>\n<meta property=\"og:title\" content=\"M\u00e1quina para hacer hielo en escamas 100kg\" \/>\n<meta property=\"og:description\" content=\"M\u00e1quina para hacer hielo en escamas 100kg Esta\u00a0m\u00e1quina fabricadora de hielo\u00a0est\u00e1 dise\u00f1ada para ser simple y f\u00e1cil de utilizar, sus m\u00faltiples luces LED le informaran de cualquier contratiempo. Cuenta con una carcasa de\u00a0acero inoxidable 304 y ABS de grado alimenticio\u00a0para asegurar un uso seguro y la durabilidad de la fabricadora de escamas. Esta trituradora produce peque\u00f1as part\u00edculas de hielo de nieve irregular puro, saludable y\u00a0no alteran el sabor\u00a0de este.\u00a0 Ampliamente utilizada en hospitales, aplicaciones m\u00e9dicas, industrias alimentarias, industrias qu\u00edmicas, etc. Garant\u00eda\u00a0ARC 2 A\u00d1OS Maquina para hielo en escama eficiente, bajo consumo 530w soporte t\u00e9cnico\u00a0incluido\" \/>\n<meta property=\"og:url\" content=\"https:\/\/www.distribucionarc.com\/producto\/maquina-para-hacer-hielo-en-escamas-100kg\/\" \/>\n<meta property=\"og:site_name\" content=\"distribuci\u00f3n ARC\" \/>\n<meta property=\"article:modified_time\" content=\"2020-10-01T13:42:52+00:00\" \/>\n<meta property=\"og:image\" content=\"https:\/\/distribucionarc.com\/wp-content\/uploads\/2020\/09\/M\u00e1quina-para-hacer-hielo-en-escamas-100kg-0.jpg\" \/>\n\t<meta property=\"og:image:width\" content=\"1600\" \/>\n\t<meta property=\"og:image:height\" content=\"1600\" \/>\n\t<meta property=\"og:image:type\" content=\"image\/jpeg\" \/>\n<meta name=\"twitter:card\" content=\"summary_large_image\" \/>\n<meta name=\"twitter:label1\" content=\"Tempo estimado de leitura\" \/>\n\t<meta name=\"twitter:data1\" content=\"1 minuto\" \/>\n<script type=\"application\/ld+json\" class=\"yoast-schema-graph\">{\"@context\":\"https:\/\/schema.org\",\"@graph\":[{\"@type\":\"WebPage\",\"@id\":\"https:\/\/www.distribucionarc.com\/producto\/maquina-para-hacer-hielo-en-escamas-100kg\/\",\"url\":\"https:\/\/www.distribucionarc.com\/producto\/maquina-para-hacer-hielo-en-escamas-100kg\/\",\"name\":\"M\u00e1quina para hacer hielo en escamas 100kg - distribuci\u00f3n ARC\",\"isPartOf\":{\"@id\":\"https:\/\/www.distribucionarc.com\/de\/#website\"},\"primaryImageOfPage\":{\"@id\":\"https:\/\/www.distribucionarc.com\/producto\/maquina-para-hacer-hielo-en-escamas-100kg\/#primaryimage\"},\"image\":{\"@id\":\"https:\/\/www.distribucionarc.com\/producto\/maquina-para-hacer-hielo-en-escamas-100kg\/#primaryimage\"},\"thumbnailUrl\":\"https:\/\/distribucionarc.com\/wp-content\/uploads\/2020\/09\/M\u00e1quina-para-hacer-hielo-en-escamas-100kg-0.jpg\",\"datePublished\":\"2020-09-21T10:47:57+00:00\",\"dateModified\":\"2020-10-01T13:42:52+00:00\",\"breadcrumb\":{\"@id\":\"https:\/\/www.distribucionarc.com\/producto\/maquina-para-hacer-hielo-en-escamas-100kg\/#breadcrumb\"},\"inLanguage\":\"pt-PT\",\"potentialAction\":[{\"@type\":\"ReadAction\",\"target\":[\"https:\/\/www.distribucionarc.com\/producto\/maquina-para-hacer-hielo-en-escamas-100kg\/\"]}]},{\"@type\":\"ImageObject\",\"inLanguage\":\"pt-PT\",\"@id\":\"https:\/\/www.distribucionarc.com\/producto\/maquina-para-hacer-hielo-en-escamas-100kg\/#primaryimage\",\"url\":\"https:\/\/distribucionarc.com\/wp-content\/uploads\/2020\/09\/M\u00e1quina-para-hacer-hielo-en-escamas-100kg-0.jpg\",\"contentUrl\":\"https:\/\/distribucionarc.com\/wp-content\/uploads\/2020\/09\/M\u00e1quina-para-hacer-hielo-en-escamas-100kg-0.jpg\",\"width\":1600,\"height\":1600,\"caption\":\"M\u00e1quina para hacer hielo en escamas 100kg\"},{\"@type\":\"BreadcrumbList\",\"@id\":\"https:\/\/www.distribucionarc.com\/producto\/maquina-para-hacer-hielo-en-escamas-100kg\/#breadcrumb\",\"itemListElement\":[{\"@type\":\"ListItem\",\"position\":1,\"name\":\"Portada\",\"item\":\"https:\/\/www.distribucionarc.com\/en\/\"},{\"@type\":\"ListItem\",\"position\":2,\"name\":\"Products\",\"item\":\"https:\/\/www.distribucionarc.com\/en\/shop\/\"},{\"@type\":\"ListItem\",\"position\":3,\"name\":\"M\u00e1quina para hacer hielo en escamas 100kg\"}]},{\"@type\":\"WebSite\",\"@id\":\"https:\/\/www.distribucionarc.com\/de\/#website\",\"url\":\"https:\/\/www.distribucionarc.com\/de\/\",\"name\":\"distribuci\u00f3n ARC\",\"description\":\"Empresa especializada en la fabricaci\u00f3n y distribuci\u00f3n de maquinaria industrial, selladoras de latas, Maquinas de hacer pastillas, Maquinas de cortar carne...\",\"publisher\":{\"@id\":\"https:\/\/www.distribucionarc.com\/de\/#organization\"},\"potentialAction\":[{\"@type\":\"SearchAction\",\"target\":{\"@type\":\"EntryPoint\",\"urlTemplate\":\"https:\/\/www.distribucionarc.com\/de\/?s={search_term_string}\"},\"query-input\":{\"@type\":\"PropertyValueSpecification\",\"valueRequired\":true,\"valueName\":\"search_term_string\"}}],\"inLanguage\":\"pt-PT\"},{\"@type\":\"Organization\",\"@id\":\"https:\/\/www.distribucionarc.com\/de\/#organization\",\"name\":\"Distribuci\u00f3n ARC\",\"url\":\"https:\/\/www.distribucionarc.com\/de\/\",\"logo\":{\"@type\":\"ImageObject\",\"inLanguage\":\"pt-PT\",\"@id\":\"https:\/\/www.distribucionarc.com\/de\/#\/schema\/logo\/image\/\",\"url\":\"https:\/\/distribucionarc.com\/wp-content\/uploads\/2024\/10\/distribucion-ARC-COLOR-SIN-FONDO-e1732295305345.png\",\"contentUrl\":\"https:\/\/distribucionarc.com\/wp-content\/uploads\/2024\/10\/distribucion-ARC-COLOR-SIN-FONDO-e1732295305345.png\",\"width\":1164,\"height\":558,\"caption\":\"Distribuci\u00f3n ARC\"},\"image\":{\"@id\":\"https:\/\/www.distribucionarc.com\/de\/#\/schema\/logo\/image\/\"},\"description\":\"Empresa especializada en la fabricaci\u00f3n y distribuci\u00f3n de maquinaria industrial para los sectores alimentario y farmac\u00e9utico. Nos especializamos en: M\u00e1quinas de cortar carne Fabricaci\u00f3n de comprimidos Sistemas de transporte industrial L\u00edneas de embotellado Dosificadores Y mucho m\u00e1s... Ofrecemos soluciones innovadoras y personalizadas para optimizar los procesos productivos de tu empresa.\",\"email\":\"Admistracion@distribucionarc.com\",\"telephone\":\"+34 643496664\",\"legalName\":\"ARC TECH SOLUTIONS\",\"foundingDate\":\"2024-04-09\",\"vatID\":\"B55480172\",\"numberOfEmployees\":{\"@type\":\"QuantitativeValue\",\"minValue\":\"1\",\"maxValue\":\"10\"}}]}<\/script>\n<!-- \/ Yoast SEO Premium plugin. -->","yoast_head_json":{"title":"M\u00e1quina de fazer gelo em flocos de 100 kg - distribui\u00e7\u00e3o ARC","robots":{"index":"index","follow":"follow","max-snippet":"max-snippet:-1","max-image-preview":"max-image-preview:large","max-video-preview":"max-video-preview:-1"},"canonical":"https:\/\/www.distribucionarc.com\/producto\/maquina-para-hacer-hielo-en-escamas-100kg\/","og_locale":"pt_PT","og_type":"article","og_title":"M\u00e1quina para hacer hielo en escamas 100kg","og_description":"M\u00e1quina para hacer hielo en escamas 100kg Esta\u00a0m\u00e1quina fabricadora de hielo\u00a0est\u00e1 dise\u00f1ada para ser simple y f\u00e1cil de utilizar, sus m\u00faltiples luces LED le informaran de cualquier contratiempo. Cuenta con una carcasa de\u00a0acero inoxidable 304 y ABS de grado alimenticio\u00a0para asegurar un uso seguro y la durabilidad de la fabricadora de escamas. Esta trituradora produce peque\u00f1as part\u00edculas de hielo de nieve irregular puro, saludable y\u00a0no alteran el sabor\u00a0de este.\u00a0 Ampliamente utilizada en hospitales, aplicaciones m\u00e9dicas, industrias alimentarias, industrias qu\u00edmicas, etc. Garant\u00eda\u00a0ARC 2 A\u00d1OS Maquina para hielo en escama eficiente, bajo consumo 530w soporte t\u00e9cnico\u00a0incluido","og_url":"https:\/\/www.distribucionarc.com\/producto\/maquina-para-hacer-hielo-en-escamas-100kg\/","og_site_name":"distribuci\u00f3n ARC","article_modified_time":"2020-10-01T13:42:52+00:00","og_image":[{"width":1600,"height":1600,"url":"https:\/\/distribucionarc.com\/wp-content\/uploads\/2020\/09\/M\u00e1quina-para-hacer-hielo-en-escamas-100kg-0.jpg","type":"image\/jpeg"}],"twitter_card":"summary_large_image","twitter_misc":{"Tempo estimado de leitura":"1 minuto"},"schema":{"@context":"https:\/\/schema.org","@graph":[{"@type":"WebPage","@id":"https:\/\/www.distribucionarc.com\/producto\/maquina-para-hacer-hielo-en-escamas-100kg\/","url":"https:\/\/www.distribucionarc.com\/producto\/maquina-para-hacer-hielo-en-escamas-100kg\/","name":"M\u00e1quina de fazer gelo em flocos de 100 kg - distribui\u00e7\u00e3o ARC","isPartOf":{"@id":"https:\/\/www.distribucionarc.com\/de\/#website"},"primaryImageOfPage":{"@id":"https:\/\/www.distribucionarc.com\/producto\/maquina-para-hacer-hielo-en-escamas-100kg\/#primaryimage"},"image":{"@id":"https:\/\/www.distribucionarc.com\/producto\/maquina-para-hacer-hielo-en-escamas-100kg\/#primaryimage"},"thumbnailUrl":"https:\/\/distribucionarc.com\/wp-content\/uploads\/2020\/09\/M\u00e1quina-para-hacer-hielo-en-escamas-100kg-0.jpg","datePublished":"2020-09-21T10:47:57+00:00","dateModified":"2020-10-01T13:42:52+00:00","breadcrumb":{"@id":"https:\/\/www.distribucionarc.com\/producto\/maquina-para-hacer-hielo-en-escamas-100kg\/#breadcrumb"},"inLanguage":"pt-PT","potentialAction":[{"@type":"ReadAction","target":["https:\/\/www.distribucionarc.com\/producto\/maquina-para-hacer-hielo-en-escamas-100kg\/"]}]},{"@type":"ImageObject","inLanguage":"pt-PT","@id":"https:\/\/www.distribucionarc.com\/producto\/maquina-para-hacer-hielo-en-escamas-100kg\/#primaryimage","url":"https:\/\/distribucionarc.com\/wp-content\/uploads\/2020\/09\/M\u00e1quina-para-hacer-hielo-en-escamas-100kg-0.jpg","contentUrl":"https:\/\/distribucionarc.com\/wp-content\/uploads\/2020\/09\/M\u00e1quina-para-hacer-hielo-en-escamas-100kg-0.jpg","width":1600,"height":1600,"caption":"M\u00e1quina para hacer hielo en escamas 100kg"},{"@type":"BreadcrumbList","@id":"https:\/\/www.distribucionarc.com\/producto\/maquina-para-hacer-hielo-en-escamas-100kg\/#breadcrumb","itemListElement":[{"@type":"ListItem","position":1,"name":"Portada","item":"https:\/\/www.distribucionarc.com\/en\/"},{"@type":"ListItem","position":2,"name":"Products","item":"https:\/\/www.distribucionarc.com\/en\/shop\/"},{"@type":"ListItem","position":3,"name":"M\u00e1quina para hacer hielo en escamas 100kg"}]},{"@type":"WebSite","@id":"https:\/\/www.distribucionarc.com\/de\/#website","url":"https:\/\/www.distribucionarc.com\/de\/","name":"Distribui\u00e7\u00e3o ARC","description":"Empresa especializada no fabrico e distribui\u00e7\u00e3o de m\u00e1quinas industriais, m\u00e1quinas de selar latas, m\u00e1quinas de fazer comprimidos, m\u00e1quinas de cortar carne...","publisher":{"@id":"https:\/\/www.distribucionarc.com\/de\/#organization"},"potentialAction":[{"@type":"SearchAction","target":{"@type":"EntryPoint","urlTemplate":"https:\/\/www.distribucionarc.com\/de\/?s={search_term_string}"},"query-input":{"@type":"PropertyValueSpecification","valueRequired":true,"valueName":"search_term_string"}}],"inLanguage":"pt-PT"},{"@type":"Organization","@id":"https:\/\/www.distribucionarc.com\/de\/#organization","name":"Distribui\u00e7\u00e3o ARC","url":"https:\/\/www.distribucionarc.com\/de\/","logo":{"@type":"ImageObject","inLanguage":"pt-PT","@id":"https:\/\/www.distribucionarc.com\/de\/#\/schema\/logo\/image\/","url":"https:\/\/distribucionarc.com\/wp-content\/uploads\/2024\/10\/distribucion-ARC-COLOR-SIN-FONDO-e1732295305345.png","contentUrl":"https:\/\/distribucionarc.com\/wp-content\/uploads\/2024\/10\/distribucion-ARC-COLOR-SIN-FONDO-e1732295305345.png","width":1164,"height":558,"caption":"Distribuci\u00f3n ARC"},"image":{"@id":"https:\/\/www.distribucionarc.com\/de\/#\/schema\/logo\/image\/"},"description":"Empresa especializada no fabrico e distribui\u00e7\u00e3o de m\u00e1quinas industriais para os sectores alimentar e farmac\u00eautico. Somos especializados em: M\u00e1quinas de cortar carne Fabrico de comprimidos Sistemas de transporte industrial Linhas de engarrafamento Dispensadores E muito mais... Oferecemos solu\u00e7\u00f5es inovadoras e personalizadas para otimizar os processos de produ\u00e7\u00e3o da sua empresa.","email":"Admistracion@distribucionarc.com","telephone":"+34 643496664","legalName":"ARC TECH SOLUTIONS","foundingDate":"2024-04-09","vatID":"B55480172","numberOfEmployees":{"@type":"QuantitativeValue","minValue":"1","maxValue":"10"}}]}},"_links":{"self":[{"href":"https:\/\/distribucionarc.com\/pt\/wp-json\/wp\/v2\/product\/3066","targetHints":{"allow":["GET"]}}],"collection":[{"href":"https:\/\/distribucionarc.com\/pt\/wp-json\/wp\/v2\/product"}],"about":[{"href":"https:\/\/distribucionarc.com\/pt\/wp-json\/wp\/v2\/types\/product"}],"replies":[{"embeddable":true,"href":"https:\/\/distribucionarc.com\/pt\/wp-json\/wp\/v2\/comments?post=3066"}],"version-history":[{"count":0,"href":"https:\/\/distribucionarc.com\/pt\/wp-json\/wp\/v2\/product\/3066\/revisions"}],"wp:featuredmedia":[{"embeddable":true,"href":"https:\/\/distribucionarc.com\/pt\/wp-json\/wp\/v2\/media\/3067"}],"wp:attachment":[{"href":"https:\/\/distribucionarc.com\/pt\/wp-json\/wp\/v2\/media?parent=3066"}],"wp:term":[{"taxonomy":"product_brand","embeddable":true,"href":"https:\/\/distribucionarc.com\/pt\/wp-json\/wp\/v2\/product_brand?post=3066"},{"taxonomy":"product_cat","embeddable":true,"href":"https:\/\/distribucionarc.com\/pt\/wp-json\/wp\/v2\/product_cat?post=3066"},{"taxonomy":"product_tag","embeddable":true,"href":"https:\/\/distribucionarc.com\/pt\/wp-json\/wp\/v2\/product_tag?post=3066"}],"curies":[{"name":"wp","href":"https:\/\/api.w.org\/{rel}","templated":true}]}}