{"id":3091,"date":"2020-09-21T14:37:20","date_gmt":"2020-09-21T14:37:20","guid":{"rendered":"https:\/\/distribucionarc.com\/?post_type=product&#038;p=3091"},"modified":"2023-05-04T11:34:07","modified_gmt":"2023-05-04T11:34:07","slug":"espremedor-de-cana-de-acucar-eletrico","status":"publish","type":"product","link":"https:\/\/distribucionarc.com\/pt\/producto\/exprimidor-electrico-para-cana-de-azucar\/","title":{"rendered":"Espremedor el\u00e9trico de cana-de-a\u00e7\u00facar"},"content":{"rendered":"<h3>Espremedor el\u00e9trico de cana-de-a\u00e7\u00facar<\/h3>\n<p>O inv\u00f3lucro externo, todas as entradas e sa\u00eddas do <strong>espremedor de cana-de-a\u00e7\u00facar industrial <span style=\"color: #ff0000;\">PARA<\/span><span style=\"color: #0000ff;\">R<\/span>c<\/strong> Adote a\u00e7o inoxid\u00e1vel 304 de qualidade alimentar mais dur\u00e1vel e higi\u00eanico, os 4 rolos internos s\u00e3o de a\u00e7o inoxid\u00e1vel s\u00f3lido, est\u00e1veis e dur\u00e1veis. Isso facilita a separa\u00e7\u00e3o do caldo e do res\u00edduo da cana-de-a\u00e7\u00facar. Ao pressionar duas vezes voc\u00ea obt\u00e9m uma separa\u00e7\u00e3o mais completa, bem como <strong>maior quantidade de suco.<\/strong><\/p>\n<p>O tamanho e a profundidade adequados da zona de entrada facilitam a entrada na cana-de-a\u00e7\u00facar. Possui grande sa\u00edda de res\u00edduos e grande di\u00e2metro, descarregando efetivamente os res\u00edduos; A sa\u00edda do suco tem um \u00e2ngulo de inclina\u00e7\u00e3o razo\u00e1vel para fazer o suco fluir suavemente. Possui porta em acr\u00edlico transparente que permite observar todo o procedimento.<\/p>\n<p>O <strong>extrator de cana-de-a\u00e7\u00facar <span style=\"color: #ff0000;\">PARA<\/span><span style=\"color: #0000ff;\">R<\/span>CECA4<\/strong> Possui boa ventila\u00e7\u00e3o, reduzindo efetivamente o calor gerado pelos componentes e ajudando a prolongar a vida \u00fatil da m\u00e1quina. Possui interruptor de seguran\u00e7a para mudar a dire\u00e7\u00e3o dos roletes caso fique preso.<\/p>\n<h6><strong>Garantia\u00a0<span style=\"color: #ff0000;\">PARA<\/span><span style=\"color: #0000ff;\">R<\/span>C 2 ANOS<\/strong><\/h6>\n<h6><span style=\"color: #008000;\">Espremedor de cana eficiente, baixo consumo 700w<\/span><\/h6>\n<h6><strong>suporte t\u00e9cnico inclu\u00eddo<\/strong><\/h6>\n<p>&nbsp;<\/p>\n<table role=\"presentation\" width=\"100%\" cellspacing=\"0\" cellpadding=\"0\">\n<tbody>\n<tr>\n<td class=\"attrLabels\">Marca:<\/td>\n<td width=\"50.0%\">ARCO<\/td>\n<\/tr>\n<tr>\n<td class=\"attrLabels\">Pa\u00eds de distribui\u00e7\u00e3o:<\/td>\n<td width=\"50.0%\">Espanha, Alemanha, EUA<\/td>\n<td class=\"attrLabels\">Peso:<\/td>\n<td width=\"50.0%\">68kg<\/td>\n<\/tr>\n<tr>\n<td class=\"attrLabels\">Garantia:<\/td>\n<td width=\"50.0%\">2 anos<\/td>\n<td class=\"attrLabels\">Altura:<\/td>\n<td width=\"50.0%\">46,8 cm<\/td>\n<\/tr>\n<tr>\n<td class=\"attrLabels\">Cor:<\/td>\n<td width=\"50.0%\">Prata<\/td>\n<td class=\"attrLabels\">Longo:<\/td>\n<td width=\"50.0%\">36,8 cm<\/td>\n<\/tr>\n<tr>\n<td class=\"attrLabels\">Tipo de produto:<\/td>\n<td width=\"50.0%\">Espremedor de cana-de-a\u00e7\u00facar<\/td>\n<td class=\"attrLabels\">Largo:<\/td>\n<td width=\"50.0%\">31,7 cm<\/td>\n<\/tr>\n<tr>\n<td class=\"attrLabels\">N\u00famero do fabricante:<\/td>\n<td width=\"50.0%\">ARCECA4<\/td>\n<td class=\"attrLabels\">N\u00famero e tamanho dos rolos:<\/td>\n<td width=\"50.0%\">4 de 7 x 10 cm<\/td>\n<\/tr>\n<tr>\n<td class=\"attrLabels\">Material:<\/td>\n<td width=\"50.0%\">a\u00e7o inoxid\u00e1vel, motor eficiente<\/td>\n<td class=\"attrLabels\">Tens\u00e3o de entrada:<\/td>\n<td width=\"50.0%\">220 V \u2013 50 Hz<\/td>\n<\/tr>\n<tr>\n<td class=\"attrLabels\">Poder:<\/td>\n<td width=\"50.0%\">\u00a0 700 W<\/td>\n<td class=\"attrLabels\">Acusa\u00e7\u00e3o:<\/td>\n<td width=\"50.0%\">250 kg por hora<\/td>\n<\/tr>\n<tr>\n<td class=\"attrLabels\">Tens\u00e3o de entrada:<\/td>\n<td width=\"50.0%\">220 V \u2013 50 Hz<\/td>\n<td class=\"attrLabels\">Velocidade de rota\u00e7\u00e3o:<\/td>\n<td width=\"50.0%\">15 rpm<\/td>\n<\/tr>\n<\/tbody>\n<\/table>","protected":false},"excerpt":{"rendered":"<h2>Espremedor el\u00e9trico de cana-de-a\u00e7\u00facar<\/h2>\n<p>Esse <strong>extrator de suco de cana el\u00e9trico <span style=\"color: #ff0000;\">PARA<\/span><span style=\"color: #0000ff;\">R<\/span>c<\/strong> \u00c9 feito de a\u00e7o inoxid\u00e1vel de qualidade alimentar forte e est\u00e1vel. Utiliza 4 rolos de a\u00e7o inoxid\u00e1vel totalmente maci\u00e7os para separar facilmente o caldo e res\u00edduos da cana-de-a\u00e7\u00facar, isto \u00e9 <strong>aperte duas vezes<\/strong> para garantir um <strong>separa\u00e7\u00e3o mais completa<\/strong> e assim tirar o <strong>benef\u00edcio m\u00e1ximo<\/strong> de cada cana-de-a\u00e7\u00facar. \u00c9 f\u00e1cil de operar e \u00e9 especialmente adequado para hot\u00e9is, lojas de frutas, lojas de bebidas geladas, escolas, etc.<\/p>\n<h6><strong>Garantia\u00a0<span style=\"color: #ff0000;\">PARA<\/span><span style=\"color: #0000ff;\">R<\/span>C 2 ANOS<\/strong><\/h6>\n<h6><span style=\"color: #008000;\">Espremedor de cana eficiente, baixo consumo 700w<\/span><\/h6>\n<h6><strong>suporte t\u00e9cnico inclu\u00eddo<\/strong><\/h6>","protected":false},"featured_media":3098,"comment_status":"open","ping_status":"closed","template":"","meta":{"wds_primary_product_brand":0,"wds_primary_product_cat":0},"product_brand":[],"product_cat":[30,65],"product_tag":[],"class_list":{"0":"post-3091","1":"product","2":"type-product","3":"status-publish","4":"has-post-thumbnail","6":"product_cat-maquinaria-apicola","7":"product_cat-maquinaria-industrial-para-procesar-fruta-verdura-panales","8":"product_shipping_class-express","10":"first","11":"instock","12":"taxable","13":"shipping-taxable","14":"purchasable","15":"product-type-simple"},"yoast_head":"<!-- This site is optimized with the Yoast SEO Premium plugin v24.9 (Yoast SEO v26.1) - https:\/\/yoast.com\/wordpress\/plugins\/seo\/ -->\n<title>Exprimidor el\u00e9ctrico para ca\u00f1a de az\u00facar - distribuci\u00f3n ARC<\/title>\n<meta name=\"robots\" content=\"index, follow, max-snippet:-1, max-image-preview:large, max-video-preview:-1\" \/>\n<link rel=\"canonical\" href=\"https:\/\/distribucionarc.com\/pt\/produto\/espremedor-de-cana-de-acucar-eletrico\/\" \/>\n<meta property=\"og:locale\" content=\"pt_PT\" \/>\n<meta property=\"og:type\" content=\"article\" \/>\n<meta property=\"og:title\" content=\"Exprimidor el\u00e9ctrico para ca\u00f1a de az\u00facar\" \/>\n<meta property=\"og:description\" content=\"Exprimidor el\u00e9ctrico para ca\u00f1a de az\u00facar Este extractor de zumo de ca\u00f1a el\u00e9ctrico ARC est\u00e1 hecho de acero inoxidable alimenticio fuerte y estable. Utiliza 4 rodillos de acero inoxidable totalmente s\u00f3lidos para separar f\u00e1cil el jugo y los residuos de la ca\u00f1a de az\u00facar, esta se exprime dos veces para asegurar una separaci\u00f3n m\u00e1s completa y as\u00ed sacar el m\u00e1ximo provecho de cada ca\u00f1a de az\u00facar. Es f\u00e1cil de operar y es especialmente adecuado para hoteles, fruter\u00edas, tiendas de bebidas fr\u00edas, escuelas, etc. Garant\u00eda\u00a0ARC 2 A\u00d1OS Exprimidor para ca\u00f1a de az\u00facar eficiente, bajo consumo 700w soporte t\u00e9cnico incluido\" \/>\n<meta property=\"og:url\" content=\"https:\/\/distribucionarc.com\/pt\/produto\/espremedor-de-cana-de-acucar-eletrico\/\" \/>\n<meta property=\"og:site_name\" content=\"distribuci\u00f3n ARC\" \/>\n<meta property=\"article:modified_time\" content=\"2023-05-04T11:34:07+00:00\" \/>\n<meta property=\"og:image\" content=\"https:\/\/distribucionarc.com\/wp-content\/uploads\/2020\/09\/Exprimidor-el\u00e9ctrico-para-ca\u00f1a-de-az\u00facar-0.jpg\" \/>\n\t<meta property=\"og:image:width\" content=\"1600\" \/>\n\t<meta property=\"og:image:height\" content=\"1600\" \/>\n\t<meta property=\"og:image:type\" content=\"image\/jpeg\" \/>\n<meta name=\"twitter:card\" content=\"summary_large_image\" \/>\n<meta name=\"twitter:label1\" content=\"Tempo estimado de leitura\" \/>\n\t<meta name=\"twitter:data1\" content=\"2 minutos\" \/>\n<script type=\"application\/ld+json\" class=\"yoast-schema-graph\">{\"@context\":\"https:\/\/schema.org\",\"@graph\":[{\"@type\":\"WebPage\",\"@id\":\"https:\/\/distribucionarc.com\/ro\/producto\/exprimidor-electrico-para-cana-de-azucar\/\",\"url\":\"https:\/\/distribucionarc.com\/ro\/producto\/exprimidor-electrico-para-cana-de-azucar\/\",\"name\":\"Exprimidor el\u00e9ctrico para ca\u00f1a de az\u00facar - distribuci\u00f3n ARC\",\"isPartOf\":{\"@id\":\"https:\/\/distribucionarc.com\/de\/#website\"},\"primaryImageOfPage\":{\"@id\":\"https:\/\/distribucionarc.com\/ro\/producto\/exprimidor-electrico-para-cana-de-azucar\/#primaryimage\"},\"image\":{\"@id\":\"https:\/\/distribucionarc.com\/ro\/producto\/exprimidor-electrico-para-cana-de-azucar\/#primaryimage\"},\"thumbnailUrl\":\"https:\/\/distribucionarc.com\/wp-content\/uploads\/2020\/09\/Exprimidor-el\u00e9ctrico-para-ca\u00f1a-de-az\u00facar-0.jpg\",\"datePublished\":\"2020-09-21T14:37:20+00:00\",\"dateModified\":\"2023-05-04T11:34:07+00:00\",\"breadcrumb\":{\"@id\":\"https:\/\/distribucionarc.com\/ro\/producto\/exprimidor-electrico-para-cana-de-azucar\/#breadcrumb\"},\"inLanguage\":\"pt-PT\",\"potentialAction\":[{\"@type\":\"ReadAction\",\"target\":[\"https:\/\/distribucionarc.com\/ro\/producto\/exprimidor-electrico-para-cana-de-azucar\/\"]}]},{\"@type\":\"ImageObject\",\"inLanguage\":\"pt-PT\",\"@id\":\"https:\/\/distribucionarc.com\/ro\/producto\/exprimidor-electrico-para-cana-de-azucar\/#primaryimage\",\"url\":\"https:\/\/distribucionarc.com\/wp-content\/uploads\/2020\/09\/Exprimidor-el\u00e9ctrico-para-ca\u00f1a-de-az\u00facar-0.jpg\",\"contentUrl\":\"https:\/\/distribucionarc.com\/wp-content\/uploads\/2020\/09\/Exprimidor-el\u00e9ctrico-para-ca\u00f1a-de-az\u00facar-0.jpg\",\"width\":1600,\"height\":1600,\"caption\":\"Exprimidor el\u00e9ctrico para ca\u00f1a de az\u00facar\"},{\"@type\":\"BreadcrumbList\",\"@id\":\"https:\/\/distribucionarc.com\/ro\/producto\/exprimidor-electrico-para-cana-de-azucar\/#breadcrumb\",\"itemListElement\":[{\"@type\":\"ListItem\",\"position\":1,\"name\":\"Portada\",\"item\":\"https:\/\/distribucionarc.com\/pl\/\"},{\"@type\":\"ListItem\",\"position\":2,\"name\":\"Produkty\",\"item\":\"https:\/\/distribucionarc.com\/pl\/shop\/\"},{\"@type\":\"ListItem\",\"position\":3,\"name\":\"Exprimidor el\u00e9ctrico para ca\u00f1a de az\u00facar\"}]},{\"@type\":\"WebSite\",\"@id\":\"https:\/\/distribucionarc.com\/de\/#website\",\"url\":\"https:\/\/distribucionarc.com\/de\/\",\"name\":\"distribuci\u00f3n ARC\",\"description\":\"Empresa especializada en la fabricaci\u00f3n y distribuci\u00f3n de maquinaria industrial, selladoras de latas, Maquinas de hacer pastillas, Maquinas de cortar carne...\",\"publisher\":{\"@id\":\"https:\/\/distribucionarc.com\/de\/#organization\"},\"potentialAction\":[{\"@type\":\"SearchAction\",\"target\":{\"@type\":\"EntryPoint\",\"urlTemplate\":\"https:\/\/distribucionarc.com\/de\/?s={search_term_string}\"},\"query-input\":{\"@type\":\"PropertyValueSpecification\",\"valueRequired\":true,\"valueName\":\"search_term_string\"}}],\"inLanguage\":\"pt-PT\"},{\"@type\":\"Organization\",\"@id\":\"https:\/\/distribucionarc.com\/de\/#organization\",\"name\":\"Distribuci\u00f3n ARC\",\"url\":\"https:\/\/distribucionarc.com\/de\/\",\"logo\":{\"@type\":\"ImageObject\",\"inLanguage\":\"pt-PT\",\"@id\":\"https:\/\/distribucionarc.com\/de\/#\/schema\/logo\/image\/\",\"url\":\"https:\/\/distribucionarc.com\/wp-content\/uploads\/2024\/10\/distribucion-ARC-COLOR-SIN-FONDO-e1732295305345.png\",\"contentUrl\":\"https:\/\/distribucionarc.com\/wp-content\/uploads\/2024\/10\/distribucion-ARC-COLOR-SIN-FONDO-e1732295305345.png\",\"width\":1164,\"height\":558,\"caption\":\"Distribuci\u00f3n ARC\"},\"image\":{\"@id\":\"https:\/\/distribucionarc.com\/de\/#\/schema\/logo\/image\/\"},\"description\":\"Empresa especializada en la fabricaci\u00f3n y distribuci\u00f3n de maquinaria industrial para los sectores alimentario y farmac\u00e9utico. Nos especializamos en: M\u00e1quinas de cortar carne Fabricaci\u00f3n de comprimidos Sistemas de transporte industrial L\u00edneas de embotellado Dosificadores Y mucho m\u00e1s... Ofrecemos soluciones innovadoras y personalizadas para optimizar los procesos productivos de tu empresa.\",\"email\":\"Admistracion@distribucionarc.com\",\"telephone\":\"+34 643496664\",\"legalName\":\"ARC TECH SOLUTIONS\",\"foundingDate\":\"2024-04-09\",\"vatID\":\"B55480172\",\"numberOfEmployees\":{\"@type\":\"QuantitativeValue\",\"minValue\":\"1\",\"maxValue\":\"10\"}}]}<\/script>\n<!-- \/ Yoast SEO Premium plugin. -->","yoast_head_json":{"title":"Espremedor el\u00e9trico para cana-de-a\u00e7\u00facar - distribui\u00e7\u00e3o ARC","robots":{"index":"index","follow":"follow","max-snippet":"max-snippet:-1","max-image-preview":"max-image-preview:large","max-video-preview":"max-video-preview:-1"},"canonical":"https:\/\/distribucionarc.com\/pt\/produto\/espremedor-de-cana-de-acucar-eletrico\/","og_locale":"pt_PT","og_type":"article","og_title":"Exprimidor el\u00e9ctrico para ca\u00f1a de az\u00facar","og_description":"Exprimidor el\u00e9ctrico para ca\u00f1a de az\u00facar Este extractor de zumo de ca\u00f1a el\u00e9ctrico ARC est\u00e1 hecho de acero inoxidable alimenticio fuerte y estable. Utiliza 4 rodillos de acero inoxidable totalmente s\u00f3lidos para separar f\u00e1cil el jugo y los residuos de la ca\u00f1a de az\u00facar, esta se exprime dos veces para asegurar una separaci\u00f3n m\u00e1s completa y as\u00ed sacar el m\u00e1ximo provecho de cada ca\u00f1a de az\u00facar. Es f\u00e1cil de operar y es especialmente adecuado para hoteles, fruter\u00edas, tiendas de bebidas fr\u00edas, escuelas, etc. Garant\u00eda\u00a0ARC 2 A\u00d1OS Exprimidor para ca\u00f1a de az\u00facar eficiente, bajo consumo 700w soporte t\u00e9cnico incluido","og_url":"https:\/\/distribucionarc.com\/pt\/produto\/espremedor-de-cana-de-acucar-eletrico\/","og_site_name":"distribuci\u00f3n ARC","article_modified_time":"2023-05-04T11:34:07+00:00","og_image":[{"width":1600,"height":1600,"url":"https:\/\/distribucionarc.com\/wp-content\/uploads\/2020\/09\/Exprimidor-el\u00e9ctrico-para-ca\u00f1a-de-az\u00facar-0.jpg","type":"image\/jpeg"}],"twitter_card":"summary_large_image","twitter_misc":{"Tempo estimado de leitura":"2 minutos"},"schema":{"@context":"https:\/\/schema.org","@graph":[{"@type":"WebPage","@id":"https:\/\/distribucionarc.com\/ro\/producto\/exprimidor-electrico-para-cana-de-azucar\/","url":"https:\/\/distribucionarc.com\/ro\/producto\/exprimidor-electrico-para-cana-de-azucar\/","name":"Espremedor el\u00e9trico para cana-de-a\u00e7\u00facar - distribui\u00e7\u00e3o ARC","isPartOf":{"@id":"https:\/\/distribucionarc.com\/de\/#website"},"primaryImageOfPage":{"@id":"https:\/\/distribucionarc.com\/ro\/producto\/exprimidor-electrico-para-cana-de-azucar\/#primaryimage"},"image":{"@id":"https:\/\/distribucionarc.com\/ro\/producto\/exprimidor-electrico-para-cana-de-azucar\/#primaryimage"},"thumbnailUrl":"https:\/\/distribucionarc.com\/wp-content\/uploads\/2020\/09\/Exprimidor-el\u00e9ctrico-para-ca\u00f1a-de-az\u00facar-0.jpg","datePublished":"2020-09-21T14:37:20+00:00","dateModified":"2023-05-04T11:34:07+00:00","breadcrumb":{"@id":"https:\/\/distribucionarc.com\/ro\/producto\/exprimidor-electrico-para-cana-de-azucar\/#breadcrumb"},"inLanguage":"pt-PT","potentialAction":[{"@type":"ReadAction","target":["https:\/\/distribucionarc.com\/ro\/producto\/exprimidor-electrico-para-cana-de-azucar\/"]}]},{"@type":"ImageObject","inLanguage":"pt-PT","@id":"https:\/\/distribucionarc.com\/ro\/producto\/exprimidor-electrico-para-cana-de-azucar\/#primaryimage","url":"https:\/\/distribucionarc.com\/wp-content\/uploads\/2020\/09\/Exprimidor-el\u00e9ctrico-para-ca\u00f1a-de-az\u00facar-0.jpg","contentUrl":"https:\/\/distribucionarc.com\/wp-content\/uploads\/2020\/09\/Exprimidor-el\u00e9ctrico-para-ca\u00f1a-de-az\u00facar-0.jpg","width":1600,"height":1600,"caption":"Exprimidor el\u00e9ctrico para ca\u00f1a de az\u00facar"},{"@type":"BreadcrumbList","@id":"https:\/\/distribucionarc.com\/ro\/producto\/exprimidor-electrico-para-cana-de-azucar\/#breadcrumb","itemListElement":[{"@type":"ListItem","position":1,"name":"Portada","item":"https:\/\/distribucionarc.com\/pl\/"},{"@type":"ListItem","position":2,"name":"Produkty","item":"https:\/\/distribucionarc.com\/pl\/shop\/"},{"@type":"ListItem","position":3,"name":"Exprimidor el\u00e9ctrico para ca\u00f1a de az\u00facar"}]},{"@type":"WebSite","@id":"https:\/\/distribucionarc.com\/de\/#website","url":"https:\/\/distribucionarc.com\/de\/","name":"Distribui\u00e7\u00e3o ARC","description":"Empresa especializada no fabrico e distribui\u00e7\u00e3o de m\u00e1quinas industriais, m\u00e1quinas de selar latas, m\u00e1quinas de fazer comprimidos, m\u00e1quinas de cortar carne...","publisher":{"@id":"https:\/\/distribucionarc.com\/de\/#organization"},"potentialAction":[{"@type":"SearchAction","target":{"@type":"EntryPoint","urlTemplate":"https:\/\/distribucionarc.com\/de\/?s={search_term_string}"},"query-input":{"@type":"PropertyValueSpecification","valueRequired":true,"valueName":"search_term_string"}}],"inLanguage":"pt-PT"},{"@type":"Organization","@id":"https:\/\/distribucionarc.com\/de\/#organization","name":"Distribui\u00e7\u00e3o ARC","url":"https:\/\/distribucionarc.com\/de\/","logo":{"@type":"ImageObject","inLanguage":"pt-PT","@id":"https:\/\/distribucionarc.com\/de\/#\/schema\/logo\/image\/","url":"https:\/\/distribucionarc.com\/wp-content\/uploads\/2024\/10\/distribucion-ARC-COLOR-SIN-FONDO-e1732295305345.png","contentUrl":"https:\/\/distribucionarc.com\/wp-content\/uploads\/2024\/10\/distribucion-ARC-COLOR-SIN-FONDO-e1732295305345.png","width":1164,"height":558,"caption":"Distribuci\u00f3n ARC"},"image":{"@id":"https:\/\/distribucionarc.com\/de\/#\/schema\/logo\/image\/"},"description":"Empresa especializada no fabrico e distribui\u00e7\u00e3o de m\u00e1quinas industriais para os sectores alimentar e farmac\u00eautico. Somos especializados em: M\u00e1quinas de cortar carne Fabrico de comprimidos Sistemas de transporte industrial Linhas de engarrafamento Dispensadores E muito mais... Oferecemos solu\u00e7\u00f5es inovadoras e personalizadas para otimizar os processos de produ\u00e7\u00e3o da sua empresa.","email":"Admistracion@distribucionarc.com","telephone":"+34 643496664","legalName":"ARC TECH SOLUTIONS","foundingDate":"2024-04-09","vatID":"B55480172","numberOfEmployees":{"@type":"QuantitativeValue","minValue":"1","maxValue":"10"}}]}},"_links":{"self":[{"href":"https:\/\/distribucionarc.com\/pt\/wp-json\/wp\/v2\/product\/3091","targetHints":{"allow":["GET"]}}],"collection":[{"href":"https:\/\/distribucionarc.com\/pt\/wp-json\/wp\/v2\/product"}],"about":[{"href":"https:\/\/distribucionarc.com\/pt\/wp-json\/wp\/v2\/types\/product"}],"replies":[{"embeddable":true,"href":"https:\/\/distribucionarc.com\/pt\/wp-json\/wp\/v2\/comments?post=3091"}],"version-history":[{"count":0,"href":"https:\/\/distribucionarc.com\/pt\/wp-json\/wp\/v2\/product\/3091\/revisions"}],"wp:featuredmedia":[{"embeddable":true,"href":"https:\/\/distribucionarc.com\/pt\/wp-json\/wp\/v2\/media\/3098"}],"wp:attachment":[{"href":"https:\/\/distribucionarc.com\/pt\/wp-json\/wp\/v2\/media?parent=3091"}],"wp:term":[{"taxonomy":"product_brand","embeddable":true,"href":"https:\/\/distribucionarc.com\/pt\/wp-json\/wp\/v2\/product_brand?post=3091"},{"taxonomy":"product_cat","embeddable":true,"href":"https:\/\/distribucionarc.com\/pt\/wp-json\/wp\/v2\/product_cat?post=3091"},{"taxonomy":"product_tag","embeddable":true,"href":"https:\/\/distribucionarc.com\/pt\/wp-json\/wp\/v2\/product_tag?post=3091"}],"curies":[{"name":"wp","href":"https:\/\/api.w.org\/{rel}","templated":true}]}}