{"id":3131,"date":"2020-10-01T15:46:09","date_gmt":"2020-10-01T15:46:09","guid":{"rendered":"https:\/\/distribucionarc.com\/?post_type=product&#038;p=3131"},"modified":"2023-01-12T02:47:55","modified_gmt":"2023-01-12T02:47:55","slug":"cadeira-de-rodas-para-subir-escadas","status":"publish","type":"product","link":"https:\/\/distribucionarc.com\/pt\/producto\/silla-de-ruedas-para-subir-escaleras\/","title":{"rendered":"Cadeira de rodas para subir escadas"},"content":{"rendered":"<h3>Cadeira de rodas para subir escadas<\/h3>\n<p>O assento e o encosto do <strong>cadeira de rodas <span style=\"color: #ff0000;\">PARA<\/span><span style=\"color: #0000ff;\">R<\/span>c<\/strong> S\u00e3o fofos, macios e confort\u00e1veis, tamb\u00e9m f\u00e1ceis de esterilizar e limpar. Dois cintos garantem a seguran\u00e7a dos utilizadores ao subir\/descer escadas. O apoio de bra\u00e7os e p\u00e9s dobr\u00e1veis s\u00e3o ergon\u00f4micos.  Suporta grande capacidade de at\u00e9 160 kg<\/p>\n<p>As marcas de borracha engrossaram e alongaram. Eles abrem e fecham simplesmente com um leve toque. Eles s\u00e3o projetados para neutralizar a gravidade e retardar a descida com fric\u00e7\u00e3o. As rodas s\u00e3o feitas de borracha, resistentes a arranh\u00f5es e dur\u00e1veis.<\/p>\n<p>A parte de tr\u00e1s do <strong>cadeira de evacua\u00e7\u00e3o <span style=\"color: #ff0000;\">PARA<\/span><span style=\"color: #0000ff;\">R<\/span>CSRE1<\/strong> Ele foi projetado com duas al\u00e7as dobradas que travam na posi\u00e7\u00e3o, permitindo aos operadores punhos antiderrapantes para manuseio seguro e f\u00e1cil dire\u00e7\u00e3o. As al\u00e7as frontais s\u00e3o retr\u00e1teis pressionando o bot\u00e3o vermelho, usado para levantar a cadeira.<\/p>\n<h6><strong>Garantia\u00a0<\/strong><span style=\"color: #ff0000;\"><strong>PARA<\/strong><span style=\"color: #0000ff;\"><strong>R<\/strong><\/span><\/span><strong>C 2 ANOS<\/strong><\/h6>\n<h6><strong>suporte t\u00e9cnico inclu\u00eddo<\/strong><\/h6>\n<p>&nbsp;<\/p>\n<table width=\"100%\">\n<tbody>\n<tr>\n<td>Cara:<\/td>\n<td width=\"50%\">Manual<\/td>\n<td colspan=\"2\" width=\"327\"><\/td>\n<\/tr>\n<tr>\n<td>Pa\u00eds de distribui\u00e7\u00e3o:<\/td>\n<td width=\"50%\">Espanha, Alemanha, EUA<\/td>\n<td>Peso:<\/td>\n<td width=\"50%\">26kg<\/td>\n<\/tr>\n<tr>\n<td>Marca:<\/td>\n<td width=\"50%\">ARCO<\/td>\n<td>Altura:<\/td>\n<td width=\"50%\">105cm<\/td>\n<\/tr>\n<tr>\n<td>Cor:<\/td>\n<td width=\"50%\">Amarelo, preto<\/td>\n<td>Longo:<\/td>\n<td width=\"50%\">\u00a074cm<\/td>\n<\/tr>\n<tr>\n<td>Tipo de produto:<\/td>\n<td width=\"50%\">cadeira de rodas de escada<\/td>\n<td>Largo:<\/td>\n<td width=\"50%\">49cm<\/td>\n<\/tr>\n<tr>\n<td>N\u00famero do fabricante:<\/td>\n<td width=\"50%\">ARCSRE1<\/td>\n<td>Tipo de escalador:<\/td>\n<td width=\"50%\">trilhos refor\u00e7ados<\/td>\n<\/tr>\n<tr>\n<td>Material:<\/td>\n<td width=\"50%\">\u00a0liga de alum\u00ednio, borracha espessada<\/td>\n<td>Altura m\u00e1xima:<\/td>\n<td width=\"50%\">162cm<\/td>\n<\/tr>\n<tr>\n<td>Garantia:<\/td>\n<td width=\"50%\">2 ANOS<\/td>\n<td>Material do assento:<\/td>\n<td width=\"50%\">Espuma acolchoada<\/td>\n<\/tr>\n<tr>\n<td>Ferramentas de instala\u00e7\u00e3o:<\/td>\n<td width=\"50%\">Sim<\/td>\n<td>Material da roda:<\/td>\n<td width=\"50%\">borracha<\/td>\n<\/tr>\n<\/tbody>\n<\/table>","protected":false},"excerpt":{"rendered":"<h2>Cadeira de rodas para subir escadas<\/h2>\n<p>Com isso <strong>cadeira de rodas <span style=\"color: #ff0000;\">PARA<\/span><span style=\"color: #0000ff;\">R<\/span>c<\/strong> pode transportar pacientes atrav\u00e9s de espa\u00e7os apertados e subir ou descer escadas, com seguran\u00e7a e efici\u00eancia. Equipado com uma estrutura de alum\u00ednio resistente, \u00e9 forte o suficiente para suportar at\u00e9 <strong>160kg<\/strong>. O cinto de seguran\u00e7a corporal e outros designs ergon\u00f4micos garantem o conforto e a seguran\u00e7a dos usu\u00e1rios. Al\u00e7as com diferentes fun\u00e7\u00f5es permitem manobrar este <strong>cadeira de escada<\/strong> facilmente.<\/p>\n<h6><strong>Garantia\u00a0<\/strong><span style=\"color: #ff0000;\"><strong>PARA<\/strong><span style=\"color: #0000ff;\"><strong>R<\/strong><\/span><\/span><strong>C 2 ANOS<\/strong><\/h6>\n<h6><strong>suporte t\u00e9cnico inclu\u00eddo<\/strong><\/h6>","protected":false},"featured_media":3403,"comment_status":"open","ping_status":"closed","template":"","meta":{"wds_primary_product_brand":0,"wds_primary_product_cat":0},"product_brand":[],"product_cat":[69],"product_tag":[],"class_list":{"0":"post-3131","1":"product","2":"type-product","3":"status-publish","4":"has-post-thumbnail","6":"product_cat-maquinas-variadas","7":"product_shipping_class-express","9":"first","10":"instock","11":"taxable","12":"shipping-taxable","13":"purchasable","14":"product-type-simple"},"yoast_head":"<!-- This site is optimized with the Yoast SEO Premium plugin v24.9 (Yoast SEO v26.1) - https:\/\/yoast.com\/wordpress\/plugins\/seo\/ -->\n<title>Silla de ruedas para subir escaleras - distribuci\u00f3n ARC<\/title>\n<meta name=\"robots\" content=\"index, follow, max-snippet:-1, max-image-preview:large, max-video-preview:-1\" \/>\n<link rel=\"canonical\" href=\"https:\/\/distribucionarc.com\/pt\/produto\/cadeira-de-rodas-para-subir-escadas\/\" \/>\n<meta property=\"og:locale\" content=\"pt_PT\" \/>\n<meta property=\"og:type\" content=\"article\" \/>\n<meta property=\"og:title\" content=\"Silla de ruedas para subir escaleras\" \/>\n<meta property=\"og:description\" content=\"Silla de ruedas para subir escaleras Con esta silla de ruedas ARC puede transportar pacientes a trav\u00e9s de espacios reducidos y subir o bajar escaleras, de manera segura adem\u00e1s de eficiente. Equipada con un robusto marco de aluminio es lo suficientemente fuerte como para soportar hasta 160 Kg. El cintur\u00f3n de seguridad para el cuerpo y otros dise\u00f1os ergon\u00f3micos garantizan la comodidad y seguridad de los usuarios. Los mangos de diferentes funciones permiten maniobrar esta silla para escaleras f\u00e1cilmente. Garant\u00eda\u00a0ARC 2 A\u00d1OS soporte t\u00e9cnico\u00a0incluido\" \/>\n<meta property=\"og:url\" content=\"https:\/\/distribucionarc.com\/pt\/produto\/cadeira-de-rodas-para-subir-escadas\/\" \/>\n<meta property=\"og:site_name\" content=\"distribuci\u00f3n ARC\" \/>\n<meta property=\"article:modified_time\" content=\"2023-01-12T02:47:55+00:00\" \/>\n<meta property=\"og:image\" content=\"https:\/\/distribucionarc.com\/wp-content\/uploads\/2020\/10\/Silla-de-ruedas-para-subir-escaleras-0.jpg\" \/>\n\t<meta property=\"og:image:width\" content=\"1600\" \/>\n\t<meta property=\"og:image:height\" content=\"1600\" \/>\n\t<meta property=\"og:image:type\" content=\"image\/jpeg\" \/>\n<meta name=\"twitter:card\" content=\"summary_large_image\" \/>\n<meta name=\"twitter:label1\" content=\"Tempo estimado de leitura\" \/>\n\t<meta name=\"twitter:data1\" content=\"1 minuto\" \/>\n<script type=\"application\/ld+json\" class=\"yoast-schema-graph\">{\"@context\":\"https:\/\/schema.org\",\"@graph\":[{\"@type\":\"WebPage\",\"@id\":\"https:\/\/distribucionarc.com\/nl\/producto\/silla-de-ruedas-para-subir-escaleras\/\",\"url\":\"https:\/\/distribucionarc.com\/nl\/producto\/silla-de-ruedas-para-subir-escaleras\/\",\"name\":\"Silla de ruedas para subir escaleras - distribuci\u00f3n ARC\",\"isPartOf\":{\"@id\":\"https:\/\/distribucionarc.com\/ro\/#website\"},\"primaryImageOfPage\":{\"@id\":\"https:\/\/distribucionarc.com\/nl\/producto\/silla-de-ruedas-para-subir-escaleras\/#primaryimage\"},\"image\":{\"@id\":\"https:\/\/distribucionarc.com\/nl\/producto\/silla-de-ruedas-para-subir-escaleras\/#primaryimage\"},\"thumbnailUrl\":\"https:\/\/distribucionarc.com\/wp-content\/uploads\/2020\/10\/Silla-de-ruedas-para-subir-escaleras-0.jpg\",\"datePublished\":\"2020-10-01T15:46:09+00:00\",\"dateModified\":\"2023-01-12T02:47:55+00:00\",\"breadcrumb\":{\"@id\":\"https:\/\/distribucionarc.com\/nl\/producto\/silla-de-ruedas-para-subir-escaleras\/#breadcrumb\"},\"inLanguage\":\"pt-PT\",\"potentialAction\":[{\"@type\":\"ReadAction\",\"target\":[\"https:\/\/distribucionarc.com\/nl\/producto\/silla-de-ruedas-para-subir-escaleras\/\"]}]},{\"@type\":\"ImageObject\",\"inLanguage\":\"pt-PT\",\"@id\":\"https:\/\/distribucionarc.com\/nl\/producto\/silla-de-ruedas-para-subir-escaleras\/#primaryimage\",\"url\":\"https:\/\/distribucionarc.com\/wp-content\/uploads\/2020\/10\/Silla-de-ruedas-para-subir-escaleras-0.jpg\",\"contentUrl\":\"https:\/\/distribucionarc.com\/wp-content\/uploads\/2020\/10\/Silla-de-ruedas-para-subir-escaleras-0.jpg\",\"width\":1600,\"height\":1600,\"caption\":\"Silla de ruedas para subir escaleras\"},{\"@type\":\"BreadcrumbList\",\"@id\":\"https:\/\/distribucionarc.com\/nl\/producto\/silla-de-ruedas-para-subir-escaleras\/#breadcrumb\",\"itemListElement\":[{\"@type\":\"ListItem\",\"position\":1,\"name\":\"Portada\",\"item\":\"https:\/\/distribucionarc.com\/ar\/\"},{\"@type\":\"ListItem\",\"position\":2,\"name\":\"Proizvodi\",\"item\":\"https:\/\/www.distribucionarc.com\/hr\/ducan\/\"},{\"@type\":\"ListItem\",\"position\":3,\"name\":\"Silla de ruedas para subir escaleras\"}]},{\"@type\":\"WebSite\",\"@id\":\"https:\/\/distribucionarc.com\/ro\/#website\",\"url\":\"https:\/\/distribucionarc.com\/ro\/\",\"name\":\"distribuci\u00f3n ARC\",\"description\":\"Empresa especializada en la fabricaci\u00f3n y distribuci\u00f3n de maquinaria industrial, selladoras de latas, Maquinas de hacer pastillas, Maquinas de cortar carne...\",\"publisher\":{\"@id\":\"https:\/\/distribucionarc.com\/ro\/#organization\"},\"potentialAction\":[{\"@type\":\"SearchAction\",\"target\":{\"@type\":\"EntryPoint\",\"urlTemplate\":\"https:\/\/distribucionarc.com\/ro\/?s={search_term_string}\"},\"query-input\":{\"@type\":\"PropertyValueSpecification\",\"valueRequired\":true,\"valueName\":\"search_term_string\"}}],\"inLanguage\":\"pt-PT\"},{\"@type\":\"Organization\",\"@id\":\"https:\/\/distribucionarc.com\/ro\/#organization\",\"name\":\"Distribuci\u00f3n ARC\",\"url\":\"https:\/\/distribucionarc.com\/ro\/\",\"logo\":{\"@type\":\"ImageObject\",\"inLanguage\":\"pt-PT\",\"@id\":\"https:\/\/distribucionarc.com\/ro\/#\/schema\/logo\/image\/\",\"url\":\"https:\/\/distribucionarc.com\/wp-content\/uploads\/2024\/10\/distribucion-ARC-COLOR-SIN-FONDO-e1732295305345.png\",\"contentUrl\":\"https:\/\/distribucionarc.com\/wp-content\/uploads\/2024\/10\/distribucion-ARC-COLOR-SIN-FONDO-e1732295305345.png\",\"width\":1164,\"height\":558,\"caption\":\"Distribuci\u00f3n ARC\"},\"image\":{\"@id\":\"https:\/\/distribucionarc.com\/ro\/#\/schema\/logo\/image\/\"},\"description\":\"Empresa especializada en la fabricaci\u00f3n y distribuci\u00f3n de maquinaria industrial para los sectores alimentario y farmac\u00e9utico. Nos especializamos en: M\u00e1quinas de cortar carne Fabricaci\u00f3n de comprimidos Sistemas de transporte industrial L\u00edneas de embotellado Dosificadores Y mucho m\u00e1s... Ofrecemos soluciones innovadoras y personalizadas para optimizar los procesos productivos de tu empresa.\",\"email\":\"Admistracion@distribucionarc.com\",\"telephone\":\"+34 643496664\",\"legalName\":\"ARC TECH SOLUTIONS\",\"foundingDate\":\"2024-04-09\",\"vatID\":\"B55480172\",\"numberOfEmployees\":{\"@type\":\"QuantitativeValue\",\"minValue\":\"1\",\"maxValue\":\"10\"}}]}<\/script>\n<!-- \/ Yoast SEO Premium plugin. -->","yoast_head_json":{"title":"Cadeira de rodas para subir escadas - distribui\u00e7\u00e3o ARC","robots":{"index":"index","follow":"follow","max-snippet":"max-snippet:-1","max-image-preview":"max-image-preview:large","max-video-preview":"max-video-preview:-1"},"canonical":"https:\/\/distribucionarc.com\/pt\/produto\/cadeira-de-rodas-para-subir-escadas\/","og_locale":"pt_PT","og_type":"article","og_title":"Silla de ruedas para subir escaleras","og_description":"Silla de ruedas para subir escaleras Con esta silla de ruedas ARC puede transportar pacientes a trav\u00e9s de espacios reducidos y subir o bajar escaleras, de manera segura adem\u00e1s de eficiente. Equipada con un robusto marco de aluminio es lo suficientemente fuerte como para soportar hasta 160 Kg. El cintur\u00f3n de seguridad para el cuerpo y otros dise\u00f1os ergon\u00f3micos garantizan la comodidad y seguridad de los usuarios. Los mangos de diferentes funciones permiten maniobrar esta silla para escaleras f\u00e1cilmente. Garant\u00eda\u00a0ARC 2 A\u00d1OS soporte t\u00e9cnico\u00a0incluido","og_url":"https:\/\/distribucionarc.com\/pt\/produto\/cadeira-de-rodas-para-subir-escadas\/","og_site_name":"distribuci\u00f3n ARC","article_modified_time":"2023-01-12T02:47:55+00:00","og_image":[{"width":1600,"height":1600,"url":"https:\/\/distribucionarc.com\/wp-content\/uploads\/2020\/10\/Silla-de-ruedas-para-subir-escaleras-0.jpg","type":"image\/jpeg"}],"twitter_card":"summary_large_image","twitter_misc":{"Tempo estimado de leitura":"1 minuto"},"schema":{"@context":"https:\/\/schema.org","@graph":[{"@type":"WebPage","@id":"https:\/\/distribucionarc.com\/nl\/producto\/silla-de-ruedas-para-subir-escaleras\/","url":"https:\/\/distribucionarc.com\/nl\/producto\/silla-de-ruedas-para-subir-escaleras\/","name":"Cadeira de rodas para subir escadas - distribui\u00e7\u00e3o ARC","isPartOf":{"@id":"https:\/\/distribucionarc.com\/ro\/#website"},"primaryImageOfPage":{"@id":"https:\/\/distribucionarc.com\/nl\/producto\/silla-de-ruedas-para-subir-escaleras\/#primaryimage"},"image":{"@id":"https:\/\/distribucionarc.com\/nl\/producto\/silla-de-ruedas-para-subir-escaleras\/#primaryimage"},"thumbnailUrl":"https:\/\/distribucionarc.com\/wp-content\/uploads\/2020\/10\/Silla-de-ruedas-para-subir-escaleras-0.jpg","datePublished":"2020-10-01T15:46:09+00:00","dateModified":"2023-01-12T02:47:55+00:00","breadcrumb":{"@id":"https:\/\/distribucionarc.com\/nl\/producto\/silla-de-ruedas-para-subir-escaleras\/#breadcrumb"},"inLanguage":"pt-PT","potentialAction":[{"@type":"ReadAction","target":["https:\/\/distribucionarc.com\/nl\/producto\/silla-de-ruedas-para-subir-escaleras\/"]}]},{"@type":"ImageObject","inLanguage":"pt-PT","@id":"https:\/\/distribucionarc.com\/nl\/producto\/silla-de-ruedas-para-subir-escaleras\/#primaryimage","url":"https:\/\/distribucionarc.com\/wp-content\/uploads\/2020\/10\/Silla-de-ruedas-para-subir-escaleras-0.jpg","contentUrl":"https:\/\/distribucionarc.com\/wp-content\/uploads\/2020\/10\/Silla-de-ruedas-para-subir-escaleras-0.jpg","width":1600,"height":1600,"caption":"Silla de ruedas para subir escaleras"},{"@type":"BreadcrumbList","@id":"https:\/\/distribucionarc.com\/nl\/producto\/silla-de-ruedas-para-subir-escaleras\/#breadcrumb","itemListElement":[{"@type":"ListItem","position":1,"name":"Portada","item":"https:\/\/distribucionarc.com\/ar\/"},{"@type":"ListItem","position":2,"name":"Proizvodi","item":"https:\/\/www.distribucionarc.com\/hr\/ducan\/"},{"@type":"ListItem","position":3,"name":"Silla de ruedas para subir escaleras"}]},{"@type":"WebSite","@id":"https:\/\/distribucionarc.com\/ro\/#website","url":"https:\/\/distribucionarc.com\/ro\/","name":"Distribui\u00e7\u00e3o ARC","description":"Empresa especializada no fabrico e distribui\u00e7\u00e3o de m\u00e1quinas industriais, m\u00e1quinas de selar latas, m\u00e1quinas de fazer comprimidos, m\u00e1quinas de cortar carne...","publisher":{"@id":"https:\/\/distribucionarc.com\/ro\/#organization"},"potentialAction":[{"@type":"SearchAction","target":{"@type":"EntryPoint","urlTemplate":"https:\/\/distribucionarc.com\/ro\/?s={search_term_string}"},"query-input":{"@type":"PropertyValueSpecification","valueRequired":true,"valueName":"search_term_string"}}],"inLanguage":"pt-PT"},{"@type":"Organization","@id":"https:\/\/distribucionarc.com\/ro\/#organization","name":"Distribui\u00e7\u00e3o ARC","url":"https:\/\/distribucionarc.com\/ro\/","logo":{"@type":"ImageObject","inLanguage":"pt-PT","@id":"https:\/\/distribucionarc.com\/ro\/#\/schema\/logo\/image\/","url":"https:\/\/distribucionarc.com\/wp-content\/uploads\/2024\/10\/distribucion-ARC-COLOR-SIN-FONDO-e1732295305345.png","contentUrl":"https:\/\/distribucionarc.com\/wp-content\/uploads\/2024\/10\/distribucion-ARC-COLOR-SIN-FONDO-e1732295305345.png","width":1164,"height":558,"caption":"Distribuci\u00f3n ARC"},"image":{"@id":"https:\/\/distribucionarc.com\/ro\/#\/schema\/logo\/image\/"},"description":"Empresa especializada no fabrico e distribui\u00e7\u00e3o de m\u00e1quinas industriais para os sectores alimentar e farmac\u00eautico. Somos especializados em: M\u00e1quinas de cortar carne Fabrico de comprimidos Sistemas de transporte industrial Linhas de engarrafamento Dispensadores E muito mais... Oferecemos solu\u00e7\u00f5es inovadoras e personalizadas para otimizar os processos de produ\u00e7\u00e3o da sua empresa.","email":"Admistracion@distribucionarc.com","telephone":"+34 643496664","legalName":"ARC TECH SOLUTIONS","foundingDate":"2024-04-09","vatID":"B55480172","numberOfEmployees":{"@type":"QuantitativeValue","minValue":"1","maxValue":"10"}}]}},"_links":{"self":[{"href":"https:\/\/distribucionarc.com\/pt\/wp-json\/wp\/v2\/product\/3131","targetHints":{"allow":["GET"]}}],"collection":[{"href":"https:\/\/distribucionarc.com\/pt\/wp-json\/wp\/v2\/product"}],"about":[{"href":"https:\/\/distribucionarc.com\/pt\/wp-json\/wp\/v2\/types\/product"}],"replies":[{"embeddable":true,"href":"https:\/\/distribucionarc.com\/pt\/wp-json\/wp\/v2\/comments?post=3131"}],"version-history":[{"count":0,"href":"https:\/\/distribucionarc.com\/pt\/wp-json\/wp\/v2\/product\/3131\/revisions"}],"wp:featuredmedia":[{"embeddable":true,"href":"https:\/\/distribucionarc.com\/pt\/wp-json\/wp\/v2\/media\/3403"}],"wp:attachment":[{"href":"https:\/\/distribucionarc.com\/pt\/wp-json\/wp\/v2\/media?parent=3131"}],"wp:term":[{"taxonomy":"product_brand","embeddable":true,"href":"https:\/\/distribucionarc.com\/pt\/wp-json\/wp\/v2\/product_brand?post=3131"},{"taxonomy":"product_cat","embeddable":true,"href":"https:\/\/distribucionarc.com\/pt\/wp-json\/wp\/v2\/product_cat?post=3131"},{"taxonomy":"product_tag","embeddable":true,"href":"https:\/\/distribucionarc.com\/pt\/wp-json\/wp\/v2\/product_tag?post=3131"}],"curies":[{"name":"wp","href":"https:\/\/api.w.org\/{rel}","templated":true}]}}