{"id":325,"date":"2020-04-17T12:08:24","date_gmt":"2020-04-17T12:08:24","guid":{"rendered":"https:\/\/distribucionarc.com\/?post_type=product&#038;p=325"},"modified":"2025-05-08T20:54:03","modified_gmt":"2025-05-08T18:54:03","slug":"dispensador-de-engarrafamento-digital-de-liquido-2ml-%f0%9f%8d%be-3500ml","status":"publish","type":"product","link":"https:\/\/distribucionarc.com\/pt\/producto\/dosificadora-embotelladora-llenadora-de-liquidos-%f0%9f%8d%be-digital-de-2ml-%f0%9f%94%9b-3500ml\/","title":{"rendered":"Dosagem, engarrafamento, enchimento de l\u00edquidos? 2 ml digitais? 3500ml"},"content":{"rendered":"<h2><strong>Dosagem, engarrafamento, enchimento de l\u00edquidos? 2 ml digitais? 3500ml<\/strong><\/h2>\n<p>&nbsp;<\/p>\n<p>Amplamente utilizado em medicina, qu\u00edmica, alimentos, bebidas, \u00f3leo, cosm\u00e9ticos, etc.<br \/>\nFun\u00e7\u00e3o autom\u00e1tica para contar e controlar a quantidade de enchimento.<br \/>\nMicrocomputador de chip \u00fanico de alta efici\u00eancia e baixo consumo de energia.<br \/>\nDisplay LCD com tela sens\u00edvel ao toque muito f\u00e1cil de operar.<br \/>\nAlta precis\u00e3o de enchimento e volume.<br \/>\nO desempenho de trabalho \u00e9 est\u00e1vel e pode ser usado por muito tempo.<br \/>\nDesign anti-gotejamento e estrutura em a\u00e7o inoxid\u00e1vel.<\/p>\n<p>Esta m\u00e1quina foi projetada para l\u00edquidos de baixa viscosidade, o produto mais denso que pode dispensar, tem a textura de \u00f3leo ou l\u00edquidos de baixa viscosidade como amaciante, para produtos de maior densidade recomendamos um dispensador de pist\u00e3o pneum\u00e1tico. j\u00e1 que essas m\u00e1quinas, pelas suas caracter\u00edsticas, podem nos proporcionar melhor desempenho e mais produtividade.<\/p>\n<ul>\n<li>Tens\u00e3o: 220V.<\/li>\n<li>Pot\u00eancia: 30W.<\/li>\n<li>Velocidade de enchimento at\u00e9: 3,2 litros por minuto.<\/li>\n<li>Medidas de enchimento de: 2ml \u27a1\ufe0f 3500 ml.<\/li>\n<li>Dist\u00e2ncia de suc\u00e7\u00e3o: 2 metros.<\/li>\n<li>Margem de erro: &lt;0,5%<\/li>\n<li>Dimens\u00f5es: 40 x 40 x 20 cm.<\/li>\n<li>Peso: 6,0kg.<\/li>\n<\/ul>\n<p><iframe loading=\"lazy\" src=\"https:\/\/www.youtube.com\/embed\/-kZNNjctB0Y\" width=\"560\" height=\"315\" frameborder=\"0\" allowfullscreen=\"allowfullscreen\"><\/iframe><\/p>\n<p><iframe loading=\"lazy\" src=\"https:\/\/www.youtube.com\/embed\/idvit7Rznto\" width=\"560\" height=\"315\" frameborder=\"0\" allowfullscreen=\"allowfullscreen\"><\/iframe><\/p>","protected":false},"excerpt":{"rendered":"<p>Esta m\u00e1quina utiliza um microcomputador para controlar o tempo e a velocidade da bomba, para que ela possa encher de maneira suave e precisa.<br \/>\nO motor el\u00e9trico \u00e9 separado da bomba.<br \/>\nPossui 9 velocidades de enchimento, Configura\u00e7\u00e3o para enchimento: 0,01\u279699,99s, Intervalo de tempo entre enchimento: 0,01\u279699,99s.<br \/>\nSalve at\u00e9 6 configura\u00e7\u00f5es para diferentes tamanhos de garrafas para que voc\u00ea possa escolher facilmente.<br \/>\n\u00c9 uma m\u00e1quina compacta e port\u00e1til.<br \/>\nA caixa \u00e9 feita de a\u00e7o inoxid\u00e1vel, tamb\u00e9m \u00e9 resistente e f\u00e1cil de limpar.<br \/>\nPode ser usado para muitos tipos de l\u00edquidos transparentes e finos, como:<br \/>\n\u00c1gua, azeite, combust\u00edvel, bebidas, vinagre, leite, etc.<\/p>","protected":false},"featured_media":17454,"comment_status":"open","ping_status":"closed","template":"","meta":{"wds_primary_product_brand":0,"wds_primary_product_cat":0},"product_brand":[],"product_cat":[18,19,74,73,320,21],"product_tag":[],"class_list":{"0":"post-325","1":"product","2":"type-product","3":"status-publish","4":"has-post-thumbnail","6":"product_cat-dosificadoras","7":"product_cat-dosificadoras-de-liquidos","8":"product_cat-llenadoras-de-botellas","9":"product_cat-llenadoras-de-liquidos","10":"product_cat-llenadoras-de-liquidos-por-gravedad","11":"product_cat-maquinas-llenadoras","13":"first","14":"instock","15":"sale","16":"taxable","17":"shipping-taxable","18":"purchasable","19":"product-type-simple"},"yoast_head":"<!-- This site is optimized with the Yoast SEO Premium plugin v24.9 (Yoast SEO v26.1) - https:\/\/yoast.com\/wordpress\/plugins\/seo\/ -->\n<title>Dosificadora, Embotelladora, Llenadora de L\u00edquidos ? Digital de 2 ml ? 3500 ml - distribuci\u00f3n ARC<\/title>\n<meta name=\"robots\" content=\"index, follow, max-snippet:-1, max-image-preview:large, max-video-preview:-1\" \/>\n<link rel=\"canonical\" href=\"https:\/\/distribucionarc.com\/pt\/produto\/dispensador-de-engarrafamento-digital-de-liquido-2ml-\ud83c\udf7e-3500ml\/\" \/>\n<meta property=\"og:locale\" content=\"pt_PT\" \/>\n<meta property=\"og:type\" content=\"article\" \/>\n<meta property=\"og:title\" content=\"Dosificadora, Embotelladora, Llenadora de L\u00edquidos ? Digital de 2 ml ? 3500 ml\" \/>\n<meta property=\"og:description\" content=\"Esta m\u00e1quina utiliza un microordenador para controlar el tiempo y la velocidad de la bomba, para que pueda llenar con fluidez y precisi\u00f3n. El motor el\u00e9ctrico est\u00e1 separado de la bomba. Cuenta con 9 Velocidades de llenado, Ajuste para llenado de: 0.01\u279699.99s, Intervalo de tiempo entre llenado de: 0.01\u279699.99s. Guarda hasta 6 configuraciones para los diferentes tama\u00f1os de botellas y as\u00ed poder elegir f\u00e1cilmente. Es una m\u00e1quina compacta y port\u00e1til. La carcasa es de acero inoxidable, adem\u00e1s es resistente y f\u00e1cil de limpiar. Se puede utilizar para muchos tipos de l\u00edquidos claros y delgados, tales como: Agua, aceite de oliva, combustible, bebidas, vinagre, leche, etc.\" \/>\n<meta property=\"og:url\" content=\"https:\/\/distribucionarc.com\/pt\/produto\/dispensador-de-engarrafamento-digital-de-liquido-2ml-\ud83c\udf7e-3500ml\/\" \/>\n<meta property=\"og:site_name\" content=\"distribuci\u00f3n ARC\" \/>\n<meta property=\"article:modified_time\" content=\"2025-05-08T18:54:03+00:00\" \/>\n<meta property=\"og:image\" content=\"https:\/\/distribucionarc.com\/wp-content\/uploads\/2020\/04\/maquina-de-llenado-de-liquidos-en-botellas-asta-3-litros-por-minuto.png\" \/>\n\t<meta property=\"og:image:width\" content=\"828\" \/>\n\t<meta property=\"og:image:height\" content=\"527\" \/>\n\t<meta property=\"og:image:type\" content=\"image\/png\" \/>\n<meta name=\"twitter:card\" content=\"summary_large_image\" \/>\n<meta name=\"twitter:label1\" content=\"Tempo estimado de leitura\" \/>\n\t<meta name=\"twitter:data1\" content=\"2 minutos\" \/>\n<script type=\"application\/ld+json\" class=\"yoast-schema-graph\">{\"@context\":\"https:\/\/schema.org\",\"@graph\":[{\"@type\":\"WebPage\",\"@id\":\"https:\/\/distribucionarc.com\/nb\/producto\/dosificadora-embotelladora-llenadora-de-liquidos-%f0%9f%8d%be-digital-de-2ml-%f0%9f%94%9b-3500ml\/\",\"url\":\"https:\/\/distribucionarc.com\/nb\/producto\/dosificadora-embotelladora-llenadora-de-liquidos-%f0%9f%8d%be-digital-de-2ml-%f0%9f%94%9b-3500ml\/\",\"name\":\"Dosificadora, Embotelladora, Llenadora de L\u00edquidos ? Digital de 2 ml ? 3500 ml - distribuci\u00f3n ARC\",\"isPartOf\":{\"@id\":\"https:\/\/www.distribucionarc.com\/sl\/#website\"},\"primaryImageOfPage\":{\"@id\":\"https:\/\/distribucionarc.com\/nb\/producto\/dosificadora-embotelladora-llenadora-de-liquidos-%f0%9f%8d%be-digital-de-2ml-%f0%9f%94%9b-3500ml\/#primaryimage\"},\"image\":{\"@id\":\"https:\/\/distribucionarc.com\/nb\/producto\/dosificadora-embotelladora-llenadora-de-liquidos-%f0%9f%8d%be-digital-de-2ml-%f0%9f%94%9b-3500ml\/#primaryimage\"},\"thumbnailUrl\":\"https:\/\/distribucionarc.com\/wp-content\/uploads\/2020\/04\/maquina-de-llenado-de-liquidos-en-botellas-asta-3-litros-por-minuto.png\",\"datePublished\":\"2020-04-17T12:08:24+00:00\",\"dateModified\":\"2025-05-08T18:54:03+00:00\",\"breadcrumb\":{\"@id\":\"https:\/\/distribucionarc.com\/nb\/producto\/dosificadora-embotelladora-llenadora-de-liquidos-%f0%9f%8d%be-digital-de-2ml-%f0%9f%94%9b-3500ml\/#breadcrumb\"},\"inLanguage\":\"pt-PT\",\"potentialAction\":[{\"@type\":\"ReadAction\",\"target\":[\"https:\/\/distribucionarc.com\/nb\/producto\/dosificadora-embotelladora-llenadora-de-liquidos-%f0%9f%8d%be-digital-de-2ml-%f0%9f%94%9b-3500ml\/\"]}]},{\"@type\":\"ImageObject\",\"inLanguage\":\"pt-PT\",\"@id\":\"https:\/\/distribucionarc.com\/nb\/producto\/dosificadora-embotelladora-llenadora-de-liquidos-%f0%9f%8d%be-digital-de-2ml-%f0%9f%94%9b-3500ml\/#primaryimage\",\"url\":\"https:\/\/distribucionarc.com\/wp-content\/uploads\/2020\/04\/maquina-de-llenado-de-liquidos-en-botellas-asta-3-litros-por-minuto.png\",\"contentUrl\":\"https:\/\/distribucionarc.com\/wp-content\/uploads\/2020\/04\/maquina-de-llenado-de-liquidos-en-botellas-asta-3-litros-por-minuto.png\",\"width\":828,\"height\":527,\"caption\":\"Maquina de llenado para botellas peque\u00f1as liqudis de baja densidad\"},{\"@type\":\"BreadcrumbList\",\"@id\":\"https:\/\/distribucionarc.com\/nb\/producto\/dosificadora-embotelladora-llenadora-de-liquidos-%f0%9f%8d%be-digital-de-2ml-%f0%9f%94%9b-3500ml\/#breadcrumb\",\"itemListElement\":[{\"@type\":\"ListItem\",\"position\":1,\"name\":\"Portada\",\"item\":\"https:\/\/www.distribucionarc.com\/\"},{\"@type\":\"ListItem\",\"position\":2,\"name\":\"\u00dcr\u00fcnler\",\"item\":\"https:\/\/www.distribucionarc.com\/tr\/magaza\/\"},{\"@type\":\"ListItem\",\"position\":3,\"name\":\"Dosificadora, Embotelladora, Llenadora de L\u00edquidos ? Digital de 2 ml ? 3500 ml\"}]},{\"@type\":\"WebSite\",\"@id\":\"https:\/\/www.distribucionarc.com\/sl\/#website\",\"url\":\"https:\/\/www.distribucionarc.com\/sl\/\",\"name\":\"distribuci\u00f3n ARC\",\"description\":\"Empresa especializada en la fabricaci\u00f3n y distribuci\u00f3n de maquinaria industrial, selladoras de latas, Maquinas de hacer pastillas, Maquinas de cortar carne...\",\"publisher\":{\"@id\":\"https:\/\/www.distribucionarc.com\/sl\/#organization\"},\"potentialAction\":[{\"@type\":\"SearchAction\",\"target\":{\"@type\":\"EntryPoint\",\"urlTemplate\":\"https:\/\/www.distribucionarc.com\/sl\/?s={search_term_string}\"},\"query-input\":{\"@type\":\"PropertyValueSpecification\",\"valueRequired\":true,\"valueName\":\"search_term_string\"}}],\"inLanguage\":\"pt-PT\"},{\"@type\":\"Organization\",\"@id\":\"https:\/\/www.distribucionarc.com\/sl\/#organization\",\"name\":\"Distribuci\u00f3n ARC\",\"url\":\"https:\/\/www.distribucionarc.com\/sl\/\",\"logo\":{\"@type\":\"ImageObject\",\"inLanguage\":\"pt-PT\",\"@id\":\"https:\/\/www.distribucionarc.com\/sl\/#\/schema\/logo\/image\/\",\"url\":\"https:\/\/distribucionarc.com\/wp-content\/uploads\/2024\/10\/distribucion-ARC-COLOR-SIN-FONDO-e1732295305345.png\",\"contentUrl\":\"https:\/\/distribucionarc.com\/wp-content\/uploads\/2024\/10\/distribucion-ARC-COLOR-SIN-FONDO-e1732295305345.png\",\"width\":1164,\"height\":558,\"caption\":\"Distribuci\u00f3n ARC\"},\"image\":{\"@id\":\"https:\/\/www.distribucionarc.com\/sl\/#\/schema\/logo\/image\/\"},\"description\":\"Empresa especializada en la fabricaci\u00f3n y distribuci\u00f3n de maquinaria industrial para los sectores alimentario y farmac\u00e9utico. Nos especializamos en: M\u00e1quinas de cortar carne Fabricaci\u00f3n de comprimidos Sistemas de transporte industrial L\u00edneas de embotellado Dosificadores Y mucho m\u00e1s... Ofrecemos soluciones innovadoras y personalizadas para optimizar los procesos productivos de tu empresa.\",\"email\":\"Admistracion@distribucionarc.com\",\"telephone\":\"+34 643496664\",\"legalName\":\"ARC TECH SOLUTIONS\",\"foundingDate\":\"2024-04-09\",\"vatID\":\"B55480172\",\"numberOfEmployees\":{\"@type\":\"QuantitativeValue\",\"minValue\":\"1\",\"maxValue\":\"10\"}}]}<\/script>\n<!-- \/ Yoast SEO Premium plugin. -->","yoast_head_json":{"title":"Dosagem, engarrafamento, enchimento de l\u00edquidos? 2 ml digitais? 3500 ml - distribui\u00e7\u00e3o ARC","robots":{"index":"index","follow":"follow","max-snippet":"max-snippet:-1","max-image-preview":"max-image-preview:large","max-video-preview":"max-video-preview:-1"},"canonical":"https:\/\/distribucionarc.com\/pt\/produto\/dispensador-de-engarrafamento-digital-de-liquido-2ml-\ud83c\udf7e-3500ml\/","og_locale":"pt_PT","og_type":"article","og_title":"Dosificadora, Embotelladora, Llenadora de L\u00edquidos ? Digital de 2 ml ? 3500 ml","og_description":"Esta m\u00e1quina utiliza un microordenador para controlar el tiempo y la velocidad de la bomba, para que pueda llenar con fluidez y precisi\u00f3n. El motor el\u00e9ctrico est\u00e1 separado de la bomba. Cuenta con 9 Velocidades de llenado, Ajuste para llenado de: 0.01\u279699.99s, Intervalo de tiempo entre llenado de: 0.01\u279699.99s. Guarda hasta 6 configuraciones para los diferentes tama\u00f1os de botellas y as\u00ed poder elegir f\u00e1cilmente. Es una m\u00e1quina compacta y port\u00e1til. La carcasa es de acero inoxidable, adem\u00e1s es resistente y f\u00e1cil de limpiar. Se puede utilizar para muchos tipos de l\u00edquidos claros y delgados, tales como: Agua, aceite de oliva, combustible, bebidas, vinagre, leche, etc.","og_url":"https:\/\/distribucionarc.com\/pt\/produto\/dispensador-de-engarrafamento-digital-de-liquido-2ml-\ud83c\udf7e-3500ml\/","og_site_name":"distribuci\u00f3n ARC","article_modified_time":"2025-05-08T18:54:03+00:00","og_image":[{"width":828,"height":527,"url":"https:\/\/distribucionarc.com\/wp-content\/uploads\/2020\/04\/maquina-de-llenado-de-liquidos-en-botellas-asta-3-litros-por-minuto.png","type":"image\/png"}],"twitter_card":"summary_large_image","twitter_misc":{"Tempo estimado de leitura":"2 minutos"},"schema":{"@context":"https:\/\/schema.org","@graph":[{"@type":"WebPage","@id":"https:\/\/distribucionarc.com\/nb\/producto\/dosificadora-embotelladora-llenadora-de-liquidos-%f0%9f%8d%be-digital-de-2ml-%f0%9f%94%9b-3500ml\/","url":"https:\/\/distribucionarc.com\/nb\/producto\/dosificadora-embotelladora-llenadora-de-liquidos-%f0%9f%8d%be-digital-de-2ml-%f0%9f%94%9b-3500ml\/","name":"Dosagem, engarrafamento, enchimento de l\u00edquidos? 2 ml digitais? 3500 ml - distribui\u00e7\u00e3o ARC","isPartOf":{"@id":"https:\/\/www.distribucionarc.com\/sl\/#website"},"primaryImageOfPage":{"@id":"https:\/\/distribucionarc.com\/nb\/producto\/dosificadora-embotelladora-llenadora-de-liquidos-%f0%9f%8d%be-digital-de-2ml-%f0%9f%94%9b-3500ml\/#primaryimage"},"image":{"@id":"https:\/\/distribucionarc.com\/nb\/producto\/dosificadora-embotelladora-llenadora-de-liquidos-%f0%9f%8d%be-digital-de-2ml-%f0%9f%94%9b-3500ml\/#primaryimage"},"thumbnailUrl":"https:\/\/distribucionarc.com\/wp-content\/uploads\/2020\/04\/maquina-de-llenado-de-liquidos-en-botellas-asta-3-litros-por-minuto.png","datePublished":"2020-04-17T12:08:24+00:00","dateModified":"2025-05-08T18:54:03+00:00","breadcrumb":{"@id":"https:\/\/distribucionarc.com\/nb\/producto\/dosificadora-embotelladora-llenadora-de-liquidos-%f0%9f%8d%be-digital-de-2ml-%f0%9f%94%9b-3500ml\/#breadcrumb"},"inLanguage":"pt-PT","potentialAction":[{"@type":"ReadAction","target":["https:\/\/distribucionarc.com\/nb\/producto\/dosificadora-embotelladora-llenadora-de-liquidos-%f0%9f%8d%be-digital-de-2ml-%f0%9f%94%9b-3500ml\/"]}]},{"@type":"ImageObject","inLanguage":"pt-PT","@id":"https:\/\/distribucionarc.com\/nb\/producto\/dosificadora-embotelladora-llenadora-de-liquidos-%f0%9f%8d%be-digital-de-2ml-%f0%9f%94%9b-3500ml\/#primaryimage","url":"https:\/\/distribucionarc.com\/wp-content\/uploads\/2020\/04\/maquina-de-llenado-de-liquidos-en-botellas-asta-3-litros-por-minuto.png","contentUrl":"https:\/\/distribucionarc.com\/wp-content\/uploads\/2020\/04\/maquina-de-llenado-de-liquidos-en-botellas-asta-3-litros-por-minuto.png","width":828,"height":527,"caption":"Maquina de llenado para botellas peque\u00f1as liqudis de baja densidad"},{"@type":"BreadcrumbList","@id":"https:\/\/distribucionarc.com\/nb\/producto\/dosificadora-embotelladora-llenadora-de-liquidos-%f0%9f%8d%be-digital-de-2ml-%f0%9f%94%9b-3500ml\/#breadcrumb","itemListElement":[{"@type":"ListItem","position":1,"name":"Portada","item":"https:\/\/www.distribucionarc.com\/"},{"@type":"ListItem","position":2,"name":"\u00dcr\u00fcnler","item":"https:\/\/www.distribucionarc.com\/tr\/magaza\/"},{"@type":"ListItem","position":3,"name":"Dosificadora, Embotelladora, Llenadora de L\u00edquidos ? Digital de 2 ml ? 3500 ml"}]},{"@type":"WebSite","@id":"https:\/\/www.distribucionarc.com\/sl\/#website","url":"https:\/\/www.distribucionarc.com\/sl\/","name":"Distribui\u00e7\u00e3o ARC","description":"Empresa especializada no fabrico e distribui\u00e7\u00e3o de m\u00e1quinas industriais, m\u00e1quinas de selar latas, m\u00e1quinas de fazer comprimidos, m\u00e1quinas de cortar carne...","publisher":{"@id":"https:\/\/www.distribucionarc.com\/sl\/#organization"},"potentialAction":[{"@type":"SearchAction","target":{"@type":"EntryPoint","urlTemplate":"https:\/\/www.distribucionarc.com\/sl\/?s={search_term_string}"},"query-input":{"@type":"PropertyValueSpecification","valueRequired":true,"valueName":"search_term_string"}}],"inLanguage":"pt-PT"},{"@type":"Organization","@id":"https:\/\/www.distribucionarc.com\/sl\/#organization","name":"Distribui\u00e7\u00e3o ARC","url":"https:\/\/www.distribucionarc.com\/sl\/","logo":{"@type":"ImageObject","inLanguage":"pt-PT","@id":"https:\/\/www.distribucionarc.com\/sl\/#\/schema\/logo\/image\/","url":"https:\/\/distribucionarc.com\/wp-content\/uploads\/2024\/10\/distribucion-ARC-COLOR-SIN-FONDO-e1732295305345.png","contentUrl":"https:\/\/distribucionarc.com\/wp-content\/uploads\/2024\/10\/distribucion-ARC-COLOR-SIN-FONDO-e1732295305345.png","width":1164,"height":558,"caption":"Distribuci\u00f3n ARC"},"image":{"@id":"https:\/\/www.distribucionarc.com\/sl\/#\/schema\/logo\/image\/"},"description":"Empresa especializada no fabrico e distribui\u00e7\u00e3o de m\u00e1quinas industriais para os sectores alimentar e farmac\u00eautico. Somos especializados em: M\u00e1quinas de cortar carne Fabrico de comprimidos Sistemas de transporte industrial Linhas de engarrafamento Dispensadores E muito mais... Oferecemos solu\u00e7\u00f5es inovadoras e personalizadas para otimizar os processos de produ\u00e7\u00e3o da sua empresa.","email":"Admistracion@distribucionarc.com","telephone":"+34 643496664","legalName":"ARC TECH SOLUTIONS","foundingDate":"2024-04-09","vatID":"B55480172","numberOfEmployees":{"@type":"QuantitativeValue","minValue":"1","maxValue":"10"}}]}},"_links":{"self":[{"href":"https:\/\/distribucionarc.com\/pt\/wp-json\/wp\/v2\/product\/325","targetHints":{"allow":["GET"]}}],"collection":[{"href":"https:\/\/distribucionarc.com\/pt\/wp-json\/wp\/v2\/product"}],"about":[{"href":"https:\/\/distribucionarc.com\/pt\/wp-json\/wp\/v2\/types\/product"}],"replies":[{"embeddable":true,"href":"https:\/\/distribucionarc.com\/pt\/wp-json\/wp\/v2\/comments?post=325"}],"version-history":[{"count":1,"href":"https:\/\/distribucionarc.com\/pt\/wp-json\/wp\/v2\/product\/325\/revisions"}],"predecessor-version":[{"id":17455,"href":"https:\/\/distribucionarc.com\/pt\/wp-json\/wp\/v2\/product\/325\/revisions\/17455"}],"wp:featuredmedia":[{"embeddable":true,"href":"https:\/\/distribucionarc.com\/pt\/wp-json\/wp\/v2\/media\/17454"}],"wp:attachment":[{"href":"https:\/\/distribucionarc.com\/pt\/wp-json\/wp\/v2\/media?parent=325"}],"wp:term":[{"taxonomy":"product_brand","embeddable":true,"href":"https:\/\/distribucionarc.com\/pt\/wp-json\/wp\/v2\/product_brand?post=325"},{"taxonomy":"product_cat","embeddable":true,"href":"https:\/\/distribucionarc.com\/pt\/wp-json\/wp\/v2\/product_cat?post=325"},{"taxonomy":"product_tag","embeddable":true,"href":"https:\/\/distribucionarc.com\/pt\/wp-json\/wp\/v2\/product_tag?post=325"}],"curies":[{"name":"wp","href":"https:\/\/api.w.org\/{rel}","templated":true}]}}