{"id":3443,"date":"2020-10-02T14:44:31","date_gmt":"2020-10-02T14:44:31","guid":{"rendered":"https:\/\/distribucionarc.com\/?post_type=product&#038;p=3443"},"modified":"2020-10-03T10:37:08","modified_gmt":"2020-10-03T10:37:08","slug":"pulverizador-de-tinta-sem-ar","status":"publish","type":"product","link":"https:\/\/distribucionarc.com\/pt\/producto\/pulverizador-de-pintura-sin-aire\/","title":{"rendered":"Pulverizador de tinta sem ar"},"content":{"rendered":"<h3>Pulverizador de tinta sem ar<\/h3>\n<p>Esse<strong> pistola de pintura de parede <span style=\"color: #0000ff;\"><span style=\"color: #ff0000;\">PARA<\/span>R<\/span>c<\/strong> Feito de a\u00e7o inoxid\u00e1vel de alta qualidade, \u00e9 resistente \u00e0 ferrugem e dur\u00e1vel. Todos os componentes s\u00e3o feitos para durar muito tempo.  O design destac\u00e1vel oferece limpeza r\u00e1pida e f\u00e1cil ap\u00f3s a pulveriza\u00e7\u00e3o. Com a fun\u00e7\u00e3o de parada autom\u00e1tica, esta pistola de pintura de parede tamb\u00e9m \u00e9 f\u00e1cil de operar.<\/p>\n<p>Equipado com um motor brushless super potente de 1650 W, este motor do <strong>pistola de pintura sem ar <span style=\"color: #ff0000;\">PARA<\/span><span style=\"color: #0000ff;\">R<\/span>CPPA18<\/strong> garante alta durabilidade. Melhore muito a efici\u00eancia do seu trabalho e economize seu tempo valioso. Revestimento de maior efici\u00eancia que o 80% (pulveriza\u00e7\u00e3o a ar 30%) economiza mat\u00e9ria-prima.<\/p>\n<p>Nosso <strong>pulverizador de tinta de parede<\/strong> Possui capacidade de carga m\u00e1xima e o pulverizador airless \u00e9 adequado para pintura de materiais, incluindo tintas internas e externas \u00e0 base de \u00e1gua e \u00f3leo. Alta press\u00e3o, alta penetrabilidade, aumenta o revestimento de mordida mec\u00e2nica com o corpo da parede, resolve melhor o revestimento de bolhas, rachaduras e outros problemas.<\/p>\n<h6><strong>Garantia\u00a0<span style=\"color: #ff0000;\">PARA<\/span><span style=\"color: #0000ff;\">R<\/span>C 2 ANOS<\/strong><\/h6>\n<h6><span style=\"color: #008000;\"><strong>Pistola de pintura de parede airless eficiente, baixo consumo 1650w<\/strong><\/span><\/h6>\n<h6><strong>suporte t\u00e9cnico inclu\u00eddo.<\/strong><\/h6>\n<p>&nbsp;<\/p>\n<table role=\"presentation\" width=\"100%\" cellspacing=\"0\" cellpadding=\"0\">\n<tbody>\n<tr>\n<td class=\"attrLabels\">Marca:<\/td>\n<td width=\"50.0%\">ARCO<\/td>\n<\/tr>\n<tr>\n<td class=\"attrLabels\">Pa\u00eds de distribui\u00e7\u00e3o:<\/td>\n<td width=\"50.0%\">Espanha, Alemanha, EUA<\/td>\n<td class=\"attrLabels\">Peso:<\/td>\n<td width=\"50.0%\">18kg<\/td>\n<\/tr>\n<tr>\n<td class=\"attrLabels\">Tipo de produto:<\/td>\n<td width=\"50.0%\">Pulverizador sem ar<\/td>\n<td class=\"attrLabels\">Altura:<\/td>\n<td width=\"50.0%\">42,5 cm<\/td>\n<\/tr>\n<tr>\n<td class=\"attrLabels\">Cor:<\/td>\n<td width=\"50.0%\">vermelho, preto<\/td>\n<td class=\"attrLabels\">Longo:<\/td>\n<td width=\"50.0%\">40,8 cm<\/td>\n<\/tr>\n<tr>\n<td class=\"attrLabels\">N\u00famero do fabricante:<\/td>\n<td width=\"50.0%\">ARCPPA18<\/td>\n<td class=\"attrLabels\">Largo:<\/td>\n<td width=\"50.0%\">30,8 cm<\/td>\n<\/tr>\n<tr>\n<td class=\"attrLabels\">Garantia:<\/td>\n<td width=\"50.0%\">2 anos<\/td>\n<td class=\"attrLabels\">Press\u00e3o da arma:<\/td>\n<td width=\"50.0%\">2800 PSI<\/td>\n<\/tr>\n<tr>\n<td class=\"attrLabels\">Material:<\/td>\n<td width=\"50.0%\">a\u00e7o inoxid\u00e1vel, motor eficiente<\/td>\n<td class=\"attrLabels\">Dist\u00e2ncia de pulveriza\u00e7\u00e3o:<\/td>\n<td width=\"50.0%\">35cm<\/td>\n<\/tr>\n<tr>\n<td class=\"attrLabels\">\u00a0Poder:<\/td>\n<td width=\"50.0%\">1650 W<\/td>\n<td class=\"attrLabels\">Largura de pulveriza\u00e7\u00e3o:<\/td>\n<td width=\"50.0%\">30cm<\/td>\n<\/tr>\n<tr>\n<td class=\"attrLabels\">Tens\u00e3o de entrada:<\/td>\n<td width=\"50.0%\">220 V \u2013 50 Hz<\/td>\n<td class=\"attrLabels\">Fluxo:<\/td>\n<td width=\"50.0%\">2,3 L por minuto<\/td>\n<\/tr>\n<\/tbody>\n<\/table>\n<p>&nbsp;<\/p>","protected":false},"excerpt":{"rendered":"<h2>Pulverizador de tinta sem ar<\/h2>\n<p>Esse <strong>pistola de pintura<\/strong> parede <strong>sem ar<span style=\"color: #ff0000;\"> PARA<\/span><span style=\"color: #0000ff;\">R<\/span>c<\/strong> \u00c9 fabricado com tecnologia de alta efici\u00eancia. Possui um motor brushless de 1650 W super potente e ultra silencioso que garante uma longa vida \u00fatil. Anel de veda\u00e7\u00e3o em couro bovino, resistente ao desgaste.  O design destac\u00e1vel oferece limpeza r\u00e1pida e f\u00e1cil ap\u00f3s a pulveriza\u00e7\u00e3o. Com o recipiente de 1000 ml, n\u00e3o h\u00e1 necessidade de adicionar tinta com frequ\u00eancia.<\/p>\n<h6><strong>Garantia\u00a0<span style=\"color: #ff0000;\">PARA<\/span><span style=\"color: #0000ff;\">R<\/span>C 2 ANOS<\/strong><\/h6>\n<h6><span style=\"color: #008000;\"><strong>Pistola de pintura de parede airless eficiente, baixo consumo 1650w<\/strong><\/span><\/h6>\n<h6><strong>suporte t\u00e9cnico inclu\u00eddo.<\/strong><\/h6>\n<p>&nbsp;<\/p>\n<p>&nbsp;<\/p>","protected":false},"featured_media":3449,"comment_status":"open","ping_status":"closed","template":"","meta":{"wds_primary_product_brand":0,"wds_primary_product_cat":0},"product_brand":[],"product_cat":[71,69],"product_tag":[],"class_list":{"0":"post-3443","1":"product","2":"type-product","3":"status-publish","4":"has-post-thumbnail","6":"product_cat-maquinas-para-pintar","7":"product_cat-maquinas-variadas","8":"product_shipping_class-hosteleria","10":"first","11":"instock","12":"sale","13":"taxable","14":"shipping-taxable","15":"purchasable","16":"product-type-simple"},"yoast_head":"<!-- This site is optimized with the Yoast SEO Premium plugin v24.9 (Yoast SEO v26.1) - https:\/\/yoast.com\/wordpress\/plugins\/seo\/ -->\n<title>Pulverizador de pintura sin aire - distribuci\u00f3n ARC<\/title>\n<meta name=\"robots\" content=\"index, follow, max-snippet:-1, max-image-preview:large, max-video-preview:-1\" \/>\n<link rel=\"canonical\" href=\"https:\/\/www.distribucionarc.com\/sk\/producto\/pulverizador-de-pintura-sin-aire\/\" \/>\n<meta property=\"og:locale\" content=\"pt_PT\" \/>\n<meta property=\"og:type\" content=\"article\" \/>\n<meta property=\"og:title\" content=\"Pulverizador de pintura sin aire\" \/>\n<meta property=\"og:description\" content=\"Pulverizador de pintura sin aire Esta pistola de pintura de pared sin aire ARC est\u00e1 fabricada con tecnolog\u00eda de alta eficiencia. Cuenta con un motor sin escobillas de 1650 W superpotente, ultra silencioso y le asegura una larga vida \u00fatil. Anillo de sello de piel de vaca, resistente al desgaste. \u00a0El dise\u00f1o desmontable ofrece una limpieza r\u00e1pida y sencilla despu\u00e9s de la pulverizaci\u00f3n. Con el recipiente de 1000 ml, no es necesario agregar la pintura con frecuencia. Garant\u00eda\u00a0ARC 2 A\u00d1OS Pistola de pared sin aire eficiente, bajo consumo 1650w soporte t\u00e9cnico incluido. &nbsp;  &nbsp;\" \/>\n<meta property=\"og:url\" content=\"https:\/\/www.distribucionarc.com\/sk\/producto\/pulverizador-de-pintura-sin-aire\/\" \/>\n<meta property=\"og:site_name\" content=\"distribuci\u00f3n ARC\" \/>\n<meta property=\"article:modified_time\" content=\"2020-10-03T10:37:08+00:00\" \/>\n<meta property=\"og:image\" content=\"https:\/\/www.distribucionarc.com\/wp-content\/uploads\/2020\/10\/Pulverizador-de-pintura-sin-aire-0.jpg\" \/>\n\t<meta property=\"og:image:width\" content=\"1001\" \/>\n\t<meta property=\"og:image:height\" content=\"1001\" \/>\n\t<meta property=\"og:image:type\" content=\"image\/jpeg\" \/>\n<meta name=\"twitter:card\" content=\"summary_large_image\" \/>\n<meta name=\"twitter:label1\" content=\"Tempo estimado de leitura\" \/>\n\t<meta name=\"twitter:data1\" content=\"1 minuto\" \/>\n<script type=\"application\/ld+json\" class=\"yoast-schema-graph\">{\"@context\":\"https:\/\/schema.org\",\"@graph\":[{\"@type\":\"WebPage\",\"@id\":\"https:\/\/www.distribucionarc.com\/sk\/producto\/pulverizador-de-pintura-sin-aire\/\",\"url\":\"https:\/\/www.distribucionarc.com\/sk\/producto\/pulverizador-de-pintura-sin-aire\/\",\"name\":\"Pulverizador de pintura sin aire - distribuci\u00f3n ARC\",\"isPartOf\":{\"@id\":\"https:\/\/www.distribucionarc.com\/de\/#website\"},\"primaryImageOfPage\":{\"@id\":\"https:\/\/www.distribucionarc.com\/sk\/producto\/pulverizador-de-pintura-sin-aire\/#primaryimage\"},\"image\":{\"@id\":\"https:\/\/www.distribucionarc.com\/sk\/producto\/pulverizador-de-pintura-sin-aire\/#primaryimage\"},\"thumbnailUrl\":\"https:\/\/distribucionarc.com\/wp-content\/uploads\/2020\/10\/Pulverizador-de-pintura-sin-aire-0.jpg\",\"datePublished\":\"2020-10-02T14:44:31+00:00\",\"dateModified\":\"2020-10-03T10:37:08+00:00\",\"breadcrumb\":{\"@id\":\"https:\/\/www.distribucionarc.com\/sk\/producto\/pulverizador-de-pintura-sin-aire\/#breadcrumb\"},\"inLanguage\":\"pt-PT\",\"potentialAction\":[{\"@type\":\"ReadAction\",\"target\":[\"https:\/\/www.distribucionarc.com\/sk\/producto\/pulverizador-de-pintura-sin-aire\/\"]}]},{\"@type\":\"ImageObject\",\"inLanguage\":\"pt-PT\",\"@id\":\"https:\/\/www.distribucionarc.com\/sk\/producto\/pulverizador-de-pintura-sin-aire\/#primaryimage\",\"url\":\"https:\/\/distribucionarc.com\/wp-content\/uploads\/2020\/10\/Pulverizador-de-pintura-sin-aire-0.jpg\",\"contentUrl\":\"https:\/\/distribucionarc.com\/wp-content\/uploads\/2020\/10\/Pulverizador-de-pintura-sin-aire-0.jpg\",\"width\":1001,\"height\":1001,\"caption\":\"Pulverizador de pintura sin aire\"},{\"@type\":\"BreadcrumbList\",\"@id\":\"https:\/\/www.distribucionarc.com\/sk\/producto\/pulverizador-de-pintura-sin-aire\/#breadcrumb\",\"itemListElement\":[{\"@type\":\"ListItem\",\"position\":1,\"name\":\"Portada\",\"item\":\"https:\/\/www.distribucionarc.com\/en\/\"},{\"@type\":\"ListItem\",\"position\":2,\"name\":\"Products\",\"item\":\"https:\/\/www.distribucionarc.com\/en\/shop\/\"},{\"@type\":\"ListItem\",\"position\":3,\"name\":\"Pulverizador de pintura sin aire\"}]},{\"@type\":\"WebSite\",\"@id\":\"https:\/\/www.distribucionarc.com\/de\/#website\",\"url\":\"https:\/\/www.distribucionarc.com\/de\/\",\"name\":\"distribuci\u00f3n ARC\",\"description\":\"Empresa especializada en la fabricaci\u00f3n y distribuci\u00f3n de maquinaria industrial, selladoras de latas, Maquinas de hacer pastillas, Maquinas de cortar carne...\",\"publisher\":{\"@id\":\"https:\/\/www.distribucionarc.com\/de\/#organization\"},\"potentialAction\":[{\"@type\":\"SearchAction\",\"target\":{\"@type\":\"EntryPoint\",\"urlTemplate\":\"https:\/\/www.distribucionarc.com\/de\/?s={search_term_string}\"},\"query-input\":{\"@type\":\"PropertyValueSpecification\",\"valueRequired\":true,\"valueName\":\"search_term_string\"}}],\"inLanguage\":\"pt-PT\"},{\"@type\":\"Organization\",\"@id\":\"https:\/\/www.distribucionarc.com\/de\/#organization\",\"name\":\"Distribuci\u00f3n ARC\",\"url\":\"https:\/\/www.distribucionarc.com\/de\/\",\"logo\":{\"@type\":\"ImageObject\",\"inLanguage\":\"pt-PT\",\"@id\":\"https:\/\/www.distribucionarc.com\/de\/#\/schema\/logo\/image\/\",\"url\":\"https:\/\/distribucionarc.com\/wp-content\/uploads\/2024\/10\/distribucion-ARC-COLOR-SIN-FONDO-e1732295305345.png\",\"contentUrl\":\"https:\/\/distribucionarc.com\/wp-content\/uploads\/2024\/10\/distribucion-ARC-COLOR-SIN-FONDO-e1732295305345.png\",\"width\":1164,\"height\":558,\"caption\":\"Distribuci\u00f3n ARC\"},\"image\":{\"@id\":\"https:\/\/www.distribucionarc.com\/de\/#\/schema\/logo\/image\/\"},\"description\":\"Empresa especializada en la fabricaci\u00f3n y distribuci\u00f3n de maquinaria industrial para los sectores alimentario y farmac\u00e9utico. Nos especializamos en: M\u00e1quinas de cortar carne Fabricaci\u00f3n de comprimidos Sistemas de transporte industrial L\u00edneas de embotellado Dosificadores Y mucho m\u00e1s... Ofrecemos soluciones innovadoras y personalizadas para optimizar los procesos productivos de tu empresa.\",\"email\":\"Admistracion@distribucionarc.com\",\"telephone\":\"+34 643496664\",\"legalName\":\"ARC TECH SOLUTIONS\",\"foundingDate\":\"2024-04-09\",\"vatID\":\"B55480172\",\"numberOfEmployees\":{\"@type\":\"QuantitativeValue\",\"minValue\":\"1\",\"maxValue\":\"10\"}}]}<\/script>\n<!-- \/ Yoast SEO Premium plugin. -->","yoast_head_json":{"title":"Pulverizador de tinta sem ar - Distribui\u00e7\u00e3o ARC","robots":{"index":"index","follow":"follow","max-snippet":"max-snippet:-1","max-image-preview":"max-image-preview:large","max-video-preview":"max-video-preview:-1"},"canonical":"https:\/\/www.distribucionarc.com\/sk\/producto\/pulverizador-de-pintura-sin-aire\/","og_locale":"pt_PT","og_type":"article","og_title":"Pulverizador de pintura sin aire","og_description":"Pulverizador de pintura sin aire Esta pistola de pintura de pared sin aire ARC est\u00e1 fabricada con tecnolog\u00eda de alta eficiencia. Cuenta con un motor sin escobillas de 1650 W superpotente, ultra silencioso y le asegura una larga vida \u00fatil. Anillo de sello de piel de vaca, resistente al desgaste. \u00a0El dise\u00f1o desmontable ofrece una limpieza r\u00e1pida y sencilla despu\u00e9s de la pulverizaci\u00f3n. Con el recipiente de 1000 ml, no es necesario agregar la pintura con frecuencia. Garant\u00eda\u00a0ARC 2 A\u00d1OS Pistola de pared sin aire eficiente, bajo consumo 1650w soporte t\u00e9cnico incluido. &nbsp;  &nbsp;","og_url":"https:\/\/www.distribucionarc.com\/sk\/producto\/pulverizador-de-pintura-sin-aire\/","og_site_name":"distribuci\u00f3n ARC","article_modified_time":"2020-10-03T10:37:08+00:00","og_image":[{"width":1001,"height":1001,"url":"https:\/\/www.distribucionarc.com\/wp-content\/uploads\/2020\/10\/Pulverizador-de-pintura-sin-aire-0.jpg","type":"image\/jpeg"}],"twitter_card":"summary_large_image","twitter_misc":{"Tempo estimado de leitura":"1 minuto"},"schema":{"@context":"https:\/\/schema.org","@graph":[{"@type":"WebPage","@id":"https:\/\/www.distribucionarc.com\/sk\/producto\/pulverizador-de-pintura-sin-aire\/","url":"https:\/\/www.distribucionarc.com\/sk\/producto\/pulverizador-de-pintura-sin-aire\/","name":"Pulverizador de tinta sem ar - Distribui\u00e7\u00e3o ARC","isPartOf":{"@id":"https:\/\/www.distribucionarc.com\/de\/#website"},"primaryImageOfPage":{"@id":"https:\/\/www.distribucionarc.com\/sk\/producto\/pulverizador-de-pintura-sin-aire\/#primaryimage"},"image":{"@id":"https:\/\/www.distribucionarc.com\/sk\/producto\/pulverizador-de-pintura-sin-aire\/#primaryimage"},"thumbnailUrl":"https:\/\/distribucionarc.com\/wp-content\/uploads\/2020\/10\/Pulverizador-de-pintura-sin-aire-0.jpg","datePublished":"2020-10-02T14:44:31+00:00","dateModified":"2020-10-03T10:37:08+00:00","breadcrumb":{"@id":"https:\/\/www.distribucionarc.com\/sk\/producto\/pulverizador-de-pintura-sin-aire\/#breadcrumb"},"inLanguage":"pt-PT","potentialAction":[{"@type":"ReadAction","target":["https:\/\/www.distribucionarc.com\/sk\/producto\/pulverizador-de-pintura-sin-aire\/"]}]},{"@type":"ImageObject","inLanguage":"pt-PT","@id":"https:\/\/www.distribucionarc.com\/sk\/producto\/pulverizador-de-pintura-sin-aire\/#primaryimage","url":"https:\/\/distribucionarc.com\/wp-content\/uploads\/2020\/10\/Pulverizador-de-pintura-sin-aire-0.jpg","contentUrl":"https:\/\/distribucionarc.com\/wp-content\/uploads\/2020\/10\/Pulverizador-de-pintura-sin-aire-0.jpg","width":1001,"height":1001,"caption":"Pulverizador de pintura sin aire"},{"@type":"BreadcrumbList","@id":"https:\/\/www.distribucionarc.com\/sk\/producto\/pulverizador-de-pintura-sin-aire\/#breadcrumb","itemListElement":[{"@type":"ListItem","position":1,"name":"Portada","item":"https:\/\/www.distribucionarc.com\/en\/"},{"@type":"ListItem","position":2,"name":"Products","item":"https:\/\/www.distribucionarc.com\/en\/shop\/"},{"@type":"ListItem","position":3,"name":"Pulverizador de pintura sin aire"}]},{"@type":"WebSite","@id":"https:\/\/www.distribucionarc.com\/de\/#website","url":"https:\/\/www.distribucionarc.com\/de\/","name":"Distribui\u00e7\u00e3o ARC","description":"Empresa especializada no fabrico e distribui\u00e7\u00e3o de m\u00e1quinas industriais, m\u00e1quinas de selar latas, m\u00e1quinas de fazer comprimidos, m\u00e1quinas de cortar carne...","publisher":{"@id":"https:\/\/www.distribucionarc.com\/de\/#organization"},"potentialAction":[{"@type":"SearchAction","target":{"@type":"EntryPoint","urlTemplate":"https:\/\/www.distribucionarc.com\/de\/?s={search_term_string}"},"query-input":{"@type":"PropertyValueSpecification","valueRequired":true,"valueName":"search_term_string"}}],"inLanguage":"pt-PT"},{"@type":"Organization","@id":"https:\/\/www.distribucionarc.com\/de\/#organization","name":"Distribui\u00e7\u00e3o ARC","url":"https:\/\/www.distribucionarc.com\/de\/","logo":{"@type":"ImageObject","inLanguage":"pt-PT","@id":"https:\/\/www.distribucionarc.com\/de\/#\/schema\/logo\/image\/","url":"https:\/\/distribucionarc.com\/wp-content\/uploads\/2024\/10\/distribucion-ARC-COLOR-SIN-FONDO-e1732295305345.png","contentUrl":"https:\/\/distribucionarc.com\/wp-content\/uploads\/2024\/10\/distribucion-ARC-COLOR-SIN-FONDO-e1732295305345.png","width":1164,"height":558,"caption":"Distribuci\u00f3n ARC"},"image":{"@id":"https:\/\/www.distribucionarc.com\/de\/#\/schema\/logo\/image\/"},"description":"Empresa especializada no fabrico e distribui\u00e7\u00e3o de m\u00e1quinas industriais para os sectores alimentar e farmac\u00eautico. Somos especializados em: M\u00e1quinas de cortar carne Fabrico de comprimidos Sistemas de transporte industrial Linhas de engarrafamento Dispensadores E muito mais... Oferecemos solu\u00e7\u00f5es inovadoras e personalizadas para otimizar os processos de produ\u00e7\u00e3o da sua empresa.","email":"Admistracion@distribucionarc.com","telephone":"+34 643496664","legalName":"ARC TECH SOLUTIONS","foundingDate":"2024-04-09","vatID":"B55480172","numberOfEmployees":{"@type":"QuantitativeValue","minValue":"1","maxValue":"10"}}]}},"_links":{"self":[{"href":"https:\/\/distribucionarc.com\/pt\/wp-json\/wp\/v2\/product\/3443","targetHints":{"allow":["GET"]}}],"collection":[{"href":"https:\/\/distribucionarc.com\/pt\/wp-json\/wp\/v2\/product"}],"about":[{"href":"https:\/\/distribucionarc.com\/pt\/wp-json\/wp\/v2\/types\/product"}],"replies":[{"embeddable":true,"href":"https:\/\/distribucionarc.com\/pt\/wp-json\/wp\/v2\/comments?post=3443"}],"version-history":[{"count":0,"href":"https:\/\/distribucionarc.com\/pt\/wp-json\/wp\/v2\/product\/3443\/revisions"}],"wp:featuredmedia":[{"embeddable":true,"href":"https:\/\/distribucionarc.com\/pt\/wp-json\/wp\/v2\/media\/3449"}],"wp:attachment":[{"href":"https:\/\/distribucionarc.com\/pt\/wp-json\/wp\/v2\/media?parent=3443"}],"wp:term":[{"taxonomy":"product_brand","embeddable":true,"href":"https:\/\/distribucionarc.com\/pt\/wp-json\/wp\/v2\/product_brand?post=3443"},{"taxonomy":"product_cat","embeddable":true,"href":"https:\/\/distribucionarc.com\/pt\/wp-json\/wp\/v2\/product_cat?post=3443"},{"taxonomy":"product_tag","embeddable":true,"href":"https:\/\/distribucionarc.com\/pt\/wp-json\/wp\/v2\/product_tag?post=3443"}],"curies":[{"name":"wp","href":"https:\/\/api.w.org\/{rel}","templated":true}]}}