{"id":3486,"date":"2020-10-03T11:38:12","date_gmt":"2020-10-03T11:38:12","guid":{"rendered":"https:\/\/distribucionarc.com\/?post_type=product&#038;p=3486"},"modified":"2020-10-05T08:39:04","modified_gmt":"2020-10-05T08:39:04","slug":"forno-eletrico-de-fundicao","status":"publish","type":"product","link":"https:\/\/distribucionarc.com\/pt\/producto\/horno-de-fundicion-electrico\/","title":{"rendered":"Forno de fus\u00e3o el\u00e9trico"},"content":{"rendered":"<h3>Forno de fus\u00e3o el\u00e9trico<\/h3>\n<p>A regula\u00e7\u00e3o da temperatura de fus\u00e3o deste <strong>fundador <span style=\"color: #ff0000;\">PARA<\/span><span style=\"color: #0000ff;\">R<\/span>c <\/strong>\u00c9 muito simples atrav\u00e9s de um m\u00f3dulo PID bastante moderno. Este m\u00f3dulo permite o ajuste digital da temperatura com precis\u00e3o ao grau de fus\u00e3o necess\u00e1rio. O m\u00f3dulo PID monitora a temperatura real na c\u00e2mara de fus\u00e3o em intervalos de 2 segundos para que ela n\u00e3o superaque\u00e7a ou esfrie. A temperatura permanece sempre constante em torno do ponto indicado.<\/p>\n<p>Esse <strong>fundi\u00e7\u00e3o <span style=\"color: #ff0000;\">PARA<\/span><span style=\"color: #0000ff;\">R<\/span>CHFE3<\/strong> \u00c9 projetado com c\u00e2mara de cer\u00e2mica com capacidade para at\u00e9 3 kg de ouro. Resistente a altas temperaturas de fus\u00e3o al\u00e9m de melhor temperatura de isolamento. Materiais de alta qualidade garantem a longa durabilidade da m\u00e1quina.  Voc\u00ea pode controlar todo o processo da forma mais simples e confort\u00e1vel gra\u00e7as a um painel digital<\/p>\n<h6><strong>Garantia\u00a0<span style=\"color: #ff0000;\">PARA<\/span><span style=\"color: #0000ff;\">R<\/span>C 2 ANOS<\/strong><\/h6>\n<h6><span style=\"color: #008000;\">Forno de fus\u00e3o eficiente, baixo consumo 1500W<\/span><\/h6>\n<h6><strong>suporte t\u00e9cnico inclu\u00eddo<\/strong><\/h6>\n<p>&nbsp;<\/p>\n<p>&nbsp;<\/p>\n<table role=\"presentation\" width=\"100%\" cellspacing=\"0\" cellpadding=\"0\">\n<tbody>\n<tr>\n<td class=\"attrLabels\">Temperatura:<\/td>\n<td width=\"50.0%\">Frio: 5 \u2013 12 \u00baCQuente: 50 \u2013 58 \u00baC<\/td>\n<\/tr>\n<tr>\n<td class=\"attrLabels\">Pa\u00eds de distribui\u00e7\u00e3o:<\/td>\n<td width=\"50.0%\">Espanha, Alemanha, EUA<\/td>\n<td class=\"attrLabels\">Peso:<\/td>\n<td width=\"50.0%\">9,4kg<\/td>\n<\/tr>\n<tr>\n<td class=\"attrLabels\">Marca:<\/td>\n<td width=\"50.0%\">ARCO<\/td>\n<td class=\"attrLabels\">Altura:<\/td>\n<td width=\"50.0%\">37,8 cm<\/td>\n<\/tr>\n<tr>\n<td class=\"attrLabels\">Cor:<\/td>\n<td width=\"50.0%\">preto, vermelho<\/td>\n<td class=\"attrLabels\">Longo:<\/td>\n<td width=\"50.0%\">23,8 cm<\/td>\n<\/tr>\n<tr>\n<td class=\"attrLabels\">Tipo de produto:<\/td>\n<td width=\"50.0%\">Sistema de pintura eletrost\u00e1tica<\/td>\n<td class=\"attrLabels\">Largo:<\/td>\n<td width=\"50.0%\">\u00a020,8 cm<\/td>\n<\/tr>\n<tr>\n<td class=\"attrLabels\">N\u00famero do fabricante:<\/td>\n<td width=\"50.0%\">ARCHFE3<\/td>\n<td class=\"attrLabels\">Poder:<\/td>\n<td width=\"50.0%\">1500W<\/td>\n<\/tr>\n<tr>\n<td class=\"attrLabels\">Material:<\/td>\n<td width=\"50.0%\">Cer\u00e2mica, M\u00f3dulo PID, Painel Digital<\/td>\n<td class=\"attrLabels\">tens\u00e3o de entrada<\/td>\n<td width=\"50.0%\">220 V \u2013 50\/60 Hz<\/td>\n<\/tr>\n<tr>\n<td class=\"attrLabels\">Garantia:<\/td>\n<td width=\"50.0%\">2 ANOS<\/td>\n<td class=\"attrLabels\">Temperatura m\u00e1xima:<\/td>\n<td width=\"50.0%\">1100\u00baC<\/td>\n<\/tr>\n<tr>\n<td class=\"attrLabels\">Ferramentas de instala\u00e7\u00e3o:<\/td>\n<td width=\"50.0%\">Sim<\/td>\n<td class=\"attrLabels\">Dimens\u00f5es da c\u00e2mara de fus\u00e3o:<\/td>\n<td width=\"50.0%\">4,4 x 14 cm<\/td>\n<\/tr>\n<\/tbody>\n<\/table>\n<p>&nbsp;<\/p>","protected":false},"excerpt":{"rendered":"<h2>Forno de fus\u00e3o el\u00e9trico<\/h2>\n<p><strong>Forno de fus\u00e3o autom\u00e1tico<\/strong> 3KG com design compacto, ideal para uso profissional. Ao utilizar materiais de alta qualidade, o forno de fus\u00e3o pode atender a todos os requisitos da ind\u00fastria. A temperatura m\u00e1xima ajust\u00e1vel do <strong>forno de fus\u00e3o <span style=\"color: #ff0000;\">PARA<\/span><span style=\"color: #0000ff;\">R<\/span>c<\/strong> \u00c9 1100 \u2103. Assim, o <strong>forno de fus\u00e3o digital<\/strong>\u00a0\u00c9 perfeitamente projetado para o processamento de metais preciosos como ouro, prata e outros metais com baixas propriedades \u00e1cido-base e com ponto de fus\u00e3o n\u00e3o muito alto.<\/p>\n<h6><strong>Garantia\u00a0<span style=\"color: #ff0000;\">PARA<\/span><span style=\"color: #0000ff;\">R<\/span>C 2 ANOS<\/strong><\/h6>\n<h6><span style=\"color: #008000;\">Forno de fus\u00e3o eficiente, baixo consumo 1500W<\/span><\/h6>\n<h6><strong>suporte t\u00e9cnico inclu\u00eddo<\/strong><\/h6>","protected":false},"featured_media":3487,"comment_status":"open","ping_status":"closed","template":"","meta":{"wds_primary_product_brand":0,"wds_primary_product_cat":0},"product_brand":[],"product_cat":[69],"product_tag":[],"class_list":{"0":"post-3486","1":"product","2":"type-product","3":"status-publish","4":"has-post-thumbnail","6":"product_cat-maquinas-variadas","7":"product_shipping_class-express","9":"first","10":"instock","11":"sale","12":"taxable","13":"shipping-taxable","14":"purchasable","15":"product-type-simple"},"yoast_head":"<!-- This site is optimized with the Yoast SEO Premium plugin v24.9 (Yoast SEO v26.1) - https:\/\/yoast.com\/wordpress\/plugins\/seo\/ -->\n<title>Horno de fundici\u00f3n el\u00e9ctrico - distribuci\u00f3n ARC<\/title>\n<meta name=\"robots\" content=\"index, follow, max-snippet:-1, max-image-preview:large, max-video-preview:-1\" \/>\n<link rel=\"canonical\" href=\"https:\/\/www.distribucionarc.com\/en\/producto\/horno-de-fundicion-electrico\/\" \/>\n<meta property=\"og:locale\" content=\"pt_PT\" \/>\n<meta property=\"og:type\" content=\"article\" \/>\n<meta property=\"og:title\" content=\"Horno de fundici\u00f3n el\u00e9ctrico\" \/>\n<meta property=\"og:description\" content=\"Horno de fundici\u00f3n el\u00e9ctrico Horno de fusi\u00f3n autom\u00e1tico de 3KG con dise\u00f1o compacto, ideal para uso profesional. Al utilizar materiales de alta calidad, el horno de fundici\u00f3n puede cumplir con todos los requisitos de la industria. La temperatura m\u00e1xima ajustable del Horno fundidor ARC es de 1100 \u2103. As\u00ed, el horno de fusi\u00f3n digital\u00a0est\u00e1 perfectamente dise\u00f1ado para el procesamiento de metales preciosos como oro, plata y otros metales con propiedades \u00e1cido-base bajas y con un punto de fusi\u00f3n no demasiado alto. Garant\u00eda\u00a0ARC 2 A\u00d1OS Horno de fundici\u00f3n eficiente, bajo consumo 1500W soporte t\u00e9cnico incluido\" \/>\n<meta property=\"og:url\" content=\"https:\/\/www.distribucionarc.com\/en\/producto\/horno-de-fundicion-electrico\/\" \/>\n<meta property=\"og:site_name\" content=\"distribuci\u00f3n ARC\" \/>\n<meta property=\"article:modified_time\" content=\"2020-10-05T08:39:04+00:00\" \/>\n<meta property=\"og:image\" content=\"https:\/\/distribucionarc.com\/wp-content\/uploads\/2020\/10\/Horno-de-fundici\u00f3n-el\u00e9ctrico-0.jpg\" \/>\n\t<meta property=\"og:image:width\" content=\"1001\" \/>\n\t<meta property=\"og:image:height\" content=\"1001\" \/>\n\t<meta property=\"og:image:type\" content=\"image\/jpeg\" \/>\n<meta name=\"twitter:card\" content=\"summary_large_image\" \/>\n<meta name=\"twitter:label1\" content=\"Tempo estimado de leitura\" \/>\n\t<meta name=\"twitter:data1\" content=\"1 minuto\" \/>\n<script type=\"application\/ld+json\" class=\"yoast-schema-graph\">{\"@context\":\"https:\/\/schema.org\",\"@graph\":[{\"@type\":\"WebPage\",\"@id\":\"https:\/\/www.distribucionarc.com\/en\/producto\/horno-de-fundicion-electrico\/\",\"url\":\"https:\/\/www.distribucionarc.com\/en\/producto\/horno-de-fundicion-electrico\/\",\"name\":\"Horno de fundici\u00f3n el\u00e9ctrico - distribuci\u00f3n ARC\",\"isPartOf\":{\"@id\":\"https:\/\/distribucionarc.com\/bg\/#website\"},\"primaryImageOfPage\":{\"@id\":\"https:\/\/www.distribucionarc.com\/en\/producto\/horno-de-fundicion-electrico\/#primaryimage\"},\"image\":{\"@id\":\"https:\/\/www.distribucionarc.com\/en\/producto\/horno-de-fundicion-electrico\/#primaryimage\"},\"thumbnailUrl\":\"https:\/\/distribucionarc.com\/wp-content\/uploads\/2020\/10\/Horno-de-fundici\u00f3n-el\u00e9ctrico-0.jpg\",\"datePublished\":\"2020-10-03T11:38:12+00:00\",\"dateModified\":\"2020-10-05T08:39:04+00:00\",\"breadcrumb\":{\"@id\":\"https:\/\/www.distribucionarc.com\/en\/producto\/horno-de-fundicion-electrico\/#breadcrumb\"},\"inLanguage\":\"pt-PT\",\"potentialAction\":[{\"@type\":\"ReadAction\",\"target\":[\"https:\/\/www.distribucionarc.com\/en\/producto\/horno-de-fundicion-electrico\/\"]}]},{\"@type\":\"ImageObject\",\"inLanguage\":\"pt-PT\",\"@id\":\"https:\/\/www.distribucionarc.com\/en\/producto\/horno-de-fundicion-electrico\/#primaryimage\",\"url\":\"https:\/\/distribucionarc.com\/wp-content\/uploads\/2020\/10\/Horno-de-fundici\u00f3n-el\u00e9ctrico-0.jpg\",\"contentUrl\":\"https:\/\/distribucionarc.com\/wp-content\/uploads\/2020\/10\/Horno-de-fundici\u00f3n-el\u00e9ctrico-0.jpg\",\"width\":1001,\"height\":1001,\"caption\":\"Horno de fundici\u00f3n el\u00e9ctrico\"},{\"@type\":\"BreadcrumbList\",\"@id\":\"https:\/\/www.distribucionarc.com\/en\/producto\/horno-de-fundicion-electrico\/#breadcrumb\",\"itemListElement\":[{\"@type\":\"ListItem\",\"position\":1,\"name\":\"Portada\",\"item\":\"https:\/\/distribucionarc.com\/nb\/\"},{\"@type\":\"ListItem\",\"position\":2,\"name\":\"Products\",\"item\":\"https:\/\/www.distribucionarc.com\/en\/shop\/\"},{\"@type\":\"ListItem\",\"position\":3,\"name\":\"Horno de fundici\u00f3n el\u00e9ctrico\"}]},{\"@type\":\"WebSite\",\"@id\":\"https:\/\/distribucionarc.com\/bg\/#website\",\"url\":\"https:\/\/distribucionarc.com\/bg\/\",\"name\":\"distribuci\u00f3n ARC\",\"description\":\"Empresa especializada en la fabricaci\u00f3n y distribuci\u00f3n de maquinaria industrial, selladoras de latas, Maquinas de hacer pastillas, Maquinas de cortar carne...\",\"publisher\":{\"@id\":\"https:\/\/distribucionarc.com\/bg\/#organization\"},\"potentialAction\":[{\"@type\":\"SearchAction\",\"target\":{\"@type\":\"EntryPoint\",\"urlTemplate\":\"https:\/\/distribucionarc.com\/bg\/?s={search_term_string}\"},\"query-input\":{\"@type\":\"PropertyValueSpecification\",\"valueRequired\":true,\"valueName\":\"search_term_string\"}}],\"inLanguage\":\"pt-PT\"},{\"@type\":\"Organization\",\"@id\":\"https:\/\/distribucionarc.com\/bg\/#organization\",\"name\":\"Distribuci\u00f3n ARC\",\"url\":\"https:\/\/distribucionarc.com\/bg\/\",\"logo\":{\"@type\":\"ImageObject\",\"inLanguage\":\"pt-PT\",\"@id\":\"https:\/\/distribucionarc.com\/bg\/#\/schema\/logo\/image\/\",\"url\":\"https:\/\/distribucionarc.com\/wp-content\/uploads\/2024\/10\/distribucion-ARC-COLOR-SIN-FONDO-e1732295305345.png\",\"contentUrl\":\"https:\/\/distribucionarc.com\/wp-content\/uploads\/2024\/10\/distribucion-ARC-COLOR-SIN-FONDO-e1732295305345.png\",\"width\":1164,\"height\":558,\"caption\":\"Distribuci\u00f3n ARC\"},\"image\":{\"@id\":\"https:\/\/distribucionarc.com\/bg\/#\/schema\/logo\/image\/\"},\"description\":\"Empresa especializada en la fabricaci\u00f3n y distribuci\u00f3n de maquinaria industrial para los sectores alimentario y farmac\u00e9utico. Nos especializamos en: M\u00e1quinas de cortar carne Fabricaci\u00f3n de comprimidos Sistemas de transporte industrial L\u00edneas de embotellado Dosificadores Y mucho m\u00e1s... Ofrecemos soluciones innovadoras y personalizadas para optimizar los procesos productivos de tu empresa.\",\"email\":\"Admistracion@distribucionarc.com\",\"telephone\":\"+34 643496664\",\"legalName\":\"ARC TECH SOLUTIONS\",\"foundingDate\":\"2024-04-09\",\"vatID\":\"B55480172\",\"numberOfEmployees\":{\"@type\":\"QuantitativeValue\",\"minValue\":\"1\",\"maxValue\":\"10\"}}]}<\/script>\n<!-- \/ Yoast SEO Premium plugin. -->","yoast_head_json":{"title":"Forno de fus\u00e3o el\u00e9trico - distribui\u00e7\u00e3o ARC","robots":{"index":"index","follow":"follow","max-snippet":"max-snippet:-1","max-image-preview":"max-image-preview:large","max-video-preview":"max-video-preview:-1"},"canonical":"https:\/\/www.distribucionarc.com\/en\/producto\/horno-de-fundicion-electrico\/","og_locale":"pt_PT","og_type":"article","og_title":"Horno de fundici\u00f3n el\u00e9ctrico","og_description":"Horno de fundici\u00f3n el\u00e9ctrico Horno de fusi\u00f3n autom\u00e1tico de 3KG con dise\u00f1o compacto, ideal para uso profesional. Al utilizar materiales de alta calidad, el horno de fundici\u00f3n puede cumplir con todos los requisitos de la industria. La temperatura m\u00e1xima ajustable del Horno fundidor ARC es de 1100 \u2103. As\u00ed, el horno de fusi\u00f3n digital\u00a0est\u00e1 perfectamente dise\u00f1ado para el procesamiento de metales preciosos como oro, plata y otros metales con propiedades \u00e1cido-base bajas y con un punto de fusi\u00f3n no demasiado alto. Garant\u00eda\u00a0ARC 2 A\u00d1OS Horno de fundici\u00f3n eficiente, bajo consumo 1500W soporte t\u00e9cnico incluido","og_url":"https:\/\/www.distribucionarc.com\/en\/producto\/horno-de-fundicion-electrico\/","og_site_name":"distribuci\u00f3n ARC","article_modified_time":"2020-10-05T08:39:04+00:00","og_image":[{"width":1001,"height":1001,"url":"https:\/\/distribucionarc.com\/wp-content\/uploads\/2020\/10\/Horno-de-fundici\u00f3n-el\u00e9ctrico-0.jpg","type":"image\/jpeg"}],"twitter_card":"summary_large_image","twitter_misc":{"Tempo estimado de leitura":"1 minuto"},"schema":{"@context":"https:\/\/schema.org","@graph":[{"@type":"WebPage","@id":"https:\/\/www.distribucionarc.com\/en\/producto\/horno-de-fundicion-electrico\/","url":"https:\/\/www.distribucionarc.com\/en\/producto\/horno-de-fundicion-electrico\/","name":"Forno de fus\u00e3o el\u00e9trico - distribui\u00e7\u00e3o ARC","isPartOf":{"@id":"https:\/\/distribucionarc.com\/bg\/#website"},"primaryImageOfPage":{"@id":"https:\/\/www.distribucionarc.com\/en\/producto\/horno-de-fundicion-electrico\/#primaryimage"},"image":{"@id":"https:\/\/www.distribucionarc.com\/en\/producto\/horno-de-fundicion-electrico\/#primaryimage"},"thumbnailUrl":"https:\/\/distribucionarc.com\/wp-content\/uploads\/2020\/10\/Horno-de-fundici\u00f3n-el\u00e9ctrico-0.jpg","datePublished":"2020-10-03T11:38:12+00:00","dateModified":"2020-10-05T08:39:04+00:00","breadcrumb":{"@id":"https:\/\/www.distribucionarc.com\/en\/producto\/horno-de-fundicion-electrico\/#breadcrumb"},"inLanguage":"pt-PT","potentialAction":[{"@type":"ReadAction","target":["https:\/\/www.distribucionarc.com\/en\/producto\/horno-de-fundicion-electrico\/"]}]},{"@type":"ImageObject","inLanguage":"pt-PT","@id":"https:\/\/www.distribucionarc.com\/en\/producto\/horno-de-fundicion-electrico\/#primaryimage","url":"https:\/\/distribucionarc.com\/wp-content\/uploads\/2020\/10\/Horno-de-fundici\u00f3n-el\u00e9ctrico-0.jpg","contentUrl":"https:\/\/distribucionarc.com\/wp-content\/uploads\/2020\/10\/Horno-de-fundici\u00f3n-el\u00e9ctrico-0.jpg","width":1001,"height":1001,"caption":"Horno de fundici\u00f3n el\u00e9ctrico"},{"@type":"BreadcrumbList","@id":"https:\/\/www.distribucionarc.com\/en\/producto\/horno-de-fundicion-electrico\/#breadcrumb","itemListElement":[{"@type":"ListItem","position":1,"name":"Portada","item":"https:\/\/distribucionarc.com\/nb\/"},{"@type":"ListItem","position":2,"name":"Products","item":"https:\/\/www.distribucionarc.com\/en\/shop\/"},{"@type":"ListItem","position":3,"name":"Horno de fundici\u00f3n el\u00e9ctrico"}]},{"@type":"WebSite","@id":"https:\/\/distribucionarc.com\/bg\/#website","url":"https:\/\/distribucionarc.com\/bg\/","name":"Distribui\u00e7\u00e3o ARC","description":"Empresa especializada no fabrico e distribui\u00e7\u00e3o de m\u00e1quinas industriais, m\u00e1quinas de selar latas, m\u00e1quinas de fazer comprimidos, m\u00e1quinas de cortar carne...","publisher":{"@id":"https:\/\/distribucionarc.com\/bg\/#organization"},"potentialAction":[{"@type":"SearchAction","target":{"@type":"EntryPoint","urlTemplate":"https:\/\/distribucionarc.com\/bg\/?s={search_term_string}"},"query-input":{"@type":"PropertyValueSpecification","valueRequired":true,"valueName":"search_term_string"}}],"inLanguage":"pt-PT"},{"@type":"Organization","@id":"https:\/\/distribucionarc.com\/bg\/#organization","name":"Distribui\u00e7\u00e3o ARC","url":"https:\/\/distribucionarc.com\/bg\/","logo":{"@type":"ImageObject","inLanguage":"pt-PT","@id":"https:\/\/distribucionarc.com\/bg\/#\/schema\/logo\/image\/","url":"https:\/\/distribucionarc.com\/wp-content\/uploads\/2024\/10\/distribucion-ARC-COLOR-SIN-FONDO-e1732295305345.png","contentUrl":"https:\/\/distribucionarc.com\/wp-content\/uploads\/2024\/10\/distribucion-ARC-COLOR-SIN-FONDO-e1732295305345.png","width":1164,"height":558,"caption":"Distribuci\u00f3n ARC"},"image":{"@id":"https:\/\/distribucionarc.com\/bg\/#\/schema\/logo\/image\/"},"description":"Empresa especializada no fabrico e distribui\u00e7\u00e3o de m\u00e1quinas industriais para os sectores alimentar e farmac\u00eautico. Somos especializados em: M\u00e1quinas de cortar carne Fabrico de comprimidos Sistemas de transporte industrial Linhas de engarrafamento Dispensadores E muito mais... Oferecemos solu\u00e7\u00f5es inovadoras e personalizadas para otimizar os processos de produ\u00e7\u00e3o da sua empresa.","email":"Admistracion@distribucionarc.com","telephone":"+34 643496664","legalName":"ARC TECH SOLUTIONS","foundingDate":"2024-04-09","vatID":"B55480172","numberOfEmployees":{"@type":"QuantitativeValue","minValue":"1","maxValue":"10"}}]}},"_links":{"self":[{"href":"https:\/\/distribucionarc.com\/pt\/wp-json\/wp\/v2\/product\/3486","targetHints":{"allow":["GET"]}}],"collection":[{"href":"https:\/\/distribucionarc.com\/pt\/wp-json\/wp\/v2\/product"}],"about":[{"href":"https:\/\/distribucionarc.com\/pt\/wp-json\/wp\/v2\/types\/product"}],"replies":[{"embeddable":true,"href":"https:\/\/distribucionarc.com\/pt\/wp-json\/wp\/v2\/comments?post=3486"}],"version-history":[{"count":0,"href":"https:\/\/distribucionarc.com\/pt\/wp-json\/wp\/v2\/product\/3486\/revisions"}],"wp:featuredmedia":[{"embeddable":true,"href":"https:\/\/distribucionarc.com\/pt\/wp-json\/wp\/v2\/media\/3487"}],"wp:attachment":[{"href":"https:\/\/distribucionarc.com\/pt\/wp-json\/wp\/v2\/media?parent=3486"}],"wp:term":[{"taxonomy":"product_brand","embeddable":true,"href":"https:\/\/distribucionarc.com\/pt\/wp-json\/wp\/v2\/product_brand?post=3486"},{"taxonomy":"product_cat","embeddable":true,"href":"https:\/\/distribucionarc.com\/pt\/wp-json\/wp\/v2\/product_cat?post=3486"},{"taxonomy":"product_tag","embeddable":true,"href":"https:\/\/distribucionarc.com\/pt\/wp-json\/wp\/v2\/product_tag?post=3486"}],"curies":[{"name":"wp","href":"https:\/\/api.w.org\/{rel}","templated":true}]}}