{"id":3499,"date":"2020-10-03T12:57:43","date_gmt":"2020-10-03T12:57:43","guid":{"rendered":"https:\/\/distribucionarc.com\/?post_type=product&#038;p=3499"},"modified":"2020-10-15T15:02:45","modified_gmt":"2020-10-15T15:02:45","slug":"triturador-de-toras-eletrico","status":"publish","type":"product","link":"https:\/\/distribucionarc.com\/pt\/producto\/astilladora-de-troncos-electrica\/","title":{"rendered":"divisor de toras el\u00e9trico"},"content":{"rendered":"<h3>divisor de toras el\u00e9trico<\/h3>\n<p>Ele<strong> cortador de toras <span style=\"color: #ff0000;\">PARA<\/span><span style=\"color: #0000ff;\">R<\/span>c<\/strong> Possui opera\u00e7\u00e3o simult\u00e2nea de bot\u00e3o e alavanca para que n\u00e3o possa ser operado com uma m\u00e3o para atender \u00e0s <span style=\"color: #0000ff;\"><strong>mais recentes padr\u00f5es de seguran\u00e7a.<\/strong><\/span><\/p>\n<p>A opera\u00e7\u00e3o \u00e9 realizada com as duas m\u00e3os, acionando duas alavancas fora da gaiola para garantir a seguran\u00e7a do usu\u00e1rio. O suporte fornecido permite colocar a m\u00e1quina na altura de trabalho, evitando a necessidade de se curvar ou ajoelhar. A prote\u00e7\u00e3o de seguran\u00e7a permite dividir as toras e cont\u00ea-las, evitando que detritos voem para fora da gaiola. A prote\u00e7\u00e3o de seguran\u00e7a tamb\u00e9m se diferencia dos demais designs, ao eliminar os furos nas laterais, a chance de uma tora danificar a prote\u00e7\u00e3o \u00e9 bastante reduzida.<\/p>\n<p>Esse <strong>picador de toras <span style=\"color: #ff0000;\">PARA<\/span><span style=\"color: #0000ff;\">R<\/span>CPTE800<\/strong> \u00e9 <strong>capaz de dividir 800 toras por hora<\/strong>, at\u00e9 520 mm de comprimento e 250 mm de di\u00e2metro. O tamanho ideal para pessoas com pequenos fogos e fog\u00f5es a lenha que desejam partir toras curtas.<\/p>\n<h6><strong>Garantia\u00a0<span style=\"color: #ff0000;\">PARA<\/span><span style=\"color: #0000ff;\">R<\/span>C 2 ANOS<\/strong><\/h6>\n<h6><span style=\"color: #008000;\">Divisor de toras eficiente, baixo consumo 2.000 W<\/span><\/h6>\n<h6><strong>suporte t\u00e9cnico inclu\u00eddo<\/strong><\/h6>\n<p>&nbsp;<\/p>\n<p>&nbsp;<\/p>\n<table role=\"presentation\" width=\"100%\" cellspacing=\"0\" cellpadding=\"0\">\n<tbody>\n<tr>\n<td class=\"attrLabels\">Marca:<\/td>\n<td width=\"50.0%\">ARCO<\/td>\n<\/tr>\n<tr>\n<td class=\"attrLabels\">Pa\u00eds de distribui\u00e7\u00e3o:<\/td>\n<td width=\"50.0%\">Espanha, Alemanha, EUA<\/td>\n<td class=\"attrLabels\">Peso:<\/td>\n<td width=\"50.0%\">46kg<\/td>\n<\/tr>\n<tr>\n<td class=\"attrLabels\">Garantia:<\/td>\n<td width=\"50.0%\">2 ANOS<\/td>\n<td class=\"attrLabels\">Altura:<\/td>\n<td width=\"50.0%\">98cm<\/td>\n<\/tr>\n<tr>\n<td class=\"attrLabels\">Cor:<\/td>\n<td width=\"50.0%\">vermelho, preto<\/td>\n<td class=\"attrLabels\">Longo:<\/td>\n<td width=\"50.0%\">94,8 cm<\/td>\n<\/tr>\n<tr>\n<td class=\"attrLabels\">Tipo de produto:<\/td>\n<td width=\"50.0%\">divisor de log<\/td>\n<td class=\"attrLabels\">Largo:<\/td>\n<td width=\"50.0%\">70cm<\/td>\n<\/tr>\n<tr>\n<td class=\"attrLabels\">N\u00famero do fabricante:<\/td>\n<td width=\"50.0%\">ARCPTE800<\/td>\n<td class=\"attrLabels\">Poder:<\/td>\n<td width=\"50.0%\">2.000 W<\/td>\n<\/tr>\n<tr>\n<td class=\"attrLabels\">Material:<\/td>\n<td width=\"50.0%\">Motor eficiente, a\u00e7o refor\u00e7ado<\/td>\n<td class=\"attrLabels\">tens\u00e3o de entrada<\/td>\n<td width=\"50.0%\">220 V \u2013 50\/60 Hz<\/td>\n<\/tr>\n<tr>\n<td class=\"attrLabels\">Ferramentas de instala\u00e7\u00e3o:<\/td>\n<td width=\"50.0%\">Sim<\/td>\n<td class=\"attrLabels\">Tamanho de corte:<\/td>\n<td width=\"50.0%\">52 cm de comprimento<\/p>\n<p>Di\u00e2metro m\u00e1ximo de 25 cm<\/td>\n<\/tr>\n<tr>\n<td class=\"attrLabels\">Volume de \u00f3leo e hidr\u00e1ulico:<\/td>\n<td width=\"50.0%\">tanque de \u00f3leo 46 2,8L<\/td>\n<td class=\"attrLabels\">Press\u00e3o m\u00e1xima:<\/td>\n<td width=\"50.0%\">7.000 kg<\/td>\n<\/tr>\n<\/tbody>\n<\/table>","protected":false},"excerpt":{"rendered":"<h2>divisor de toras el\u00e9trico<\/h2>\n<p>Ele <strong>cortador de toras <span style=\"color: #ff0000;\">PARA<\/span><span style=\"color: #0000ff;\">R<\/span>c<\/strong> \u00c9 a m\u00e1quina perfeita para dividir madeira verde ou seca em pequenos peda\u00e7os de tora. Equipada com um motor de 2.000 watts, a m\u00e1quina exerce 7 toneladas de for\u00e7a com efici\u00eancia e facilidade. Este divisor de toras \u00e9 capaz de cortar uma tora em menos de 9 segundos gra\u00e7as ao <span style=\"color: #008000;\"><strong>motor eficiente<\/strong><\/span> e o sistema hidr\u00e1ulico. Divida os logs da maneira mais simples e r\u00e1pida.<\/p>\n<h6><strong>Garantia\u00a0<span style=\"color: #ff0000;\">PARA<\/span><span style=\"color: #0000ff;\">R<\/span>C 2 ANOS<\/strong><\/h6>\n<h6><span style=\"color: #008000;\">Divisor de toras eficiente, baixo consumo 2.000 W<\/span><\/h6>\n<h6><strong>suporte t\u00e9cnico inclu\u00eddo<\/strong><\/h6>\n<p>&nbsp;<\/p>","protected":false},"featured_media":3508,"comment_status":"open","ping_status":"closed","template":"","meta":{"wds_primary_product_brand":0,"wds_primary_product_cat":0},"product_brand":[],"product_cat":[72,69],"product_tag":[],"class_list":{"0":"post-3499","1":"product","2":"type-product","3":"status-publish","4":"has-post-thumbnail","6":"product_cat-maquinaria-para-cortar-troncos","7":"product_cat-maquinas-variadas","8":"product_shipping_class-express","10":"first","11":"instock","12":"sale","13":"taxable","14":"shipping-taxable","15":"purchasable","16":"product-type-simple"},"yoast_head":"<!-- This site is optimized with the Yoast SEO Premium plugin v24.9 (Yoast SEO v26.1) - https:\/\/yoast.com\/wordpress\/plugins\/seo\/ -->\n<title>Astilladora de troncos el\u00e9ctrica - distribuci\u00f3n ARC<\/title>\n<meta name=\"robots\" content=\"index, follow, max-snippet:-1, max-image-preview:large, max-video-preview:-1\" \/>\n<link rel=\"canonical\" href=\"https:\/\/distribucionarc.com\/pt\/produto\/triturador-de-toras-eletrico\/\" \/>\n<meta property=\"og:locale\" content=\"pt_PT\" \/>\n<meta property=\"og:type\" content=\"article\" \/>\n<meta property=\"og:title\" content=\"Astilladora de troncos el\u00e9ctrica\" \/>\n<meta property=\"og:description\" content=\"Astilladora de troncos el\u00e9ctrica El cortador de troncos ARC es la m\u00e1quina perfecta para partir su madera verde o seca, en troncos de cortos trozos. Equipada con un motor de 2000 vatios, la m\u00e1quina ejerce 7 toneladas de fuerza con eficacia y facilidad. Este partidor de troncos es capaz de cortar un trozo en menos de 9 segundos gracias al motor eficiente y el sistema hidr\u00e1ulico. Divida troncos de la formas m\u00e1s sencilla y r\u00e1pida. Garant\u00eda\u00a0ARC 2 A\u00d1OS Partidora de troncos eficiente, bajo consumo 2000W soporte t\u00e9cnico incluido &nbsp;\" \/>\n<meta property=\"og:url\" content=\"https:\/\/distribucionarc.com\/pt\/produto\/triturador-de-toras-eletrico\/\" \/>\n<meta property=\"og:site_name\" content=\"distribuci\u00f3n ARC\" \/>\n<meta property=\"article:modified_time\" content=\"2020-10-15T15:02:45+00:00\" \/>\n<meta property=\"og:image\" content=\"https:\/\/distribucionarc.com\/wp-content\/uploads\/2020\/10\/Astilladora-de-troncos-el\u00e9ctrica-0.jpg\" \/>\n\t<meta property=\"og:image:width\" content=\"1001\" \/>\n\t<meta property=\"og:image:height\" content=\"1001\" \/>\n\t<meta property=\"og:image:type\" content=\"image\/jpeg\" \/>\n<meta name=\"twitter:card\" content=\"summary_large_image\" \/>\n<meta name=\"twitter:label1\" content=\"Tempo estimado de leitura\" \/>\n\t<meta name=\"twitter:data1\" content=\"1 minuto\" \/>\n<script type=\"application\/ld+json\" class=\"yoast-schema-graph\">{\"@context\":\"https:\/\/schema.org\",\"@graph\":[{\"@type\":\"WebPage\",\"@id\":\"https:\/\/distribucionarc.com\/nb\/producto\/astilladora-de-troncos-electrica\/\",\"url\":\"https:\/\/distribucionarc.com\/nb\/producto\/astilladora-de-troncos-electrica\/\",\"name\":\"Astilladora de troncos el\u00e9ctrica - distribuci\u00f3n ARC\",\"isPartOf\":{\"@id\":\"https:\/\/www.distribucionarc.com\/sl\/#website\"},\"primaryImageOfPage\":{\"@id\":\"https:\/\/distribucionarc.com\/nb\/producto\/astilladora-de-troncos-electrica\/#primaryimage\"},\"image\":{\"@id\":\"https:\/\/distribucionarc.com\/nb\/producto\/astilladora-de-troncos-electrica\/#primaryimage\"},\"thumbnailUrl\":\"https:\/\/distribucionarc.com\/wp-content\/uploads\/2020\/10\/Astilladora-de-troncos-el\u00e9ctrica-0.jpg\",\"datePublished\":\"2020-10-03T12:57:43+00:00\",\"dateModified\":\"2020-10-15T15:02:45+00:00\",\"breadcrumb\":{\"@id\":\"https:\/\/distribucionarc.com\/nb\/producto\/astilladora-de-troncos-electrica\/#breadcrumb\"},\"inLanguage\":\"pt-PT\",\"potentialAction\":[{\"@type\":\"ReadAction\",\"target\":[\"https:\/\/distribucionarc.com\/nb\/producto\/astilladora-de-troncos-electrica\/\"]}]},{\"@type\":\"ImageObject\",\"inLanguage\":\"pt-PT\",\"@id\":\"https:\/\/distribucionarc.com\/nb\/producto\/astilladora-de-troncos-electrica\/#primaryimage\",\"url\":\"https:\/\/distribucionarc.com\/wp-content\/uploads\/2020\/10\/Astilladora-de-troncos-el\u00e9ctrica-0.jpg\",\"contentUrl\":\"https:\/\/distribucionarc.com\/wp-content\/uploads\/2020\/10\/Astilladora-de-troncos-el\u00e9ctrica-0.jpg\",\"width\":1001,\"height\":1001,\"caption\":\"Astilladora de troncos el\u00e9ctrica\"},{\"@type\":\"BreadcrumbList\",\"@id\":\"https:\/\/distribucionarc.com\/nb\/producto\/astilladora-de-troncos-electrica\/#breadcrumb\",\"itemListElement\":[{\"@type\":\"ListItem\",\"position\":1,\"name\":\"Portada\",\"item\":\"https:\/\/www.distribucionarc.com\/\"},{\"@type\":\"ListItem\",\"position\":2,\"name\":\"\u00dcr\u00fcnler\",\"item\":\"https:\/\/www.distribucionarc.com\/tr\/magaza\/\"},{\"@type\":\"ListItem\",\"position\":3,\"name\":\"Astilladora de troncos el\u00e9ctrica\"}]},{\"@type\":\"WebSite\",\"@id\":\"https:\/\/www.distribucionarc.com\/sl\/#website\",\"url\":\"https:\/\/www.distribucionarc.com\/sl\/\",\"name\":\"distribuci\u00f3n ARC\",\"description\":\"Empresa especializada en la fabricaci\u00f3n y distribuci\u00f3n de maquinaria industrial, selladoras de latas, Maquinas de hacer pastillas, Maquinas de cortar carne...\",\"publisher\":{\"@id\":\"https:\/\/www.distribucionarc.com\/sl\/#organization\"},\"potentialAction\":[{\"@type\":\"SearchAction\",\"target\":{\"@type\":\"EntryPoint\",\"urlTemplate\":\"https:\/\/www.distribucionarc.com\/sl\/?s={search_term_string}\"},\"query-input\":{\"@type\":\"PropertyValueSpecification\",\"valueRequired\":true,\"valueName\":\"search_term_string\"}}],\"inLanguage\":\"pt-PT\"},{\"@type\":\"Organization\",\"@id\":\"https:\/\/www.distribucionarc.com\/sl\/#organization\",\"name\":\"Distribuci\u00f3n ARC\",\"url\":\"https:\/\/www.distribucionarc.com\/sl\/\",\"logo\":{\"@type\":\"ImageObject\",\"inLanguage\":\"pt-PT\",\"@id\":\"https:\/\/www.distribucionarc.com\/sl\/#\/schema\/logo\/image\/\",\"url\":\"https:\/\/distribucionarc.com\/wp-content\/uploads\/2024\/10\/distribucion-ARC-COLOR-SIN-FONDO-e1732295305345.png\",\"contentUrl\":\"https:\/\/distribucionarc.com\/wp-content\/uploads\/2024\/10\/distribucion-ARC-COLOR-SIN-FONDO-e1732295305345.png\",\"width\":1164,\"height\":558,\"caption\":\"Distribuci\u00f3n ARC\"},\"image\":{\"@id\":\"https:\/\/www.distribucionarc.com\/sl\/#\/schema\/logo\/image\/\"},\"description\":\"Empresa especializada en la fabricaci\u00f3n y distribuci\u00f3n de maquinaria industrial para los sectores alimentario y farmac\u00e9utico. Nos especializamos en: M\u00e1quinas de cortar carne Fabricaci\u00f3n de comprimidos Sistemas de transporte industrial L\u00edneas de embotellado Dosificadores Y mucho m\u00e1s... Ofrecemos soluciones innovadoras y personalizadas para optimizar los procesos productivos de tu empresa.\",\"email\":\"Admistracion@distribucionarc.com\",\"telephone\":\"+34 643496664\",\"legalName\":\"ARC TECH SOLUTIONS\",\"foundingDate\":\"2024-04-09\",\"vatID\":\"B55480172\",\"numberOfEmployees\":{\"@type\":\"QuantitativeValue\",\"minValue\":\"1\",\"maxValue\":\"10\"}}]}<\/script>\n<!-- \/ Yoast SEO Premium plugin. -->","yoast_head_json":{"title":"Divisor de toras el\u00e9trico - distribui\u00e7\u00e3o ARC","robots":{"index":"index","follow":"follow","max-snippet":"max-snippet:-1","max-image-preview":"max-image-preview:large","max-video-preview":"max-video-preview:-1"},"canonical":"https:\/\/distribucionarc.com\/pt\/produto\/triturador-de-toras-eletrico\/","og_locale":"pt_PT","og_type":"article","og_title":"Astilladora de troncos el\u00e9ctrica","og_description":"Astilladora de troncos el\u00e9ctrica El cortador de troncos ARC es la m\u00e1quina perfecta para partir su madera verde o seca, en troncos de cortos trozos. Equipada con un motor de 2000 vatios, la m\u00e1quina ejerce 7 toneladas de fuerza con eficacia y facilidad. Este partidor de troncos es capaz de cortar un trozo en menos de 9 segundos gracias al motor eficiente y el sistema hidr\u00e1ulico. Divida troncos de la formas m\u00e1s sencilla y r\u00e1pida. Garant\u00eda\u00a0ARC 2 A\u00d1OS Partidora de troncos eficiente, bajo consumo 2000W soporte t\u00e9cnico incluido &nbsp;","og_url":"https:\/\/distribucionarc.com\/pt\/produto\/triturador-de-toras-eletrico\/","og_site_name":"distribuci\u00f3n ARC","article_modified_time":"2020-10-15T15:02:45+00:00","og_image":[{"width":1001,"height":1001,"url":"https:\/\/distribucionarc.com\/wp-content\/uploads\/2020\/10\/Astilladora-de-troncos-el\u00e9ctrica-0.jpg","type":"image\/jpeg"}],"twitter_card":"summary_large_image","twitter_misc":{"Tempo estimado de leitura":"1 minuto"},"schema":{"@context":"https:\/\/schema.org","@graph":[{"@type":"WebPage","@id":"https:\/\/distribucionarc.com\/nb\/producto\/astilladora-de-troncos-electrica\/","url":"https:\/\/distribucionarc.com\/nb\/producto\/astilladora-de-troncos-electrica\/","name":"Divisor de toras el\u00e9trico - distribui\u00e7\u00e3o ARC","isPartOf":{"@id":"https:\/\/www.distribucionarc.com\/sl\/#website"},"primaryImageOfPage":{"@id":"https:\/\/distribucionarc.com\/nb\/producto\/astilladora-de-troncos-electrica\/#primaryimage"},"image":{"@id":"https:\/\/distribucionarc.com\/nb\/producto\/astilladora-de-troncos-electrica\/#primaryimage"},"thumbnailUrl":"https:\/\/distribucionarc.com\/wp-content\/uploads\/2020\/10\/Astilladora-de-troncos-el\u00e9ctrica-0.jpg","datePublished":"2020-10-03T12:57:43+00:00","dateModified":"2020-10-15T15:02:45+00:00","breadcrumb":{"@id":"https:\/\/distribucionarc.com\/nb\/producto\/astilladora-de-troncos-electrica\/#breadcrumb"},"inLanguage":"pt-PT","potentialAction":[{"@type":"ReadAction","target":["https:\/\/distribucionarc.com\/nb\/producto\/astilladora-de-troncos-electrica\/"]}]},{"@type":"ImageObject","inLanguage":"pt-PT","@id":"https:\/\/distribucionarc.com\/nb\/producto\/astilladora-de-troncos-electrica\/#primaryimage","url":"https:\/\/distribucionarc.com\/wp-content\/uploads\/2020\/10\/Astilladora-de-troncos-el\u00e9ctrica-0.jpg","contentUrl":"https:\/\/distribucionarc.com\/wp-content\/uploads\/2020\/10\/Astilladora-de-troncos-el\u00e9ctrica-0.jpg","width":1001,"height":1001,"caption":"Astilladora de troncos el\u00e9ctrica"},{"@type":"BreadcrumbList","@id":"https:\/\/distribucionarc.com\/nb\/producto\/astilladora-de-troncos-electrica\/#breadcrumb","itemListElement":[{"@type":"ListItem","position":1,"name":"Portada","item":"https:\/\/www.distribucionarc.com\/"},{"@type":"ListItem","position":2,"name":"\u00dcr\u00fcnler","item":"https:\/\/www.distribucionarc.com\/tr\/magaza\/"},{"@type":"ListItem","position":3,"name":"Astilladora de troncos el\u00e9ctrica"}]},{"@type":"WebSite","@id":"https:\/\/www.distribucionarc.com\/sl\/#website","url":"https:\/\/www.distribucionarc.com\/sl\/","name":"Distribui\u00e7\u00e3o ARC","description":"Empresa especializada no fabrico e distribui\u00e7\u00e3o de m\u00e1quinas industriais, m\u00e1quinas de selar latas, m\u00e1quinas de fazer comprimidos, m\u00e1quinas de cortar carne...","publisher":{"@id":"https:\/\/www.distribucionarc.com\/sl\/#organization"},"potentialAction":[{"@type":"SearchAction","target":{"@type":"EntryPoint","urlTemplate":"https:\/\/www.distribucionarc.com\/sl\/?s={search_term_string}"},"query-input":{"@type":"PropertyValueSpecification","valueRequired":true,"valueName":"search_term_string"}}],"inLanguage":"pt-PT"},{"@type":"Organization","@id":"https:\/\/www.distribucionarc.com\/sl\/#organization","name":"Distribui\u00e7\u00e3o ARC","url":"https:\/\/www.distribucionarc.com\/sl\/","logo":{"@type":"ImageObject","inLanguage":"pt-PT","@id":"https:\/\/www.distribucionarc.com\/sl\/#\/schema\/logo\/image\/","url":"https:\/\/distribucionarc.com\/wp-content\/uploads\/2024\/10\/distribucion-ARC-COLOR-SIN-FONDO-e1732295305345.png","contentUrl":"https:\/\/distribucionarc.com\/wp-content\/uploads\/2024\/10\/distribucion-ARC-COLOR-SIN-FONDO-e1732295305345.png","width":1164,"height":558,"caption":"Distribuci\u00f3n ARC"},"image":{"@id":"https:\/\/www.distribucionarc.com\/sl\/#\/schema\/logo\/image\/"},"description":"Empresa especializada no fabrico e distribui\u00e7\u00e3o de m\u00e1quinas industriais para os sectores alimentar e farmac\u00eautico. Somos especializados em: M\u00e1quinas de cortar carne Fabrico de comprimidos Sistemas de transporte industrial Linhas de engarrafamento Dispensadores E muito mais... Oferecemos solu\u00e7\u00f5es inovadoras e personalizadas para otimizar os processos de produ\u00e7\u00e3o da sua empresa.","email":"Admistracion@distribucionarc.com","telephone":"+34 643496664","legalName":"ARC TECH SOLUTIONS","foundingDate":"2024-04-09","vatID":"B55480172","numberOfEmployees":{"@type":"QuantitativeValue","minValue":"1","maxValue":"10"}}]}},"_links":{"self":[{"href":"https:\/\/distribucionarc.com\/pt\/wp-json\/wp\/v2\/product\/3499","targetHints":{"allow":["GET"]}}],"collection":[{"href":"https:\/\/distribucionarc.com\/pt\/wp-json\/wp\/v2\/product"}],"about":[{"href":"https:\/\/distribucionarc.com\/pt\/wp-json\/wp\/v2\/types\/product"}],"replies":[{"embeddable":true,"href":"https:\/\/distribucionarc.com\/pt\/wp-json\/wp\/v2\/comments?post=3499"}],"version-history":[{"count":0,"href":"https:\/\/distribucionarc.com\/pt\/wp-json\/wp\/v2\/product\/3499\/revisions"}],"wp:featuredmedia":[{"embeddable":true,"href":"https:\/\/distribucionarc.com\/pt\/wp-json\/wp\/v2\/media\/3508"}],"wp:attachment":[{"href":"https:\/\/distribucionarc.com\/pt\/wp-json\/wp\/v2\/media?parent=3499"}],"wp:term":[{"taxonomy":"product_brand","embeddable":true,"href":"https:\/\/distribucionarc.com\/pt\/wp-json\/wp\/v2\/product_brand?post=3499"},{"taxonomy":"product_cat","embeddable":true,"href":"https:\/\/distribucionarc.com\/pt\/wp-json\/wp\/v2\/product_cat?post=3499"},{"taxonomy":"product_tag","embeddable":true,"href":"https:\/\/distribucionarc.com\/pt\/wp-json\/wp\/v2\/product_tag?post=3499"}],"curies":[{"name":"wp","href":"https:\/\/api.w.org\/{rel}","templated":true}]}}