{"id":3541,"date":"2020-10-05T09:06:24","date_gmt":"2020-10-05T09:06:24","guid":{"rendered":"https:\/\/distribucionarc.com\/?post_type=product&#038;p=3541"},"modified":"2020-10-05T09:20:34","modified_gmt":"2020-10-05T09:20:34","slug":"textil-prensa-termica-5","status":"publish","type":"product","link":"https:\/\/distribucionarc.com\/pt\/producto\/prensa-termica-textil-5\/","title":{"rendered":"Prensa t\u00e9rmica t\u00eaxtil 5"},"content":{"rendered":"<h3>Placa de sublima\u00e7\u00e3o de prensa t\u00e9rmica 38 x 38 cm<\/h3>\n<p>Esse <strong>m\u00e1quina de impress\u00e3o t\u00eaxtil<\/strong> Possui placa de aquecimento de 38 x 38 cm que proporciona uma grande superf\u00edcie de estampagem. A placa revestida de Teflon n\u00e3o \u00e9 adesiva, evita a queima dos vinis e n\u00e3o necessita de filme de silicone separado para evitar que grudem na m\u00e1quina. O <strong>m\u00e1quina de sublima\u00e7\u00e3o <span style=\"color: #ff0000;\">PARA<\/span><span style=\"color: #0000ff;\">R<\/span>c<\/strong> \u00e9 <strong>5 em 1<\/strong> Com diversos acess\u00f3rios, entre eles: prensa de rolos, prensa de tampas, prensa de canecas e duas prensas de pratos, permite transferir padr\u00f5es para camisetas, bon\u00e9s, canecas, pratos e outros itens de superf\u00edcie lisa.<\/p>\n<p>Equipado com um temporizador LCD digital preciso e controlador de temperatura, configure e ajuste o ferro de prensar de acordo com suas necessidades. Possui um alarme ac\u00fastico inteligente que soa bem a tempo de avisar quando a impress\u00e3o estiver conclu\u00edda. A rota\u00e7\u00e3o completa de 360 \u200b\u200bgraus do bra\u00e7o girat\u00f3rio permite que o elemento de aquecimento se mova com seguran\u00e7a para onde voc\u00ea quiser, para garantir a seguran\u00e7a do usu\u00e1rio do<strong> prensa t\u00e9rmica <span style=\"color: #ff0000;\">PARA<\/span><span style=\"color: #0000ff;\">R<\/span>CPTT5<\/strong> e evite contato acidental. A al\u00e7a exerce press\u00e3o de fechamento atrav\u00e9s de um sistema de mola e placa de press\u00e3o, para que o peso possa ser distribu\u00eddo de maneira mais uniforme por toda a placa t\u00e9rmica durante o fechamento.<\/p>\n<h6><strong>Garantia\u00a0<span style=\"color: #ff0000;\">PARA<\/span><span style=\"color: #0000ff;\">R<\/span>C 2 ANOS<\/strong><\/h6>\n<h6><span style=\"color: #008000;\">Prensa t\u00e9rmica eficiente, baixo consumo 1000w<\/span><\/h6>\n<h6><strong>suporte t\u00e9cnico inclu\u00eddo<\/strong><\/h6>\n<p>&nbsp;<\/p>\n<table role=\"presentation\" width=\"100%\" cellspacing=\"0\" cellpadding=\"0\">\n<tbody>\n<tr>\n<td class=\"attrLabels\">Marca:<\/td>\n<td width=\"50.0%\">ARCO<\/td>\n<\/tr>\n<tr>\n<td class=\"attrLabels\">Pa\u00eds de distribui\u00e7\u00e3o:<\/td>\n<td width=\"50.0%\">Espanha, Alemanha, EUA<\/td>\n<td class=\"attrLabels\">Peso:<\/td>\n<td width=\"50.0%\">27,2kg<\/td>\n<\/tr>\n<tr>\n<td class=\"attrLabels\">Cor:<\/td>\n<td width=\"50.0%\">Preto<\/td>\n<td class=\"attrLabels\">Altura:<\/td>\n<td width=\"50.0%\">38cm<\/td>\n<\/tr>\n<tr>\n<td class=\"attrLabels\">Tipo de produto:<\/td>\n<td width=\"50.0%\">Prensa adesiva t\u00e9rmica<\/td>\n<td class=\"attrLabels\">Longo:<\/td>\n<td width=\"50.0%\">38,5 cm<\/td>\n<\/tr>\n<tr>\n<td class=\"attrLabels\">N\u00famero do fabricante:<\/td>\n<td width=\"50.0%\">ARCPTT5<\/td>\n<td class=\"attrLabels\">Largo:<\/td>\n<td width=\"50.0%\">\u00a038,5 cm<\/td>\n<\/tr>\n<tr>\n<td class=\"attrLabels\">Material:<\/td>\n<td width=\"50.0%\">Prensa de cilindro revestida de teflon, display digital, controlador de tempo e temperatura, LED<\/td>\n<td class=\"attrLabels\">Faixa de temperatura:<\/td>\n<td width=\"50.0%\">0 \u2013 250\u00baC<\/td>\n<\/tr>\n<tr>\n<td class=\"attrLabels\">Ferramentas de instala\u00e7\u00e3o:<\/td>\n<td width=\"50.0%\">Sim<\/td>\n<td class=\"attrLabels\">Tamanho do ferro t\u00e9rmico:<\/td>\n<td width=\"50.0%\">38x38cm<\/td>\n<\/tr>\n<tr>\n<td class=\"attrLabels\">Tens\u00e3o de entrada:<\/td>\n<td width=\"50.0%\">220 V \u2013 60\/50 Hz<\/td>\n<td class=\"attrLabels\">Prensas:<\/td>\n<td width=\"50.0%\">Tampas 15 x 8 cm Placa-1 12,7 cm de di\u00e2metro<\/p>\n<p>Copos 7,6 x 8,9 cm Prato-2 15 cm de di\u00e2metro<\/td>\n<\/tr>\n<tr>\n<td class=\"attrLabels\">Poder:<\/td>\n<td width=\"50.0%\">1000W<\/td>\n<td class=\"attrLabels\">Altura ajust\u00e1vel:<\/td>\n<td width=\"50.0%\">35 \u2013 43cm<\/td>\n<\/tr>\n<\/tbody>\n<\/table>","protected":false},"excerpt":{"rendered":"<h2>Placa de sublima\u00e7\u00e3o de prensa t\u00e9rmica 38 x 38 cm<\/h2>\n<p>Esse <strong>Prensa t\u00eaxtil 5 em 1 <span style=\"color: #ff0000;\">PARA<\/span><span style=\"color: #0000ff;\">R<\/span>c<\/strong> tem um <strong>Placa de aquecimento 38 x 38 cm<\/strong> Revestido com Teflon. Possui uma sele\u00e7\u00e3o completa de serpentinas de aquecimento para garantir uma superf\u00edcie uniforme. O design girat\u00f3rio girat\u00f3rio da prensa t\u00e9rmica oferece todos os acess\u00f3rios indispens\u00e1veis. Pode ser usado em camisetas, bon\u00e9s, pratos cer\u00e2micos, azulejos, canecas, porta-copos, mouse pads, quebra-cabe\u00e7as e outros tecidos ou materiais diversos.<\/p>\n<h6><strong>Garantia\u00a0<span style=\"color: #ff0000;\">PARA<\/span><span style=\"color: #0000ff;\">R<\/span>C 2 ANOS<\/strong><\/h6>\n<h6><span style=\"color: #008000;\">Prensa t\u00e9rmica eficiente, baixo consumo 1000w<\/span><\/h6>\n<h6><strong>suporte t\u00e9cnico inclu\u00eddo<\/strong><\/h6>","protected":false},"featured_media":3548,"comment_status":"open","ping_status":"closed","template":"","meta":{"wds_primary_product_brand":0,"wds_primary_product_cat":0},"product_brand":[],"product_cat":[69],"product_tag":[],"class_list":{"0":"post-3541","1":"product","2":"type-product","3":"status-publish","4":"has-post-thumbnail","6":"product_cat-maquinas-variadas","7":"product_shipping_class-hosteleria","9":"first","10":"instock","11":"sale","12":"taxable","13":"shipping-taxable","14":"purchasable","15":"product-type-simple"},"yoast_head":"<!-- This site is optimized with the Yoast SEO Premium plugin v24.9 (Yoast SEO v26.1) - https:\/\/yoast.com\/wordpress\/plugins\/seo\/ -->\n<title>Prensa t\u00e9rmica textil 5 - distribuci\u00f3n ARC<\/title>\n<meta name=\"robots\" content=\"index, follow, max-snippet:-1, max-image-preview:large, max-video-preview:-1\" \/>\n<link rel=\"canonical\" href=\"https:\/\/distribucionarc.com\/pt\/produto\/textil-prensa-termica-5\/\" \/>\n<meta property=\"og:locale\" content=\"pt_PT\" \/>\n<meta property=\"og:type\" content=\"article\" \/>\n<meta property=\"og:title\" content=\"Prensa t\u00e9rmica textil 5\" \/>\n<meta property=\"og:description\" content=\"Prensa termica plancha de sublimaci\u00f3n 38 x 38 cm Esta prensa textil 5 en 1 ARC cuenta con una placa de calentamiento de 38 x 38 cm recubierta de tefl\u00f3n. Cuenta con una selecci\u00f3n completa de bobinas de calentamiento para garantizar una superficie uniforme. El dise\u00f1o giratorio de oscilaci\u00f3n de la m\u00e1quina de prensado en caliente ofrece todos los accesorios indispensables. Se puede utilizar para camisetas, gorras, placas de cer\u00e1mica, azulejos, tazas, posavasos, almohadillas de rat\u00f3n, rompecabezas y otros tejidos o diferentes materiales. Garant\u00eda\u00a0ARC 2 A\u00d1OS Prensa t\u00e9rmica eficiente, bajo consumo 1000w soporte t\u00e9cnico\u00a0incluido\" \/>\n<meta property=\"og:url\" content=\"https:\/\/distribucionarc.com\/pt\/produto\/textil-prensa-termica-5\/\" \/>\n<meta property=\"og:site_name\" content=\"distribuci\u00f3n ARC\" \/>\n<meta property=\"article:modified_time\" content=\"2020-10-05T09:20:34+00:00\" \/>\n<meta property=\"og:image\" content=\"https:\/\/distribucionarc.com\/wp-content\/uploads\/2020\/10\/Prensa-t\u00e9rmica-textil-5-0.jpg\" \/>\n\t<meta property=\"og:image:width\" content=\"1500\" \/>\n\t<meta property=\"og:image:height\" content=\"1500\" \/>\n\t<meta property=\"og:image:type\" content=\"image\/jpeg\" \/>\n<meta name=\"twitter:card\" content=\"summary_large_image\" \/>\n<meta name=\"twitter:label1\" content=\"Tempo estimado de leitura\" \/>\n\t<meta name=\"twitter:data1\" content=\"2 minutos\" \/>\n<script type=\"application\/ld+json\" class=\"yoast-schema-graph\">{\"@context\":\"https:\/\/schema.org\",\"@graph\":[{\"@type\":\"WebPage\",\"@id\":\"https:\/\/distribucionarc.com\/tr\/producto\/prensa-termica-textil-5\/\",\"url\":\"https:\/\/distribucionarc.com\/tr\/producto\/prensa-termica-textil-5\/\",\"name\":\"Prensa t\u00e9rmica textil 5 - distribuci\u00f3n ARC\",\"isPartOf\":{\"@id\":\"https:\/\/www.distribucionarc.com\/de\/#website\"},\"primaryImageOfPage\":{\"@id\":\"https:\/\/distribucionarc.com\/tr\/producto\/prensa-termica-textil-5\/#primaryimage\"},\"image\":{\"@id\":\"https:\/\/distribucionarc.com\/tr\/producto\/prensa-termica-textil-5\/#primaryimage\"},\"thumbnailUrl\":\"https:\/\/distribucionarc.com\/wp-content\/uploads\/2020\/10\/Prensa-t\u00e9rmica-textil-5-0.jpg\",\"datePublished\":\"2020-10-05T09:06:24+00:00\",\"dateModified\":\"2020-10-05T09:20:34+00:00\",\"breadcrumb\":{\"@id\":\"https:\/\/distribucionarc.com\/tr\/producto\/prensa-termica-textil-5\/#breadcrumb\"},\"inLanguage\":\"pt-PT\",\"potentialAction\":[{\"@type\":\"ReadAction\",\"target\":[\"https:\/\/distribucionarc.com\/tr\/producto\/prensa-termica-textil-5\/\"]}]},{\"@type\":\"ImageObject\",\"inLanguage\":\"pt-PT\",\"@id\":\"https:\/\/distribucionarc.com\/tr\/producto\/prensa-termica-textil-5\/#primaryimage\",\"url\":\"https:\/\/distribucionarc.com\/wp-content\/uploads\/2020\/10\/Prensa-t\u00e9rmica-textil-5-0.jpg\",\"contentUrl\":\"https:\/\/distribucionarc.com\/wp-content\/uploads\/2020\/10\/Prensa-t\u00e9rmica-textil-5-0.jpg\",\"width\":1500,\"height\":1500,\"caption\":\"Prensa t\u00e9rmica textil 5\"},{\"@type\":\"BreadcrumbList\",\"@id\":\"https:\/\/distribucionarc.com\/tr\/producto\/prensa-termica-textil-5\/#breadcrumb\",\"itemListElement\":[{\"@type\":\"ListItem\",\"position\":1,\"name\":\"Portada\",\"item\":\"https:\/\/www.distribucionarc.com\/en\/\"},{\"@type\":\"ListItem\",\"position\":2,\"name\":\"Products\",\"item\":\"https:\/\/www.distribucionarc.com\/en\/shop\/\"},{\"@type\":\"ListItem\",\"position\":3,\"name\":\"Prensa t\u00e9rmica textil 5\"}]},{\"@type\":\"WebSite\",\"@id\":\"https:\/\/www.distribucionarc.com\/de\/#website\",\"url\":\"https:\/\/www.distribucionarc.com\/de\/\",\"name\":\"distribuci\u00f3n ARC\",\"description\":\"Empresa especializada en la fabricaci\u00f3n y distribuci\u00f3n de maquinaria industrial, selladoras de latas, Maquinas de hacer pastillas, Maquinas de cortar carne...\",\"publisher\":{\"@id\":\"https:\/\/www.distribucionarc.com\/de\/#organization\"},\"potentialAction\":[{\"@type\":\"SearchAction\",\"target\":{\"@type\":\"EntryPoint\",\"urlTemplate\":\"https:\/\/www.distribucionarc.com\/de\/?s={search_term_string}\"},\"query-input\":{\"@type\":\"PropertyValueSpecification\",\"valueRequired\":true,\"valueName\":\"search_term_string\"}}],\"inLanguage\":\"pt-PT\"},{\"@type\":\"Organization\",\"@id\":\"https:\/\/www.distribucionarc.com\/de\/#organization\",\"name\":\"Distribuci\u00f3n ARC\",\"url\":\"https:\/\/www.distribucionarc.com\/de\/\",\"logo\":{\"@type\":\"ImageObject\",\"inLanguage\":\"pt-PT\",\"@id\":\"https:\/\/www.distribucionarc.com\/de\/#\/schema\/logo\/image\/\",\"url\":\"https:\/\/distribucionarc.com\/wp-content\/uploads\/2024\/10\/distribucion-ARC-COLOR-SIN-FONDO-e1732295305345.png\",\"contentUrl\":\"https:\/\/distribucionarc.com\/wp-content\/uploads\/2024\/10\/distribucion-ARC-COLOR-SIN-FONDO-e1732295305345.png\",\"width\":1164,\"height\":558,\"caption\":\"Distribuci\u00f3n ARC\"},\"image\":{\"@id\":\"https:\/\/www.distribucionarc.com\/de\/#\/schema\/logo\/image\/\"},\"description\":\"Empresa especializada en la fabricaci\u00f3n y distribuci\u00f3n de maquinaria industrial para los sectores alimentario y farmac\u00e9utico. Nos especializamos en: M\u00e1quinas de cortar carne Fabricaci\u00f3n de comprimidos Sistemas de transporte industrial L\u00edneas de embotellado Dosificadores Y mucho m\u00e1s... Ofrecemos soluciones innovadoras y personalizadas para optimizar los procesos productivos de tu empresa.\",\"email\":\"Admistracion@distribucionarc.com\",\"telephone\":\"+34 643496664\",\"legalName\":\"ARC TECH SOLUTIONS\",\"foundingDate\":\"2024-04-09\",\"vatID\":\"B55480172\",\"numberOfEmployees\":{\"@type\":\"QuantitativeValue\",\"minValue\":\"1\",\"maxValue\":\"10\"}}]}<\/script>\n<!-- \/ Yoast SEO Premium plugin. -->","yoast_head_json":{"title":"Prensa t\u00e9rmica t\u00eaxtil 5 - Distribui\u00e7\u00e3o ARC","robots":{"index":"index","follow":"follow","max-snippet":"max-snippet:-1","max-image-preview":"max-image-preview:large","max-video-preview":"max-video-preview:-1"},"canonical":"https:\/\/distribucionarc.com\/pt\/produto\/textil-prensa-termica-5\/","og_locale":"pt_PT","og_type":"article","og_title":"Prensa t\u00e9rmica textil 5","og_description":"Prensa termica plancha de sublimaci\u00f3n 38 x 38 cm Esta prensa textil 5 en 1 ARC cuenta con una placa de calentamiento de 38 x 38 cm recubierta de tefl\u00f3n. Cuenta con una selecci\u00f3n completa de bobinas de calentamiento para garantizar una superficie uniforme. El dise\u00f1o giratorio de oscilaci\u00f3n de la m\u00e1quina de prensado en caliente ofrece todos los accesorios indispensables. Se puede utilizar para camisetas, gorras, placas de cer\u00e1mica, azulejos, tazas, posavasos, almohadillas de rat\u00f3n, rompecabezas y otros tejidos o diferentes materiales. Garant\u00eda\u00a0ARC 2 A\u00d1OS Prensa t\u00e9rmica eficiente, bajo consumo 1000w soporte t\u00e9cnico\u00a0incluido","og_url":"https:\/\/distribucionarc.com\/pt\/produto\/textil-prensa-termica-5\/","og_site_name":"distribuci\u00f3n ARC","article_modified_time":"2020-10-05T09:20:34+00:00","og_image":[{"width":1500,"height":1500,"url":"https:\/\/distribucionarc.com\/wp-content\/uploads\/2020\/10\/Prensa-t\u00e9rmica-textil-5-0.jpg","type":"image\/jpeg"}],"twitter_card":"summary_large_image","twitter_misc":{"Tempo estimado de leitura":"2 minutos"},"schema":{"@context":"https:\/\/schema.org","@graph":[{"@type":"WebPage","@id":"https:\/\/distribucionarc.com\/tr\/producto\/prensa-termica-textil-5\/","url":"https:\/\/distribucionarc.com\/tr\/producto\/prensa-termica-textil-5\/","name":"Prensa t\u00e9rmica t\u00eaxtil 5 - Distribui\u00e7\u00e3o ARC","isPartOf":{"@id":"https:\/\/www.distribucionarc.com\/de\/#website"},"primaryImageOfPage":{"@id":"https:\/\/distribucionarc.com\/tr\/producto\/prensa-termica-textil-5\/#primaryimage"},"image":{"@id":"https:\/\/distribucionarc.com\/tr\/producto\/prensa-termica-textil-5\/#primaryimage"},"thumbnailUrl":"https:\/\/distribucionarc.com\/wp-content\/uploads\/2020\/10\/Prensa-t\u00e9rmica-textil-5-0.jpg","datePublished":"2020-10-05T09:06:24+00:00","dateModified":"2020-10-05T09:20:34+00:00","breadcrumb":{"@id":"https:\/\/distribucionarc.com\/tr\/producto\/prensa-termica-textil-5\/#breadcrumb"},"inLanguage":"pt-PT","potentialAction":[{"@type":"ReadAction","target":["https:\/\/distribucionarc.com\/tr\/producto\/prensa-termica-textil-5\/"]}]},{"@type":"ImageObject","inLanguage":"pt-PT","@id":"https:\/\/distribucionarc.com\/tr\/producto\/prensa-termica-textil-5\/#primaryimage","url":"https:\/\/distribucionarc.com\/wp-content\/uploads\/2020\/10\/Prensa-t\u00e9rmica-textil-5-0.jpg","contentUrl":"https:\/\/distribucionarc.com\/wp-content\/uploads\/2020\/10\/Prensa-t\u00e9rmica-textil-5-0.jpg","width":1500,"height":1500,"caption":"Prensa t\u00e9rmica textil 5"},{"@type":"BreadcrumbList","@id":"https:\/\/distribucionarc.com\/tr\/producto\/prensa-termica-textil-5\/#breadcrumb","itemListElement":[{"@type":"ListItem","position":1,"name":"Portada","item":"https:\/\/www.distribucionarc.com\/en\/"},{"@type":"ListItem","position":2,"name":"Products","item":"https:\/\/www.distribucionarc.com\/en\/shop\/"},{"@type":"ListItem","position":3,"name":"Prensa t\u00e9rmica textil 5"}]},{"@type":"WebSite","@id":"https:\/\/www.distribucionarc.com\/de\/#website","url":"https:\/\/www.distribucionarc.com\/de\/","name":"Distribui\u00e7\u00e3o ARC","description":"Empresa especializada no fabrico e distribui\u00e7\u00e3o de m\u00e1quinas industriais, m\u00e1quinas de selar latas, m\u00e1quinas de fazer comprimidos, m\u00e1quinas de cortar carne...","publisher":{"@id":"https:\/\/www.distribucionarc.com\/de\/#organization"},"potentialAction":[{"@type":"SearchAction","target":{"@type":"EntryPoint","urlTemplate":"https:\/\/www.distribucionarc.com\/de\/?s={search_term_string}"},"query-input":{"@type":"PropertyValueSpecification","valueRequired":true,"valueName":"search_term_string"}}],"inLanguage":"pt-PT"},{"@type":"Organization","@id":"https:\/\/www.distribucionarc.com\/de\/#organization","name":"Distribui\u00e7\u00e3o ARC","url":"https:\/\/www.distribucionarc.com\/de\/","logo":{"@type":"ImageObject","inLanguage":"pt-PT","@id":"https:\/\/www.distribucionarc.com\/de\/#\/schema\/logo\/image\/","url":"https:\/\/distribucionarc.com\/wp-content\/uploads\/2024\/10\/distribucion-ARC-COLOR-SIN-FONDO-e1732295305345.png","contentUrl":"https:\/\/distribucionarc.com\/wp-content\/uploads\/2024\/10\/distribucion-ARC-COLOR-SIN-FONDO-e1732295305345.png","width":1164,"height":558,"caption":"Distribuci\u00f3n ARC"},"image":{"@id":"https:\/\/www.distribucionarc.com\/de\/#\/schema\/logo\/image\/"},"description":"Empresa especializada no fabrico e distribui\u00e7\u00e3o de m\u00e1quinas industriais para os sectores alimentar e farmac\u00eautico. Somos especializados em: M\u00e1quinas de cortar carne Fabrico de comprimidos Sistemas de transporte industrial Linhas de engarrafamento Dispensadores E muito mais... Oferecemos solu\u00e7\u00f5es inovadoras e personalizadas para otimizar os processos de produ\u00e7\u00e3o da sua empresa.","email":"Admistracion@distribucionarc.com","telephone":"+34 643496664","legalName":"ARC TECH SOLUTIONS","foundingDate":"2024-04-09","vatID":"B55480172","numberOfEmployees":{"@type":"QuantitativeValue","minValue":"1","maxValue":"10"}}]}},"_links":{"self":[{"href":"https:\/\/distribucionarc.com\/pt\/wp-json\/wp\/v2\/product\/3541","targetHints":{"allow":["GET"]}}],"collection":[{"href":"https:\/\/distribucionarc.com\/pt\/wp-json\/wp\/v2\/product"}],"about":[{"href":"https:\/\/distribucionarc.com\/pt\/wp-json\/wp\/v2\/types\/product"}],"replies":[{"embeddable":true,"href":"https:\/\/distribucionarc.com\/pt\/wp-json\/wp\/v2\/comments?post=3541"}],"version-history":[{"count":0,"href":"https:\/\/distribucionarc.com\/pt\/wp-json\/wp\/v2\/product\/3541\/revisions"}],"wp:featuredmedia":[{"embeddable":true,"href":"https:\/\/distribucionarc.com\/pt\/wp-json\/wp\/v2\/media\/3548"}],"wp:attachment":[{"href":"https:\/\/distribucionarc.com\/pt\/wp-json\/wp\/v2\/media?parent=3541"}],"wp:term":[{"taxonomy":"product_brand","embeddable":true,"href":"https:\/\/distribucionarc.com\/pt\/wp-json\/wp\/v2\/product_brand?post=3541"},{"taxonomy":"product_cat","embeddable":true,"href":"https:\/\/distribucionarc.com\/pt\/wp-json\/wp\/v2\/product_cat?post=3541"},{"taxonomy":"product_tag","embeddable":true,"href":"https:\/\/distribucionarc.com\/pt\/wp-json\/wp\/v2\/product_tag?post=3541"}],"curies":[{"name":"wp","href":"https:\/\/api.w.org\/{rel}","templated":true}]}}